{"id":13712,"date":"2020-09-30T17:42:03","date_gmt":"2020-09-30T15:42:03","guid":{"rendered":"https:\/\/nature-et-developpement.com\/bem\/produit\/gaines-blindes-flexaray-st-michelorge\/"},"modified":"2026-02-12T10:48:35","modified_gmt":"2026-02-12T09:48:35","slug":"gaines-blindes-flexaray-st-michelorge","status":"publish","type":"product","link":"https:\/\/nature-et-developpement.com\/bem\/produit\/gaines-blindes-flexaray-st-michelorge\/","title":{"rendered":"Gaines blind\u00e9s FLEXARAY+ (St Michel\/Orge)"},"content":{"rendered":"<p>Nous vivons \u00e9quip\u00e9s d&rsquo;appareils qui nous facilitent la vie mais dont on ignore l&rsquo;impact sur notre organisme et notre sant\u00e9 lorsqu\u2019ils \u00e9mettent des rayonnements basse fr\u00e9quence.<br \/>\nIl convient donc, par pr\u00e9caution, d&rsquo;agir pour pr\u00e9server notre sant\u00e9.<\/p>\n<p>Cette gaine \u00e9lectrique blind\u00e9e prot\u00e8ge les b\u00e2timents des ondes \u00e9lectriques et \u00e9lectromagn\u00e9tiques. Elle se pose en montage apparent ou encastr\u00e9 dans les installations \u00e9lectriques des b\u00e2timents d\u2019habitation. La gaine blind\u00e9e flexaray est \u00e9galement adapt\u00e9e \u00e0 une utilisation pour le b\u00e9ton pr\u00e9fabriqu\u00e9.<br \/>\nCe fourreau \u00e9lectrique de protection contre les ondes \u00e9lectriques et \u00e9lectromagn\u00e9tiques est vendu avec des boites d&rsquo;encastrement faradis\u00e9es. Ainsi, le syst\u00e8me flexaray+ permet de neutraliser 99 % des champs \u00e9lectriques rayonn\u00e9s.<\/p>\n<p>Le syst\u00e8me flexaray se compose d&rsquo;une gaine blind\u00e9e annel\u00e9e abritant un fil neutre et une phase torsad\u00e9s ensemble, ainsi qu&rsquo;un fil de terre et un semi-conducteur. Il en r\u00e9sulte un fourreau \u00e9lectrique de protection des champs \u00e9lectriques et \u00e9lectromagn\u00e9tiques efficace \u00e0 plus de 99 %.<\/p>\n<p>La soci\u00e9t\u00e9 COURANT, entreprise familiale sp\u00e9cialis\u00e9e depuis plus de 50 ans dans la fabrication de gaines \u00e9lectriques, a imagin\u00e9 une solution permettant de rendre l&rsquo;habitation plus saine.<\/p>\n<div class=\"col_box\">\n<p>Mati\u00e8re : Polyol\u00e9fines<\/p>\n<div align=\"left\">\n<p>Couleur : bleu<\/p>\n<p>Plage de temp\u00e9rature d\u2019utilisation : en r\u00e9gime permanent de -5\u00b0C \u00e0 +90\u00b0C<\/p>\n<p>R\u00e9sistance \u00e0 l\u2019\u00e9crasement : 750N \u00e0 +23\u00b0C(\u00b1 2\u00b0C)<\/p>\n<p>R\u00e9sistance aux chocs : 6 joules \u00e0 -5\u00b0C<\/p>\n<p>R\u00e9sistance d\u2019isolement: \u2264100\u03a9 sous une tension de 500V continue<\/p>\n<p>Non propagateur de la flamme : Test br\u00fbleur 1Kw<\/p>\n<p>R\u00e9sistance \u00e0 la chaleur : +90\u00b0C(\u00b1 2\u00b0C) pendant 4 heures puis sous une charge de 2 kg durant 24 heures \u00e0 la m\u00eame temp\u00e9rature.<\/p>\n<p>\u00c9tanch\u00e9it\u00e9: homologu\u00e9 IP 44.<\/p>\n<\/div>\n<\/div>\n","protected":false},"excerpt":{"rendered":"<p>La gaine FLEX A RAY permet de diminuer plus de 99% le champ \u00e9lectrique et \u00e9lectromagn\u00e9tique.<\/p>\n","protected":false},"featured_media":13704,"template":"","meta":[],"product_brand":[10583,8797],"product_cat":[2170,8738],"product_tag":[],"class_list":{"0":"post-13712","1":"product","2":"type-product","3":"status-publish","4":"has-post-thumbnail","6":"product_brand-courant-gaine-electrique","7":"product_brand-produits-bem","8":"product_cat-bio-electricite","9":"product_cat-demande-de-devis-uniquement-sans-prix","11":"first","12":"instock","13":"taxable","14":"shipping-taxable","15":"purchasable","16":"product-type-variable"},"yoast_head":"<!-- This site is optimized with the Yoast SEO plugin v27.5 - https:\/\/yoast.com\/product\/yoast-seo-wordpress\/ -->\n<title>Gaines blind\u00e9s FLEXARAY+ (St Michel\/Orge)<\/title>\n<meta name=\"description\" content=\"La gaine FLEX A RAY permet de diminuer plus de 99% le champ \u00e9lectrique et \u00e9lectromagn\u00e9tique.\" \/>\n<meta name=\"robots\" content=\"noindex, nofollow\" \/>\n<meta property=\"og:locale\" content=\"fr_FR\" \/>\n<meta property=\"og:type\" content=\"article\" \/>\n<meta property=\"og:title\" content=\"Gaines blind\u00e9s FLEXARAY+ (St Michel\/Orge)\" \/>\n<meta property=\"og:description\" content=\"La gaine FLEX A RAY permet de diminuer plus de 99% le champ \u00e9lectrique et \u00e9lectromagn\u00e9tique.\" \/>\n<meta property=\"og:url\" content=\"https:\/\/nature-et-developpement.com\/bem\/produit\/gaines-blindes-flexaray-st-michelorge\/\" \/>\n<meta property=\"og:site_name\" content=\"Bien-\u00catre Mat\u00e9riaux\" \/>\n<meta property=\"article:modified_time\" content=\"2026-02-12T09:48:35+00:00\" \/>\n<meta property=\"og:image\" content=\"https:\/\/nature-et-developpement.com\/bem\/wp-content\/uploads\/sites\/17\/2020\/09\/29260-Gaines-blindes-FLEXARAY-et-PREFILZEN.jpg\" \/>\n\t<meta property=\"og:image:width\" content=\"800\" \/>\n\t<meta property=\"og:image:height\" content=\"800\" \/>\n\t<meta property=\"og:image:type\" content=\"image\/jpeg\" \/>\n<meta name=\"twitter:card\" content=\"summary_large_image\" \/>\n<meta name=\"twitter:label1\" content=\"Dur\u00e9e de lecture estim\u00e9e\" \/>\n\t<meta name=\"twitter:data1\" content=\"1 minute\" \/>\n<script type=\"application\/ld+json\" class=\"yoast-schema-graph\">{\"@context\":\"https:\\\/\\\/schema.org\",\"@graph\":[{\"@type\":\"WebPage\",\"@id\":\"https:\\\/\\\/nature-et-developpement.com\\\/bem\\\/produit\\\/gaines-blindes-flexaray-st-michelorge\\\/\",\"url\":\"https:\\\/\\\/nature-et-developpement.com\\\/bem\\\/produit\\\/gaines-blindes-flexaray-st-michelorge\\\/\",\"name\":\"Gaines blind\u00e9s FLEXARAY+ (St Michel\\\/Orge)\",\"isPartOf\":{\"@id\":\"https:\\\/\\\/nature-et-developpement.com\\\/bem\\\/#website\"},\"primaryImageOfPage\":{\"@id\":\"https:\\\/\\\/nature-et-developpement.com\\\/bem\\\/produit\\\/gaines-blindes-flexaray-st-michelorge\\\/#primaryimage\"},\"image\":{\"@id\":\"https:\\\/\\\/nature-et-developpement.com\\\/bem\\\/produit\\\/gaines-blindes-flexaray-st-michelorge\\\/#primaryimage\"},\"thumbnailUrl\":\"https:\\\/\\\/nature-et-developpement.com\\\/bem\\\/wp-content\\\/uploads\\\/sites\\\/17\\\/2020\\\/09\\\/29260-Gaines-blindes-FLEXARAY-et-PREFILZEN.jpg\",\"datePublished\":\"2020-09-30T15:42:03+00:00\",\"dateModified\":\"2026-02-12T09:48:35+00:00\",\"description\":\"La gaine FLEX A RAY permet de diminuer plus de 99% le champ \u00e9lectrique et \u00e9lectromagn\u00e9tique.\",\"breadcrumb\":{\"@id\":\"https:\\\/\\\/nature-et-developpement.com\\\/bem\\\/produit\\\/gaines-blindes-flexaray-st-michelorge\\\/#breadcrumb\"},\"inLanguage\":\"fr-FR\",\"potentialAction\":[{\"@type\":\"ReadAction\",\"target\":[\"https:\\\/\\\/nature-et-developpement.com\\\/bem\\\/produit\\\/gaines-blindes-flexaray-st-michelorge\\\/\"]}]},{\"@type\":\"ImageObject\",\"inLanguage\":\"fr-FR\",\"@id\":\"https:\\\/\\\/nature-et-developpement.com\\\/bem\\\/produit\\\/gaines-blindes-flexaray-st-michelorge\\\/#primaryimage\",\"url\":\"https:\\\/\\\/nature-et-developpement.com\\\/bem\\\/wp-content\\\/uploads\\\/sites\\\/17\\\/2020\\\/09\\\/29260-Gaines-blindes-FLEXARAY-et-PREFILZEN.jpg\",\"contentUrl\":\"https:\\\/\\\/nature-et-developpement.com\\\/bem\\\/wp-content\\\/uploads\\\/sites\\\/17\\\/2020\\\/09\\\/29260-Gaines-blindes-FLEXARAY-et-PREFILZEN.jpg\",\"width\":800,\"height\":800,\"caption\":\"Gaines blind\u00e9s FLEXARAY+ et PR\u00c9FILZEN+\"},{\"@type\":\"BreadcrumbList\",\"@id\":\"https:\\\/\\\/nature-et-developpement.com\\\/bem\\\/produit\\\/gaines-blindes-flexaray-st-michelorge\\\/#breadcrumb\",\"itemListElement\":[{\"@type\":\"ListItem\",\"position\":1,\"name\":\"Accueil\",\"item\":\"https:\\\/\\\/nature-et-developpement.com\\\/bem\\\/\"},{\"@type\":\"ListItem\",\"position\":2,\"name\":\"Produits\",\"item\":\"https:\\\/\\\/nature-et-developpement.com\\\/bem\\\/shop\\\/\"},{\"@type\":\"ListItem\",\"position\":3,\"name\":\"Chauffage, eau et \u00e9nergie\",\"item\":\"https:\\\/\\\/nature-et-developpement.com\\\/bem\\\/produits\\\/energie-et-ventilation\\\/\"},{\"@type\":\"ListItem\",\"position\":4,\"name\":\"Bio \u00e9lectricit\u00e9\",\"item\":\"https:\\\/\\\/nature-et-developpement.com\\\/bem\\\/produits\\\/energie-et-ventilation\\\/bio-electricite\\\/\"},{\"@type\":\"ListItem\",\"position\":5,\"name\":\"Gaines blind\u00e9s FLEXARAY+ (St Michel\\\/Orge)\"}]},{\"@type\":\"WebSite\",\"@id\":\"https:\\\/\\\/nature-et-developpement.com\\\/bem\\\/#website\",\"url\":\"https:\\\/\\\/nature-et-developpement.com\\\/bem\\\/\",\"name\":\"Bien-\u00catre Mat\u00e9riaux\",\"description\":\"Bien-Etre Mat\u00e9riaux est membre du groupement Nature &amp; D\u00e9veloppement\",\"potentialAction\":[{\"@type\":\"SearchAction\",\"target\":{\"@type\":\"EntryPoint\",\"urlTemplate\":\"https:\\\/\\\/nature-et-developpement.com\\\/bem\\\/?s={search_term_string}\"},\"query-input\":{\"@type\":\"PropertyValueSpecification\",\"valueRequired\":true,\"valueName\":\"search_term_string\"}}],\"inLanguage\":\"fr-FR\"}]}<\/script>\n<!-- \/ Yoast SEO plugin. -->","yoast_head_json":{"title":"Gaines blind\u00e9s FLEXARAY+ (St Michel\/Orge)","description":"La gaine FLEX A RAY permet de diminuer plus de 99% le champ \u00e9lectrique et \u00e9lectromagn\u00e9tique.","robots":{"index":"noindex","follow":"nofollow"},"og_locale":"fr_FR","og_type":"article","og_title":"Gaines blind\u00e9s FLEXARAY+ (St Michel\/Orge)","og_description":"La gaine FLEX A RAY permet de diminuer plus de 99% le champ \u00e9lectrique et \u00e9lectromagn\u00e9tique.","og_url":"https:\/\/nature-et-developpement.com\/bem\/produit\/gaines-blindes-flexaray-st-michelorge\/","og_site_name":"Bien-\u00catre Mat\u00e9riaux","article_modified_time":"2026-02-12T09:48:35+00:00","og_image":[{"width":800,"height":800,"url":"https:\/\/nature-et-developpement.com\/bem\/wp-content\/uploads\/sites\/17\/2020\/09\/29260-Gaines-blindes-FLEXARAY-et-PREFILZEN.jpg","type":"image\/jpeg"}],"twitter_card":"summary_large_image","twitter_misc":{"Dur\u00e9e de lecture estim\u00e9e":"1 minute"},"schema":{"@context":"https:\/\/schema.org","@graph":[{"@type":"WebPage","@id":"https:\/\/nature-et-developpement.com\/bem\/produit\/gaines-blindes-flexaray-st-michelorge\/","url":"https:\/\/nature-et-developpement.com\/bem\/produit\/gaines-blindes-flexaray-st-michelorge\/","name":"Gaines blind\u00e9s FLEXARAY+ (St Michel\/Orge)","isPartOf":{"@id":"https:\/\/nature-et-developpement.com\/bem\/#website"},"primaryImageOfPage":{"@id":"https:\/\/nature-et-developpement.com\/bem\/produit\/gaines-blindes-flexaray-st-michelorge\/#primaryimage"},"image":{"@id":"https:\/\/nature-et-developpement.com\/bem\/produit\/gaines-blindes-flexaray-st-michelorge\/#primaryimage"},"thumbnailUrl":"https:\/\/nature-et-developpement.com\/bem\/wp-content\/uploads\/sites\/17\/2020\/09\/29260-Gaines-blindes-FLEXARAY-et-PREFILZEN.jpg","datePublished":"2020-09-30T15:42:03+00:00","dateModified":"2026-02-12T09:48:35+00:00","description":"La gaine FLEX A RAY permet de diminuer plus de 99% le champ \u00e9lectrique et \u00e9lectromagn\u00e9tique.","breadcrumb":{"@id":"https:\/\/nature-et-developpement.com\/bem\/produit\/gaines-blindes-flexaray-st-michelorge\/#breadcrumb"},"inLanguage":"fr-FR","potentialAction":[{"@type":"ReadAction","target":["https:\/\/nature-et-developpement.com\/bem\/produit\/gaines-blindes-flexaray-st-michelorge\/"]}]},{"@type":"ImageObject","inLanguage":"fr-FR","@id":"https:\/\/nature-et-developpement.com\/bem\/produit\/gaines-blindes-flexaray-st-michelorge\/#primaryimage","url":"https:\/\/nature-et-developpement.com\/bem\/wp-content\/uploads\/sites\/17\/2020\/09\/29260-Gaines-blindes-FLEXARAY-et-PREFILZEN.jpg","contentUrl":"https:\/\/nature-et-developpement.com\/bem\/wp-content\/uploads\/sites\/17\/2020\/09\/29260-Gaines-blindes-FLEXARAY-et-PREFILZEN.jpg","width":800,"height":800,"caption":"Gaines blind\u00e9s FLEXARAY+ et PR\u00c9FILZEN+"},{"@type":"BreadcrumbList","@id":"https:\/\/nature-et-developpement.com\/bem\/produit\/gaines-blindes-flexaray-st-michelorge\/#breadcrumb","itemListElement":[{"@type":"ListItem","position":1,"name":"Accueil","item":"https:\/\/nature-et-developpement.com\/bem\/"},{"@type":"ListItem","position":2,"name":"Produits","item":"https:\/\/nature-et-developpement.com\/bem\/shop\/"},{"@type":"ListItem","position":3,"name":"Chauffage, eau et \u00e9nergie","item":"https:\/\/nature-et-developpement.com\/bem\/produits\/energie-et-ventilation\/"},{"@type":"ListItem","position":4,"name":"Bio \u00e9lectricit\u00e9","item":"https:\/\/nature-et-developpement.com\/bem\/produits\/energie-et-ventilation\/bio-electricite\/"},{"@type":"ListItem","position":5,"name":"Gaines blind\u00e9s FLEXARAY+ (St Michel\/Orge)"}]},{"@type":"WebSite","@id":"https:\/\/nature-et-developpement.com\/bem\/#website","url":"https:\/\/nature-et-developpement.com\/bem\/","name":"Bien-\u00catre Mat\u00e9riaux","description":"Bien-Etre Mat\u00e9riaux est membre du groupement Nature &amp; D\u00e9veloppement","potentialAction":[{"@type":"SearchAction","target":{"@type":"EntryPoint","urlTemplate":"https:\/\/nature-et-developpement.com\/bem\/?s={search_term_string}"},"query-input":{"@type":"PropertyValueSpecification","valueRequired":true,"valueName":"search_term_string"}}],"inLanguage":"fr-FR"}]}},"distributor_meta":false,"distributor_terms":false,"distributor_media":false,"distributor_original_site_name":"Bien-\u00catre Mat\u00e9riaux","distributor_original_site_url":"https:\/\/nature-et-developpement.com\/bem","push-errors":false,"_links":{"self":[{"href":"https:\/\/nature-et-developpement.com\/bem\/wp-json\/wp\/v2\/product\/13712","targetHints":{"allow":["GET"]}}],"collection":[{"href":"https:\/\/nature-et-developpement.com\/bem\/wp-json\/wp\/v2\/product"}],"about":[{"href":"https:\/\/nature-et-developpement.com\/bem\/wp-json\/wp\/v2\/types\/product"}],"wp:featuredmedia":[{"embeddable":true,"href":"https:\/\/nature-et-developpement.com\/bem\/wp-json\/wp\/v2\/media\/13704"}],"wp:attachment":[{"href":"https:\/\/nature-et-developpement.com\/bem\/wp-json\/wp\/v2\/media?parent=13712"}],"wp:term":[{"taxonomy":"product_brand","embeddable":true,"href":"https:\/\/nature-et-developpement.com\/bem\/wp-json\/wp\/v2\/product_brand?post=13712"},{"taxonomy":"product_cat","embeddable":true,"href":"https:\/\/nature-et-developpement.com\/bem\/wp-json\/wp\/v2\/product_cat?post=13712"},{"taxonomy":"product_tag","embeddable":true,"href":"https:\/\/nature-et-developpement.com\/bem\/wp-json\/wp\/v2\/product_tag?post=13712"}],"curies":[{"name":"wp","href":"https:\/\/api.w.org\/{rel}","templated":true}]}}