{"id":24293,"date":"2022-01-19T18:24:56","date_gmt":"2022-01-19T17:24:56","guid":{"rendered":"https:\/\/nature-et-developpement.com\/bem\/?post_type=product&#038;p=24293"},"modified":"2026-02-12T10:48:34","modified_gmt":"2026-02-12T09:48:34","slug":"granules-degalisation-a-base-de-chanvre-biofibchape-st-michel-orge","status":"publish","type":"product","link":"https:\/\/nature-et-developpement.com\/bem\/produit\/granules-degalisation-a-base-de-chanvre-biofibchape-st-michel-orge\/","title":{"rendered":"Granul\u00e9s d&rsquo;\u00e9galisation \u00e0 base de chanvre Biofib&rsquo;CHAPE (St Michel\/Orge)"},"content":{"rendered":"<p>Les granul\u00e9s isolants Biofib\u2019chape ne portent aucun pr\u00e9judice \u00e0 l\u2019environnement et sont parfaitement recyclables (en compost par exemple).<\/p>\n<p>Ils sont compos\u00e9s exclusivement de mati\u00e8re v\u00e9g\u00e9tale\u00a0(fines de chanvre et lin), agglom\u00e9r\u00e9e par compression, sans aucun liant ni substance chimique de conservation.<\/p>\n<p>Les granul\u00e9s isolants Biofib\u2019chape sont 100 % biosourc\u00e9s.<\/p>\n<p>Ils sont fabriqu\u00e9s \u00e0 partir de fines particules issues du d\u00e9fibrage du chanvre et du lin, agglom\u00e9r\u00e9es par compression sans aucun liant.<\/p>\n<p>Biofib\u2019 chape est tout sp\u00e9cialement recommand\u00e9 pour la r\u00e9alisation de chapes s\u00e8ches, et la r\u00e9novation de sols en mauvais \u00e9tat ou irr\u00e9guliers.<\/p>\n<p>Sa mise en oeuvre simple, rapide et sans eau se fait sans aucun d\u00e9gagement de poussi\u00e8re.<\/p>\n<div>\n<h4>Biofib&rsquo;Chape : R\u00e8gles essentielles de mise en \u0153uvre<\/h4>\n<\/div>\n<div class=\"row top20\">\n<div class=\"col-sm-12\">\n<div class=\"row\">\n<div class=\"col-sm-3\">\n<h4 class=\"bulleadmin\">1. Pr\u00e9paration des supports<\/h4>\n<\/div>\n<div class=\"col-sm-9\">\n<p id=\"ID12\">Pour \u00e9viter tout risque de remont\u00e9e d\u2019humidit\u00e9, d\u00e9roulez un film poly\u00e9thyl\u00e8ne (\u00e9paisseur 200 \u03bcm minimum) sur toute la surface du plancher, en assurant un recouvrement entre l\u00e9s d\u2019au moins 20 cm. Les trous et fissures \u00e9ventuels du support doivent \u00eatre rebouch\u00e9s pour \u00e9viter les fuites de granul\u00e9s. La mise en place du film plastique apporte \u00e9galement la garantie d\u2019une bonne \u00e9tanch\u00e9it\u00e9. Ne convient pas pour les pi\u00e8ces humides (salle d\u2019eau).<\/p>\n<\/div>\n<\/div>\n<\/div>\n<\/div>\n<div class=\"row top20\">\n<div class=\"col-sm-12\">\n<div class=\"row\">\n<div class=\"col-sm-3\">\n<h4 class=\"bulleadmin\">2. Pose<\/h4>\n<\/div>\n<div class=\"col-sm-9\">\n<p id=\"ID13\">Apr\u00e8s d\u00e9montage des portes, la r\u00e9alisation de la chape s\u00e8che commence toujours du c\u00f4t\u00e9 oppos\u00e9 \u00e0 l\u2019entr\u00e9e du local.\u00a01 &#8211;\u00a0D\u00e9versez les sacs manuellement puis r\u00e9partir grossi\u00e8rement au r\u00e2teau. La pose de Biofib\u2019 chape s\u2019effectue \u00e0 l\u2019aide de 3 r\u00e8gles : 2 r\u00e8gles de guidage et 1 r\u00e8gle de tirage.\u00a02 &#8211;\u00a0Les r\u00e8gles de guidage sont dispos\u00e9es parall\u00e8lement sur deux lits de granul\u00e9s. Le niveau des semelles de ces r\u00e8gles correspond au niveau fini de la chape s\u00e8che. Leur entraxe est fix\u00e9 par la longueur de la r\u00e8gle de tirage.\u00a03 &#8211;\u00a0Biofib\u2019 chape est \u00e9tal\u00e9 sans \u00eatre dam\u00e9. Apr\u00e8s avoir tir\u00e9 environ 50 cm, les rives sont rectifi\u00e9es au platoir en retirant l\u2019exc\u00e9dent de granul\u00e9s ou en compl\u00e9tant les manques.\u00a04 &#8211;\u00a0L\u2019\u00e9paisseur de la chape doit \u00eatre sup\u00e9rieure \u00e0 2 cm et ne pas d\u00e9passer 15 cm en moyenne (jusqu\u2019\u00e0 20 cm localement). Pour des \u00e9paisseurs sup\u00e9rieures \u00e0 10 cm, il est conseill\u00e9 de proc\u00e9der en 2 couches superpos\u00e9es.<\/p>\n<\/div>\n<\/div>\n<\/div>\n<\/div>\n<div class=\"row top20\">\n<div class=\"col-sm-12\">\n<div class=\"row\">\n<div class=\"col-sm-3\">\n<h4 class=\"bulleadmin\">3. Finition<\/h4>\n<\/div>\n<div class=\"col-sm-9\">\n<p id=\"ID14\">Une fois la dalle s\u00e8che r\u00e9alis\u00e9e, positionnez des panneaux r\u00e9partiteurs de charge (type OSB, CTBH) en respectant un retrait d\u20191cm par rapport aux murs p\u00e9riph\u00e9riques. Vous pouvez enfin poser le rev\u00eatement de sol de votre choix.<\/p>\n<\/div>\n<\/div>\n<\/div>\n<\/div>\n","protected":false},"excerpt":{"rendered":"<p>Les granul\u00e9s Biofib&rsquo;chape sont compos\u00e9s de particules de chanvre et lin.<\/p>\n<p>Ils se destinent \u00e0 l&rsquo;isolation et \u00e0 l&rsquo;\u00e9galisation des sols et planchers en neuf comme en r\u00e9novation.<\/p>\n<p><strong>Remise 10% \u00e0 partir de 1000\u20ac TTC<\/strong><\/p>\n[embed]https:\/\/www.youtube.com\/watch?v=5DfLOD4zY5Q[\/embed]\n","protected":false},"featured_media":13938,"template":"","meta":[],"product_brand":[2747,8797],"product_cat":[8738,83,82],"product_tag":[],"class_list":{"0":"post-24293","1":"product","2":"type-product","3":"status-publish","4":"has-post-thumbnail","6":"product_brand-biofib","7":"product_brand-produits-bem","8":"product_cat-demande-de-devis-uniquement-sans-prix","9":"product_cat-isolants-ecologiques","10":"product_cat-isolation-et-etancheite","11":"product_shipping_class-petit-equipement","13":"first","14":"instock","15":"taxable","16":"shipping-taxable","17":"purchasable","18":"product-type-variable"},"yoast_head":"<!-- This site is optimized with the Yoast SEO plugin v27.5 - https:\/\/yoast.com\/product\/yoast-seo-wordpress\/ -->\n<title>Granul\u00e9s d&#039;\u00e9galisation \u00e0 base de chanvre Biofib&#039;CHAPE (St Michel\/Orge)<\/title>\n<meta name=\"description\" content=\"Les granul\u00e9s Biofib&#039;chape sont compos\u00e9s de particules de chanvre et lin.  Ils se destinent \u00e0 l&#039;isolation et \u00e0 l&#039;\u00e9galisation des sols et planchers en neuf comme en r\u00e9novation.  Remise 10% \u00e0 partir de 1000\u20ac TTC\" \/>\n<meta name=\"robots\" content=\"noindex, follow\" \/>\n<meta property=\"og:locale\" content=\"fr_FR\" \/>\n<meta property=\"og:type\" content=\"article\" \/>\n<meta property=\"og:title\" content=\"Granul\u00e9s d&#039;\u00e9galisation \u00e0 base de chanvre Biofib&#039;CHAPE (St Michel\/Orge)\" \/>\n<meta property=\"og:description\" content=\"Les granul\u00e9s Biofib&#039;chape sont compos\u00e9s de particules de chanvre et lin.  Ils se destinent \u00e0 l&#039;isolation et \u00e0 l&#039;\u00e9galisation des sols et planchers en neuf comme en r\u00e9novation.  Remise 10% \u00e0 partir de 1000\u20ac TTC\" \/>\n<meta property=\"og:url\" content=\"https:\/\/nature-et-developpement.com\/bem\/produit\/granules-degalisation-a-base-de-chanvre-biofibchape-st-michel-orge\/\" \/>\n<meta property=\"og:site_name\" content=\"Bien-\u00catre Mat\u00e9riaux\" \/>\n<meta property=\"article:modified_time\" content=\"2026-02-12T09:48:34+00:00\" \/>\n<meta property=\"og:image\" content=\"https:\/\/nature-et-developpement.com\/bem\/wp-content\/uploads\/sites\/17\/2021\/08\/Biofib-Chape-isolant-sous-chape-en-granule-vegetal.jpg\" \/>\n\t<meta property=\"og:image:width\" content=\"880\" \/>\n\t<meta property=\"og:image:height\" content=\"880\" \/>\n\t<meta property=\"og:image:type\" content=\"image\/jpeg\" \/>\n<meta name=\"twitter:card\" content=\"summary_large_image\" \/>\n<meta name=\"twitter:label1\" content=\"Dur\u00e9e de lecture estim\u00e9e\" \/>\n\t<meta name=\"twitter:data1\" content=\"2 minutes\" \/>\n<script type=\"application\/ld+json\" class=\"yoast-schema-graph\">{\"@context\":\"https:\\\/\\\/schema.org\",\"@graph\":[{\"@type\":\"WebPage\",\"@id\":\"https:\\\/\\\/nature-et-developpement.com\\\/bem\\\/produit\\\/granules-degalisation-a-base-de-chanvre-biofibchape-st-michel-orge\\\/\",\"url\":\"https:\\\/\\\/nature-et-developpement.com\\\/bem\\\/produit\\\/granules-degalisation-a-base-de-chanvre-biofibchape-st-michel-orge\\\/\",\"name\":\"Granul\u00e9s d'\u00e9galisation \u00e0 base de chanvre Biofib'CHAPE (St Michel\\\/Orge)\",\"isPartOf\":{\"@id\":\"https:\\\/\\\/nature-et-developpement.com\\\/bem\\\/#website\"},\"primaryImageOfPage\":{\"@id\":\"https:\\\/\\\/nature-et-developpement.com\\\/bem\\\/produit\\\/granules-degalisation-a-base-de-chanvre-biofibchape-st-michel-orge\\\/#primaryimage\"},\"image\":{\"@id\":\"https:\\\/\\\/nature-et-developpement.com\\\/bem\\\/produit\\\/granules-degalisation-a-base-de-chanvre-biofibchape-st-michel-orge\\\/#primaryimage\"},\"thumbnailUrl\":\"https:\\\/\\\/nature-et-developpement.com\\\/bem\\\/wp-content\\\/uploads\\\/sites\\\/17\\\/2021\\\/08\\\/Biofib-Chape-isolant-sous-chape-en-granule-vegetal.jpg\",\"datePublished\":\"2022-01-19T17:24:56+00:00\",\"dateModified\":\"2026-02-12T09:48:34+00:00\",\"description\":\"Les granul\u00e9s Biofib'chape sont compos\u00e9s de particules de chanvre et lin. Ils se destinent \u00e0 l'isolation et \u00e0 l'\u00e9galisation des sols et planchers en neuf comme en r\u00e9novation. Remise 10% \u00e0 partir de 1000\u20ac TTC\",\"breadcrumb\":{\"@id\":\"https:\\\/\\\/nature-et-developpement.com\\\/bem\\\/produit\\\/granules-degalisation-a-base-de-chanvre-biofibchape-st-michel-orge\\\/#breadcrumb\"},\"inLanguage\":\"fr-FR\",\"potentialAction\":[{\"@type\":\"ReadAction\",\"target\":[\"https:\\\/\\\/nature-et-developpement.com\\\/bem\\\/produit\\\/granules-degalisation-a-base-de-chanvre-biofibchape-st-michel-orge\\\/\"]}]},{\"@type\":\"ImageObject\",\"inLanguage\":\"fr-FR\",\"@id\":\"https:\\\/\\\/nature-et-developpement.com\\\/bem\\\/produit\\\/granules-degalisation-a-base-de-chanvre-biofibchape-st-michel-orge\\\/#primaryimage\",\"url\":\"https:\\\/\\\/nature-et-developpement.com\\\/bem\\\/wp-content\\\/uploads\\\/sites\\\/17\\\/2021\\\/08\\\/Biofib-Chape-isolant-sous-chape-en-granule-vegetal.jpg\",\"contentUrl\":\"https:\\\/\\\/nature-et-developpement.com\\\/bem\\\/wp-content\\\/uploads\\\/sites\\\/17\\\/2021\\\/08\\\/Biofib-Chape-isolant-sous-chape-en-granule-vegetal.jpg\",\"width\":880,\"height\":880},{\"@type\":\"BreadcrumbList\",\"@id\":\"https:\\\/\\\/nature-et-developpement.com\\\/bem\\\/produit\\\/granules-degalisation-a-base-de-chanvre-biofibchape-st-michel-orge\\\/#breadcrumb\",\"itemListElement\":[{\"@type\":\"ListItem\",\"position\":1,\"name\":\"Accueil\",\"item\":\"https:\\\/\\\/nature-et-developpement.com\\\/bem\\\/\"},{\"@type\":\"ListItem\",\"position\":2,\"name\":\"Produits\",\"item\":\"https:\\\/\\\/nature-et-developpement.com\\\/bem\\\/shop\\\/\"},{\"@type\":\"ListItem\",\"position\":3,\"name\":\"Isolation et \u00e9tanch\u00e9it\u00e9\",\"item\":\"https:\\\/\\\/nature-et-developpement.com\\\/bem\\\/produits\\\/isolation-et-etancheite\\\/\"},{\"@type\":\"ListItem\",\"position\":4,\"name\":\"ISOLANTS ECOLOGIQUES\",\"item\":\"https:\\\/\\\/nature-et-developpement.com\\\/bem\\\/produits\\\/isolation-et-etancheite\\\/isolant-naturel\\\/\"},{\"@type\":\"ListItem\",\"position\":5,\"name\":\"Granul\u00e9s d&rsquo;\u00e9galisation \u00e0 base de chanvre Biofib&rsquo;CHAPE (St Michel\\\/Orge)\"}]},{\"@type\":\"WebSite\",\"@id\":\"https:\\\/\\\/nature-et-developpement.com\\\/bem\\\/#website\",\"url\":\"https:\\\/\\\/nature-et-developpement.com\\\/bem\\\/\",\"name\":\"Bien-\u00catre Mat\u00e9riaux\",\"description\":\"Bien-Etre Mat\u00e9riaux est membre du groupement Nature &amp; D\u00e9veloppement\",\"potentialAction\":[{\"@type\":\"SearchAction\",\"target\":{\"@type\":\"EntryPoint\",\"urlTemplate\":\"https:\\\/\\\/nature-et-developpement.com\\\/bem\\\/?s={search_term_string}\"},\"query-input\":{\"@type\":\"PropertyValueSpecification\",\"valueRequired\":true,\"valueName\":\"search_term_string\"}}],\"inLanguage\":\"fr-FR\"}]}<\/script>\n<!-- \/ Yoast SEO plugin. -->","yoast_head_json":{"title":"Granul\u00e9s d'\u00e9galisation \u00e0 base de chanvre Biofib'CHAPE (St Michel\/Orge)","description":"Les granul\u00e9s Biofib'chape sont compos\u00e9s de particules de chanvre et lin.  Ils se destinent \u00e0 l'isolation et \u00e0 l'\u00e9galisation des sols et planchers en neuf comme en r\u00e9novation.  Remise 10% \u00e0 partir de 1000\u20ac TTC","robots":{"index":"noindex","follow":"follow"},"og_locale":"fr_FR","og_type":"article","og_title":"Granul\u00e9s d'\u00e9galisation \u00e0 base de chanvre Biofib'CHAPE (St Michel\/Orge)","og_description":"Les granul\u00e9s Biofib'chape sont compos\u00e9s de particules de chanvre et lin.  Ils se destinent \u00e0 l'isolation et \u00e0 l'\u00e9galisation des sols et planchers en neuf comme en r\u00e9novation.  Remise 10% \u00e0 partir de 1000\u20ac TTC","og_url":"https:\/\/nature-et-developpement.com\/bem\/produit\/granules-degalisation-a-base-de-chanvre-biofibchape-st-michel-orge\/","og_site_name":"Bien-\u00catre Mat\u00e9riaux","article_modified_time":"2026-02-12T09:48:34+00:00","og_image":[{"width":880,"height":880,"url":"https:\/\/nature-et-developpement.com\/bem\/wp-content\/uploads\/sites\/17\/2021\/08\/Biofib-Chape-isolant-sous-chape-en-granule-vegetal.jpg","type":"image\/jpeg"}],"twitter_card":"summary_large_image","twitter_misc":{"Dur\u00e9e de lecture estim\u00e9e":"2 minutes"},"schema":{"@context":"https:\/\/schema.org","@graph":[{"@type":"WebPage","@id":"https:\/\/nature-et-developpement.com\/bem\/produit\/granules-degalisation-a-base-de-chanvre-biofibchape-st-michel-orge\/","url":"https:\/\/nature-et-developpement.com\/bem\/produit\/granules-degalisation-a-base-de-chanvre-biofibchape-st-michel-orge\/","name":"Granul\u00e9s d'\u00e9galisation \u00e0 base de chanvre Biofib'CHAPE (St Michel\/Orge)","isPartOf":{"@id":"https:\/\/nature-et-developpement.com\/bem\/#website"},"primaryImageOfPage":{"@id":"https:\/\/nature-et-developpement.com\/bem\/produit\/granules-degalisation-a-base-de-chanvre-biofibchape-st-michel-orge\/#primaryimage"},"image":{"@id":"https:\/\/nature-et-developpement.com\/bem\/produit\/granules-degalisation-a-base-de-chanvre-biofibchape-st-michel-orge\/#primaryimage"},"thumbnailUrl":"https:\/\/nature-et-developpement.com\/bem\/wp-content\/uploads\/sites\/17\/2021\/08\/Biofib-Chape-isolant-sous-chape-en-granule-vegetal.jpg","datePublished":"2022-01-19T17:24:56+00:00","dateModified":"2026-02-12T09:48:34+00:00","description":"Les granul\u00e9s Biofib'chape sont compos\u00e9s de particules de chanvre et lin. Ils se destinent \u00e0 l'isolation et \u00e0 l'\u00e9galisation des sols et planchers en neuf comme en r\u00e9novation. Remise 10% \u00e0 partir de 1000\u20ac TTC","breadcrumb":{"@id":"https:\/\/nature-et-developpement.com\/bem\/produit\/granules-degalisation-a-base-de-chanvre-biofibchape-st-michel-orge\/#breadcrumb"},"inLanguage":"fr-FR","potentialAction":[{"@type":"ReadAction","target":["https:\/\/nature-et-developpement.com\/bem\/produit\/granules-degalisation-a-base-de-chanvre-biofibchape-st-michel-orge\/"]}]},{"@type":"ImageObject","inLanguage":"fr-FR","@id":"https:\/\/nature-et-developpement.com\/bem\/produit\/granules-degalisation-a-base-de-chanvre-biofibchape-st-michel-orge\/#primaryimage","url":"https:\/\/nature-et-developpement.com\/bem\/wp-content\/uploads\/sites\/17\/2021\/08\/Biofib-Chape-isolant-sous-chape-en-granule-vegetal.jpg","contentUrl":"https:\/\/nature-et-developpement.com\/bem\/wp-content\/uploads\/sites\/17\/2021\/08\/Biofib-Chape-isolant-sous-chape-en-granule-vegetal.jpg","width":880,"height":880},{"@type":"BreadcrumbList","@id":"https:\/\/nature-et-developpement.com\/bem\/produit\/granules-degalisation-a-base-de-chanvre-biofibchape-st-michel-orge\/#breadcrumb","itemListElement":[{"@type":"ListItem","position":1,"name":"Accueil","item":"https:\/\/nature-et-developpement.com\/bem\/"},{"@type":"ListItem","position":2,"name":"Produits","item":"https:\/\/nature-et-developpement.com\/bem\/shop\/"},{"@type":"ListItem","position":3,"name":"Isolation et \u00e9tanch\u00e9it\u00e9","item":"https:\/\/nature-et-developpement.com\/bem\/produits\/isolation-et-etancheite\/"},{"@type":"ListItem","position":4,"name":"ISOLANTS ECOLOGIQUES","item":"https:\/\/nature-et-developpement.com\/bem\/produits\/isolation-et-etancheite\/isolant-naturel\/"},{"@type":"ListItem","position":5,"name":"Granul\u00e9s d&rsquo;\u00e9galisation \u00e0 base de chanvre Biofib&rsquo;CHAPE (St Michel\/Orge)"}]},{"@type":"WebSite","@id":"https:\/\/nature-et-developpement.com\/bem\/#website","url":"https:\/\/nature-et-developpement.com\/bem\/","name":"Bien-\u00catre Mat\u00e9riaux","description":"Bien-Etre Mat\u00e9riaux est membre du groupement Nature &amp; D\u00e9veloppement","potentialAction":[{"@type":"SearchAction","target":{"@type":"EntryPoint","urlTemplate":"https:\/\/nature-et-developpement.com\/bem\/?s={search_term_string}"},"query-input":{"@type":"PropertyValueSpecification","valueRequired":true,"valueName":"search_term_string"}}],"inLanguage":"fr-FR"}]}},"distributor_meta":false,"distributor_terms":false,"distributor_media":false,"distributor_original_site_name":"Bien-\u00catre Mat\u00e9riaux","distributor_original_site_url":"https:\/\/nature-et-developpement.com\/bem","push-errors":false,"_links":{"self":[{"href":"https:\/\/nature-et-developpement.com\/bem\/wp-json\/wp\/v2\/product\/24293","targetHints":{"allow":["GET"]}}],"collection":[{"href":"https:\/\/nature-et-developpement.com\/bem\/wp-json\/wp\/v2\/product"}],"about":[{"href":"https:\/\/nature-et-developpement.com\/bem\/wp-json\/wp\/v2\/types\/product"}],"wp:featuredmedia":[{"embeddable":true,"href":"https:\/\/nature-et-developpement.com\/bem\/wp-json\/wp\/v2\/media\/13938"}],"wp:attachment":[{"href":"https:\/\/nature-et-developpement.com\/bem\/wp-json\/wp\/v2\/media?parent=24293"}],"wp:term":[{"taxonomy":"product_brand","embeddable":true,"href":"https:\/\/nature-et-developpement.com\/bem\/wp-json\/wp\/v2\/product_brand?post=24293"},{"taxonomy":"product_cat","embeddable":true,"href":"https:\/\/nature-et-developpement.com\/bem\/wp-json\/wp\/v2\/product_cat?post=24293"},{"taxonomy":"product_tag","embeddable":true,"href":"https:\/\/nature-et-developpement.com\/bem\/wp-json\/wp\/v2\/product_tag?post=24293"}],"curies":[{"name":"wp","href":"https:\/\/api.w.org\/{rel}","templated":true}]}}