{"id":24982,"date":"2022-02-23T17:59:22","date_gmt":"2022-02-23T16:59:22","guid":{"rendered":"https:\/\/nature-et-developpement.com\/bem\/?post_type=product&#038;p=24982"},"modified":"2025-06-13T17:24:46","modified_gmt":"2025-06-13T15:24:46","slug":"pack-thermostat-dambiance-recepteur-connectes-pour-regulation-radiateurs-verelec-bem","status":"publish","type":"product","link":"https:\/\/nature-et-developpement.com\/bem\/produit\/pack-thermostat-dambiance-recepteur-connectes-pour-regulation-radiateurs-verelec-bem\/","title":{"rendered":"Pack : Thermostat d\u2019ambiance + r\u00e9cepteur CONNECT\u00c9S pour r\u00e9gulation radiateurs VERELEC (BEM)"},"content":{"rendered":"<h4>S\u00e9lection du syst\u00e8me pilot\u00e9 :<\/h4>\n<p>\u2013 Type d\u2019\u00e9nergie : Hydraulique, \u00c9lectrique\u2026<br \/>\n\u2013 Type d\u2019\u00e9metteur de chaleur : plancher chauffant, chaudi\u00e8re\u2026<br \/>\n\u2013 Type de contr\u00f4le : contr\u00f4le par temp\u00e9rature ambiante et\/ou par limitation de temp\u00e9rature.<\/p>\n<h4>S\u00e9lection du type de r\u00e9gulation:<\/h4>\n<p>\u2013 Manuelle : On\/Off ou r\u00e9gulation Proportionnelle Int\u00e9grale D\u00e9riv\u00e9e.<br \/>\n\u2013 Automatique : auto-diagnostique et choix du type de r\u00e9gulation selon l\u2019environnement.<\/p>\n<h4>Pack Innovation EcoSens, \u00e9conomies d\u2019\u00e9nergie en plus des fonctionnalit\u00e9s du Pack + :<\/h4>\n<p>\u2013 D\u00e9tection automatique de pr\u00e9sence\/d\u2019absence.<br \/>\n\u2013 Programmation automatique avec auto-apprentissage.<br \/>\n\u2013 Double fonction d\u2019optimisation.<\/p>\n<p><strong>Programmation hebdomadaire et journali\u00e8re :<\/strong>10 programmes pr\u00e9enregistr\u00e9s personnalisables<br \/>\n<strong>Mesure du taux d\u2019humidit\u00e9<\/strong> dans la pi\u00e8ce o\u00f9 le thermostat est install\u00e9.<br \/>\n<strong>Modes de fonctionnement :<\/strong> Auto, Confort, Confort+, \u00c9co, Hors-gel, Boost, Vacances programmables et Veille.<br \/>\n<strong>Gestion du mode chauffage\/climatisation :<\/strong> r\u00e9glage et ajustement automatique des temp\u00e9ratures de consignes.<br \/>\n<strong>Sauvegarde permanente des r\u00e9glages.<\/strong><\/p>\n<p><strong>R\u00e9cepteur radio 1 canal fourni<\/strong><br \/>\nCompact et discret, faible \u00e9paisseur une fois mont\u00e9 au mur.<br \/>\nPossibilit\u00e9 de piloter jusqu\u2019\u00e0 10 r\u00e9cepteurs.<br \/>\n2 possibilit\u00e9s d\u2019installation : semi-encastr\u00e9 ou en saillie.<\/p>\n","protected":false},"excerpt":{"rendered":"<p>Solution connect\u00e9e pour la r\u00e9gulation d&rsquo;un ou plusieurs panneaux rayonnants VERELEC (selon crit\u00e8res de temp\u00e9rature, d&rsquo;horaire, de jour&#8230;).<\/p>\n","protected":false},"featured_media":24985,"template":"","meta":[],"product_brand":[8797,8819],"product_cat":[2471,323,8738],"product_tag":[],"class_list":{"0":"post-24982","1":"product","2":"type-product","3":"status-publish","4":"has-post-thumbnail","6":"product_brand-produits-bem","7":"product_brand-verelec","8":"product_cat-accessoires","9":"product_cat-energie-et-ventilation","10":"product_cat-demande-de-devis-uniquement-sans-prix","11":"product_shipping_class-petit-equipement","13":"first","14":"instock","15":"taxable","16":"shipping-taxable","17":"purchasable","18":"product-type-simple"},"yoast_head":"<!-- This site is optimized with the Yoast SEO plugin v27.5 - https:\/\/yoast.com\/product\/yoast-seo-wordpress\/ -->\n<title>Pack : Thermostat d\u2019ambiance + r\u00e9cepteur CONNECT\u00c9S pour r\u00e9gulation radiateurs VERELEC (BEM)<\/title>\n<meta name=\"description\" content=\"Solution connect\u00e9e pour la r\u00e9gulation d&#039;un ou plusieurs panneaux rayonnants VERELEC (selon crit\u00e8res de temp\u00e9rature, d&#039;horaire, de jour...).\" \/>\n<meta name=\"robots\" content=\"noindex, follow\" \/>\n<meta property=\"og:locale\" content=\"fr_FR\" \/>\n<meta property=\"og:type\" content=\"article\" \/>\n<meta property=\"og:title\" content=\"Pack : Thermostat d\u2019ambiance + r\u00e9cepteur CONNECT\u00c9S pour r\u00e9gulation radiateurs VERELEC (BEM)\" \/>\n<meta property=\"og:description\" content=\"Solution connect\u00e9e pour la r\u00e9gulation d&#039;un ou plusieurs panneaux rayonnants VERELEC (selon crit\u00e8res de temp\u00e9rature, d&#039;horaire, de jour...).\" \/>\n<meta property=\"og:url\" content=\"https:\/\/nature-et-developpement.com\/bem\/produit\/pack-thermostat-dambiance-recepteur-connectes-pour-regulation-radiateurs-verelec-bem\/\" \/>\n<meta property=\"og:site_name\" content=\"Bien-\u00catre Mat\u00e9riaux\" \/>\n<meta property=\"article:modified_time\" content=\"2025-06-13T15:24:46+00:00\" \/>\n<meta property=\"og:image\" content=\"https:\/\/nature-et-developpement.com\/bem\/wp-content\/uploads\/sites\/17\/2022\/02\/thermostat-connecte1.jpg\" \/>\n\t<meta property=\"og:image:width\" content=\"1200\" \/>\n\t<meta property=\"og:image:height\" content=\"900\" \/>\n\t<meta property=\"og:image:type\" content=\"image\/jpeg\" \/>\n<meta name=\"twitter:card\" content=\"summary_large_image\" \/>\n<meta name=\"twitter:label1\" content=\"Dur\u00e9e de lecture estim\u00e9e\" \/>\n\t<meta name=\"twitter:data1\" content=\"1 minute\" \/>\n<script type=\"application\/ld+json\" class=\"yoast-schema-graph\">{\"@context\":\"https:\\\/\\\/schema.org\",\"@graph\":[{\"@type\":\"WebPage\",\"@id\":\"https:\\\/\\\/nature-et-developpement.com\\\/bem\\\/produit\\\/pack-thermostat-dambiance-recepteur-connectes-pour-regulation-radiateurs-verelec-bem\\\/\",\"url\":\"https:\\\/\\\/nature-et-developpement.com\\\/bem\\\/produit\\\/pack-thermostat-dambiance-recepteur-connectes-pour-regulation-radiateurs-verelec-bem\\\/\",\"name\":\"Pack : Thermostat d\u2019ambiance + r\u00e9cepteur CONNECT\u00c9S pour r\u00e9gulation radiateurs VERELEC (BEM)\",\"isPartOf\":{\"@id\":\"https:\\\/\\\/nature-et-developpement.com\\\/bem\\\/#website\"},\"primaryImageOfPage\":{\"@id\":\"https:\\\/\\\/nature-et-developpement.com\\\/bem\\\/produit\\\/pack-thermostat-dambiance-recepteur-connectes-pour-regulation-radiateurs-verelec-bem\\\/#primaryimage\"},\"image\":{\"@id\":\"https:\\\/\\\/nature-et-developpement.com\\\/bem\\\/produit\\\/pack-thermostat-dambiance-recepteur-connectes-pour-regulation-radiateurs-verelec-bem\\\/#primaryimage\"},\"thumbnailUrl\":\"https:\\\/\\\/nature-et-developpement.com\\\/bem\\\/wp-content\\\/uploads\\\/sites\\\/17\\\/2022\\\/02\\\/thermostat-connecte1.jpg\",\"datePublished\":\"2022-02-23T16:59:22+00:00\",\"dateModified\":\"2025-06-13T15:24:46+00:00\",\"description\":\"Solution connect\u00e9e pour la r\u00e9gulation d'un ou plusieurs panneaux rayonnants VERELEC (selon crit\u00e8res de temp\u00e9rature, d'horaire, de jour...).\",\"breadcrumb\":{\"@id\":\"https:\\\/\\\/nature-et-developpement.com\\\/bem\\\/produit\\\/pack-thermostat-dambiance-recepteur-connectes-pour-regulation-radiateurs-verelec-bem\\\/#breadcrumb\"},\"inLanguage\":\"fr-FR\",\"potentialAction\":[{\"@type\":\"ReadAction\",\"target\":[\"https:\\\/\\\/nature-et-developpement.com\\\/bem\\\/produit\\\/pack-thermostat-dambiance-recepteur-connectes-pour-regulation-radiateurs-verelec-bem\\\/\"]}]},{\"@type\":\"ImageObject\",\"inLanguage\":\"fr-FR\",\"@id\":\"https:\\\/\\\/nature-et-developpement.com\\\/bem\\\/produit\\\/pack-thermostat-dambiance-recepteur-connectes-pour-regulation-radiateurs-verelec-bem\\\/#primaryimage\",\"url\":\"https:\\\/\\\/nature-et-developpement.com\\\/bem\\\/wp-content\\\/uploads\\\/sites\\\/17\\\/2022\\\/02\\\/thermostat-connecte1.jpg\",\"contentUrl\":\"https:\\\/\\\/nature-et-developpement.com\\\/bem\\\/wp-content\\\/uploads\\\/sites\\\/17\\\/2022\\\/02\\\/thermostat-connecte1.jpg\",\"width\":1200,\"height\":900},{\"@type\":\"BreadcrumbList\",\"@id\":\"https:\\\/\\\/nature-et-developpement.com\\\/bem\\\/produit\\\/pack-thermostat-dambiance-recepteur-connectes-pour-regulation-radiateurs-verelec-bem\\\/#breadcrumb\",\"itemListElement\":[{\"@type\":\"ListItem\",\"position\":1,\"name\":\"Accueil\",\"item\":\"https:\\\/\\\/nature-et-developpement.com\\\/bem\\\/\"},{\"@type\":\"ListItem\",\"position\":2,\"name\":\"Produits\",\"item\":\"https:\\\/\\\/nature-et-developpement.com\\\/bem\\\/shop\\\/\"},{\"@type\":\"ListItem\",\"position\":3,\"name\":\"Chauffage, eau et \u00e9nergie\",\"item\":\"https:\\\/\\\/nature-et-developpement.com\\\/bem\\\/produits\\\/energie-et-ventilation\\\/\"},{\"@type\":\"ListItem\",\"position\":4,\"name\":\"Accessoires\",\"item\":\"https:\\\/\\\/nature-et-developpement.com\\\/bem\\\/produits\\\/energie-et-ventilation\\\/accessoires\\\/\"},{\"@type\":\"ListItem\",\"position\":5,\"name\":\"Pack : Thermostat d\u2019ambiance + r\u00e9cepteur CONNECT\u00c9S pour r\u00e9gulation radiateurs VERELEC (BEM)\"}]},{\"@type\":\"WebSite\",\"@id\":\"https:\\\/\\\/nature-et-developpement.com\\\/bem\\\/#website\",\"url\":\"https:\\\/\\\/nature-et-developpement.com\\\/bem\\\/\",\"name\":\"Bien-\u00catre Mat\u00e9riaux\",\"description\":\"Bien-Etre Mat\u00e9riaux est membre du groupement Nature &amp; D\u00e9veloppement\",\"potentialAction\":[{\"@type\":\"SearchAction\",\"target\":{\"@type\":\"EntryPoint\",\"urlTemplate\":\"https:\\\/\\\/nature-et-developpement.com\\\/bem\\\/?s={search_term_string}\"},\"query-input\":{\"@type\":\"PropertyValueSpecification\",\"valueRequired\":true,\"valueName\":\"search_term_string\"}}],\"inLanguage\":\"fr-FR\"}]}<\/script>\n<!-- \/ Yoast SEO plugin. -->","yoast_head_json":{"title":"Pack : Thermostat d\u2019ambiance + r\u00e9cepteur CONNECT\u00c9S pour r\u00e9gulation radiateurs VERELEC (BEM)","description":"Solution connect\u00e9e pour la r\u00e9gulation d'un ou plusieurs panneaux rayonnants VERELEC (selon crit\u00e8res de temp\u00e9rature, d'horaire, de jour...).","robots":{"index":"noindex","follow":"follow"},"og_locale":"fr_FR","og_type":"article","og_title":"Pack : Thermostat d\u2019ambiance + r\u00e9cepteur CONNECT\u00c9S pour r\u00e9gulation radiateurs VERELEC (BEM)","og_description":"Solution connect\u00e9e pour la r\u00e9gulation d'un ou plusieurs panneaux rayonnants VERELEC (selon crit\u00e8res de temp\u00e9rature, d'horaire, de jour...).","og_url":"https:\/\/nature-et-developpement.com\/bem\/produit\/pack-thermostat-dambiance-recepteur-connectes-pour-regulation-radiateurs-verelec-bem\/","og_site_name":"Bien-\u00catre Mat\u00e9riaux","article_modified_time":"2025-06-13T15:24:46+00:00","og_image":[{"width":1200,"height":900,"url":"https:\/\/nature-et-developpement.com\/bem\/wp-content\/uploads\/sites\/17\/2022\/02\/thermostat-connecte1.jpg","type":"image\/jpeg"}],"twitter_card":"summary_large_image","twitter_misc":{"Dur\u00e9e de lecture estim\u00e9e":"1 minute"},"schema":{"@context":"https:\/\/schema.org","@graph":[{"@type":"WebPage","@id":"https:\/\/nature-et-developpement.com\/bem\/produit\/pack-thermostat-dambiance-recepteur-connectes-pour-regulation-radiateurs-verelec-bem\/","url":"https:\/\/nature-et-developpement.com\/bem\/produit\/pack-thermostat-dambiance-recepteur-connectes-pour-regulation-radiateurs-verelec-bem\/","name":"Pack : Thermostat d\u2019ambiance + r\u00e9cepteur CONNECT\u00c9S pour r\u00e9gulation radiateurs VERELEC (BEM)","isPartOf":{"@id":"https:\/\/nature-et-developpement.com\/bem\/#website"},"primaryImageOfPage":{"@id":"https:\/\/nature-et-developpement.com\/bem\/produit\/pack-thermostat-dambiance-recepteur-connectes-pour-regulation-radiateurs-verelec-bem\/#primaryimage"},"image":{"@id":"https:\/\/nature-et-developpement.com\/bem\/produit\/pack-thermostat-dambiance-recepteur-connectes-pour-regulation-radiateurs-verelec-bem\/#primaryimage"},"thumbnailUrl":"https:\/\/nature-et-developpement.com\/bem\/wp-content\/uploads\/sites\/17\/2022\/02\/thermostat-connecte1.jpg","datePublished":"2022-02-23T16:59:22+00:00","dateModified":"2025-06-13T15:24:46+00:00","description":"Solution connect\u00e9e pour la r\u00e9gulation d'un ou plusieurs panneaux rayonnants VERELEC (selon crit\u00e8res de temp\u00e9rature, d'horaire, de jour...).","breadcrumb":{"@id":"https:\/\/nature-et-developpement.com\/bem\/produit\/pack-thermostat-dambiance-recepteur-connectes-pour-regulation-radiateurs-verelec-bem\/#breadcrumb"},"inLanguage":"fr-FR","potentialAction":[{"@type":"ReadAction","target":["https:\/\/nature-et-developpement.com\/bem\/produit\/pack-thermostat-dambiance-recepteur-connectes-pour-regulation-radiateurs-verelec-bem\/"]}]},{"@type":"ImageObject","inLanguage":"fr-FR","@id":"https:\/\/nature-et-developpement.com\/bem\/produit\/pack-thermostat-dambiance-recepteur-connectes-pour-regulation-radiateurs-verelec-bem\/#primaryimage","url":"https:\/\/nature-et-developpement.com\/bem\/wp-content\/uploads\/sites\/17\/2022\/02\/thermostat-connecte1.jpg","contentUrl":"https:\/\/nature-et-developpement.com\/bem\/wp-content\/uploads\/sites\/17\/2022\/02\/thermostat-connecte1.jpg","width":1200,"height":900},{"@type":"BreadcrumbList","@id":"https:\/\/nature-et-developpement.com\/bem\/produit\/pack-thermostat-dambiance-recepteur-connectes-pour-regulation-radiateurs-verelec-bem\/#breadcrumb","itemListElement":[{"@type":"ListItem","position":1,"name":"Accueil","item":"https:\/\/nature-et-developpement.com\/bem\/"},{"@type":"ListItem","position":2,"name":"Produits","item":"https:\/\/nature-et-developpement.com\/bem\/shop\/"},{"@type":"ListItem","position":3,"name":"Chauffage, eau et \u00e9nergie","item":"https:\/\/nature-et-developpement.com\/bem\/produits\/energie-et-ventilation\/"},{"@type":"ListItem","position":4,"name":"Accessoires","item":"https:\/\/nature-et-developpement.com\/bem\/produits\/energie-et-ventilation\/accessoires\/"},{"@type":"ListItem","position":5,"name":"Pack : Thermostat d\u2019ambiance + r\u00e9cepteur CONNECT\u00c9S pour r\u00e9gulation radiateurs VERELEC (BEM)"}]},{"@type":"WebSite","@id":"https:\/\/nature-et-developpement.com\/bem\/#website","url":"https:\/\/nature-et-developpement.com\/bem\/","name":"Bien-\u00catre Mat\u00e9riaux","description":"Bien-Etre Mat\u00e9riaux est membre du groupement Nature &amp; D\u00e9veloppement","potentialAction":[{"@type":"SearchAction","target":{"@type":"EntryPoint","urlTemplate":"https:\/\/nature-et-developpement.com\/bem\/?s={search_term_string}"},"query-input":{"@type":"PropertyValueSpecification","valueRequired":true,"valueName":"search_term_string"}}],"inLanguage":"fr-FR"}]}},"distributor_meta":false,"distributor_terms":false,"distributor_media":false,"distributor_original_site_name":"Bien-\u00catre Mat\u00e9riaux","distributor_original_site_url":"https:\/\/nature-et-developpement.com\/bem","push-errors":false,"_links":{"self":[{"href":"https:\/\/nature-et-developpement.com\/bem\/wp-json\/wp\/v2\/product\/24982","targetHints":{"allow":["GET"]}}],"collection":[{"href":"https:\/\/nature-et-developpement.com\/bem\/wp-json\/wp\/v2\/product"}],"about":[{"href":"https:\/\/nature-et-developpement.com\/bem\/wp-json\/wp\/v2\/types\/product"}],"wp:featuredmedia":[{"embeddable":true,"href":"https:\/\/nature-et-developpement.com\/bem\/wp-json\/wp\/v2\/media\/24985"}],"wp:attachment":[{"href":"https:\/\/nature-et-developpement.com\/bem\/wp-json\/wp\/v2\/media?parent=24982"}],"wp:term":[{"taxonomy":"product_brand","embeddable":true,"href":"https:\/\/nature-et-developpement.com\/bem\/wp-json\/wp\/v2\/product_brand?post=24982"},{"taxonomy":"product_cat","embeddable":true,"href":"https:\/\/nature-et-developpement.com\/bem\/wp-json\/wp\/v2\/product_cat?post=24982"},{"taxonomy":"product_tag","embeddable":true,"href":"https:\/\/nature-et-developpement.com\/bem\/wp-json\/wp\/v2\/product_tag?post=24982"}],"curies":[{"name":"wp","href":"https:\/\/api.w.org\/{rel}","templated":true}]}}