{"id":28885,"date":"2022-09-15T10:05:19","date_gmt":"2022-09-15T08:05:19","guid":{"rendered":"https:\/\/nature-et-developpement.com\/doubs\/produit\/cuvette-pour-porte-coulissante-de-roziere\/"},"modified":"2026-02-20T11:06:23","modified_gmt":"2026-02-20T10:06:23","slug":"cuvette-pour-porte-coulissante-de-roziere","status":"publish","type":"product","link":"https:\/\/nature-et-developpement.com\/doubs\/produit\/cuvette-pour-porte-coulissante-de-roziere\/","title":{"rendered":"Cuvette pour porte coulissante de Rozi\u00e8re"},"content":{"rendered":"","protected":false},"excerpt":{"rendered":"<p>Pour embellir vos portes coulissantes et portes de placard.<\/p>\n<p>Toutes les garnitures sont fournies avec un tire doigt.<\/p>\n","protected":false},"featured_media":1000000170082,"template":"","meta":[],"product_brand":[2790],"product_cat":[103],"product_tag":[4073],"class_list":{"0":"post-28885","1":"product","2":"type-product","3":"status-publish","4":"has-post-thumbnail","6":"product_brand-roziere","7":"product_cat-accessoires-agencement-interieur","8":"product_tag-roziere","9":"product_shipping_class-petit-equipement-outil-eclairage","11":"first","12":"instock","13":"taxable","14":"shipping-taxable","15":"purchasable","16":"product-type-variable"},"yoast_head":"<!-- This site is optimized with the Yoast SEO plugin v27.5 - https:\/\/yoast.com\/product\/yoast-seo-wordpress\/ -->\n<title>Cuvette pour porte coulissante de Rozi\u00e8re<\/title>\n<meta name=\"description\" content=\"Pour embellir vos portes coulissantes et portes de placard.  Toutes les garnitures sont fournies avec un tire doigt.\" \/>\n<meta name=\"robots\" content=\"noindex, nofollow\" \/>\n<meta property=\"og:locale\" content=\"fr_FR\" \/>\n<meta property=\"og:type\" content=\"article\" \/>\n<meta property=\"og:title\" content=\"Cuvette pour porte coulissante de Rozi\u00e8re\" \/>\n<meta property=\"og:description\" content=\"Pour embellir vos portes coulissantes et portes de placard.  Toutes les garnitures sont fournies avec un tire doigt.\" \/>\n<meta property=\"og:url\" content=\"https:\/\/nature-et-developpement.com\/doubs\/produit\/cuvette-pour-porte-coulissante-de-roziere\/\" \/>\n<meta property=\"og:site_name\" content=\"Mat\u00e9riaux Naturels du Doubs\" \/>\n<meta property=\"article:modified_time\" content=\"2026-02-20T10:06:23+00:00\" \/>\n<meta name=\"twitter:card\" content=\"summary_large_image\" \/>\n<script type=\"application\/ld+json\" class=\"yoast-schema-graph\">{\"@context\":\"https:\\\/\\\/schema.org\",\"@graph\":[{\"@type\":\"WebPage\",\"@id\":\"https:\\\/\\\/nature-et-developpement.com\\\/doubs\\\/produit\\\/cuvette-pour-porte-coulissante-de-roziere\\\/\",\"url\":\"https:\\\/\\\/nature-et-developpement.com\\\/doubs\\\/produit\\\/cuvette-pour-porte-coulissante-de-roziere\\\/\",\"name\":\"Cuvette pour porte coulissante de Rozi\u00e8re\",\"isPartOf\":{\"@id\":\"https:\\\/\\\/nature-et-developpement.com\\\/doubs\\\/#website\"},\"primaryImageOfPage\":{\"@id\":\"https:\\\/\\\/nature-et-developpement.com\\\/doubs\\\/produit\\\/cuvette-pour-porte-coulissante-de-roziere\\\/#primaryimage\"},\"image\":{\"@id\":\"https:\\\/\\\/nature-et-developpement.com\\\/doubs\\\/produit\\\/cuvette-pour-porte-coulissante-de-roziere\\\/#primaryimage\"},\"thumbnailUrl\":\"https:\\\/\\\/nature-et-developpement.com\\\/doubs\\\/wp-content\\\/uploads\\\/Sets-porte-coulissante-kit-B-Cuvette-ronde.jpg\",\"datePublished\":\"2022-09-15T08:05:19+00:00\",\"dateModified\":\"2026-02-20T10:06:23+00:00\",\"description\":\"Pour embellir vos portes coulissantes et portes de placard. Toutes les garnitures sont fournies avec un tire doigt.\",\"breadcrumb\":{\"@id\":\"https:\\\/\\\/nature-et-developpement.com\\\/doubs\\\/produit\\\/cuvette-pour-porte-coulissante-de-roziere\\\/#breadcrumb\"},\"inLanguage\":\"fr-FR\",\"potentialAction\":[{\"@type\":\"ReadAction\",\"target\":[\"https:\\\/\\\/nature-et-developpement.com\\\/doubs\\\/produit\\\/cuvette-pour-porte-coulissante-de-roziere\\\/\"]}]},{\"@type\":\"ImageObject\",\"inLanguage\":\"fr-FR\",\"@id\":\"https:\\\/\\\/nature-et-developpement.com\\\/doubs\\\/produit\\\/cuvette-pour-porte-coulissante-de-roziere\\\/#primaryimage\",\"url\":\"https:\\\/\\\/nature-et-developpement.com\\\/doubs\\\/wp-content\\\/uploads\\\/Sets-porte-coulissante-kit-B-Cuvette-ronde.jpg\",\"contentUrl\":\"https:\\\/\\\/nature-et-developpement.com\\\/doubs\\\/wp-content\\\/uploads\\\/Sets-porte-coulissante-kit-B-Cuvette-ronde.jpg\"},{\"@type\":\"BreadcrumbList\",\"@id\":\"https:\\\/\\\/nature-et-developpement.com\\\/doubs\\\/produit\\\/cuvette-pour-porte-coulissante-de-roziere\\\/#breadcrumb\",\"itemListElement\":[{\"@type\":\"ListItem\",\"position\":1,\"name\":\"Accueil\",\"item\":\"https:\\\/\\\/nature-et-developpement.com\\\/doubs\\\/\"},{\"@type\":\"ListItem\",\"position\":2,\"name\":\"Produits\",\"item\":\"https:\\\/\\\/nature-et-developpement.com\\\/doubs\\\/shop\\\/\"},{\"@type\":\"ListItem\",\"position\":3,\"name\":\"Agencement int\u00e9rieur\",\"item\":\"https:\\\/\\\/nature-et-developpement.com\\\/doubs\\\/produits\\\/agencement-interieur\\\/\"},{\"@type\":\"ListItem\",\"position\":4,\"name\":\"Accessoires agencement int\u00e9rieur\",\"item\":\"https:\\\/\\\/nature-et-developpement.com\\\/doubs\\\/produits\\\/agencement-interieur\\\/accessoires-agencement-interieur\\\/\"},{\"@type\":\"ListItem\",\"position\":5,\"name\":\"Cuvette pour porte coulissante de Rozi\u00e8re\"}]},{\"@type\":\"WebSite\",\"@id\":\"https:\\\/\\\/nature-et-developpement.com\\\/doubs\\\/#website\",\"url\":\"https:\\\/\\\/nature-et-developpement.com\\\/doubs\\\/\",\"name\":\"Mat\u00e9riaux Naturels du Doubs\",\"description\":\"Mat\u00e9riaux Naturels du Doubs est membre du groupement Nature &amp; D\u00e9veloppement\",\"publisher\":{\"@id\":\"https:\\\/\\\/nature-et-developpement.com\\\/doubs\\\/#organization\"},\"potentialAction\":[{\"@type\":\"SearchAction\",\"target\":{\"@type\":\"EntryPoint\",\"urlTemplate\":\"https:\\\/\\\/nature-et-developpement.com\\\/doubs\\\/?s={search_term_string}\"},\"query-input\":{\"@type\":\"PropertyValueSpecification\",\"valueRequired\":true,\"valueName\":\"search_term_string\"}}],\"inLanguage\":\"fr-FR\"},{\"@type\":\"Organization\",\"@id\":\"https:\\\/\\\/nature-et-developpement.com\\\/doubs\\\/#organization\",\"name\":\"Mat\u00e9riaux Naturels du Doubs\",\"url\":\"https:\\\/\\\/nature-et-developpement.com\\\/doubs\\\/\",\"logo\":{\"@type\":\"ImageObject\",\"inLanguage\":\"fr-FR\",\"@id\":\"https:\\\/\\\/nature-et-developpement.com\\\/doubs\\\/#\\\/schema\\\/logo\\\/image\\\/\",\"url\":\"https:\\\/\\\/nature-et-developpement.com\\\/doubs\\\/wp-content\\\/uploads\\\/sites\\\/10\\\/2021\\\/09\\\/materiaux-naturels-doubs.jpg\",\"contentUrl\":\"https:\\\/\\\/nature-et-developpement.com\\\/doubs\\\/wp-content\\\/uploads\\\/sites\\\/10\\\/2021\\\/09\\\/materiaux-naturels-doubs.jpg\",\"width\":800,\"height\":263,\"caption\":\"Mat\u00e9riaux Naturels du Doubs\"},\"image\":{\"@id\":\"https:\\\/\\\/nature-et-developpement.com\\\/doubs\\\/#\\\/schema\\\/logo\\\/image\\\/\"}}]}<\/script>\n<!-- \/ Yoast SEO plugin. -->","yoast_head_json":{"title":"Cuvette pour porte coulissante de Rozi\u00e8re","description":"Pour embellir vos portes coulissantes et portes de placard.  Toutes les garnitures sont fournies avec un tire doigt.","robots":{"index":"noindex","follow":"nofollow"},"og_locale":"fr_FR","og_type":"article","og_title":"Cuvette pour porte coulissante de Rozi\u00e8re","og_description":"Pour embellir vos portes coulissantes et portes de placard.  Toutes les garnitures sont fournies avec un tire doigt.","og_url":"https:\/\/nature-et-developpement.com\/doubs\/produit\/cuvette-pour-porte-coulissante-de-roziere\/","og_site_name":"Mat\u00e9riaux Naturels du Doubs","article_modified_time":"2026-02-20T10:06:23+00:00","twitter_card":"summary_large_image","schema":{"@context":"https:\/\/schema.org","@graph":[{"@type":"WebPage","@id":"https:\/\/nature-et-developpement.com\/doubs\/produit\/cuvette-pour-porte-coulissante-de-roziere\/","url":"https:\/\/nature-et-developpement.com\/doubs\/produit\/cuvette-pour-porte-coulissante-de-roziere\/","name":"Cuvette pour porte coulissante de Rozi\u00e8re","isPartOf":{"@id":"https:\/\/nature-et-developpement.com\/doubs\/#website"},"primaryImageOfPage":{"@id":"https:\/\/nature-et-developpement.com\/doubs\/produit\/cuvette-pour-porte-coulissante-de-roziere\/#primaryimage"},"image":{"@id":"https:\/\/nature-et-developpement.com\/doubs\/produit\/cuvette-pour-porte-coulissante-de-roziere\/#primaryimage"},"thumbnailUrl":"https:\/\/nature-et-developpement.com\/doubs\/wp-content\/uploads\/Sets-porte-coulissante-kit-B-Cuvette-ronde.jpg","datePublished":"2022-09-15T08:05:19+00:00","dateModified":"2026-02-20T10:06:23+00:00","description":"Pour embellir vos portes coulissantes et portes de placard. Toutes les garnitures sont fournies avec un tire doigt.","breadcrumb":{"@id":"https:\/\/nature-et-developpement.com\/doubs\/produit\/cuvette-pour-porte-coulissante-de-roziere\/#breadcrumb"},"inLanguage":"fr-FR","potentialAction":[{"@type":"ReadAction","target":["https:\/\/nature-et-developpement.com\/doubs\/produit\/cuvette-pour-porte-coulissante-de-roziere\/"]}]},{"@type":"ImageObject","inLanguage":"fr-FR","@id":"https:\/\/nature-et-developpement.com\/doubs\/produit\/cuvette-pour-porte-coulissante-de-roziere\/#primaryimage","url":"https:\/\/nature-et-developpement.com\/doubs\/wp-content\/uploads\/Sets-porte-coulissante-kit-B-Cuvette-ronde.jpg","contentUrl":"https:\/\/nature-et-developpement.com\/doubs\/wp-content\/uploads\/Sets-porte-coulissante-kit-B-Cuvette-ronde.jpg"},{"@type":"BreadcrumbList","@id":"https:\/\/nature-et-developpement.com\/doubs\/produit\/cuvette-pour-porte-coulissante-de-roziere\/#breadcrumb","itemListElement":[{"@type":"ListItem","position":1,"name":"Accueil","item":"https:\/\/nature-et-developpement.com\/doubs\/"},{"@type":"ListItem","position":2,"name":"Produits","item":"https:\/\/nature-et-developpement.com\/doubs\/shop\/"},{"@type":"ListItem","position":3,"name":"Agencement int\u00e9rieur","item":"https:\/\/nature-et-developpement.com\/doubs\/produits\/agencement-interieur\/"},{"@type":"ListItem","position":4,"name":"Accessoires agencement int\u00e9rieur","item":"https:\/\/nature-et-developpement.com\/doubs\/produits\/agencement-interieur\/accessoires-agencement-interieur\/"},{"@type":"ListItem","position":5,"name":"Cuvette pour porte coulissante de Rozi\u00e8re"}]},{"@type":"WebSite","@id":"https:\/\/nature-et-developpement.com\/doubs\/#website","url":"https:\/\/nature-et-developpement.com\/doubs\/","name":"Mat\u00e9riaux Naturels du Doubs","description":"Mat\u00e9riaux Naturels du Doubs est membre du groupement Nature &amp; D\u00e9veloppement","publisher":{"@id":"https:\/\/nature-et-developpement.com\/doubs\/#organization"},"potentialAction":[{"@type":"SearchAction","target":{"@type":"EntryPoint","urlTemplate":"https:\/\/nature-et-developpement.com\/doubs\/?s={search_term_string}"},"query-input":{"@type":"PropertyValueSpecification","valueRequired":true,"valueName":"search_term_string"}}],"inLanguage":"fr-FR"},{"@type":"Organization","@id":"https:\/\/nature-et-developpement.com\/doubs\/#organization","name":"Mat\u00e9riaux Naturels du Doubs","url":"https:\/\/nature-et-developpement.com\/doubs\/","logo":{"@type":"ImageObject","inLanguage":"fr-FR","@id":"https:\/\/nature-et-developpement.com\/doubs\/#\/schema\/logo\/image\/","url":"https:\/\/nature-et-developpement.com\/doubs\/wp-content\/uploads\/sites\/10\/2021\/09\/materiaux-naturels-doubs.jpg","contentUrl":"https:\/\/nature-et-developpement.com\/doubs\/wp-content\/uploads\/sites\/10\/2021\/09\/materiaux-naturels-doubs.jpg","width":800,"height":263,"caption":"Mat\u00e9riaux Naturels du Doubs"},"image":{"@id":"https:\/\/nature-et-developpement.com\/doubs\/#\/schema\/logo\/image\/"}}]}},"distributor_meta":false,"distributor_terms":false,"distributor_media":false,"distributor_original_site_name":"Mat\u00e9riaux Naturels du Doubs","distributor_original_site_url":"https:\/\/nature-et-developpement.com\/doubs","push-errors":false,"_links":{"self":[{"href":"https:\/\/nature-et-developpement.com\/doubs\/wp-json\/wp\/v2\/product\/28885","targetHints":{"allow":["GET"]}}],"collection":[{"href":"https:\/\/nature-et-developpement.com\/doubs\/wp-json\/wp\/v2\/product"}],"about":[{"href":"https:\/\/nature-et-developpement.com\/doubs\/wp-json\/wp\/v2\/types\/product"}],"wp:featuredmedia":[{"embeddable":true,"href":"https:\/\/nature-et-developpement.com\/doubs\/wp-json\/"}],"wp:attachment":[{"href":"https:\/\/nature-et-developpement.com\/doubs\/wp-json\/wp\/v2\/media?parent=28885"}],"wp:term":[{"taxonomy":"product_brand","embeddable":true,"href":"https:\/\/nature-et-developpement.com\/doubs\/wp-json\/wp\/v2\/product_brand?post=28885"},{"taxonomy":"product_cat","embeddable":true,"href":"https:\/\/nature-et-developpement.com\/doubs\/wp-json\/wp\/v2\/product_cat?post=28885"},{"taxonomy":"product_tag","embeddable":true,"href":"https:\/\/nature-et-developpement.com\/doubs\/wp-json\/wp\/v2\/product_tag?post=28885"}],"curies":[{"name":"wp","href":"https:\/\/api.w.org\/{rel}","templated":true}]}}