{"id":11455,"date":"2017-01-01T00:00:00","date_gmt":"2016-12-31T23:00:00","guid":{"rendered":"https:\/\/nature-et-developpement.com\/ecobati\/produit\/corps-d-enduit-chaux-et-terre-pret-a-l-emploi-baticlay-argilus\/"},"modified":"2026-05-06T16:15:56","modified_gmt":"2026-05-06T14:15:56","slug":"corps-d-enduit-chaux-et-terre-pret-a-l-emploi-baticlay-argilus","status":"publish","type":"product","link":"https:\/\/nature-et-developpement.com\/ecobati\/produit\/corps-d-enduit-chaux-et-terre-pret-a-l-emploi-baticlay-argilus\/","title":{"rendered":"Corps d&rsquo;Enduit chaux et terre pr\u00eat \u00e0 l&#8217;emploi BATICLAY Argilus"},"content":{"rendered":"<h2>Pour redresser un mur ancien<\/h2>\n<p>LE CORPS D\u2019ENDUIT BATICLAY s\u2019utilise en murs ext\u00e9rieurs ou int\u00e9rieurs anciens et sur tous types de construction tels que les maisons d\u2019habitation, les granges, d\u00e9pendances, \u00e9curies\u2026etc.<\/p>\n<p>Il s\u2019utilise uniquement en enduit de ragr\u00e9age afin d\u2019obtenir une surface plus homog\u00e8ne et de pouvoir appliquer par la suite un enduit de finition.<\/p>\n<p><b>SUPPORTS ADMISSIBLES:<\/b><\/p>\n<p>Ma\u00e7onneries anciennes, ma\u00e7onnerie en pierre, en pis\u00e9, en briques pleines de parement\u2026<\/p>\n<p>Autres types de support, merci de consulter le fabricant.<\/p>\n<p><b>SUPPORTS INTERDITS:<\/b><\/p>\n<p>Supports en bois<\/p>\n<p>Surface horizontale ou inclin\u00e9e<\/p>\n<p>Surface peinte, RPE.<\/p>\n<p><img loading=\"lazy\" decoding=\"async\" class=\" size-full wp-image-103565\" src=\"https:\/\/nature-et-developpement.com\/wp-content\/uploads\/cms\/ARGILUS\/FINITION-BATICLAY.jpg\" alt=\"\" width=\"1000\" height=\"180\" \/><\/p>\n","protected":false},"excerpt":{"rendered":"<p>Le corps d&rsquo;enduit BATICLAY s\u2019utilise en murs ext\u00e9rieurs ou int\u00e9rieurs anciens et sur tous types de construction tels que les maisons d\u2019habitation, les granges, d\u00e9pendances, \u00e9curies\u2026etc.<\/p>\n<p>Il s\u2019utilise uniquement en enduit de ragr\u00e9age afin d\u2019obtenir une surface plus homog\u00e8ne et de pouvoir appliquer par la suite un enduit de finition.<\/p>\n","protected":false},"featured_media":1000000169309,"template":"","meta":[],"product_brand":[2196],"product_cat":[35,27,46,37,44],"product_tag":[2283],"class_list":{"0":"post-11455","1":"product","2":"type-product","3":"status-publish","4":"has-post-thumbnail","6":"product_brand-argilus","7":"product_cat-construction","8":"product_cat-demande-de-devis-uniquement-avec-prix","9":"product_cat-enduits-naturels","10":"product_cat-maconnerie","11":"product_cat-peinture-et-enduit","12":"product_tag-enduits-exterieurs","13":"product_shipping_class-sac-de-25kg","15":"first","16":"instock","17":"taxable","18":"shipping-taxable","19":"purchasable","20":"product-type-variable"},"yoast_head":"<!-- This site is optimized with the Yoast SEO plugin v27.5 - https:\/\/yoast.com\/product\/yoast-seo-wordpress\/ -->\n<title>Corps d&#039;Enduit chaux et terre pr\u00eat \u00e0 l&#039;emploi BATICLAY Argilus - Ecobati Nancy<\/title>\n<meta name=\"robots\" content=\"noindex, nofollow\" \/>\n<meta property=\"og:locale\" content=\"fr_FR\" \/>\n<meta property=\"og:type\" content=\"article\" \/>\n<meta property=\"og:title\" content=\"Corps d&#039;Enduit chaux et terre pr\u00eat \u00e0 l&#039;emploi BATICLAY Argilus - Ecobati Nancy\" \/>\n<meta property=\"og:description\" content=\"Le corps d&#039;enduit BATICLAY s\u2019utilise en murs ext\u00e9rieurs ou int\u00e9rieurs anciens et sur tous types de construction tels que les maisons d\u2019habitation, les granges, d\u00e9pendances, \u00e9curies\u2026etc.  Il s\u2019utilise uniquement en enduit de ragr\u00e9age afin d\u2019obtenir une surface plus homog\u00e8ne et de pouvoir appliquer par la suite un enduit de finition.\" \/>\n<meta property=\"og:url\" content=\"https:\/\/nature-et-developpement.com\/ecobati\/produit\/corps-d-enduit-chaux-et-terre-pret-a-l-emploi-baticlay-argilus\/\" \/>\n<meta property=\"og:site_name\" content=\"Ecobati Nancy\" \/>\n<meta property=\"article:modified_time\" content=\"2026-05-06T14:15:56+00:00\" \/>\n<meta name=\"twitter:card\" content=\"summary_large_image\" \/>\n<meta name=\"twitter:label1\" content=\"Dur\u00e9e de lecture estim\u00e9e\" \/>\n\t<meta name=\"twitter:data1\" content=\"1 minute\" \/>\n<script type=\"application\/ld+json\" class=\"yoast-schema-graph\">{\"@context\":\"https:\\\/\\\/schema.org\",\"@graph\":[{\"@type\":\"WebPage\",\"@id\":\"https:\\\/\\\/nature-et-developpement.com\\\/ecobati\\\/produit\\\/corps-d-enduit-chaux-et-terre-pret-a-l-emploi-baticlay-argilus\\\/\",\"url\":\"https:\\\/\\\/nature-et-developpement.com\\\/ecobati\\\/produit\\\/corps-d-enduit-chaux-et-terre-pret-a-l-emploi-baticlay-argilus\\\/\",\"name\":\"Corps d'Enduit chaux et terre pr\u00eat \u00e0 l'emploi BATICLAY Argilus - Ecobati Nancy\",\"isPartOf\":{\"@id\":\"https:\\\/\\\/nature-et-developpement.com\\\/ecobati\\\/#website\"},\"primaryImageOfPage\":{\"@id\":\"https:\\\/\\\/nature-et-developpement.com\\\/ecobati\\\/produit\\\/corps-d-enduit-chaux-et-terre-pret-a-l-emploi-baticlay-argilus\\\/#primaryimage\"},\"image\":{\"@id\":\"https:\\\/\\\/nature-et-developpement.com\\\/ecobati\\\/produit\\\/corps-d-enduit-chaux-et-terre-pret-a-l-emploi-baticlay-argilus\\\/#primaryimage\"},\"thumbnailUrl\":\"https:\\\/\\\/nature-et-developpement.com\\\/ecobati\\\/wp-content\\\/uploads\\\/Corps-dEnduit-chaux-et-terre-pret-a-lemploi-BATICLAY-Argilus.jpg\",\"datePublished\":\"2016-12-31T23:00:00+00:00\",\"dateModified\":\"2026-05-06T14:15:56+00:00\",\"breadcrumb\":{\"@id\":\"https:\\\/\\\/nature-et-developpement.com\\\/ecobati\\\/produit\\\/corps-d-enduit-chaux-et-terre-pret-a-l-emploi-baticlay-argilus\\\/#breadcrumb\"},\"inLanguage\":\"fr-FR\",\"potentialAction\":[{\"@type\":\"ReadAction\",\"target\":[\"https:\\\/\\\/nature-et-developpement.com\\\/ecobati\\\/produit\\\/corps-d-enduit-chaux-et-terre-pret-a-l-emploi-baticlay-argilus\\\/\"]}]},{\"@type\":\"ImageObject\",\"inLanguage\":\"fr-FR\",\"@id\":\"https:\\\/\\\/nature-et-developpement.com\\\/ecobati\\\/produit\\\/corps-d-enduit-chaux-et-terre-pret-a-l-emploi-baticlay-argilus\\\/#primaryimage\",\"url\":\"https:\\\/\\\/nature-et-developpement.com\\\/ecobati\\\/wp-content\\\/uploads\\\/Corps-dEnduit-chaux-et-terre-pret-a-lemploi-BATICLAY-Argilus.jpg\",\"contentUrl\":\"https:\\\/\\\/nature-et-developpement.com\\\/ecobati\\\/wp-content\\\/uploads\\\/Corps-dEnduit-chaux-et-terre-pret-a-lemploi-BATICLAY-Argilus.jpg\"},{\"@type\":\"BreadcrumbList\",\"@id\":\"https:\\\/\\\/nature-et-developpement.com\\\/ecobati\\\/produit\\\/corps-d-enduit-chaux-et-terre-pret-a-l-emploi-baticlay-argilus\\\/#breadcrumb\",\"itemListElement\":[{\"@type\":\"ListItem\",\"position\":1,\"name\":\"Accueil\",\"item\":\"https:\\\/\\\/nature-et-developpement.com\\\/ecobati\\\/\"},{\"@type\":\"ListItem\",\"position\":2,\"name\":\"Boutique\",\"item\":\"https:\\\/\\\/nature-et-developpement.com\\\/ecobati\\\/boutique\\\/\"},{\"@type\":\"ListItem\",\"position\":3,\"name\":\"Construction, cloison et fen\u00eatres\",\"item\":\"https:\\\/\\\/nature-et-developpement.com\\\/ecobati\\\/produits\\\/construction\\\/\"},{\"@type\":\"ListItem\",\"position\":4,\"name\":\"Ma\u00e7onnerie\",\"item\":\"https:\\\/\\\/nature-et-developpement.com\\\/ecobati\\\/produits\\\/construction\\\/maconnerie\\\/\"},{\"@type\":\"ListItem\",\"position\":5,\"name\":\"Corps d&rsquo;Enduit chaux et terre pr\u00eat \u00e0 l&#8217;emploi BATICLAY Argilus\"}]},{\"@type\":\"WebSite\",\"@id\":\"https:\\\/\\\/nature-et-developpement.com\\\/ecobati\\\/#website\",\"url\":\"https:\\\/\\\/nature-et-developpement.com\\\/ecobati\\\/\",\"name\":\"Ecobati Nancy\",\"description\":\"\",\"potentialAction\":[{\"@type\":\"SearchAction\",\"target\":{\"@type\":\"EntryPoint\",\"urlTemplate\":\"https:\\\/\\\/nature-et-developpement.com\\\/ecobati\\\/?s={search_term_string}\"},\"query-input\":{\"@type\":\"PropertyValueSpecification\",\"valueRequired\":true,\"valueName\":\"search_term_string\"}}],\"inLanguage\":\"fr-FR\"}]}<\/script>\n<!-- \/ Yoast SEO plugin. -->","yoast_head_json":{"title":"Corps d'Enduit chaux et terre pr\u00eat \u00e0 l'emploi BATICLAY Argilus - Ecobati Nancy","robots":{"index":"noindex","follow":"nofollow"},"og_locale":"fr_FR","og_type":"article","og_title":"Corps d'Enduit chaux et terre pr\u00eat \u00e0 l'emploi BATICLAY Argilus - Ecobati Nancy","og_description":"Le corps d'enduit BATICLAY s\u2019utilise en murs ext\u00e9rieurs ou int\u00e9rieurs anciens et sur tous types de construction tels que les maisons d\u2019habitation, les granges, d\u00e9pendances, \u00e9curies\u2026etc.  Il s\u2019utilise uniquement en enduit de ragr\u00e9age afin d\u2019obtenir une surface plus homog\u00e8ne et de pouvoir appliquer par la suite un enduit de finition.","og_url":"https:\/\/nature-et-developpement.com\/ecobati\/produit\/corps-d-enduit-chaux-et-terre-pret-a-l-emploi-baticlay-argilus\/","og_site_name":"Ecobati Nancy","article_modified_time":"2026-05-06T14:15:56+00:00","twitter_card":"summary_large_image","twitter_misc":{"Dur\u00e9e de lecture estim\u00e9e":"1 minute"},"schema":{"@context":"https:\/\/schema.org","@graph":[{"@type":"WebPage","@id":"https:\/\/nature-et-developpement.com\/ecobati\/produit\/corps-d-enduit-chaux-et-terre-pret-a-l-emploi-baticlay-argilus\/","url":"https:\/\/nature-et-developpement.com\/ecobati\/produit\/corps-d-enduit-chaux-et-terre-pret-a-l-emploi-baticlay-argilus\/","name":"Corps d'Enduit chaux et terre pr\u00eat \u00e0 l'emploi BATICLAY Argilus - Ecobati Nancy","isPartOf":{"@id":"https:\/\/nature-et-developpement.com\/ecobati\/#website"},"primaryImageOfPage":{"@id":"https:\/\/nature-et-developpement.com\/ecobati\/produit\/corps-d-enduit-chaux-et-terre-pret-a-l-emploi-baticlay-argilus\/#primaryimage"},"image":{"@id":"https:\/\/nature-et-developpement.com\/ecobati\/produit\/corps-d-enduit-chaux-et-terre-pret-a-l-emploi-baticlay-argilus\/#primaryimage"},"thumbnailUrl":"https:\/\/nature-et-developpement.com\/ecobati\/wp-content\/uploads\/Corps-dEnduit-chaux-et-terre-pret-a-lemploi-BATICLAY-Argilus.jpg","datePublished":"2016-12-31T23:00:00+00:00","dateModified":"2026-05-06T14:15:56+00:00","breadcrumb":{"@id":"https:\/\/nature-et-developpement.com\/ecobati\/produit\/corps-d-enduit-chaux-et-terre-pret-a-l-emploi-baticlay-argilus\/#breadcrumb"},"inLanguage":"fr-FR","potentialAction":[{"@type":"ReadAction","target":["https:\/\/nature-et-developpement.com\/ecobati\/produit\/corps-d-enduit-chaux-et-terre-pret-a-l-emploi-baticlay-argilus\/"]}]},{"@type":"ImageObject","inLanguage":"fr-FR","@id":"https:\/\/nature-et-developpement.com\/ecobati\/produit\/corps-d-enduit-chaux-et-terre-pret-a-l-emploi-baticlay-argilus\/#primaryimage","url":"https:\/\/nature-et-developpement.com\/ecobati\/wp-content\/uploads\/Corps-dEnduit-chaux-et-terre-pret-a-lemploi-BATICLAY-Argilus.jpg","contentUrl":"https:\/\/nature-et-developpement.com\/ecobati\/wp-content\/uploads\/Corps-dEnduit-chaux-et-terre-pret-a-lemploi-BATICLAY-Argilus.jpg"},{"@type":"BreadcrumbList","@id":"https:\/\/nature-et-developpement.com\/ecobati\/produit\/corps-d-enduit-chaux-et-terre-pret-a-l-emploi-baticlay-argilus\/#breadcrumb","itemListElement":[{"@type":"ListItem","position":1,"name":"Accueil","item":"https:\/\/nature-et-developpement.com\/ecobati\/"},{"@type":"ListItem","position":2,"name":"Boutique","item":"https:\/\/nature-et-developpement.com\/ecobati\/boutique\/"},{"@type":"ListItem","position":3,"name":"Construction, cloison et fen\u00eatres","item":"https:\/\/nature-et-developpement.com\/ecobati\/produits\/construction\/"},{"@type":"ListItem","position":4,"name":"Ma\u00e7onnerie","item":"https:\/\/nature-et-developpement.com\/ecobati\/produits\/construction\/maconnerie\/"},{"@type":"ListItem","position":5,"name":"Corps d&rsquo;Enduit chaux et terre pr\u00eat \u00e0 l&#8217;emploi BATICLAY Argilus"}]},{"@type":"WebSite","@id":"https:\/\/nature-et-developpement.com\/ecobati\/#website","url":"https:\/\/nature-et-developpement.com\/ecobati\/","name":"Ecobati Nancy","description":"","potentialAction":[{"@type":"SearchAction","target":{"@type":"EntryPoint","urlTemplate":"https:\/\/nature-et-developpement.com\/ecobati\/?s={search_term_string}"},"query-input":{"@type":"PropertyValueSpecification","valueRequired":true,"valueName":"search_term_string"}}],"inLanguage":"fr-FR"}]}},"distributor_meta":false,"distributor_terms":false,"distributor_media":false,"distributor_original_site_name":"Ecobati Nancy","distributor_original_site_url":"https:\/\/nature-et-developpement.com\/ecobati","push-errors":false,"_links":{"self":[{"href":"https:\/\/nature-et-developpement.com\/ecobati\/wp-json\/wp\/v2\/product\/11455","targetHints":{"allow":["GET"]}}],"collection":[{"href":"https:\/\/nature-et-developpement.com\/ecobati\/wp-json\/wp\/v2\/product"}],"about":[{"href":"https:\/\/nature-et-developpement.com\/ecobati\/wp-json\/wp\/v2\/types\/product"}],"wp:featuredmedia":[{"embeddable":true,"href":"https:\/\/nature-et-developpement.com\/ecobati\/wp-json\/"}],"wp:attachment":[{"href":"https:\/\/nature-et-developpement.com\/ecobati\/wp-json\/wp\/v2\/media?parent=11455"}],"wp:term":[{"taxonomy":"product_brand","embeddable":true,"href":"https:\/\/nature-et-developpement.com\/ecobati\/wp-json\/wp\/v2\/product_brand?post=11455"},{"taxonomy":"product_cat","embeddable":true,"href":"https:\/\/nature-et-developpement.com\/ecobati\/wp-json\/wp\/v2\/product_cat?post=11455"},{"taxonomy":"product_tag","embeddable":true,"href":"https:\/\/nature-et-developpement.com\/ecobati\/wp-json\/wp\/v2\/product_tag?post=11455"}],"curies":[{"name":"wp","href":"https:\/\/api.w.org\/{rel}","templated":true}]}}