{"id":12500,"date":"2023-12-16T11:31:39","date_gmt":"2023-12-16T10:31:39","guid":{"rendered":"https:\/\/nature-et-developpement.com\/ecobati\/?post_type=product&#038;p=12500"},"modified":"2025-06-17T15:34:37","modified_gmt":"2025-06-17T13:34:37","slug":"matgreen-paille-de-riz","status":"publish","type":"product","link":"https:\/\/nature-et-developpement.com\/ecobati\/produit\/matgreen-paille-de-riz\/","title":{"rendered":"MATGREEN PAILLE DE RIZ"},"content":{"rendered":"<p>[ DESTOCKAGE]<\/p>\n<p>La paille de riz de chez MATGREEN est disponible en 80mm ( 7.07\u20ac TTC ), 160mm ( 12,01\u20ac TTC ), 180mm( 13,52\u20ac TTC ), 200mm ( 15.02\u20ac TTC ) en 1,2X0,6M.<\/p>\n","protected":false},"excerpt":{"rendered":"<p>[ DESTOCKAGE] La paille de riz de chez MATGREEN est disponible en 80mm ( 7.07\u20ac TTC ), 160mm ( 12,01\u20ac TTC ), 180mm( 13,52\u20ac TTC ), 200mm ( 15.02\u20ac TTC ) en 1,2X0,6M.<\/p>\n","protected":false},"featured_media":12515,"template":"","meta":[],"product_brand":[1694],"product_cat":[34,2638],"product_tag":[],"class_list":{"0":"post-12500","1":"product","2":"type-product","3":"status-publish","4":"has-post-thumbnail","6":"product_brand-matgreen","7":"product_cat-bonne-affaire","8":"product_cat-isolation-interieure","10":"first","11":"instock","12":"featured","13":"taxable","14":"shipping-taxable","15":"purchasable","16":"product-type-variable"},"yoast_head":"<!-- This site is optimized with the Yoast SEO plugin v27.5 - https:\/\/yoast.com\/product\/yoast-seo-wordpress\/ -->\n<title>MATGREEN PAILLE DE RIZ - Ecobati Nancy<\/title>\n<meta name=\"robots\" content=\"noindex, follow\" \/>\n<meta property=\"og:locale\" content=\"fr_FR\" \/>\n<meta property=\"og:type\" content=\"article\" \/>\n<meta property=\"og:title\" content=\"MATGREEN PAILLE DE RIZ - Ecobati Nancy\" \/>\n<meta property=\"og:description\" content=\"[ DESTOCKAGE] La paille de riz de chez MATGREEN est disponible en 80mm ( 7.07\u20ac TTC ), 160mm ( 12,01\u20ac TTC ), 180mm( 13,52\u20ac TTC ), 200mm ( 15.02\u20ac TTC ) en 1,2X0,6M.\" \/>\n<meta property=\"og:url\" content=\"https:\/\/nature-et-developpement.com\/ecobati\/produit\/matgreen-paille-de-riz\/\" \/>\n<meta property=\"og:site_name\" content=\"Ecobati Nancy\" \/>\n<meta property=\"article:modified_time\" content=\"2025-06-17T13:34:37+00:00\" \/>\n<meta property=\"og:image\" content=\"https:\/\/nature-et-developpement.com\/ecobati\/wp-content\/uploads\/sites\/28\/2023\/12\/MATGREEN-PAILLE-DE-RIZ.jpg\" \/>\n\t<meta property=\"og:image:width\" content=\"800\" \/>\n\t<meta property=\"og:image:height\" content=\"800\" \/>\n\t<meta property=\"og:image:type\" content=\"image\/jpeg\" \/>\n<meta name=\"twitter:card\" content=\"summary_large_image\" \/>\n<script type=\"application\/ld+json\" class=\"yoast-schema-graph\">{\"@context\":\"https:\\\/\\\/schema.org\",\"@graph\":[{\"@type\":\"WebPage\",\"@id\":\"https:\\\/\\\/nature-et-developpement.com\\\/ecobati\\\/produit\\\/matgreen-paille-de-riz\\\/\",\"url\":\"https:\\\/\\\/nature-et-developpement.com\\\/ecobati\\\/produit\\\/matgreen-paille-de-riz\\\/\",\"name\":\"MATGREEN PAILLE DE RIZ - Ecobati Nancy\",\"isPartOf\":{\"@id\":\"https:\\\/\\\/nature-et-developpement.com\\\/ecobati\\\/#website\"},\"primaryImageOfPage\":{\"@id\":\"https:\\\/\\\/nature-et-developpement.com\\\/ecobati\\\/produit\\\/matgreen-paille-de-riz\\\/#primaryimage\"},\"image\":{\"@id\":\"https:\\\/\\\/nature-et-developpement.com\\\/ecobati\\\/produit\\\/matgreen-paille-de-riz\\\/#primaryimage\"},\"thumbnailUrl\":\"https:\\\/\\\/nature-et-developpement.com\\\/ecobati\\\/wp-content\\\/uploads\\\/sites\\\/28\\\/2023\\\/12\\\/MATGREEN-PAILLE-DE-RIZ.jpg\",\"datePublished\":\"2023-12-16T10:31:39+00:00\",\"dateModified\":\"2025-06-17T13:34:37+00:00\",\"breadcrumb\":{\"@id\":\"https:\\\/\\\/nature-et-developpement.com\\\/ecobati\\\/produit\\\/matgreen-paille-de-riz\\\/#breadcrumb\"},\"inLanguage\":\"fr-FR\",\"potentialAction\":[{\"@type\":\"ReadAction\",\"target\":[\"https:\\\/\\\/nature-et-developpement.com\\\/ecobati\\\/produit\\\/matgreen-paille-de-riz\\\/\"]}]},{\"@type\":\"ImageObject\",\"inLanguage\":\"fr-FR\",\"@id\":\"https:\\\/\\\/nature-et-developpement.com\\\/ecobati\\\/produit\\\/matgreen-paille-de-riz\\\/#primaryimage\",\"url\":\"https:\\\/\\\/nature-et-developpement.com\\\/ecobati\\\/wp-content\\\/uploads\\\/sites\\\/28\\\/2023\\\/12\\\/MATGREEN-PAILLE-DE-RIZ.jpg\",\"contentUrl\":\"https:\\\/\\\/nature-et-developpement.com\\\/ecobati\\\/wp-content\\\/uploads\\\/sites\\\/28\\\/2023\\\/12\\\/MATGREEN-PAILLE-DE-RIZ.jpg\",\"width\":800,\"height\":800,\"caption\":\"isolant naturel\"},{\"@type\":\"BreadcrumbList\",\"@id\":\"https:\\\/\\\/nature-et-developpement.com\\\/ecobati\\\/produit\\\/matgreen-paille-de-riz\\\/#breadcrumb\",\"itemListElement\":[{\"@type\":\"ListItem\",\"position\":1,\"name\":\"Accueil\",\"item\":\"https:\\\/\\\/nature-et-developpement.com\\\/ecobati\\\/\"},{\"@type\":\"ListItem\",\"position\":2,\"name\":\"Boutique\",\"item\":\"https:\\\/\\\/nature-et-developpement.com\\\/ecobati\\\/boutique\\\/\"},{\"@type\":\"ListItem\",\"position\":3,\"name\":\"Isolation et \u00e9tanch\u00e9it\u00e9\",\"item\":\"https:\\\/\\\/nature-et-developpement.com\\\/ecobati\\\/produits\\\/isolation-et-etancheite\\\/\"},{\"@type\":\"ListItem\",\"position\":4,\"name\":\"Isolation int\u00e9rieure\",\"item\":\"https:\\\/\\\/nature-et-developpement.com\\\/ecobati\\\/produits\\\/isolation-et-etancheite\\\/isolation-interieure\\\/\"},{\"@type\":\"ListItem\",\"position\":5,\"name\":\"MATGREEN PAILLE DE RIZ\"}]},{\"@type\":\"WebSite\",\"@id\":\"https:\\\/\\\/nature-et-developpement.com\\\/ecobati\\\/#website\",\"url\":\"https:\\\/\\\/nature-et-developpement.com\\\/ecobati\\\/\",\"name\":\"Ecobati Nancy\",\"description\":\"\",\"potentialAction\":[{\"@type\":\"SearchAction\",\"target\":{\"@type\":\"EntryPoint\",\"urlTemplate\":\"https:\\\/\\\/nature-et-developpement.com\\\/ecobati\\\/?s={search_term_string}\"},\"query-input\":{\"@type\":\"PropertyValueSpecification\",\"valueRequired\":true,\"valueName\":\"search_term_string\"}}],\"inLanguage\":\"fr-FR\"}]}<\/script>\n<!-- \/ Yoast SEO plugin. -->","yoast_head_json":{"title":"MATGREEN PAILLE DE RIZ - Ecobati Nancy","robots":{"index":"noindex","follow":"follow"},"og_locale":"fr_FR","og_type":"article","og_title":"MATGREEN PAILLE DE RIZ - Ecobati Nancy","og_description":"[ DESTOCKAGE] La paille de riz de chez MATGREEN est disponible en 80mm ( 7.07\u20ac TTC ), 160mm ( 12,01\u20ac TTC ), 180mm( 13,52\u20ac TTC ), 200mm ( 15.02\u20ac TTC ) en 1,2X0,6M.","og_url":"https:\/\/nature-et-developpement.com\/ecobati\/produit\/matgreen-paille-de-riz\/","og_site_name":"Ecobati Nancy","article_modified_time":"2025-06-17T13:34:37+00:00","og_image":[{"width":800,"height":800,"url":"https:\/\/nature-et-developpement.com\/ecobati\/wp-content\/uploads\/sites\/28\/2023\/12\/MATGREEN-PAILLE-DE-RIZ.jpg","type":"image\/jpeg"}],"twitter_card":"summary_large_image","schema":{"@context":"https:\/\/schema.org","@graph":[{"@type":"WebPage","@id":"https:\/\/nature-et-developpement.com\/ecobati\/produit\/matgreen-paille-de-riz\/","url":"https:\/\/nature-et-developpement.com\/ecobati\/produit\/matgreen-paille-de-riz\/","name":"MATGREEN PAILLE DE RIZ - Ecobati Nancy","isPartOf":{"@id":"https:\/\/nature-et-developpement.com\/ecobati\/#website"},"primaryImageOfPage":{"@id":"https:\/\/nature-et-developpement.com\/ecobati\/produit\/matgreen-paille-de-riz\/#primaryimage"},"image":{"@id":"https:\/\/nature-et-developpement.com\/ecobati\/produit\/matgreen-paille-de-riz\/#primaryimage"},"thumbnailUrl":"https:\/\/nature-et-developpement.com\/ecobati\/wp-content\/uploads\/sites\/28\/2023\/12\/MATGREEN-PAILLE-DE-RIZ.jpg","datePublished":"2023-12-16T10:31:39+00:00","dateModified":"2025-06-17T13:34:37+00:00","breadcrumb":{"@id":"https:\/\/nature-et-developpement.com\/ecobati\/produit\/matgreen-paille-de-riz\/#breadcrumb"},"inLanguage":"fr-FR","potentialAction":[{"@type":"ReadAction","target":["https:\/\/nature-et-developpement.com\/ecobati\/produit\/matgreen-paille-de-riz\/"]}]},{"@type":"ImageObject","inLanguage":"fr-FR","@id":"https:\/\/nature-et-developpement.com\/ecobati\/produit\/matgreen-paille-de-riz\/#primaryimage","url":"https:\/\/nature-et-developpement.com\/ecobati\/wp-content\/uploads\/sites\/28\/2023\/12\/MATGREEN-PAILLE-DE-RIZ.jpg","contentUrl":"https:\/\/nature-et-developpement.com\/ecobati\/wp-content\/uploads\/sites\/28\/2023\/12\/MATGREEN-PAILLE-DE-RIZ.jpg","width":800,"height":800,"caption":"isolant naturel"},{"@type":"BreadcrumbList","@id":"https:\/\/nature-et-developpement.com\/ecobati\/produit\/matgreen-paille-de-riz\/#breadcrumb","itemListElement":[{"@type":"ListItem","position":1,"name":"Accueil","item":"https:\/\/nature-et-developpement.com\/ecobati\/"},{"@type":"ListItem","position":2,"name":"Boutique","item":"https:\/\/nature-et-developpement.com\/ecobati\/boutique\/"},{"@type":"ListItem","position":3,"name":"Isolation et \u00e9tanch\u00e9it\u00e9","item":"https:\/\/nature-et-developpement.com\/ecobati\/produits\/isolation-et-etancheite\/"},{"@type":"ListItem","position":4,"name":"Isolation int\u00e9rieure","item":"https:\/\/nature-et-developpement.com\/ecobati\/produits\/isolation-et-etancheite\/isolation-interieure\/"},{"@type":"ListItem","position":5,"name":"MATGREEN PAILLE DE RIZ"}]},{"@type":"WebSite","@id":"https:\/\/nature-et-developpement.com\/ecobati\/#website","url":"https:\/\/nature-et-developpement.com\/ecobati\/","name":"Ecobati Nancy","description":"","potentialAction":[{"@type":"SearchAction","target":{"@type":"EntryPoint","urlTemplate":"https:\/\/nature-et-developpement.com\/ecobati\/?s={search_term_string}"},"query-input":{"@type":"PropertyValueSpecification","valueRequired":true,"valueName":"search_term_string"}}],"inLanguage":"fr-FR"}]}},"distributor_meta":false,"distributor_terms":false,"distributor_media":false,"distributor_original_site_name":"Ecobati Nancy","distributor_original_site_url":"https:\/\/nature-et-developpement.com\/ecobati","push-errors":false,"_links":{"self":[{"href":"https:\/\/nature-et-developpement.com\/ecobati\/wp-json\/wp\/v2\/product\/12500","targetHints":{"allow":["GET"]}}],"collection":[{"href":"https:\/\/nature-et-developpement.com\/ecobati\/wp-json\/wp\/v2\/product"}],"about":[{"href":"https:\/\/nature-et-developpement.com\/ecobati\/wp-json\/wp\/v2\/types\/product"}],"wp:featuredmedia":[{"embeddable":true,"href":"https:\/\/nature-et-developpement.com\/ecobati\/wp-json\/wp\/v2\/media\/12515"}],"wp:attachment":[{"href":"https:\/\/nature-et-developpement.com\/ecobati\/wp-json\/wp\/v2\/media?parent=12500"}],"wp:term":[{"taxonomy":"product_brand","embeddable":true,"href":"https:\/\/nature-et-developpement.com\/ecobati\/wp-json\/wp\/v2\/product_brand?post=12500"},{"taxonomy":"product_cat","embeddable":true,"href":"https:\/\/nature-et-developpement.com\/ecobati\/wp-json\/wp\/v2\/product_cat?post=12500"},{"taxonomy":"product_tag","embeddable":true,"href":"https:\/\/nature-et-developpement.com\/ecobati\/wp-json\/wp\/v2\/product_tag?post=12500"}],"curies":[{"name":"wp","href":"https:\/\/api.w.org\/{rel}","templated":true}]}}