{"id":2972,"date":"2017-01-01T00:00:00","date_gmt":"2016-12-31T23:00:00","guid":{"rendered":"https:\/\/nature-et-developpement.com\/ecobati\/produit\/bouchon-pour-spot-encastre-protection-isolant-vrac\/"},"modified":"2026-03-06T15:41:26","modified_gmt":"2026-03-06T14:41:26","slug":"bouchon-pour-spot-encastre-protection-isolant-vrac","status":"publish","type":"product","link":"https:\/\/nature-et-developpement.com\/ecobati\/produit\/bouchon-pour-spot-encastre-protection-isolant-vrac\/","title":{"rendered":"Bouchon pour spot encastr\u00e9 protection isolant vrac"},"content":{"rendered":"","protected":false},"excerpt":{"rendered":"<p><strong>Sp\u00e9cialement con\u00e7u pour les isolants en vrac.<\/strong><\/p>\n<p>Ce bouchon silicone vient se placer sur le dessus des encastr\u00e9s pour \u00e9viter que l\u2019isolant se r\u00e9pande dans la pi\u00e8ce\u00a0lors du d\u00e9montage du spot pour maintenance ou autre.<\/p>\n","protected":false},"featured_media":1000000158862,"template":"","meta":[],"product_brand":[1161],"product_cat":[2359],"product_tag":[],"class_list":{"0":"post-2972","1":"product","2":"type-product","3":"status-publish","4":"has-post-thumbnail","6":"product_brand-fd-eclairage","7":"product_cat-accessoires","8":"product_shipping_class-petit-equipement-outil-eclairage","10":"first","11":"instock","12":"taxable","13":"shipping-taxable","14":"purchasable","15":"product-type-variable"},"yoast_head":"<!-- This site is optimized with the Yoast SEO plugin v27.5 - https:\/\/yoast.com\/product\/yoast-seo-wordpress\/ -->\n<title>Bouchon pour spot encastr\u00e9 protection isolant vrac - Ecobati Nancy<\/title>\n<meta name=\"robots\" content=\"noindex, nofollow\" \/>\n<meta property=\"og:locale\" content=\"fr_FR\" \/>\n<meta property=\"og:type\" content=\"article\" \/>\n<meta property=\"og:title\" content=\"Bouchon pour spot encastr\u00e9 protection isolant vrac - Ecobati Nancy\" \/>\n<meta property=\"og:description\" content=\"Sp\u00e9cialement con\u00e7u pour les isolants en vrac.  Ce bouchon silicone vient se placer sur le dessus des encastr\u00e9s pour \u00e9viter que l\u2019isolant se r\u00e9pande dans la pi\u00e8ce\u00a0lors du d\u00e9montage du spot pour maintenance ou autre.\" \/>\n<meta property=\"og:url\" content=\"https:\/\/nature-et-developpement.com\/ecobati\/produit\/bouchon-pour-spot-encastre-protection-isolant-vrac\/\" \/>\n<meta property=\"og:site_name\" content=\"Ecobati Nancy\" \/>\n<meta property=\"article:modified_time\" content=\"2026-03-06T14:41:26+00:00\" \/>\n<meta name=\"twitter:card\" content=\"summary_large_image\" \/>\n<script type=\"application\/ld+json\" class=\"yoast-schema-graph\">{\"@context\":\"https:\\\/\\\/schema.org\",\"@graph\":[{\"@type\":\"WebPage\",\"@id\":\"https:\\\/\\\/nature-et-developpement.com\\\/ecobati\\\/produit\\\/bouchon-pour-spot-encastre-protection-isolant-vrac\\\/\",\"url\":\"https:\\\/\\\/nature-et-developpement.com\\\/ecobati\\\/produit\\\/bouchon-pour-spot-encastre-protection-isolant-vrac\\\/\",\"name\":\"Bouchon pour spot encastr\u00e9 protection isolant vrac - Ecobati Nancy\",\"isPartOf\":{\"@id\":\"https:\\\/\\\/nature-et-developpement.com\\\/ecobati\\\/#website\"},\"primaryImageOfPage\":{\"@id\":\"https:\\\/\\\/nature-et-developpement.com\\\/ecobati\\\/produit\\\/bouchon-pour-spot-encastre-protection-isolant-vrac\\\/#primaryimage\"},\"image\":{\"@id\":\"https:\\\/\\\/nature-et-developpement.com\\\/ecobati\\\/produit\\\/bouchon-pour-spot-encastre-protection-isolant-vrac\\\/#primaryimage\"},\"thumbnailUrl\":\"https:\\\/\\\/nature-et-developpement.com\\\/ecobati\\\/wp-content\\\/uploads\\\/BOUCHON-PLAFOND-BS0070.jpg\",\"datePublished\":\"2016-12-31T23:00:00+00:00\",\"dateModified\":\"2026-03-06T14:41:26+00:00\",\"breadcrumb\":{\"@id\":\"https:\\\/\\\/nature-et-developpement.com\\\/ecobati\\\/produit\\\/bouchon-pour-spot-encastre-protection-isolant-vrac\\\/#breadcrumb\"},\"inLanguage\":\"fr-FR\",\"potentialAction\":[{\"@type\":\"ReadAction\",\"target\":[\"https:\\\/\\\/nature-et-developpement.com\\\/ecobati\\\/produit\\\/bouchon-pour-spot-encastre-protection-isolant-vrac\\\/\"]}]},{\"@type\":\"ImageObject\",\"inLanguage\":\"fr-FR\",\"@id\":\"https:\\\/\\\/nature-et-developpement.com\\\/ecobati\\\/produit\\\/bouchon-pour-spot-encastre-protection-isolant-vrac\\\/#primaryimage\",\"url\":\"https:\\\/\\\/nature-et-developpement.com\\\/ecobati\\\/wp-content\\\/uploads\\\/BOUCHON-PLAFOND-BS0070.jpg\",\"contentUrl\":\"https:\\\/\\\/nature-et-developpement.com\\\/ecobati\\\/wp-content\\\/uploads\\\/BOUCHON-PLAFOND-BS0070.jpg\"},{\"@type\":\"BreadcrumbList\",\"@id\":\"https:\\\/\\\/nature-et-developpement.com\\\/ecobati\\\/produit\\\/bouchon-pour-spot-encastre-protection-isolant-vrac\\\/#breadcrumb\",\"itemListElement\":[{\"@type\":\"ListItem\",\"position\":1,\"name\":\"Accueil\",\"item\":\"https:\\\/\\\/nature-et-developpement.com\\\/ecobati\\\/\"},{\"@type\":\"ListItem\",\"position\":2,\"name\":\"Boutique\",\"item\":\"https:\\\/\\\/nature-et-developpement.com\\\/ecobati\\\/boutique\\\/\"},{\"@type\":\"ListItem\",\"position\":3,\"name\":\"Chauffage, eau et \u00e9nergie\",\"item\":\"https:\\\/\\\/nature-et-developpement.com\\\/ecobati\\\/produits\\\/energie-et-ventilation\\\/\"},{\"@type\":\"ListItem\",\"position\":4,\"name\":\"Accessoires\",\"item\":\"https:\\\/\\\/nature-et-developpement.com\\\/ecobati\\\/produits\\\/energie-et-ventilation\\\/accessoires\\\/\"},{\"@type\":\"ListItem\",\"position\":5,\"name\":\"Bouchon pour spot encastr\u00e9 protection isolant vrac\"}]},{\"@type\":\"WebSite\",\"@id\":\"https:\\\/\\\/nature-et-developpement.com\\\/ecobati\\\/#website\",\"url\":\"https:\\\/\\\/nature-et-developpement.com\\\/ecobati\\\/\",\"name\":\"Ecobati Nancy\",\"description\":\"\",\"potentialAction\":[{\"@type\":\"SearchAction\",\"target\":{\"@type\":\"EntryPoint\",\"urlTemplate\":\"https:\\\/\\\/nature-et-developpement.com\\\/ecobati\\\/?s={search_term_string}\"},\"query-input\":{\"@type\":\"PropertyValueSpecification\",\"valueRequired\":true,\"valueName\":\"search_term_string\"}}],\"inLanguage\":\"fr-FR\"}]}<\/script>\n<!-- \/ Yoast SEO plugin. -->","yoast_head_json":{"title":"Bouchon pour spot encastr\u00e9 protection isolant vrac - Ecobati Nancy","robots":{"index":"noindex","follow":"nofollow"},"og_locale":"fr_FR","og_type":"article","og_title":"Bouchon pour spot encastr\u00e9 protection isolant vrac - Ecobati Nancy","og_description":"Sp\u00e9cialement con\u00e7u pour les isolants en vrac.  Ce bouchon silicone vient se placer sur le dessus des encastr\u00e9s pour \u00e9viter que l\u2019isolant se r\u00e9pande dans la pi\u00e8ce\u00a0lors du d\u00e9montage du spot pour maintenance ou autre.","og_url":"https:\/\/nature-et-developpement.com\/ecobati\/produit\/bouchon-pour-spot-encastre-protection-isolant-vrac\/","og_site_name":"Ecobati Nancy","article_modified_time":"2026-03-06T14:41:26+00:00","twitter_card":"summary_large_image","schema":{"@context":"https:\/\/schema.org","@graph":[{"@type":"WebPage","@id":"https:\/\/nature-et-developpement.com\/ecobati\/produit\/bouchon-pour-spot-encastre-protection-isolant-vrac\/","url":"https:\/\/nature-et-developpement.com\/ecobati\/produit\/bouchon-pour-spot-encastre-protection-isolant-vrac\/","name":"Bouchon pour spot encastr\u00e9 protection isolant vrac - Ecobati Nancy","isPartOf":{"@id":"https:\/\/nature-et-developpement.com\/ecobati\/#website"},"primaryImageOfPage":{"@id":"https:\/\/nature-et-developpement.com\/ecobati\/produit\/bouchon-pour-spot-encastre-protection-isolant-vrac\/#primaryimage"},"image":{"@id":"https:\/\/nature-et-developpement.com\/ecobati\/produit\/bouchon-pour-spot-encastre-protection-isolant-vrac\/#primaryimage"},"thumbnailUrl":"https:\/\/nature-et-developpement.com\/ecobati\/wp-content\/uploads\/BOUCHON-PLAFOND-BS0070.jpg","datePublished":"2016-12-31T23:00:00+00:00","dateModified":"2026-03-06T14:41:26+00:00","breadcrumb":{"@id":"https:\/\/nature-et-developpement.com\/ecobati\/produit\/bouchon-pour-spot-encastre-protection-isolant-vrac\/#breadcrumb"},"inLanguage":"fr-FR","potentialAction":[{"@type":"ReadAction","target":["https:\/\/nature-et-developpement.com\/ecobati\/produit\/bouchon-pour-spot-encastre-protection-isolant-vrac\/"]}]},{"@type":"ImageObject","inLanguage":"fr-FR","@id":"https:\/\/nature-et-developpement.com\/ecobati\/produit\/bouchon-pour-spot-encastre-protection-isolant-vrac\/#primaryimage","url":"https:\/\/nature-et-developpement.com\/ecobati\/wp-content\/uploads\/BOUCHON-PLAFOND-BS0070.jpg","contentUrl":"https:\/\/nature-et-developpement.com\/ecobati\/wp-content\/uploads\/BOUCHON-PLAFOND-BS0070.jpg"},{"@type":"BreadcrumbList","@id":"https:\/\/nature-et-developpement.com\/ecobati\/produit\/bouchon-pour-spot-encastre-protection-isolant-vrac\/#breadcrumb","itemListElement":[{"@type":"ListItem","position":1,"name":"Accueil","item":"https:\/\/nature-et-developpement.com\/ecobati\/"},{"@type":"ListItem","position":2,"name":"Boutique","item":"https:\/\/nature-et-developpement.com\/ecobati\/boutique\/"},{"@type":"ListItem","position":3,"name":"Chauffage, eau et \u00e9nergie","item":"https:\/\/nature-et-developpement.com\/ecobati\/produits\/energie-et-ventilation\/"},{"@type":"ListItem","position":4,"name":"Accessoires","item":"https:\/\/nature-et-developpement.com\/ecobati\/produits\/energie-et-ventilation\/accessoires\/"},{"@type":"ListItem","position":5,"name":"Bouchon pour spot encastr\u00e9 protection isolant vrac"}]},{"@type":"WebSite","@id":"https:\/\/nature-et-developpement.com\/ecobati\/#website","url":"https:\/\/nature-et-developpement.com\/ecobati\/","name":"Ecobati Nancy","description":"","potentialAction":[{"@type":"SearchAction","target":{"@type":"EntryPoint","urlTemplate":"https:\/\/nature-et-developpement.com\/ecobati\/?s={search_term_string}"},"query-input":{"@type":"PropertyValueSpecification","valueRequired":true,"valueName":"search_term_string"}}],"inLanguage":"fr-FR"}]}},"distributor_meta":false,"distributor_terms":false,"distributor_media":false,"distributor_original_site_name":"Ecobati Nancy","distributor_original_site_url":"https:\/\/nature-et-developpement.com\/ecobati","push-errors":false,"_links":{"self":[{"href":"https:\/\/nature-et-developpement.com\/ecobati\/wp-json\/wp\/v2\/product\/2972","targetHints":{"allow":["GET"]}}],"collection":[{"href":"https:\/\/nature-et-developpement.com\/ecobati\/wp-json\/wp\/v2\/product"}],"about":[{"href":"https:\/\/nature-et-developpement.com\/ecobati\/wp-json\/wp\/v2\/types\/product"}],"wp:featuredmedia":[{"embeddable":true,"href":"https:\/\/nature-et-developpement.com\/ecobati\/wp-json\/"}],"wp:attachment":[{"href":"https:\/\/nature-et-developpement.com\/ecobati\/wp-json\/wp\/v2\/media?parent=2972"}],"wp:term":[{"taxonomy":"product_brand","embeddable":true,"href":"https:\/\/nature-et-developpement.com\/ecobati\/wp-json\/wp\/v2\/product_brand?post=2972"},{"taxonomy":"product_cat","embeddable":true,"href":"https:\/\/nature-et-developpement.com\/ecobati\/wp-json\/wp\/v2\/product_cat?post=2972"},{"taxonomy":"product_tag","embeddable":true,"href":"https:\/\/nature-et-developpement.com\/ecobati\/wp-json\/wp\/v2\/product_tag?post=2972"}],"curies":[{"name":"wp","href":"https:\/\/api.w.org\/{rel}","templated":true}]}}