{"id":3857,"date":"2017-01-01T00:00:00","date_gmt":"2016-12-31T23:00:00","guid":{"rendered":"https:\/\/nature-et-developpement.com\/ecobati\/produit\/raccord-a-plaque-40mm-pour-spot-apparent-acajou\/"},"modified":"2026-03-06T11:16:59","modified_gmt":"2026-03-06T10:16:59","slug":"raccord-a-plaque-40mm-pour-spot-apparent-acajou","status":"publish","type":"product","link":"https:\/\/nature-et-developpement.com\/ecobati\/produit\/raccord-a-plaque-40mm-pour-spot-apparent-acajou\/","title":{"rendered":"Raccord \u00e0 plaque 40mm pour spot apparent ACAJOU"},"content":{"rendered":"","protected":false},"excerpt":{"rendered":"<p>Raccord \u00e0 plaque, se monte sur les spots apparents de la gamme Acajou (6W).<br \/>\nC&rsquo;est une fixation tr\u00e8s petite et discr\u00e8te qui n\u00e9cessite n\u00e9anmoins de cacher sa connexion dans un trou tr\u00e8s petit derri\u00e8re le raccord \u00e0 plaque.<br \/>\nIl est utilis\u00e9 r\u00e9guli\u00e8rement pour fixer des spots Acajou sur des montants de v\u00e9randa.<\/p>\n","protected":false},"featured_media":1000000158849,"template":"","meta":[],"product_brand":[1161],"product_cat":[2359],"product_tag":[],"class_list":{"0":"post-3857","1":"product","2":"type-product","3":"status-publish","4":"has-post-thumbnail","6":"product_brand-fd-eclairage","7":"product_cat-accessoires","8":"product_shipping_class-petit-equipement-outil-eclairage","10":"first","11":"instock","12":"taxable","13":"shipping-taxable","14":"purchasable","15":"product-type-variable"},"yoast_head":"<!-- This site is optimized with the Yoast SEO plugin v27.5 - https:\/\/yoast.com\/product\/yoast-seo-wordpress\/ -->\n<title>Raccord \u00e0 plaque 40mm pour spot apparent ACAJOU - Ecobati Nancy<\/title>\n<meta name=\"robots\" content=\"noindex, nofollow\" \/>\n<meta property=\"og:locale\" content=\"fr_FR\" \/>\n<meta property=\"og:type\" content=\"article\" \/>\n<meta property=\"og:title\" content=\"Raccord \u00e0 plaque 40mm pour spot apparent ACAJOU - Ecobati Nancy\" \/>\n<meta property=\"og:description\" content=\"Raccord \u00e0 plaque, se monte sur les spots apparents de la gamme Acajou (6W). C&#039;est une fixation tr\u00e8s petite et discr\u00e8te qui n\u00e9cessite n\u00e9anmoins de cacher sa connexion dans un trou tr\u00e8s petit derri\u00e8re le raccord \u00e0 plaque. Il est utilis\u00e9 r\u00e9guli\u00e8rement pour fixer des spots Acajou sur des montants de v\u00e9randa.\" \/>\n<meta property=\"og:url\" content=\"https:\/\/nature-et-developpement.com\/ecobati\/produit\/raccord-a-plaque-40mm-pour-spot-apparent-acajou\/\" \/>\n<meta property=\"og:site_name\" content=\"Ecobati Nancy\" \/>\n<meta property=\"article:modified_time\" content=\"2026-03-06T10:16:59+00:00\" \/>\n<meta name=\"twitter:card\" content=\"summary_large_image\" \/>\n<script type=\"application\/ld+json\" class=\"yoast-schema-graph\">{\"@context\":\"https:\\\/\\\/schema.org\",\"@graph\":[{\"@type\":\"WebPage\",\"@id\":\"https:\\\/\\\/nature-et-developpement.com\\\/ecobati\\\/produit\\\/raccord-a-plaque-40mm-pour-spot-apparent-acajou\\\/\",\"url\":\"https:\\\/\\\/nature-et-developpement.com\\\/ecobati\\\/produit\\\/raccord-a-plaque-40mm-pour-spot-apparent-acajou\\\/\",\"name\":\"Raccord \u00e0 plaque 40mm pour spot apparent ACAJOU - Ecobati Nancy\",\"isPartOf\":{\"@id\":\"https:\\\/\\\/nature-et-developpement.com\\\/ecobati\\\/#website\"},\"primaryImageOfPage\":{\"@id\":\"https:\\\/\\\/nature-et-developpement.com\\\/ecobati\\\/produit\\\/raccord-a-plaque-40mm-pour-spot-apparent-acajou\\\/#primaryimage\"},\"image\":{\"@id\":\"https:\\\/\\\/nature-et-developpement.com\\\/ecobati\\\/produit\\\/raccord-a-plaque-40mm-pour-spot-apparent-acajou\\\/#primaryimage\"},\"thumbnailUrl\":\"https:\\\/\\\/nature-et-developpement.com\\\/ecobati\\\/wp-content\\\/uploads\\\/6W-SPOT-APPARENT-ACAJOU-RACCORD-PLAQUE.jpg\",\"datePublished\":\"2016-12-31T23:00:00+00:00\",\"dateModified\":\"2026-03-06T10:16:59+00:00\",\"breadcrumb\":{\"@id\":\"https:\\\/\\\/nature-et-developpement.com\\\/ecobati\\\/produit\\\/raccord-a-plaque-40mm-pour-spot-apparent-acajou\\\/#breadcrumb\"},\"inLanguage\":\"fr-FR\",\"potentialAction\":[{\"@type\":\"ReadAction\",\"target\":[\"https:\\\/\\\/nature-et-developpement.com\\\/ecobati\\\/produit\\\/raccord-a-plaque-40mm-pour-spot-apparent-acajou\\\/\"]}]},{\"@type\":\"ImageObject\",\"inLanguage\":\"fr-FR\",\"@id\":\"https:\\\/\\\/nature-et-developpement.com\\\/ecobati\\\/produit\\\/raccord-a-plaque-40mm-pour-spot-apparent-acajou\\\/#primaryimage\",\"url\":\"https:\\\/\\\/nature-et-developpement.com\\\/ecobati\\\/wp-content\\\/uploads\\\/6W-SPOT-APPARENT-ACAJOU-RACCORD-PLAQUE.jpg\",\"contentUrl\":\"https:\\\/\\\/nature-et-developpement.com\\\/ecobati\\\/wp-content\\\/uploads\\\/6W-SPOT-APPARENT-ACAJOU-RACCORD-PLAQUE.jpg\"},{\"@type\":\"BreadcrumbList\",\"@id\":\"https:\\\/\\\/nature-et-developpement.com\\\/ecobati\\\/produit\\\/raccord-a-plaque-40mm-pour-spot-apparent-acajou\\\/#breadcrumb\",\"itemListElement\":[{\"@type\":\"ListItem\",\"position\":1,\"name\":\"Accueil\",\"item\":\"https:\\\/\\\/nature-et-developpement.com\\\/ecobati\\\/\"},{\"@type\":\"ListItem\",\"position\":2,\"name\":\"Boutique\",\"item\":\"https:\\\/\\\/nature-et-developpement.com\\\/ecobati\\\/boutique\\\/\"},{\"@type\":\"ListItem\",\"position\":3,\"name\":\"Chauffage, eau et \u00e9nergie\",\"item\":\"https:\\\/\\\/nature-et-developpement.com\\\/ecobati\\\/produits\\\/energie-et-ventilation\\\/\"},{\"@type\":\"ListItem\",\"position\":4,\"name\":\"Accessoires\",\"item\":\"https:\\\/\\\/nature-et-developpement.com\\\/ecobati\\\/produits\\\/energie-et-ventilation\\\/accessoires\\\/\"},{\"@type\":\"ListItem\",\"position\":5,\"name\":\"Raccord \u00e0 plaque 40mm pour spot apparent ACAJOU\"}]},{\"@type\":\"WebSite\",\"@id\":\"https:\\\/\\\/nature-et-developpement.com\\\/ecobati\\\/#website\",\"url\":\"https:\\\/\\\/nature-et-developpement.com\\\/ecobati\\\/\",\"name\":\"Ecobati Nancy\",\"description\":\"\",\"potentialAction\":[{\"@type\":\"SearchAction\",\"target\":{\"@type\":\"EntryPoint\",\"urlTemplate\":\"https:\\\/\\\/nature-et-developpement.com\\\/ecobati\\\/?s={search_term_string}\"},\"query-input\":{\"@type\":\"PropertyValueSpecification\",\"valueRequired\":true,\"valueName\":\"search_term_string\"}}],\"inLanguage\":\"fr-FR\"}]}<\/script>\n<!-- \/ Yoast SEO plugin. -->","yoast_head_json":{"title":"Raccord \u00e0 plaque 40mm pour spot apparent ACAJOU - Ecobati Nancy","robots":{"index":"noindex","follow":"nofollow"},"og_locale":"fr_FR","og_type":"article","og_title":"Raccord \u00e0 plaque 40mm pour spot apparent ACAJOU - Ecobati Nancy","og_description":"Raccord \u00e0 plaque, se monte sur les spots apparents de la gamme Acajou (6W). C'est une fixation tr\u00e8s petite et discr\u00e8te qui n\u00e9cessite n\u00e9anmoins de cacher sa connexion dans un trou tr\u00e8s petit derri\u00e8re le raccord \u00e0 plaque. Il est utilis\u00e9 r\u00e9guli\u00e8rement pour fixer des spots Acajou sur des montants de v\u00e9randa.","og_url":"https:\/\/nature-et-developpement.com\/ecobati\/produit\/raccord-a-plaque-40mm-pour-spot-apparent-acajou\/","og_site_name":"Ecobati Nancy","article_modified_time":"2026-03-06T10:16:59+00:00","twitter_card":"summary_large_image","schema":{"@context":"https:\/\/schema.org","@graph":[{"@type":"WebPage","@id":"https:\/\/nature-et-developpement.com\/ecobati\/produit\/raccord-a-plaque-40mm-pour-spot-apparent-acajou\/","url":"https:\/\/nature-et-developpement.com\/ecobati\/produit\/raccord-a-plaque-40mm-pour-spot-apparent-acajou\/","name":"Raccord \u00e0 plaque 40mm pour spot apparent ACAJOU - Ecobati Nancy","isPartOf":{"@id":"https:\/\/nature-et-developpement.com\/ecobati\/#website"},"primaryImageOfPage":{"@id":"https:\/\/nature-et-developpement.com\/ecobati\/produit\/raccord-a-plaque-40mm-pour-spot-apparent-acajou\/#primaryimage"},"image":{"@id":"https:\/\/nature-et-developpement.com\/ecobati\/produit\/raccord-a-plaque-40mm-pour-spot-apparent-acajou\/#primaryimage"},"thumbnailUrl":"https:\/\/nature-et-developpement.com\/ecobati\/wp-content\/uploads\/6W-SPOT-APPARENT-ACAJOU-RACCORD-PLAQUE.jpg","datePublished":"2016-12-31T23:00:00+00:00","dateModified":"2026-03-06T10:16:59+00:00","breadcrumb":{"@id":"https:\/\/nature-et-developpement.com\/ecobati\/produit\/raccord-a-plaque-40mm-pour-spot-apparent-acajou\/#breadcrumb"},"inLanguage":"fr-FR","potentialAction":[{"@type":"ReadAction","target":["https:\/\/nature-et-developpement.com\/ecobati\/produit\/raccord-a-plaque-40mm-pour-spot-apparent-acajou\/"]}]},{"@type":"ImageObject","inLanguage":"fr-FR","@id":"https:\/\/nature-et-developpement.com\/ecobati\/produit\/raccord-a-plaque-40mm-pour-spot-apparent-acajou\/#primaryimage","url":"https:\/\/nature-et-developpement.com\/ecobati\/wp-content\/uploads\/6W-SPOT-APPARENT-ACAJOU-RACCORD-PLAQUE.jpg","contentUrl":"https:\/\/nature-et-developpement.com\/ecobati\/wp-content\/uploads\/6W-SPOT-APPARENT-ACAJOU-RACCORD-PLAQUE.jpg"},{"@type":"BreadcrumbList","@id":"https:\/\/nature-et-developpement.com\/ecobati\/produit\/raccord-a-plaque-40mm-pour-spot-apparent-acajou\/#breadcrumb","itemListElement":[{"@type":"ListItem","position":1,"name":"Accueil","item":"https:\/\/nature-et-developpement.com\/ecobati\/"},{"@type":"ListItem","position":2,"name":"Boutique","item":"https:\/\/nature-et-developpement.com\/ecobati\/boutique\/"},{"@type":"ListItem","position":3,"name":"Chauffage, eau et \u00e9nergie","item":"https:\/\/nature-et-developpement.com\/ecobati\/produits\/energie-et-ventilation\/"},{"@type":"ListItem","position":4,"name":"Accessoires","item":"https:\/\/nature-et-developpement.com\/ecobati\/produits\/energie-et-ventilation\/accessoires\/"},{"@type":"ListItem","position":5,"name":"Raccord \u00e0 plaque 40mm pour spot apparent ACAJOU"}]},{"@type":"WebSite","@id":"https:\/\/nature-et-developpement.com\/ecobati\/#website","url":"https:\/\/nature-et-developpement.com\/ecobati\/","name":"Ecobati Nancy","description":"","potentialAction":[{"@type":"SearchAction","target":{"@type":"EntryPoint","urlTemplate":"https:\/\/nature-et-developpement.com\/ecobati\/?s={search_term_string}"},"query-input":{"@type":"PropertyValueSpecification","valueRequired":true,"valueName":"search_term_string"}}],"inLanguage":"fr-FR"}]}},"distributor_meta":false,"distributor_terms":false,"distributor_media":false,"distributor_original_site_name":"Ecobati Nancy","distributor_original_site_url":"https:\/\/nature-et-developpement.com\/ecobati","push-errors":false,"_links":{"self":[{"href":"https:\/\/nature-et-developpement.com\/ecobati\/wp-json\/wp\/v2\/product\/3857","targetHints":{"allow":["GET"]}}],"collection":[{"href":"https:\/\/nature-et-developpement.com\/ecobati\/wp-json\/wp\/v2\/product"}],"about":[{"href":"https:\/\/nature-et-developpement.com\/ecobati\/wp-json\/wp\/v2\/types\/product"}],"wp:featuredmedia":[{"embeddable":true,"href":"https:\/\/nature-et-developpement.com\/ecobati\/wp-json\/"}],"wp:attachment":[{"href":"https:\/\/nature-et-developpement.com\/ecobati\/wp-json\/wp\/v2\/media?parent=3857"}],"wp:term":[{"taxonomy":"product_brand","embeddable":true,"href":"https:\/\/nature-et-developpement.com\/ecobati\/wp-json\/wp\/v2\/product_brand?post=3857"},{"taxonomy":"product_cat","embeddable":true,"href":"https:\/\/nature-et-developpement.com\/ecobati\/wp-json\/wp\/v2\/product_cat?post=3857"},{"taxonomy":"product_tag","embeddable":true,"href":"https:\/\/nature-et-developpement.com\/ecobati\/wp-json\/wp\/v2\/product_tag?post=3857"}],"curies":[{"name":"wp","href":"https:\/\/api.w.org\/{rel}","templated":true}]}}