{"id":1174,"date":"2021-01-18T15:30:49","date_gmt":"2021-01-18T14:30:49","guid":{"rendered":"https:\/\/nature-et-developpement.com\/ecomaison\/produit\/blanc-de-meudon-ocres-de-france\/"},"modified":"2025-06-17T10:32:08","modified_gmt":"2025-06-17T08:32:08","slug":"blanc-de-meudon-ocres-de-france","status":"publish","type":"product","link":"https:\/\/nature-et-developpement.com\/ecomaison\/produit\/blanc-de-meudon-ocres-de-france\/","title":{"rendered":"Blanc de meudon Ocres de France"},"content":{"rendered":"","protected":false},"excerpt":{"rendered":"<p>Le Blanc de Meudon agit en tant que charge et opacifiant dans la fabrication d&rsquo;un certain nombre de recettes de peintures traditionnelles, mais \u00e9galement pour la\u00a0pr\u00e9paration des surfaces \u00e0 peindre.<\/p>\n<p>Il\u00a0permet d&rsquo;augmenter la capacit\u00e9 couvrante des peintures et s&rsquo;utilise \u00e9galement comme produit m\u00e9nager<\/p>\n","protected":false},"featured_media":1000000201825,"template":"","meta":[],"product_brand":[4501],"product_cat":[59,451,2823,452,58,56],"product_tag":[],"class_list":{"0":"post-1174","1":"product","2":"type-product","3":"status-publish","4":"has-post-thumbnail","6":"product_brand-ocres-de-france-pigment","7":"product_cat-accessoires-peinture-et-enduit","8":"product_cat-adjuvants","9":"product_cat-demande-de-devis-uniquement-avec-prix","10":"product_cat-droguerie","11":"product_cat-droguerie-et-outils","12":"product_cat-peinture-et-enduit","13":"product_shipping_class-petit-equipement-outil-eclairage","15":"first","16":"instock","17":"taxable","18":"shipping-taxable","19":"purchasable","20":"product-type-variable"},"yoast_head":"<!-- This site is optimized with the Yoast SEO plugin v27.5 - https:\/\/yoast.com\/product\/yoast-seo-wordpress\/ -->\n<title>Blanc de meudon Ocres de France<\/title>\n<meta name=\"description\" content=\"Le Blanc de Meudon agit en tant que charge et opacifiant dans la fabrication d&#039;un certain nombre de recettes de peintures traditionnelles, mais \u00e9galement pour la\u00a0pr\u00e9paration des surfaces \u00e0 peindre.  Il\u00a0permet d&#039;augmenter la capacit\u00e9 couvrante des peintures et s&#039;utilise \u00e9galement comme produit m\u00e9nager\" \/>\n<meta name=\"robots\" content=\"noindex, nofollow\" \/>\n<meta property=\"og:locale\" content=\"fr_FR\" \/>\n<meta property=\"og:type\" content=\"article\" \/>\n<meta property=\"og:title\" content=\"Blanc de meudon Ocres de France\" \/>\n<meta property=\"og:description\" content=\"Le Blanc de Meudon agit en tant que charge et opacifiant dans la fabrication d&#039;un certain nombre de recettes de peintures traditionnelles, mais \u00e9galement pour la\u00a0pr\u00e9paration des surfaces \u00e0 peindre.  Il\u00a0permet d&#039;augmenter la capacit\u00e9 couvrante des peintures et s&#039;utilise \u00e9galement comme produit m\u00e9nager\" \/>\n<meta property=\"og:url\" content=\"https:\/\/nature-et-developpement.com\/ecomaison\/produit\/blanc-de-meudon-ocres-de-france\/\" \/>\n<meta property=\"og:site_name\" content=\"Ecomaison\" \/>\n<meta property=\"article:modified_time\" content=\"2025-06-17T08:32:08+00:00\" \/>\n<meta name=\"twitter:card\" content=\"summary_large_image\" \/>\n<script type=\"application\/ld+json\" class=\"yoast-schema-graph\">{\"@context\":\"https:\\\/\\\/schema.org\",\"@graph\":[{\"@type\":\"WebPage\",\"@id\":\"https:\\\/\\\/nature-et-developpement.com\\\/ecomaison\\\/produit\\\/blanc-de-meudon-ocres-de-france\\\/\",\"url\":\"https:\\\/\\\/nature-et-developpement.com\\\/ecomaison\\\/produit\\\/blanc-de-meudon-ocres-de-france\\\/\",\"name\":\"Blanc de meudon Ocres de France\",\"isPartOf\":{\"@id\":\"https:\\\/\\\/nature-et-developpement.com\\\/ecomaison\\\/#website\"},\"primaryImageOfPage\":{\"@id\":\"https:\\\/\\\/nature-et-developpement.com\\\/ecomaison\\\/produit\\\/blanc-de-meudon-ocres-de-france\\\/#primaryimage\"},\"image\":{\"@id\":\"https:\\\/\\\/nature-et-developpement.com\\\/ecomaison\\\/produit\\\/blanc-de-meudon-ocres-de-france\\\/#primaryimage\"},\"thumbnailUrl\":\"https:\\\/\\\/nature-et-developpement.com\\\/ecomaison\\\/wp-content\\\/uploads\\\/blanc-de-meudon-ocres-de-France.jpg\",\"datePublished\":\"2021-01-18T14:30:49+00:00\",\"dateModified\":\"2025-06-17T08:32:08+00:00\",\"description\":\"Le Blanc de Meudon agit en tant que charge et opacifiant dans la fabrication d'un certain nombre de recettes de peintures traditionnelles, mais \u00e9galement pour la\u00a0pr\u00e9paration des surfaces \u00e0 peindre. Il\u00a0permet d'augmenter la capacit\u00e9 couvrante des peintures et s'utilise \u00e9galement comme produit m\u00e9nager\",\"breadcrumb\":{\"@id\":\"https:\\\/\\\/nature-et-developpement.com\\\/ecomaison\\\/produit\\\/blanc-de-meudon-ocres-de-france\\\/#breadcrumb\"},\"inLanguage\":\"fr-FR\",\"potentialAction\":[{\"@type\":\"ReadAction\",\"target\":[\"https:\\\/\\\/nature-et-developpement.com\\\/ecomaison\\\/produit\\\/blanc-de-meudon-ocres-de-france\\\/\"]}]},{\"@type\":\"ImageObject\",\"inLanguage\":\"fr-FR\",\"@id\":\"https:\\\/\\\/nature-et-developpement.com\\\/ecomaison\\\/produit\\\/blanc-de-meudon-ocres-de-france\\\/#primaryimage\",\"url\":\"https:\\\/\\\/nature-et-developpement.com\\\/ecomaison\\\/wp-content\\\/uploads\\\/blanc-de-meudon-ocres-de-France.jpg\",\"contentUrl\":\"https:\\\/\\\/nature-et-developpement.com\\\/ecomaison\\\/wp-content\\\/uploads\\\/blanc-de-meudon-ocres-de-France.jpg\"},{\"@type\":\"BreadcrumbList\",\"@id\":\"https:\\\/\\\/nature-et-developpement.com\\\/ecomaison\\\/produit\\\/blanc-de-meudon-ocres-de-france\\\/#breadcrumb\",\"itemListElement\":[{\"@type\":\"ListItem\",\"position\":1,\"name\":\"Accueil\",\"item\":\"https:\\\/\\\/nature-et-developpement.com\\\/ecomaison\\\/\"},{\"@type\":\"ListItem\",\"position\":2,\"name\":\"Produits\",\"item\":\"https:\\\/\\\/nature-et-developpement.com\\\/ecomaison\\\/shop\\\/\"},{\"@type\":\"ListItem\",\"position\":3,\"name\":\"Peinture, pigment et enduit\",\"item\":\"https:\\\/\\\/nature-et-developpement.com\\\/ecomaison\\\/produits\\\/peinture-et-enduit\\\/\"},{\"@type\":\"ListItem\",\"position\":4,\"name\":\"Adjuvants\",\"item\":\"https:\\\/\\\/nature-et-developpement.com\\\/ecomaison\\\/produits\\\/peinture-et-enduit\\\/adjuvants\\\/\"},{\"@type\":\"ListItem\",\"position\":5,\"name\":\"Blanc de meudon Ocres de France\"}]},{\"@type\":\"WebSite\",\"@id\":\"https:\\\/\\\/nature-et-developpement.com\\\/ecomaison\\\/#website\",\"url\":\"https:\\\/\\\/nature-et-developpement.com\\\/ecomaison\\\/\",\"name\":\"Ecomaison\",\"description\":\"Ecomaison est membre du groupement Nature &amp; D\u00e9veloppement\",\"publisher\":{\"@id\":\"https:\\\/\\\/nature-et-developpement.com\\\/ecomaison\\\/#organization\"},\"potentialAction\":[{\"@type\":\"SearchAction\",\"target\":{\"@type\":\"EntryPoint\",\"urlTemplate\":\"https:\\\/\\\/nature-et-developpement.com\\\/ecomaison\\\/?s={search_term_string}\"},\"query-input\":{\"@type\":\"PropertyValueSpecification\",\"valueRequired\":true,\"valueName\":\"search_term_string\"}}],\"inLanguage\":\"fr-FR\"},{\"@type\":\"Organization\",\"@id\":\"https:\\\/\\\/nature-et-developpement.com\\\/ecomaison\\\/#organization\",\"name\":\"EcoMaison\",\"url\":\"https:\\\/\\\/nature-et-developpement.com\\\/ecomaison\\\/\",\"logo\":{\"@type\":\"ImageObject\",\"inLanguage\":\"fr-FR\",\"@id\":\"https:\\\/\\\/nature-et-developpement.com\\\/ecomaison\\\/#\\\/schema\\\/logo\\\/image\\\/\",\"url\":\"https:\\\/\\\/nature-et-developpement.com\\\/ecomaison\\\/wp-content\\\/uploads\\\/sites\\\/19\\\/2021\\\/09\\\/logo-ecomaison.jpg\",\"contentUrl\":\"https:\\\/\\\/nature-et-developpement.com\\\/ecomaison\\\/wp-content\\\/uploads\\\/sites\\\/19\\\/2021\\\/09\\\/logo-ecomaison.jpg\",\"width\":1178,\"height\":224,\"caption\":\"EcoMaison\"},\"image\":{\"@id\":\"https:\\\/\\\/nature-et-developpement.com\\\/ecomaison\\\/#\\\/schema\\\/logo\\\/image\\\/\"}}]}<\/script>\n<!-- \/ Yoast SEO plugin. -->","yoast_head_json":{"title":"Blanc de meudon Ocres de France","description":"Le Blanc de Meudon agit en tant que charge et opacifiant dans la fabrication d'un certain nombre de recettes de peintures traditionnelles, mais \u00e9galement pour la\u00a0pr\u00e9paration des surfaces \u00e0 peindre.  Il\u00a0permet d'augmenter la capacit\u00e9 couvrante des peintures et s'utilise \u00e9galement comme produit m\u00e9nager","robots":{"index":"noindex","follow":"nofollow"},"og_locale":"fr_FR","og_type":"article","og_title":"Blanc de meudon Ocres de France","og_description":"Le Blanc de Meudon agit en tant que charge et opacifiant dans la fabrication d'un certain nombre de recettes de peintures traditionnelles, mais \u00e9galement pour la\u00a0pr\u00e9paration des surfaces \u00e0 peindre.  Il\u00a0permet d'augmenter la capacit\u00e9 couvrante des peintures et s'utilise \u00e9galement comme produit m\u00e9nager","og_url":"https:\/\/nature-et-developpement.com\/ecomaison\/produit\/blanc-de-meudon-ocres-de-france\/","og_site_name":"Ecomaison","article_modified_time":"2025-06-17T08:32:08+00:00","twitter_card":"summary_large_image","schema":{"@context":"https:\/\/schema.org","@graph":[{"@type":"WebPage","@id":"https:\/\/nature-et-developpement.com\/ecomaison\/produit\/blanc-de-meudon-ocres-de-france\/","url":"https:\/\/nature-et-developpement.com\/ecomaison\/produit\/blanc-de-meudon-ocres-de-france\/","name":"Blanc de meudon Ocres de France","isPartOf":{"@id":"https:\/\/nature-et-developpement.com\/ecomaison\/#website"},"primaryImageOfPage":{"@id":"https:\/\/nature-et-developpement.com\/ecomaison\/produit\/blanc-de-meudon-ocres-de-france\/#primaryimage"},"image":{"@id":"https:\/\/nature-et-developpement.com\/ecomaison\/produit\/blanc-de-meudon-ocres-de-france\/#primaryimage"},"thumbnailUrl":"https:\/\/nature-et-developpement.com\/ecomaison\/wp-content\/uploads\/blanc-de-meudon-ocres-de-France.jpg","datePublished":"2021-01-18T14:30:49+00:00","dateModified":"2025-06-17T08:32:08+00:00","description":"Le Blanc de Meudon agit en tant que charge et opacifiant dans la fabrication d'un certain nombre de recettes de peintures traditionnelles, mais \u00e9galement pour la\u00a0pr\u00e9paration des surfaces \u00e0 peindre. Il\u00a0permet d'augmenter la capacit\u00e9 couvrante des peintures et s'utilise \u00e9galement comme produit m\u00e9nager","breadcrumb":{"@id":"https:\/\/nature-et-developpement.com\/ecomaison\/produit\/blanc-de-meudon-ocres-de-france\/#breadcrumb"},"inLanguage":"fr-FR","potentialAction":[{"@type":"ReadAction","target":["https:\/\/nature-et-developpement.com\/ecomaison\/produit\/blanc-de-meudon-ocres-de-france\/"]}]},{"@type":"ImageObject","inLanguage":"fr-FR","@id":"https:\/\/nature-et-developpement.com\/ecomaison\/produit\/blanc-de-meudon-ocres-de-france\/#primaryimage","url":"https:\/\/nature-et-developpement.com\/ecomaison\/wp-content\/uploads\/blanc-de-meudon-ocres-de-France.jpg","contentUrl":"https:\/\/nature-et-developpement.com\/ecomaison\/wp-content\/uploads\/blanc-de-meudon-ocres-de-France.jpg"},{"@type":"BreadcrumbList","@id":"https:\/\/nature-et-developpement.com\/ecomaison\/produit\/blanc-de-meudon-ocres-de-france\/#breadcrumb","itemListElement":[{"@type":"ListItem","position":1,"name":"Accueil","item":"https:\/\/nature-et-developpement.com\/ecomaison\/"},{"@type":"ListItem","position":2,"name":"Produits","item":"https:\/\/nature-et-developpement.com\/ecomaison\/shop\/"},{"@type":"ListItem","position":3,"name":"Peinture, pigment et enduit","item":"https:\/\/nature-et-developpement.com\/ecomaison\/produits\/peinture-et-enduit\/"},{"@type":"ListItem","position":4,"name":"Adjuvants","item":"https:\/\/nature-et-developpement.com\/ecomaison\/produits\/peinture-et-enduit\/adjuvants\/"},{"@type":"ListItem","position":5,"name":"Blanc de meudon Ocres de France"}]},{"@type":"WebSite","@id":"https:\/\/nature-et-developpement.com\/ecomaison\/#website","url":"https:\/\/nature-et-developpement.com\/ecomaison\/","name":"Ecomaison","description":"Ecomaison est membre du groupement Nature &amp; D\u00e9veloppement","publisher":{"@id":"https:\/\/nature-et-developpement.com\/ecomaison\/#organization"},"potentialAction":[{"@type":"SearchAction","target":{"@type":"EntryPoint","urlTemplate":"https:\/\/nature-et-developpement.com\/ecomaison\/?s={search_term_string}"},"query-input":{"@type":"PropertyValueSpecification","valueRequired":true,"valueName":"search_term_string"}}],"inLanguage":"fr-FR"},{"@type":"Organization","@id":"https:\/\/nature-et-developpement.com\/ecomaison\/#organization","name":"EcoMaison","url":"https:\/\/nature-et-developpement.com\/ecomaison\/","logo":{"@type":"ImageObject","inLanguage":"fr-FR","@id":"https:\/\/nature-et-developpement.com\/ecomaison\/#\/schema\/logo\/image\/","url":"https:\/\/nature-et-developpement.com\/ecomaison\/wp-content\/uploads\/sites\/19\/2021\/09\/logo-ecomaison.jpg","contentUrl":"https:\/\/nature-et-developpement.com\/ecomaison\/wp-content\/uploads\/sites\/19\/2021\/09\/logo-ecomaison.jpg","width":1178,"height":224,"caption":"EcoMaison"},"image":{"@id":"https:\/\/nature-et-developpement.com\/ecomaison\/#\/schema\/logo\/image\/"}}]}},"distributor_meta":false,"distributor_terms":false,"distributor_media":false,"distributor_original_site_name":"Ecomaison","distributor_original_site_url":"https:\/\/nature-et-developpement.com\/ecomaison","push-errors":false,"_links":{"self":[{"href":"https:\/\/nature-et-developpement.com\/ecomaison\/wp-json\/wp\/v2\/product\/1174","targetHints":{"allow":["GET"]}}],"collection":[{"href":"https:\/\/nature-et-developpement.com\/ecomaison\/wp-json\/wp\/v2\/product"}],"about":[{"href":"https:\/\/nature-et-developpement.com\/ecomaison\/wp-json\/wp\/v2\/types\/product"}],"wp:featuredmedia":[{"embeddable":true,"href":"https:\/\/nature-et-developpement.com\/ecomaison\/wp-json\/"}],"wp:attachment":[{"href":"https:\/\/nature-et-developpement.com\/ecomaison\/wp-json\/wp\/v2\/media?parent=1174"}],"wp:term":[{"taxonomy":"product_brand","embeddable":true,"href":"https:\/\/nature-et-developpement.com\/ecomaison\/wp-json\/wp\/v2\/product_brand?post=1174"},{"taxonomy":"product_cat","embeddable":true,"href":"https:\/\/nature-et-developpement.com\/ecomaison\/wp-json\/wp\/v2\/product_cat?post=1174"},{"taxonomy":"product_tag","embeddable":true,"href":"https:\/\/nature-et-developpement.com\/ecomaison\/wp-json\/wp\/v2\/product_tag?post=1174"}],"curies":[{"name":"wp","href":"https:\/\/api.w.org\/{rel}","templated":true}]}}