{"id":2508,"date":"2017-01-01T00:00:00","date_gmt":"2016-12-31T23:00:00","guid":{"rendered":"https:\/\/nature-et-developpement.com\/ecomaison\/produit\/enduit-naturel-dinterieur-platre-chaux-sable-isohemp\/"},"modified":"2026-01-28T17:21:03","modified_gmt":"2026-01-28T16:21:03","slug":"enduit-naturel-d-interieur-platre-chaux-sable","status":"publish","type":"product","link":"https:\/\/nature-et-developpement.com\/ecomaison\/produit\/enduit-naturel-d-interieur-platre-chaux-sable\/","title":{"rendered":"Enduit naturel d&rsquo;int\u00e9rieur pl\u00e2tre chaux sable Isohemp"},"content":{"rendered":"<p>L\u2019enduit naturel PCS est une solution \u00e9conomique, durable et de qualit\u00e9 sup\u00e9rieure.<\/p>\n<p>Il est compos\u00e9 d\u2019un judicieux m\u00e9lange de pl\u00e2tre naturel, de chaux et de sable id\u00e9al pour enduire vos murs et plafonds int\u00e9rieurs en r\u00e9novation et en nouvelle construction.<\/p>\n<p>Il permet d\u2019obtenir une finition blanche, lisse et moderne pr\u00eate \u00e0 peindre.<\/p>\n","protected":false},"excerpt":{"rendered":"<p>Enduit pr\u00eat \u00e0 peintre naturel et lissable<\/p>\n","protected":false},"featured_media":1000000153872,"template":"","meta":[],"product_brand":[2745],"product_cat":[242,90,2823,162,109,56,143],"product_tag":[4177],"class_list":{"0":"post-2508","1":"product","2":"type-product","3":"status-publish","4":"has-post-thumbnail","6":"product_brand-isohemp","7":"product_cat-accessoires-construction","8":"product_cat-construction","9":"product_cat-demande-de-devis-uniquement-avec-prix","10":"product_cat-enduits-naturels","11":"product_cat-maconnerie","12":"product_cat-peinture-et-enduit","13":"product_cat-preparation-du-support","14":"product_tag-isohemp","15":"product_shipping_class-impact-transport-important","17":"first","18":"onbackorder","19":"taxable","20":"shipping-taxable","21":"purchasable","22":"product-type-variable"},"yoast_head":"<!-- This site is optimized with the Yoast SEO plugin v27.5 - https:\/\/yoast.com\/product\/yoast-seo-wordpress\/ -->\n<title>Enduit naturel d&#039;int\u00e9rieur pl\u00e2tre chaux sable Isohemp<\/title>\n<meta name=\"description\" content=\"Enduit pr\u00eat \u00e0 peintre naturel et lissable\" \/>\n<meta name=\"robots\" content=\"noindex, nofollow\" \/>\n<meta property=\"og:locale\" content=\"fr_FR\" \/>\n<meta property=\"og:type\" content=\"article\" \/>\n<meta property=\"og:title\" content=\"Enduit naturel d&#039;int\u00e9rieur pl\u00e2tre chaux sable Isohemp\" \/>\n<meta property=\"og:description\" content=\"Enduit pr\u00eat \u00e0 peintre naturel et lissable\" \/>\n<meta property=\"og:url\" content=\"https:\/\/nature-et-developpement.com\/ecomaison\/produit\/enduit-naturel-d-interieur-platre-chaux-sable\/\" \/>\n<meta property=\"og:site_name\" content=\"Ecomaison\" \/>\n<meta property=\"article:modified_time\" content=\"2026-01-28T16:21:03+00:00\" \/>\n<meta name=\"twitter:card\" content=\"summary_large_image\" \/>\n<meta name=\"twitter:label1\" content=\"Dur\u00e9e de lecture estim\u00e9e\" \/>\n\t<meta name=\"twitter:data1\" content=\"1 minute\" \/>\n<script type=\"application\/ld+json\" class=\"yoast-schema-graph\">{\"@context\":\"https:\\\/\\\/schema.org\",\"@graph\":[{\"@type\":\"WebPage\",\"@id\":\"https:\\\/\\\/nature-et-developpement.com\\\/ecomaison\\\/produit\\\/enduit-naturel-d-interieur-platre-chaux-sable\\\/\",\"url\":\"https:\\\/\\\/nature-et-developpement.com\\\/ecomaison\\\/produit\\\/enduit-naturel-d-interieur-platre-chaux-sable\\\/\",\"name\":\"Enduit naturel d'int\u00e9rieur pl\u00e2tre chaux sable Isohemp\",\"isPartOf\":{\"@id\":\"https:\\\/\\\/nature-et-developpement.com\\\/ecomaison\\\/#website\"},\"primaryImageOfPage\":{\"@id\":\"https:\\\/\\\/nature-et-developpement.com\\\/ecomaison\\\/produit\\\/enduit-naturel-d-interieur-platre-chaux-sable\\\/#primaryimage\"},\"image\":{\"@id\":\"https:\\\/\\\/nature-et-developpement.com\\\/ecomaison\\\/produit\\\/enduit-naturel-d-interieur-platre-chaux-sable\\\/#primaryimage\"},\"thumbnailUrl\":\"https:\\\/\\\/nature-et-developpement.com\\\/ecomaison\\\/wp-content\\\/uploads\\\/Sac-denduit-naturel-Platre-Chaux-Sable-IsoHemp.jpg\",\"datePublished\":\"2016-12-31T23:00:00+00:00\",\"dateModified\":\"2026-01-28T16:21:03+00:00\",\"description\":\"Enduit pr\u00eat \u00e0 peintre naturel et lissable\",\"breadcrumb\":{\"@id\":\"https:\\\/\\\/nature-et-developpement.com\\\/ecomaison\\\/produit\\\/enduit-naturel-d-interieur-platre-chaux-sable\\\/#breadcrumb\"},\"inLanguage\":\"fr-FR\",\"potentialAction\":[{\"@type\":\"ReadAction\",\"target\":[\"https:\\\/\\\/nature-et-developpement.com\\\/ecomaison\\\/produit\\\/enduit-naturel-d-interieur-platre-chaux-sable\\\/\"]}]},{\"@type\":\"ImageObject\",\"inLanguage\":\"fr-FR\",\"@id\":\"https:\\\/\\\/nature-et-developpement.com\\\/ecomaison\\\/produit\\\/enduit-naturel-d-interieur-platre-chaux-sable\\\/#primaryimage\",\"url\":\"https:\\\/\\\/nature-et-developpement.com\\\/ecomaison\\\/wp-content\\\/uploads\\\/Sac-denduit-naturel-Platre-Chaux-Sable-IsoHemp.jpg\",\"contentUrl\":\"https:\\\/\\\/nature-et-developpement.com\\\/ecomaison\\\/wp-content\\\/uploads\\\/Sac-denduit-naturel-Platre-Chaux-Sable-IsoHemp.jpg\"},{\"@type\":\"BreadcrumbList\",\"@id\":\"https:\\\/\\\/nature-et-developpement.com\\\/ecomaison\\\/produit\\\/enduit-naturel-d-interieur-platre-chaux-sable\\\/#breadcrumb\",\"itemListElement\":[{\"@type\":\"ListItem\",\"position\":1,\"name\":\"Accueil\",\"item\":\"https:\\\/\\\/nature-et-developpement.com\\\/ecomaison\\\/\"},{\"@type\":\"ListItem\",\"position\":2,\"name\":\"Produits\",\"item\":\"https:\\\/\\\/nature-et-developpement.com\\\/ecomaison\\\/shop\\\/\"},{\"@type\":\"ListItem\",\"position\":3,\"name\":\"Construction, cloison et fen\u00eatres\",\"item\":\"https:\\\/\\\/nature-et-developpement.com\\\/ecomaison\\\/produits\\\/construction\\\/\"},{\"@type\":\"ListItem\",\"position\":4,\"name\":\"Ma\u00e7onnerie\",\"item\":\"https:\\\/\\\/nature-et-developpement.com\\\/ecomaison\\\/produits\\\/construction\\\/maconnerie\\\/\"},{\"@type\":\"ListItem\",\"position\":5,\"name\":\"Enduit naturel d&rsquo;int\u00e9rieur pl\u00e2tre chaux sable Isohemp\"}]},{\"@type\":\"WebSite\",\"@id\":\"https:\\\/\\\/nature-et-developpement.com\\\/ecomaison\\\/#website\",\"url\":\"https:\\\/\\\/nature-et-developpement.com\\\/ecomaison\\\/\",\"name\":\"Ecomaison\",\"description\":\"Ecomaison est membre du groupement Nature &amp; D\u00e9veloppement\",\"publisher\":{\"@id\":\"https:\\\/\\\/nature-et-developpement.com\\\/ecomaison\\\/#organization\"},\"potentialAction\":[{\"@type\":\"SearchAction\",\"target\":{\"@type\":\"EntryPoint\",\"urlTemplate\":\"https:\\\/\\\/nature-et-developpement.com\\\/ecomaison\\\/?s={search_term_string}\"},\"query-input\":{\"@type\":\"PropertyValueSpecification\",\"valueRequired\":true,\"valueName\":\"search_term_string\"}}],\"inLanguage\":\"fr-FR\"},{\"@type\":\"Organization\",\"@id\":\"https:\\\/\\\/nature-et-developpement.com\\\/ecomaison\\\/#organization\",\"name\":\"EcoMaison\",\"url\":\"https:\\\/\\\/nature-et-developpement.com\\\/ecomaison\\\/\",\"logo\":{\"@type\":\"ImageObject\",\"inLanguage\":\"fr-FR\",\"@id\":\"https:\\\/\\\/nature-et-developpement.com\\\/ecomaison\\\/#\\\/schema\\\/logo\\\/image\\\/\",\"url\":\"https:\\\/\\\/nature-et-developpement.com\\\/ecomaison\\\/wp-content\\\/uploads\\\/sites\\\/19\\\/2021\\\/09\\\/logo-ecomaison.jpg\",\"contentUrl\":\"https:\\\/\\\/nature-et-developpement.com\\\/ecomaison\\\/wp-content\\\/uploads\\\/sites\\\/19\\\/2021\\\/09\\\/logo-ecomaison.jpg\",\"width\":1178,\"height\":224,\"caption\":\"EcoMaison\"},\"image\":{\"@id\":\"https:\\\/\\\/nature-et-developpement.com\\\/ecomaison\\\/#\\\/schema\\\/logo\\\/image\\\/\"}}]}<\/script>\n<!-- \/ Yoast SEO plugin. -->","yoast_head_json":{"title":"Enduit naturel d'int\u00e9rieur pl\u00e2tre chaux sable Isohemp","description":"Enduit pr\u00eat \u00e0 peintre naturel et lissable","robots":{"index":"noindex","follow":"nofollow"},"og_locale":"fr_FR","og_type":"article","og_title":"Enduit naturel d'int\u00e9rieur pl\u00e2tre chaux sable Isohemp","og_description":"Enduit pr\u00eat \u00e0 peintre naturel et lissable","og_url":"https:\/\/nature-et-developpement.com\/ecomaison\/produit\/enduit-naturel-d-interieur-platre-chaux-sable\/","og_site_name":"Ecomaison","article_modified_time":"2026-01-28T16:21:03+00:00","twitter_card":"summary_large_image","twitter_misc":{"Dur\u00e9e de lecture estim\u00e9e":"1 minute"},"schema":{"@context":"https:\/\/schema.org","@graph":[{"@type":"WebPage","@id":"https:\/\/nature-et-developpement.com\/ecomaison\/produit\/enduit-naturel-d-interieur-platre-chaux-sable\/","url":"https:\/\/nature-et-developpement.com\/ecomaison\/produit\/enduit-naturel-d-interieur-platre-chaux-sable\/","name":"Enduit naturel d'int\u00e9rieur pl\u00e2tre chaux sable Isohemp","isPartOf":{"@id":"https:\/\/nature-et-developpement.com\/ecomaison\/#website"},"primaryImageOfPage":{"@id":"https:\/\/nature-et-developpement.com\/ecomaison\/produit\/enduit-naturel-d-interieur-platre-chaux-sable\/#primaryimage"},"image":{"@id":"https:\/\/nature-et-developpement.com\/ecomaison\/produit\/enduit-naturel-d-interieur-platre-chaux-sable\/#primaryimage"},"thumbnailUrl":"https:\/\/nature-et-developpement.com\/ecomaison\/wp-content\/uploads\/Sac-denduit-naturel-Platre-Chaux-Sable-IsoHemp.jpg","datePublished":"2016-12-31T23:00:00+00:00","dateModified":"2026-01-28T16:21:03+00:00","description":"Enduit pr\u00eat \u00e0 peintre naturel et lissable","breadcrumb":{"@id":"https:\/\/nature-et-developpement.com\/ecomaison\/produit\/enduit-naturel-d-interieur-platre-chaux-sable\/#breadcrumb"},"inLanguage":"fr-FR","potentialAction":[{"@type":"ReadAction","target":["https:\/\/nature-et-developpement.com\/ecomaison\/produit\/enduit-naturel-d-interieur-platre-chaux-sable\/"]}]},{"@type":"ImageObject","inLanguage":"fr-FR","@id":"https:\/\/nature-et-developpement.com\/ecomaison\/produit\/enduit-naturel-d-interieur-platre-chaux-sable\/#primaryimage","url":"https:\/\/nature-et-developpement.com\/ecomaison\/wp-content\/uploads\/Sac-denduit-naturel-Platre-Chaux-Sable-IsoHemp.jpg","contentUrl":"https:\/\/nature-et-developpement.com\/ecomaison\/wp-content\/uploads\/Sac-denduit-naturel-Platre-Chaux-Sable-IsoHemp.jpg"},{"@type":"BreadcrumbList","@id":"https:\/\/nature-et-developpement.com\/ecomaison\/produit\/enduit-naturel-d-interieur-platre-chaux-sable\/#breadcrumb","itemListElement":[{"@type":"ListItem","position":1,"name":"Accueil","item":"https:\/\/nature-et-developpement.com\/ecomaison\/"},{"@type":"ListItem","position":2,"name":"Produits","item":"https:\/\/nature-et-developpement.com\/ecomaison\/shop\/"},{"@type":"ListItem","position":3,"name":"Construction, cloison et fen\u00eatres","item":"https:\/\/nature-et-developpement.com\/ecomaison\/produits\/construction\/"},{"@type":"ListItem","position":4,"name":"Ma\u00e7onnerie","item":"https:\/\/nature-et-developpement.com\/ecomaison\/produits\/construction\/maconnerie\/"},{"@type":"ListItem","position":5,"name":"Enduit naturel d&rsquo;int\u00e9rieur pl\u00e2tre chaux sable Isohemp"}]},{"@type":"WebSite","@id":"https:\/\/nature-et-developpement.com\/ecomaison\/#website","url":"https:\/\/nature-et-developpement.com\/ecomaison\/","name":"Ecomaison","description":"Ecomaison est membre du groupement Nature &amp; D\u00e9veloppement","publisher":{"@id":"https:\/\/nature-et-developpement.com\/ecomaison\/#organization"},"potentialAction":[{"@type":"SearchAction","target":{"@type":"EntryPoint","urlTemplate":"https:\/\/nature-et-developpement.com\/ecomaison\/?s={search_term_string}"},"query-input":{"@type":"PropertyValueSpecification","valueRequired":true,"valueName":"search_term_string"}}],"inLanguage":"fr-FR"},{"@type":"Organization","@id":"https:\/\/nature-et-developpement.com\/ecomaison\/#organization","name":"EcoMaison","url":"https:\/\/nature-et-developpement.com\/ecomaison\/","logo":{"@type":"ImageObject","inLanguage":"fr-FR","@id":"https:\/\/nature-et-developpement.com\/ecomaison\/#\/schema\/logo\/image\/","url":"https:\/\/nature-et-developpement.com\/ecomaison\/wp-content\/uploads\/sites\/19\/2021\/09\/logo-ecomaison.jpg","contentUrl":"https:\/\/nature-et-developpement.com\/ecomaison\/wp-content\/uploads\/sites\/19\/2021\/09\/logo-ecomaison.jpg","width":1178,"height":224,"caption":"EcoMaison"},"image":{"@id":"https:\/\/nature-et-developpement.com\/ecomaison\/#\/schema\/logo\/image\/"}}]}},"distributor_meta":false,"distributor_terms":false,"distributor_media":false,"distributor_original_site_name":"Ecomaison","distributor_original_site_url":"https:\/\/nature-et-developpement.com\/ecomaison","push-errors":false,"_links":{"self":[{"href":"https:\/\/nature-et-developpement.com\/ecomaison\/wp-json\/wp\/v2\/product\/2508","targetHints":{"allow":["GET"]}}],"collection":[{"href":"https:\/\/nature-et-developpement.com\/ecomaison\/wp-json\/wp\/v2\/product"}],"about":[{"href":"https:\/\/nature-et-developpement.com\/ecomaison\/wp-json\/wp\/v2\/types\/product"}],"wp:featuredmedia":[{"embeddable":true,"href":"https:\/\/nature-et-developpement.com\/ecomaison\/wp-json\/"}],"wp:attachment":[{"href":"https:\/\/nature-et-developpement.com\/ecomaison\/wp-json\/wp\/v2\/media?parent=2508"}],"wp:term":[{"taxonomy":"product_brand","embeddable":true,"href":"https:\/\/nature-et-developpement.com\/ecomaison\/wp-json\/wp\/v2\/product_brand?post=2508"},{"taxonomy":"product_cat","embeddable":true,"href":"https:\/\/nature-et-developpement.com\/ecomaison\/wp-json\/wp\/v2\/product_cat?post=2508"},{"taxonomy":"product_tag","embeddable":true,"href":"https:\/\/nature-et-developpement.com\/ecomaison\/wp-json\/wp\/v2\/product_tag?post=2508"}],"curies":[{"name":"wp","href":"https:\/\/api.w.org\/{rel}","templated":true}]}}