{"id":32709,"date":"2020-03-30T18:42:11","date_gmt":"2020-03-30T16:42:11","guid":{"rendered":"https:\/\/nature-et-developpement.com\/ecomaison\/produit\/bac-plat-a-peinture-ocai\/"},"modified":"2026-01-06T14:00:47","modified_gmt":"2026-01-06T13:00:47","slug":"bac-plat-a-peinture-ocai","status":"publish","type":"product","link":"https:\/\/nature-et-developpement.com\/ecomaison\/produit\/bac-plat-a-peinture-ocai\/","title":{"rendered":"Bac plat \u00e0 peinture OCAI"},"content":{"rendered":"","protected":false},"excerpt":{"rendered":"<p>Bac plat en polypropyl\u00e8ne avec grille incorpor\u00e9e.<br \/>\n&#8211; Mod\u00e8le 310 x 230 mm Sp\u00e9cial rouleau 180 mm<br \/>\n&#8211; Mod\u00e8le 300 x 150 mm Sp\u00e9cial rouleau 110 mm (patte de lapin)<\/p>\n","protected":false},"featured_media":1000000167048,"template":"","meta":[],"product_brand":[2737],"product_cat":[58,748,1462,56],"product_tag":[3970],"class_list":{"0":"post-32709","1":"product","2":"type-product","3":"status-publish","4":"has-post-thumbnail","6":"product_brand-ocai","7":"product_cat-droguerie-et-outils","8":"product_cat-outillage","9":"product_cat-outillage-peinture-et-enduit","10":"product_cat-peinture-et-enduit","11":"product_tag-peinture","12":"product_shipping_class-petit-equipement-outil-eclairage","14":"first","15":"instock","16":"taxable","17":"shipping-taxable","18":"purchasable","19":"product-type-variable"},"yoast_head":"<!-- This site is optimized with the Yoast SEO plugin v27.5 - https:\/\/yoast.com\/product\/yoast-seo-wordpress\/ -->\n<title>Bac plat \u00e0 peinture OCAI<\/title>\n<meta name=\"description\" content=\"Bac plat en polypropyl\u00e8ne avec grille incorpor\u00e9e. - Mod\u00e8le 310 x 230 mm Sp\u00e9cial rouleau 180 mm - Mod\u00e8le 300 x 150 mm Sp\u00e9cial rouleau 110 mm (patte de lapin)\" \/>\n<meta name=\"robots\" content=\"noindex, nofollow\" \/>\n<meta property=\"og:locale\" content=\"fr_FR\" \/>\n<meta property=\"og:type\" content=\"article\" \/>\n<meta property=\"og:title\" content=\"Bac plat \u00e0 peinture OCAI\" \/>\n<meta property=\"og:description\" content=\"Bac plat en polypropyl\u00e8ne avec grille incorpor\u00e9e. - Mod\u00e8le 310 x 230 mm Sp\u00e9cial rouleau 180 mm - Mod\u00e8le 300 x 150 mm Sp\u00e9cial rouleau 110 mm (patte de lapin)\" \/>\n<meta property=\"og:url\" content=\"https:\/\/nature-et-developpement.com\/ecomaison\/produit\/bac-plat-a-peinture-ocai\/\" \/>\n<meta property=\"og:site_name\" content=\"Ecomaison\" \/>\n<meta property=\"article:modified_time\" content=\"2026-01-06T13:00:47+00:00\" \/>\n<meta name=\"twitter:card\" content=\"summary_large_image\" \/>\n<script type=\"application\/ld+json\" class=\"yoast-schema-graph\">{\"@context\":\"https:\\\/\\\/schema.org\",\"@graph\":[{\"@type\":\"WebPage\",\"@id\":\"https:\\\/\\\/nature-et-developpement.com\\\/ecomaison\\\/produit\\\/bac-plat-a-peinture-ocai\\\/\",\"url\":\"https:\\\/\\\/nature-et-developpement.com\\\/ecomaison\\\/produit\\\/bac-plat-a-peinture-ocai\\\/\",\"name\":\"Bac plat \u00e0 peinture OCAI\",\"isPartOf\":{\"@id\":\"https:\\\/\\\/nature-et-developpement.com\\\/ecomaison\\\/#website\"},\"primaryImageOfPage\":{\"@id\":\"https:\\\/\\\/nature-et-developpement.com\\\/ecomaison\\\/produit\\\/bac-plat-a-peinture-ocai\\\/#primaryimage\"},\"image\":{\"@id\":\"https:\\\/\\\/nature-et-developpement.com\\\/ecomaison\\\/produit\\\/bac-plat-a-peinture-ocai\\\/#primaryimage\"},\"thumbnailUrl\":\"https:\\\/\\\/nature-et-developpement.com\\\/ecomaison\\\/wp-content\\\/uploads\\\/Bac-plat-a-peinture-OCAI-pour-rouleau-de-180mm.jpg\",\"datePublished\":\"2020-03-30T16:42:11+00:00\",\"dateModified\":\"2026-01-06T13:00:47+00:00\",\"description\":\"Bac plat en polypropyl\u00e8ne avec grille incorpor\u00e9e. - Mod\u00e8le 310 x 230 mm Sp\u00e9cial rouleau 180 mm - Mod\u00e8le 300 x 150 mm Sp\u00e9cial rouleau 110 mm (patte de lapin)\",\"breadcrumb\":{\"@id\":\"https:\\\/\\\/nature-et-developpement.com\\\/ecomaison\\\/produit\\\/bac-plat-a-peinture-ocai\\\/#breadcrumb\"},\"inLanguage\":\"fr-FR\",\"potentialAction\":[{\"@type\":\"ReadAction\",\"target\":[\"https:\\\/\\\/nature-et-developpement.com\\\/ecomaison\\\/produit\\\/bac-plat-a-peinture-ocai\\\/\"]}]},{\"@type\":\"ImageObject\",\"inLanguage\":\"fr-FR\",\"@id\":\"https:\\\/\\\/nature-et-developpement.com\\\/ecomaison\\\/produit\\\/bac-plat-a-peinture-ocai\\\/#primaryimage\",\"url\":\"https:\\\/\\\/nature-et-developpement.com\\\/ecomaison\\\/wp-content\\\/uploads\\\/Bac-plat-a-peinture-OCAI-pour-rouleau-de-180mm.jpg\",\"contentUrl\":\"https:\\\/\\\/nature-et-developpement.com\\\/ecomaison\\\/wp-content\\\/uploads\\\/Bac-plat-a-peinture-OCAI-pour-rouleau-de-180mm.jpg\"},{\"@type\":\"BreadcrumbList\",\"@id\":\"https:\\\/\\\/nature-et-developpement.com\\\/ecomaison\\\/produit\\\/bac-plat-a-peinture-ocai\\\/#breadcrumb\",\"itemListElement\":[{\"@type\":\"ListItem\",\"position\":1,\"name\":\"Accueil\",\"item\":\"https:\\\/\\\/nature-et-developpement.com\\\/ecomaison\\\/\"},{\"@type\":\"ListItem\",\"position\":2,\"name\":\"Produits\",\"item\":\"https:\\\/\\\/nature-et-developpement.com\\\/ecomaison\\\/shop\\\/\"},{\"@type\":\"ListItem\",\"position\":3,\"name\":\"Peinture, pigment et enduit\",\"item\":\"https:\\\/\\\/nature-et-developpement.com\\\/ecomaison\\\/produits\\\/peinture-et-enduit\\\/\"},{\"@type\":\"ListItem\",\"position\":4,\"name\":\"Outillage peinture et enduit\",\"item\":\"https:\\\/\\\/nature-et-developpement.com\\\/ecomaison\\\/produits\\\/peinture-et-enduit\\\/outillage-peinture-et-enduit\\\/\"},{\"@type\":\"ListItem\",\"position\":5,\"name\":\"Bac plat \u00e0 peinture OCAI\"}]},{\"@type\":\"WebSite\",\"@id\":\"https:\\\/\\\/nature-et-developpement.com\\\/ecomaison\\\/#website\",\"url\":\"https:\\\/\\\/nature-et-developpement.com\\\/ecomaison\\\/\",\"name\":\"Ecomaison\",\"description\":\"Ecomaison est membre du groupement Nature &amp; D\u00e9veloppement\",\"publisher\":{\"@id\":\"https:\\\/\\\/nature-et-developpement.com\\\/ecomaison\\\/#organization\"},\"potentialAction\":[{\"@type\":\"SearchAction\",\"target\":{\"@type\":\"EntryPoint\",\"urlTemplate\":\"https:\\\/\\\/nature-et-developpement.com\\\/ecomaison\\\/?s={search_term_string}\"},\"query-input\":{\"@type\":\"PropertyValueSpecification\",\"valueRequired\":true,\"valueName\":\"search_term_string\"}}],\"inLanguage\":\"fr-FR\"},{\"@type\":\"Organization\",\"@id\":\"https:\\\/\\\/nature-et-developpement.com\\\/ecomaison\\\/#organization\",\"name\":\"EcoMaison\",\"url\":\"https:\\\/\\\/nature-et-developpement.com\\\/ecomaison\\\/\",\"logo\":{\"@type\":\"ImageObject\",\"inLanguage\":\"fr-FR\",\"@id\":\"https:\\\/\\\/nature-et-developpement.com\\\/ecomaison\\\/#\\\/schema\\\/logo\\\/image\\\/\",\"url\":\"https:\\\/\\\/nature-et-developpement.com\\\/ecomaison\\\/wp-content\\\/uploads\\\/sites\\\/19\\\/2021\\\/09\\\/logo-ecomaison.jpg\",\"contentUrl\":\"https:\\\/\\\/nature-et-developpement.com\\\/ecomaison\\\/wp-content\\\/uploads\\\/sites\\\/19\\\/2021\\\/09\\\/logo-ecomaison.jpg\",\"width\":1178,\"height\":224,\"caption\":\"EcoMaison\"},\"image\":{\"@id\":\"https:\\\/\\\/nature-et-developpement.com\\\/ecomaison\\\/#\\\/schema\\\/logo\\\/image\\\/\"}}]}<\/script>\n<!-- \/ Yoast SEO plugin. -->","yoast_head_json":{"title":"Bac plat \u00e0 peinture OCAI","description":"Bac plat en polypropyl\u00e8ne avec grille incorpor\u00e9e. - Mod\u00e8le 310 x 230 mm Sp\u00e9cial rouleau 180 mm - Mod\u00e8le 300 x 150 mm Sp\u00e9cial rouleau 110 mm (patte de lapin)","robots":{"index":"noindex","follow":"nofollow"},"og_locale":"fr_FR","og_type":"article","og_title":"Bac plat \u00e0 peinture OCAI","og_description":"Bac plat en polypropyl\u00e8ne avec grille incorpor\u00e9e. - Mod\u00e8le 310 x 230 mm Sp\u00e9cial rouleau 180 mm - Mod\u00e8le 300 x 150 mm Sp\u00e9cial rouleau 110 mm (patte de lapin)","og_url":"https:\/\/nature-et-developpement.com\/ecomaison\/produit\/bac-plat-a-peinture-ocai\/","og_site_name":"Ecomaison","article_modified_time":"2026-01-06T13:00:47+00:00","twitter_card":"summary_large_image","schema":{"@context":"https:\/\/schema.org","@graph":[{"@type":"WebPage","@id":"https:\/\/nature-et-developpement.com\/ecomaison\/produit\/bac-plat-a-peinture-ocai\/","url":"https:\/\/nature-et-developpement.com\/ecomaison\/produit\/bac-plat-a-peinture-ocai\/","name":"Bac plat \u00e0 peinture OCAI","isPartOf":{"@id":"https:\/\/nature-et-developpement.com\/ecomaison\/#website"},"primaryImageOfPage":{"@id":"https:\/\/nature-et-developpement.com\/ecomaison\/produit\/bac-plat-a-peinture-ocai\/#primaryimage"},"image":{"@id":"https:\/\/nature-et-developpement.com\/ecomaison\/produit\/bac-plat-a-peinture-ocai\/#primaryimage"},"thumbnailUrl":"https:\/\/nature-et-developpement.com\/ecomaison\/wp-content\/uploads\/Bac-plat-a-peinture-OCAI-pour-rouleau-de-180mm.jpg","datePublished":"2020-03-30T16:42:11+00:00","dateModified":"2026-01-06T13:00:47+00:00","description":"Bac plat en polypropyl\u00e8ne avec grille incorpor\u00e9e. - Mod\u00e8le 310 x 230 mm Sp\u00e9cial rouleau 180 mm - Mod\u00e8le 300 x 150 mm Sp\u00e9cial rouleau 110 mm (patte de lapin)","breadcrumb":{"@id":"https:\/\/nature-et-developpement.com\/ecomaison\/produit\/bac-plat-a-peinture-ocai\/#breadcrumb"},"inLanguage":"fr-FR","potentialAction":[{"@type":"ReadAction","target":["https:\/\/nature-et-developpement.com\/ecomaison\/produit\/bac-plat-a-peinture-ocai\/"]}]},{"@type":"ImageObject","inLanguage":"fr-FR","@id":"https:\/\/nature-et-developpement.com\/ecomaison\/produit\/bac-plat-a-peinture-ocai\/#primaryimage","url":"https:\/\/nature-et-developpement.com\/ecomaison\/wp-content\/uploads\/Bac-plat-a-peinture-OCAI-pour-rouleau-de-180mm.jpg","contentUrl":"https:\/\/nature-et-developpement.com\/ecomaison\/wp-content\/uploads\/Bac-plat-a-peinture-OCAI-pour-rouleau-de-180mm.jpg"},{"@type":"BreadcrumbList","@id":"https:\/\/nature-et-developpement.com\/ecomaison\/produit\/bac-plat-a-peinture-ocai\/#breadcrumb","itemListElement":[{"@type":"ListItem","position":1,"name":"Accueil","item":"https:\/\/nature-et-developpement.com\/ecomaison\/"},{"@type":"ListItem","position":2,"name":"Produits","item":"https:\/\/nature-et-developpement.com\/ecomaison\/shop\/"},{"@type":"ListItem","position":3,"name":"Peinture, pigment et enduit","item":"https:\/\/nature-et-developpement.com\/ecomaison\/produits\/peinture-et-enduit\/"},{"@type":"ListItem","position":4,"name":"Outillage peinture et enduit","item":"https:\/\/nature-et-developpement.com\/ecomaison\/produits\/peinture-et-enduit\/outillage-peinture-et-enduit\/"},{"@type":"ListItem","position":5,"name":"Bac plat \u00e0 peinture OCAI"}]},{"@type":"WebSite","@id":"https:\/\/nature-et-developpement.com\/ecomaison\/#website","url":"https:\/\/nature-et-developpement.com\/ecomaison\/","name":"Ecomaison","description":"Ecomaison est membre du groupement Nature &amp; D\u00e9veloppement","publisher":{"@id":"https:\/\/nature-et-developpement.com\/ecomaison\/#organization"},"potentialAction":[{"@type":"SearchAction","target":{"@type":"EntryPoint","urlTemplate":"https:\/\/nature-et-developpement.com\/ecomaison\/?s={search_term_string}"},"query-input":{"@type":"PropertyValueSpecification","valueRequired":true,"valueName":"search_term_string"}}],"inLanguage":"fr-FR"},{"@type":"Organization","@id":"https:\/\/nature-et-developpement.com\/ecomaison\/#organization","name":"EcoMaison","url":"https:\/\/nature-et-developpement.com\/ecomaison\/","logo":{"@type":"ImageObject","inLanguage":"fr-FR","@id":"https:\/\/nature-et-developpement.com\/ecomaison\/#\/schema\/logo\/image\/","url":"https:\/\/nature-et-developpement.com\/ecomaison\/wp-content\/uploads\/sites\/19\/2021\/09\/logo-ecomaison.jpg","contentUrl":"https:\/\/nature-et-developpement.com\/ecomaison\/wp-content\/uploads\/sites\/19\/2021\/09\/logo-ecomaison.jpg","width":1178,"height":224,"caption":"EcoMaison"},"image":{"@id":"https:\/\/nature-et-developpement.com\/ecomaison\/#\/schema\/logo\/image\/"}}]}},"distributor_meta":false,"distributor_terms":false,"distributor_media":false,"distributor_original_site_name":"Ecomaison","distributor_original_site_url":"https:\/\/nature-et-developpement.com\/ecomaison","push-errors":false,"_links":{"self":[{"href":"https:\/\/nature-et-developpement.com\/ecomaison\/wp-json\/wp\/v2\/product\/32709","targetHints":{"allow":["GET"]}}],"collection":[{"href":"https:\/\/nature-et-developpement.com\/ecomaison\/wp-json\/wp\/v2\/product"}],"about":[{"href":"https:\/\/nature-et-developpement.com\/ecomaison\/wp-json\/wp\/v2\/types\/product"}],"wp:featuredmedia":[{"embeddable":true,"href":"https:\/\/nature-et-developpement.com\/ecomaison\/wp-json\/"}],"wp:attachment":[{"href":"https:\/\/nature-et-developpement.com\/ecomaison\/wp-json\/wp\/v2\/media?parent=32709"}],"wp:term":[{"taxonomy":"product_brand","embeddable":true,"href":"https:\/\/nature-et-developpement.com\/ecomaison\/wp-json\/wp\/v2\/product_brand?post=32709"},{"taxonomy":"product_cat","embeddable":true,"href":"https:\/\/nature-et-developpement.com\/ecomaison\/wp-json\/wp\/v2\/product_cat?post=32709"},{"taxonomy":"product_tag","embeddable":true,"href":"https:\/\/nature-et-developpement.com\/ecomaison\/wp-json\/wp\/v2\/product_tag?post=32709"}],"curies":[{"name":"wp","href":"https:\/\/api.w.org\/{rel}","templated":true}]}}