{"id":5,"date":"2025-02-06T15:32:10","date_gmt":"2025-02-06T14:32:10","guid":{"rendered":"https:\/\/nature-et-developpement.com\/ekoetikmateriaux\/panier\/"},"modified":"2025-05-12T09:20:31","modified_gmt":"2025-05-12T07:20:31","slug":"panier","status":"publish","type":"page","link":"https:\/\/nature-et-developpement.com\/ekoetikmateriaux\/panier\/","title":{"rendered":"Panier"},"content":{"rendered":"\n<div data-block-name=\"woocommerce\/cart\" class=\"wp-block-woocommerce-cart alignwide is-loading\">\n<div data-block-name=\"woocommerce\/filled-cart-block\" class=\"wp-block-woocommerce-filled-cart-block\">\n<div data-block-name=\"woocommerce\/cart-items-block\" class=\"wp-block-woocommerce-cart-items-block\">\n<div data-block-name=\"woocommerce\/cart-line-items-block\" class=\"wp-block-woocommerce-cart-line-items-block\"><\/div>\n\n\n\n<div data-block-name=\"woocommerce\/cart-cross-sells-block\" class=\"wp-block-woocommerce-cart-cross-sells-block\">\n<h2 class=\"wp-block-heading has-large-font-size\">\u00c7a peut vous int\u00e9resser&#8230;<\/h2>\n\n\n\n<div data-block-name=\"woocommerce\/cart-cross-sells-products-block\" class=\"wp-block-woocommerce-cart-cross-sells-products-block\"><\/div>\n<\/div>\n<\/div>\n\n\n\n<div data-block-name=\"woocommerce\/cart-totals-block\" class=\"wp-block-woocommerce-cart-totals-block\">\n<div data-block-name=\"woocommerce\/cart-order-summary-block\" class=\"wp-block-woocommerce-cart-order-summary-block\">\n<div data-block-name=\"woocommerce\/cart-order-summary-heading-block\" class=\"wp-block-woocommerce-cart-order-summary-heading-block\"><\/div><div data-block-name=\"woocommerce\/cart-order-summary-coupon-form-block\" class=\"wp-block-woocommerce-cart-order-summary-coupon-form-block\"><\/div><div data-block-name=\"woocommerce\/cart-order-summary-totals-block\" class=\"wp-block-woocommerce-cart-order-summary-totals-block\">\n<div data-block-name=\"woocommerce\/cart-order-summary-subtotal-block\" class=\"wp-block-woocommerce-cart-order-summary-subtotal-block\"><\/div>\n<div data-block-name=\"woocommerce\/cart-order-summary-discount-block\" class=\"wp-block-woocommerce-cart-order-summary-discount-block\"><\/div>\n<div data-block-name=\"woocommerce\/cart-order-summary-fee-block\" class=\"wp-block-woocommerce-cart-order-summary-fee-block\"><\/div>\n<div data-block-name=\"woocommerce\/cart-order-summary-shipping-block\" class=\"wp-block-woocommerce-cart-order-summary-shipping-block\"><\/div>\n<div data-block-name=\"woocommerce\/cart-order-summary-taxes-block\" class=\"wp-block-woocommerce-cart-order-summary-taxes-block\"><\/div><\/div>\n<\/div>\n\n\n\n<div data-block-name=\"woocommerce\/cart-express-payment-block\" class=\"wp-block-woocommerce-cart-express-payment-block\"><\/div>\n\n\n\n<div data-block-name=\"woocommerce\/proceed-to-checkout-block\" class=\"wp-block-woocommerce-proceed-to-checkout-block\"><\/div>\n\n\n\n<div data-block-name=\"woocommerce\/cart-accepted-payment-methods-block\" class=\"wp-block-woocommerce-cart-accepted-payment-methods-block\"><\/div>\n<\/div>\n<\/div>\n\n\n\n<div data-block-name=\"woocommerce\/empty-cart-block\" class=\"wp-block-woocommerce-empty-cart-block\">\n<h2 class=\"wp-block-heading has-text-align-center with-empty-cart-icon wc-block-cart__empty-cart__title\">Votre panier est actuellement vide\u00a0!<\/h2>\n\n\n\n<hr class=\"wp-block-separator has-alpha-channel-opacity is-style-dots\"\/>\n\n\n\n<h2 class=\"wp-block-heading has-text-align-center\">Nouveau dans la boutique<\/h2>\n\n\n<div data-block-name=\"woocommerce\/product-new\" data-columns=\"4\" data-rows=\"1\" class=\"wc-block-grid wp-block-product-new wp-block-woocommerce-product-new wc-block-product-new has-4-columns\"><ul class=\"wc-block-grid__products\"><li class=\"wc-block-grid__product\">\n\t\t\t\t<a href=\"https:\/\/nature-et-developpement.com\/ekoetikmateriaux\/produit\/revetement-sol-mineral-interieur-epais-granito-beton-cire-argiofloor\/\" class=\"wc-block-grid__product-link\">\n\t\t\t\t\t\n\t\t\t\t\t<div class=\"wc-block-grid__product-image\"><img loading=\"lazy\" decoding=\"async\" width=\"450\" height=\"450\" src=\"https:\/\/nature-et-developpement.com\/ekoetikmateriaux\/wp-content\/uploads\/sol-mineral-interieur-beton-cire-argiofloor-salon-450x450.jpg\" class=\"attachment-woocommerce_thumbnail size-woocommerce_thumbnail\" alt=\"Rev\u00eatement de sol min\u00e9ral int\u00e9rieur \u00e9pais type granito ou b\u00e9ton cir\u00e9 ArgioFloor\" srcset=\"https:\/\/nature-et-developpement.com\/ekoetikmateriaux\/wp-content\/uploads\/sol-mineral-interieur-beton-cire-argiofloor-salon-450x450.jpg 450w, https:\/\/nature-et-developpement.com\/ekoetikmateriaux\/wp-content\/uploads\/sol-mineral-interieur-beton-cire-argiofloor-salon-250x250.jpg 250w, https:\/\/nature-et-developpement.com\/ekoetikmateriaux\/wp-content\/uploads\/sol-mineral-interieur-beton-cire-argiofloor-salon-768x768.jpg 768w, https:\/\/nature-et-developpement.com\/ekoetikmateriaux\/wp-content\/uploads\/sol-mineral-interieur-beton-cire-argiofloor-salon-600x600.jpg 600w, https:\/\/nature-et-developpement.com\/ekoetikmateriaux\/wp-content\/uploads\/sol-mineral-interieur-beton-cire-argiofloor-salon-100x100.jpg 100w, https:\/\/nature-et-developpement.com\/ekoetikmateriaux\/wp-content\/uploads\/sol-mineral-interieur-beton-cire-argiofloor-salon.jpg 800w\" sizes=\"auto, (max-width: 450px) 100vw, 450px\" \/><\/div>\n\t\t\t\t\t<div class=\"wc-block-grid__product-title\">Rev\u00eatement de sol min\u00e9ral int\u00e9rieur \u00e9pais type granito ou b\u00e9ton cir\u00e9 ArgioFloor<\/div>\n\t\t\t\t<\/a>\n\t\t\t\t<div class=\"wc-block-grid__product-price price\"><\/div>\n\t\t\t\t\n\t\t\t\t<div class=\"wp-block-button wc-block-grid__product-add-to-cart\"><a href=\"https:\/\/nature-et-developpement.com\/ekoetikmateriaux\/produit\/revetement-sol-mineral-interieur-epais-granito-beton-cire-argiofloor\/\" aria-label=\"S\u00e9lectionner les options pour &ldquo;Rev\u00eatement de sol min\u00e9ral int\u00e9rieur \u00e9pais type granito ou b\u00e9ton cir\u00e9 ArgioFloor&rdquo;\" data-quantity=\"1\" data-product_id=\"204970\" data-product_sku=\"\" data-price=\"0\" rel=\"nofollow\" class=\"wp-block-button__link  add_to_cart_button\">Choix des options<\/a><\/div>\n\t\t\t<\/li><li class=\"wc-block-grid__product\">\n\t\t\t\t<a href=\"https:\/\/nature-et-developpement.com\/ekoetikmateriaux\/produit\/suspente-simple-easytop-zifort\/\" class=\"wc-block-grid__product-link\">\n\t\t\t\t\t\n\t\t\t\t\t<div class=\"wc-block-grid__product-image\"><img loading=\"lazy\" decoding=\"async\" width=\"450\" height=\"450\" src=\"https:\/\/nature-et-developpement.com\/ekoetikmateriaux\/wp-content\/uploads\/suspente-simple-easytop-zifort-isolation-combles-450x450.jpg\" class=\"attachment-woocommerce_thumbnail size-woocommerce_thumbnail\" alt=\"Suspente simple Easytop Zifort pour isolation des combles\" srcset=\"https:\/\/nature-et-developpement.com\/ekoetikmateriaux\/wp-content\/uploads\/suspente-simple-easytop-zifort-isolation-combles-450x450.jpg 450w, https:\/\/nature-et-developpement.com\/ekoetikmateriaux\/wp-content\/uploads\/suspente-simple-easytop-zifort-isolation-combles-250x250.jpg 250w, https:\/\/nature-et-developpement.com\/ekoetikmateriaux\/wp-content\/uploads\/suspente-simple-easytop-zifort-isolation-combles-768x768.jpg 768w, https:\/\/nature-et-developpement.com\/ekoetikmateriaux\/wp-content\/uploads\/suspente-simple-easytop-zifort-isolation-combles-600x600.jpg 600w, https:\/\/nature-et-developpement.com\/ekoetikmateriaux\/wp-content\/uploads\/suspente-simple-easytop-zifort-isolation-combles-100x100.jpg 100w, https:\/\/nature-et-developpement.com\/ekoetikmateriaux\/wp-content\/uploads\/suspente-simple-easytop-zifort-isolation-combles.jpg 800w\" sizes=\"auto, (max-width: 450px) 100vw, 450px\" \/><\/div>\n\t\t\t\t\t<div class=\"wc-block-grid__product-title\">Suspente simple Easytop Zifort pour isolation des combles<\/div>\n\t\t\t\t<\/a>\n\t\t\t\t<div class=\"wc-block-grid__product-price price\"><\/div>\n\t\t\t\t\n\t\t\t\t<div class=\"wp-block-button wc-block-grid__product-add-to-cart\"><a href=\"https:\/\/nature-et-developpement.com\/ekoetikmateriaux\/produit\/suspente-simple-easytop-zifort\/\" aria-label=\"S\u00e9lectionner les options pour &ldquo;Suspente simple Easytop Zifort pour isolation des combles&rdquo;\" data-quantity=\"1\" data-product_id=\"204503\" data-product_sku=\"\" data-price=\"3.23\" rel=\"nofollow\" class=\"wp-block-button__link  add_to_cart_button\">Choix des options<\/a><\/div>\n\t\t\t<\/li><li class=\"wc-block-grid__product\">\n\t\t\t\t<a href=\"https:\/\/nature-et-developpement.com\/ekoetikmateriaux\/produit\/suspente-reglable-easytop-20-30-zifort\/\" class=\"wc-block-grid__product-link\">\n\t\t\t\t\t\n\t\t\t\t\t<div class=\"wc-block-grid__product-image\"><img loading=\"lazy\" decoding=\"async\" width=\"450\" height=\"450\" src=\"https:\/\/nature-et-developpement.com\/ekoetikmateriaux\/wp-content\/uploads\/suspente-reglable-easytop-20-30-zifort-isolation-combles-450x450.jpg\" class=\"attachment-woocommerce_thumbnail size-woocommerce_thumbnail\" alt=\"Suspente r\u00e9glable Easytop 20-30 Zifort pour isolation des combles\" srcset=\"https:\/\/nature-et-developpement.com\/ekoetikmateriaux\/wp-content\/uploads\/suspente-reglable-easytop-20-30-zifort-isolation-combles-450x450.jpg 450w, https:\/\/nature-et-developpement.com\/ekoetikmateriaux\/wp-content\/uploads\/suspente-reglable-easytop-20-30-zifort-isolation-combles-250x250.jpg 250w, https:\/\/nature-et-developpement.com\/ekoetikmateriaux\/wp-content\/uploads\/suspente-reglable-easytop-20-30-zifort-isolation-combles-768x768.jpg 768w, https:\/\/nature-et-developpement.com\/ekoetikmateriaux\/wp-content\/uploads\/suspente-reglable-easytop-20-30-zifort-isolation-combles-600x600.jpg 600w, https:\/\/nature-et-developpement.com\/ekoetikmateriaux\/wp-content\/uploads\/suspente-reglable-easytop-20-30-zifort-isolation-combles-100x100.jpg 100w, https:\/\/nature-et-developpement.com\/ekoetikmateriaux\/wp-content\/uploads\/suspente-reglable-easytop-20-30-zifort-isolation-combles.jpg 800w\" sizes=\"auto, (max-width: 450px) 100vw, 450px\" \/><\/div>\n\t\t\t\t\t<div class=\"wc-block-grid__product-title\">Suspente r\u00e9glable Easytop 20-30 Zifort pour isolation des combles<\/div>\n\t\t\t\t<\/a>\n\t\t\t\t<div class=\"wc-block-grid__product-price price\"><\/div>\n\t\t\t\t\n\t\t\t\t<div class=\"wp-block-button wc-block-grid__product-add-to-cart\"><a href=\"https:\/\/nature-et-developpement.com\/ekoetikmateriaux\/produit\/suspente-reglable-easytop-20-30-zifort\/\" aria-label=\"S\u00e9lectionner les options pour &ldquo;Suspente r\u00e9glable Easytop 20-30 Zifort pour isolation des combles&rdquo;\" data-quantity=\"1\" data-product_id=\"204500\" data-product_sku=\"\" data-price=\"3.84\" rel=\"nofollow\" class=\"wp-block-button__link  add_to_cart_button\">Choix des options<\/a><\/div>\n\t\t\t<\/li><li class=\"wc-block-grid__product\">\n\t\t\t\t<a href=\"https:\/\/nature-et-developpement.com\/ekoetikmateriaux\/produit\/appui-intermediaire-easyfix-zifort-accessoire-isolation-interieure\/\" class=\"wc-block-grid__product-link\">\n\t\t\t\t\t\n\t\t\t\t\t<div class=\"wc-block-grid__product-image\"><img loading=\"lazy\" decoding=\"async\" width=\"450\" height=\"450\" src=\"https:\/\/nature-et-developpement.com\/ekoetikmateriaux\/wp-content\/uploads\/appui-intermediaire-easyfix-zifort-accessoire-ossature-isolation-mur-interieur-450x450.jpg\" class=\"attachment-woocommerce_thumbnail size-woocommerce_thumbnail\" alt=\"Appui interm\u00e9diaire Easyfix Zifort pour isolation int\u00e9rieure\" srcset=\"https:\/\/nature-et-developpement.com\/ekoetikmateriaux\/wp-content\/uploads\/appui-intermediaire-easyfix-zifort-accessoire-ossature-isolation-mur-interieur-450x450.jpg 450w, https:\/\/nature-et-developpement.com\/ekoetikmateriaux\/wp-content\/uploads\/appui-intermediaire-easyfix-zifort-accessoire-ossature-isolation-mur-interieur-250x250.jpg 250w, https:\/\/nature-et-developpement.com\/ekoetikmateriaux\/wp-content\/uploads\/appui-intermediaire-easyfix-zifort-accessoire-ossature-isolation-mur-interieur-768x768.jpg 768w, https:\/\/nature-et-developpement.com\/ekoetikmateriaux\/wp-content\/uploads\/appui-intermediaire-easyfix-zifort-accessoire-ossature-isolation-mur-interieur-600x600.jpg 600w, https:\/\/nature-et-developpement.com\/ekoetikmateriaux\/wp-content\/uploads\/appui-intermediaire-easyfix-zifort-accessoire-ossature-isolation-mur-interieur-100x100.jpg 100w, https:\/\/nature-et-developpement.com\/ekoetikmateriaux\/wp-content\/uploads\/appui-intermediaire-easyfix-zifort-accessoire-ossature-isolation-mur-interieur.jpg 800w\" sizes=\"auto, (max-width: 450px) 100vw, 450px\" \/><\/div>\n\t\t\t\t\t<div class=\"wc-block-grid__product-title\">Appui interm\u00e9diaire Easyfix Zifort pour isolation int\u00e9rieure<\/div>\n\t\t\t\t<\/a>\n\t\t\t\t<div class=\"wc-block-grid__product-price price\"><\/div>\n\t\t\t\t\n\t\t\t\t<div class=\"wp-block-button wc-block-grid__product-add-to-cart\"><a href=\"https:\/\/nature-et-developpement.com\/ekoetikmateriaux\/produit\/appui-intermediaire-easyfix-zifort-accessoire-isolation-interieure\/\" aria-label=\"S\u00e9lectionner les options pour &ldquo;Appui interm\u00e9diaire Easyfix Zifort pour isolation int\u00e9rieure&rdquo;\" data-quantity=\"1\" data-product_id=\"204482\" data-product_sku=\"\" data-price=\"2.88\" rel=\"nofollow\" class=\"wp-block-button__link  add_to_cart_button\">Choix des options<\/a><\/div>\n\t\t\t<\/li><\/ul><\/div><\/div>\n<\/div>\n","protected":false},"excerpt":{"rendered":"","protected":false},"author":1,"featured_media":0,"parent":0,"menu_order":0,"comment_status":"closed","ping_status":"closed","template":"","meta":{"footnotes":""},"class_list":["post-5","page","type-page","status-publish","hentry"],"yoast_head":"<!-- This site is optimized with the Yoast SEO plugin v27.5 - https:\/\/yoast.com\/product\/yoast-seo-wordpress\/ -->\n<title>Panier<\/title>\n<meta name=\"description\" content=\"\u00c7a peut vous int\u00e9resser...                            Votre panier est actuellement vide\u00a0!    Nouveau dans la boutique\" \/>\n<meta name=\"robots\" content=\"index, follow, max-snippet:-1, max-image-preview:large, max-video-preview:-1\" \/>\n<link rel=\"canonical\" href=\"https:\/\/nature-et-developpement.com\/ekoetikmateriaux\/panier\/\" \/>\n<meta property=\"og:locale\" content=\"fr_FR\" \/>\n<meta property=\"og:type\" content=\"article\" \/>\n<meta property=\"og:title\" content=\"Panier\" \/>\n<meta property=\"og:description\" content=\"\u00c7a peut vous int\u00e9resser...                            Votre panier est actuellement vide\u00a0!    Nouveau dans la boutique\" \/>\n<meta property=\"og:url\" content=\"https:\/\/nature-et-developpement.com\/ekoetikmateriaux\/panier\/\" \/>\n<meta property=\"og:site_name\" content=\"Eko Etik Mat\u00e9riaux\" \/>\n<meta property=\"article:modified_time\" content=\"2025-05-12T07:20:31+00:00\" \/>\n<meta name=\"twitter:card\" content=\"summary_large_image\" \/>\n<script type=\"application\/ld+json\" class=\"yoast-schema-graph\">{\"@context\":\"https:\\\/\\\/schema.org\",\"@graph\":[{\"@type\":\"WebPage\",\"@id\":\"https:\\\/\\\/nature-et-developpement.com\\\/ekoetikmateriaux\\\/panier\\\/\",\"url\":\"https:\\\/\\\/nature-et-developpement.com\\\/ekoetikmateriaux\\\/panier\\\/\",\"name\":\"Panier\",\"isPartOf\":{\"@id\":\"https:\\\/\\\/nature-et-developpement.com\\\/ekoetikmateriaux\\\/#website\"},\"datePublished\":\"2025-02-06T14:32:10+00:00\",\"dateModified\":\"2025-05-12T07:20:31+00:00\",\"description\":\"\u00c7a peut vous int\u00e9resser... Votre panier est actuellement vide\u00a0! Nouveau dans la boutique\",\"breadcrumb\":{\"@id\":\"https:\\\/\\\/nature-et-developpement.com\\\/ekoetikmateriaux\\\/panier\\\/#breadcrumb\"},\"inLanguage\":\"fr-FR\",\"potentialAction\":[{\"@type\":\"ReadAction\",\"target\":[\"https:\\\/\\\/nature-et-developpement.com\\\/ekoetikmateriaux\\\/panier\\\/\"]}]},{\"@type\":\"BreadcrumbList\",\"@id\":\"https:\\\/\\\/nature-et-developpement.com\\\/ekoetikmateriaux\\\/panier\\\/#breadcrumb\",\"itemListElement\":[{\"@type\":\"ListItem\",\"position\":1,\"name\":\"Accueil\",\"item\":\"https:\\\/\\\/nature-et-developpement.com\\\/ekoetikmateriaux\\\/\"},{\"@type\":\"ListItem\",\"position\":2,\"name\":\"Panier\"}]},{\"@type\":\"WebSite\",\"@id\":\"https:\\\/\\\/nature-et-developpement.com\\\/ekoetikmateriaux\\\/#website\",\"url\":\"https:\\\/\\\/nature-et-developpement.com\\\/ekoetikmateriaux\\\/\",\"name\":\"Eko Etik Mat\u00e9riaux\",\"description\":\"Eko Etik Materiaux est membre du groupement Nature &amp; D\u00e9veloppement\",\"publisher\":{\"@id\":\"https:\\\/\\\/nature-et-developpement.com\\\/ekoetikmateriaux\\\/#organization\"},\"potentialAction\":[{\"@type\":\"SearchAction\",\"target\":{\"@type\":\"EntryPoint\",\"urlTemplate\":\"https:\\\/\\\/nature-et-developpement.com\\\/ekoetikmateriaux\\\/?s={search_term_string}\"},\"query-input\":{\"@type\":\"PropertyValueSpecification\",\"valueRequired\":true,\"valueName\":\"search_term_string\"}}],\"inLanguage\":\"fr-FR\"},{\"@type\":\"Organization\",\"@id\":\"https:\\\/\\\/nature-et-developpement.com\\\/ekoetikmateriaux\\\/#organization\",\"name\":\"Eko Etik Mat\u00e9riaux\",\"url\":\"https:\\\/\\\/nature-et-developpement.com\\\/ekoetikmateriaux\\\/\",\"logo\":{\"@type\":\"ImageObject\",\"inLanguage\":\"fr-FR\",\"@id\":\"https:\\\/\\\/nature-et-developpement.com\\\/ekoetikmateriaux\\\/#\\\/schema\\\/logo\\\/image\\\/\",\"url\":\"https:\\\/\\\/nature-et-developpement.com\\\/ekoetikmateriaux\\\/wp-content\\\/uploads\\\/sites\\\/30\\\/2025\\\/02\\\/cropped-eko-etik-materiaux-2-1.png\",\"contentUrl\":\"https:\\\/\\\/nature-et-developpement.com\\\/ekoetikmateriaux\\\/wp-content\\\/uploads\\\/sites\\\/30\\\/2025\\\/02\\\/cropped-eko-etik-materiaux-2-1.png\",\"width\":512,\"height\":512,\"caption\":\"Eko Etik Mat\u00e9riaux\"},\"image\":{\"@id\":\"https:\\\/\\\/nature-et-developpement.com\\\/ekoetikmateriaux\\\/#\\\/schema\\\/logo\\\/image\\\/\"}}]}<\/script>\n<!-- \/ Yoast SEO plugin. -->","yoast_head_json":{"title":"Panier","description":"\u00c7a peut vous int\u00e9resser...                            Votre panier est actuellement vide\u00a0!    Nouveau dans la boutique","robots":{"index":"index","follow":"follow","max-snippet":"max-snippet:-1","max-image-preview":"max-image-preview:large","max-video-preview":"max-video-preview:-1"},"canonical":"https:\/\/nature-et-developpement.com\/ekoetikmateriaux\/panier\/","og_locale":"fr_FR","og_type":"article","og_title":"Panier","og_description":"\u00c7a peut vous int\u00e9resser...                            Votre panier est actuellement vide\u00a0!    Nouveau dans la boutique","og_url":"https:\/\/nature-et-developpement.com\/ekoetikmateriaux\/panier\/","og_site_name":"Eko Etik Mat\u00e9riaux","article_modified_time":"2025-05-12T07:20:31+00:00","twitter_card":"summary_large_image","schema":{"@context":"https:\/\/schema.org","@graph":[{"@type":"WebPage","@id":"https:\/\/nature-et-developpement.com\/ekoetikmateriaux\/panier\/","url":"https:\/\/nature-et-developpement.com\/ekoetikmateriaux\/panier\/","name":"Panier","isPartOf":{"@id":"https:\/\/nature-et-developpement.com\/ekoetikmateriaux\/#website"},"datePublished":"2025-02-06T14:32:10+00:00","dateModified":"2025-05-12T07:20:31+00:00","description":"\u00c7a peut vous int\u00e9resser... Votre panier est actuellement vide\u00a0! Nouveau dans la boutique","breadcrumb":{"@id":"https:\/\/nature-et-developpement.com\/ekoetikmateriaux\/panier\/#breadcrumb"},"inLanguage":"fr-FR","potentialAction":[{"@type":"ReadAction","target":["https:\/\/nature-et-developpement.com\/ekoetikmateriaux\/panier\/"]}]},{"@type":"BreadcrumbList","@id":"https:\/\/nature-et-developpement.com\/ekoetikmateriaux\/panier\/#breadcrumb","itemListElement":[{"@type":"ListItem","position":1,"name":"Accueil","item":"https:\/\/nature-et-developpement.com\/ekoetikmateriaux\/"},{"@type":"ListItem","position":2,"name":"Panier"}]},{"@type":"WebSite","@id":"https:\/\/nature-et-developpement.com\/ekoetikmateriaux\/#website","url":"https:\/\/nature-et-developpement.com\/ekoetikmateriaux\/","name":"Eko Etik Mat\u00e9riaux","description":"Eko Etik Materiaux est membre du groupement Nature &amp; D\u00e9veloppement","publisher":{"@id":"https:\/\/nature-et-developpement.com\/ekoetikmateriaux\/#organization"},"potentialAction":[{"@type":"SearchAction","target":{"@type":"EntryPoint","urlTemplate":"https:\/\/nature-et-developpement.com\/ekoetikmateriaux\/?s={search_term_string}"},"query-input":{"@type":"PropertyValueSpecification","valueRequired":true,"valueName":"search_term_string"}}],"inLanguage":"fr-FR"},{"@type":"Organization","@id":"https:\/\/nature-et-developpement.com\/ekoetikmateriaux\/#organization","name":"Eko Etik Mat\u00e9riaux","url":"https:\/\/nature-et-developpement.com\/ekoetikmateriaux\/","logo":{"@type":"ImageObject","inLanguage":"fr-FR","@id":"https:\/\/nature-et-developpement.com\/ekoetikmateriaux\/#\/schema\/logo\/image\/","url":"https:\/\/nature-et-developpement.com\/ekoetikmateriaux\/wp-content\/uploads\/sites\/30\/2025\/02\/cropped-eko-etik-materiaux-2-1.png","contentUrl":"https:\/\/nature-et-developpement.com\/ekoetikmateriaux\/wp-content\/uploads\/sites\/30\/2025\/02\/cropped-eko-etik-materiaux-2-1.png","width":512,"height":512,"caption":"Eko Etik Mat\u00e9riaux"},"image":{"@id":"https:\/\/nature-et-developpement.com\/ekoetikmateriaux\/#\/schema\/logo\/image\/"}}]}},"distributor_meta":false,"distributor_terms":false,"distributor_media":false,"distributor_original_site_name":"Eko Etik Mat\u00e9riaux","distributor_original_site_url":"https:\/\/nature-et-developpement.com\/ekoetikmateriaux","push-errors":false,"_links":{"self":[{"href":"https:\/\/nature-et-developpement.com\/ekoetikmateriaux\/wp-json\/wp\/v2\/pages\/5","targetHints":{"allow":["GET"]}}],"collection":[{"href":"https:\/\/nature-et-developpement.com\/ekoetikmateriaux\/wp-json\/wp\/v2\/pages"}],"about":[{"href":"https:\/\/nature-et-developpement.com\/ekoetikmateriaux\/wp-json\/wp\/v2\/types\/page"}],"author":[{"embeddable":true,"href":"https:\/\/nature-et-developpement.com\/ekoetikmateriaux\/wp-json\/wp\/v2\/users\/1"}],"replies":[{"embeddable":true,"href":"https:\/\/nature-et-developpement.com\/ekoetikmateriaux\/wp-json\/wp\/v2\/comments?post=5"}],"version-history":[{"count":1,"href":"https:\/\/nature-et-developpement.com\/ekoetikmateriaux\/wp-json\/wp\/v2\/pages\/5\/revisions"}],"predecessor-version":[{"id":726,"href":"https:\/\/nature-et-developpement.com\/ekoetikmateriaux\/wp-json\/wp\/v2\/pages\/5\/revisions\/726"}],"wp:attachment":[{"href":"https:\/\/nature-et-developpement.com\/ekoetikmateriaux\/wp-json\/wp\/v2\/media?parent=5"}],"curies":[{"name":"wp","href":"https:\/\/api.w.org\/{rel}","templated":true}]}}