{"id":204633,"date":"2022-06-21T12:10:16","date_gmt":"2022-06-21T10:10:16","guid":{"rendered":"https:\/\/nature-et-developpement.com\/ekoetikmateriaux\/produit\/peinture-facade-keim-twinstar\/"},"modified":"2026-04-30T19:21:31","modified_gmt":"2026-04-30T17:21:31","slug":"peinture-facade-keim-twinstar","status":"publish","type":"product","link":"https:\/\/nature-et-developpement.com\/ekoetikmateriaux\/produit\/peinture-facade-keim-twinstar\/","title":{"rendered":"Peinture fa\u00e7ade KEIM Twinstar garantie Couleur 20 ans sans biocide"},"content":{"rendered":"<h2>KEIM Twinstar est une r\u00e9volution pour la fa\u00e7ade et pour le peintre.<\/h2>\n<p>Elle s\u2019applique sur supports min\u00e9raux, organiques bien adh\u00e9rents et composites (supports h\u00e9t\u00e9rog\u00e8nes \u00e0 la fois organiques et min\u00e9raux), en masquant le fa\u00efen\u00e7age et les microfissures jusqu&rsquo;\u00e0 0,5 mm sans apport de grain.<\/p>\n<p>Cette peinture min\u00e9rale double liant s&rsquo;applique en 2 passes frais dans frais pour une productivit\u00e9 accrue.<\/p>\n<p>KEIM Twinstar s&rsquo;utilise aussi bien pour les travaux neufs que pour la r\u00e9novation d&rsquo;anciennes fa\u00e7ades et d&rsquo;anciennes ITE.<\/p>\n<p>Ininflammable, sans COV et sans biocide, elle est labellis\u00e9e natureplus et dispose de la Garantie Couleur 20 ans.<\/p>\n<p><strong>LES AVANTAGE DE TWINSTAR :<\/strong><\/p>\n<p>\u2013 S&rsquo;applique en 2 passes frais dans frais<br \/>\n\u2013 Assimil\u00e9e \u00e0 une peinture D3<br \/>\n\u2013 Garantie Couleur 20 ans<br \/>\n\u2013 Sans biocide, natureplus<br \/>\n\u2013 Id\u00e9ale pour la r\u00e9novation d&rsquo;anciennes fa\u00e7ades \/ ITE<br \/>\n\u2013 S\u00e9chage rapide<br \/>\n\u2013\u00a0Surface fine et compacte<br \/>\n\u2013\u00a0Aspect mat profond<\/p>\n<p><strong>Teinte<\/strong><br \/>\nDisponible en blanc et dans les teintes des nuanciers KEIM de couleurs pastel et moyennes.<\/p>\n<p>Non r\u00e9alisables en teintes fonc\u00e9es et en concentr\u00e9s de teintes.<\/p>\n<p><strong>Application<\/strong><br \/>\nBrosse fa\u00e7ade carr\u00e9e, rouleau \u00e0 m\u00e9ch\u00e9 long 24 mm, projection m\u00e9canis\u00e9e avec buse 539<\/p>\n<p><strong>Consommation<\/strong><br \/>\nminimum 0,400 kg\/m\u00b2 en deux passes frais dans frais<\/p>\n<p><strong>Conditionnement<\/strong><br \/>\nSeau plastique de 5 kg et 18 kg.<\/p>\n<h4><strong>R\u00e9f\u00e9rences de teintes et de classes de prix TWINSTAR KEIM<\/strong><\/h4>\n<p>Le tableau ci-dessous regroupe les teintes des diff\u00e9rents nuanciers KEIM selon 2 classes de prix distinctes : CP1 et CP2.<\/p>\n<p>La classe de prix 1 (CP1) correspond aux teintes pastel ; la classe de prix 2 (CP2) correspond aux teintes moyennes.<\/p>\n<p>Par ailleurs, toutes les teintes ne sont pas r\u00e9alisables en fonction du syst\u00e8me KEIM.<\/p>\n<p>Ainsi les teintes qui n&rsquo;apparaissent pas dans le tableau relatif au syst\u00e8me ne sont tout simplement pas faisables.<\/p>\n<p><img loading=\"lazy\" decoding=\"async\" class=\"alignnone wp-image-169397 size-full\" src=\"https:\/\/nature-et-developpement.com\/wp-content\/uploads\/References-de-teintes-et-de-classes-de-prix-TWINSTAR-KEIM.jpg\" alt=\"\" width=\"800\" height=\"717\" \/><\/p>\n<p><strong>Commande<\/strong><br \/>\nAjoutez le chiffre de la couleur choisie dans la case \u00ab\u00a0Compl\u00e9ments\u00a0\u00bb.<\/p>\n","protected":false},"excerpt":{"rendered":"<p><strong><a class=\"btn btn-default\" href=\"https:\/\/nature-et-developpement.com\/wp-content\/uploads\/cms\/KEIM\/Spektrum_KEIM.pdf\" target=\"_blank\" rel=\"noopener\"><img loading=\"lazy\" decoding=\"async\" class=\"alignleft wp-image-108482\" src=\"https:\/\/nature-et-developpement.com\/wp-content\/uploads\/cms\/NATURA\/COULEURS_2020-450x450.jpg\" alt=\"\" width=\"30\" height=\"30\" \/><\/a><a href=\"https:\/\/nature-et-developpement.com\/wp-content\/uploads\/Spektrum_KEIM-ND.pdf\" target=\"_blank\" rel=\"noopener\">Choisissez votre couleur<\/a><\/strong><br \/>\n<a href=\"https:\/\/nature-et-developpement.com\/wp-content\/uploads\/Tableau-reference-des-teintes-et-classes-de-prix-Twinstar.pdf\" target=\"_blank\" rel=\"noopener\"><strong>Retrouvez votre classe de prix<\/strong><\/a><\/p>\n<p>KEIM Twinstar est une peinture innovante \u00e9labor\u00e9e \u00e0 base d\u2019un double liant sol-silicate (silicate de potassium \/ sol de silice), dont la formulation permet d&rsquo;obtenir des fa\u00e7ades durablement propres avec un haut rendement.<br \/>\nGr\u00e2ce \u00e0 sa formulation innovante, les propri\u00e9t\u00e9s de pose et de s\u00e9chage sp\u00e9cifiques permettent d&rsquo;appliquer la couche de fond et la couche de finition sans intervalle de temps de s\u00e9chage.<br \/>\nSa combinaison intelligente de diff\u00e9rents m\u00e9canismes d&rsquo;action, KEIM Twinstar est la solution s\u00e9curis\u00e9e contre la prolif\u00e9ration d&rsquo;algues et de moisissures et ce, sans ajout d&rsquo;agents biocides dans sa composition.<\/p>\n","protected":false},"featured_media":1000000201203,"template":"","meta":[],"product_brand":[955],"product_cat":[124],"product_tag":[954],"class_list":{"0":"post-204633","1":"product","2":"type-product","3":"status-publish","4":"has-post-thumbnail","6":"product_brand-keim","7":"product_cat-peinture-ecologique","8":"product_tag-peinture","9":"product_shipping_class-peintures-accessoires-peintures","11":"first","12":"instock","13":"taxable","14":"shipping-taxable","15":"purchasable","16":"product-type-variable"},"yoast_head":"<!-- This site is optimized with the Yoast SEO plugin v27.5 - https:\/\/yoast.com\/product\/yoast-seo-wordpress\/ -->\n<title>Peinture fa\u00e7ade KEIM Twinstar garantie Couleur 20 ans sans biocide<\/title>\n<meta name=\"description\" content=\"Choisissez votre couleur Retrouvez votre classe de prix  KEIM Twinstar est une peinture innovante \u00e9labor\u00e9e \u00e0 base d\u2019un double liant sol-silicate (silicate de potassium \/ sol de silice), dont la formulation permet d&#039;obtenir des fa\u00e7ades durablement propres avec un haut rendement. Gr\u00e2ce \u00e0 sa formulation innovante, les propri\u00e9t\u00e9s de pose et de s\u00e9chage sp\u00e9cifiques permettent d&#039;appliquer la couche de fond et la couche de finition sans intervalle de temps de s\u00e9chage. Sa combinaison intelligente de diff\u00e9rents m\u00e9canismes d&#039;action, KEIM Twinstar est la solution s\u00e9curis\u00e9e contre la prolif\u00e9ration d&#039;algues et de moisissures et ce, sans ajout d&#039;agents biocides dans sa composition.\" \/>\n<meta name=\"robots\" content=\"noindex, follow\" \/>\n<meta property=\"og:locale\" content=\"fr_FR\" \/>\n<meta property=\"og:type\" content=\"article\" \/>\n<meta property=\"og:title\" content=\"Peinture fa\u00e7ade KEIM Twinstar garantie Couleur 20 ans sans biocide\" \/>\n<meta property=\"og:description\" content=\"Choisissez votre couleur Retrouvez votre classe de prix  KEIM Twinstar est une peinture innovante \u00e9labor\u00e9e \u00e0 base d\u2019un double liant sol-silicate (silicate de potassium \/ sol de silice), dont la formulation permet d&#039;obtenir des fa\u00e7ades durablement propres avec un haut rendement. Gr\u00e2ce \u00e0 sa formulation innovante, les propri\u00e9t\u00e9s de pose et de s\u00e9chage sp\u00e9cifiques permettent d&#039;appliquer la couche de fond et la couche de finition sans intervalle de temps de s\u00e9chage. Sa combinaison intelligente de diff\u00e9rents m\u00e9canismes d&#039;action, KEIM Twinstar est la solution s\u00e9curis\u00e9e contre la prolif\u00e9ration d&#039;algues et de moisissures et ce, sans ajout d&#039;agents biocides dans sa composition.\" \/>\n<meta property=\"og:url\" content=\"https:\/\/nature-et-developpement.com\/ekoetikmateriaux\/produit\/peinture-facade-keim-twinstar\/\" \/>\n<meta property=\"og:site_name\" content=\"Eko Etik Mat\u00e9riaux\" \/>\n<meta property=\"article:modified_time\" content=\"2026-04-30T17:21:31+00:00\" \/>\n<meta name=\"twitter:card\" content=\"summary_large_image\" \/>\n<meta name=\"twitter:label1\" content=\"Dur\u00e9e de lecture estim\u00e9e\" \/>\n\t<meta name=\"twitter:data1\" content=\"2 minutes\" \/>\n<script type=\"application\/ld+json\" class=\"yoast-schema-graph\">{\"@context\":\"https:\\\/\\\/schema.org\",\"@graph\":[{\"@type\":\"WebPage\",\"@id\":\"https:\\\/\\\/nature-et-developpement.com\\\/ekoetikmateriaux\\\/produit\\\/peinture-facade-keim-twinstar\\\/\",\"url\":\"https:\\\/\\\/nature-et-developpement.com\\\/ekoetikmateriaux\\\/produit\\\/peinture-facade-keim-twinstar\\\/\",\"name\":\"Peinture fa\u00e7ade KEIM Twinstar garantie Couleur 20 ans sans biocide\",\"isPartOf\":{\"@id\":\"https:\\\/\\\/nature-et-developpement.com\\\/ekoetikmateriaux\\\/#website\"},\"primaryImageOfPage\":{\"@id\":\"https:\\\/\\\/nature-et-developpement.com\\\/ekoetikmateriaux\\\/produit\\\/peinture-facade-keim-twinstar\\\/#primaryimage\"},\"image\":{\"@id\":\"https:\\\/\\\/nature-et-developpement.com\\\/ekoetikmateriaux\\\/produit\\\/peinture-facade-keim-twinstar\\\/#primaryimage\"},\"thumbnailUrl\":\"https:\\\/\\\/nature-et-developpement.com\\\/ekoetikmateriaux\\\/wp-content\\\/uploads\\\/Peinture-facade-KEIM-Twinstar-garantie-Couleur-20-ans-sans-biocide-18Kg.jpg\",\"datePublished\":\"2022-06-21T10:10:16+00:00\",\"dateModified\":\"2026-04-30T17:21:31+00:00\",\"description\":\"Choisissez votre couleur Retrouvez votre classe de prix KEIM Twinstar est une peinture innovante \u00e9labor\u00e9e \u00e0 base d\u2019un double liant sol-silicate (silicate de potassium \\\/ sol de silice), dont la formulation permet d'obtenir des fa\u00e7ades durablement propres avec un haut rendement. Gr\u00e2ce \u00e0 sa formulation innovante, les propri\u00e9t\u00e9s de pose et de s\u00e9chage sp\u00e9cifiques permettent d'appliquer la couche de fond et la couche de finition sans intervalle de temps de s\u00e9chage. Sa combinaison intelligente de diff\u00e9rents m\u00e9canismes d'action, KEIM Twinstar est la solution s\u00e9curis\u00e9e contre la prolif\u00e9ration d'algues et de moisissures et ce, sans ajout d'agents biocides dans sa composition.\",\"breadcrumb\":{\"@id\":\"https:\\\/\\\/nature-et-developpement.com\\\/ekoetikmateriaux\\\/produit\\\/peinture-facade-keim-twinstar\\\/#breadcrumb\"},\"inLanguage\":\"fr-FR\",\"potentialAction\":[{\"@type\":\"ReadAction\",\"target\":[\"https:\\\/\\\/nature-et-developpement.com\\\/ekoetikmateriaux\\\/produit\\\/peinture-facade-keim-twinstar\\\/\"]}]},{\"@type\":\"ImageObject\",\"inLanguage\":\"fr-FR\",\"@id\":\"https:\\\/\\\/nature-et-developpement.com\\\/ekoetikmateriaux\\\/produit\\\/peinture-facade-keim-twinstar\\\/#primaryimage\",\"url\":\"https:\\\/\\\/nature-et-developpement.com\\\/ekoetikmateriaux\\\/wp-content\\\/uploads\\\/Peinture-facade-KEIM-Twinstar-garantie-Couleur-20-ans-sans-biocide-18Kg.jpg\",\"contentUrl\":\"https:\\\/\\\/nature-et-developpement.com\\\/ekoetikmateriaux\\\/wp-content\\\/uploads\\\/Peinture-facade-KEIM-Twinstar-garantie-Couleur-20-ans-sans-biocide-18Kg.jpg\"},{\"@type\":\"BreadcrumbList\",\"@id\":\"https:\\\/\\\/nature-et-developpement.com\\\/ekoetikmateriaux\\\/produit\\\/peinture-facade-keim-twinstar\\\/#breadcrumb\",\"itemListElement\":[{\"@type\":\"ListItem\",\"position\":1,\"name\":\"Accueil\",\"item\":\"https:\\\/\\\/nature-et-developpement.com\\\/ekoetikmateriaux\\\/\"},{\"@type\":\"ListItem\",\"position\":2,\"name\":\"Boutique\",\"item\":\"https:\\\/\\\/nature-et-developpement.com\\\/ekoetikmateriaux\\\/boutique\\\/\"},{\"@type\":\"ListItem\",\"position\":3,\"name\":\"Peinture, pigment et enduit\",\"item\":\"https:\\\/\\\/nature-et-developpement.com\\\/ekoetikmateriaux\\\/produits\\\/peinture-et-enduit\\\/\"},{\"@type\":\"ListItem\",\"position\":4,\"name\":\"Peintures\",\"item\":\"https:\\\/\\\/nature-et-developpement.com\\\/ekoetikmateriaux\\\/produits\\\/peinture-et-enduit\\\/peinture-ecologique\\\/\"},{\"@type\":\"ListItem\",\"position\":5,\"name\":\"Peinture fa\u00e7ade KEIM Twinstar garantie Couleur 20 ans sans biocide\"}]},{\"@type\":\"WebSite\",\"@id\":\"https:\\\/\\\/nature-et-developpement.com\\\/ekoetikmateriaux\\\/#website\",\"url\":\"https:\\\/\\\/nature-et-developpement.com\\\/ekoetikmateriaux\\\/\",\"name\":\"Eko Etik Mat\u00e9riaux\",\"description\":\"Eko Etik Materiaux est membre du groupement Nature &amp; D\u00e9veloppement\",\"publisher\":{\"@id\":\"https:\\\/\\\/nature-et-developpement.com\\\/ekoetikmateriaux\\\/#organization\"},\"potentialAction\":[{\"@type\":\"SearchAction\",\"target\":{\"@type\":\"EntryPoint\",\"urlTemplate\":\"https:\\\/\\\/nature-et-developpement.com\\\/ekoetikmateriaux\\\/?s={search_term_string}\"},\"query-input\":{\"@type\":\"PropertyValueSpecification\",\"valueRequired\":true,\"valueName\":\"search_term_string\"}}],\"inLanguage\":\"fr-FR\"},{\"@type\":\"Organization\",\"@id\":\"https:\\\/\\\/nature-et-developpement.com\\\/ekoetikmateriaux\\\/#organization\",\"name\":\"Eko Etik Mat\u00e9riaux\",\"url\":\"https:\\\/\\\/nature-et-developpement.com\\\/ekoetikmateriaux\\\/\",\"logo\":{\"@type\":\"ImageObject\",\"inLanguage\":\"fr-FR\",\"@id\":\"https:\\\/\\\/nature-et-developpement.com\\\/ekoetikmateriaux\\\/#\\\/schema\\\/logo\\\/image\\\/\",\"url\":\"https:\\\/\\\/nature-et-developpement.com\\\/ekoetikmateriaux\\\/wp-content\\\/uploads\\\/sites\\\/30\\\/2025\\\/02\\\/cropped-eko-etik-materiaux-2-1.png\",\"contentUrl\":\"https:\\\/\\\/nature-et-developpement.com\\\/ekoetikmateriaux\\\/wp-content\\\/uploads\\\/sites\\\/30\\\/2025\\\/02\\\/cropped-eko-etik-materiaux-2-1.png\",\"width\":512,\"height\":512,\"caption\":\"Eko Etik Mat\u00e9riaux\"},\"image\":{\"@id\":\"https:\\\/\\\/nature-et-developpement.com\\\/ekoetikmateriaux\\\/#\\\/schema\\\/logo\\\/image\\\/\"}}]}<\/script>\n<!-- \/ Yoast SEO plugin. -->","yoast_head_json":{"title":"Peinture fa\u00e7ade KEIM Twinstar garantie Couleur 20 ans sans biocide","description":"Choisissez votre couleur Retrouvez votre classe de prix  KEIM Twinstar est une peinture innovante \u00e9labor\u00e9e \u00e0 base d\u2019un double liant sol-silicate (silicate de potassium \/ sol de silice), dont la formulation permet d'obtenir des fa\u00e7ades durablement propres avec un haut rendement. Gr\u00e2ce \u00e0 sa formulation innovante, les propri\u00e9t\u00e9s de pose et de s\u00e9chage sp\u00e9cifiques permettent d'appliquer la couche de fond et la couche de finition sans intervalle de temps de s\u00e9chage. Sa combinaison intelligente de diff\u00e9rents m\u00e9canismes d'action, KEIM Twinstar est la solution s\u00e9curis\u00e9e contre la prolif\u00e9ration d'algues et de moisissures et ce, sans ajout d'agents biocides dans sa composition.","robots":{"index":"noindex","follow":"follow"},"og_locale":"fr_FR","og_type":"article","og_title":"Peinture fa\u00e7ade KEIM Twinstar garantie Couleur 20 ans sans biocide","og_description":"Choisissez votre couleur Retrouvez votre classe de prix  KEIM Twinstar est une peinture innovante \u00e9labor\u00e9e \u00e0 base d\u2019un double liant sol-silicate (silicate de potassium \/ sol de silice), dont la formulation permet d'obtenir des fa\u00e7ades durablement propres avec un haut rendement. Gr\u00e2ce \u00e0 sa formulation innovante, les propri\u00e9t\u00e9s de pose et de s\u00e9chage sp\u00e9cifiques permettent d'appliquer la couche de fond et la couche de finition sans intervalle de temps de s\u00e9chage. Sa combinaison intelligente de diff\u00e9rents m\u00e9canismes d'action, KEIM Twinstar est la solution s\u00e9curis\u00e9e contre la prolif\u00e9ration d'algues et de moisissures et ce, sans ajout d'agents biocides dans sa composition.","og_url":"https:\/\/nature-et-developpement.com\/ekoetikmateriaux\/produit\/peinture-facade-keim-twinstar\/","og_site_name":"Eko Etik Mat\u00e9riaux","article_modified_time":"2026-04-30T17:21:31+00:00","twitter_card":"summary_large_image","twitter_misc":{"Dur\u00e9e de lecture estim\u00e9e":"2 minutes"},"schema":{"@context":"https:\/\/schema.org","@graph":[{"@type":"WebPage","@id":"https:\/\/nature-et-developpement.com\/ekoetikmateriaux\/produit\/peinture-facade-keim-twinstar\/","url":"https:\/\/nature-et-developpement.com\/ekoetikmateriaux\/produit\/peinture-facade-keim-twinstar\/","name":"Peinture fa\u00e7ade KEIM Twinstar garantie Couleur 20 ans sans biocide","isPartOf":{"@id":"https:\/\/nature-et-developpement.com\/ekoetikmateriaux\/#website"},"primaryImageOfPage":{"@id":"https:\/\/nature-et-developpement.com\/ekoetikmateriaux\/produit\/peinture-facade-keim-twinstar\/#primaryimage"},"image":{"@id":"https:\/\/nature-et-developpement.com\/ekoetikmateriaux\/produit\/peinture-facade-keim-twinstar\/#primaryimage"},"thumbnailUrl":"https:\/\/nature-et-developpement.com\/ekoetikmateriaux\/wp-content\/uploads\/Peinture-facade-KEIM-Twinstar-garantie-Couleur-20-ans-sans-biocide-18Kg.jpg","datePublished":"2022-06-21T10:10:16+00:00","dateModified":"2026-04-30T17:21:31+00:00","description":"Choisissez votre couleur Retrouvez votre classe de prix KEIM Twinstar est une peinture innovante \u00e9labor\u00e9e \u00e0 base d\u2019un double liant sol-silicate (silicate de potassium \/ sol de silice), dont la formulation permet d'obtenir des fa\u00e7ades durablement propres avec un haut rendement. Gr\u00e2ce \u00e0 sa formulation innovante, les propri\u00e9t\u00e9s de pose et de s\u00e9chage sp\u00e9cifiques permettent d'appliquer la couche de fond et la couche de finition sans intervalle de temps de s\u00e9chage. Sa combinaison intelligente de diff\u00e9rents m\u00e9canismes d'action, KEIM Twinstar est la solution s\u00e9curis\u00e9e contre la prolif\u00e9ration d'algues et de moisissures et ce, sans ajout d'agents biocides dans sa composition.","breadcrumb":{"@id":"https:\/\/nature-et-developpement.com\/ekoetikmateriaux\/produit\/peinture-facade-keim-twinstar\/#breadcrumb"},"inLanguage":"fr-FR","potentialAction":[{"@type":"ReadAction","target":["https:\/\/nature-et-developpement.com\/ekoetikmateriaux\/produit\/peinture-facade-keim-twinstar\/"]}]},{"@type":"ImageObject","inLanguage":"fr-FR","@id":"https:\/\/nature-et-developpement.com\/ekoetikmateriaux\/produit\/peinture-facade-keim-twinstar\/#primaryimage","url":"https:\/\/nature-et-developpement.com\/ekoetikmateriaux\/wp-content\/uploads\/Peinture-facade-KEIM-Twinstar-garantie-Couleur-20-ans-sans-biocide-18Kg.jpg","contentUrl":"https:\/\/nature-et-developpement.com\/ekoetikmateriaux\/wp-content\/uploads\/Peinture-facade-KEIM-Twinstar-garantie-Couleur-20-ans-sans-biocide-18Kg.jpg"},{"@type":"BreadcrumbList","@id":"https:\/\/nature-et-developpement.com\/ekoetikmateriaux\/produit\/peinture-facade-keim-twinstar\/#breadcrumb","itemListElement":[{"@type":"ListItem","position":1,"name":"Accueil","item":"https:\/\/nature-et-developpement.com\/ekoetikmateriaux\/"},{"@type":"ListItem","position":2,"name":"Boutique","item":"https:\/\/nature-et-developpement.com\/ekoetikmateriaux\/boutique\/"},{"@type":"ListItem","position":3,"name":"Peinture, pigment et enduit","item":"https:\/\/nature-et-developpement.com\/ekoetikmateriaux\/produits\/peinture-et-enduit\/"},{"@type":"ListItem","position":4,"name":"Peintures","item":"https:\/\/nature-et-developpement.com\/ekoetikmateriaux\/produits\/peinture-et-enduit\/peinture-ecologique\/"},{"@type":"ListItem","position":5,"name":"Peinture fa\u00e7ade KEIM Twinstar garantie Couleur 20 ans sans biocide"}]},{"@type":"WebSite","@id":"https:\/\/nature-et-developpement.com\/ekoetikmateriaux\/#website","url":"https:\/\/nature-et-developpement.com\/ekoetikmateriaux\/","name":"Eko Etik Mat\u00e9riaux","description":"Eko Etik Materiaux est membre du groupement Nature &amp; D\u00e9veloppement","publisher":{"@id":"https:\/\/nature-et-developpement.com\/ekoetikmateriaux\/#organization"},"potentialAction":[{"@type":"SearchAction","target":{"@type":"EntryPoint","urlTemplate":"https:\/\/nature-et-developpement.com\/ekoetikmateriaux\/?s={search_term_string}"},"query-input":{"@type":"PropertyValueSpecification","valueRequired":true,"valueName":"search_term_string"}}],"inLanguage":"fr-FR"},{"@type":"Organization","@id":"https:\/\/nature-et-developpement.com\/ekoetikmateriaux\/#organization","name":"Eko Etik Mat\u00e9riaux","url":"https:\/\/nature-et-developpement.com\/ekoetikmateriaux\/","logo":{"@type":"ImageObject","inLanguage":"fr-FR","@id":"https:\/\/nature-et-developpement.com\/ekoetikmateriaux\/#\/schema\/logo\/image\/","url":"https:\/\/nature-et-developpement.com\/ekoetikmateriaux\/wp-content\/uploads\/sites\/30\/2025\/02\/cropped-eko-etik-materiaux-2-1.png","contentUrl":"https:\/\/nature-et-developpement.com\/ekoetikmateriaux\/wp-content\/uploads\/sites\/30\/2025\/02\/cropped-eko-etik-materiaux-2-1.png","width":512,"height":512,"caption":"Eko Etik Mat\u00e9riaux"},"image":{"@id":"https:\/\/nature-et-developpement.com\/ekoetikmateriaux\/#\/schema\/logo\/image\/"}}]}},"distributor_meta":false,"distributor_terms":false,"distributor_media":false,"distributor_original_site_name":"Eko Etik Mat\u00e9riaux","distributor_original_site_url":"https:\/\/nature-et-developpement.com\/ekoetikmateriaux","push-errors":false,"_links":{"self":[{"href":"https:\/\/nature-et-developpement.com\/ekoetikmateriaux\/wp-json\/wp\/v2\/product\/204633","targetHints":{"allow":["GET"]}}],"collection":[{"href":"https:\/\/nature-et-developpement.com\/ekoetikmateriaux\/wp-json\/wp\/v2\/product"}],"about":[{"href":"https:\/\/nature-et-developpement.com\/ekoetikmateriaux\/wp-json\/wp\/v2\/types\/product"}],"wp:featuredmedia":[{"embeddable":true,"href":"https:\/\/nature-et-developpement.com\/ekoetikmateriaux\/wp-json\/"}],"wp:attachment":[{"href":"https:\/\/nature-et-developpement.com\/ekoetikmateriaux\/wp-json\/wp\/v2\/media?parent=204633"}],"wp:term":[{"taxonomy":"product_brand","embeddable":true,"href":"https:\/\/nature-et-developpement.com\/ekoetikmateriaux\/wp-json\/wp\/v2\/product_brand?post=204633"},{"taxonomy":"product_cat","embeddable":true,"href":"https:\/\/nature-et-developpement.com\/ekoetikmateriaux\/wp-json\/wp\/v2\/product_cat?post=204633"},{"taxonomy":"product_tag","embeddable":true,"href":"https:\/\/nature-et-developpement.com\/ekoetikmateriaux\/wp-json\/wp\/v2\/product_tag?post=204633"}],"curies":[{"name":"wp","href":"https:\/\/api.w.org\/{rel}","templated":true}]}}