{"id":204690,"date":"2018-10-01T00:00:00","date_gmt":"2018-09-30T22:00:00","guid":{"rendered":"https:\/\/nature-et-developpement.com\/ekoetikmateriaux\/produit\/keim-romanit-badical\/"},"modified":"2026-04-30T20:26:09","modified_gmt":"2026-04-30T18:26:09","slug":"keim-romanit-badical","status":"publish","type":"product","link":"https:\/\/nature-et-developpement.com\/ekoetikmateriaux\/produit\/keim-romanit-badical\/","title":{"rendered":"Peinture \u00e0 la chaux KEIM Romanit-Badical"},"content":{"rendered":"<div class=\"col-lg-12\">\n<div class=\"col-lg-12\">\n<h2 class=\"product-title inverse\">KEIM Romanit\u00ae-Badical<\/h2>\n<\/div>\n<div class=\"col-lg-12 inverse\">\n<p>Peinture \u00e0 la chaux, pr\u00eate \u00e0 l\u2019emploi, \u00e9labor\u00e9e \u00e0 base de chaux a\u00e9rienne \u00e9teinte.<\/p>\n<p>Destin\u00e9e aux travaux de d\u00e9coration sur enduits \u00e0 la chaux.<\/p>\n<p>Conforme \u00e0 la norme NFT 36-005 Famille I, Cat\u00e9gorie c\u00a0(produits contenant au plus 5% de compos\u00e9s organiques selon le fascicule de documentation FD T 30-808.)<\/p>\n<\/div>\n<div class=\"col-lg-6 inverse\">\n<p><strong>Teinte<\/strong><br \/>\nDisponible en blanc et en teint\u00e9, hors 9001 \u00e0 9012 et 9122, 9123, 9162, 9166, 9182, 9200, 9402, 9482, 9541.<\/p>\n<p><strong>Application<\/strong><br \/>\nBrosse, rouleau.<\/p>\n<\/div>\n<div class=\"col-lg-6 inverse\">\n<p><strong>Consommation<\/strong><br \/>\nEnv. 0,35 kg\/m\u00b2 pour deux couches<\/p>\n<p><strong>Conditionnement\u00a0<\/strong><br \/>\nSeau de 5 L et 15 L<\/p>\n<\/div>\n<\/div>\n<p><strong>Commande<\/strong><br \/>\nAjoutez le chiffre de la couleur choisie dans la case \u00ab\u00a0Compl\u00e9ments\u00a0\u00bb.<\/p>\n<p><img loading=\"lazy\" decoding=\"async\" class=\"alignnone wp-image-108013 size-full\" src=\"https:\/\/nature-et-developpement.com\/wp-content\/uploads\/cms\/KEIM\/KEIM-NUANCIER-SOLDALIT-CONCRETAL-MINERIS.jpg\" alt=\"\" width=\"557\" height=\"772\" \/><\/p>\n","protected":false},"excerpt":{"rendered":"<p><strong><a class=\"btn btn-default\" href=\"https:\/\/nature-et-developpement.com\/wp-content\/uploads\/cms\/KEIM\/Spektrum_KEIM.pdf\" target=\"_blank\" rel=\"noopener\"><img loading=\"lazy\" decoding=\"async\" class=\"alignleft wp-image-108482\" src=\"https:\/\/nature-et-developpement.com\/wp-content\/uploads\/cms\/NATURA\/COULEURS_2020-450x450.jpg\" alt=\"\" width=\"30\" height=\"30\" \/><\/a><a href=\"https:\/\/nature-et-developpement.com\/wp-content\/uploads\/Spektrum_KEIM-ND.pdf\" target=\"_blank\" rel=\"noopener\">Choisissez votre couleur<\/a><\/strong><br \/>\n<a href=\"https:\/\/nature-et-developpement.com\/wp-content\/uploads\/cms\/KEIM\/KEIM-NUANCIER-SOLDALIT-CONCRETAL-MINERIS.jpg\" target=\"_blank\" rel=\"noopener\"><strong>Retrouvez votre classe de prix<\/strong><\/a><\/p>\n<p>*Teintes non disponibles : 9001 \u00e0 9012 et 9122,<br \/>\n9123, 9162, 9166, 9182, 9200, 9402, 9482, 9541<\/p>\n<p>Peinture \u00e0 la chaux, pr\u00eate \u00e0 l\u2019emploi, \u00e9labor\u00e9e \u00e0 base de chaux a\u00e9rienne \u00e9teinte.<br \/>\nDestin\u00e9e aux travaux de d\u00e9coration sur enduits \u00e0 la chaux.<br \/>\nLes peintures \u00e0 la chaux ont une esth\u00e9tique tr\u00e8s particuli\u00e8re : une brillance intense et un effet pommel\u00e9 caract\u00e9ristique.<\/p>\n","protected":false},"featured_media":1000000156271,"template":"","meta":[],"product_brand":[955],"product_cat":[124],"product_tag":[954],"class_list":{"0":"post-204690","1":"product","2":"type-product","3":"status-publish","4":"has-post-thumbnail","6":"product_brand-keim","7":"product_cat-peinture-ecologique","8":"product_tag-peinture","9":"product_shipping_class-peintures-accessoires-peintures","11":"first","12":"instock","13":"taxable","14":"shipping-taxable","15":"purchasable","16":"product-type-variable"},"yoast_head":"<!-- This site is optimized with the Yoast SEO plugin v27.5 - https:\/\/yoast.com\/product\/yoast-seo-wordpress\/ -->\n<title>Peinture \u00e0 la chaux KEIM Romanit-Badical<\/title>\n<meta name=\"description\" content=\"Choisissez votre couleur Retrouvez votre classe de prix  *Teintes non disponibles : 9001 \u00e0 9012 et 9122, 9123, 9162, 9166, 9182, 9200, 9402, 9482, 9541  Peinture \u00e0 la chaux, pr\u00eate \u00e0 l\u2019emploi, \u00e9labor\u00e9e \u00e0 base de chaux a\u00e9rienne \u00e9teinte. Destin\u00e9e aux travaux de d\u00e9coration sur enduits \u00e0 la chaux. Les peintures \u00e0 la chaux ont une esth\u00e9tique tr\u00e8s particuli\u00e8re : une brillance intense et un effet pommel\u00e9 caract\u00e9ristique.\" \/>\n<meta name=\"robots\" content=\"noindex, follow\" \/>\n<meta property=\"og:locale\" content=\"fr_FR\" \/>\n<meta property=\"og:type\" content=\"article\" \/>\n<meta property=\"og:title\" content=\"Peinture \u00e0 la chaux KEIM Romanit-Badical\" \/>\n<meta property=\"og:description\" content=\"Choisissez votre couleur Retrouvez votre classe de prix  *Teintes non disponibles : 9001 \u00e0 9012 et 9122, 9123, 9162, 9166, 9182, 9200, 9402, 9482, 9541  Peinture \u00e0 la chaux, pr\u00eate \u00e0 l\u2019emploi, \u00e9labor\u00e9e \u00e0 base de chaux a\u00e9rienne \u00e9teinte. Destin\u00e9e aux travaux de d\u00e9coration sur enduits \u00e0 la chaux. Les peintures \u00e0 la chaux ont une esth\u00e9tique tr\u00e8s particuli\u00e8re : une brillance intense et un effet pommel\u00e9 caract\u00e9ristique.\" \/>\n<meta property=\"og:url\" content=\"https:\/\/nature-et-developpement.com\/ekoetikmateriaux\/produit\/keim-romanit-badical\/\" \/>\n<meta property=\"og:site_name\" content=\"Eko Etik Mat\u00e9riaux\" \/>\n<meta property=\"article:modified_time\" content=\"2026-04-30T18:26:09+00:00\" \/>\n<meta name=\"twitter:card\" content=\"summary_large_image\" \/>\n<script type=\"application\/ld+json\" class=\"yoast-schema-graph\">{\"@context\":\"https:\\\/\\\/schema.org\",\"@graph\":[{\"@type\":\"WebPage\",\"@id\":\"https:\\\/\\\/nature-et-developpement.com\\\/ekoetikmateriaux\\\/produit\\\/keim-romanit-badical\\\/\",\"url\":\"https:\\\/\\\/nature-et-developpement.com\\\/ekoetikmateriaux\\\/produit\\\/keim-romanit-badical\\\/\",\"name\":\"Peinture \u00e0 la chaux KEIM Romanit-Badical\",\"isPartOf\":{\"@id\":\"https:\\\/\\\/nature-et-developpement.com\\\/ekoetikmateriaux\\\/#website\"},\"primaryImageOfPage\":{\"@id\":\"https:\\\/\\\/nature-et-developpement.com\\\/ekoetikmateriaux\\\/produit\\\/keim-romanit-badical\\\/#primaryimage\"},\"image\":{\"@id\":\"https:\\\/\\\/nature-et-developpement.com\\\/ekoetikmateriaux\\\/produit\\\/keim-romanit-badical\\\/#primaryimage\"},\"thumbnailUrl\":\"https:\\\/\\\/nature-et-developpement.com\\\/ekoetikmateriaux\\\/wp-content\\\/uploads\\\/Peinture-a-la-chaux-KEIM-Romanit-Badical-5L-ou-15L.jpg\",\"datePublished\":\"2018-09-30T22:00:00+00:00\",\"dateModified\":\"2026-04-30T18:26:09+00:00\",\"description\":\"Choisissez votre couleur Retrouvez votre classe de prix *Teintes non disponibles : 9001 \u00e0 9012 et 9122, 9123, 9162, 9166, 9182, 9200, 9402, 9482, 9541 Peinture \u00e0 la chaux, pr\u00eate \u00e0 l\u2019emploi, \u00e9labor\u00e9e \u00e0 base de chaux a\u00e9rienne \u00e9teinte. Destin\u00e9e aux travaux de d\u00e9coration sur enduits \u00e0 la chaux. Les peintures \u00e0 la chaux ont une esth\u00e9tique tr\u00e8s particuli\u00e8re : une brillance intense et un effet pommel\u00e9 caract\u00e9ristique.\",\"breadcrumb\":{\"@id\":\"https:\\\/\\\/nature-et-developpement.com\\\/ekoetikmateriaux\\\/produit\\\/keim-romanit-badical\\\/#breadcrumb\"},\"inLanguage\":\"fr-FR\",\"potentialAction\":[{\"@type\":\"ReadAction\",\"target\":[\"https:\\\/\\\/nature-et-developpement.com\\\/ekoetikmateriaux\\\/produit\\\/keim-romanit-badical\\\/\"]}]},{\"@type\":\"ImageObject\",\"inLanguage\":\"fr-FR\",\"@id\":\"https:\\\/\\\/nature-et-developpement.com\\\/ekoetikmateriaux\\\/produit\\\/keim-romanit-badical\\\/#primaryimage\",\"url\":\"https:\\\/\\\/nature-et-developpement.com\\\/ekoetikmateriaux\\\/wp-content\\\/uploads\\\/Peinture-a-la-chaux-KEIM-Romanit-Badical-5L-ou-15L.jpg\",\"contentUrl\":\"https:\\\/\\\/nature-et-developpement.com\\\/ekoetikmateriaux\\\/wp-content\\\/uploads\\\/Peinture-a-la-chaux-KEIM-Romanit-Badical-5L-ou-15L.jpg\"},{\"@type\":\"BreadcrumbList\",\"@id\":\"https:\\\/\\\/nature-et-developpement.com\\\/ekoetikmateriaux\\\/produit\\\/keim-romanit-badical\\\/#breadcrumb\",\"itemListElement\":[{\"@type\":\"ListItem\",\"position\":1,\"name\":\"Accueil\",\"item\":\"https:\\\/\\\/nature-et-developpement.com\\\/ekoetikmateriaux\\\/\"},{\"@type\":\"ListItem\",\"position\":2,\"name\":\"Boutique\",\"item\":\"https:\\\/\\\/nature-et-developpement.com\\\/ekoetikmateriaux\\\/boutique\\\/\"},{\"@type\":\"ListItem\",\"position\":3,\"name\":\"Peinture, pigment et enduit\",\"item\":\"https:\\\/\\\/nature-et-developpement.com\\\/ekoetikmateriaux\\\/produits\\\/peinture-et-enduit\\\/\"},{\"@type\":\"ListItem\",\"position\":4,\"name\":\"Peintures\",\"item\":\"https:\\\/\\\/nature-et-developpement.com\\\/ekoetikmateriaux\\\/produits\\\/peinture-et-enduit\\\/peinture-ecologique\\\/\"},{\"@type\":\"ListItem\",\"position\":5,\"name\":\"Peinture \u00e0 la chaux KEIM Romanit-Badical\"}]},{\"@type\":\"WebSite\",\"@id\":\"https:\\\/\\\/nature-et-developpement.com\\\/ekoetikmateriaux\\\/#website\",\"url\":\"https:\\\/\\\/nature-et-developpement.com\\\/ekoetikmateriaux\\\/\",\"name\":\"Eko Etik Mat\u00e9riaux\",\"description\":\"Eko Etik Materiaux est membre du groupement Nature &amp; D\u00e9veloppement\",\"publisher\":{\"@id\":\"https:\\\/\\\/nature-et-developpement.com\\\/ekoetikmateriaux\\\/#organization\"},\"potentialAction\":[{\"@type\":\"SearchAction\",\"target\":{\"@type\":\"EntryPoint\",\"urlTemplate\":\"https:\\\/\\\/nature-et-developpement.com\\\/ekoetikmateriaux\\\/?s={search_term_string}\"},\"query-input\":{\"@type\":\"PropertyValueSpecification\",\"valueRequired\":true,\"valueName\":\"search_term_string\"}}],\"inLanguage\":\"fr-FR\"},{\"@type\":\"Organization\",\"@id\":\"https:\\\/\\\/nature-et-developpement.com\\\/ekoetikmateriaux\\\/#organization\",\"name\":\"Eko Etik Mat\u00e9riaux\",\"url\":\"https:\\\/\\\/nature-et-developpement.com\\\/ekoetikmateriaux\\\/\",\"logo\":{\"@type\":\"ImageObject\",\"inLanguage\":\"fr-FR\",\"@id\":\"https:\\\/\\\/nature-et-developpement.com\\\/ekoetikmateriaux\\\/#\\\/schema\\\/logo\\\/image\\\/\",\"url\":\"https:\\\/\\\/nature-et-developpement.com\\\/ekoetikmateriaux\\\/wp-content\\\/uploads\\\/sites\\\/30\\\/2025\\\/02\\\/cropped-eko-etik-materiaux-2-1.png\",\"contentUrl\":\"https:\\\/\\\/nature-et-developpement.com\\\/ekoetikmateriaux\\\/wp-content\\\/uploads\\\/sites\\\/30\\\/2025\\\/02\\\/cropped-eko-etik-materiaux-2-1.png\",\"width\":512,\"height\":512,\"caption\":\"Eko Etik Mat\u00e9riaux\"},\"image\":{\"@id\":\"https:\\\/\\\/nature-et-developpement.com\\\/ekoetikmateriaux\\\/#\\\/schema\\\/logo\\\/image\\\/\"}}]}<\/script>\n<!-- \/ Yoast SEO plugin. -->","yoast_head_json":{"title":"Peinture \u00e0 la chaux KEIM Romanit-Badical","description":"Choisissez votre couleur Retrouvez votre classe de prix  *Teintes non disponibles : 9001 \u00e0 9012 et 9122, 9123, 9162, 9166, 9182, 9200, 9402, 9482, 9541  Peinture \u00e0 la chaux, pr\u00eate \u00e0 l\u2019emploi, \u00e9labor\u00e9e \u00e0 base de chaux a\u00e9rienne \u00e9teinte. Destin\u00e9e aux travaux de d\u00e9coration sur enduits \u00e0 la chaux. Les peintures \u00e0 la chaux ont une esth\u00e9tique tr\u00e8s particuli\u00e8re : une brillance intense et un effet pommel\u00e9 caract\u00e9ristique.","robots":{"index":"noindex","follow":"follow"},"og_locale":"fr_FR","og_type":"article","og_title":"Peinture \u00e0 la chaux KEIM Romanit-Badical","og_description":"Choisissez votre couleur Retrouvez votre classe de prix  *Teintes non disponibles : 9001 \u00e0 9012 et 9122, 9123, 9162, 9166, 9182, 9200, 9402, 9482, 9541  Peinture \u00e0 la chaux, pr\u00eate \u00e0 l\u2019emploi, \u00e9labor\u00e9e \u00e0 base de chaux a\u00e9rienne \u00e9teinte. Destin\u00e9e aux travaux de d\u00e9coration sur enduits \u00e0 la chaux. Les peintures \u00e0 la chaux ont une esth\u00e9tique tr\u00e8s particuli\u00e8re : une brillance intense et un effet pommel\u00e9 caract\u00e9ristique.","og_url":"https:\/\/nature-et-developpement.com\/ekoetikmateriaux\/produit\/keim-romanit-badical\/","og_site_name":"Eko Etik Mat\u00e9riaux","article_modified_time":"2026-04-30T18:26:09+00:00","twitter_card":"summary_large_image","schema":{"@context":"https:\/\/schema.org","@graph":[{"@type":"WebPage","@id":"https:\/\/nature-et-developpement.com\/ekoetikmateriaux\/produit\/keim-romanit-badical\/","url":"https:\/\/nature-et-developpement.com\/ekoetikmateriaux\/produit\/keim-romanit-badical\/","name":"Peinture \u00e0 la chaux KEIM Romanit-Badical","isPartOf":{"@id":"https:\/\/nature-et-developpement.com\/ekoetikmateriaux\/#website"},"primaryImageOfPage":{"@id":"https:\/\/nature-et-developpement.com\/ekoetikmateriaux\/produit\/keim-romanit-badical\/#primaryimage"},"image":{"@id":"https:\/\/nature-et-developpement.com\/ekoetikmateriaux\/produit\/keim-romanit-badical\/#primaryimage"},"thumbnailUrl":"https:\/\/nature-et-developpement.com\/ekoetikmateriaux\/wp-content\/uploads\/Peinture-a-la-chaux-KEIM-Romanit-Badical-5L-ou-15L.jpg","datePublished":"2018-09-30T22:00:00+00:00","dateModified":"2026-04-30T18:26:09+00:00","description":"Choisissez votre couleur Retrouvez votre classe de prix *Teintes non disponibles : 9001 \u00e0 9012 et 9122, 9123, 9162, 9166, 9182, 9200, 9402, 9482, 9541 Peinture \u00e0 la chaux, pr\u00eate \u00e0 l\u2019emploi, \u00e9labor\u00e9e \u00e0 base de chaux a\u00e9rienne \u00e9teinte. Destin\u00e9e aux travaux de d\u00e9coration sur enduits \u00e0 la chaux. Les peintures \u00e0 la chaux ont une esth\u00e9tique tr\u00e8s particuli\u00e8re : une brillance intense et un effet pommel\u00e9 caract\u00e9ristique.","breadcrumb":{"@id":"https:\/\/nature-et-developpement.com\/ekoetikmateriaux\/produit\/keim-romanit-badical\/#breadcrumb"},"inLanguage":"fr-FR","potentialAction":[{"@type":"ReadAction","target":["https:\/\/nature-et-developpement.com\/ekoetikmateriaux\/produit\/keim-romanit-badical\/"]}]},{"@type":"ImageObject","inLanguage":"fr-FR","@id":"https:\/\/nature-et-developpement.com\/ekoetikmateriaux\/produit\/keim-romanit-badical\/#primaryimage","url":"https:\/\/nature-et-developpement.com\/ekoetikmateriaux\/wp-content\/uploads\/Peinture-a-la-chaux-KEIM-Romanit-Badical-5L-ou-15L.jpg","contentUrl":"https:\/\/nature-et-developpement.com\/ekoetikmateriaux\/wp-content\/uploads\/Peinture-a-la-chaux-KEIM-Romanit-Badical-5L-ou-15L.jpg"},{"@type":"BreadcrumbList","@id":"https:\/\/nature-et-developpement.com\/ekoetikmateriaux\/produit\/keim-romanit-badical\/#breadcrumb","itemListElement":[{"@type":"ListItem","position":1,"name":"Accueil","item":"https:\/\/nature-et-developpement.com\/ekoetikmateriaux\/"},{"@type":"ListItem","position":2,"name":"Boutique","item":"https:\/\/nature-et-developpement.com\/ekoetikmateriaux\/boutique\/"},{"@type":"ListItem","position":3,"name":"Peinture, pigment et enduit","item":"https:\/\/nature-et-developpement.com\/ekoetikmateriaux\/produits\/peinture-et-enduit\/"},{"@type":"ListItem","position":4,"name":"Peintures","item":"https:\/\/nature-et-developpement.com\/ekoetikmateriaux\/produits\/peinture-et-enduit\/peinture-ecologique\/"},{"@type":"ListItem","position":5,"name":"Peinture \u00e0 la chaux KEIM Romanit-Badical"}]},{"@type":"WebSite","@id":"https:\/\/nature-et-developpement.com\/ekoetikmateriaux\/#website","url":"https:\/\/nature-et-developpement.com\/ekoetikmateriaux\/","name":"Eko Etik Mat\u00e9riaux","description":"Eko Etik Materiaux est membre du groupement Nature &amp; D\u00e9veloppement","publisher":{"@id":"https:\/\/nature-et-developpement.com\/ekoetikmateriaux\/#organization"},"potentialAction":[{"@type":"SearchAction","target":{"@type":"EntryPoint","urlTemplate":"https:\/\/nature-et-developpement.com\/ekoetikmateriaux\/?s={search_term_string}"},"query-input":{"@type":"PropertyValueSpecification","valueRequired":true,"valueName":"search_term_string"}}],"inLanguage":"fr-FR"},{"@type":"Organization","@id":"https:\/\/nature-et-developpement.com\/ekoetikmateriaux\/#organization","name":"Eko Etik Mat\u00e9riaux","url":"https:\/\/nature-et-developpement.com\/ekoetikmateriaux\/","logo":{"@type":"ImageObject","inLanguage":"fr-FR","@id":"https:\/\/nature-et-developpement.com\/ekoetikmateriaux\/#\/schema\/logo\/image\/","url":"https:\/\/nature-et-developpement.com\/ekoetikmateriaux\/wp-content\/uploads\/sites\/30\/2025\/02\/cropped-eko-etik-materiaux-2-1.png","contentUrl":"https:\/\/nature-et-developpement.com\/ekoetikmateriaux\/wp-content\/uploads\/sites\/30\/2025\/02\/cropped-eko-etik-materiaux-2-1.png","width":512,"height":512,"caption":"Eko Etik Mat\u00e9riaux"},"image":{"@id":"https:\/\/nature-et-developpement.com\/ekoetikmateriaux\/#\/schema\/logo\/image\/"}}]}},"distributor_meta":false,"distributor_terms":false,"distributor_media":false,"distributor_original_site_name":"Eko Etik Mat\u00e9riaux","distributor_original_site_url":"https:\/\/nature-et-developpement.com\/ekoetikmateriaux","push-errors":false,"_links":{"self":[{"href":"https:\/\/nature-et-developpement.com\/ekoetikmateriaux\/wp-json\/wp\/v2\/product\/204690","targetHints":{"allow":["GET"]}}],"collection":[{"href":"https:\/\/nature-et-developpement.com\/ekoetikmateriaux\/wp-json\/wp\/v2\/product"}],"about":[{"href":"https:\/\/nature-et-developpement.com\/ekoetikmateriaux\/wp-json\/wp\/v2\/types\/product"}],"wp:featuredmedia":[{"embeddable":true,"href":"https:\/\/nature-et-developpement.com\/ekoetikmateriaux\/wp-json\/"}],"wp:attachment":[{"href":"https:\/\/nature-et-developpement.com\/ekoetikmateriaux\/wp-json\/wp\/v2\/media?parent=204690"}],"wp:term":[{"taxonomy":"product_brand","embeddable":true,"href":"https:\/\/nature-et-developpement.com\/ekoetikmateriaux\/wp-json\/wp\/v2\/product_brand?post=204690"},{"taxonomy":"product_cat","embeddable":true,"href":"https:\/\/nature-et-developpement.com\/ekoetikmateriaux\/wp-json\/wp\/v2\/product_cat?post=204690"},{"taxonomy":"product_tag","embeddable":true,"href":"https:\/\/nature-et-developpement.com\/ekoetikmateriaux\/wp-json\/wp\/v2\/product_tag?post=204690"}],"curies":[{"name":"wp","href":"https:\/\/api.w.org\/{rel}","templated":true}]}}