{"id":204859,"date":"2018-10-01T00:00:00","date_gmt":"2018-09-30T22:00:00","guid":{"rendered":"https:\/\/nature-et-developpement.com\/ekoetikmateriaux\/produit\/impregnation-pour-consolidation-et-antigraffitis-keim-antigraffitis\/"},"modified":"2026-04-30T19:01:07","modified_gmt":"2026-04-30T17:01:07","slug":"impregnation-pour-consolidation-et-antigraffitis-keim-antigraffitis","status":"publish","type":"product","link":"https:\/\/nature-et-developpement.com\/ekoetikmateriaux\/produit\/impregnation-pour-consolidation-et-antigraffitis-keim-antigraffitis\/","title":{"rendered":"Impr\u00e9gnation pour consolidation et antigraffitis KEIM Antigraffitis"},"content":{"rendered":"<h3 class=\"product-title inverse\">KEIM Antigraffitis<\/h3>\n<p>KEIM Antigraffitis mat ou brillant\u00a0sont des\u00a0produits de traitement de masse qui p\u00e9n\u00e8trent dans le support par capillarit\u00e9, les surfaces trait\u00e9es doivent \u00eatre propres et saines : elles ne doivent pas comporter de rev\u00eatement synth\u00e9tique d\u2019origine organique (peintures, r\u00e9sines, hydrofuges \u00e0 base de silicone et rev\u00eatements filmog\u00e8nes divers).<\/p>\n<p>KEIM Antigraffitis mat ou brillant\u00a0sont une solution d&rsquo;impr\u00e9gnation pour la consolidation et la protection contre les graffitis des b\u00e9tons pr\u00e9trait\u00e9s par un produit de la gamme KEIM suivant :<\/p>\n<p>\u2212 KEIM Concretal-W<\/p>\n<p>\u2212 KEIM Soldalit<\/p>\n<p>\u2212 KEIM Concretal-Base<\/p>\n<p>\u2212 KEIM Lasure Concretal<\/p>\n<p>\u2212 KEIM Liant Fixativ<\/p>\n<p>\u2212 KEIM Fixatif Concretal<\/p>\n<p>Utilisation : ext\u00e9rieur.<\/p>\n<p><strong>Teintes<\/strong><br \/>\nMat ou brillant<\/p>\n<p><strong>Application<\/strong><br \/>\nBrosse, rouleau, pulv\u00e9risateur basse pression<\/p>\n<p><strong>Consommation<\/strong><br \/>\n1 L = entre 6 et 10 m\u00b2<\/p>\n<p><strong>Conditionnement<\/strong><br \/>\nBidon plastique de 5 L et 20\u00a0L<\/p>\n","protected":false},"excerpt":{"rendered":"<p>Solution d\u2018impr\u00e9gnation pour la consolidation et la protection contre les graffitis des lasures min\u00e9rales KEIM.<br \/>\nIl poss\u00e8de un tr\u00e8s fort pouvoir de min\u00e9ralisation de surface, ce qui lui permet d\u2018assurer une protection renforc\u00e9e contre les graffitis et les t\u00e2ches.<br \/>\nNe d\u00e9nature pas l\u2019aspect des lasures min\u00e9rales KEIM.<\/p>\n","protected":false},"featured_media":1000000156256,"template":"","meta":[],"product_brand":[955],"product_cat":[132,129],"product_tag":[953],"class_list":{"0":"post-204859","1":"product","2":"type-product","3":"status-publish","4":"has-post-thumbnail","6":"product_brand-keim","7":"product_cat-adjuvants","8":"product_cat-preparation-du-support","9":"product_tag-keim","10":"product_shipping_class-peintures-accessoires-peintures","12":"first","13":"instock","14":"taxable","15":"shipping-taxable","16":"purchasable","17":"product-type-variable"},"yoast_head":"<!-- This site is optimized with the Yoast SEO plugin v27.5 - https:\/\/yoast.com\/product\/yoast-seo-wordpress\/ -->\n<title>Impr\u00e9gnation pour consolidation et antigraffitis KEIM Antigraffitis<\/title>\n<meta name=\"description\" content=\"Solution d\u2018impr\u00e9gnation pour la consolidation et la protection contre les graffitis des lasures min\u00e9rales KEIM. Il poss\u00e8de un tr\u00e8s fort pouvoir de min\u00e9ralisation de surface, ce qui lui permet d\u2018assurer une protection renforc\u00e9e contre les graffitis et les t\u00e2ches. Ne d\u00e9nature pas l\u2019aspect des lasures min\u00e9rales KEIM.\" \/>\n<meta name=\"robots\" content=\"noindex, follow\" \/>\n<meta property=\"og:locale\" content=\"fr_FR\" \/>\n<meta property=\"og:type\" content=\"article\" \/>\n<meta property=\"og:title\" content=\"Impr\u00e9gnation pour consolidation et antigraffitis KEIM Antigraffitis\" \/>\n<meta property=\"og:description\" content=\"Solution d\u2018impr\u00e9gnation pour la consolidation et la protection contre les graffitis des lasures min\u00e9rales KEIM. Il poss\u00e8de un tr\u00e8s fort pouvoir de min\u00e9ralisation de surface, ce qui lui permet d\u2018assurer une protection renforc\u00e9e contre les graffitis et les t\u00e2ches. Ne d\u00e9nature pas l\u2019aspect des lasures min\u00e9rales KEIM.\" \/>\n<meta property=\"og:url\" content=\"https:\/\/nature-et-developpement.com\/ekoetikmateriaux\/produit\/impregnation-pour-consolidation-et-antigraffitis-keim-antigraffitis\/\" \/>\n<meta property=\"og:site_name\" content=\"Eko Etik Mat\u00e9riaux\" \/>\n<meta property=\"article:modified_time\" content=\"2026-04-30T17:01:07+00:00\" \/>\n<meta name=\"twitter:card\" content=\"summary_large_image\" \/>\n<meta name=\"twitter:label1\" content=\"Dur\u00e9e de lecture estim\u00e9e\" \/>\n\t<meta name=\"twitter:data1\" content=\"1 minute\" \/>\n<script type=\"application\/ld+json\" class=\"yoast-schema-graph\">{\"@context\":\"https:\\\/\\\/schema.org\",\"@graph\":[{\"@type\":\"WebPage\",\"@id\":\"https:\\\/\\\/nature-et-developpement.com\\\/ekoetikmateriaux\\\/produit\\\/impregnation-pour-consolidation-et-antigraffitis-keim-antigraffitis\\\/\",\"url\":\"https:\\\/\\\/nature-et-developpement.com\\\/ekoetikmateriaux\\\/produit\\\/impregnation-pour-consolidation-et-antigraffitis-keim-antigraffitis\\\/\",\"name\":\"Impr\u00e9gnation pour consolidation et antigraffitis KEIM Antigraffitis\",\"isPartOf\":{\"@id\":\"https:\\\/\\\/nature-et-developpement.com\\\/ekoetikmateriaux\\\/#website\"},\"primaryImageOfPage\":{\"@id\":\"https:\\\/\\\/nature-et-developpement.com\\\/ekoetikmateriaux\\\/produit\\\/impregnation-pour-consolidation-et-antigraffitis-keim-antigraffitis\\\/#primaryimage\"},\"image\":{\"@id\":\"https:\\\/\\\/nature-et-developpement.com\\\/ekoetikmateriaux\\\/produit\\\/impregnation-pour-consolidation-et-antigraffitis-keim-antigraffitis\\\/#primaryimage\"},\"thumbnailUrl\":\"https:\\\/\\\/nature-et-developpement.com\\\/ekoetikmateriaux\\\/wp-content\\\/uploads\\\/Impregnation-pour-consolidation-et-antigraffitis-mat-ou-brillant-KEIM-Antigraffitis-5L-ou-20L.jpg\",\"datePublished\":\"2018-09-30T22:00:00+00:00\",\"dateModified\":\"2026-04-30T17:01:07+00:00\",\"description\":\"Solution d\u2018impr\u00e9gnation pour la consolidation et la protection contre les graffitis des lasures min\u00e9rales KEIM. Il poss\u00e8de un tr\u00e8s fort pouvoir de min\u00e9ralisation de surface, ce qui lui permet d\u2018assurer une protection renforc\u00e9e contre les graffitis et les t\u00e2ches. Ne d\u00e9nature pas l\u2019aspect des lasures min\u00e9rales KEIM.\",\"breadcrumb\":{\"@id\":\"https:\\\/\\\/nature-et-developpement.com\\\/ekoetikmateriaux\\\/produit\\\/impregnation-pour-consolidation-et-antigraffitis-keim-antigraffitis\\\/#breadcrumb\"},\"inLanguage\":\"fr-FR\",\"potentialAction\":[{\"@type\":\"ReadAction\",\"target\":[\"https:\\\/\\\/nature-et-developpement.com\\\/ekoetikmateriaux\\\/produit\\\/impregnation-pour-consolidation-et-antigraffitis-keim-antigraffitis\\\/\"]}]},{\"@type\":\"ImageObject\",\"inLanguage\":\"fr-FR\",\"@id\":\"https:\\\/\\\/nature-et-developpement.com\\\/ekoetikmateriaux\\\/produit\\\/impregnation-pour-consolidation-et-antigraffitis-keim-antigraffitis\\\/#primaryimage\",\"url\":\"https:\\\/\\\/nature-et-developpement.com\\\/ekoetikmateriaux\\\/wp-content\\\/uploads\\\/Impregnation-pour-consolidation-et-antigraffitis-mat-ou-brillant-KEIM-Antigraffitis-5L-ou-20L.jpg\",\"contentUrl\":\"https:\\\/\\\/nature-et-developpement.com\\\/ekoetikmateriaux\\\/wp-content\\\/uploads\\\/Impregnation-pour-consolidation-et-antigraffitis-mat-ou-brillant-KEIM-Antigraffitis-5L-ou-20L.jpg\"},{\"@type\":\"BreadcrumbList\",\"@id\":\"https:\\\/\\\/nature-et-developpement.com\\\/ekoetikmateriaux\\\/produit\\\/impregnation-pour-consolidation-et-antigraffitis-keim-antigraffitis\\\/#breadcrumb\",\"itemListElement\":[{\"@type\":\"ListItem\",\"position\":1,\"name\":\"Accueil\",\"item\":\"https:\\\/\\\/nature-et-developpement.com\\\/ekoetikmateriaux\\\/\"},{\"@type\":\"ListItem\",\"position\":2,\"name\":\"Boutique\",\"item\":\"https:\\\/\\\/nature-et-developpement.com\\\/ekoetikmateriaux\\\/boutique\\\/\"},{\"@type\":\"ListItem\",\"position\":3,\"name\":\"Impr\u00e9gnation pour consolidation et antigraffitis KEIM Antigraffitis\"}]},{\"@type\":\"WebSite\",\"@id\":\"https:\\\/\\\/nature-et-developpement.com\\\/ekoetikmateriaux\\\/#website\",\"url\":\"https:\\\/\\\/nature-et-developpement.com\\\/ekoetikmateriaux\\\/\",\"name\":\"Eko Etik Mat\u00e9riaux\",\"description\":\"Eko Etik Materiaux est membre du groupement Nature &amp; D\u00e9veloppement\",\"publisher\":{\"@id\":\"https:\\\/\\\/nature-et-developpement.com\\\/ekoetikmateriaux\\\/#organization\"},\"potentialAction\":[{\"@type\":\"SearchAction\",\"target\":{\"@type\":\"EntryPoint\",\"urlTemplate\":\"https:\\\/\\\/nature-et-developpement.com\\\/ekoetikmateriaux\\\/?s={search_term_string}\"},\"query-input\":{\"@type\":\"PropertyValueSpecification\",\"valueRequired\":true,\"valueName\":\"search_term_string\"}}],\"inLanguage\":\"fr-FR\"},{\"@type\":\"Organization\",\"@id\":\"https:\\\/\\\/nature-et-developpement.com\\\/ekoetikmateriaux\\\/#organization\",\"name\":\"Eko Etik Mat\u00e9riaux\",\"url\":\"https:\\\/\\\/nature-et-developpement.com\\\/ekoetikmateriaux\\\/\",\"logo\":{\"@type\":\"ImageObject\",\"inLanguage\":\"fr-FR\",\"@id\":\"https:\\\/\\\/nature-et-developpement.com\\\/ekoetikmateriaux\\\/#\\\/schema\\\/logo\\\/image\\\/\",\"url\":\"https:\\\/\\\/nature-et-developpement.com\\\/ekoetikmateriaux\\\/wp-content\\\/uploads\\\/sites\\\/30\\\/2025\\\/02\\\/cropped-eko-etik-materiaux-2-1.png\",\"contentUrl\":\"https:\\\/\\\/nature-et-developpement.com\\\/ekoetikmateriaux\\\/wp-content\\\/uploads\\\/sites\\\/30\\\/2025\\\/02\\\/cropped-eko-etik-materiaux-2-1.png\",\"width\":512,\"height\":512,\"caption\":\"Eko Etik Mat\u00e9riaux\"},\"image\":{\"@id\":\"https:\\\/\\\/nature-et-developpement.com\\\/ekoetikmateriaux\\\/#\\\/schema\\\/logo\\\/image\\\/\"}}]}<\/script>\n<!-- \/ Yoast SEO plugin. -->","yoast_head_json":{"title":"Impr\u00e9gnation pour consolidation et antigraffitis KEIM Antigraffitis","description":"Solution d\u2018impr\u00e9gnation pour la consolidation et la protection contre les graffitis des lasures min\u00e9rales KEIM. Il poss\u00e8de un tr\u00e8s fort pouvoir de min\u00e9ralisation de surface, ce qui lui permet d\u2018assurer une protection renforc\u00e9e contre les graffitis et les t\u00e2ches. Ne d\u00e9nature pas l\u2019aspect des lasures min\u00e9rales KEIM.","robots":{"index":"noindex","follow":"follow"},"og_locale":"fr_FR","og_type":"article","og_title":"Impr\u00e9gnation pour consolidation et antigraffitis KEIM Antigraffitis","og_description":"Solution d\u2018impr\u00e9gnation pour la consolidation et la protection contre les graffitis des lasures min\u00e9rales KEIM. Il poss\u00e8de un tr\u00e8s fort pouvoir de min\u00e9ralisation de surface, ce qui lui permet d\u2018assurer une protection renforc\u00e9e contre les graffitis et les t\u00e2ches. Ne d\u00e9nature pas l\u2019aspect des lasures min\u00e9rales KEIM.","og_url":"https:\/\/nature-et-developpement.com\/ekoetikmateriaux\/produit\/impregnation-pour-consolidation-et-antigraffitis-keim-antigraffitis\/","og_site_name":"Eko Etik Mat\u00e9riaux","article_modified_time":"2026-04-30T17:01:07+00:00","twitter_card":"summary_large_image","twitter_misc":{"Dur\u00e9e de lecture estim\u00e9e":"1 minute"},"schema":{"@context":"https:\/\/schema.org","@graph":[{"@type":"WebPage","@id":"https:\/\/nature-et-developpement.com\/ekoetikmateriaux\/produit\/impregnation-pour-consolidation-et-antigraffitis-keim-antigraffitis\/","url":"https:\/\/nature-et-developpement.com\/ekoetikmateriaux\/produit\/impregnation-pour-consolidation-et-antigraffitis-keim-antigraffitis\/","name":"Impr\u00e9gnation pour consolidation et antigraffitis KEIM Antigraffitis","isPartOf":{"@id":"https:\/\/nature-et-developpement.com\/ekoetikmateriaux\/#website"},"primaryImageOfPage":{"@id":"https:\/\/nature-et-developpement.com\/ekoetikmateriaux\/produit\/impregnation-pour-consolidation-et-antigraffitis-keim-antigraffitis\/#primaryimage"},"image":{"@id":"https:\/\/nature-et-developpement.com\/ekoetikmateriaux\/produit\/impregnation-pour-consolidation-et-antigraffitis-keim-antigraffitis\/#primaryimage"},"thumbnailUrl":"https:\/\/nature-et-developpement.com\/ekoetikmateriaux\/wp-content\/uploads\/Impregnation-pour-consolidation-et-antigraffitis-mat-ou-brillant-KEIM-Antigraffitis-5L-ou-20L.jpg","datePublished":"2018-09-30T22:00:00+00:00","dateModified":"2026-04-30T17:01:07+00:00","description":"Solution d\u2018impr\u00e9gnation pour la consolidation et la protection contre les graffitis des lasures min\u00e9rales KEIM. Il poss\u00e8de un tr\u00e8s fort pouvoir de min\u00e9ralisation de surface, ce qui lui permet d\u2018assurer une protection renforc\u00e9e contre les graffitis et les t\u00e2ches. Ne d\u00e9nature pas l\u2019aspect des lasures min\u00e9rales KEIM.","breadcrumb":{"@id":"https:\/\/nature-et-developpement.com\/ekoetikmateriaux\/produit\/impregnation-pour-consolidation-et-antigraffitis-keim-antigraffitis\/#breadcrumb"},"inLanguage":"fr-FR","potentialAction":[{"@type":"ReadAction","target":["https:\/\/nature-et-developpement.com\/ekoetikmateriaux\/produit\/impregnation-pour-consolidation-et-antigraffitis-keim-antigraffitis\/"]}]},{"@type":"ImageObject","inLanguage":"fr-FR","@id":"https:\/\/nature-et-developpement.com\/ekoetikmateriaux\/produit\/impregnation-pour-consolidation-et-antigraffitis-keim-antigraffitis\/#primaryimage","url":"https:\/\/nature-et-developpement.com\/ekoetikmateriaux\/wp-content\/uploads\/Impregnation-pour-consolidation-et-antigraffitis-mat-ou-brillant-KEIM-Antigraffitis-5L-ou-20L.jpg","contentUrl":"https:\/\/nature-et-developpement.com\/ekoetikmateriaux\/wp-content\/uploads\/Impregnation-pour-consolidation-et-antigraffitis-mat-ou-brillant-KEIM-Antigraffitis-5L-ou-20L.jpg"},{"@type":"BreadcrumbList","@id":"https:\/\/nature-et-developpement.com\/ekoetikmateriaux\/produit\/impregnation-pour-consolidation-et-antigraffitis-keim-antigraffitis\/#breadcrumb","itemListElement":[{"@type":"ListItem","position":1,"name":"Accueil","item":"https:\/\/nature-et-developpement.com\/ekoetikmateriaux\/"},{"@type":"ListItem","position":2,"name":"Boutique","item":"https:\/\/nature-et-developpement.com\/ekoetikmateriaux\/boutique\/"},{"@type":"ListItem","position":3,"name":"Impr\u00e9gnation pour consolidation et antigraffitis KEIM Antigraffitis"}]},{"@type":"WebSite","@id":"https:\/\/nature-et-developpement.com\/ekoetikmateriaux\/#website","url":"https:\/\/nature-et-developpement.com\/ekoetikmateriaux\/","name":"Eko Etik Mat\u00e9riaux","description":"Eko Etik Materiaux est membre du groupement Nature &amp; D\u00e9veloppement","publisher":{"@id":"https:\/\/nature-et-developpement.com\/ekoetikmateriaux\/#organization"},"potentialAction":[{"@type":"SearchAction","target":{"@type":"EntryPoint","urlTemplate":"https:\/\/nature-et-developpement.com\/ekoetikmateriaux\/?s={search_term_string}"},"query-input":{"@type":"PropertyValueSpecification","valueRequired":true,"valueName":"search_term_string"}}],"inLanguage":"fr-FR"},{"@type":"Organization","@id":"https:\/\/nature-et-developpement.com\/ekoetikmateriaux\/#organization","name":"Eko Etik Mat\u00e9riaux","url":"https:\/\/nature-et-developpement.com\/ekoetikmateriaux\/","logo":{"@type":"ImageObject","inLanguage":"fr-FR","@id":"https:\/\/nature-et-developpement.com\/ekoetikmateriaux\/#\/schema\/logo\/image\/","url":"https:\/\/nature-et-developpement.com\/ekoetikmateriaux\/wp-content\/uploads\/sites\/30\/2025\/02\/cropped-eko-etik-materiaux-2-1.png","contentUrl":"https:\/\/nature-et-developpement.com\/ekoetikmateriaux\/wp-content\/uploads\/sites\/30\/2025\/02\/cropped-eko-etik-materiaux-2-1.png","width":512,"height":512,"caption":"Eko Etik Mat\u00e9riaux"},"image":{"@id":"https:\/\/nature-et-developpement.com\/ekoetikmateriaux\/#\/schema\/logo\/image\/"}}]}},"distributor_meta":false,"distributor_terms":false,"distributor_media":false,"distributor_original_site_name":"Eko Etik Mat\u00e9riaux","distributor_original_site_url":"https:\/\/nature-et-developpement.com\/ekoetikmateriaux","push-errors":false,"_links":{"self":[{"href":"https:\/\/nature-et-developpement.com\/ekoetikmateriaux\/wp-json\/wp\/v2\/product\/204859","targetHints":{"allow":["GET"]}}],"collection":[{"href":"https:\/\/nature-et-developpement.com\/ekoetikmateriaux\/wp-json\/wp\/v2\/product"}],"about":[{"href":"https:\/\/nature-et-developpement.com\/ekoetikmateriaux\/wp-json\/wp\/v2\/types\/product"}],"wp:featuredmedia":[{"embeddable":true,"href":"https:\/\/nature-et-developpement.com\/ekoetikmateriaux\/wp-json\/"}],"wp:attachment":[{"href":"https:\/\/nature-et-developpement.com\/ekoetikmateriaux\/wp-json\/wp\/v2\/media?parent=204859"}],"wp:term":[{"taxonomy":"product_brand","embeddable":true,"href":"https:\/\/nature-et-developpement.com\/ekoetikmateriaux\/wp-json\/wp\/v2\/product_brand?post=204859"},{"taxonomy":"product_cat","embeddable":true,"href":"https:\/\/nature-et-developpement.com\/ekoetikmateriaux\/wp-json\/wp\/v2\/product_cat?post=204859"},{"taxonomy":"product_tag","embeddable":true,"href":"https:\/\/nature-et-developpement.com\/ekoetikmateriaux\/wp-json\/wp\/v2\/product_tag?post=204859"}],"curies":[{"name":"wp","href":"https:\/\/api.w.org\/{rel}","templated":true}]}}