{"id":2943,"date":"2023-04-07T10:20:31","date_gmt":"2023-04-07T08:20:31","guid":{"rendered":"https:\/\/nature-et-developpement.com\/ekoetikmateriaux\/produit\/mortier-reparation-de-pierres-25kg-de-saint-astier\/"},"modified":"2026-04-24T11:23:29","modified_gmt":"2026-04-24T09:23:29","slug":"mortier-reparation-de-pierres-25kg-de-saint-astier","status":"publish","type":"product","link":"https:\/\/nature-et-developpement.com\/ekoetikmateriaux\/produit\/mortier-reparation-de-pierres-25kg-de-saint-astier\/","title":{"rendered":"Mortier r\u00e9paration de pierres St.One 25Kg de Saint Astier"},"content":{"rendered":"<h2 class=\"JlqpRe\"><span class=\"JCzEY ZwRhJd\"><span class=\"CSkcDe\">Comment r\u00e9parer une pierre de taille cass\u00e9e ?<\/span><\/span><\/h2>\n<p>Le mortier de r\u00e9paration de pierres St.One de Saint-Astier a \u00e9t\u00e9 sp\u00e9cialement \u00e9tudi\u00e9 pour la r\u00e9paration et l\u2019imitation des pierres, la r\u00e9alisation d\u2019encadrement ou de corniches, le moulage et la reconstitution des reliefs.<\/p>\n<p>Il se d\u00e9cline aujourd&rsquo;hui en 6 versions pour diff\u00e9rentes utilisations :<\/p>\n<div>\n<ol>\n<li><strong>ST.ONE\u00ae Original<\/strong> est un mortier de r\u00e9paration pour pierres et briques<\/li>\n<li><strong>ST.ONE\u00ae Soft<\/strong> est un mortier de r\u00e9paration pour pierres tr\u00e8s tendres<\/li>\n<li><strong>ST.ONE\u00ae Fine<\/strong> est un mortier de r\u00e9paration \u00e0 grain fin pour pierre tendres \u00e0 dures<\/li>\n<li><strong>ST.ONE\u00ae Strong<\/strong> est un mortier de r\u00e9paration pour les pierres dures et froides<\/li>\n<li><strong>ST.ONE\u00ae Step<\/strong> est un mortier de r\u00e9paration de pierres pour surfaces dites horizontales ( seuil, nez de marche&#8230;)<\/li>\n<li><strong>ST.ONE\u00ae Facing<\/strong> est un mortier de ragr\u00e9age de pierres sp\u00e9cialement \u00e9tudi\u00e9 pour la r\u00e9paration en fine \u00e9paisseur<\/li>\n<\/ol>\n<\/div>\n<h3>DOMAINES D\u2019UTILISATION<\/h3>\n<ul>\n<li>Reconstitution en \u00e9paisseur de parements, ornements architecturaux taill\u00e9s ou sculpt\u00e9s pour les pierres tendres \u00e0 dures<\/li>\n<li>Rebouchage, r\u00e9paration d\u2019\u00e9paufrures, uniformisation des parements de fa\u00e7ade<\/li>\n<li>Mod\u00e9natures de fa\u00e7ade<\/li>\n<\/ul>\n<h3>CONDITIONNEMENT<\/h3>\n<p>Sac de 25 kg et 40 sacs par palette (palette de 1 tonne)<\/p>\n<h3>COMPOSITION<\/h3>\n<p>Mortier compos\u00e9 \u00e0 base de chaux hydraulique de Saint-Astier, de pigments, de granulats s\u00e9lectionn\u00e9s et d\u2019adjuvants sp\u00e9cifiques<\/p>\n","protected":false},"excerpt":{"rendered":"<p>Ce mortier de r\u00e9paration de pierres de Saint-Astier a \u00e9t\u00e9 sp\u00e9cialement \u00e9tudi\u00e9 pour la r\u00e9paration et l\u2019imitation des pierres, la r\u00e9alisation d\u2019encadrement ou de corniches, le moulage et la reconstitution des reliefs.<\/p>\n<p>Il se d\u00e9cline aujourd&rsquo;hui en 6 versions pour diff\u00e9rentes utilisations :<\/p>\n<div>\n<ol>\n<li>ST.ONE\u00ae Original est un mortier de r\u00e9paration pour pierres et briques<\/li>\n<li>ST.ONE\u00ae Soft est un mortier de r\u00e9paration pour pierres tr\u00e8s tendres<\/li>\n<li>ST.ONE\u00ae Fine est un mortier de r\u00e9paration \u00e0 grain fin pour pierre tendres \u00e0 dures<\/li>\n<li>ST.ONE\u00ae Strong est un mortier de r\u00e9paration pour les pierres dures et froides<\/li>\n<li>ST.ONE\u00ae Step est un mortier de r\u00e9paration de pierres pour surfaces dites horizontales ( seuil, nez de marche&#8230;)<\/li>\n<li>ST.ONE\u00ae Facing est un mortier de ragr\u00e9age de pierres sp\u00e9cialement \u00e9tudi\u00e9 pour la r\u00e9paration en fine \u00e9paisseur<\/li>\n<\/ol>\n<\/div>\n<p>. Essayez-le!<br \/>\n<img loading=\"lazy\" decoding=\"async\" class=\"alignnone size-full wp-image-170632\" src=\"https:\/\/nature-et-developpement.com\/wp-content\/uploads\/logo-EPV.jpg\" alt=\"Entreprise du Patrimoine Vivant\" width=\"150\" height=\"150\" \/><\/p>\n","protected":false},"featured_media":1000000174476,"template":"","meta":[],"product_brand":[567],"product_cat":[113,125,87],"product_tag":[566],"class_list":{"0":"post-2943","1":"product","2":"type-product","3":"status-publish","4":"has-post-thumbnail","6":"product_brand-saint-astier-chaux","7":"product_cat-demande-de-devis-uniquement-sans-prix","8":"product_cat-enduits-naturels","9":"product_cat-maconnerie","10":"product_tag-saint-astier","11":"product_shipping_class-sac-de-25kg","13":"first","14":"instock","15":"taxable","16":"shipping-taxable","17":"purchasable","18":"product-type-variable"},"yoast_head":"<!-- This site is optimized with the Yoast SEO plugin v27.5 - https:\/\/yoast.com\/product\/yoast-seo-wordpress\/ -->\n<title>Mortier r\u00e9paration de pierres St.One 25Kg de Saint Astier<\/title>\n<meta name=\"description\" content=\"Ce mortier de r\u00e9paration de pierres de Saint-Astier a \u00e9t\u00e9 sp\u00e9cialement \u00e9tudi\u00e9 pour la r\u00e9paration et l\u2019imitation des pierres, la r\u00e9alisation d\u2019encadrement ou de corniches, le moulage et la reconstitution des reliefs.  Il se d\u00e9cline aujourd&#039;hui en 6 versions pour diff\u00e9rentes utilisations :    ST.ONE\u00ae Original est un mortier de r\u00e9paration pour pierres et briques  ST.ONE\u00ae Soft est un mortier de r\u00e9paration pour pierres tr\u00e8s tendres  ST.ONE\u00ae Fine est un mortier de r\u00e9paration \u00e0 grain fin pour pierre tendres \u00e0 dures  ST.ONE\u00ae Strong est un mortier de r\u00e9paration pour les pierres dures et froides  ST.ONE\u00ae Step est un mortier de r\u00e9paration de pierres pour surfaces dites horizontales ( seuil, nez de marche...)  ST.ONE\u00ae Facing est un mortier de ragr\u00e9age de pierres sp\u00e9cialement \u00e9tudi\u00e9 pour la r\u00e9paration en fine \u00e9paisseur   . Essayez-le!\" \/>\n<meta name=\"robots\" content=\"noindex, nofollow\" \/>\n<meta property=\"og:locale\" content=\"fr_FR\" \/>\n<meta property=\"og:type\" content=\"article\" \/>\n<meta property=\"og:title\" content=\"Mortier r\u00e9paration de pierres St.One 25Kg de Saint Astier\" \/>\n<meta property=\"og:description\" content=\"Ce mortier de r\u00e9paration de pierres de Saint-Astier a \u00e9t\u00e9 sp\u00e9cialement \u00e9tudi\u00e9 pour la r\u00e9paration et l\u2019imitation des pierres, la r\u00e9alisation d\u2019encadrement ou de corniches, le moulage et la reconstitution des reliefs.  Il se d\u00e9cline aujourd&#039;hui en 6 versions pour diff\u00e9rentes utilisations :    ST.ONE\u00ae Original est un mortier de r\u00e9paration pour pierres et briques  ST.ONE\u00ae Soft est un mortier de r\u00e9paration pour pierres tr\u00e8s tendres  ST.ONE\u00ae Fine est un mortier de r\u00e9paration \u00e0 grain fin pour pierre tendres \u00e0 dures  ST.ONE\u00ae Strong est un mortier de r\u00e9paration pour les pierres dures et froides  ST.ONE\u00ae Step est un mortier de r\u00e9paration de pierres pour surfaces dites horizontales ( seuil, nez de marche...)  ST.ONE\u00ae Facing est un mortier de ragr\u00e9age de pierres sp\u00e9cialement \u00e9tudi\u00e9 pour la r\u00e9paration en fine \u00e9paisseur   . Essayez-le!\" \/>\n<meta property=\"og:url\" content=\"https:\/\/nature-et-developpement.com\/ekoetikmateriaux\/produit\/mortier-reparation-de-pierres-25kg-de-saint-astier\/\" \/>\n<meta property=\"og:site_name\" content=\"Eko Etik Mat\u00e9riaux\" \/>\n<meta property=\"article:modified_time\" content=\"2026-04-24T09:23:29+00:00\" \/>\n<meta name=\"twitter:card\" content=\"summary_large_image\" \/>\n<meta name=\"twitter:label1\" content=\"Dur\u00e9e de lecture estim\u00e9e\" \/>\n\t<meta name=\"twitter:data1\" content=\"1 minute\" \/>\n<script type=\"application\/ld+json\" class=\"yoast-schema-graph\">{\"@context\":\"https:\\\/\\\/schema.org\",\"@graph\":[{\"@type\":\"WebPage\",\"@id\":\"https:\\\/\\\/nature-et-developpement.com\\\/ekoetikmateriaux\\\/produit\\\/mortier-reparation-de-pierres-25kg-de-saint-astier\\\/\",\"url\":\"https:\\\/\\\/nature-et-developpement.com\\\/ekoetikmateriaux\\\/produit\\\/mortier-reparation-de-pierres-25kg-de-saint-astier\\\/\",\"name\":\"Mortier r\u00e9paration de pierres St.One 25Kg de Saint Astier\",\"isPartOf\":{\"@id\":\"https:\\\/\\\/nature-et-developpement.com\\\/ekoetikmateriaux\\\/#website\"},\"primaryImageOfPage\":{\"@id\":\"https:\\\/\\\/nature-et-developpement.com\\\/ekoetikmateriaux\\\/produit\\\/mortier-reparation-de-pierres-25kg-de-saint-astier\\\/#primaryimage\"},\"image\":{\"@id\":\"https:\\\/\\\/nature-et-developpement.com\\\/ekoetikmateriaux\\\/produit\\\/mortier-reparation-de-pierres-25kg-de-saint-astier\\\/#primaryimage\"},\"thumbnailUrl\":\"https:\\\/\\\/nature-et-developpement.com\\\/ekoetikmateriaux\\\/wp-content\\\/uploads\\\/St-One-25Kg-Saint-Astier.jpg\",\"datePublished\":\"2023-04-07T08:20:31+00:00\",\"dateModified\":\"2026-04-24T09:23:29+00:00\",\"description\":\"Ce mortier de r\u00e9paration de pierres de Saint-Astier a \u00e9t\u00e9 sp\u00e9cialement \u00e9tudi\u00e9 pour la r\u00e9paration et l\u2019imitation des pierres, la r\u00e9alisation d\u2019encadrement ou de corniches, le moulage et la reconstitution des reliefs. Il se d\u00e9cline aujourd'hui en 6 versions pour diff\u00e9rentes utilisations : ST.ONE\u00ae Original est un mortier de r\u00e9paration pour pierres et briques ST.ONE\u00ae Soft est un mortier de r\u00e9paration pour pierres tr\u00e8s tendres ST.ONE\u00ae Fine est un mortier de r\u00e9paration \u00e0 grain fin pour pierre tendres \u00e0 dures ST.ONE\u00ae Strong est un mortier de r\u00e9paration pour les pierres dures et froides ST.ONE\u00ae Step est un mortier de r\u00e9paration de pierres pour surfaces dites horizontales ( seuil, nez de marche...) ST.ONE\u00ae Facing est un mortier de ragr\u00e9age de pierres sp\u00e9cialement \u00e9tudi\u00e9 pour la r\u00e9paration en fine \u00e9paisseur . Essayez-le!\",\"breadcrumb\":{\"@id\":\"https:\\\/\\\/nature-et-developpement.com\\\/ekoetikmateriaux\\\/produit\\\/mortier-reparation-de-pierres-25kg-de-saint-astier\\\/#breadcrumb\"},\"inLanguage\":\"fr-FR\",\"potentialAction\":[{\"@type\":\"ReadAction\",\"target\":[\"https:\\\/\\\/nature-et-developpement.com\\\/ekoetikmateriaux\\\/produit\\\/mortier-reparation-de-pierres-25kg-de-saint-astier\\\/\"]}]},{\"@type\":\"ImageObject\",\"inLanguage\":\"fr-FR\",\"@id\":\"https:\\\/\\\/nature-et-developpement.com\\\/ekoetikmateriaux\\\/produit\\\/mortier-reparation-de-pierres-25kg-de-saint-astier\\\/#primaryimage\",\"url\":\"https:\\\/\\\/nature-et-developpement.com\\\/ekoetikmateriaux\\\/wp-content\\\/uploads\\\/St-One-25Kg-Saint-Astier.jpg\",\"contentUrl\":\"https:\\\/\\\/nature-et-developpement.com\\\/ekoetikmateriaux\\\/wp-content\\\/uploads\\\/St-One-25Kg-Saint-Astier.jpg\"},{\"@type\":\"BreadcrumbList\",\"@id\":\"https:\\\/\\\/nature-et-developpement.com\\\/ekoetikmateriaux\\\/produit\\\/mortier-reparation-de-pierres-25kg-de-saint-astier\\\/#breadcrumb\",\"itemListElement\":[{\"@type\":\"ListItem\",\"position\":1,\"name\":\"Accueil\",\"item\":\"https:\\\/\\\/nature-et-developpement.com\\\/ekoetikmateriaux\\\/\"},{\"@type\":\"ListItem\",\"position\":2,\"name\":\"Boutique\",\"item\":\"https:\\\/\\\/nature-et-developpement.com\\\/ekoetikmateriaux\\\/boutique\\\/\"},{\"@type\":\"ListItem\",\"position\":3,\"name\":\"Construction, cloison et fen\u00eatres\",\"item\":\"https:\\\/\\\/nature-et-developpement.com\\\/ekoetikmateriaux\\\/produits\\\/construction\\\/\"},{\"@type\":\"ListItem\",\"position\":4,\"name\":\"Ma\u00e7onnerie\",\"item\":\"https:\\\/\\\/nature-et-developpement.com\\\/ekoetikmateriaux\\\/produits\\\/construction\\\/maconnerie\\\/\"},{\"@type\":\"ListItem\",\"position\":5,\"name\":\"Mortier r\u00e9paration de pierres St.One 25Kg de Saint Astier\"}]},{\"@type\":\"WebSite\",\"@id\":\"https:\\\/\\\/nature-et-developpement.com\\\/ekoetikmateriaux\\\/#website\",\"url\":\"https:\\\/\\\/nature-et-developpement.com\\\/ekoetikmateriaux\\\/\",\"name\":\"Eko Etik Mat\u00e9riaux\",\"description\":\"Eko Etik Materiaux est membre du groupement Nature &amp; D\u00e9veloppement\",\"publisher\":{\"@id\":\"https:\\\/\\\/nature-et-developpement.com\\\/ekoetikmateriaux\\\/#organization\"},\"potentialAction\":[{\"@type\":\"SearchAction\",\"target\":{\"@type\":\"EntryPoint\",\"urlTemplate\":\"https:\\\/\\\/nature-et-developpement.com\\\/ekoetikmateriaux\\\/?s={search_term_string}\"},\"query-input\":{\"@type\":\"PropertyValueSpecification\",\"valueRequired\":true,\"valueName\":\"search_term_string\"}}],\"inLanguage\":\"fr-FR\"},{\"@type\":\"Organization\",\"@id\":\"https:\\\/\\\/nature-et-developpement.com\\\/ekoetikmateriaux\\\/#organization\",\"name\":\"Eko Etik Mat\u00e9riaux\",\"url\":\"https:\\\/\\\/nature-et-developpement.com\\\/ekoetikmateriaux\\\/\",\"logo\":{\"@type\":\"ImageObject\",\"inLanguage\":\"fr-FR\",\"@id\":\"https:\\\/\\\/nature-et-developpement.com\\\/ekoetikmateriaux\\\/#\\\/schema\\\/logo\\\/image\\\/\",\"url\":\"https:\\\/\\\/nature-et-developpement.com\\\/ekoetikmateriaux\\\/wp-content\\\/uploads\\\/sites\\\/30\\\/2025\\\/02\\\/cropped-eko-etik-materiaux-2-1.png\",\"contentUrl\":\"https:\\\/\\\/nature-et-developpement.com\\\/ekoetikmateriaux\\\/wp-content\\\/uploads\\\/sites\\\/30\\\/2025\\\/02\\\/cropped-eko-etik-materiaux-2-1.png\",\"width\":512,\"height\":512,\"caption\":\"Eko Etik Mat\u00e9riaux\"},\"image\":{\"@id\":\"https:\\\/\\\/nature-et-developpement.com\\\/ekoetikmateriaux\\\/#\\\/schema\\\/logo\\\/image\\\/\"}}]}<\/script>\n<!-- \/ Yoast SEO plugin. -->","yoast_head_json":{"title":"Mortier r\u00e9paration de pierres St.One 25Kg de Saint Astier","description":"Ce mortier de r\u00e9paration de pierres de Saint-Astier a \u00e9t\u00e9 sp\u00e9cialement \u00e9tudi\u00e9 pour la r\u00e9paration et l\u2019imitation des pierres, la r\u00e9alisation d\u2019encadrement ou de corniches, le moulage et la reconstitution des reliefs.  Il se d\u00e9cline aujourd'hui en 6 versions pour diff\u00e9rentes utilisations :    ST.ONE\u00ae Original est un mortier de r\u00e9paration pour pierres et briques  ST.ONE\u00ae Soft est un mortier de r\u00e9paration pour pierres tr\u00e8s tendres  ST.ONE\u00ae Fine est un mortier de r\u00e9paration \u00e0 grain fin pour pierre tendres \u00e0 dures  ST.ONE\u00ae Strong est un mortier de r\u00e9paration pour les pierres dures et froides  ST.ONE\u00ae Step est un mortier de r\u00e9paration de pierres pour surfaces dites horizontales ( seuil, nez de marche...)  ST.ONE\u00ae Facing est un mortier de ragr\u00e9age de pierres sp\u00e9cialement \u00e9tudi\u00e9 pour la r\u00e9paration en fine \u00e9paisseur   . Essayez-le!","robots":{"index":"noindex","follow":"nofollow"},"og_locale":"fr_FR","og_type":"article","og_title":"Mortier r\u00e9paration de pierres St.One 25Kg de Saint Astier","og_description":"Ce mortier de r\u00e9paration de pierres de Saint-Astier a \u00e9t\u00e9 sp\u00e9cialement \u00e9tudi\u00e9 pour la r\u00e9paration et l\u2019imitation des pierres, la r\u00e9alisation d\u2019encadrement ou de corniches, le moulage et la reconstitution des reliefs.  Il se d\u00e9cline aujourd'hui en 6 versions pour diff\u00e9rentes utilisations :    ST.ONE\u00ae Original est un mortier de r\u00e9paration pour pierres et briques  ST.ONE\u00ae Soft est un mortier de r\u00e9paration pour pierres tr\u00e8s tendres  ST.ONE\u00ae Fine est un mortier de r\u00e9paration \u00e0 grain fin pour pierre tendres \u00e0 dures  ST.ONE\u00ae Strong est un mortier de r\u00e9paration pour les pierres dures et froides  ST.ONE\u00ae Step est un mortier de r\u00e9paration de pierres pour surfaces dites horizontales ( seuil, nez de marche...)  ST.ONE\u00ae Facing est un mortier de ragr\u00e9age de pierres sp\u00e9cialement \u00e9tudi\u00e9 pour la r\u00e9paration en fine \u00e9paisseur   . Essayez-le!","og_url":"https:\/\/nature-et-developpement.com\/ekoetikmateriaux\/produit\/mortier-reparation-de-pierres-25kg-de-saint-astier\/","og_site_name":"Eko Etik Mat\u00e9riaux","article_modified_time":"2026-04-24T09:23:29+00:00","twitter_card":"summary_large_image","twitter_misc":{"Dur\u00e9e de lecture estim\u00e9e":"1 minute"},"schema":{"@context":"https:\/\/schema.org","@graph":[{"@type":"WebPage","@id":"https:\/\/nature-et-developpement.com\/ekoetikmateriaux\/produit\/mortier-reparation-de-pierres-25kg-de-saint-astier\/","url":"https:\/\/nature-et-developpement.com\/ekoetikmateriaux\/produit\/mortier-reparation-de-pierres-25kg-de-saint-astier\/","name":"Mortier r\u00e9paration de pierres St.One 25Kg de Saint Astier","isPartOf":{"@id":"https:\/\/nature-et-developpement.com\/ekoetikmateriaux\/#website"},"primaryImageOfPage":{"@id":"https:\/\/nature-et-developpement.com\/ekoetikmateriaux\/produit\/mortier-reparation-de-pierres-25kg-de-saint-astier\/#primaryimage"},"image":{"@id":"https:\/\/nature-et-developpement.com\/ekoetikmateriaux\/produit\/mortier-reparation-de-pierres-25kg-de-saint-astier\/#primaryimage"},"thumbnailUrl":"https:\/\/nature-et-developpement.com\/ekoetikmateriaux\/wp-content\/uploads\/St-One-25Kg-Saint-Astier.jpg","datePublished":"2023-04-07T08:20:31+00:00","dateModified":"2026-04-24T09:23:29+00:00","description":"Ce mortier de r\u00e9paration de pierres de Saint-Astier a \u00e9t\u00e9 sp\u00e9cialement \u00e9tudi\u00e9 pour la r\u00e9paration et l\u2019imitation des pierres, la r\u00e9alisation d\u2019encadrement ou de corniches, le moulage et la reconstitution des reliefs. Il se d\u00e9cline aujourd'hui en 6 versions pour diff\u00e9rentes utilisations : ST.ONE\u00ae Original est un mortier de r\u00e9paration pour pierres et briques ST.ONE\u00ae Soft est un mortier de r\u00e9paration pour pierres tr\u00e8s tendres ST.ONE\u00ae Fine est un mortier de r\u00e9paration \u00e0 grain fin pour pierre tendres \u00e0 dures ST.ONE\u00ae Strong est un mortier de r\u00e9paration pour les pierres dures et froides ST.ONE\u00ae Step est un mortier de r\u00e9paration de pierres pour surfaces dites horizontales ( seuil, nez de marche...) ST.ONE\u00ae Facing est un mortier de ragr\u00e9age de pierres sp\u00e9cialement \u00e9tudi\u00e9 pour la r\u00e9paration en fine \u00e9paisseur . Essayez-le!","breadcrumb":{"@id":"https:\/\/nature-et-developpement.com\/ekoetikmateriaux\/produit\/mortier-reparation-de-pierres-25kg-de-saint-astier\/#breadcrumb"},"inLanguage":"fr-FR","potentialAction":[{"@type":"ReadAction","target":["https:\/\/nature-et-developpement.com\/ekoetikmateriaux\/produit\/mortier-reparation-de-pierres-25kg-de-saint-astier\/"]}]},{"@type":"ImageObject","inLanguage":"fr-FR","@id":"https:\/\/nature-et-developpement.com\/ekoetikmateriaux\/produit\/mortier-reparation-de-pierres-25kg-de-saint-astier\/#primaryimage","url":"https:\/\/nature-et-developpement.com\/ekoetikmateriaux\/wp-content\/uploads\/St-One-25Kg-Saint-Astier.jpg","contentUrl":"https:\/\/nature-et-developpement.com\/ekoetikmateriaux\/wp-content\/uploads\/St-One-25Kg-Saint-Astier.jpg"},{"@type":"BreadcrumbList","@id":"https:\/\/nature-et-developpement.com\/ekoetikmateriaux\/produit\/mortier-reparation-de-pierres-25kg-de-saint-astier\/#breadcrumb","itemListElement":[{"@type":"ListItem","position":1,"name":"Accueil","item":"https:\/\/nature-et-developpement.com\/ekoetikmateriaux\/"},{"@type":"ListItem","position":2,"name":"Boutique","item":"https:\/\/nature-et-developpement.com\/ekoetikmateriaux\/boutique\/"},{"@type":"ListItem","position":3,"name":"Construction, cloison et fen\u00eatres","item":"https:\/\/nature-et-developpement.com\/ekoetikmateriaux\/produits\/construction\/"},{"@type":"ListItem","position":4,"name":"Ma\u00e7onnerie","item":"https:\/\/nature-et-developpement.com\/ekoetikmateriaux\/produits\/construction\/maconnerie\/"},{"@type":"ListItem","position":5,"name":"Mortier r\u00e9paration de pierres St.One 25Kg de Saint Astier"}]},{"@type":"WebSite","@id":"https:\/\/nature-et-developpement.com\/ekoetikmateriaux\/#website","url":"https:\/\/nature-et-developpement.com\/ekoetikmateriaux\/","name":"Eko Etik Mat\u00e9riaux","description":"Eko Etik Materiaux est membre du groupement Nature &amp; D\u00e9veloppement","publisher":{"@id":"https:\/\/nature-et-developpement.com\/ekoetikmateriaux\/#organization"},"potentialAction":[{"@type":"SearchAction","target":{"@type":"EntryPoint","urlTemplate":"https:\/\/nature-et-developpement.com\/ekoetikmateriaux\/?s={search_term_string}"},"query-input":{"@type":"PropertyValueSpecification","valueRequired":true,"valueName":"search_term_string"}}],"inLanguage":"fr-FR"},{"@type":"Organization","@id":"https:\/\/nature-et-developpement.com\/ekoetikmateriaux\/#organization","name":"Eko Etik Mat\u00e9riaux","url":"https:\/\/nature-et-developpement.com\/ekoetikmateriaux\/","logo":{"@type":"ImageObject","inLanguage":"fr-FR","@id":"https:\/\/nature-et-developpement.com\/ekoetikmateriaux\/#\/schema\/logo\/image\/","url":"https:\/\/nature-et-developpement.com\/ekoetikmateriaux\/wp-content\/uploads\/sites\/30\/2025\/02\/cropped-eko-etik-materiaux-2-1.png","contentUrl":"https:\/\/nature-et-developpement.com\/ekoetikmateriaux\/wp-content\/uploads\/sites\/30\/2025\/02\/cropped-eko-etik-materiaux-2-1.png","width":512,"height":512,"caption":"Eko Etik Mat\u00e9riaux"},"image":{"@id":"https:\/\/nature-et-developpement.com\/ekoetikmateriaux\/#\/schema\/logo\/image\/"}}]}},"distributor_meta":false,"distributor_terms":false,"distributor_media":false,"distributor_original_site_name":"Eko Etik Mat\u00e9riaux","distributor_original_site_url":"https:\/\/nature-et-developpement.com\/ekoetikmateriaux","push-errors":false,"_links":{"self":[{"href":"https:\/\/nature-et-developpement.com\/ekoetikmateriaux\/wp-json\/wp\/v2\/product\/2943","targetHints":{"allow":["GET"]}}],"collection":[{"href":"https:\/\/nature-et-developpement.com\/ekoetikmateriaux\/wp-json\/wp\/v2\/product"}],"about":[{"href":"https:\/\/nature-et-developpement.com\/ekoetikmateriaux\/wp-json\/wp\/v2\/types\/product"}],"wp:featuredmedia":[{"embeddable":true,"href":"https:\/\/nature-et-developpement.com\/ekoetikmateriaux\/wp-json\/"}],"wp:attachment":[{"href":"https:\/\/nature-et-developpement.com\/ekoetikmateriaux\/wp-json\/wp\/v2\/media?parent=2943"}],"wp:term":[{"taxonomy":"product_brand","embeddable":true,"href":"https:\/\/nature-et-developpement.com\/ekoetikmateriaux\/wp-json\/wp\/v2\/product_brand?post=2943"},{"taxonomy":"product_cat","embeddable":true,"href":"https:\/\/nature-et-developpement.com\/ekoetikmateriaux\/wp-json\/wp\/v2\/product_cat?post=2943"},{"taxonomy":"product_tag","embeddable":true,"href":"https:\/\/nature-et-developpement.com\/ekoetikmateriaux\/wp-json\/wp\/v2\/product_tag?post=2943"}],"curies":[{"name":"wp","href":"https:\/\/api.w.org\/{rel}","templated":true}]}}