{"id":10522,"date":"2024-09-02T00:00:47","date_gmt":"2024-09-01T22:00:47","guid":{"rendered":"https:\/\/nature-et-developpement.com\/futureco\/produit\/scie-speciale-isolant-biosource-aiguiseur\/"},"modified":"2026-02-17T20:40:43","modified_gmt":"2026-02-17T19:40:43","slug":"scie-bahco-pour-isolant-avec-son-aiguiseur","status":"publish","type":"product","link":"https:\/\/nature-et-developpement.com\/futureco\/produit\/scie-bahco-pour-isolant-avec-son-aiguiseur\/","title":{"rendered":"Scie sp\u00e9ciale isolant biosourc\u00e9 + Aiguiseur"},"content":{"rendered":"<h2>Scie sp\u00e9ciale isolant BAHCO<\/h2>\n<p>Scie sp\u00e9ciale isolant<\/p>\n<ul>\n<li>Longueur de la lame : 550mm<\/li>\n<li>Poignet bi-mati\u00e8re et lame de 22&Prime; \u00e0 denture ondul\u00e9e<\/li>\n<li>Scie r\u00e9aff\u00fbtable (SHARP INS)<\/li>\n<li>Epaisseur de la lame : 0.93 mm pour une stabilit\u00e9 maximale<\/li>\n<li>Denture avec un entre-dent de 15mm sp\u00e9cialement con\u00e7ue pour la coupe de mat\u00e9riaux isolants<\/li>\n<\/ul>\n<div>\n<ul>\n<li>Affuteur \u00e0 Lame en\u00a0<strong>carbure de tungst\u00e8ne.<\/strong><\/li>\n<\/ul>\n<\/div>\n","protected":false},"excerpt":{"rendered":"<p>Une scie tr\u00e8s pratique pour couper facilement et avec pr\u00e9cision toutes sortes de mat\u00e9riaux isolants.<\/p>\n<p>L&rsquo;affuteur Bahco est tr\u00e8s pratique, il vous permettra d&rsquo;aiguiser la lame de votre\u00a0<strong>scie<\/strong>\u00a0pour des coupes parfaites.<\/p>\n[embed]https:\/\/www.youtube.com\/watch?v=PrjXYRJpdeI[\/embed]\n","protected":false},"featured_media":1000000153822,"template":"","meta":[],"product_brand":[2747],"product_cat":[243,748],"product_tag":[4181],"class_list":{"0":"post-10522","1":"product","2":"type-product","3":"status-publish","4":"has-post-thumbnail","6":"product_brand-biofib","7":"product_cat-accessoires-isolation-et-etancheite","8":"product_cat-outillage","9":"product_tag-biofib","10":"product_shipping_class-petit-equipement-outil-eclairage","12":"first","13":"instock","14":"taxable","15":"shipping-taxable","16":"purchasable","17":"product-type-variable","18":"has-default-attributes"},"yoast_head":"<!-- This site is optimized with the Yoast SEO plugin v27.5 - https:\/\/yoast.com\/product\/yoast-seo-wordpress\/ -->\n<title>Scie sp\u00e9ciale isolant biosourc\u00e9 + Aiguiseur<\/title>\n<meta name=\"description\" content=\"Une scie tr\u00e8s pratique pour couper facilement et avec pr\u00e9cision toutes sortes de mat\u00e9riaux isolants.  L&#039;affuteur Bahco est tr\u00e8s pratique, il vous permettra d&#039;aiguiser la lame de votre\u00a0scie\u00a0pour des coupes parfaites.\" \/>\n<meta name=\"robots\" content=\"noindex, nofollow\" \/>\n<meta property=\"og:locale\" content=\"fr_FR\" \/>\n<meta property=\"og:type\" content=\"article\" \/>\n<meta property=\"og:title\" content=\"Scie sp\u00e9ciale isolant biosourc\u00e9 + Aiguiseur\" \/>\n<meta property=\"og:description\" content=\"Une scie tr\u00e8s pratique pour couper facilement et avec pr\u00e9cision toutes sortes de mat\u00e9riaux isolants.  L&#039;affuteur Bahco est tr\u00e8s pratique, il vous permettra d&#039;aiguiser la lame de votre\u00a0scie\u00a0pour des coupes parfaites.\" \/>\n<meta property=\"og:url\" content=\"https:\/\/nature-et-developpement.com\/futureco\/produit\/scie-bahco-pour-isolant-avec-son-aiguiseur\/\" \/>\n<meta property=\"og:site_name\" content=\"Futur&#039;Eco Mat\u00e9riaux\" \/>\n<meta property=\"article:modified_time\" content=\"2026-02-17T19:40:43+00:00\" \/>\n<meta name=\"twitter:card\" content=\"summary_large_image\" \/>\n<script type=\"application\/ld+json\" class=\"yoast-schema-graph\">{\"@context\":\"https:\\\/\\\/schema.org\",\"@graph\":[{\"@type\":\"WebPage\",\"@id\":\"https:\\\/\\\/nature-et-developpement.com\\\/futureco\\\/produit\\\/scie-bahco-pour-isolant-avec-son-aiguiseur\\\/\",\"url\":\"https:\\\/\\\/nature-et-developpement.com\\\/futureco\\\/produit\\\/scie-bahco-pour-isolant-avec-son-aiguiseur\\\/\",\"name\":\"Scie sp\u00e9ciale isolant biosourc\u00e9 + Aiguiseur\",\"isPartOf\":{\"@id\":\"https:\\\/\\\/nature-et-developpement.com\\\/futureco\\\/#website\"},\"primaryImageOfPage\":{\"@id\":\"https:\\\/\\\/nature-et-developpement.com\\\/futureco\\\/produit\\\/scie-bahco-pour-isolant-avec-son-aiguiseur\\\/#primaryimage\"},\"image\":{\"@id\":\"https:\\\/\\\/nature-et-developpement.com\\\/futureco\\\/produit\\\/scie-bahco-pour-isolant-avec-son-aiguiseur\\\/#primaryimage\"},\"thumbnailUrl\":\"https:\\\/\\\/nature-et-developpement.com\\\/futureco\\\/wp-content\\\/uploads\\\/Scie-Bahco-et-aiguiseur-pour-isolants-biosources.jpg\",\"datePublished\":\"2024-09-01T22:00:47+00:00\",\"dateModified\":\"2026-02-17T19:40:43+00:00\",\"description\":\"Une scie tr\u00e8s pratique pour couper facilement et avec pr\u00e9cision toutes sortes de mat\u00e9riaux isolants. L'affuteur Bahco est tr\u00e8s pratique, il vous permettra d'aiguiser la lame de votre\u00a0scie\u00a0pour des coupes parfaites.\",\"breadcrumb\":{\"@id\":\"https:\\\/\\\/nature-et-developpement.com\\\/futureco\\\/produit\\\/scie-bahco-pour-isolant-avec-son-aiguiseur\\\/#breadcrumb\"},\"inLanguage\":\"fr-FR\",\"potentialAction\":[{\"@type\":\"ReadAction\",\"target\":[\"https:\\\/\\\/nature-et-developpement.com\\\/futureco\\\/produit\\\/scie-bahco-pour-isolant-avec-son-aiguiseur\\\/\"]}]},{\"@type\":\"ImageObject\",\"inLanguage\":\"fr-FR\",\"@id\":\"https:\\\/\\\/nature-et-developpement.com\\\/futureco\\\/produit\\\/scie-bahco-pour-isolant-avec-son-aiguiseur\\\/#primaryimage\",\"url\":\"https:\\\/\\\/nature-et-developpement.com\\\/futureco\\\/wp-content\\\/uploads\\\/Scie-Bahco-et-aiguiseur-pour-isolants-biosources.jpg\",\"contentUrl\":\"https:\\\/\\\/nature-et-developpement.com\\\/futureco\\\/wp-content\\\/uploads\\\/Scie-Bahco-et-aiguiseur-pour-isolants-biosources.jpg\"},{\"@type\":\"BreadcrumbList\",\"@id\":\"https:\\\/\\\/nature-et-developpement.com\\\/futureco\\\/produit\\\/scie-bahco-pour-isolant-avec-son-aiguiseur\\\/#breadcrumb\",\"itemListElement\":[{\"@type\":\"ListItem\",\"position\":1,\"name\":\"Accueil\",\"item\":\"https:\\\/\\\/nature-et-developpement.com\\\/futureco\\\/\"},{\"@type\":\"ListItem\",\"position\":2,\"name\":\"Produits\",\"item\":\"https:\\\/\\\/nature-et-developpement.com\\\/futureco\\\/shop\\\/\"},{\"@type\":\"ListItem\",\"position\":3,\"name\":\"Isolation et \u00e9tanch\u00e9it\u00e9\",\"item\":\"https:\\\/\\\/nature-et-developpement.com\\\/futureco\\\/produits\\\/isolation-et-etancheite\\\/\"},{\"@type\":\"ListItem\",\"position\":4,\"name\":\"Accessoires isolation et \u00e9tanch\u00e9it\u00e9\",\"item\":\"https:\\\/\\\/nature-et-developpement.com\\\/futureco\\\/produits\\\/isolation-et-etancheite\\\/accessoires-isolation-et-etancheite\\\/\"},{\"@type\":\"ListItem\",\"position\":5,\"name\":\"Scie sp\u00e9ciale isolant biosourc\u00e9 + Aiguiseur\"}]},{\"@type\":\"WebSite\",\"@id\":\"https:\\\/\\\/nature-et-developpement.com\\\/futureco\\\/#website\",\"url\":\"https:\\\/\\\/nature-et-developpement.com\\\/futureco\\\/\",\"name\":\"Futur&#039;Eco Mat\u00e9riaux\",\"description\":\"Futur Eco Mat\u00e9riaux est membre du groupement Nature &amp; D\u00e9veloppement\",\"publisher\":{\"@id\":\"https:\\\/\\\/nature-et-developpement.com\\\/futureco\\\/#organization\"},\"potentialAction\":[{\"@type\":\"SearchAction\",\"target\":{\"@type\":\"EntryPoint\",\"urlTemplate\":\"https:\\\/\\\/nature-et-developpement.com\\\/futureco\\\/?s={search_term_string}\"},\"query-input\":{\"@type\":\"PropertyValueSpecification\",\"valueRequired\":true,\"valueName\":\"search_term_string\"}}],\"inLanguage\":\"fr-FR\"},{\"@type\":\"Organization\",\"@id\":\"https:\\\/\\\/nature-et-developpement.com\\\/futureco\\\/#organization\",\"name\":\"Futur Eco Materiaux\",\"url\":\"https:\\\/\\\/nature-et-developpement.com\\\/futureco\\\/\",\"logo\":{\"@type\":\"ImageObject\",\"inLanguage\":\"fr-FR\",\"@id\":\"https:\\\/\\\/nature-et-developpement.com\\\/futureco\\\/#\\\/schema\\\/logo\\\/image\\\/\",\"url\":\"https:\\\/\\\/nature-et-developpement.com\\\/futureco\\\/wp-content\\\/uploads\\\/sites\\\/16\\\/2021\\\/09\\\/logo-futur-eco-materiaux.jpg\",\"contentUrl\":\"https:\\\/\\\/nature-et-developpement.com\\\/futureco\\\/wp-content\\\/uploads\\\/sites\\\/16\\\/2021\\\/09\\\/logo-futur-eco-materiaux.jpg\",\"width\":500,\"height\":94,\"caption\":\"Futur Eco Materiaux\"},\"image\":{\"@id\":\"https:\\\/\\\/nature-et-developpement.com\\\/futureco\\\/#\\\/schema\\\/logo\\\/image\\\/\"}}]}<\/script>\n<!-- \/ Yoast SEO plugin. -->","yoast_head_json":{"title":"Scie sp\u00e9ciale isolant biosourc\u00e9 + Aiguiseur","description":"Une scie tr\u00e8s pratique pour couper facilement et avec pr\u00e9cision toutes sortes de mat\u00e9riaux isolants.  L'affuteur Bahco est tr\u00e8s pratique, il vous permettra d'aiguiser la lame de votre\u00a0scie\u00a0pour des coupes parfaites.","robots":{"index":"noindex","follow":"nofollow"},"og_locale":"fr_FR","og_type":"article","og_title":"Scie sp\u00e9ciale isolant biosourc\u00e9 + Aiguiseur","og_description":"Une scie tr\u00e8s pratique pour couper facilement et avec pr\u00e9cision toutes sortes de mat\u00e9riaux isolants.  L'affuteur Bahco est tr\u00e8s pratique, il vous permettra d'aiguiser la lame de votre\u00a0scie\u00a0pour des coupes parfaites.","og_url":"https:\/\/nature-et-developpement.com\/futureco\/produit\/scie-bahco-pour-isolant-avec-son-aiguiseur\/","og_site_name":"Futur&#039;Eco Mat\u00e9riaux","article_modified_time":"2026-02-17T19:40:43+00:00","twitter_card":"summary_large_image","schema":{"@context":"https:\/\/schema.org","@graph":[{"@type":"WebPage","@id":"https:\/\/nature-et-developpement.com\/futureco\/produit\/scie-bahco-pour-isolant-avec-son-aiguiseur\/","url":"https:\/\/nature-et-developpement.com\/futureco\/produit\/scie-bahco-pour-isolant-avec-son-aiguiseur\/","name":"Scie sp\u00e9ciale isolant biosourc\u00e9 + Aiguiseur","isPartOf":{"@id":"https:\/\/nature-et-developpement.com\/futureco\/#website"},"primaryImageOfPage":{"@id":"https:\/\/nature-et-developpement.com\/futureco\/produit\/scie-bahco-pour-isolant-avec-son-aiguiseur\/#primaryimage"},"image":{"@id":"https:\/\/nature-et-developpement.com\/futureco\/produit\/scie-bahco-pour-isolant-avec-son-aiguiseur\/#primaryimage"},"thumbnailUrl":"https:\/\/nature-et-developpement.com\/futureco\/wp-content\/uploads\/Scie-Bahco-et-aiguiseur-pour-isolants-biosources.jpg","datePublished":"2024-09-01T22:00:47+00:00","dateModified":"2026-02-17T19:40:43+00:00","description":"Une scie tr\u00e8s pratique pour couper facilement et avec pr\u00e9cision toutes sortes de mat\u00e9riaux isolants. L'affuteur Bahco est tr\u00e8s pratique, il vous permettra d'aiguiser la lame de votre\u00a0scie\u00a0pour des coupes parfaites.","breadcrumb":{"@id":"https:\/\/nature-et-developpement.com\/futureco\/produit\/scie-bahco-pour-isolant-avec-son-aiguiseur\/#breadcrumb"},"inLanguage":"fr-FR","potentialAction":[{"@type":"ReadAction","target":["https:\/\/nature-et-developpement.com\/futureco\/produit\/scie-bahco-pour-isolant-avec-son-aiguiseur\/"]}]},{"@type":"ImageObject","inLanguage":"fr-FR","@id":"https:\/\/nature-et-developpement.com\/futureco\/produit\/scie-bahco-pour-isolant-avec-son-aiguiseur\/#primaryimage","url":"https:\/\/nature-et-developpement.com\/futureco\/wp-content\/uploads\/Scie-Bahco-et-aiguiseur-pour-isolants-biosources.jpg","contentUrl":"https:\/\/nature-et-developpement.com\/futureco\/wp-content\/uploads\/Scie-Bahco-et-aiguiseur-pour-isolants-biosources.jpg"},{"@type":"BreadcrumbList","@id":"https:\/\/nature-et-developpement.com\/futureco\/produit\/scie-bahco-pour-isolant-avec-son-aiguiseur\/#breadcrumb","itemListElement":[{"@type":"ListItem","position":1,"name":"Accueil","item":"https:\/\/nature-et-developpement.com\/futureco\/"},{"@type":"ListItem","position":2,"name":"Produits","item":"https:\/\/nature-et-developpement.com\/futureco\/shop\/"},{"@type":"ListItem","position":3,"name":"Isolation et \u00e9tanch\u00e9it\u00e9","item":"https:\/\/nature-et-developpement.com\/futureco\/produits\/isolation-et-etancheite\/"},{"@type":"ListItem","position":4,"name":"Accessoires isolation et \u00e9tanch\u00e9it\u00e9","item":"https:\/\/nature-et-developpement.com\/futureco\/produits\/isolation-et-etancheite\/accessoires-isolation-et-etancheite\/"},{"@type":"ListItem","position":5,"name":"Scie sp\u00e9ciale isolant biosourc\u00e9 + Aiguiseur"}]},{"@type":"WebSite","@id":"https:\/\/nature-et-developpement.com\/futureco\/#website","url":"https:\/\/nature-et-developpement.com\/futureco\/","name":"Futur&#039;Eco Mat\u00e9riaux","description":"Futur Eco Mat\u00e9riaux est membre du groupement Nature &amp; D\u00e9veloppement","publisher":{"@id":"https:\/\/nature-et-developpement.com\/futureco\/#organization"},"potentialAction":[{"@type":"SearchAction","target":{"@type":"EntryPoint","urlTemplate":"https:\/\/nature-et-developpement.com\/futureco\/?s={search_term_string}"},"query-input":{"@type":"PropertyValueSpecification","valueRequired":true,"valueName":"search_term_string"}}],"inLanguage":"fr-FR"},{"@type":"Organization","@id":"https:\/\/nature-et-developpement.com\/futureco\/#organization","name":"Futur Eco Materiaux","url":"https:\/\/nature-et-developpement.com\/futureco\/","logo":{"@type":"ImageObject","inLanguage":"fr-FR","@id":"https:\/\/nature-et-developpement.com\/futureco\/#\/schema\/logo\/image\/","url":"https:\/\/nature-et-developpement.com\/futureco\/wp-content\/uploads\/sites\/16\/2021\/09\/logo-futur-eco-materiaux.jpg","contentUrl":"https:\/\/nature-et-developpement.com\/futureco\/wp-content\/uploads\/sites\/16\/2021\/09\/logo-futur-eco-materiaux.jpg","width":500,"height":94,"caption":"Futur Eco Materiaux"},"image":{"@id":"https:\/\/nature-et-developpement.com\/futureco\/#\/schema\/logo\/image\/"}}]}},"distributor_meta":false,"distributor_terms":false,"distributor_media":false,"distributor_original_site_name":"Futur&#039;Eco Mat\u00e9riaux","distributor_original_site_url":"https:\/\/nature-et-developpement.com\/futureco","push-errors":false,"_links":{"self":[{"href":"https:\/\/nature-et-developpement.com\/futureco\/wp-json\/wp\/v2\/product\/10522","targetHints":{"allow":["GET"]}}],"collection":[{"href":"https:\/\/nature-et-developpement.com\/futureco\/wp-json\/wp\/v2\/product"}],"about":[{"href":"https:\/\/nature-et-developpement.com\/futureco\/wp-json\/wp\/v2\/types\/product"}],"wp:featuredmedia":[{"embeddable":true,"href":"https:\/\/nature-et-developpement.com\/futureco\/wp-json\/"}],"wp:attachment":[{"href":"https:\/\/nature-et-developpement.com\/futureco\/wp-json\/wp\/v2\/media?parent=10522"}],"wp:term":[{"taxonomy":"product_brand","embeddable":true,"href":"https:\/\/nature-et-developpement.com\/futureco\/wp-json\/wp\/v2\/product_brand?post=10522"},{"taxonomy":"product_cat","embeddable":true,"href":"https:\/\/nature-et-developpement.com\/futureco\/wp-json\/wp\/v2\/product_cat?post=10522"},{"taxonomy":"product_tag","embeddable":true,"href":"https:\/\/nature-et-developpement.com\/futureco\/wp-json\/wp\/v2\/product_tag?post=10522"}],"curies":[{"name":"wp","href":"https:\/\/api.w.org\/{rel}","templated":true}]}}