{"id":10532,"date":"2017-01-01T00:00:00","date_gmt":"2016-12-31T23:00:00","guid":{"rendered":"https:\/\/nature-et-developpement.com\/futureco\/produit\/equerre-de-support-isohemp\/"},"modified":"2025-06-13T16:56:58","modified_gmt":"2025-06-13T14:56:58","slug":"equerre-de-support","status":"publish","type":"product","link":"https:\/\/nature-et-developpement.com\/futureco\/produit\/equerre-de-support\/","title":{"rendered":"\u00c9querre de support Isohemp"},"content":{"rendered":"<p>Cette solution sera privil\u00e9gi\u00e9e en r\u00e9novation int\u00e9rieure principalement quand la hauteur \u00e0 isoler au-dessus de la baie est faible et qu\u2019il ne reste que quelques rangs de blocs \u00e0 poser. L\u2019\u00e9querre peut \u00e9galement \u00eatre utilis\u00e9e pour r\u00e9partir et reprendre les charges dans certaines applications.<\/p>\n<p>Les \u00e9querres se positionnent tous les 60cm au niveau de la jonction entre deux blocs de chanvre comme illustr\u00e9 sur la photo ci-contre. Il est imp\u00e9ratif d\u2019utiliser l\u2019\u00e9querre adapt\u00e9e \u00e0 l\u2019\u00e9paisseur du bloc de chanvre et d\u2019utiliser des vis de diam\u00e8tre 6mm au minimum pour la fixation de l\u2019\u00e9querre dans le support. Apr\u00e8s la pose du bloc sur l\u2019\u00e9querre, il est n\u00e9cessaire de les lier m\u00e9caniquement (vis, clou, etc.)*.<\/p>\n<p><img loading=\"lazy\" decoding=\"async\" class=\"alignnone size-medium wp-image-153874\" src=\"https:\/\/nature-et-developpement.com\/wp-content\/uploads\/ND-IsoHemp-Equerre-conso-450x422.jpg\" alt=\"\" width=\"450\" height=\"422\" \/><\/p>\n","protected":false},"excerpt":{"rendered":"<p>Support pour ma\u00e7onnerie en blocs de chanvre.<\/p>\n<p>L\u2019utilisation des \u00e9querres est conseill\u00e9e pour maintenir les blocs de chanvre au-dessus de baies de portes et fen\u00eatres quand l\u2019application d\u2019un\u00a0linteau IsoHemp n\u2019est pas envisag\u00e9e.<\/p>\n","protected":false},"featured_media":1000000153868,"template":"","meta":[],"product_brand":[2745],"product_cat":[243,2816,724],"product_tag":[4178],"class_list":{"0":"post-10532","1":"product","2":"type-product","3":"status-publish","4":"has-post-thumbnail","6":"product_brand-isohemp","7":"product_cat-accessoires-isolation-et-etancheite","8":"product_cat-demande-de-devis-uniquement-avec-prix","9":"product_cat-visserie","10":"product_tag-isohemp","11":"product_shipping_class-petit-equipement-outil-eclairage","13":"first","14":"onbackorder","15":"taxable","16":"shipping-taxable","17":"purchasable","18":"product-type-variable"},"yoast_head":"<!-- This site is optimized with the Yoast SEO plugin v27.5 - https:\/\/yoast.com\/product\/yoast-seo-wordpress\/ -->\n<title>\u00c9querre de support Isohemp<\/title>\n<meta name=\"description\" content=\"Support pour ma\u00e7onnerie en blocs de chanvre.  L\u2019utilisation des \u00e9querres est conseill\u00e9e pour maintenir les blocs de chanvre au-dessus de baies de portes et fen\u00eatres quand l\u2019application d\u2019un\u00a0linteau IsoHemp n\u2019est pas envisag\u00e9e.\" \/>\n<meta name=\"robots\" content=\"noindex, follow\" \/>\n<meta property=\"og:locale\" content=\"fr_FR\" \/>\n<meta property=\"og:type\" content=\"article\" \/>\n<meta property=\"og:title\" content=\"\u00c9querre de support Isohemp\" \/>\n<meta property=\"og:description\" content=\"Support pour ma\u00e7onnerie en blocs de chanvre.  L\u2019utilisation des \u00e9querres est conseill\u00e9e pour maintenir les blocs de chanvre au-dessus de baies de portes et fen\u00eatres quand l\u2019application d\u2019un\u00a0linteau IsoHemp n\u2019est pas envisag\u00e9e.\" \/>\n<meta property=\"og:url\" content=\"https:\/\/nature-et-developpement.com\/futureco\/produit\/equerre-de-support\/\" \/>\n<meta property=\"og:site_name\" content=\"Futur&#039;Eco Mat\u00e9riaux\" \/>\n<meta property=\"article:modified_time\" content=\"2025-06-13T14:56:58+00:00\" \/>\n<meta name=\"twitter:card\" content=\"summary_large_image\" \/>\n<meta name=\"twitter:label1\" content=\"Dur\u00e9e de lecture estim\u00e9e\" \/>\n\t<meta name=\"twitter:data1\" content=\"1 minute\" \/>\n<script type=\"application\/ld+json\" class=\"yoast-schema-graph\">{\"@context\":\"https:\\\/\\\/schema.org\",\"@graph\":[{\"@type\":\"WebPage\",\"@id\":\"https:\\\/\\\/nature-et-developpement.com\\\/futureco\\\/produit\\\/equerre-de-support\\\/\",\"url\":\"https:\\\/\\\/nature-et-developpement.com\\\/futureco\\\/produit\\\/equerre-de-support\\\/\",\"name\":\"\u00c9querre de support Isohemp\",\"isPartOf\":{\"@id\":\"https:\\\/\\\/nature-et-developpement.com\\\/futureco\\\/#website\"},\"primaryImageOfPage\":{\"@id\":\"https:\\\/\\\/nature-et-developpement.com\\\/futureco\\\/produit\\\/equerre-de-support\\\/#primaryimage\"},\"image\":{\"@id\":\"https:\\\/\\\/nature-et-developpement.com\\\/futureco\\\/produit\\\/equerre-de-support\\\/#primaryimage\"},\"thumbnailUrl\":\"https:\\\/\\\/nature-et-developpement.com\\\/futureco\\\/wp-content\\\/uploads\\\/Equerre-IsoHemp.jpg\",\"datePublished\":\"2016-12-31T23:00:00+00:00\",\"dateModified\":\"2025-06-13T14:56:58+00:00\",\"description\":\"Support pour ma\u00e7onnerie en blocs de chanvre. L\u2019utilisation des \u00e9querres est conseill\u00e9e pour maintenir les blocs de chanvre au-dessus de baies de portes et fen\u00eatres quand l\u2019application d\u2019un\u00a0linteau IsoHemp n\u2019est pas envisag\u00e9e.\",\"breadcrumb\":{\"@id\":\"https:\\\/\\\/nature-et-developpement.com\\\/futureco\\\/produit\\\/equerre-de-support\\\/#breadcrumb\"},\"inLanguage\":\"fr-FR\",\"potentialAction\":[{\"@type\":\"ReadAction\",\"target\":[\"https:\\\/\\\/nature-et-developpement.com\\\/futureco\\\/produit\\\/equerre-de-support\\\/\"]}]},{\"@type\":\"ImageObject\",\"inLanguage\":\"fr-FR\",\"@id\":\"https:\\\/\\\/nature-et-developpement.com\\\/futureco\\\/produit\\\/equerre-de-support\\\/#primaryimage\",\"url\":\"https:\\\/\\\/nature-et-developpement.com\\\/futureco\\\/wp-content\\\/uploads\\\/Equerre-IsoHemp.jpg\",\"contentUrl\":\"https:\\\/\\\/nature-et-developpement.com\\\/futureco\\\/wp-content\\\/uploads\\\/Equerre-IsoHemp.jpg\"},{\"@type\":\"BreadcrumbList\",\"@id\":\"https:\\\/\\\/nature-et-developpement.com\\\/futureco\\\/produit\\\/equerre-de-support\\\/#breadcrumb\",\"itemListElement\":[{\"@type\":\"ListItem\",\"position\":1,\"name\":\"Accueil\",\"item\":\"https:\\\/\\\/nature-et-developpement.com\\\/futureco\\\/\"},{\"@type\":\"ListItem\",\"position\":2,\"name\":\"Produits\",\"item\":\"https:\\\/\\\/nature-et-developpement.com\\\/futureco\\\/shop\\\/\"},{\"@type\":\"ListItem\",\"position\":3,\"name\":\"Isolation et \u00e9tanch\u00e9it\u00e9\",\"item\":\"https:\\\/\\\/nature-et-developpement.com\\\/futureco\\\/produits\\\/isolation-et-etancheite\\\/\"},{\"@type\":\"ListItem\",\"position\":4,\"name\":\"Accessoires isolation et \u00e9tanch\u00e9it\u00e9\",\"item\":\"https:\\\/\\\/nature-et-developpement.com\\\/futureco\\\/produits\\\/isolation-et-etancheite\\\/accessoires-isolation-et-etancheite\\\/\"},{\"@type\":\"ListItem\",\"position\":5,\"name\":\"\u00c9querre de support Isohemp\"}]},{\"@type\":\"WebSite\",\"@id\":\"https:\\\/\\\/nature-et-developpement.com\\\/futureco\\\/#website\",\"url\":\"https:\\\/\\\/nature-et-developpement.com\\\/futureco\\\/\",\"name\":\"Futur&#039;Eco Mat\u00e9riaux\",\"description\":\"Futur Eco Mat\u00e9riaux est membre du groupement Nature &amp; D\u00e9veloppement\",\"publisher\":{\"@id\":\"https:\\\/\\\/nature-et-developpement.com\\\/futureco\\\/#organization\"},\"potentialAction\":[{\"@type\":\"SearchAction\",\"target\":{\"@type\":\"EntryPoint\",\"urlTemplate\":\"https:\\\/\\\/nature-et-developpement.com\\\/futureco\\\/?s={search_term_string}\"},\"query-input\":{\"@type\":\"PropertyValueSpecification\",\"valueRequired\":true,\"valueName\":\"search_term_string\"}}],\"inLanguage\":\"fr-FR\"},{\"@type\":\"Organization\",\"@id\":\"https:\\\/\\\/nature-et-developpement.com\\\/futureco\\\/#organization\",\"name\":\"Futur Eco Materiaux\",\"url\":\"https:\\\/\\\/nature-et-developpement.com\\\/futureco\\\/\",\"logo\":{\"@type\":\"ImageObject\",\"inLanguage\":\"fr-FR\",\"@id\":\"https:\\\/\\\/nature-et-developpement.com\\\/futureco\\\/#\\\/schema\\\/logo\\\/image\\\/\",\"url\":\"https:\\\/\\\/nature-et-developpement.com\\\/futureco\\\/wp-content\\\/uploads\\\/sites\\\/16\\\/2021\\\/09\\\/logo-futur-eco-materiaux.jpg\",\"contentUrl\":\"https:\\\/\\\/nature-et-developpement.com\\\/futureco\\\/wp-content\\\/uploads\\\/sites\\\/16\\\/2021\\\/09\\\/logo-futur-eco-materiaux.jpg\",\"width\":500,\"height\":94,\"caption\":\"Futur Eco Materiaux\"},\"image\":{\"@id\":\"https:\\\/\\\/nature-et-developpement.com\\\/futureco\\\/#\\\/schema\\\/logo\\\/image\\\/\"}}]}<\/script>\n<!-- \/ Yoast SEO plugin. -->","yoast_head_json":{"title":"\u00c9querre de support Isohemp","description":"Support pour ma\u00e7onnerie en blocs de chanvre.  L\u2019utilisation des \u00e9querres est conseill\u00e9e pour maintenir les blocs de chanvre au-dessus de baies de portes et fen\u00eatres quand l\u2019application d\u2019un\u00a0linteau IsoHemp n\u2019est pas envisag\u00e9e.","robots":{"index":"noindex","follow":"follow"},"og_locale":"fr_FR","og_type":"article","og_title":"\u00c9querre de support Isohemp","og_description":"Support pour ma\u00e7onnerie en blocs de chanvre.  L\u2019utilisation des \u00e9querres est conseill\u00e9e pour maintenir les blocs de chanvre au-dessus de baies de portes et fen\u00eatres quand l\u2019application d\u2019un\u00a0linteau IsoHemp n\u2019est pas envisag\u00e9e.","og_url":"https:\/\/nature-et-developpement.com\/futureco\/produit\/equerre-de-support\/","og_site_name":"Futur&#039;Eco Mat\u00e9riaux","article_modified_time":"2025-06-13T14:56:58+00:00","twitter_card":"summary_large_image","twitter_misc":{"Dur\u00e9e de lecture estim\u00e9e":"1 minute"},"schema":{"@context":"https:\/\/schema.org","@graph":[{"@type":"WebPage","@id":"https:\/\/nature-et-developpement.com\/futureco\/produit\/equerre-de-support\/","url":"https:\/\/nature-et-developpement.com\/futureco\/produit\/equerre-de-support\/","name":"\u00c9querre de support Isohemp","isPartOf":{"@id":"https:\/\/nature-et-developpement.com\/futureco\/#website"},"primaryImageOfPage":{"@id":"https:\/\/nature-et-developpement.com\/futureco\/produit\/equerre-de-support\/#primaryimage"},"image":{"@id":"https:\/\/nature-et-developpement.com\/futureco\/produit\/equerre-de-support\/#primaryimage"},"thumbnailUrl":"https:\/\/nature-et-developpement.com\/futureco\/wp-content\/uploads\/Equerre-IsoHemp.jpg","datePublished":"2016-12-31T23:00:00+00:00","dateModified":"2025-06-13T14:56:58+00:00","description":"Support pour ma\u00e7onnerie en blocs de chanvre. L\u2019utilisation des \u00e9querres est conseill\u00e9e pour maintenir les blocs de chanvre au-dessus de baies de portes et fen\u00eatres quand l\u2019application d\u2019un\u00a0linteau IsoHemp n\u2019est pas envisag\u00e9e.","breadcrumb":{"@id":"https:\/\/nature-et-developpement.com\/futureco\/produit\/equerre-de-support\/#breadcrumb"},"inLanguage":"fr-FR","potentialAction":[{"@type":"ReadAction","target":["https:\/\/nature-et-developpement.com\/futureco\/produit\/equerre-de-support\/"]}]},{"@type":"ImageObject","inLanguage":"fr-FR","@id":"https:\/\/nature-et-developpement.com\/futureco\/produit\/equerre-de-support\/#primaryimage","url":"https:\/\/nature-et-developpement.com\/futureco\/wp-content\/uploads\/Equerre-IsoHemp.jpg","contentUrl":"https:\/\/nature-et-developpement.com\/futureco\/wp-content\/uploads\/Equerre-IsoHemp.jpg"},{"@type":"BreadcrumbList","@id":"https:\/\/nature-et-developpement.com\/futureco\/produit\/equerre-de-support\/#breadcrumb","itemListElement":[{"@type":"ListItem","position":1,"name":"Accueil","item":"https:\/\/nature-et-developpement.com\/futureco\/"},{"@type":"ListItem","position":2,"name":"Produits","item":"https:\/\/nature-et-developpement.com\/futureco\/shop\/"},{"@type":"ListItem","position":3,"name":"Isolation et \u00e9tanch\u00e9it\u00e9","item":"https:\/\/nature-et-developpement.com\/futureco\/produits\/isolation-et-etancheite\/"},{"@type":"ListItem","position":4,"name":"Accessoires isolation et \u00e9tanch\u00e9it\u00e9","item":"https:\/\/nature-et-developpement.com\/futureco\/produits\/isolation-et-etancheite\/accessoires-isolation-et-etancheite\/"},{"@type":"ListItem","position":5,"name":"\u00c9querre de support Isohemp"}]},{"@type":"WebSite","@id":"https:\/\/nature-et-developpement.com\/futureco\/#website","url":"https:\/\/nature-et-developpement.com\/futureco\/","name":"Futur&#039;Eco Mat\u00e9riaux","description":"Futur Eco Mat\u00e9riaux est membre du groupement Nature &amp; D\u00e9veloppement","publisher":{"@id":"https:\/\/nature-et-developpement.com\/futureco\/#organization"},"potentialAction":[{"@type":"SearchAction","target":{"@type":"EntryPoint","urlTemplate":"https:\/\/nature-et-developpement.com\/futureco\/?s={search_term_string}"},"query-input":{"@type":"PropertyValueSpecification","valueRequired":true,"valueName":"search_term_string"}}],"inLanguage":"fr-FR"},{"@type":"Organization","@id":"https:\/\/nature-et-developpement.com\/futureco\/#organization","name":"Futur Eco Materiaux","url":"https:\/\/nature-et-developpement.com\/futureco\/","logo":{"@type":"ImageObject","inLanguage":"fr-FR","@id":"https:\/\/nature-et-developpement.com\/futureco\/#\/schema\/logo\/image\/","url":"https:\/\/nature-et-developpement.com\/futureco\/wp-content\/uploads\/sites\/16\/2021\/09\/logo-futur-eco-materiaux.jpg","contentUrl":"https:\/\/nature-et-developpement.com\/futureco\/wp-content\/uploads\/sites\/16\/2021\/09\/logo-futur-eco-materiaux.jpg","width":500,"height":94,"caption":"Futur Eco Materiaux"},"image":{"@id":"https:\/\/nature-et-developpement.com\/futureco\/#\/schema\/logo\/image\/"}}]}},"distributor_meta":false,"distributor_terms":false,"distributor_media":false,"distributor_original_site_name":"Futur&#039;Eco Mat\u00e9riaux","distributor_original_site_url":"https:\/\/nature-et-developpement.com\/futureco","push-errors":false,"_links":{"self":[{"href":"https:\/\/nature-et-developpement.com\/futureco\/wp-json\/wp\/v2\/product\/10532","targetHints":{"allow":["GET"]}}],"collection":[{"href":"https:\/\/nature-et-developpement.com\/futureco\/wp-json\/wp\/v2\/product"}],"about":[{"href":"https:\/\/nature-et-developpement.com\/futureco\/wp-json\/wp\/v2\/types\/product"}],"wp:featuredmedia":[{"embeddable":true,"href":"https:\/\/nature-et-developpement.com\/futureco\/wp-json\/"}],"wp:attachment":[{"href":"https:\/\/nature-et-developpement.com\/futureco\/wp-json\/wp\/v2\/media?parent=10532"}],"wp:term":[{"taxonomy":"product_brand","embeddable":true,"href":"https:\/\/nature-et-developpement.com\/futureco\/wp-json\/wp\/v2\/product_brand?post=10532"},{"taxonomy":"product_cat","embeddable":true,"href":"https:\/\/nature-et-developpement.com\/futureco\/wp-json\/wp\/v2\/product_cat?post=10532"},{"taxonomy":"product_tag","embeddable":true,"href":"https:\/\/nature-et-developpement.com\/futureco\/wp-json\/wp\/v2\/product_tag?post=10532"}],"curies":[{"name":"wp","href":"https:\/\/api.w.org\/{rel}","templated":true}]}}