{"id":15963,"date":"2023-07-10T11:04:14","date_gmt":"2023-07-10T09:04:14","guid":{"rendered":"https:\/\/nature-et-developpement.com\/futureco\/produit\/enduit-base-chaux-effet-beton-cireou-tadelaktstonat-perfect\/"},"modified":"2025-09-30T13:17:54","modified_gmt":"2025-09-30T11:17:54","slug":"enduit-base-chaux-effet-beton-cire-ou-tadelakt-stonat-perfect","status":"publish","type":"product","link":"https:\/\/nature-et-developpement.com\/futureco\/produit\/enduit-base-chaux-effet-beton-cire-ou-tadelakt-stonat-perfect\/","title":{"rendered":"Enduit chaux effet b\u00e9ton cir\u00e9 ou tadelakt STONAT Perfect"},"content":{"rendered":"<h2>Enduit Stonat Perfect \u00e0 base de chaux &#8211; \u00e9cologique et durable<\/h2>\n<p>D\u00e9coratif et de grande qualit\u00e9, il est applicable sur des sols, parois et plans de travail de cuisine, salle de bain&#8230;<\/p>\n<p><strong>Le Stonat Perfect peut se rapprocher d\u2019un effet b\u00e9ton cir\u00e9 ou tadelakt<\/strong>.<\/p>\n<p>L\u2019aspect peut varier en fonction de la technique d\u2019application (nuanc\u00e9, non nuanc\u00e9, brillant ou mat).<\/p>\n<p>Le Stonat Perfect peut s&rsquo;appliquer sur diff\u00e9rents supports solides et en bon \u00e9tat. Comme les rev\u00eatements de sol, les murs peints, les chapes, les b\u00e9tons, les dalles.<\/p>\n<p>Il convient tout particuli\u00e8rement aux r\u00e9novations\u00a0 de salles de bains et d\u2019anciens carrelages.<\/p>\n<p>Le Stonat Perfect se <strong>compose de 92%<\/strong>\u00a0de produits naturels, est disponible en\u00a0<strong>24 couleurs de base et 80 autres sur demande<\/strong>.<\/p>\n","protected":false},"excerpt":{"rendered":"<p>STONAT Perfect est applicable sur des sols, parois et plans de travail de cuisine, salle de bain&#8230;<br \/>\nIl est compos\u00e9 \u00e0 92%\u00a0de produits naturels, est disponible en\u00a024 couleurs de base et 80 autres sur demande<\/p>\n","protected":false},"featured_media":1000000159057,"template":"","meta":[],"product_brand":[2757],"product_cat":[2833,162,245,246,1310],"product_tag":[],"class_list":{"0":"post-15963","1":"product","2":"type-product","3":"status-publish","4":"has-post-thumbnail","6":"product_brand-stonat","7":"product_cat-demande-de-devis-uniquement-sans-prix","8":"product_cat-enduits-naturels","9":"product_cat-revetements-muraux","10":"product_cat-revetement-muraux","11":"product_cat-tomette-beton-cire-pierre-naturelle","12":"product_shipping_class-petit-equipement-outil-eclairage","14":"first","15":"instock","16":"taxable","17":"shipping-taxable","18":"purchasable","19":"product-type-variable"},"yoast_head":"<!-- This site is optimized with the Yoast SEO plugin v27.5 - https:\/\/yoast.com\/product\/yoast-seo-wordpress\/ -->\n<title>Enduit chaux effet b\u00e9ton cir\u00e9 ou tadelakt STONAT Perfect<\/title>\n<meta name=\"description\" content=\"Enduit STONAT Perfect est applicable sur des sols, parois et plans de travail de cuisine, salle de bain... Il est compos\u00e9 \u00e0 92%\u00a0de produits naturels\" \/>\n<meta name=\"robots\" content=\"noindex, nofollow\" \/>\n<meta property=\"og:locale\" content=\"fr_FR\" \/>\n<meta property=\"og:type\" content=\"article\" \/>\n<meta property=\"og:title\" content=\"Enduit chaux effet b\u00e9ton cir\u00e9 ou tadelakt STONAT Perfect\" \/>\n<meta property=\"og:description\" content=\"Enduit STONAT Perfect est applicable sur des sols, parois et plans de travail de cuisine, salle de bain... Il est compos\u00e9 \u00e0 92%\u00a0de produits naturels\" \/>\n<meta property=\"og:url\" content=\"https:\/\/nature-et-developpement.com\/futureco\/produit\/enduit-base-chaux-effet-beton-cire-ou-tadelakt-stonat-perfect\/\" \/>\n<meta property=\"og:site_name\" content=\"Futur&#039;Eco Mat\u00e9riaux\" \/>\n<meta property=\"article:modified_time\" content=\"2025-09-30T11:17:54+00:00\" \/>\n<meta name=\"twitter:card\" content=\"summary_large_image\" \/>\n<meta name=\"twitter:label1\" content=\"Dur\u00e9e de lecture estim\u00e9e\" \/>\n\t<meta name=\"twitter:data1\" content=\"1 minute\" \/>\n<script type=\"application\/ld+json\" class=\"yoast-schema-graph\">{\"@context\":\"https:\\\/\\\/schema.org\",\"@graph\":[{\"@type\":\"WebPage\",\"@id\":\"https:\\\/\\\/nature-et-developpement.com\\\/futureco\\\/produit\\\/enduit-base-chaux-effet-beton-cire-ou-tadelakt-stonat-perfect\\\/\",\"url\":\"https:\\\/\\\/nature-et-developpement.com\\\/futureco\\\/produit\\\/enduit-base-chaux-effet-beton-cire-ou-tadelakt-stonat-perfect\\\/\",\"name\":\"Enduit chaux effet b\u00e9ton cir\u00e9 ou tadelakt STONAT Perfect\",\"isPartOf\":{\"@id\":\"https:\\\/\\\/nature-et-developpement.com\\\/futureco\\\/#website\"},\"primaryImageOfPage\":{\"@id\":\"https:\\\/\\\/nature-et-developpement.com\\\/futureco\\\/produit\\\/enduit-base-chaux-effet-beton-cire-ou-tadelakt-stonat-perfect\\\/#primaryimage\"},\"image\":{\"@id\":\"https:\\\/\\\/nature-et-developpement.com\\\/futureco\\\/produit\\\/enduit-base-chaux-effet-beton-cire-ou-tadelakt-stonat-perfect\\\/#primaryimage\"},\"thumbnailUrl\":\"https:\\\/\\\/nature-et-developpement.com\\\/futureco\\\/wp-content\\\/uploads\\\/Enduit-base-chaux-effet-beton-cire-ou-tadelakt-STONAT-Perfect-ambiance.jpg\",\"datePublished\":\"2023-07-10T09:04:14+00:00\",\"dateModified\":\"2025-09-30T11:17:54+00:00\",\"description\":\"Enduit STONAT Perfect est applicable sur des sols, parois et plans de travail de cuisine, salle de bain... Il est compos\u00e9 \u00e0 92%\u00a0de produits naturels\",\"breadcrumb\":{\"@id\":\"https:\\\/\\\/nature-et-developpement.com\\\/futureco\\\/produit\\\/enduit-base-chaux-effet-beton-cire-ou-tadelakt-stonat-perfect\\\/#breadcrumb\"},\"inLanguage\":\"fr-FR\",\"potentialAction\":[{\"@type\":\"ReadAction\",\"target\":[\"https:\\\/\\\/nature-et-developpement.com\\\/futureco\\\/produit\\\/enduit-base-chaux-effet-beton-cire-ou-tadelakt-stonat-perfect\\\/\"]}]},{\"@type\":\"ImageObject\",\"inLanguage\":\"fr-FR\",\"@id\":\"https:\\\/\\\/nature-et-developpement.com\\\/futureco\\\/produit\\\/enduit-base-chaux-effet-beton-cire-ou-tadelakt-stonat-perfect\\\/#primaryimage\",\"url\":\"https:\\\/\\\/nature-et-developpement.com\\\/futureco\\\/wp-content\\\/uploads\\\/Enduit-base-chaux-effet-beton-cire-ou-tadelakt-STONAT-Perfect-ambiance.jpg\",\"contentUrl\":\"https:\\\/\\\/nature-et-developpement.com\\\/futureco\\\/wp-content\\\/uploads\\\/Enduit-base-chaux-effet-beton-cire-ou-tadelakt-STONAT-Perfect-ambiance.jpg\"},{\"@type\":\"BreadcrumbList\",\"@id\":\"https:\\\/\\\/nature-et-developpement.com\\\/futureco\\\/produit\\\/enduit-base-chaux-effet-beton-cire-ou-tadelakt-stonat-perfect\\\/#breadcrumb\",\"itemListElement\":[{\"@type\":\"ListItem\",\"position\":1,\"name\":\"Accueil\",\"item\":\"https:\\\/\\\/nature-et-developpement.com\\\/futureco\\\/\"},{\"@type\":\"ListItem\",\"position\":2,\"name\":\"Produits\",\"item\":\"https:\\\/\\\/nature-et-developpement.com\\\/futureco\\\/shop\\\/\"},{\"@type\":\"ListItem\",\"position\":3,\"name\":\"Promo et D\u00e9stockage\",\"item\":\"https:\\\/\\\/nature-et-developpement.com\\\/futureco\\\/produits\\\/promo-et-destockage\\\/\"},{\"@type\":\"ListItem\",\"position\":4,\"name\":\"Promo du mois\",\"item\":\"https:\\\/\\\/nature-et-developpement.com\\\/futureco\\\/produits\\\/promo-et-destockage\\\/promo-du-mois\\\/\"},{\"@type\":\"ListItem\",\"position\":5,\"name\":\"Enduit chaux effet b\u00e9ton cir\u00e9 ou tadelakt STONAT Perfect\"}]},{\"@type\":\"WebSite\",\"@id\":\"https:\\\/\\\/nature-et-developpement.com\\\/futureco\\\/#website\",\"url\":\"https:\\\/\\\/nature-et-developpement.com\\\/futureco\\\/\",\"name\":\"Futur&#039;Eco Mat\u00e9riaux\",\"description\":\"Futur Eco Mat\u00e9riaux est membre du groupement Nature &amp; D\u00e9veloppement\",\"publisher\":{\"@id\":\"https:\\\/\\\/nature-et-developpement.com\\\/futureco\\\/#organization\"},\"potentialAction\":[{\"@type\":\"SearchAction\",\"target\":{\"@type\":\"EntryPoint\",\"urlTemplate\":\"https:\\\/\\\/nature-et-developpement.com\\\/futureco\\\/?s={search_term_string}\"},\"query-input\":{\"@type\":\"PropertyValueSpecification\",\"valueRequired\":true,\"valueName\":\"search_term_string\"}}],\"inLanguage\":\"fr-FR\"},{\"@type\":\"Organization\",\"@id\":\"https:\\\/\\\/nature-et-developpement.com\\\/futureco\\\/#organization\",\"name\":\"Futur Eco Materiaux\",\"url\":\"https:\\\/\\\/nature-et-developpement.com\\\/futureco\\\/\",\"logo\":{\"@type\":\"ImageObject\",\"inLanguage\":\"fr-FR\",\"@id\":\"https:\\\/\\\/nature-et-developpement.com\\\/futureco\\\/#\\\/schema\\\/logo\\\/image\\\/\",\"url\":\"https:\\\/\\\/nature-et-developpement.com\\\/futureco\\\/wp-content\\\/uploads\\\/sites\\\/16\\\/2021\\\/09\\\/logo-futur-eco-materiaux.jpg\",\"contentUrl\":\"https:\\\/\\\/nature-et-developpement.com\\\/futureco\\\/wp-content\\\/uploads\\\/sites\\\/16\\\/2021\\\/09\\\/logo-futur-eco-materiaux.jpg\",\"width\":500,\"height\":94,\"caption\":\"Futur Eco Materiaux\"},\"image\":{\"@id\":\"https:\\\/\\\/nature-et-developpement.com\\\/futureco\\\/#\\\/schema\\\/logo\\\/image\\\/\"}}]}<\/script>\n<!-- \/ Yoast SEO plugin. -->","yoast_head_json":{"title":"Enduit chaux effet b\u00e9ton cir\u00e9 ou tadelakt STONAT Perfect","description":"Enduit STONAT Perfect est applicable sur des sols, parois et plans de travail de cuisine, salle de bain... Il est compos\u00e9 \u00e0 92%\u00a0de produits naturels","robots":{"index":"noindex","follow":"nofollow"},"og_locale":"fr_FR","og_type":"article","og_title":"Enduit chaux effet b\u00e9ton cir\u00e9 ou tadelakt STONAT Perfect","og_description":"Enduit STONAT Perfect est applicable sur des sols, parois et plans de travail de cuisine, salle de bain... Il est compos\u00e9 \u00e0 92%\u00a0de produits naturels","og_url":"https:\/\/nature-et-developpement.com\/futureco\/produit\/enduit-base-chaux-effet-beton-cire-ou-tadelakt-stonat-perfect\/","og_site_name":"Futur&#039;Eco Mat\u00e9riaux","article_modified_time":"2025-09-30T11:17:54+00:00","twitter_card":"summary_large_image","twitter_misc":{"Dur\u00e9e de lecture estim\u00e9e":"1 minute"},"schema":{"@context":"https:\/\/schema.org","@graph":[{"@type":"WebPage","@id":"https:\/\/nature-et-developpement.com\/futureco\/produit\/enduit-base-chaux-effet-beton-cire-ou-tadelakt-stonat-perfect\/","url":"https:\/\/nature-et-developpement.com\/futureco\/produit\/enduit-base-chaux-effet-beton-cire-ou-tadelakt-stonat-perfect\/","name":"Enduit chaux effet b\u00e9ton cir\u00e9 ou tadelakt STONAT Perfect","isPartOf":{"@id":"https:\/\/nature-et-developpement.com\/futureco\/#website"},"primaryImageOfPage":{"@id":"https:\/\/nature-et-developpement.com\/futureco\/produit\/enduit-base-chaux-effet-beton-cire-ou-tadelakt-stonat-perfect\/#primaryimage"},"image":{"@id":"https:\/\/nature-et-developpement.com\/futureco\/produit\/enduit-base-chaux-effet-beton-cire-ou-tadelakt-stonat-perfect\/#primaryimage"},"thumbnailUrl":"https:\/\/nature-et-developpement.com\/futureco\/wp-content\/uploads\/Enduit-base-chaux-effet-beton-cire-ou-tadelakt-STONAT-Perfect-ambiance.jpg","datePublished":"2023-07-10T09:04:14+00:00","dateModified":"2025-09-30T11:17:54+00:00","description":"Enduit STONAT Perfect est applicable sur des sols, parois et plans de travail de cuisine, salle de bain... Il est compos\u00e9 \u00e0 92%\u00a0de produits naturels","breadcrumb":{"@id":"https:\/\/nature-et-developpement.com\/futureco\/produit\/enduit-base-chaux-effet-beton-cire-ou-tadelakt-stonat-perfect\/#breadcrumb"},"inLanguage":"fr-FR","potentialAction":[{"@type":"ReadAction","target":["https:\/\/nature-et-developpement.com\/futureco\/produit\/enduit-base-chaux-effet-beton-cire-ou-tadelakt-stonat-perfect\/"]}]},{"@type":"ImageObject","inLanguage":"fr-FR","@id":"https:\/\/nature-et-developpement.com\/futureco\/produit\/enduit-base-chaux-effet-beton-cire-ou-tadelakt-stonat-perfect\/#primaryimage","url":"https:\/\/nature-et-developpement.com\/futureco\/wp-content\/uploads\/Enduit-base-chaux-effet-beton-cire-ou-tadelakt-STONAT-Perfect-ambiance.jpg","contentUrl":"https:\/\/nature-et-developpement.com\/futureco\/wp-content\/uploads\/Enduit-base-chaux-effet-beton-cire-ou-tadelakt-STONAT-Perfect-ambiance.jpg"},{"@type":"BreadcrumbList","@id":"https:\/\/nature-et-developpement.com\/futureco\/produit\/enduit-base-chaux-effet-beton-cire-ou-tadelakt-stonat-perfect\/#breadcrumb","itemListElement":[{"@type":"ListItem","position":1,"name":"Accueil","item":"https:\/\/nature-et-developpement.com\/futureco\/"},{"@type":"ListItem","position":2,"name":"Produits","item":"https:\/\/nature-et-developpement.com\/futureco\/shop\/"},{"@type":"ListItem","position":3,"name":"Promo et D\u00e9stockage","item":"https:\/\/nature-et-developpement.com\/futureco\/produits\/promo-et-destockage\/"},{"@type":"ListItem","position":4,"name":"Promo du mois","item":"https:\/\/nature-et-developpement.com\/futureco\/produits\/promo-et-destockage\/promo-du-mois\/"},{"@type":"ListItem","position":5,"name":"Enduit chaux effet b\u00e9ton cir\u00e9 ou tadelakt STONAT Perfect"}]},{"@type":"WebSite","@id":"https:\/\/nature-et-developpement.com\/futureco\/#website","url":"https:\/\/nature-et-developpement.com\/futureco\/","name":"Futur&#039;Eco Mat\u00e9riaux","description":"Futur Eco Mat\u00e9riaux est membre du groupement Nature &amp; D\u00e9veloppement","publisher":{"@id":"https:\/\/nature-et-developpement.com\/futureco\/#organization"},"potentialAction":[{"@type":"SearchAction","target":{"@type":"EntryPoint","urlTemplate":"https:\/\/nature-et-developpement.com\/futureco\/?s={search_term_string}"},"query-input":{"@type":"PropertyValueSpecification","valueRequired":true,"valueName":"search_term_string"}}],"inLanguage":"fr-FR"},{"@type":"Organization","@id":"https:\/\/nature-et-developpement.com\/futureco\/#organization","name":"Futur Eco Materiaux","url":"https:\/\/nature-et-developpement.com\/futureco\/","logo":{"@type":"ImageObject","inLanguage":"fr-FR","@id":"https:\/\/nature-et-developpement.com\/futureco\/#\/schema\/logo\/image\/","url":"https:\/\/nature-et-developpement.com\/futureco\/wp-content\/uploads\/sites\/16\/2021\/09\/logo-futur-eco-materiaux.jpg","contentUrl":"https:\/\/nature-et-developpement.com\/futureco\/wp-content\/uploads\/sites\/16\/2021\/09\/logo-futur-eco-materiaux.jpg","width":500,"height":94,"caption":"Futur Eco Materiaux"},"image":{"@id":"https:\/\/nature-et-developpement.com\/futureco\/#\/schema\/logo\/image\/"}}]}},"distributor_meta":false,"distributor_terms":false,"distributor_media":false,"distributor_original_site_name":"Futur&#039;Eco Mat\u00e9riaux","distributor_original_site_url":"https:\/\/nature-et-developpement.com\/futureco","push-errors":false,"_links":{"self":[{"href":"https:\/\/nature-et-developpement.com\/futureco\/wp-json\/wp\/v2\/product\/15963","targetHints":{"allow":["GET"]}}],"collection":[{"href":"https:\/\/nature-et-developpement.com\/futureco\/wp-json\/wp\/v2\/product"}],"about":[{"href":"https:\/\/nature-et-developpement.com\/futureco\/wp-json\/wp\/v2\/types\/product"}],"wp:featuredmedia":[{"embeddable":true,"href":"https:\/\/nature-et-developpement.com\/futureco\/wp-json\/"}],"wp:attachment":[{"href":"https:\/\/nature-et-developpement.com\/futureco\/wp-json\/wp\/v2\/media?parent=15963"}],"wp:term":[{"taxonomy":"product_brand","embeddable":true,"href":"https:\/\/nature-et-developpement.com\/futureco\/wp-json\/wp\/v2\/product_brand?post=15963"},{"taxonomy":"product_cat","embeddable":true,"href":"https:\/\/nature-et-developpement.com\/futureco\/wp-json\/wp\/v2\/product_cat?post=15963"},{"taxonomy":"product_tag","embeddable":true,"href":"https:\/\/nature-et-developpement.com\/futureco\/wp-json\/wp\/v2\/product_tag?post=15963"}],"curies":[{"name":"wp","href":"https:\/\/api.w.org\/{rel}","templated":true}]}}