{"id":2185,"date":"2017-06-23T12:05:30","date_gmt":"2017-06-23T10:05:30","guid":{"rendered":"https:\/\/nature-et-developpement.com\/futureco\/produit\/panneaux-osb-4-et-dfp\/"},"modified":"2025-06-13T16:53:12","modified_gmt":"2025-06-13T14:53:12","slug":"panneaux-osb-4-et-dfp","status":"publish","type":"product","link":"https:\/\/nature-et-developpement.com\/futureco\/produit\/panneaux-osb-4-et-dfp\/","title":{"rendered":"Panneaux OSB 4 et DFP"},"content":{"rendered":"<p><strong><span style=\"font-size: larger\">Kronolux osb 4\u00a0<\/span><\/strong><\/p>\n<p>Le Kronolux osb 4 (Z-9.1-387) est fabriqu\u00e9 selon les directives de la norme EN 300. Les panneaux r\u00e9pondent aux exigences des panneaux travaillant sous contrainte \u00e9lev\u00e9e utilis\u00e9s en milieu humide.<\/p>\n<p>Le collage est semblable \u00e0 HWK 100.<\/p>\n<p>Le Kronolux osb 4 porte la mention \u00ab\u00a0(Z-9.1-387)\u00a0\u00bb parce que les panneaux d\u00e9passent du point de vue de leurs valeurs techniques les valeurs moyennes d\u00e9termin\u00e9es dans la norme EN 300 d\u2019un panneau 0SB 4 conform\u00e9ment \u00e0 EN 300 dans certains secteurs. Afin que vous puissiez \u00e9galement profiter \u00e0 100% de cette excellente performance technique, nous avons am\u00e9lior\u00e9 notre panneau et par l\u2019octroi d\u2019une homologation technique (Z-9.1-387) de fa\u00e7on \u00e0 ce que les valeurs techniques soient \u00e9galement applicables dans un calcul statique.<\/p>\n<p>Nature +<br \/>\nKronospan est \u00e0 la pointe en mati\u00e8re de recherches et d\u2019innovations notamment dans la pr\u00e9servation environnementale. C\u2019est pour ces raisons que nos panneaux Kronolux osb4 et DFP sont dot\u00e9s d\u2019un label interne propre, NATURE+. Englobant des imp\u00e9ratifs de production, tels que : l\u2019utilisation exclusive de bois provenant de for\u00eats certifi\u00e9es ; garantissant un taux d\u2019\u00e9mission de formald\u00e9hyde extr\u00eamement faible, \u00e9quivalent au bois naturel ; int\u00e9grant la proc\u00e9dure et les innovations techniques de production d\u00e9velopp\u00e9s avec le concours LIFE Project. Kronospan s\u2019engage \u00e9galement \u00e0 r\u00e9duire l\u2019impact environnemental en terme de mati\u00e8re premi\u00e8re utilis\u00e9e ; de r\u00e9duction des besoins \u00e9nerg\u00e9tiques et de recherche ; de r\u00e9duction des besoins en packaging. Appliqu\u00e9 a l\u2019OSB4, Nature +, est la traduction des efforts que produit Kronospan Luxembourg, pour l\u2019environnement et la pr\u00e9servation des ressources.<\/p>\n<p><b>Usages du Kronolux osb 4 (Z-9.1-387):<\/b><\/p>\n<p>&lt;!&#8211;tr valign=\u00a0\u00bbtop\u00a0\u00bb&gt;\u2022<br \/>\nAnwendung im Laden-, B\u00fchnen- und Messebau&lt;\/tr&#8211;&gt;<\/p>\n<table border=\"0\" width=\"300\" cellspacing=\"2\" cellpadding=\"0\">\n<tbody>\n<tr valign=\"top\">\n<td class=\"text\">\u2022<\/td>\n<td class=\"text\"><\/td>\n<td class=\"text\">Construction de planchers<\/td>\n<\/tr>\n<tr valign=\"top\">\n<td class=\"text\">\u2022<\/td>\n<td class=\"text\"><\/td>\n<td class=\"text\">Utilisation dans l\u2019am\u00e9nagement int\u00e9rieur<\/td>\n<\/tr>\n<tr valign=\"top\">\n<td class=\"text\">\u2022<\/td>\n<td class=\"text\"><\/td>\n<td class=\"text\">Utilisation dans le domaine d\u00e9coratif<\/td>\n<\/tr>\n<tr valign=\"top\">\n<td class=\"text\">\u2022<\/td>\n<td class=\"text\"><\/td>\n<td class=\"text\">Parement de cloison renforc\u00e9<\/td>\n<\/tr>\n<tr valign=\"top\">\n<td class=\"text\">\u2022<\/td>\n<td class=\"text\"><\/td>\n<td class=\"text\">Contreventement renforc\u00e9 (selon DIN 68800 dans le domaine d\u2019application V100)<\/td>\n<\/tr>\n<tr valign=\"top\">\n<td class=\"text\">\u2022<\/td>\n<td class=\"text\"><\/td>\n<td class=\"text\">Utilisation dans la construction de magasin, de sc\u00e8nes et de stands<\/td>\n<\/tr>\n<\/tbody>\n<\/table>\n<p><strong><span style=\"font-size: larger\">Kronolux DFP<\/span><\/strong><\/p>\n<p>Kronolux dfp est un panneau de fibres l\u00e9ger, li\u00e9 par r\u00e9sine synth\u00e9tique et r\u00e9sistant \u00e0 l\u2019humidit\u00e9 pour la construction. Le panneau de fibres ouvert \u00e0 la diffusion avec homologation technique Z-9.1-513 &amp; Z-9.1-551 peut \u00eatre utilis\u00e9 comme parement ext\u00e9rieur renforc\u00e9, \u00e9tanche au vent et isolant thermiquement.<\/p>\n<p>Les panneaux Kronolux dfp peuvent \u00eatre utilis\u00e9s pour les panneaux muraux et panneaux de toit pour le renforcement contre le pliage et le basculement des nervures et pour la r\u00e9ception et la transmission de charges de vent.<\/p>\n<p>Les panneaux de fibres ouverts \u00e0 la diffusion Kronolux dfp doivent \u00eatre utilis\u00e9s l\u00e0 o\u00f9 l\u2019utilisation de panneaux des classes de mat\u00e9riaux d\u00e9riv\u00e9s du bois 20 et 100 est permise selon DIN 68800-2.<\/p>\n<p><b>Avantages du produit Kronolux-dfp:<\/b><\/p>\n<table border=\"0\" width=\"420\" cellspacing=\"2\" cellpadding=\"0\">\n<tbody>\n<tr valign=\"top\">\n<td class=\"text\">\u2022<\/td>\n<td class=\"text\"><\/td>\n<td class=\"text\">Homologations techniques Z \u2013 9.1-513 &amp; Z \u2013 9.1 &#8211; 551<\/td>\n<\/tr>\n<tr valign=\"top\">\n<td class=\"text\">\u2022<\/td>\n<td class=\"text\"><\/td>\n<td class=\"text\">Utilisable comme encoffrement rigide<\/td>\n<\/tr>\n<tr valign=\"top\">\n<td class=\"text\">\u2022<\/td>\n<td class=\"text\"><\/td>\n<td class=\"text\">Possibilit\u00e9 de marcher sur un panneau sec pr\u00e9sentant un intervalle de solives de 800 mm au maximum<\/td>\n<\/tr>\n<tr valign=\"top\">\n<td class=\"text\">\u2022<\/td>\n<td class=\"text\"><\/td>\n<td class=\"text\">Jonctions permettant d\u2019\u00e9vacuer le vent et la vapeur d\u2019eau gr\u00e2ce \u00e0 des rainures et languettes coniques. Utilisable comme panneau en sous toiture<\/td>\n<\/tr>\n<tr valign=\"top\">\n<td class=\"text\">\u2022<\/td>\n<td class=\"text\"><\/td>\n<td class=\"text\">Facteur de r\u00e9sistance \u00e0 la diffusion de vapeur d\u2019eau \u00b5 = 8\/10<\/td>\n<\/tr>\n<tr valign=\"top\">\n<td class=\"text\">\u2022<\/td>\n<td class=\"text\"><\/td>\n<td class=\"text\">Valeur Sd = 0,16 m pour une \u00e9paisseur de panneau de 16 mm<br \/>\n\u00b5 = 8\/10<\/td>\n<\/tr>\n<tr valign=\"top\">\n<td class=\"text\">\u2022<\/td>\n<td class=\"text\"><\/td>\n<td class=\"text\">Excellents indices de protection thermique \u03bb = 0,09 (W\/mK)<\/td>\n<\/tr>\n<tr valign=\"top\">\n<td class=\"text\">\u2022<\/td>\n<td class=\"text\"><\/td>\n<td class=\"text\">Kronolux dfp utilis\u00e9 comme bordage ext\u00e9rieur peut r\u00e9duire l\u2019effet de pont thermique entre les chevrons et les cloisons<\/td>\n<\/tr>\n<tr valign=\"top\">\n<td class=\"text\">\u2022<\/td>\n<td class=\"text\"><\/td>\n<td class=\"text\">R\u00e9gulateur d\u2019humidit\u00e9 par le biais de la diffusion ouverte<\/td>\n<\/tr>\n<\/tbody>\n<\/table>\n","protected":false},"excerpt":{"rendered":"<p>Panneaux sans formald\u00e9hyde, en format plein, rain\u00e9 4 rives, recommand\u00e9 pour les constructions naturelles, panneaux adapt\u00e9s pour l&rsquo;humidit\u00e9. Panneaux de contreventement, panneaux pour plancher&#8230;<\/p>\n","protected":false},"featured_media":2184,"template":"","meta":[],"product_brand":[],"product_cat":[102,90,2816],"product_tag":[],"class_list":{"0":"post-2185","1":"product","2":"type-product","3":"status-publish","4":"has-post-thumbnail","6":"product_cat-construction-maison-bois","7":"product_cat-construction","8":"product_cat-demande-de-devis-uniquement-avec-prix","9":"product_shipping_class-transport-parquet-lambris-meister","11":"first","12":"instock","13":"taxable","14":"shipping-taxable","15":"product-type-simple"},"yoast_head":"<!-- This site is optimized with the Yoast SEO plugin v27.5 - https:\/\/yoast.com\/product\/yoast-seo-wordpress\/ -->\n<title>Panneaux OSB 4 et DFP<\/title>\n<meta name=\"description\" content=\"Panneaux sans formald\u00e9hyde, en format plein, rain\u00e9 4 rives, recommand\u00e9 pour les constructions naturelles, panneaux adapt\u00e9s pour l&#039;humidit\u00e9. Panneaux de contreventement, panneaux pour plancher...\" \/>\n<meta name=\"robots\" content=\"noindex, follow\" \/>\n<meta property=\"og:locale\" content=\"fr_FR\" \/>\n<meta property=\"og:type\" content=\"article\" \/>\n<meta property=\"og:title\" content=\"Panneaux OSB 4 et DFP\" \/>\n<meta property=\"og:description\" content=\"Panneaux sans formald\u00e9hyde, en format plein, rain\u00e9 4 rives, recommand\u00e9 pour les constructions naturelles, panneaux adapt\u00e9s pour l&#039;humidit\u00e9. Panneaux de contreventement, panneaux pour plancher...\" \/>\n<meta property=\"og:url\" content=\"https:\/\/nature-et-developpement.com\/futureco\/produit\/panneaux-osb-4-et-dfp\/\" \/>\n<meta property=\"og:site_name\" content=\"Futur&#039;Eco Mat\u00e9riaux\" \/>\n<meta property=\"article:modified_time\" content=\"2025-06-13T14:53:12+00:00\" \/>\n<meta property=\"og:image\" content=\"https:\/\/nature-et-developpement.com\/futureco\/wp-content\/uploads\/sites\/16\/2021\/06\/14722-Panneaux-OSB-4-et-DFP.jpg\" \/>\n\t<meta property=\"og:image:width\" content=\"800\" \/>\n\t<meta property=\"og:image:height\" content=\"800\" \/>\n\t<meta property=\"og:image:type\" content=\"image\/jpeg\" \/>\n<meta name=\"twitter:card\" content=\"summary_large_image\" \/>\n<meta name=\"twitter:label1\" content=\"Dur\u00e9e de lecture estim\u00e9e\" \/>\n\t<meta name=\"twitter:data1\" content=\"3 minutes\" \/>\n<script type=\"application\/ld+json\" class=\"yoast-schema-graph\">{\"@context\":\"https:\\\/\\\/schema.org\",\"@graph\":[{\"@type\":\"WebPage\",\"@id\":\"https:\\\/\\\/nature-et-developpement.com\\\/futureco\\\/produit\\\/panneaux-osb-4-et-dfp\\\/\",\"url\":\"https:\\\/\\\/nature-et-developpement.com\\\/futureco\\\/produit\\\/panneaux-osb-4-et-dfp\\\/\",\"name\":\"Panneaux OSB 4 et DFP\",\"isPartOf\":{\"@id\":\"https:\\\/\\\/nature-et-developpement.com\\\/futureco\\\/#website\"},\"primaryImageOfPage\":{\"@id\":\"https:\\\/\\\/nature-et-developpement.com\\\/futureco\\\/produit\\\/panneaux-osb-4-et-dfp\\\/#primaryimage\"},\"image\":{\"@id\":\"https:\\\/\\\/nature-et-developpement.com\\\/futureco\\\/produit\\\/panneaux-osb-4-et-dfp\\\/#primaryimage\"},\"thumbnailUrl\":\"https:\\\/\\\/nature-et-developpement.com\\\/futureco\\\/wp-content\\\/uploads\\\/sites\\\/16\\\/2021\\\/06\\\/14722-Panneaux-OSB-4-et-DFP.jpg\",\"datePublished\":\"2017-06-23T10:05:30+00:00\",\"dateModified\":\"2025-06-13T14:53:12+00:00\",\"description\":\"Panneaux sans formald\u00e9hyde, en format plein, rain\u00e9 4 rives, recommand\u00e9 pour les constructions naturelles, panneaux adapt\u00e9s pour l'humidit\u00e9. Panneaux de contreventement, panneaux pour plancher...\",\"breadcrumb\":{\"@id\":\"https:\\\/\\\/nature-et-developpement.com\\\/futureco\\\/produit\\\/panneaux-osb-4-et-dfp\\\/#breadcrumb\"},\"inLanguage\":\"fr-FR\",\"potentialAction\":[{\"@type\":\"ReadAction\",\"target\":[\"https:\\\/\\\/nature-et-developpement.com\\\/futureco\\\/produit\\\/panneaux-osb-4-et-dfp\\\/\"]}]},{\"@type\":\"ImageObject\",\"inLanguage\":\"fr-FR\",\"@id\":\"https:\\\/\\\/nature-et-developpement.com\\\/futureco\\\/produit\\\/panneaux-osb-4-et-dfp\\\/#primaryimage\",\"url\":\"https:\\\/\\\/nature-et-developpement.com\\\/futureco\\\/wp-content\\\/uploads\\\/sites\\\/16\\\/2021\\\/06\\\/14722-Panneaux-OSB-4-et-DFP.jpg\",\"contentUrl\":\"https:\\\/\\\/nature-et-developpement.com\\\/futureco\\\/wp-content\\\/uploads\\\/sites\\\/16\\\/2021\\\/06\\\/14722-Panneaux-OSB-4-et-DFP.jpg\",\"width\":800,\"height\":800,\"caption\":\"Panneaux OSB 4 et DFP\"},{\"@type\":\"BreadcrumbList\",\"@id\":\"https:\\\/\\\/nature-et-developpement.com\\\/futureco\\\/produit\\\/panneaux-osb-4-et-dfp\\\/#breadcrumb\",\"itemListElement\":[{\"@type\":\"ListItem\",\"position\":1,\"name\":\"Accueil\",\"item\":\"https:\\\/\\\/nature-et-developpement.com\\\/futureco\\\/\"},{\"@type\":\"ListItem\",\"position\":2,\"name\":\"Produits\",\"item\":\"https:\\\/\\\/nature-et-developpement.com\\\/futureco\\\/shop\\\/\"},{\"@type\":\"ListItem\",\"position\":3,\"name\":\"Construction, cloison et fen\u00eatres\",\"item\":\"https:\\\/\\\/nature-et-developpement.com\\\/futureco\\\/produits\\\/construction\\\/\"},{\"@type\":\"ListItem\",\"position\":4,\"name\":\"Construction bois\",\"item\":\"https:\\\/\\\/nature-et-developpement.com\\\/futureco\\\/produits\\\/construction\\\/construction-maison-bois\\\/\"},{\"@type\":\"ListItem\",\"position\":5,\"name\":\"Panneaux OSB 4 et DFP\"}]},{\"@type\":\"WebSite\",\"@id\":\"https:\\\/\\\/nature-et-developpement.com\\\/futureco\\\/#website\",\"url\":\"https:\\\/\\\/nature-et-developpement.com\\\/futureco\\\/\",\"name\":\"Futur&#039;Eco Mat\u00e9riaux\",\"description\":\"Futur Eco Mat\u00e9riaux est membre du groupement Nature &amp; D\u00e9veloppement\",\"publisher\":{\"@id\":\"https:\\\/\\\/nature-et-developpement.com\\\/futureco\\\/#organization\"},\"potentialAction\":[{\"@type\":\"SearchAction\",\"target\":{\"@type\":\"EntryPoint\",\"urlTemplate\":\"https:\\\/\\\/nature-et-developpement.com\\\/futureco\\\/?s={search_term_string}\"},\"query-input\":{\"@type\":\"PropertyValueSpecification\",\"valueRequired\":true,\"valueName\":\"search_term_string\"}}],\"inLanguage\":\"fr-FR\"},{\"@type\":\"Organization\",\"@id\":\"https:\\\/\\\/nature-et-developpement.com\\\/futureco\\\/#organization\",\"name\":\"Futur Eco Materiaux\",\"url\":\"https:\\\/\\\/nature-et-developpement.com\\\/futureco\\\/\",\"logo\":{\"@type\":\"ImageObject\",\"inLanguage\":\"fr-FR\",\"@id\":\"https:\\\/\\\/nature-et-developpement.com\\\/futureco\\\/#\\\/schema\\\/logo\\\/image\\\/\",\"url\":\"https:\\\/\\\/nature-et-developpement.com\\\/futureco\\\/wp-content\\\/uploads\\\/sites\\\/16\\\/2021\\\/09\\\/logo-futur-eco-materiaux.jpg\",\"contentUrl\":\"https:\\\/\\\/nature-et-developpement.com\\\/futureco\\\/wp-content\\\/uploads\\\/sites\\\/16\\\/2021\\\/09\\\/logo-futur-eco-materiaux.jpg\",\"width\":500,\"height\":94,\"caption\":\"Futur Eco Materiaux\"},\"image\":{\"@id\":\"https:\\\/\\\/nature-et-developpement.com\\\/futureco\\\/#\\\/schema\\\/logo\\\/image\\\/\"}}]}<\/script>\n<!-- \/ Yoast SEO plugin. -->","yoast_head_json":{"title":"Panneaux OSB 4 et DFP","description":"Panneaux sans formald\u00e9hyde, en format plein, rain\u00e9 4 rives, recommand\u00e9 pour les constructions naturelles, panneaux adapt\u00e9s pour l'humidit\u00e9. Panneaux de contreventement, panneaux pour plancher...","robots":{"index":"noindex","follow":"follow"},"og_locale":"fr_FR","og_type":"article","og_title":"Panneaux OSB 4 et DFP","og_description":"Panneaux sans formald\u00e9hyde, en format plein, rain\u00e9 4 rives, recommand\u00e9 pour les constructions naturelles, panneaux adapt\u00e9s pour l'humidit\u00e9. Panneaux de contreventement, panneaux pour plancher...","og_url":"https:\/\/nature-et-developpement.com\/futureco\/produit\/panneaux-osb-4-et-dfp\/","og_site_name":"Futur&#039;Eco Mat\u00e9riaux","article_modified_time":"2025-06-13T14:53:12+00:00","og_image":[{"width":800,"height":800,"url":"https:\/\/nature-et-developpement.com\/futureco\/wp-content\/uploads\/sites\/16\/2021\/06\/14722-Panneaux-OSB-4-et-DFP.jpg","type":"image\/jpeg"}],"twitter_card":"summary_large_image","twitter_misc":{"Dur\u00e9e de lecture estim\u00e9e":"3 minutes"},"schema":{"@context":"https:\/\/schema.org","@graph":[{"@type":"WebPage","@id":"https:\/\/nature-et-developpement.com\/futureco\/produit\/panneaux-osb-4-et-dfp\/","url":"https:\/\/nature-et-developpement.com\/futureco\/produit\/panneaux-osb-4-et-dfp\/","name":"Panneaux OSB 4 et DFP","isPartOf":{"@id":"https:\/\/nature-et-developpement.com\/futureco\/#website"},"primaryImageOfPage":{"@id":"https:\/\/nature-et-developpement.com\/futureco\/produit\/panneaux-osb-4-et-dfp\/#primaryimage"},"image":{"@id":"https:\/\/nature-et-developpement.com\/futureco\/produit\/panneaux-osb-4-et-dfp\/#primaryimage"},"thumbnailUrl":"https:\/\/nature-et-developpement.com\/futureco\/wp-content\/uploads\/sites\/16\/2021\/06\/14722-Panneaux-OSB-4-et-DFP.jpg","datePublished":"2017-06-23T10:05:30+00:00","dateModified":"2025-06-13T14:53:12+00:00","description":"Panneaux sans formald\u00e9hyde, en format plein, rain\u00e9 4 rives, recommand\u00e9 pour les constructions naturelles, panneaux adapt\u00e9s pour l'humidit\u00e9. Panneaux de contreventement, panneaux pour plancher...","breadcrumb":{"@id":"https:\/\/nature-et-developpement.com\/futureco\/produit\/panneaux-osb-4-et-dfp\/#breadcrumb"},"inLanguage":"fr-FR","potentialAction":[{"@type":"ReadAction","target":["https:\/\/nature-et-developpement.com\/futureco\/produit\/panneaux-osb-4-et-dfp\/"]}]},{"@type":"ImageObject","inLanguage":"fr-FR","@id":"https:\/\/nature-et-developpement.com\/futureco\/produit\/panneaux-osb-4-et-dfp\/#primaryimage","url":"https:\/\/nature-et-developpement.com\/futureco\/wp-content\/uploads\/sites\/16\/2021\/06\/14722-Panneaux-OSB-4-et-DFP.jpg","contentUrl":"https:\/\/nature-et-developpement.com\/futureco\/wp-content\/uploads\/sites\/16\/2021\/06\/14722-Panneaux-OSB-4-et-DFP.jpg","width":800,"height":800,"caption":"Panneaux OSB 4 et DFP"},{"@type":"BreadcrumbList","@id":"https:\/\/nature-et-developpement.com\/futureco\/produit\/panneaux-osb-4-et-dfp\/#breadcrumb","itemListElement":[{"@type":"ListItem","position":1,"name":"Accueil","item":"https:\/\/nature-et-developpement.com\/futureco\/"},{"@type":"ListItem","position":2,"name":"Produits","item":"https:\/\/nature-et-developpement.com\/futureco\/shop\/"},{"@type":"ListItem","position":3,"name":"Construction, cloison et fen\u00eatres","item":"https:\/\/nature-et-developpement.com\/futureco\/produits\/construction\/"},{"@type":"ListItem","position":4,"name":"Construction bois","item":"https:\/\/nature-et-developpement.com\/futureco\/produits\/construction\/construction-maison-bois\/"},{"@type":"ListItem","position":5,"name":"Panneaux OSB 4 et DFP"}]},{"@type":"WebSite","@id":"https:\/\/nature-et-developpement.com\/futureco\/#website","url":"https:\/\/nature-et-developpement.com\/futureco\/","name":"Futur&#039;Eco Mat\u00e9riaux","description":"Futur Eco Mat\u00e9riaux est membre du groupement Nature &amp; D\u00e9veloppement","publisher":{"@id":"https:\/\/nature-et-developpement.com\/futureco\/#organization"},"potentialAction":[{"@type":"SearchAction","target":{"@type":"EntryPoint","urlTemplate":"https:\/\/nature-et-developpement.com\/futureco\/?s={search_term_string}"},"query-input":{"@type":"PropertyValueSpecification","valueRequired":true,"valueName":"search_term_string"}}],"inLanguage":"fr-FR"},{"@type":"Organization","@id":"https:\/\/nature-et-developpement.com\/futureco\/#organization","name":"Futur Eco Materiaux","url":"https:\/\/nature-et-developpement.com\/futureco\/","logo":{"@type":"ImageObject","inLanguage":"fr-FR","@id":"https:\/\/nature-et-developpement.com\/futureco\/#\/schema\/logo\/image\/","url":"https:\/\/nature-et-developpement.com\/futureco\/wp-content\/uploads\/sites\/16\/2021\/09\/logo-futur-eco-materiaux.jpg","contentUrl":"https:\/\/nature-et-developpement.com\/futureco\/wp-content\/uploads\/sites\/16\/2021\/09\/logo-futur-eco-materiaux.jpg","width":500,"height":94,"caption":"Futur Eco Materiaux"},"image":{"@id":"https:\/\/nature-et-developpement.com\/futureco\/#\/schema\/logo\/image\/"}}]}},"distributor_meta":false,"distributor_terms":false,"distributor_media":false,"distributor_original_site_name":"Futur&#039;Eco Mat\u00e9riaux","distributor_original_site_url":"https:\/\/nature-et-developpement.com\/futureco","push-errors":false,"_links":{"self":[{"href":"https:\/\/nature-et-developpement.com\/futureco\/wp-json\/wp\/v2\/product\/2185","targetHints":{"allow":["GET"]}}],"collection":[{"href":"https:\/\/nature-et-developpement.com\/futureco\/wp-json\/wp\/v2\/product"}],"about":[{"href":"https:\/\/nature-et-developpement.com\/futureco\/wp-json\/wp\/v2\/types\/product"}],"wp:featuredmedia":[{"embeddable":true,"href":"https:\/\/nature-et-developpement.com\/futureco\/wp-json\/wp\/v2\/media\/2184"}],"wp:attachment":[{"href":"https:\/\/nature-et-developpement.com\/futureco\/wp-json\/wp\/v2\/media?parent=2185"}],"wp:term":[{"taxonomy":"product_brand","embeddable":true,"href":"https:\/\/nature-et-developpement.com\/futureco\/wp-json\/wp\/v2\/product_brand?post=2185"},{"taxonomy":"product_cat","embeddable":true,"href":"https:\/\/nature-et-developpement.com\/futureco\/wp-json\/wp\/v2\/product_cat?post=2185"},{"taxonomy":"product_tag","embeddable":true,"href":"https:\/\/nature-et-developpement.com\/futureco\/wp-json\/wp\/v2\/product_tag?post=2185"}],"curies":[{"name":"wp","href":"https:\/\/api.w.org\/{rel}","templated":true}]}}