{"id":22502,"date":"2023-07-08T15:00:47","date_gmt":"2023-07-08T13:00:47","guid":{"rendered":"https:\/\/nature-et-developpement.com\/futureco\/produit\/enduit-de-finition-thermolook-de-prb\/"},"modified":"2025-06-13T16:57:22","modified_gmt":"2025-06-13T14:57:22","slug":"enduit-finition-ite-thermolook-prb","status":"publish","type":"product","link":"https:\/\/nature-et-developpement.com\/futureco\/produit\/enduit-finition-ite-thermolook-prb\/","title":{"rendered":"Enduit de finition pour isolation ITE THERMOLOOK de PRB"},"content":{"rendered":"<h3>ENDUIT HYDRAULIQUE POUR FINITION SUR ISOLATION THERMIQUE PAR L\u2019EXT\u00c9RIEUR<\/h3>\n<h5>Les + du THERMOLOOK de PRB<\/h5>\n<p>&#8211; Enduit de finition \u00e9pais pour syst\u00e8me (neuf, ancien, MOB) Thermolook GF\/GM<br \/>\n&#8211; Application m\u00e9canique<br \/>\n&#8211; Finitions : Gratt\u00e9e, Rustique, Rustique \u00e9cras\u00e9e<br \/>\n&#8211; Possibilit\u00e9 de matri\u00e7age et\/ou de r\u00e9alisation de fausses pierres en ITE PRB THERMOLOOK GF<\/p>\n<h5>USAGE<\/h5>\n<p>&#8211; Murs ext\u00e9rieurs et int\u00e9rieurs<br \/>\n&#8211; Finition sur ITE pour murs ext\u00e9rieurs sur tous types de constructions \u00e0 usage d\u2019habitation, tertiaire ou industriel en neuf et en r\u00e9novation.<br \/>\n&#8211; Finition sur ITE rapport\u00e9e sur MOB (Maison \u00e0 Ossature Bois).<\/p>\n<h5>MISE EN OEUVRE<\/h5>\n<p>&#8211; Dur\u00e9e de malaxage : 5 min<br \/>\n&#8211; Dur\u00e9e de vie de la g\u00e2ch\u00e9e : environ 60 min<br \/>\n&#8211; D\u00e9lai avant grattage : 4 \u00e0 24 h<br \/>\n&#8211; D\u00e9lai entre deux passes : de 24 \u00e0 minimum \u00e0 96 h maximum<\/p>\n","protected":false},"excerpt":{"rendered":"<p>Enduit hydraulique pour finition, gratt\u00e9e ou rustique, sur isolation thermique par l\u2019ext\u00e9rieur (ITE)<br \/>\n\u00e0 associer au FONDISOL F de PRB<\/p>\n","protected":false},"featured_media":1000000165774,"template":"","meta":[],"product_brand":[2992],"product_cat":[242,162,109],"product_tag":[4231],"class_list":{"0":"post-22502","1":"product","2":"type-product","3":"status-publish","4":"has-post-thumbnail","6":"product_brand-prb","7":"product_cat-accessoires-construction","8":"product_cat-enduits-naturels","9":"product_cat-maconnerie","10":"product_tag-prb","11":"product_shipping_class-sac-de-25kg","13":"first","14":"instock","15":"taxable","16":"shipping-taxable","17":"purchasable","18":"product-type-variable"},"yoast_head":"<!-- This site is optimized with the Yoast SEO plugin v27.5 - https:\/\/yoast.com\/product\/yoast-seo-wordpress\/ -->\n<title>Enduit de finition pour isolation ITE THERMOLOOK de PRB<\/title>\n<meta name=\"description\" content=\"Enduit hydraulique pour finition, gratt\u00e9e ou rustique, sur isolation thermique par l\u2019ext\u00e9rieur (ITE) \u00e0 associer au FONDISOL F de PRB\" \/>\n<meta name=\"robots\" content=\"noindex, follow\" \/>\n<meta property=\"og:locale\" content=\"fr_FR\" \/>\n<meta property=\"og:type\" content=\"article\" \/>\n<meta property=\"og:title\" content=\"Enduit de finition pour isolation ITE THERMOLOOK de PRB\" \/>\n<meta property=\"og:description\" content=\"Enduit hydraulique pour finition, gratt\u00e9e ou rustique, sur isolation thermique par l\u2019ext\u00e9rieur (ITE) \u00e0 associer au FONDISOL F de PRB\" \/>\n<meta property=\"og:url\" content=\"https:\/\/nature-et-developpement.com\/futureco\/produit\/enduit-finition-ite-thermolook-prb\/\" \/>\n<meta property=\"og:site_name\" content=\"Futur&#039;Eco Mat\u00e9riaux\" \/>\n<meta property=\"article:modified_time\" content=\"2025-06-13T14:57:22+00:00\" \/>\n<meta name=\"twitter:card\" content=\"summary_large_image\" \/>\n<meta name=\"twitter:label1\" content=\"Dur\u00e9e de lecture estim\u00e9e\" \/>\n\t<meta name=\"twitter:data1\" content=\"1 minute\" \/>\n<script type=\"application\/ld+json\" class=\"yoast-schema-graph\">{\"@context\":\"https:\\\/\\\/schema.org\",\"@graph\":[{\"@type\":\"WebPage\",\"@id\":\"https:\\\/\\\/nature-et-developpement.com\\\/futureco\\\/produit\\\/enduit-finition-ite-thermolook-prb\\\/\",\"url\":\"https:\\\/\\\/nature-et-developpement.com\\\/futureco\\\/produit\\\/enduit-finition-ite-thermolook-prb\\\/\",\"name\":\"Enduit de finition pour isolation ITE THERMOLOOK de PRB\",\"isPartOf\":{\"@id\":\"https:\\\/\\\/nature-et-developpement.com\\\/futureco\\\/#website\"},\"primaryImageOfPage\":{\"@id\":\"https:\\\/\\\/nature-et-developpement.com\\\/futureco\\\/produit\\\/enduit-finition-ite-thermolook-prb\\\/#primaryimage\"},\"image\":{\"@id\":\"https:\\\/\\\/nature-et-developpement.com\\\/futureco\\\/produit\\\/enduit-finition-ite-thermolook-prb\\\/#primaryimage\"},\"thumbnailUrl\":\"https:\\\/\\\/nature-et-developpement.com\\\/futureco\\\/wp-content\\\/uploads\\\/Enduit-de-finition-hydrolique-THERMOLOOK-de-PRB.jpg\",\"datePublished\":\"2023-07-08T13:00:47+00:00\",\"dateModified\":\"2025-06-13T14:57:22+00:00\",\"description\":\"Enduit hydraulique pour finition, gratt\u00e9e ou rustique, sur isolation thermique par l\u2019ext\u00e9rieur (ITE) \u00e0 associer au FONDISOL F de PRB\",\"breadcrumb\":{\"@id\":\"https:\\\/\\\/nature-et-developpement.com\\\/futureco\\\/produit\\\/enduit-finition-ite-thermolook-prb\\\/#breadcrumb\"},\"inLanguage\":\"fr-FR\",\"potentialAction\":[{\"@type\":\"ReadAction\",\"target\":[\"https:\\\/\\\/nature-et-developpement.com\\\/futureco\\\/produit\\\/enduit-finition-ite-thermolook-prb\\\/\"]}]},{\"@type\":\"ImageObject\",\"inLanguage\":\"fr-FR\",\"@id\":\"https:\\\/\\\/nature-et-developpement.com\\\/futureco\\\/produit\\\/enduit-finition-ite-thermolook-prb\\\/#primaryimage\",\"url\":\"https:\\\/\\\/nature-et-developpement.com\\\/futureco\\\/wp-content\\\/uploads\\\/Enduit-de-finition-hydrolique-THERMOLOOK-de-PRB.jpg\",\"contentUrl\":\"https:\\\/\\\/nature-et-developpement.com\\\/futureco\\\/wp-content\\\/uploads\\\/Enduit-de-finition-hydrolique-THERMOLOOK-de-PRB.jpg\"},{\"@type\":\"BreadcrumbList\",\"@id\":\"https:\\\/\\\/nature-et-developpement.com\\\/futureco\\\/produit\\\/enduit-finition-ite-thermolook-prb\\\/#breadcrumb\",\"itemListElement\":[{\"@type\":\"ListItem\",\"position\":1,\"name\":\"Accueil\",\"item\":\"https:\\\/\\\/nature-et-developpement.com\\\/futureco\\\/\"},{\"@type\":\"ListItem\",\"position\":2,\"name\":\"Produits\",\"item\":\"https:\\\/\\\/nature-et-developpement.com\\\/futureco\\\/shop\\\/\"},{\"@type\":\"ListItem\",\"position\":3,\"name\":\"Construction, cloison et fen\u00eatres\",\"item\":\"https:\\\/\\\/nature-et-developpement.com\\\/futureco\\\/produits\\\/construction\\\/\"},{\"@type\":\"ListItem\",\"position\":4,\"name\":\"Ma\u00e7onnerie\",\"item\":\"https:\\\/\\\/nature-et-developpement.com\\\/futureco\\\/produits\\\/construction\\\/maconnerie\\\/\"},{\"@type\":\"ListItem\",\"position\":5,\"name\":\"Enduit de finition pour isolation ITE THERMOLOOK de PRB\"}]},{\"@type\":\"WebSite\",\"@id\":\"https:\\\/\\\/nature-et-developpement.com\\\/futureco\\\/#website\",\"url\":\"https:\\\/\\\/nature-et-developpement.com\\\/futureco\\\/\",\"name\":\"Futur&#039;Eco Mat\u00e9riaux\",\"description\":\"Futur Eco Mat\u00e9riaux est membre du groupement Nature &amp; D\u00e9veloppement\",\"publisher\":{\"@id\":\"https:\\\/\\\/nature-et-developpement.com\\\/futureco\\\/#organization\"},\"potentialAction\":[{\"@type\":\"SearchAction\",\"target\":{\"@type\":\"EntryPoint\",\"urlTemplate\":\"https:\\\/\\\/nature-et-developpement.com\\\/futureco\\\/?s={search_term_string}\"},\"query-input\":{\"@type\":\"PropertyValueSpecification\",\"valueRequired\":true,\"valueName\":\"search_term_string\"}}],\"inLanguage\":\"fr-FR\"},{\"@type\":\"Organization\",\"@id\":\"https:\\\/\\\/nature-et-developpement.com\\\/futureco\\\/#organization\",\"name\":\"Futur Eco Materiaux\",\"url\":\"https:\\\/\\\/nature-et-developpement.com\\\/futureco\\\/\",\"logo\":{\"@type\":\"ImageObject\",\"inLanguage\":\"fr-FR\",\"@id\":\"https:\\\/\\\/nature-et-developpement.com\\\/futureco\\\/#\\\/schema\\\/logo\\\/image\\\/\",\"url\":\"https:\\\/\\\/nature-et-developpement.com\\\/futureco\\\/wp-content\\\/uploads\\\/sites\\\/16\\\/2021\\\/09\\\/logo-futur-eco-materiaux.jpg\",\"contentUrl\":\"https:\\\/\\\/nature-et-developpement.com\\\/futureco\\\/wp-content\\\/uploads\\\/sites\\\/16\\\/2021\\\/09\\\/logo-futur-eco-materiaux.jpg\",\"width\":500,\"height\":94,\"caption\":\"Futur Eco Materiaux\"},\"image\":{\"@id\":\"https:\\\/\\\/nature-et-developpement.com\\\/futureco\\\/#\\\/schema\\\/logo\\\/image\\\/\"}}]}<\/script>\n<!-- \/ Yoast SEO plugin. -->","yoast_head_json":{"title":"Enduit de finition pour isolation ITE THERMOLOOK de PRB","description":"Enduit hydraulique pour finition, gratt\u00e9e ou rustique, sur isolation thermique par l\u2019ext\u00e9rieur (ITE) \u00e0 associer au FONDISOL F de PRB","robots":{"index":"noindex","follow":"follow"},"og_locale":"fr_FR","og_type":"article","og_title":"Enduit de finition pour isolation ITE THERMOLOOK de PRB","og_description":"Enduit hydraulique pour finition, gratt\u00e9e ou rustique, sur isolation thermique par l\u2019ext\u00e9rieur (ITE) \u00e0 associer au FONDISOL F de PRB","og_url":"https:\/\/nature-et-developpement.com\/futureco\/produit\/enduit-finition-ite-thermolook-prb\/","og_site_name":"Futur&#039;Eco Mat\u00e9riaux","article_modified_time":"2025-06-13T14:57:22+00:00","twitter_card":"summary_large_image","twitter_misc":{"Dur\u00e9e de lecture estim\u00e9e":"1 minute"},"schema":{"@context":"https:\/\/schema.org","@graph":[{"@type":"WebPage","@id":"https:\/\/nature-et-developpement.com\/futureco\/produit\/enduit-finition-ite-thermolook-prb\/","url":"https:\/\/nature-et-developpement.com\/futureco\/produit\/enduit-finition-ite-thermolook-prb\/","name":"Enduit de finition pour isolation ITE THERMOLOOK de PRB","isPartOf":{"@id":"https:\/\/nature-et-developpement.com\/futureco\/#website"},"primaryImageOfPage":{"@id":"https:\/\/nature-et-developpement.com\/futureco\/produit\/enduit-finition-ite-thermolook-prb\/#primaryimage"},"image":{"@id":"https:\/\/nature-et-developpement.com\/futureco\/produit\/enduit-finition-ite-thermolook-prb\/#primaryimage"},"thumbnailUrl":"https:\/\/nature-et-developpement.com\/futureco\/wp-content\/uploads\/Enduit-de-finition-hydrolique-THERMOLOOK-de-PRB.jpg","datePublished":"2023-07-08T13:00:47+00:00","dateModified":"2025-06-13T14:57:22+00:00","description":"Enduit hydraulique pour finition, gratt\u00e9e ou rustique, sur isolation thermique par l\u2019ext\u00e9rieur (ITE) \u00e0 associer au FONDISOL F de PRB","breadcrumb":{"@id":"https:\/\/nature-et-developpement.com\/futureco\/produit\/enduit-finition-ite-thermolook-prb\/#breadcrumb"},"inLanguage":"fr-FR","potentialAction":[{"@type":"ReadAction","target":["https:\/\/nature-et-developpement.com\/futureco\/produit\/enduit-finition-ite-thermolook-prb\/"]}]},{"@type":"ImageObject","inLanguage":"fr-FR","@id":"https:\/\/nature-et-developpement.com\/futureco\/produit\/enduit-finition-ite-thermolook-prb\/#primaryimage","url":"https:\/\/nature-et-developpement.com\/futureco\/wp-content\/uploads\/Enduit-de-finition-hydrolique-THERMOLOOK-de-PRB.jpg","contentUrl":"https:\/\/nature-et-developpement.com\/futureco\/wp-content\/uploads\/Enduit-de-finition-hydrolique-THERMOLOOK-de-PRB.jpg"},{"@type":"BreadcrumbList","@id":"https:\/\/nature-et-developpement.com\/futureco\/produit\/enduit-finition-ite-thermolook-prb\/#breadcrumb","itemListElement":[{"@type":"ListItem","position":1,"name":"Accueil","item":"https:\/\/nature-et-developpement.com\/futureco\/"},{"@type":"ListItem","position":2,"name":"Produits","item":"https:\/\/nature-et-developpement.com\/futureco\/shop\/"},{"@type":"ListItem","position":3,"name":"Construction, cloison et fen\u00eatres","item":"https:\/\/nature-et-developpement.com\/futureco\/produits\/construction\/"},{"@type":"ListItem","position":4,"name":"Ma\u00e7onnerie","item":"https:\/\/nature-et-developpement.com\/futureco\/produits\/construction\/maconnerie\/"},{"@type":"ListItem","position":5,"name":"Enduit de finition pour isolation ITE THERMOLOOK de PRB"}]},{"@type":"WebSite","@id":"https:\/\/nature-et-developpement.com\/futureco\/#website","url":"https:\/\/nature-et-developpement.com\/futureco\/","name":"Futur&#039;Eco Mat\u00e9riaux","description":"Futur Eco Mat\u00e9riaux est membre du groupement Nature &amp; D\u00e9veloppement","publisher":{"@id":"https:\/\/nature-et-developpement.com\/futureco\/#organization"},"potentialAction":[{"@type":"SearchAction","target":{"@type":"EntryPoint","urlTemplate":"https:\/\/nature-et-developpement.com\/futureco\/?s={search_term_string}"},"query-input":{"@type":"PropertyValueSpecification","valueRequired":true,"valueName":"search_term_string"}}],"inLanguage":"fr-FR"},{"@type":"Organization","@id":"https:\/\/nature-et-developpement.com\/futureco\/#organization","name":"Futur Eco Materiaux","url":"https:\/\/nature-et-developpement.com\/futureco\/","logo":{"@type":"ImageObject","inLanguage":"fr-FR","@id":"https:\/\/nature-et-developpement.com\/futureco\/#\/schema\/logo\/image\/","url":"https:\/\/nature-et-developpement.com\/futureco\/wp-content\/uploads\/sites\/16\/2021\/09\/logo-futur-eco-materiaux.jpg","contentUrl":"https:\/\/nature-et-developpement.com\/futureco\/wp-content\/uploads\/sites\/16\/2021\/09\/logo-futur-eco-materiaux.jpg","width":500,"height":94,"caption":"Futur Eco Materiaux"},"image":{"@id":"https:\/\/nature-et-developpement.com\/futureco\/#\/schema\/logo\/image\/"}}]}},"distributor_meta":false,"distributor_terms":false,"distributor_media":false,"distributor_original_site_name":"Futur&#039;Eco Mat\u00e9riaux","distributor_original_site_url":"https:\/\/nature-et-developpement.com\/futureco","push-errors":false,"_links":{"self":[{"href":"https:\/\/nature-et-developpement.com\/futureco\/wp-json\/wp\/v2\/product\/22502","targetHints":{"allow":["GET"]}}],"collection":[{"href":"https:\/\/nature-et-developpement.com\/futureco\/wp-json\/wp\/v2\/product"}],"about":[{"href":"https:\/\/nature-et-developpement.com\/futureco\/wp-json\/wp\/v2\/types\/product"}],"wp:featuredmedia":[{"embeddable":true,"href":"https:\/\/nature-et-developpement.com\/futureco\/wp-json\/"}],"wp:attachment":[{"href":"https:\/\/nature-et-developpement.com\/futureco\/wp-json\/wp\/v2\/media?parent=22502"}],"wp:term":[{"taxonomy":"product_brand","embeddable":true,"href":"https:\/\/nature-et-developpement.com\/futureco\/wp-json\/wp\/v2\/product_brand?post=22502"},{"taxonomy":"product_cat","embeddable":true,"href":"https:\/\/nature-et-developpement.com\/futureco\/wp-json\/wp\/v2\/product_cat?post=22502"},{"taxonomy":"product_tag","embeddable":true,"href":"https:\/\/nature-et-developpement.com\/futureco\/wp-json\/wp\/v2\/product_tag?post=22502"}],"curies":[{"name":"wp","href":"https:\/\/api.w.org\/{rel}","templated":true}]}}