{"id":27104,"date":"2024-12-10T00:00:31","date_gmt":"2024-12-09T23:00:31","guid":{"rendered":"https:\/\/nature-et-developpement.com\/futureco\/produit\/sixbox-entretoise-82mm\/"},"modified":"2025-06-13T16:57:32","modified_gmt":"2025-06-13T14:57:32","slug":"entretoise-82mm-sixbox","status":"publish","type":"product","link":"https:\/\/nature-et-developpement.com\/futureco\/produit\/entretoise-82mm-sixbox\/","title":{"rendered":"Entretoise 82mm pour augmenter l&rsquo;espace technique syst\u00e8me SIXBOX"},"content":{"rendered":"<h2>Les entretoises de 82mm SIXBOX<\/h2>\n<p>Vous permettent d&rsquo;augmenter votre vide technique ou de pallier \u00e0 une hauteur bien pr\u00e9cise, associ\u00e9 a un des appuis ou suspentes SIXBOX .<\/p>\n<p><strong>Exemple :<\/strong><\/p>\n<p>Il vous faut un vide technique , ou vous avez une contrainte de 99mm\u00a0 , il vous faudra donc un OB17 ou OBMR15\/32   ENT82 = 99 mm<\/p>\n<p>Les entretoises sont disponibles en 4 tailles , pour s&rsquo;adapter \u00e0 tout type de contrainte .<\/p>\n<ul>\n<li>13 mm<\/li>\n<li>25 mm<\/li>\n<li>38 mm<\/li>\n<li>82 mm<\/li>\n<\/ul>\n<p>Elles sont compatibles avec tout les appuis et suspentes de la gamme SIXBOX .<\/p>\n<h3>Fabriqu\u00e9 en France .<\/h3>\n","protected":false},"excerpt":{"rendered":"<p>Les entretoises SIXBOX vous permettent d&rsquo;augmenter votre vide technique ou de pallier \u00e0 une hauteur bien pr\u00e9cise, associ\u00e9 a un des appuis ou suspentes SIXBOX.<br \/>\nEspace gagn\u00e9 82mm.<\/p>\n","protected":false},"featured_media":1000000168753,"template":"","meta":[],"product_brand":[4551],"product_cat":[242,243],"product_tag":[],"class_list":{"0":"post-27104","1":"product","2":"type-product","3":"status-publish","4":"has-post-thumbnail","6":"product_brand-sixbox-suspente","7":"product_cat-accessoires-construction","8":"product_cat-accessoires-isolation-et-etancheite","9":"product_shipping_class-petit-equipement-outil-eclairage","11":"first","12":"instock","13":"taxable","14":"shipping-taxable","15":"purchasable","16":"product-type-variable"},"yoast_head":"<!-- This site is optimized with the Yoast SEO plugin v27.5 - https:\/\/yoast.com\/product\/yoast-seo-wordpress\/ -->\n<title>Entretoise 82mm pour augmenter l&#039;espace technique syst\u00e8me SIXBOX<\/title>\n<meta name=\"description\" content=\"Les entretoises SIXBOX vous permettent d&#039;augmenter votre vide technique ou de pallier \u00e0 une hauteur bien pr\u00e9cise, associ\u00e9 a un des appuis ou suspentes SIXBOX. Espace gagn\u00e9 82mm.\" \/>\n<meta name=\"robots\" content=\"noindex, follow\" \/>\n<meta property=\"og:locale\" content=\"fr_FR\" \/>\n<meta property=\"og:type\" content=\"article\" \/>\n<meta property=\"og:title\" content=\"Entretoise 82mm pour augmenter l&#039;espace technique syst\u00e8me SIXBOX\" \/>\n<meta property=\"og:description\" content=\"Les entretoises SIXBOX vous permettent d&#039;augmenter votre vide technique ou de pallier \u00e0 une hauteur bien pr\u00e9cise, associ\u00e9 a un des appuis ou suspentes SIXBOX. Espace gagn\u00e9 82mm.\" \/>\n<meta property=\"og:url\" content=\"https:\/\/nature-et-developpement.com\/futureco\/produit\/entretoise-82mm-sixbox\/\" \/>\n<meta property=\"og:site_name\" content=\"Futur&#039;Eco Mat\u00e9riaux\" \/>\n<meta property=\"article:modified_time\" content=\"2025-06-13T14:57:32+00:00\" \/>\n<meta name=\"twitter:card\" content=\"summary_large_image\" \/>\n<meta name=\"twitter:label1\" content=\"Dur\u00e9e de lecture estim\u00e9e\" \/>\n\t<meta name=\"twitter:data1\" content=\"1 minute\" \/>\n<script type=\"application\/ld+json\" class=\"yoast-schema-graph\">{\"@context\":\"https:\\\/\\\/schema.org\",\"@graph\":[{\"@type\":\"WebPage\",\"@id\":\"https:\\\/\\\/nature-et-developpement.com\\\/futureco\\\/produit\\\/entretoise-82mm-sixbox\\\/\",\"url\":\"https:\\\/\\\/nature-et-developpement.com\\\/futureco\\\/produit\\\/entretoise-82mm-sixbox\\\/\",\"name\":\"Entretoise 82mm pour augmenter l'espace technique syst\u00e8me SIXBOX\",\"isPartOf\":{\"@id\":\"https:\\\/\\\/nature-et-developpement.com\\\/futureco\\\/#website\"},\"primaryImageOfPage\":{\"@id\":\"https:\\\/\\\/nature-et-developpement.com\\\/futureco\\\/produit\\\/entretoise-82mm-sixbox\\\/#primaryimage\"},\"image\":{\"@id\":\"https:\\\/\\\/nature-et-developpement.com\\\/futureco\\\/produit\\\/entretoise-82mm-sixbox\\\/#primaryimage\"},\"thumbnailUrl\":\"https:\\\/\\\/nature-et-developpement.com\\\/futureco\\\/wp-content\\\/uploads\\\/Entretoise-82mm-pour-augmenter-lespace-technique-systeme-SIXBOX.jpg\",\"datePublished\":\"2024-12-09T23:00:31+00:00\",\"dateModified\":\"2025-06-13T14:57:32+00:00\",\"description\":\"Les entretoises SIXBOX vous permettent d'augmenter votre vide technique ou de pallier \u00e0 une hauteur bien pr\u00e9cise, associ\u00e9 a un des appuis ou suspentes SIXBOX. Espace gagn\u00e9 82mm.\",\"breadcrumb\":{\"@id\":\"https:\\\/\\\/nature-et-developpement.com\\\/futureco\\\/produit\\\/entretoise-82mm-sixbox\\\/#breadcrumb\"},\"inLanguage\":\"fr-FR\",\"potentialAction\":[{\"@type\":\"ReadAction\",\"target\":[\"https:\\\/\\\/nature-et-developpement.com\\\/futureco\\\/produit\\\/entretoise-82mm-sixbox\\\/\"]}]},{\"@type\":\"ImageObject\",\"inLanguage\":\"fr-FR\",\"@id\":\"https:\\\/\\\/nature-et-developpement.com\\\/futureco\\\/produit\\\/entretoise-82mm-sixbox\\\/#primaryimage\",\"url\":\"https:\\\/\\\/nature-et-developpement.com\\\/futureco\\\/wp-content\\\/uploads\\\/Entretoise-82mm-pour-augmenter-lespace-technique-systeme-SIXBOX.jpg\",\"contentUrl\":\"https:\\\/\\\/nature-et-developpement.com\\\/futureco\\\/wp-content\\\/uploads\\\/Entretoise-82mm-pour-augmenter-lespace-technique-systeme-SIXBOX.jpg\"},{\"@type\":\"BreadcrumbList\",\"@id\":\"https:\\\/\\\/nature-et-developpement.com\\\/futureco\\\/produit\\\/entretoise-82mm-sixbox\\\/#breadcrumb\",\"itemListElement\":[{\"@type\":\"ListItem\",\"position\":1,\"name\":\"Accueil\",\"item\":\"https:\\\/\\\/nature-et-developpement.com\\\/futureco\\\/\"},{\"@type\":\"ListItem\",\"position\":2,\"name\":\"Produits\",\"item\":\"https:\\\/\\\/nature-et-developpement.com\\\/futureco\\\/shop\\\/\"},{\"@type\":\"ListItem\",\"position\":3,\"name\":\"Construction, cloison et fen\u00eatres\",\"item\":\"https:\\\/\\\/nature-et-developpement.com\\\/futureco\\\/produits\\\/construction\\\/\"},{\"@type\":\"ListItem\",\"position\":4,\"name\":\"Accessoires construction\",\"item\":\"https:\\\/\\\/nature-et-developpement.com\\\/futureco\\\/produits\\\/construction\\\/accessoires-construction\\\/\"},{\"@type\":\"ListItem\",\"position\":5,\"name\":\"Entretoise 82mm pour augmenter l&rsquo;espace technique syst\u00e8me SIXBOX\"}]},{\"@type\":\"WebSite\",\"@id\":\"https:\\\/\\\/nature-et-developpement.com\\\/futureco\\\/#website\",\"url\":\"https:\\\/\\\/nature-et-developpement.com\\\/futureco\\\/\",\"name\":\"Futur&#039;Eco Mat\u00e9riaux\",\"description\":\"Futur Eco Mat\u00e9riaux est membre du groupement Nature &amp; D\u00e9veloppement\",\"publisher\":{\"@id\":\"https:\\\/\\\/nature-et-developpement.com\\\/futureco\\\/#organization\"},\"potentialAction\":[{\"@type\":\"SearchAction\",\"target\":{\"@type\":\"EntryPoint\",\"urlTemplate\":\"https:\\\/\\\/nature-et-developpement.com\\\/futureco\\\/?s={search_term_string}\"},\"query-input\":{\"@type\":\"PropertyValueSpecification\",\"valueRequired\":true,\"valueName\":\"search_term_string\"}}],\"inLanguage\":\"fr-FR\"},{\"@type\":\"Organization\",\"@id\":\"https:\\\/\\\/nature-et-developpement.com\\\/futureco\\\/#organization\",\"name\":\"Futur Eco Materiaux\",\"url\":\"https:\\\/\\\/nature-et-developpement.com\\\/futureco\\\/\",\"logo\":{\"@type\":\"ImageObject\",\"inLanguage\":\"fr-FR\",\"@id\":\"https:\\\/\\\/nature-et-developpement.com\\\/futureco\\\/#\\\/schema\\\/logo\\\/image\\\/\",\"url\":\"https:\\\/\\\/nature-et-developpement.com\\\/futureco\\\/wp-content\\\/uploads\\\/sites\\\/16\\\/2021\\\/09\\\/logo-futur-eco-materiaux.jpg\",\"contentUrl\":\"https:\\\/\\\/nature-et-developpement.com\\\/futureco\\\/wp-content\\\/uploads\\\/sites\\\/16\\\/2021\\\/09\\\/logo-futur-eco-materiaux.jpg\",\"width\":500,\"height\":94,\"caption\":\"Futur Eco Materiaux\"},\"image\":{\"@id\":\"https:\\\/\\\/nature-et-developpement.com\\\/futureco\\\/#\\\/schema\\\/logo\\\/image\\\/\"}}]}<\/script>\n<!-- \/ Yoast SEO plugin. -->","yoast_head_json":{"title":"Entretoise 82mm pour augmenter l'espace technique syst\u00e8me SIXBOX","description":"Les entretoises SIXBOX vous permettent d'augmenter votre vide technique ou de pallier \u00e0 une hauteur bien pr\u00e9cise, associ\u00e9 a un des appuis ou suspentes SIXBOX. Espace gagn\u00e9 82mm.","robots":{"index":"noindex","follow":"follow"},"og_locale":"fr_FR","og_type":"article","og_title":"Entretoise 82mm pour augmenter l'espace technique syst\u00e8me SIXBOX","og_description":"Les entretoises SIXBOX vous permettent d'augmenter votre vide technique ou de pallier \u00e0 une hauteur bien pr\u00e9cise, associ\u00e9 a un des appuis ou suspentes SIXBOX. Espace gagn\u00e9 82mm.","og_url":"https:\/\/nature-et-developpement.com\/futureco\/produit\/entretoise-82mm-sixbox\/","og_site_name":"Futur&#039;Eco Mat\u00e9riaux","article_modified_time":"2025-06-13T14:57:32+00:00","twitter_card":"summary_large_image","twitter_misc":{"Dur\u00e9e de lecture estim\u00e9e":"1 minute"},"schema":{"@context":"https:\/\/schema.org","@graph":[{"@type":"WebPage","@id":"https:\/\/nature-et-developpement.com\/futureco\/produit\/entretoise-82mm-sixbox\/","url":"https:\/\/nature-et-developpement.com\/futureco\/produit\/entretoise-82mm-sixbox\/","name":"Entretoise 82mm pour augmenter l'espace technique syst\u00e8me SIXBOX","isPartOf":{"@id":"https:\/\/nature-et-developpement.com\/futureco\/#website"},"primaryImageOfPage":{"@id":"https:\/\/nature-et-developpement.com\/futureco\/produit\/entretoise-82mm-sixbox\/#primaryimage"},"image":{"@id":"https:\/\/nature-et-developpement.com\/futureco\/produit\/entretoise-82mm-sixbox\/#primaryimage"},"thumbnailUrl":"https:\/\/nature-et-developpement.com\/futureco\/wp-content\/uploads\/Entretoise-82mm-pour-augmenter-lespace-technique-systeme-SIXBOX.jpg","datePublished":"2024-12-09T23:00:31+00:00","dateModified":"2025-06-13T14:57:32+00:00","description":"Les entretoises SIXBOX vous permettent d'augmenter votre vide technique ou de pallier \u00e0 une hauteur bien pr\u00e9cise, associ\u00e9 a un des appuis ou suspentes SIXBOX. Espace gagn\u00e9 82mm.","breadcrumb":{"@id":"https:\/\/nature-et-developpement.com\/futureco\/produit\/entretoise-82mm-sixbox\/#breadcrumb"},"inLanguage":"fr-FR","potentialAction":[{"@type":"ReadAction","target":["https:\/\/nature-et-developpement.com\/futureco\/produit\/entretoise-82mm-sixbox\/"]}]},{"@type":"ImageObject","inLanguage":"fr-FR","@id":"https:\/\/nature-et-developpement.com\/futureco\/produit\/entretoise-82mm-sixbox\/#primaryimage","url":"https:\/\/nature-et-developpement.com\/futureco\/wp-content\/uploads\/Entretoise-82mm-pour-augmenter-lespace-technique-systeme-SIXBOX.jpg","contentUrl":"https:\/\/nature-et-developpement.com\/futureco\/wp-content\/uploads\/Entretoise-82mm-pour-augmenter-lespace-technique-systeme-SIXBOX.jpg"},{"@type":"BreadcrumbList","@id":"https:\/\/nature-et-developpement.com\/futureco\/produit\/entretoise-82mm-sixbox\/#breadcrumb","itemListElement":[{"@type":"ListItem","position":1,"name":"Accueil","item":"https:\/\/nature-et-developpement.com\/futureco\/"},{"@type":"ListItem","position":2,"name":"Produits","item":"https:\/\/nature-et-developpement.com\/futureco\/shop\/"},{"@type":"ListItem","position":3,"name":"Construction, cloison et fen\u00eatres","item":"https:\/\/nature-et-developpement.com\/futureco\/produits\/construction\/"},{"@type":"ListItem","position":4,"name":"Accessoires construction","item":"https:\/\/nature-et-developpement.com\/futureco\/produits\/construction\/accessoires-construction\/"},{"@type":"ListItem","position":5,"name":"Entretoise 82mm pour augmenter l&rsquo;espace technique syst\u00e8me SIXBOX"}]},{"@type":"WebSite","@id":"https:\/\/nature-et-developpement.com\/futureco\/#website","url":"https:\/\/nature-et-developpement.com\/futureco\/","name":"Futur&#039;Eco Mat\u00e9riaux","description":"Futur Eco Mat\u00e9riaux est membre du groupement Nature &amp; D\u00e9veloppement","publisher":{"@id":"https:\/\/nature-et-developpement.com\/futureco\/#organization"},"potentialAction":[{"@type":"SearchAction","target":{"@type":"EntryPoint","urlTemplate":"https:\/\/nature-et-developpement.com\/futureco\/?s={search_term_string}"},"query-input":{"@type":"PropertyValueSpecification","valueRequired":true,"valueName":"search_term_string"}}],"inLanguage":"fr-FR"},{"@type":"Organization","@id":"https:\/\/nature-et-developpement.com\/futureco\/#organization","name":"Futur Eco Materiaux","url":"https:\/\/nature-et-developpement.com\/futureco\/","logo":{"@type":"ImageObject","inLanguage":"fr-FR","@id":"https:\/\/nature-et-developpement.com\/futureco\/#\/schema\/logo\/image\/","url":"https:\/\/nature-et-developpement.com\/futureco\/wp-content\/uploads\/sites\/16\/2021\/09\/logo-futur-eco-materiaux.jpg","contentUrl":"https:\/\/nature-et-developpement.com\/futureco\/wp-content\/uploads\/sites\/16\/2021\/09\/logo-futur-eco-materiaux.jpg","width":500,"height":94,"caption":"Futur Eco Materiaux"},"image":{"@id":"https:\/\/nature-et-developpement.com\/futureco\/#\/schema\/logo\/image\/"}}]}},"distributor_meta":false,"distributor_terms":false,"distributor_media":false,"distributor_original_site_name":"Futur&#039;Eco Mat\u00e9riaux","distributor_original_site_url":"https:\/\/nature-et-developpement.com\/futureco","push-errors":false,"_links":{"self":[{"href":"https:\/\/nature-et-developpement.com\/futureco\/wp-json\/wp\/v2\/product\/27104","targetHints":{"allow":["GET"]}}],"collection":[{"href":"https:\/\/nature-et-developpement.com\/futureco\/wp-json\/wp\/v2\/product"}],"about":[{"href":"https:\/\/nature-et-developpement.com\/futureco\/wp-json\/wp\/v2\/types\/product"}],"wp:featuredmedia":[{"embeddable":true,"href":"https:\/\/nature-et-developpement.com\/futureco\/wp-json\/"}],"wp:attachment":[{"href":"https:\/\/nature-et-developpement.com\/futureco\/wp-json\/wp\/v2\/media?parent=27104"}],"wp:term":[{"taxonomy":"product_brand","embeddable":true,"href":"https:\/\/nature-et-developpement.com\/futureco\/wp-json\/wp\/v2\/product_brand?post=27104"},{"taxonomy":"product_cat","embeddable":true,"href":"https:\/\/nature-et-developpement.com\/futureco\/wp-json\/wp\/v2\/product_cat?post=27104"},{"taxonomy":"product_tag","embeddable":true,"href":"https:\/\/nature-et-developpement.com\/futureco\/wp-json\/wp\/v2\/product_tag?post=27104"}],"curies":[{"name":"wp","href":"https:\/\/api.w.org\/{rel}","templated":true}]}}