{"id":27444,"date":"2025-11-06T10:51:14","date_gmt":"2025-11-06T09:51:14","guid":{"rendered":"https:\/\/nature-et-developpement.com\/futureco\/?post_type=product&#038;p=27444"},"modified":"2025-11-07T05:17:25","modified_gmt":"2025-11-07T04:17:25","slug":"escalier-bois-escamotable-avec-isolation-thermique-lwk-konfort-fakro","status":"publish","type":"product","link":"https:\/\/nature-et-developpement.com\/futureco\/produit\/escalier-bois-escamotable-avec-isolation-thermique-lwk-konfort-fakro\/","title":{"rendered":"Escalier bois escamotable avec isolation thermique LWK Konfort FAKRO"},"content":{"rendered":"<h2>Acc\u00e8s aux combles s\u00fbre et confortable<\/h2>\n<p>Des solutions innovantes ont \u00e9t\u00e9 employ\u00e9es dans l\u2019escalier escamotable LWK Komfort.<\/p>\n<p>Cela garantit le plus haut confort d\u2019utilisation, une tr\u00e8s bonne performance thermo-isolante et permet une installation encore plus facile et plus rapide de l\u2019escalier dans le plafond.<\/p>\n<p>C\u2019est un escalier de haute qualit\u00e9 compos\u00e9 de 3 ou 4 segments.<\/p>\n<p>Sa trappe blanche poss\u00e8de une finition esth\u00e9tique.<\/p>\n<p>Dans sa version standard, il est \u00e9quip\u00e9 d\u2019embouts de protection du sol et d\u2019une main courante.<\/p>\n<h3><strong><span style=\"text-align: center\">Donn\u00e9es techniques:<\/span><\/strong><\/h3>\n<ul>\n<li>charge maximale 160 kg<\/li>\n<li><span style=\"text-align: center\">coefficient de transmission de chaleur U = 1,1W\/m\u00b2K <\/span><\/li>\n<li><span style=\"text-align: center\">\u00e9paisseur de l\u2019isolant thermique 3 cm <\/span><\/li>\n<li><span style=\"text-align: center\">\u00e9paisseur de la trappe 3,6 cm<\/span><\/li>\n<\/ul>\n","protected":false},"excerpt":{"rendered":"<p>L\u2019escalier escamotable LWK Komfort garantit le plus haut confort d\u2019utilisation, une tr\u00e8s bonne performance thermo-isolante et permet une installation encore plus facile et plus rapide de l\u2019escalier dans le plafond.<\/p>\n","protected":false},"featured_media":1000000169139,"template":"","meta":[],"product_brand":[2760],"product_cat":[519],"product_tag":[4180],"class_list":{"0":"post-27444","1":"product","2":"type-product","3":"status-publish","4":"has-post-thumbnail","6":"product_brand-fakro","7":"product_cat-escalier-et-porte","8":"product_tag-fakro","9":"product_shipping_class-petit-equipement-outil-eclairage","11":"first","12":"instock","13":"taxable","14":"shipping-taxable","15":"purchasable","16":"product-type-variable"},"yoast_head":"<!-- This site is optimized with the Yoast SEO plugin v27.5 - https:\/\/yoast.com\/product\/yoast-seo-wordpress\/ -->\n<title>Escalier bois escamotable avec isolation thermique LWK Konfort FAKRO<\/title>\n<meta name=\"description\" content=\"L\u2019escalier escamotable LWK Komfort garantit le plus haut confort d\u2019utilisation, une tr\u00e8s bonne performance thermo-isolante et permet une installation encore plus facile et plus rapide de l\u2019escalier dans le plafond.\" \/>\n<meta name=\"robots\" content=\"noindex, nofollow\" \/>\n<meta property=\"og:locale\" content=\"fr_FR\" \/>\n<meta property=\"og:type\" content=\"article\" \/>\n<meta property=\"og:title\" content=\"Escalier bois escamotable avec isolation thermique LWK Konfort FAKRO\" \/>\n<meta property=\"og:description\" content=\"L\u2019escalier escamotable LWK Komfort garantit le plus haut confort d\u2019utilisation, une tr\u00e8s bonne performance thermo-isolante et permet une installation encore plus facile et plus rapide de l\u2019escalier dans le plafond.\" \/>\n<meta property=\"og:url\" content=\"https:\/\/nature-et-developpement.com\/futureco\/produit\/escalier-bois-escamotable-avec-isolation-thermique-lwk-konfort-fakro\/\" \/>\n<meta property=\"og:site_name\" content=\"Futur&#039;Eco Mat\u00e9riaux\" \/>\n<meta property=\"article:modified_time\" content=\"2025-11-07T04:17:25+00:00\" \/>\n<meta name=\"twitter:card\" content=\"summary_large_image\" \/>\n<meta name=\"twitter:label1\" content=\"Dur\u00e9e de lecture estim\u00e9e\" \/>\n\t<meta name=\"twitter:data1\" content=\"1 minute\" \/>\n<script type=\"application\/ld+json\" class=\"yoast-schema-graph\">{\"@context\":\"https:\\\/\\\/schema.org\",\"@graph\":[{\"@type\":\"WebPage\",\"@id\":\"https:\\\/\\\/nature-et-developpement.com\\\/futureco\\\/produit\\\/escalier-bois-escamotable-avec-isolation-thermique-lwk-konfort-fakro\\\/\",\"url\":\"https:\\\/\\\/nature-et-developpement.com\\\/futureco\\\/produit\\\/escalier-bois-escamotable-avec-isolation-thermique-lwk-konfort-fakro\\\/\",\"name\":\"Escalier bois escamotable avec isolation thermique LWK Konfort FAKRO\",\"isPartOf\":{\"@id\":\"https:\\\/\\\/nature-et-developpement.com\\\/futureco\\\/#website\"},\"primaryImageOfPage\":{\"@id\":\"https:\\\/\\\/nature-et-developpement.com\\\/futureco\\\/produit\\\/escalier-bois-escamotable-avec-isolation-thermique-lwk-konfort-fakro\\\/#primaryimage\"},\"image\":{\"@id\":\"https:\\\/\\\/nature-et-developpement.com\\\/futureco\\\/produit\\\/escalier-bois-escamotable-avec-isolation-thermique-lwk-konfort-fakro\\\/#primaryimage\"},\"thumbnailUrl\":\"https:\\\/\\\/nature-et-developpement.com\\\/futureco\\\/wp-content\\\/uploads\\\/Escalier-escamotable-avec-isolation-thermique-LWK-Konfort-FAKRO.jpg\",\"datePublished\":\"2025-11-06T09:51:14+00:00\",\"dateModified\":\"2025-11-07T04:17:25+00:00\",\"description\":\"L\u2019escalier escamotable LWK Komfort garantit le plus haut confort d\u2019utilisation, une tr\u00e8s bonne performance thermo-isolante et permet une installation encore plus facile et plus rapide de l\u2019escalier dans le plafond.\",\"breadcrumb\":{\"@id\":\"https:\\\/\\\/nature-et-developpement.com\\\/futureco\\\/produit\\\/escalier-bois-escamotable-avec-isolation-thermique-lwk-konfort-fakro\\\/#breadcrumb\"},\"inLanguage\":\"fr-FR\",\"potentialAction\":[{\"@type\":\"ReadAction\",\"target\":[\"https:\\\/\\\/nature-et-developpement.com\\\/futureco\\\/produit\\\/escalier-bois-escamotable-avec-isolation-thermique-lwk-konfort-fakro\\\/\"]}]},{\"@type\":\"ImageObject\",\"inLanguage\":\"fr-FR\",\"@id\":\"https:\\\/\\\/nature-et-developpement.com\\\/futureco\\\/produit\\\/escalier-bois-escamotable-avec-isolation-thermique-lwk-konfort-fakro\\\/#primaryimage\",\"url\":\"https:\\\/\\\/nature-et-developpement.com\\\/futureco\\\/wp-content\\\/uploads\\\/Escalier-escamotable-avec-isolation-thermique-LWK-Konfort-FAKRO.jpg\",\"contentUrl\":\"https:\\\/\\\/nature-et-developpement.com\\\/futureco\\\/wp-content\\\/uploads\\\/Escalier-escamotable-avec-isolation-thermique-LWK-Konfort-FAKRO.jpg\"},{\"@type\":\"BreadcrumbList\",\"@id\":\"https:\\\/\\\/nature-et-developpement.com\\\/futureco\\\/produit\\\/escalier-bois-escamotable-avec-isolation-thermique-lwk-konfort-fakro\\\/#breadcrumb\",\"itemListElement\":[{\"@type\":\"ListItem\",\"position\":1,\"name\":\"Accueil\",\"item\":\"https:\\\/\\\/nature-et-developpement.com\\\/futureco\\\/\"},{\"@type\":\"ListItem\",\"position\":2,\"name\":\"Produits\",\"item\":\"https:\\\/\\\/nature-et-developpement.com\\\/futureco\\\/shop\\\/\"},{\"@type\":\"ListItem\",\"position\":3,\"name\":\"Agencement int\u00e9rieur\",\"item\":\"https:\\\/\\\/nature-et-developpement.com\\\/futureco\\\/produits\\\/agencement-interieur\\\/\"},{\"@type\":\"ListItem\",\"position\":4,\"name\":\"Escalier et porte\",\"item\":\"https:\\\/\\\/nature-et-developpement.com\\\/futureco\\\/produits\\\/agencement-interieur\\\/escalier-et-porte\\\/\"},{\"@type\":\"ListItem\",\"position\":5,\"name\":\"Escalier bois escamotable avec isolation thermique LWK Konfort FAKRO\"}]},{\"@type\":\"WebSite\",\"@id\":\"https:\\\/\\\/nature-et-developpement.com\\\/futureco\\\/#website\",\"url\":\"https:\\\/\\\/nature-et-developpement.com\\\/futureco\\\/\",\"name\":\"Futur&#039;Eco Mat\u00e9riaux\",\"description\":\"Futur Eco Mat\u00e9riaux est membre du groupement Nature &amp; D\u00e9veloppement\",\"publisher\":{\"@id\":\"https:\\\/\\\/nature-et-developpement.com\\\/futureco\\\/#organization\"},\"potentialAction\":[{\"@type\":\"SearchAction\",\"target\":{\"@type\":\"EntryPoint\",\"urlTemplate\":\"https:\\\/\\\/nature-et-developpement.com\\\/futureco\\\/?s={search_term_string}\"},\"query-input\":{\"@type\":\"PropertyValueSpecification\",\"valueRequired\":true,\"valueName\":\"search_term_string\"}}],\"inLanguage\":\"fr-FR\"},{\"@type\":\"Organization\",\"@id\":\"https:\\\/\\\/nature-et-developpement.com\\\/futureco\\\/#organization\",\"name\":\"Futur Eco Materiaux\",\"url\":\"https:\\\/\\\/nature-et-developpement.com\\\/futureco\\\/\",\"logo\":{\"@type\":\"ImageObject\",\"inLanguage\":\"fr-FR\",\"@id\":\"https:\\\/\\\/nature-et-developpement.com\\\/futureco\\\/#\\\/schema\\\/logo\\\/image\\\/\",\"url\":\"https:\\\/\\\/nature-et-developpement.com\\\/futureco\\\/wp-content\\\/uploads\\\/sites\\\/16\\\/2021\\\/09\\\/logo-futur-eco-materiaux.jpg\",\"contentUrl\":\"https:\\\/\\\/nature-et-developpement.com\\\/futureco\\\/wp-content\\\/uploads\\\/sites\\\/16\\\/2021\\\/09\\\/logo-futur-eco-materiaux.jpg\",\"width\":500,\"height\":94,\"caption\":\"Futur Eco Materiaux\"},\"image\":{\"@id\":\"https:\\\/\\\/nature-et-developpement.com\\\/futureco\\\/#\\\/schema\\\/logo\\\/image\\\/\"}}]}<\/script>\n<!-- \/ Yoast SEO plugin. -->","yoast_head_json":{"title":"Escalier bois escamotable avec isolation thermique LWK Konfort FAKRO","description":"L\u2019escalier escamotable LWK Komfort garantit le plus haut confort d\u2019utilisation, une tr\u00e8s bonne performance thermo-isolante et permet une installation encore plus facile et plus rapide de l\u2019escalier dans le plafond.","robots":{"index":"noindex","follow":"nofollow"},"og_locale":"fr_FR","og_type":"article","og_title":"Escalier bois escamotable avec isolation thermique LWK Konfort FAKRO","og_description":"L\u2019escalier escamotable LWK Komfort garantit le plus haut confort d\u2019utilisation, une tr\u00e8s bonne performance thermo-isolante et permet une installation encore plus facile et plus rapide de l\u2019escalier dans le plafond.","og_url":"https:\/\/nature-et-developpement.com\/futureco\/produit\/escalier-bois-escamotable-avec-isolation-thermique-lwk-konfort-fakro\/","og_site_name":"Futur&#039;Eco Mat\u00e9riaux","article_modified_time":"2025-11-07T04:17:25+00:00","twitter_card":"summary_large_image","twitter_misc":{"Dur\u00e9e de lecture estim\u00e9e":"1 minute"},"schema":{"@context":"https:\/\/schema.org","@graph":[{"@type":"WebPage","@id":"https:\/\/nature-et-developpement.com\/futureco\/produit\/escalier-bois-escamotable-avec-isolation-thermique-lwk-konfort-fakro\/","url":"https:\/\/nature-et-developpement.com\/futureco\/produit\/escalier-bois-escamotable-avec-isolation-thermique-lwk-konfort-fakro\/","name":"Escalier bois escamotable avec isolation thermique LWK Konfort FAKRO","isPartOf":{"@id":"https:\/\/nature-et-developpement.com\/futureco\/#website"},"primaryImageOfPage":{"@id":"https:\/\/nature-et-developpement.com\/futureco\/produit\/escalier-bois-escamotable-avec-isolation-thermique-lwk-konfort-fakro\/#primaryimage"},"image":{"@id":"https:\/\/nature-et-developpement.com\/futureco\/produit\/escalier-bois-escamotable-avec-isolation-thermique-lwk-konfort-fakro\/#primaryimage"},"thumbnailUrl":"https:\/\/nature-et-developpement.com\/futureco\/wp-content\/uploads\/Escalier-escamotable-avec-isolation-thermique-LWK-Konfort-FAKRO.jpg","datePublished":"2025-11-06T09:51:14+00:00","dateModified":"2025-11-07T04:17:25+00:00","description":"L\u2019escalier escamotable LWK Komfort garantit le plus haut confort d\u2019utilisation, une tr\u00e8s bonne performance thermo-isolante et permet une installation encore plus facile et plus rapide de l\u2019escalier dans le plafond.","breadcrumb":{"@id":"https:\/\/nature-et-developpement.com\/futureco\/produit\/escalier-bois-escamotable-avec-isolation-thermique-lwk-konfort-fakro\/#breadcrumb"},"inLanguage":"fr-FR","potentialAction":[{"@type":"ReadAction","target":["https:\/\/nature-et-developpement.com\/futureco\/produit\/escalier-bois-escamotable-avec-isolation-thermique-lwk-konfort-fakro\/"]}]},{"@type":"ImageObject","inLanguage":"fr-FR","@id":"https:\/\/nature-et-developpement.com\/futureco\/produit\/escalier-bois-escamotable-avec-isolation-thermique-lwk-konfort-fakro\/#primaryimage","url":"https:\/\/nature-et-developpement.com\/futureco\/wp-content\/uploads\/Escalier-escamotable-avec-isolation-thermique-LWK-Konfort-FAKRO.jpg","contentUrl":"https:\/\/nature-et-developpement.com\/futureco\/wp-content\/uploads\/Escalier-escamotable-avec-isolation-thermique-LWK-Konfort-FAKRO.jpg"},{"@type":"BreadcrumbList","@id":"https:\/\/nature-et-developpement.com\/futureco\/produit\/escalier-bois-escamotable-avec-isolation-thermique-lwk-konfort-fakro\/#breadcrumb","itemListElement":[{"@type":"ListItem","position":1,"name":"Accueil","item":"https:\/\/nature-et-developpement.com\/futureco\/"},{"@type":"ListItem","position":2,"name":"Produits","item":"https:\/\/nature-et-developpement.com\/futureco\/shop\/"},{"@type":"ListItem","position":3,"name":"Agencement int\u00e9rieur","item":"https:\/\/nature-et-developpement.com\/futureco\/produits\/agencement-interieur\/"},{"@type":"ListItem","position":4,"name":"Escalier et porte","item":"https:\/\/nature-et-developpement.com\/futureco\/produits\/agencement-interieur\/escalier-et-porte\/"},{"@type":"ListItem","position":5,"name":"Escalier bois escamotable avec isolation thermique LWK Konfort FAKRO"}]},{"@type":"WebSite","@id":"https:\/\/nature-et-developpement.com\/futureco\/#website","url":"https:\/\/nature-et-developpement.com\/futureco\/","name":"Futur&#039;Eco Mat\u00e9riaux","description":"Futur Eco Mat\u00e9riaux est membre du groupement Nature &amp; D\u00e9veloppement","publisher":{"@id":"https:\/\/nature-et-developpement.com\/futureco\/#organization"},"potentialAction":[{"@type":"SearchAction","target":{"@type":"EntryPoint","urlTemplate":"https:\/\/nature-et-developpement.com\/futureco\/?s={search_term_string}"},"query-input":{"@type":"PropertyValueSpecification","valueRequired":true,"valueName":"search_term_string"}}],"inLanguage":"fr-FR"},{"@type":"Organization","@id":"https:\/\/nature-et-developpement.com\/futureco\/#organization","name":"Futur Eco Materiaux","url":"https:\/\/nature-et-developpement.com\/futureco\/","logo":{"@type":"ImageObject","inLanguage":"fr-FR","@id":"https:\/\/nature-et-developpement.com\/futureco\/#\/schema\/logo\/image\/","url":"https:\/\/nature-et-developpement.com\/futureco\/wp-content\/uploads\/sites\/16\/2021\/09\/logo-futur-eco-materiaux.jpg","contentUrl":"https:\/\/nature-et-developpement.com\/futureco\/wp-content\/uploads\/sites\/16\/2021\/09\/logo-futur-eco-materiaux.jpg","width":500,"height":94,"caption":"Futur Eco Materiaux"},"image":{"@id":"https:\/\/nature-et-developpement.com\/futureco\/#\/schema\/logo\/image\/"}}]}},"distributor_meta":false,"distributor_terms":false,"distributor_media":false,"distributor_original_site_name":"Futur&#039;Eco Mat\u00e9riaux","distributor_original_site_url":"https:\/\/nature-et-developpement.com\/futureco","push-errors":false,"_links":{"self":[{"href":"https:\/\/nature-et-developpement.com\/futureco\/wp-json\/wp\/v2\/product\/27444","targetHints":{"allow":["GET"]}}],"collection":[{"href":"https:\/\/nature-et-developpement.com\/futureco\/wp-json\/wp\/v2\/product"}],"about":[{"href":"https:\/\/nature-et-developpement.com\/futureco\/wp-json\/wp\/v2\/types\/product"}],"wp:featuredmedia":[{"embeddable":true,"href":"https:\/\/nature-et-developpement.com\/futureco\/wp-json\/"}],"wp:attachment":[{"href":"https:\/\/nature-et-developpement.com\/futureco\/wp-json\/wp\/v2\/media?parent=27444"}],"wp:term":[{"taxonomy":"product_brand","embeddable":true,"href":"https:\/\/nature-et-developpement.com\/futureco\/wp-json\/wp\/v2\/product_brand?post=27444"},{"taxonomy":"product_cat","embeddable":true,"href":"https:\/\/nature-et-developpement.com\/futureco\/wp-json\/wp\/v2\/product_cat?post=27444"},{"taxonomy":"product_tag","embeddable":true,"href":"https:\/\/nature-et-developpement.com\/futureco\/wp-json\/wp\/v2\/product_tag?post=27444"}],"curies":[{"name":"wp","href":"https:\/\/api.w.org\/{rel}","templated":true}]}}