{"id":33116,"date":"2024-01-23T09:53:54","date_gmt":"2024-01-23T08:53:54","guid":{"rendered":"https:\/\/nature-et-developpement.com\/futureco\/produit\/panneau-isolant-sol-et-mur-a-bords-droits-thermosafe-wd-gutex\/"},"modified":"2025-12-11T05:40:15","modified_gmt":"2025-12-11T04:40:15","slug":"panneau-isolant-sol-et-mur-a-bords-droits-thermosafe-wd-gutex","status":"publish","type":"product","link":"https:\/\/nature-et-developpement.com\/futureco\/produit\/panneau-isolant-sol-et-mur-a-bords-droits-thermosafe-wd-gutex\/","title":{"rendered":"Panneau isolant sol et mur \u00e0 bords droits Thermosafe-wd Gutex"},"content":{"rendered":"<h2>GUTEX Thermosafe-wd\u00ae<\/h2>\n<ul>\n<li>Isolation sous chapes et rev\u00eatements de sol<\/li>\n<li>Isolation sur toiture et entre chevrons<\/li>\n<li>Isolation int\u00e9rieure plafond, mur, sol ou toit<\/li>\n<li>Isolation de constructions \u00e0 cadre de bois et panneau en bois<\/li>\n<li>Isolation du plafond de l&rsquo;\u00e9tage sup\u00e9rieur<\/li>\n<li>selon la norme DIN 4108-10 : DAD-dm, DEO-dm<\/li>\n<\/ul>\n<h3>Veuillez tenir compte des remarques suivantes:<\/h3>\n<div class=\"row\">\n<div class=\"column medium-up-column-count-2\">\n<div class=\"instruction\">\n<h5>CONSEILS POUR LA POSE:<\/h5>\n<div>\n<ul>\n<li>Stocker et mettre en \u0153uvre les panneaux dans un endroit sec<\/li>\n<li>Cr\u00e9er une base s\u00e8che, plane et techniquement irr\u00e9prochable<\/li>\n<li>Si n\u00e9cessaire, int\u00e9grer une barri\u00e8re contre l&rsquo;humidit\u00e9 (DIN 18195)<\/li>\n<li>En cas de plusieurs couches, poser en d\u00e9calant les joints<\/li>\n<li>\u00c9viter les joints crois\u00e9s<\/li>\n<li>Effectuer la d\u00e9coupe avec un couteau \u00e0 tailler GUTEX pour les scies \u00e0 guichet, une scie circulaire \u00e0 main ou des scies sp\u00e9ciales pour isolants (par ex. une scie \u00e0 cha\u00eene FESTOOL), tenir compte de l&rsquo;aspiration<\/li>\n<li>Aspiration de la poussi\u00e8re conform\u00e9ment aux instructions de la caisse de pr\u00e9voyance contre les accidents du travail, respecter les dispositions du label TR GS 553<\/li>\n<li>Disposer des bandes marginales \u00e0 la hauteur de toute la structure<\/li>\n<li>Poser les panneaux \u00e0 joints d\u00e9cal\u00e9s Le bout restant d&rsquo;une rang\u00e9e pos\u00e9e se retrouve au d\u00e9but de la rang\u00e9e suivante (voir sch\u00e9ma de pose).<\/li>\n<li>Dans le cas de chapes humides : Disposer un film de protection contre l&rsquo;humidit\u00e9 sur les panneaux pos\u00e9s<\/li>\n<\/ul>\n<\/div>\n<\/div>\n<\/div>\n<\/div>\n","protected":false},"excerpt":{"rendered":"<p><strong>GUTEX Thermosafe-wg\u00a0<\/strong>est un panneau isolant r\u00e9sistant \u00e0 la pression pour structures de sols et murales, avec un stockage de la chaleur, ce qui en fait un bonne protection contre la chaleur en \u00e9t\u00e9 et contre le froid en hiver.<\/p>\n","protected":false},"featured_media":1000000174145,"template":"","meta":[],"product_brand":[2754],"product_cat":[2833,4145,4146,18],"product_tag":[4186],"class_list":{"0":"post-33116","1":"product","2":"type-product","3":"status-publish","4":"has-post-thumbnail","6":"product_brand-gutex","7":"product_cat-demande-de-devis-uniquement-sans-prix","8":"product_cat-isolation-interieure","9":"product_cat-isolation-phonique","10":"product_cat-sous-couche-parquet","11":"product_tag-gutex","13":"first","14":"instock","15":"taxable","16":"shipping-taxable","17":"purchasable","18":"product-type-variable"},"yoast_head":"<!-- This site is optimized with the Yoast SEO plugin v27.5 - https:\/\/yoast.com\/product\/yoast-seo-wordpress\/ -->\n<title>Panneau isolant sol et mur \u00e0 bords droits Thermosafe-wd Gutex<\/title>\n<meta name=\"description\" content=\"R\u00e9sistant \u00e0 la pression pour structures de sols et murales, stockage de la chaleur, bonne protection contre la chaleur en \u00e9t\u00e9 et contre le froid en hiver.\" \/>\n<meta name=\"robots\" content=\"noindex, follow\" \/>\n<meta property=\"og:locale\" content=\"fr_FR\" \/>\n<meta property=\"og:type\" content=\"article\" \/>\n<meta property=\"og:title\" content=\"Panneau isolant sol et mur \u00e0 bords droits Thermosafe-wd Gutex\" \/>\n<meta property=\"og:description\" content=\"R\u00e9sistant \u00e0 la pression pour structures de sols et murales, stockage de la chaleur, bonne protection contre la chaleur en \u00e9t\u00e9 et contre le froid en hiver.\" \/>\n<meta property=\"og:url\" content=\"https:\/\/nature-et-developpement.com\/futureco\/produit\/panneau-isolant-sol-et-mur-a-bords-droits-thermosafe-wd-gutex\/\" \/>\n<meta property=\"og:site_name\" content=\"Futur&#039;Eco Mat\u00e9riaux\" \/>\n<meta property=\"article:modified_time\" content=\"2025-12-11T04:40:15+00:00\" \/>\n<meta name=\"twitter:card\" content=\"summary_large_image\" \/>\n<meta name=\"twitter:label1\" content=\"Dur\u00e9e de lecture estim\u00e9e\" \/>\n\t<meta name=\"twitter:data1\" content=\"2 minutes\" \/>\n<script type=\"application\/ld+json\" class=\"yoast-schema-graph\">{\"@context\":\"https:\\\/\\\/schema.org\",\"@graph\":[{\"@type\":\"WebPage\",\"@id\":\"https:\\\/\\\/nature-et-developpement.com\\\/futureco\\\/produit\\\/panneau-isolant-sol-et-mur-a-bords-droits-thermosafe-wd-gutex\\\/\",\"url\":\"https:\\\/\\\/nature-et-developpement.com\\\/futureco\\\/produit\\\/panneau-isolant-sol-et-mur-a-bords-droits-thermosafe-wd-gutex\\\/\",\"name\":\"Panneau isolant sol et mur \u00e0 bords droits Thermosafe-wd Gutex\",\"isPartOf\":{\"@id\":\"https:\\\/\\\/nature-et-developpement.com\\\/futureco\\\/#website\"},\"primaryImageOfPage\":{\"@id\":\"https:\\\/\\\/nature-et-developpement.com\\\/futureco\\\/produit\\\/panneau-isolant-sol-et-mur-a-bords-droits-thermosafe-wd-gutex\\\/#primaryimage\"},\"image\":{\"@id\":\"https:\\\/\\\/nature-et-developpement.com\\\/futureco\\\/produit\\\/panneau-isolant-sol-et-mur-a-bords-droits-thermosafe-wd-gutex\\\/#primaryimage\"},\"thumbnailUrl\":\"https:\\\/\\\/nature-et-developpement.com\\\/futureco\\\/wp-content\\\/uploads\\\/Panneau-isolant-sol-et-mur-a-bords-droits-Thermosafe-wd-Gutex.jpg\",\"datePublished\":\"2024-01-23T08:53:54+00:00\",\"dateModified\":\"2025-12-11T04:40:15+00:00\",\"description\":\"R\u00e9sistant \u00e0 la pression pour structures de sols et murales, stockage de la chaleur, bonne protection contre la chaleur en \u00e9t\u00e9 et contre le froid en hiver.\",\"breadcrumb\":{\"@id\":\"https:\\\/\\\/nature-et-developpement.com\\\/futureco\\\/produit\\\/panneau-isolant-sol-et-mur-a-bords-droits-thermosafe-wd-gutex\\\/#breadcrumb\"},\"inLanguage\":\"fr-FR\",\"potentialAction\":[{\"@type\":\"ReadAction\",\"target\":[\"https:\\\/\\\/nature-et-developpement.com\\\/futureco\\\/produit\\\/panneau-isolant-sol-et-mur-a-bords-droits-thermosafe-wd-gutex\\\/\"]}]},{\"@type\":\"ImageObject\",\"inLanguage\":\"fr-FR\",\"@id\":\"https:\\\/\\\/nature-et-developpement.com\\\/futureco\\\/produit\\\/panneau-isolant-sol-et-mur-a-bords-droits-thermosafe-wd-gutex\\\/#primaryimage\",\"url\":\"https:\\\/\\\/nature-et-developpement.com\\\/futureco\\\/wp-content\\\/uploads\\\/Panneau-isolant-sol-et-mur-a-bords-droits-Thermosafe-wd-Gutex.jpg\",\"contentUrl\":\"https:\\\/\\\/nature-et-developpement.com\\\/futureco\\\/wp-content\\\/uploads\\\/Panneau-isolant-sol-et-mur-a-bords-droits-Thermosafe-wd-Gutex.jpg\"},{\"@type\":\"BreadcrumbList\",\"@id\":\"https:\\\/\\\/nature-et-developpement.com\\\/futureco\\\/produit\\\/panneau-isolant-sol-et-mur-a-bords-droits-thermosafe-wd-gutex\\\/#breadcrumb\",\"itemListElement\":[{\"@type\":\"ListItem\",\"position\":1,\"name\":\"Accueil\",\"item\":\"https:\\\/\\\/nature-et-developpement.com\\\/futureco\\\/\"},{\"@type\":\"ListItem\",\"position\":2,\"name\":\"Produits\",\"item\":\"https:\\\/\\\/nature-et-developpement.com\\\/futureco\\\/shop\\\/\"},{\"@type\":\"ListItem\",\"position\":3,\"name\":\"Isolation et \u00e9tanch\u00e9it\u00e9\",\"item\":\"https:\\\/\\\/nature-et-developpement.com\\\/futureco\\\/produits\\\/isolation-et-etancheite\\\/\"},{\"@type\":\"ListItem\",\"position\":4,\"name\":\"Isolation int\u00e9rieure\",\"item\":\"https:\\\/\\\/nature-et-developpement.com\\\/futureco\\\/produits\\\/isolation-et-etancheite\\\/isolation-interieure\\\/\"},{\"@type\":\"ListItem\",\"position\":5,\"name\":\"Panneau isolant sol et mur \u00e0 bords droits Thermosafe-wd Gutex\"}]},{\"@type\":\"WebSite\",\"@id\":\"https:\\\/\\\/nature-et-developpement.com\\\/futureco\\\/#website\",\"url\":\"https:\\\/\\\/nature-et-developpement.com\\\/futureco\\\/\",\"name\":\"Futur&#039;Eco Mat\u00e9riaux\",\"description\":\"Futur Eco Mat\u00e9riaux est membre du groupement Nature &amp; D\u00e9veloppement\",\"publisher\":{\"@id\":\"https:\\\/\\\/nature-et-developpement.com\\\/futureco\\\/#organization\"},\"potentialAction\":[{\"@type\":\"SearchAction\",\"target\":{\"@type\":\"EntryPoint\",\"urlTemplate\":\"https:\\\/\\\/nature-et-developpement.com\\\/futureco\\\/?s={search_term_string}\"},\"query-input\":{\"@type\":\"PropertyValueSpecification\",\"valueRequired\":true,\"valueName\":\"search_term_string\"}}],\"inLanguage\":\"fr-FR\"},{\"@type\":\"Organization\",\"@id\":\"https:\\\/\\\/nature-et-developpement.com\\\/futureco\\\/#organization\",\"name\":\"Futur Eco Materiaux\",\"url\":\"https:\\\/\\\/nature-et-developpement.com\\\/futureco\\\/\",\"logo\":{\"@type\":\"ImageObject\",\"inLanguage\":\"fr-FR\",\"@id\":\"https:\\\/\\\/nature-et-developpement.com\\\/futureco\\\/#\\\/schema\\\/logo\\\/image\\\/\",\"url\":\"https:\\\/\\\/nature-et-developpement.com\\\/futureco\\\/wp-content\\\/uploads\\\/sites\\\/16\\\/2021\\\/09\\\/logo-futur-eco-materiaux.jpg\",\"contentUrl\":\"https:\\\/\\\/nature-et-developpement.com\\\/futureco\\\/wp-content\\\/uploads\\\/sites\\\/16\\\/2021\\\/09\\\/logo-futur-eco-materiaux.jpg\",\"width\":500,\"height\":94,\"caption\":\"Futur Eco Materiaux\"},\"image\":{\"@id\":\"https:\\\/\\\/nature-et-developpement.com\\\/futureco\\\/#\\\/schema\\\/logo\\\/image\\\/\"}}]}<\/script>\n<!-- \/ Yoast SEO plugin. -->","yoast_head_json":{"title":"Panneau isolant sol et mur \u00e0 bords droits Thermosafe-wd Gutex","description":"R\u00e9sistant \u00e0 la pression pour structures de sols et murales, stockage de la chaleur, bonne protection contre la chaleur en \u00e9t\u00e9 et contre le froid en hiver.","robots":{"index":"noindex","follow":"follow"},"og_locale":"fr_FR","og_type":"article","og_title":"Panneau isolant sol et mur \u00e0 bords droits Thermosafe-wd Gutex","og_description":"R\u00e9sistant \u00e0 la pression pour structures de sols et murales, stockage de la chaleur, bonne protection contre la chaleur en \u00e9t\u00e9 et contre le froid en hiver.","og_url":"https:\/\/nature-et-developpement.com\/futureco\/produit\/panneau-isolant-sol-et-mur-a-bords-droits-thermosafe-wd-gutex\/","og_site_name":"Futur&#039;Eco Mat\u00e9riaux","article_modified_time":"2025-12-11T04:40:15+00:00","twitter_card":"summary_large_image","twitter_misc":{"Dur\u00e9e de lecture estim\u00e9e":"2 minutes"},"schema":{"@context":"https:\/\/schema.org","@graph":[{"@type":"WebPage","@id":"https:\/\/nature-et-developpement.com\/futureco\/produit\/panneau-isolant-sol-et-mur-a-bords-droits-thermosafe-wd-gutex\/","url":"https:\/\/nature-et-developpement.com\/futureco\/produit\/panneau-isolant-sol-et-mur-a-bords-droits-thermosafe-wd-gutex\/","name":"Panneau isolant sol et mur \u00e0 bords droits Thermosafe-wd Gutex","isPartOf":{"@id":"https:\/\/nature-et-developpement.com\/futureco\/#website"},"primaryImageOfPage":{"@id":"https:\/\/nature-et-developpement.com\/futureco\/produit\/panneau-isolant-sol-et-mur-a-bords-droits-thermosafe-wd-gutex\/#primaryimage"},"image":{"@id":"https:\/\/nature-et-developpement.com\/futureco\/produit\/panneau-isolant-sol-et-mur-a-bords-droits-thermosafe-wd-gutex\/#primaryimage"},"thumbnailUrl":"https:\/\/nature-et-developpement.com\/futureco\/wp-content\/uploads\/Panneau-isolant-sol-et-mur-a-bords-droits-Thermosafe-wd-Gutex.jpg","datePublished":"2024-01-23T08:53:54+00:00","dateModified":"2025-12-11T04:40:15+00:00","description":"R\u00e9sistant \u00e0 la pression pour structures de sols et murales, stockage de la chaleur, bonne protection contre la chaleur en \u00e9t\u00e9 et contre le froid en hiver.","breadcrumb":{"@id":"https:\/\/nature-et-developpement.com\/futureco\/produit\/panneau-isolant-sol-et-mur-a-bords-droits-thermosafe-wd-gutex\/#breadcrumb"},"inLanguage":"fr-FR","potentialAction":[{"@type":"ReadAction","target":["https:\/\/nature-et-developpement.com\/futureco\/produit\/panneau-isolant-sol-et-mur-a-bords-droits-thermosafe-wd-gutex\/"]}]},{"@type":"ImageObject","inLanguage":"fr-FR","@id":"https:\/\/nature-et-developpement.com\/futureco\/produit\/panneau-isolant-sol-et-mur-a-bords-droits-thermosafe-wd-gutex\/#primaryimage","url":"https:\/\/nature-et-developpement.com\/futureco\/wp-content\/uploads\/Panneau-isolant-sol-et-mur-a-bords-droits-Thermosafe-wd-Gutex.jpg","contentUrl":"https:\/\/nature-et-developpement.com\/futureco\/wp-content\/uploads\/Panneau-isolant-sol-et-mur-a-bords-droits-Thermosafe-wd-Gutex.jpg"},{"@type":"BreadcrumbList","@id":"https:\/\/nature-et-developpement.com\/futureco\/produit\/panneau-isolant-sol-et-mur-a-bords-droits-thermosafe-wd-gutex\/#breadcrumb","itemListElement":[{"@type":"ListItem","position":1,"name":"Accueil","item":"https:\/\/nature-et-developpement.com\/futureco\/"},{"@type":"ListItem","position":2,"name":"Produits","item":"https:\/\/nature-et-developpement.com\/futureco\/shop\/"},{"@type":"ListItem","position":3,"name":"Isolation et \u00e9tanch\u00e9it\u00e9","item":"https:\/\/nature-et-developpement.com\/futureco\/produits\/isolation-et-etancheite\/"},{"@type":"ListItem","position":4,"name":"Isolation int\u00e9rieure","item":"https:\/\/nature-et-developpement.com\/futureco\/produits\/isolation-et-etancheite\/isolation-interieure\/"},{"@type":"ListItem","position":5,"name":"Panneau isolant sol et mur \u00e0 bords droits Thermosafe-wd Gutex"}]},{"@type":"WebSite","@id":"https:\/\/nature-et-developpement.com\/futureco\/#website","url":"https:\/\/nature-et-developpement.com\/futureco\/","name":"Futur&#039;Eco Mat\u00e9riaux","description":"Futur Eco Mat\u00e9riaux est membre du groupement Nature &amp; D\u00e9veloppement","publisher":{"@id":"https:\/\/nature-et-developpement.com\/futureco\/#organization"},"potentialAction":[{"@type":"SearchAction","target":{"@type":"EntryPoint","urlTemplate":"https:\/\/nature-et-developpement.com\/futureco\/?s={search_term_string}"},"query-input":{"@type":"PropertyValueSpecification","valueRequired":true,"valueName":"search_term_string"}}],"inLanguage":"fr-FR"},{"@type":"Organization","@id":"https:\/\/nature-et-developpement.com\/futureco\/#organization","name":"Futur Eco Materiaux","url":"https:\/\/nature-et-developpement.com\/futureco\/","logo":{"@type":"ImageObject","inLanguage":"fr-FR","@id":"https:\/\/nature-et-developpement.com\/futureco\/#\/schema\/logo\/image\/","url":"https:\/\/nature-et-developpement.com\/futureco\/wp-content\/uploads\/sites\/16\/2021\/09\/logo-futur-eco-materiaux.jpg","contentUrl":"https:\/\/nature-et-developpement.com\/futureco\/wp-content\/uploads\/sites\/16\/2021\/09\/logo-futur-eco-materiaux.jpg","width":500,"height":94,"caption":"Futur Eco Materiaux"},"image":{"@id":"https:\/\/nature-et-developpement.com\/futureco\/#\/schema\/logo\/image\/"}}]}},"distributor_meta":false,"distributor_terms":false,"distributor_media":false,"distributor_original_site_name":"Futur&#039;Eco Mat\u00e9riaux","distributor_original_site_url":"https:\/\/nature-et-developpement.com\/futureco","push-errors":false,"_links":{"self":[{"href":"https:\/\/nature-et-developpement.com\/futureco\/wp-json\/wp\/v2\/product\/33116","targetHints":{"allow":["GET"]}}],"collection":[{"href":"https:\/\/nature-et-developpement.com\/futureco\/wp-json\/wp\/v2\/product"}],"about":[{"href":"https:\/\/nature-et-developpement.com\/futureco\/wp-json\/wp\/v2\/types\/product"}],"wp:featuredmedia":[{"embeddable":true,"href":"https:\/\/nature-et-developpement.com\/futureco\/wp-json\/"}],"wp:attachment":[{"href":"https:\/\/nature-et-developpement.com\/futureco\/wp-json\/wp\/v2\/media?parent=33116"}],"wp:term":[{"taxonomy":"product_brand","embeddable":true,"href":"https:\/\/nature-et-developpement.com\/futureco\/wp-json\/wp\/v2\/product_brand?post=33116"},{"taxonomy":"product_cat","embeddable":true,"href":"https:\/\/nature-et-developpement.com\/futureco\/wp-json\/wp\/v2\/product_cat?post=33116"},{"taxonomy":"product_tag","embeddable":true,"href":"https:\/\/nature-et-developpement.com\/futureco\/wp-json\/wp\/v2\/product_tag?post=33116"}],"curies":[{"name":"wp","href":"https:\/\/api.w.org\/{rel}","templated":true}]}}