{"id":33479,"date":"2024-03-22T09:01:46","date_gmt":"2024-03-22T08:01:46","guid":{"rendered":"https:\/\/nature-et-developpement.com\/futureco\/produit\/caisson-de-distribution-dair-silencieux-isole-comfowell-therm-420-dn160\/"},"modified":"2026-01-20T14:16:13","modified_gmt":"2026-01-20T13:16:13","slug":"caisson-de-distribution-dair-silencieux-isole-comfowell-therm-420-dn160-zehnder","status":"publish","type":"product","link":"https:\/\/nature-et-developpement.com\/futureco\/produit\/caisson-de-distribution-dair-silencieux-isole-comfowell-therm-420-dn160-zehnder\/","title":{"rendered":"Caisson de distribution d&rsquo;air silencieux isol\u00e9 ComfoWell Therm 420 DN160 Zehnder"},"content":{"rendered":"","protected":false},"excerpt":{"rendered":"<p>Silencieux isol\u00e9 D160 comprenant une plaque d\u2019extr\u00e9mit\u00e9, avec 2 trous d\u2019inspection. Dimensions L500 x l420 x H230 mm.<br \/>\nGarantie 2 ans<\/p>\n","protected":false},"featured_media":1000000175032,"template":"","meta":[],"product_brand":[2780],"product_cat":[2471,2816],"product_tag":[],"class_list":{"0":"post-33479","1":"product","2":"type-product","3":"status-publish","4":"has-post-thumbnail","6":"product_brand-zehnder","7":"product_cat-accessoires","8":"product_cat-demande-de-devis-uniquement-avec-prix","9":"product_shipping_class-petit-equipement-outil-eclairage","11":"first","12":"instock","13":"taxable","14":"shipping-taxable","15":"purchasable","16":"product-type-simple"},"yoast_head":"<!-- This site is optimized with the Yoast SEO plugin v27.5 - https:\/\/yoast.com\/product\/yoast-seo-wordpress\/ -->\n<title>Caisson de distribution d&#039;air silencieux isol\u00e9 ComfoWell Therm 420 DN160 Zehnder<\/title>\n<meta name=\"description\" content=\"Silencieux isol\u00e9 D160 comprenant une plaque d\u2019extr\u00e9mit\u00e9, avec 2 trous d\u2019inspection. Dimensions L500 x l420 x H230 mm. Garantie 2 ans\" \/>\n<meta name=\"robots\" content=\"noindex, nofollow\" \/>\n<meta property=\"og:locale\" content=\"fr_FR\" \/>\n<meta property=\"og:type\" content=\"article\" \/>\n<meta property=\"og:title\" content=\"Caisson de distribution d&#039;air silencieux isol\u00e9 ComfoWell Therm 420 DN160 Zehnder\" \/>\n<meta property=\"og:description\" content=\"Silencieux isol\u00e9 D160 comprenant une plaque d\u2019extr\u00e9mit\u00e9, avec 2 trous d\u2019inspection. Dimensions L500 x l420 x H230 mm. Garantie 2 ans\" \/>\n<meta property=\"og:url\" content=\"https:\/\/nature-et-developpement.com\/futureco\/produit\/caisson-de-distribution-dair-silencieux-isole-comfowell-therm-420-dn160-zehnder\/\" \/>\n<meta property=\"og:site_name\" content=\"Futur&#039;Eco Mat\u00e9riaux\" \/>\n<meta property=\"article:modified_time\" content=\"2026-01-20T13:16:13+00:00\" \/>\n<meta name=\"twitter:card\" content=\"summary_large_image\" \/>\n<script type=\"application\/ld+json\" class=\"yoast-schema-graph\">{\"@context\":\"https:\\\/\\\/schema.org\",\"@graph\":[{\"@type\":\"WebPage\",\"@id\":\"https:\\\/\\\/nature-et-developpement.com\\\/futureco\\\/produit\\\/caisson-de-distribution-dair-silencieux-isole-comfowell-therm-420-dn160-zehnder\\\/\",\"url\":\"https:\\\/\\\/nature-et-developpement.com\\\/futureco\\\/produit\\\/caisson-de-distribution-dair-silencieux-isole-comfowell-therm-420-dn160-zehnder\\\/\",\"name\":\"Caisson de distribution d'air silencieux isol\u00e9 ComfoWell Therm 420 DN160 Zehnder\",\"isPartOf\":{\"@id\":\"https:\\\/\\\/nature-et-developpement.com\\\/futureco\\\/#website\"},\"primaryImageOfPage\":{\"@id\":\"https:\\\/\\\/nature-et-developpement.com\\\/futureco\\\/produit\\\/caisson-de-distribution-dair-silencieux-isole-comfowell-therm-420-dn160-zehnder\\\/#primaryimage\"},\"image\":{\"@id\":\"https:\\\/\\\/nature-et-developpement.com\\\/futureco\\\/produit\\\/caisson-de-distribution-dair-silencieux-isole-comfowell-therm-420-dn160-zehnder\\\/#primaryimage\"},\"thumbnailUrl\":\"https:\\\/\\\/nature-et-developpement.com\\\/futureco\\\/wp-content\\\/uploads\\\/ComfoWell-Therm-Silencieux-420-plaque-dextremite-DN160-ref-990430867.jpg\",\"datePublished\":\"2024-03-22T08:01:46+00:00\",\"dateModified\":\"2026-01-20T13:16:13+00:00\",\"description\":\"Silencieux isol\u00e9 D160 comprenant une plaque d\u2019extr\u00e9mit\u00e9, avec 2 trous d\u2019inspection. Dimensions L500 x l420 x H230 mm. Garantie 2 ans\",\"breadcrumb\":{\"@id\":\"https:\\\/\\\/nature-et-developpement.com\\\/futureco\\\/produit\\\/caisson-de-distribution-dair-silencieux-isole-comfowell-therm-420-dn160-zehnder\\\/#breadcrumb\"},\"inLanguage\":\"fr-FR\",\"potentialAction\":[{\"@type\":\"ReadAction\",\"target\":[\"https:\\\/\\\/nature-et-developpement.com\\\/futureco\\\/produit\\\/caisson-de-distribution-dair-silencieux-isole-comfowell-therm-420-dn160-zehnder\\\/\"]}]},{\"@type\":\"ImageObject\",\"inLanguage\":\"fr-FR\",\"@id\":\"https:\\\/\\\/nature-et-developpement.com\\\/futureco\\\/produit\\\/caisson-de-distribution-dair-silencieux-isole-comfowell-therm-420-dn160-zehnder\\\/#primaryimage\",\"url\":\"https:\\\/\\\/nature-et-developpement.com\\\/futureco\\\/wp-content\\\/uploads\\\/ComfoWell-Therm-Silencieux-420-plaque-dextremite-DN160-ref-990430867.jpg\",\"contentUrl\":\"https:\\\/\\\/nature-et-developpement.com\\\/futureco\\\/wp-content\\\/uploads\\\/ComfoWell-Therm-Silencieux-420-plaque-dextremite-DN160-ref-990430867.jpg\"},{\"@type\":\"BreadcrumbList\",\"@id\":\"https:\\\/\\\/nature-et-developpement.com\\\/futureco\\\/produit\\\/caisson-de-distribution-dair-silencieux-isole-comfowell-therm-420-dn160-zehnder\\\/#breadcrumb\",\"itemListElement\":[{\"@type\":\"ListItem\",\"position\":1,\"name\":\"Accueil\",\"item\":\"https:\\\/\\\/nature-et-developpement.com\\\/futureco\\\/\"},{\"@type\":\"ListItem\",\"position\":2,\"name\":\"Produits\",\"item\":\"https:\\\/\\\/nature-et-developpement.com\\\/futureco\\\/shop\\\/\"},{\"@type\":\"ListItem\",\"position\":3,\"name\":\"Chauffage, eau et \u00e9nergie\",\"item\":\"https:\\\/\\\/nature-et-developpement.com\\\/futureco\\\/produits\\\/energie-et-ventilation\\\/\"},{\"@type\":\"ListItem\",\"position\":4,\"name\":\"Accessoires\",\"item\":\"https:\\\/\\\/nature-et-developpement.com\\\/futureco\\\/produits\\\/energie-et-ventilation\\\/accessoires\\\/\"},{\"@type\":\"ListItem\",\"position\":5,\"name\":\"Caisson de distribution d&rsquo;air silencieux isol\u00e9 ComfoWell Therm 420 DN160 Zehnder\"}]},{\"@type\":\"WebSite\",\"@id\":\"https:\\\/\\\/nature-et-developpement.com\\\/futureco\\\/#website\",\"url\":\"https:\\\/\\\/nature-et-developpement.com\\\/futureco\\\/\",\"name\":\"Futur&#039;Eco Mat\u00e9riaux\",\"description\":\"Futur Eco Mat\u00e9riaux est membre du groupement Nature &amp; D\u00e9veloppement\",\"publisher\":{\"@id\":\"https:\\\/\\\/nature-et-developpement.com\\\/futureco\\\/#organization\"},\"potentialAction\":[{\"@type\":\"SearchAction\",\"target\":{\"@type\":\"EntryPoint\",\"urlTemplate\":\"https:\\\/\\\/nature-et-developpement.com\\\/futureco\\\/?s={search_term_string}\"},\"query-input\":{\"@type\":\"PropertyValueSpecification\",\"valueRequired\":true,\"valueName\":\"search_term_string\"}}],\"inLanguage\":\"fr-FR\"},{\"@type\":\"Organization\",\"@id\":\"https:\\\/\\\/nature-et-developpement.com\\\/futureco\\\/#organization\",\"name\":\"Futur Eco Materiaux\",\"url\":\"https:\\\/\\\/nature-et-developpement.com\\\/futureco\\\/\",\"logo\":{\"@type\":\"ImageObject\",\"inLanguage\":\"fr-FR\",\"@id\":\"https:\\\/\\\/nature-et-developpement.com\\\/futureco\\\/#\\\/schema\\\/logo\\\/image\\\/\",\"url\":\"https:\\\/\\\/nature-et-developpement.com\\\/futureco\\\/wp-content\\\/uploads\\\/sites\\\/16\\\/2021\\\/09\\\/logo-futur-eco-materiaux.jpg\",\"contentUrl\":\"https:\\\/\\\/nature-et-developpement.com\\\/futureco\\\/wp-content\\\/uploads\\\/sites\\\/16\\\/2021\\\/09\\\/logo-futur-eco-materiaux.jpg\",\"width\":500,\"height\":94,\"caption\":\"Futur Eco Materiaux\"},\"image\":{\"@id\":\"https:\\\/\\\/nature-et-developpement.com\\\/futureco\\\/#\\\/schema\\\/logo\\\/image\\\/\"}}]}<\/script>\n<!-- \/ Yoast SEO plugin. -->","yoast_head_json":{"title":"Caisson de distribution d'air silencieux isol\u00e9 ComfoWell Therm 420 DN160 Zehnder","description":"Silencieux isol\u00e9 D160 comprenant une plaque d\u2019extr\u00e9mit\u00e9, avec 2 trous d\u2019inspection. Dimensions L500 x l420 x H230 mm. Garantie 2 ans","robots":{"index":"noindex","follow":"nofollow"},"og_locale":"fr_FR","og_type":"article","og_title":"Caisson de distribution d'air silencieux isol\u00e9 ComfoWell Therm 420 DN160 Zehnder","og_description":"Silencieux isol\u00e9 D160 comprenant une plaque d\u2019extr\u00e9mit\u00e9, avec 2 trous d\u2019inspection. Dimensions L500 x l420 x H230 mm. Garantie 2 ans","og_url":"https:\/\/nature-et-developpement.com\/futureco\/produit\/caisson-de-distribution-dair-silencieux-isole-comfowell-therm-420-dn160-zehnder\/","og_site_name":"Futur&#039;Eco Mat\u00e9riaux","article_modified_time":"2026-01-20T13:16:13+00:00","twitter_card":"summary_large_image","schema":{"@context":"https:\/\/schema.org","@graph":[{"@type":"WebPage","@id":"https:\/\/nature-et-developpement.com\/futureco\/produit\/caisson-de-distribution-dair-silencieux-isole-comfowell-therm-420-dn160-zehnder\/","url":"https:\/\/nature-et-developpement.com\/futureco\/produit\/caisson-de-distribution-dair-silencieux-isole-comfowell-therm-420-dn160-zehnder\/","name":"Caisson de distribution d'air silencieux isol\u00e9 ComfoWell Therm 420 DN160 Zehnder","isPartOf":{"@id":"https:\/\/nature-et-developpement.com\/futureco\/#website"},"primaryImageOfPage":{"@id":"https:\/\/nature-et-developpement.com\/futureco\/produit\/caisson-de-distribution-dair-silencieux-isole-comfowell-therm-420-dn160-zehnder\/#primaryimage"},"image":{"@id":"https:\/\/nature-et-developpement.com\/futureco\/produit\/caisson-de-distribution-dair-silencieux-isole-comfowell-therm-420-dn160-zehnder\/#primaryimage"},"thumbnailUrl":"https:\/\/nature-et-developpement.com\/futureco\/wp-content\/uploads\/ComfoWell-Therm-Silencieux-420-plaque-dextremite-DN160-ref-990430867.jpg","datePublished":"2024-03-22T08:01:46+00:00","dateModified":"2026-01-20T13:16:13+00:00","description":"Silencieux isol\u00e9 D160 comprenant une plaque d\u2019extr\u00e9mit\u00e9, avec 2 trous d\u2019inspection. Dimensions L500 x l420 x H230 mm. Garantie 2 ans","breadcrumb":{"@id":"https:\/\/nature-et-developpement.com\/futureco\/produit\/caisson-de-distribution-dair-silencieux-isole-comfowell-therm-420-dn160-zehnder\/#breadcrumb"},"inLanguage":"fr-FR","potentialAction":[{"@type":"ReadAction","target":["https:\/\/nature-et-developpement.com\/futureco\/produit\/caisson-de-distribution-dair-silencieux-isole-comfowell-therm-420-dn160-zehnder\/"]}]},{"@type":"ImageObject","inLanguage":"fr-FR","@id":"https:\/\/nature-et-developpement.com\/futureco\/produit\/caisson-de-distribution-dair-silencieux-isole-comfowell-therm-420-dn160-zehnder\/#primaryimage","url":"https:\/\/nature-et-developpement.com\/futureco\/wp-content\/uploads\/ComfoWell-Therm-Silencieux-420-plaque-dextremite-DN160-ref-990430867.jpg","contentUrl":"https:\/\/nature-et-developpement.com\/futureco\/wp-content\/uploads\/ComfoWell-Therm-Silencieux-420-plaque-dextremite-DN160-ref-990430867.jpg"},{"@type":"BreadcrumbList","@id":"https:\/\/nature-et-developpement.com\/futureco\/produit\/caisson-de-distribution-dair-silencieux-isole-comfowell-therm-420-dn160-zehnder\/#breadcrumb","itemListElement":[{"@type":"ListItem","position":1,"name":"Accueil","item":"https:\/\/nature-et-developpement.com\/futureco\/"},{"@type":"ListItem","position":2,"name":"Produits","item":"https:\/\/nature-et-developpement.com\/futureco\/shop\/"},{"@type":"ListItem","position":3,"name":"Chauffage, eau et \u00e9nergie","item":"https:\/\/nature-et-developpement.com\/futureco\/produits\/energie-et-ventilation\/"},{"@type":"ListItem","position":4,"name":"Accessoires","item":"https:\/\/nature-et-developpement.com\/futureco\/produits\/energie-et-ventilation\/accessoires\/"},{"@type":"ListItem","position":5,"name":"Caisson de distribution d&rsquo;air silencieux isol\u00e9 ComfoWell Therm 420 DN160 Zehnder"}]},{"@type":"WebSite","@id":"https:\/\/nature-et-developpement.com\/futureco\/#website","url":"https:\/\/nature-et-developpement.com\/futureco\/","name":"Futur&#039;Eco Mat\u00e9riaux","description":"Futur Eco Mat\u00e9riaux est membre du groupement Nature &amp; D\u00e9veloppement","publisher":{"@id":"https:\/\/nature-et-developpement.com\/futureco\/#organization"},"potentialAction":[{"@type":"SearchAction","target":{"@type":"EntryPoint","urlTemplate":"https:\/\/nature-et-developpement.com\/futureco\/?s={search_term_string}"},"query-input":{"@type":"PropertyValueSpecification","valueRequired":true,"valueName":"search_term_string"}}],"inLanguage":"fr-FR"},{"@type":"Organization","@id":"https:\/\/nature-et-developpement.com\/futureco\/#organization","name":"Futur Eco Materiaux","url":"https:\/\/nature-et-developpement.com\/futureco\/","logo":{"@type":"ImageObject","inLanguage":"fr-FR","@id":"https:\/\/nature-et-developpement.com\/futureco\/#\/schema\/logo\/image\/","url":"https:\/\/nature-et-developpement.com\/futureco\/wp-content\/uploads\/sites\/16\/2021\/09\/logo-futur-eco-materiaux.jpg","contentUrl":"https:\/\/nature-et-developpement.com\/futureco\/wp-content\/uploads\/sites\/16\/2021\/09\/logo-futur-eco-materiaux.jpg","width":500,"height":94,"caption":"Futur Eco Materiaux"},"image":{"@id":"https:\/\/nature-et-developpement.com\/futureco\/#\/schema\/logo\/image\/"}}]}},"distributor_meta":false,"distributor_terms":false,"distributor_media":false,"distributor_original_site_name":"Futur&#039;Eco Mat\u00e9riaux","distributor_original_site_url":"https:\/\/nature-et-developpement.com\/futureco","push-errors":false,"_links":{"self":[{"href":"https:\/\/nature-et-developpement.com\/futureco\/wp-json\/wp\/v2\/product\/33479","targetHints":{"allow":["GET"]}}],"collection":[{"href":"https:\/\/nature-et-developpement.com\/futureco\/wp-json\/wp\/v2\/product"}],"about":[{"href":"https:\/\/nature-et-developpement.com\/futureco\/wp-json\/wp\/v2\/types\/product"}],"wp:featuredmedia":[{"embeddable":true,"href":"https:\/\/nature-et-developpement.com\/futureco\/wp-json\/"}],"wp:attachment":[{"href":"https:\/\/nature-et-developpement.com\/futureco\/wp-json\/wp\/v2\/media?parent=33479"}],"wp:term":[{"taxonomy":"product_brand","embeddable":true,"href":"https:\/\/nature-et-developpement.com\/futureco\/wp-json\/wp\/v2\/product_brand?post=33479"},{"taxonomy":"product_cat","embeddable":true,"href":"https:\/\/nature-et-developpement.com\/futureco\/wp-json\/wp\/v2\/product_cat?post=33479"},{"taxonomy":"product_tag","embeddable":true,"href":"https:\/\/nature-et-developpement.com\/futureco\/wp-json\/wp\/v2\/product_tag?post=33479"}],"curies":[{"name":"wp","href":"https:\/\/api.w.org\/{rel}","templated":true}]}}