{"id":34561,"date":"2025-05-23T10:39:07","date_gmt":"2025-05-23T08:39:07","guid":{"rendered":"https:\/\/nature-et-developpement.com\/futureco\/produit\/cartouche-rfigr-filtre-gravitaire-hudropure\/"},"modified":"2026-03-31T23:05:39","modified_gmt":"2026-03-31T21:05:39","slug":"cartouche-rfigr-filtre-gravitaire-hudropure","status":"publish","type":"product","link":"https:\/\/nature-et-developpement.com\/futureco\/produit\/cartouche-rfigr-filtre-gravitaire-hudropure\/","title":{"rendered":"Cartouche pour Filtre gravitaire Inox Hydropure"},"content":{"rendered":"<h2 data-start=\"426\" data-end=\"490\">Cartouche Hydropure RFIGR : Filtration efficace pour eau pure<\/h2>\n<p data-start=\"492\" data-end=\"642\"><span class=\"relative -mx-px my-[-0.2rem] rounded px-px py-[0.2rem] transition-colors duration-100 ease-in-out\">La cartouche RFIGR de Hydropure est con\u00e7ue pour offrir une filtration optimale de l&rsquo;eau dans les syst\u00e8mes gravitaires en inox.<\/span> <span class=\"relative -mx-px my-[-0.2rem] rounded px-px py-[0.2rem] transition-colors duration-100 ease-in-out\">Elle \u00e9limine efficacement le chlore, les pesticides, les m\u00e9taux lourds, les PFAS, le fluorure, les bact\u00e9ries et les microplastiques.<\/span><\/p>\n<h3 data-start=\"644\" data-end=\"685\">Pourquoi choisir la cartouche RFIGR ?<\/h3>\n<ul data-start=\"687\" data-end=\"996\">\n<li data-start=\"687\" data-end=\"753\">\n<p data-start=\"689\" data-end=\"753\"><strong data-start=\"689\" data-end=\"711\">Filtration avanc\u00e9e<\/strong> : <span class=\"relative -mx-px my-[-0.2rem] rounded px-px py-[0.2rem] transition-colors duration-100 ease-in-out\">R\u00e9duit une large gamme de contaminants pour une eau plus saine.<\/span><\/p>\n<\/li>\n<li data-start=\"754\" data-end=\"823\">\n<p data-start=\"756\" data-end=\"823\"><strong data-start=\"756\" data-end=\"781\">Compatibilit\u00e9 \u00e9tendue<\/strong> : <span class=\"relative -mx-px my-[-0.2rem] rounded px-px py-[0.2rem] transition-colors duration-100 ease-in-out\">Fonctionne avec les filtres gravitaires Hydropure et d&rsquo;autres marques similaires.<\/span><\/p>\n<\/li>\n<li data-start=\"824\" data-end=\"891\">\n<p data-start=\"826\" data-end=\"891\"><strong data-start=\"826\" data-end=\"849\">Installation simple<\/strong> : <span class=\"relative -mx-px my-[-0.2rem] rounded px-px py-[0.2rem] transition-colors duration-100 ease-in-out\">Se visse facilement dans le compartiment sup\u00e9rieur du filtre.<\/span><\/p>\n<\/li>\n<li data-start=\"892\" data-end=\"996\">\n<p data-start=\"894\" data-end=\"996\"><strong data-start=\"894\" data-end=\"915\">Entretien minimal<\/strong> : <span class=\"relative -mx-px my-[-0.2rem] rounded px-px py-[0.2rem] transition-colors duration-100 ease-in-out\">Remplacement recommand\u00e9 tous les 6 \u00e0 12 mois selon l&rsquo;utilisation.<\/span><\/p>\n<\/li>\n<\/ul>\n<h3 data-start=\"998\" data-end=\"1041\">Questions fr\u00e9quentes sur l&rsquo;installation<\/h3>\n<p data-start=\"1043\" data-end=\"1085\"><strong data-start=\"1043\" data-end=\"1085\">Comment installer la cartouche RFIGR ?<\/strong><\/p>\n<p data-start=\"1087\" data-end=\"1165\"><span class=\"relative -mx-px my-[-0.2rem] rounded px-px py-[0.2rem] transition-colors duration-100 ease-in-out\">Vissez la cartouche dans le compartiment sup\u00e9rieur du filtre gravitaire. Assurez-vous qu&rsquo;elle est bien fix\u00e9e pour \u00e9viter les fuites.<\/span><\/p>\n<p data-start=\"1167\" data-end=\"1225\"><strong data-start=\"1167\" data-end=\"1225\">Combien de cartouches puis-je utiliser simultan\u00e9ment ?<\/strong><\/p>\n<p data-start=\"1227\" data-end=\"1305\"><span class=\"relative -mx-px my-[-0.2rem] rounded px-px py-[0.2rem] transition-colors duration-100 ease-in-out\">Les <a href=\"https:\/\/nature-et-developpement.com\/produit\/filtre-gravitaire-inox-85l-hydropure\/\" target=\"_blank\" rel=\"noopener\">filtres gravitaires inox Hydropure<\/a> peuvent accueillir jusqu&rsquo;\u00e0 4 cartouches. Utiliser plusieurs cartouches augmente le d\u00e9bit de filtration.<\/span><\/p>\n<p data-start=\"1307\" data-end=\"1349\"><strong data-start=\"1307\" data-end=\"1349\">Quand dois-je remplacer la cartouche ?<\/strong><\/p>\n<p data-start=\"1351\" data-end=\"1429\"><span class=\"relative -mx-px my-[-0.2rem] rounded px-px py-[0.2rem] transition-colors duration-100 ease-in-out\">Il est conseill\u00e9 de remplacer la cartouche tous les 6 \u00e0 12 mois, en fonction de la qualit\u00e9 de l&rsquo;eau et de la fr\u00e9quence d&rsquo;utilisation.<\/span><\/p>\n<h3 data-start=\"1431\" data-end=\"1472\">Optimisez votre syst\u00e8me de filtration<\/h3>\n<p data-start=\"1474\" data-end=\"1592\"><span class=\"relative -mx-px my-[-0.2rem] rounded px-px py-[0.2rem] transition-colors duration-100 ease-in-out\">Pour une performance optimale, associez la cartouche RFIGR \u00e0 un filtre gravitaire inox Hydropure.<\/span> <span class=\"relative -mx-px my-[-0.2rem] rounded px-px py-[0.2rem] transition-colors duration-100 ease-in-out\">Ce duo garantit une eau de qualit\u00e9 sup\u00e9rieure, sans n\u00e9cessiter d&rsquo;\u00e9lectricit\u00e9 ni de raccordement complexe.<\/span><\/p>\n","protected":false},"excerpt":{"rendered":"<p>Cartouche RFIGR Hydropure pour filtres gravitaires inox. \u00c9limine efficacement contaminants et impuret\u00e9s. Installation facile, entretien minimal.<\/p>\n","protected":false},"featured_media":1000000203982,"template":"","meta":[],"product_brand":[2748],"product_cat":[2140],"product_tag":[],"class_list":{"0":"post-34561","1":"product","2":"type-product","3":"status-publish","4":"has-post-thumbnail","6":"product_brand-cidt","7":"product_cat-eau","8":"product_shipping_class-petit-equipement-outil-eclairage","10":"first","11":"instock","12":"taxable","13":"shipping-taxable","14":"purchasable","15":"product-type-simple"},"yoast_head":"<!-- This site is optimized with the Yoast SEO plugin v27.5 - https:\/\/yoast.com\/product\/yoast-seo-wordpress\/ -->\n<title>Cartouche pour Filtre gravitaire Inox Hydropure<\/title>\n<meta name=\"description\" content=\"Cartouche RFIGR Hydropure pour filtres gravitaires inox. \u00c9limine efficacement contaminants et impuret\u00e9s. Installation facile, entretien minimal.\" \/>\n<meta name=\"robots\" content=\"noindex, nofollow\" \/>\n<meta property=\"og:locale\" content=\"fr_FR\" \/>\n<meta property=\"og:type\" content=\"article\" \/>\n<meta property=\"og:title\" content=\"Cartouche pour Filtre gravitaire Inox Hydropure\" \/>\n<meta property=\"og:description\" content=\"Cartouche RFIGR Hydropure pour filtres gravitaires inox. \u00c9limine efficacement contaminants et impuret\u00e9s. Installation facile, entretien minimal.\" \/>\n<meta property=\"og:url\" content=\"https:\/\/nature-et-developpement.com\/futureco\/produit\/cartouche-rfigr-filtre-gravitaire-hudropure\/\" \/>\n<meta property=\"og:site_name\" content=\"Futur&#039;Eco Mat\u00e9riaux\" \/>\n<meta property=\"article:modified_time\" content=\"2026-03-31T21:05:39+00:00\" \/>\n<meta name=\"twitter:card\" content=\"summary_large_image\" \/>\n<meta name=\"twitter:label1\" content=\"Dur\u00e9e de lecture estim\u00e9e\" \/>\n\t<meta name=\"twitter:data1\" content=\"1 minute\" \/>\n<script type=\"application\/ld+json\" class=\"yoast-schema-graph\">{\"@context\":\"https:\\\/\\\/schema.org\",\"@graph\":[{\"@type\":\"WebPage\",\"@id\":\"https:\\\/\\\/nature-et-developpement.com\\\/futureco\\\/produit\\\/cartouche-rfigr-filtre-gravitaire-hudropure\\\/\",\"url\":\"https:\\\/\\\/nature-et-developpement.com\\\/futureco\\\/produit\\\/cartouche-rfigr-filtre-gravitaire-hudropure\\\/\",\"name\":\"Cartouche pour Filtre gravitaire Inox Hydropure\",\"isPartOf\":{\"@id\":\"https:\\\/\\\/nature-et-developpement.com\\\/futureco\\\/#website\"},\"primaryImageOfPage\":{\"@id\":\"https:\\\/\\\/nature-et-developpement.com\\\/futureco\\\/produit\\\/cartouche-rfigr-filtre-gravitaire-hudropure\\\/#primaryimage\"},\"image\":{\"@id\":\"https:\\\/\\\/nature-et-developpement.com\\\/futureco\\\/produit\\\/cartouche-rfigr-filtre-gravitaire-hudropure\\\/#primaryimage\"},\"thumbnailUrl\":\"https:\\\/\\\/nature-et-developpement.com\\\/futureco\\\/wp-content\\\/uploads\\\/Recharge-pour-Fitre-a-gravite-8_5L-inox-hydropure.jpg\",\"datePublished\":\"2025-05-23T08:39:07+00:00\",\"dateModified\":\"2026-03-31T21:05:39+00:00\",\"description\":\"Cartouche RFIGR Hydropure pour filtres gravitaires inox. \u00c9limine efficacement contaminants et impuret\u00e9s. Installation facile, entretien minimal.\",\"breadcrumb\":{\"@id\":\"https:\\\/\\\/nature-et-developpement.com\\\/futureco\\\/produit\\\/cartouche-rfigr-filtre-gravitaire-hudropure\\\/#breadcrumb\"},\"inLanguage\":\"fr-FR\",\"potentialAction\":[{\"@type\":\"ReadAction\",\"target\":[\"https:\\\/\\\/nature-et-developpement.com\\\/futureco\\\/produit\\\/cartouche-rfigr-filtre-gravitaire-hudropure\\\/\"]}]},{\"@type\":\"ImageObject\",\"inLanguage\":\"fr-FR\",\"@id\":\"https:\\\/\\\/nature-et-developpement.com\\\/futureco\\\/produit\\\/cartouche-rfigr-filtre-gravitaire-hudropure\\\/#primaryimage\",\"url\":\"https:\\\/\\\/nature-et-developpement.com\\\/futureco\\\/wp-content\\\/uploads\\\/Recharge-pour-Fitre-a-gravite-8_5L-inox-hydropure.jpg\",\"contentUrl\":\"https:\\\/\\\/nature-et-developpement.com\\\/futureco\\\/wp-content\\\/uploads\\\/Recharge-pour-Fitre-a-gravite-8_5L-inox-hydropure.jpg\"},{\"@type\":\"BreadcrumbList\",\"@id\":\"https:\\\/\\\/nature-et-developpement.com\\\/futureco\\\/produit\\\/cartouche-rfigr-filtre-gravitaire-hudropure\\\/#breadcrumb\",\"itemListElement\":[{\"@type\":\"ListItem\",\"position\":1,\"name\":\"Accueil\",\"item\":\"https:\\\/\\\/nature-et-developpement.com\\\/futureco\\\/\"},{\"@type\":\"ListItem\",\"position\":2,\"name\":\"Produits\",\"item\":\"https:\\\/\\\/nature-et-developpement.com\\\/futureco\\\/shop\\\/\"},{\"@type\":\"ListItem\",\"position\":3,\"name\":\"Chauffage, eau et \u00e9nergie\",\"item\":\"https:\\\/\\\/nature-et-developpement.com\\\/futureco\\\/produits\\\/energie-et-ventilation\\\/\"},{\"@type\":\"ListItem\",\"position\":4,\"name\":\"Eau, filtre \u00e0 eau, r\u00e9cup\u00e9rateur d'eau de pluie\",\"item\":\"https:\\\/\\\/nature-et-developpement.com\\\/futureco\\\/produits\\\/energie-et-ventilation\\\/eau\\\/\"},{\"@type\":\"ListItem\",\"position\":5,\"name\":\"Cartouche pour Filtre gravitaire Inox Hydropure\"}]},{\"@type\":\"WebSite\",\"@id\":\"https:\\\/\\\/nature-et-developpement.com\\\/futureco\\\/#website\",\"url\":\"https:\\\/\\\/nature-et-developpement.com\\\/futureco\\\/\",\"name\":\"Futur&#039;Eco Mat\u00e9riaux\",\"description\":\"Futur Eco Mat\u00e9riaux est membre du groupement Nature &amp; D\u00e9veloppement\",\"publisher\":{\"@id\":\"https:\\\/\\\/nature-et-developpement.com\\\/futureco\\\/#organization\"},\"potentialAction\":[{\"@type\":\"SearchAction\",\"target\":{\"@type\":\"EntryPoint\",\"urlTemplate\":\"https:\\\/\\\/nature-et-developpement.com\\\/futureco\\\/?s={search_term_string}\"},\"query-input\":{\"@type\":\"PropertyValueSpecification\",\"valueRequired\":true,\"valueName\":\"search_term_string\"}}],\"inLanguage\":\"fr-FR\"},{\"@type\":\"Organization\",\"@id\":\"https:\\\/\\\/nature-et-developpement.com\\\/futureco\\\/#organization\",\"name\":\"Futur Eco Materiaux\",\"url\":\"https:\\\/\\\/nature-et-developpement.com\\\/futureco\\\/\",\"logo\":{\"@type\":\"ImageObject\",\"inLanguage\":\"fr-FR\",\"@id\":\"https:\\\/\\\/nature-et-developpement.com\\\/futureco\\\/#\\\/schema\\\/logo\\\/image\\\/\",\"url\":\"https:\\\/\\\/nature-et-developpement.com\\\/futureco\\\/wp-content\\\/uploads\\\/sites\\\/16\\\/2021\\\/09\\\/logo-futur-eco-materiaux.jpg\",\"contentUrl\":\"https:\\\/\\\/nature-et-developpement.com\\\/futureco\\\/wp-content\\\/uploads\\\/sites\\\/16\\\/2021\\\/09\\\/logo-futur-eco-materiaux.jpg\",\"width\":500,\"height\":94,\"caption\":\"Futur Eco Materiaux\"},\"image\":{\"@id\":\"https:\\\/\\\/nature-et-developpement.com\\\/futureco\\\/#\\\/schema\\\/logo\\\/image\\\/\"}}]}<\/script>\n<!-- \/ Yoast SEO plugin. -->","yoast_head_json":{"title":"Cartouche pour Filtre gravitaire Inox Hydropure","description":"Cartouche RFIGR Hydropure pour filtres gravitaires inox. \u00c9limine efficacement contaminants et impuret\u00e9s. Installation facile, entretien minimal.","robots":{"index":"noindex","follow":"nofollow"},"og_locale":"fr_FR","og_type":"article","og_title":"Cartouche pour Filtre gravitaire Inox Hydropure","og_description":"Cartouche RFIGR Hydropure pour filtres gravitaires inox. \u00c9limine efficacement contaminants et impuret\u00e9s. Installation facile, entretien minimal.","og_url":"https:\/\/nature-et-developpement.com\/futureco\/produit\/cartouche-rfigr-filtre-gravitaire-hudropure\/","og_site_name":"Futur&#039;Eco Mat\u00e9riaux","article_modified_time":"2026-03-31T21:05:39+00:00","twitter_card":"summary_large_image","twitter_misc":{"Dur\u00e9e de lecture estim\u00e9e":"1 minute"},"schema":{"@context":"https:\/\/schema.org","@graph":[{"@type":"WebPage","@id":"https:\/\/nature-et-developpement.com\/futureco\/produit\/cartouche-rfigr-filtre-gravitaire-hudropure\/","url":"https:\/\/nature-et-developpement.com\/futureco\/produit\/cartouche-rfigr-filtre-gravitaire-hudropure\/","name":"Cartouche pour Filtre gravitaire Inox Hydropure","isPartOf":{"@id":"https:\/\/nature-et-developpement.com\/futureco\/#website"},"primaryImageOfPage":{"@id":"https:\/\/nature-et-developpement.com\/futureco\/produit\/cartouche-rfigr-filtre-gravitaire-hudropure\/#primaryimage"},"image":{"@id":"https:\/\/nature-et-developpement.com\/futureco\/produit\/cartouche-rfigr-filtre-gravitaire-hudropure\/#primaryimage"},"thumbnailUrl":"https:\/\/nature-et-developpement.com\/futureco\/wp-content\/uploads\/Recharge-pour-Fitre-a-gravite-8_5L-inox-hydropure.jpg","datePublished":"2025-05-23T08:39:07+00:00","dateModified":"2026-03-31T21:05:39+00:00","description":"Cartouche RFIGR Hydropure pour filtres gravitaires inox. \u00c9limine efficacement contaminants et impuret\u00e9s. Installation facile, entretien minimal.","breadcrumb":{"@id":"https:\/\/nature-et-developpement.com\/futureco\/produit\/cartouche-rfigr-filtre-gravitaire-hudropure\/#breadcrumb"},"inLanguage":"fr-FR","potentialAction":[{"@type":"ReadAction","target":["https:\/\/nature-et-developpement.com\/futureco\/produit\/cartouche-rfigr-filtre-gravitaire-hudropure\/"]}]},{"@type":"ImageObject","inLanguage":"fr-FR","@id":"https:\/\/nature-et-developpement.com\/futureco\/produit\/cartouche-rfigr-filtre-gravitaire-hudropure\/#primaryimage","url":"https:\/\/nature-et-developpement.com\/futureco\/wp-content\/uploads\/Recharge-pour-Fitre-a-gravite-8_5L-inox-hydropure.jpg","contentUrl":"https:\/\/nature-et-developpement.com\/futureco\/wp-content\/uploads\/Recharge-pour-Fitre-a-gravite-8_5L-inox-hydropure.jpg"},{"@type":"BreadcrumbList","@id":"https:\/\/nature-et-developpement.com\/futureco\/produit\/cartouche-rfigr-filtre-gravitaire-hudropure\/#breadcrumb","itemListElement":[{"@type":"ListItem","position":1,"name":"Accueil","item":"https:\/\/nature-et-developpement.com\/futureco\/"},{"@type":"ListItem","position":2,"name":"Produits","item":"https:\/\/nature-et-developpement.com\/futureco\/shop\/"},{"@type":"ListItem","position":3,"name":"Chauffage, eau et \u00e9nergie","item":"https:\/\/nature-et-developpement.com\/futureco\/produits\/energie-et-ventilation\/"},{"@type":"ListItem","position":4,"name":"Eau, filtre \u00e0 eau, r\u00e9cup\u00e9rateur d'eau de pluie","item":"https:\/\/nature-et-developpement.com\/futureco\/produits\/energie-et-ventilation\/eau\/"},{"@type":"ListItem","position":5,"name":"Cartouche pour Filtre gravitaire Inox Hydropure"}]},{"@type":"WebSite","@id":"https:\/\/nature-et-developpement.com\/futureco\/#website","url":"https:\/\/nature-et-developpement.com\/futureco\/","name":"Futur&#039;Eco Mat\u00e9riaux","description":"Futur Eco Mat\u00e9riaux est membre du groupement Nature &amp; D\u00e9veloppement","publisher":{"@id":"https:\/\/nature-et-developpement.com\/futureco\/#organization"},"potentialAction":[{"@type":"SearchAction","target":{"@type":"EntryPoint","urlTemplate":"https:\/\/nature-et-developpement.com\/futureco\/?s={search_term_string}"},"query-input":{"@type":"PropertyValueSpecification","valueRequired":true,"valueName":"search_term_string"}}],"inLanguage":"fr-FR"},{"@type":"Organization","@id":"https:\/\/nature-et-developpement.com\/futureco\/#organization","name":"Futur Eco Materiaux","url":"https:\/\/nature-et-developpement.com\/futureco\/","logo":{"@type":"ImageObject","inLanguage":"fr-FR","@id":"https:\/\/nature-et-developpement.com\/futureco\/#\/schema\/logo\/image\/","url":"https:\/\/nature-et-developpement.com\/futureco\/wp-content\/uploads\/sites\/16\/2021\/09\/logo-futur-eco-materiaux.jpg","contentUrl":"https:\/\/nature-et-developpement.com\/futureco\/wp-content\/uploads\/sites\/16\/2021\/09\/logo-futur-eco-materiaux.jpg","width":500,"height":94,"caption":"Futur Eco Materiaux"},"image":{"@id":"https:\/\/nature-et-developpement.com\/futureco\/#\/schema\/logo\/image\/"}}]}},"distributor_meta":false,"distributor_terms":false,"distributor_media":false,"distributor_original_site_name":"Futur&#039;Eco Mat\u00e9riaux","distributor_original_site_url":"https:\/\/nature-et-developpement.com\/futureco","push-errors":false,"_links":{"self":[{"href":"https:\/\/nature-et-developpement.com\/futureco\/wp-json\/wp\/v2\/product\/34561","targetHints":{"allow":["GET"]}}],"collection":[{"href":"https:\/\/nature-et-developpement.com\/futureco\/wp-json\/wp\/v2\/product"}],"about":[{"href":"https:\/\/nature-et-developpement.com\/futureco\/wp-json\/wp\/v2\/types\/product"}],"wp:featuredmedia":[{"embeddable":true,"href":"https:\/\/nature-et-developpement.com\/futureco\/wp-json\/"}],"wp:attachment":[{"href":"https:\/\/nature-et-developpement.com\/futureco\/wp-json\/wp\/v2\/media?parent=34561"}],"wp:term":[{"taxonomy":"product_brand","embeddable":true,"href":"https:\/\/nature-et-developpement.com\/futureco\/wp-json\/wp\/v2\/product_brand?post=34561"},{"taxonomy":"product_cat","embeddable":true,"href":"https:\/\/nature-et-developpement.com\/futureco\/wp-json\/wp\/v2\/product_cat?post=34561"},{"taxonomy":"product_tag","embeddable":true,"href":"https:\/\/nature-et-developpement.com\/futureco\/wp-json\/wp\/v2\/product_tag?post=34561"}],"curies":[{"name":"wp","href":"https:\/\/api.w.org\/{rel}","templated":true}]}}