{"id":409,"date":"2024-09-01T00:00:12","date_gmt":"2024-08-31T22:00:12","guid":{"rendered":"https:\/\/nature-et-developpement.com\/futureco\/produit\/radiateur-seche-serviette-solaris-1200w-63x125cm\/"},"modified":"2025-11-28T08:46:25","modified_gmt":"2025-11-28T07:46:25","slug":"radiateur-seche-serviette-solaris-1200w-63x125cm","status":"publish","type":"product","link":"https:\/\/nature-et-developpement.com\/futureco\/produit\/radiateur-seche-serviette-solaris-1200w-63x125cm\/","title":{"rendered":"Radiateur s\u00e8che-serviette en verre \u00e0 inertie Solaris 1200W 63x125cm"},"content":{"rendered":"<h2>Radiateur S\u00e8che-Serviette Solaris 1200W &#8211; Chaleur Douce et Design \u00c9l\u00e9gant<\/h2>\n<h3><strong>Optez pour l&rsquo;Excellence avec le Radiateur S\u00e8che-Serviettes Solaris 1200W<\/strong><\/h3>\n<p>D\u00e9couvrez une <strong>chaleur douce<\/strong> et enveloppante, semblable aux rayons du soleil en plein hiver, gr\u00e2ce au radiateur s\u00e8che-serviettes Solaris 1200W. Sa <strong>technologie infrarouge<\/strong> offre un confort in\u00e9gal\u00e9 et une esth\u00e9tique moderne.<\/p>\n<h4>Chaleur Douce et Saine<\/h4>\n<p>Le radiateur Solaris chauffe la pi\u00e8ce en \u00e9mettant de la <strong>chaleur<\/strong> vers le sol, les murs, les meubles et le plafond. Cela permet de maintenir un air moins sec et de r\u00e9duire le brassage de poussi\u00e8res. Profitez d&rsquo;un environnement plus <strong>sain et agr\u00e9able<\/strong>.<\/p>\n<h4>Efficacit\u00e9 \u00c9nerg\u00e9tique<\/h4>\n<p>Avec le radiateur Solaris, \u00e9vitez la surchauffe en r\u00e9duisant la temp\u00e9rature tout en conservant un confort optimal. Cela contribue \u00e0 une meilleure sensation de bien-\u00eatre et \u00e0 des <strong>\u00e9conomies d&rsquo;\u00e9nergie<\/strong> consid\u00e9rables.<\/p>\n<h4>R\u00e9gulation Intelligente<\/h4>\n<p>Dot\u00e9 de cinq zones de chauffe r\u00e9parties de bas en haut, chaque zone du radiateur Solaris s&rsquo;auto-r\u00e9gule pour n&rsquo;utiliser que l&rsquo;\u00e9nergie n\u00e9cessaire. La distribution de la chaleur est uniforme, assurant une <strong>consommation \u00e9nerg\u00e9tique plus \u00e9conomique<\/strong>.<\/p>\n<h4>Design et Robustesse<\/h4>\n<p>Les <strong>deux plaques de verre<\/strong> du radiateur Solaris permettent une excellente accumulation de chaleur. Fin et discret, ce radiateur est cependant robuste gr\u00e2ce \u00e0 ses 40 kg de verre, offrant une <strong>inertie thermique<\/strong> sup\u00e9rieure \u00e0 celle de la pierre r\u00e9fractaire ou de la fonte et cr\u00e9ant ainsi un \u00ab\u00a0point chaud\u00a0\u00bb <strong>confortable<\/strong> dans la pi\u00e8ce.<\/p>\n<h4>Syst\u00e8me Connect\u00e9<\/h4>\n<p>Le radiateur Solaris est facile \u00e0 utiliser gr\u00e2ce \u00e0 son <strong>thermostat int\u00e9gr\u00e9<\/strong> ou sans fil. En connectant la passerelle Solaris \u00e0 votre box internet, vous pouvez <strong>r\u00e9guler la temp\u00e9rature<\/strong> depuis votre smartphone et programmer les plages horaires de fonctionnement pour <strong>optimiser vos co\u00fbts \u00e9nerg\u00e9tiques<\/strong>.<\/p>\n<h4>Technologie Avanc\u00e9e<\/h4>\n<p>Le radiateur Solaris se compose de <strong>deux plaques de verre<\/strong>, dont la premi\u00e8re int\u00e8gre le syst\u00e8me OHDS (Optimal Heating Distribution System) pour un <strong>rayonnement efficace<\/strong>, tandis que la seconde plaque constitue la partie esth\u00e9tique visible.<\/p>\n<h4>R\u00e9duction de l&rsquo;\u00c9lectrosmog<\/h4>\n<p>Le radiateur Solaris \u00e9met tr\u00e8s peu de pollution \u00e9lectromagn\u00e9tique, avec un taux de 0,03 \u03bcT, bien en dessous des normes europ\u00e9ennes. Vous b\u00e9n\u00e9ficiez d&rsquo;un <strong>confort<\/strong> absolu en toute <strong>s\u00e9r\u00e9nit\u00e9<\/strong>.<\/p>\n<h4>Fabrication Fran\u00e7aise<\/h4>\n<p>Le radiateur s\u00e8che-serviette Solaris 1200W est fabriqu\u00e9 en Alsace par Fondis, une <strong>entreprise innovante<\/strong> qui valorise les savoir-faire locaux.<\/p>\n<h4>Finitions disponibles<\/h4>\n<p>Le mod\u00e8le Solaris 1200W existe en finition<\/p>\n<ul>\n<li>\u00ab Evolution \u00bb en <strong>verre tremp\u00e9<\/strong> \u00e9maill\u00e9 (Beige, Blanc Reflet Vert, Extra Blanc, Gris Anthracite, Miroir, Noir)<\/li>\n<li>\u00ab Soft Touch \u00bb en verre d\u00e9poli (Noir, Extra Blanc, Beige)<\/li>\n<\/ul>\n","protected":false},"excerpt":{"rendered":"<p>Profitez du radiateur s\u00e8che-serviette Solaris 1200W : chaleur douce et homog\u00e8ne, air sain sans poussi\u00e8res, et design \u00e9l\u00e9gant. R\u00e9gulez la temp\u00e9rature depuis votre smartphone et \u00e9conomisez de l&rsquo;\u00e9nergie.<br \/>\n8cm d&rsquo;\u00e9paisseur, pose verticale<\/p>\n","protected":false},"featured_media":1000000166943,"template":"","meta":[],"product_brand":[2809],"product_cat":[3242],"product_tag":[],"class_list":{"0":"post-409","1":"product","2":"type-product","3":"status-publish","4":"has-post-thumbnail","6":"product_brand-solaris","7":"product_cat-radiateur-plancher-chauffant","8":"product_shipping_class-petit-equipement-outil-eclairage","10":"first","11":"instock","12":"taxable","13":"shipping-taxable","14":"purchasable","15":"product-type-variable"},"yoast_head":"<!-- This site is optimized with the Yoast SEO plugin v27.5 - https:\/\/yoast.com\/product\/yoast-seo-wordpress\/ -->\n<title>Radiateur s\u00e8che-serviette \u00e0 inertie Solaris 1200W 63x125cm<\/title>\n<meta name=\"description\" content=\"Profitez d&#039;une chaleur douce et homog\u00e8ne, air sain sans poussi\u00e8res, design \u00e9l\u00e9gant. Temp\u00e9rature r\u00e9gul\u00e9e depuis votre smartphone et \u00e9conomies de l&#039;\u00e9nergie.\" \/>\n<meta name=\"robots\" content=\"noindex, nofollow\" \/>\n<meta property=\"og:locale\" content=\"fr_FR\" \/>\n<meta property=\"og:type\" content=\"article\" \/>\n<meta property=\"og:title\" content=\"Radiateur s\u00e8che-serviette \u00e0 inertie Solaris 1200W 63x125cm\" \/>\n<meta property=\"og:description\" content=\"Profitez d&#039;une chaleur douce et homog\u00e8ne, air sain sans poussi\u00e8res, design \u00e9l\u00e9gant. Temp\u00e9rature r\u00e9gul\u00e9e depuis votre smartphone et \u00e9conomies de l&#039;\u00e9nergie.\" \/>\n<meta property=\"og:url\" content=\"https:\/\/nature-et-developpement.com\/futureco\/produit\/radiateur-seche-serviette-solaris-1200w-63x125cm\/\" \/>\n<meta property=\"og:site_name\" content=\"Futur&#039;Eco Mat\u00e9riaux\" \/>\n<meta property=\"article:modified_time\" content=\"2025-11-28T07:46:25+00:00\" \/>\n<meta name=\"twitter:card\" content=\"summary_large_image\" \/>\n<meta name=\"twitter:label1\" content=\"Dur\u00e9e de lecture estim\u00e9e\" \/>\n\t<meta name=\"twitter:data1\" content=\"1 minute\" \/>\n<script type=\"application\/ld+json\" class=\"yoast-schema-graph\">{\"@context\":\"https:\\\/\\\/schema.org\",\"@graph\":[{\"@type\":\"WebPage\",\"@id\":\"https:\\\/\\\/nature-et-developpement.com\\\/futureco\\\/produit\\\/radiateur-seche-serviette-solaris-1200w-63x125cm\\\/\",\"url\":\"https:\\\/\\\/nature-et-developpement.com\\\/futureco\\\/produit\\\/radiateur-seche-serviette-solaris-1200w-63x125cm\\\/\",\"name\":\"Radiateur s\u00e8che-serviette \u00e0 inertie Solaris 1200W 63x125cm\",\"isPartOf\":{\"@id\":\"https:\\\/\\\/nature-et-developpement.com\\\/futureco\\\/#website\"},\"primaryImageOfPage\":{\"@id\":\"https:\\\/\\\/nature-et-developpement.com\\\/futureco\\\/produit\\\/radiateur-seche-serviette-solaris-1200w-63x125cm\\\/#primaryimage\"},\"image\":{\"@id\":\"https:\\\/\\\/nature-et-developpement.com\\\/futureco\\\/produit\\\/radiateur-seche-serviette-solaris-1200w-63x125cm\\\/#primaryimage\"},\"thumbnailUrl\":\"https:\\\/\\\/nature-et-developpement.com\\\/futureco\\\/wp-content\\\/uploads\\\/Radiateur-seche-serviette-en-verre-a-inertie-Solaris-1200W-63x125cm.jpg\",\"datePublished\":\"2024-08-31T22:00:12+00:00\",\"dateModified\":\"2025-11-28T07:46:25+00:00\",\"description\":\"Profitez d'une chaleur douce et homog\u00e8ne, air sain sans poussi\u00e8res, design \u00e9l\u00e9gant. Temp\u00e9rature r\u00e9gul\u00e9e depuis votre smartphone et \u00e9conomies de l'\u00e9nergie.\",\"breadcrumb\":{\"@id\":\"https:\\\/\\\/nature-et-developpement.com\\\/futureco\\\/produit\\\/radiateur-seche-serviette-solaris-1200w-63x125cm\\\/#breadcrumb\"},\"inLanguage\":\"fr-FR\",\"potentialAction\":[{\"@type\":\"ReadAction\",\"target\":[\"https:\\\/\\\/nature-et-developpement.com\\\/futureco\\\/produit\\\/radiateur-seche-serviette-solaris-1200w-63x125cm\\\/\"]}]},{\"@type\":\"ImageObject\",\"inLanguage\":\"fr-FR\",\"@id\":\"https:\\\/\\\/nature-et-developpement.com\\\/futureco\\\/produit\\\/radiateur-seche-serviette-solaris-1200w-63x125cm\\\/#primaryimage\",\"url\":\"https:\\\/\\\/nature-et-developpement.com\\\/futureco\\\/wp-content\\\/uploads\\\/Radiateur-seche-serviette-en-verre-a-inertie-Solaris-1200W-63x125cm.jpg\",\"contentUrl\":\"https:\\\/\\\/nature-et-developpement.com\\\/futureco\\\/wp-content\\\/uploads\\\/Radiateur-seche-serviette-en-verre-a-inertie-Solaris-1200W-63x125cm.jpg\"},{\"@type\":\"BreadcrumbList\",\"@id\":\"https:\\\/\\\/nature-et-developpement.com\\\/futureco\\\/produit\\\/radiateur-seche-serviette-solaris-1200w-63x125cm\\\/#breadcrumb\",\"itemListElement\":[{\"@type\":\"ListItem\",\"position\":1,\"name\":\"Accueil\",\"item\":\"https:\\\/\\\/nature-et-developpement.com\\\/futureco\\\/\"},{\"@type\":\"ListItem\",\"position\":2,\"name\":\"Produits\",\"item\":\"https:\\\/\\\/nature-et-developpement.com\\\/futureco\\\/shop\\\/\"},{\"@type\":\"ListItem\",\"position\":3,\"name\":\"Chauffage, eau et \u00e9nergie\",\"item\":\"https:\\\/\\\/nature-et-developpement.com\\\/futureco\\\/produits\\\/energie-et-ventilation\\\/\"},{\"@type\":\"ListItem\",\"position\":4,\"name\":\"Radiateur, plancher et mur chauffant\",\"item\":\"https:\\\/\\\/nature-et-developpement.com\\\/futureco\\\/produits\\\/energie-et-ventilation\\\/radiateur-plancher-chauffant\\\/\"},{\"@type\":\"ListItem\",\"position\":5,\"name\":\"Radiateur s\u00e8che-serviette en verre \u00e0 inertie Solaris 1200W 63x125cm\"}]},{\"@type\":\"WebSite\",\"@id\":\"https:\\\/\\\/nature-et-developpement.com\\\/futureco\\\/#website\",\"url\":\"https:\\\/\\\/nature-et-developpement.com\\\/futureco\\\/\",\"name\":\"Futur&#039;Eco Mat\u00e9riaux\",\"description\":\"Futur Eco Mat\u00e9riaux est membre du groupement Nature &amp; D\u00e9veloppement\",\"publisher\":{\"@id\":\"https:\\\/\\\/nature-et-developpement.com\\\/futureco\\\/#organization\"},\"potentialAction\":[{\"@type\":\"SearchAction\",\"target\":{\"@type\":\"EntryPoint\",\"urlTemplate\":\"https:\\\/\\\/nature-et-developpement.com\\\/futureco\\\/?s={search_term_string}\"},\"query-input\":{\"@type\":\"PropertyValueSpecification\",\"valueRequired\":true,\"valueName\":\"search_term_string\"}}],\"inLanguage\":\"fr-FR\"},{\"@type\":\"Organization\",\"@id\":\"https:\\\/\\\/nature-et-developpement.com\\\/futureco\\\/#organization\",\"name\":\"Futur Eco Materiaux\",\"url\":\"https:\\\/\\\/nature-et-developpement.com\\\/futureco\\\/\",\"logo\":{\"@type\":\"ImageObject\",\"inLanguage\":\"fr-FR\",\"@id\":\"https:\\\/\\\/nature-et-developpement.com\\\/futureco\\\/#\\\/schema\\\/logo\\\/image\\\/\",\"url\":\"https:\\\/\\\/nature-et-developpement.com\\\/futureco\\\/wp-content\\\/uploads\\\/sites\\\/16\\\/2021\\\/09\\\/logo-futur-eco-materiaux.jpg\",\"contentUrl\":\"https:\\\/\\\/nature-et-developpement.com\\\/futureco\\\/wp-content\\\/uploads\\\/sites\\\/16\\\/2021\\\/09\\\/logo-futur-eco-materiaux.jpg\",\"width\":500,\"height\":94,\"caption\":\"Futur Eco Materiaux\"},\"image\":{\"@id\":\"https:\\\/\\\/nature-et-developpement.com\\\/futureco\\\/#\\\/schema\\\/logo\\\/image\\\/\"}}]}<\/script>\n<!-- \/ Yoast SEO plugin. -->","yoast_head_json":{"title":"Radiateur s\u00e8che-serviette \u00e0 inertie Solaris 1200W 63x125cm","description":"Profitez d'une chaleur douce et homog\u00e8ne, air sain sans poussi\u00e8res, design \u00e9l\u00e9gant. Temp\u00e9rature r\u00e9gul\u00e9e depuis votre smartphone et \u00e9conomies de l'\u00e9nergie.","robots":{"index":"noindex","follow":"nofollow"},"og_locale":"fr_FR","og_type":"article","og_title":"Radiateur s\u00e8che-serviette \u00e0 inertie Solaris 1200W 63x125cm","og_description":"Profitez d'une chaleur douce et homog\u00e8ne, air sain sans poussi\u00e8res, design \u00e9l\u00e9gant. Temp\u00e9rature r\u00e9gul\u00e9e depuis votre smartphone et \u00e9conomies de l'\u00e9nergie.","og_url":"https:\/\/nature-et-developpement.com\/futureco\/produit\/radiateur-seche-serviette-solaris-1200w-63x125cm\/","og_site_name":"Futur&#039;Eco Mat\u00e9riaux","article_modified_time":"2025-11-28T07:46:25+00:00","twitter_card":"summary_large_image","twitter_misc":{"Dur\u00e9e de lecture estim\u00e9e":"1 minute"},"schema":{"@context":"https:\/\/schema.org","@graph":[{"@type":"WebPage","@id":"https:\/\/nature-et-developpement.com\/futureco\/produit\/radiateur-seche-serviette-solaris-1200w-63x125cm\/","url":"https:\/\/nature-et-developpement.com\/futureco\/produit\/radiateur-seche-serviette-solaris-1200w-63x125cm\/","name":"Radiateur s\u00e8che-serviette \u00e0 inertie Solaris 1200W 63x125cm","isPartOf":{"@id":"https:\/\/nature-et-developpement.com\/futureco\/#website"},"primaryImageOfPage":{"@id":"https:\/\/nature-et-developpement.com\/futureco\/produit\/radiateur-seche-serviette-solaris-1200w-63x125cm\/#primaryimage"},"image":{"@id":"https:\/\/nature-et-developpement.com\/futureco\/produit\/radiateur-seche-serviette-solaris-1200w-63x125cm\/#primaryimage"},"thumbnailUrl":"https:\/\/nature-et-developpement.com\/futureco\/wp-content\/uploads\/Radiateur-seche-serviette-en-verre-a-inertie-Solaris-1200W-63x125cm.jpg","datePublished":"2024-08-31T22:00:12+00:00","dateModified":"2025-11-28T07:46:25+00:00","description":"Profitez d'une chaleur douce et homog\u00e8ne, air sain sans poussi\u00e8res, design \u00e9l\u00e9gant. Temp\u00e9rature r\u00e9gul\u00e9e depuis votre smartphone et \u00e9conomies de l'\u00e9nergie.","breadcrumb":{"@id":"https:\/\/nature-et-developpement.com\/futureco\/produit\/radiateur-seche-serviette-solaris-1200w-63x125cm\/#breadcrumb"},"inLanguage":"fr-FR","potentialAction":[{"@type":"ReadAction","target":["https:\/\/nature-et-developpement.com\/futureco\/produit\/radiateur-seche-serviette-solaris-1200w-63x125cm\/"]}]},{"@type":"ImageObject","inLanguage":"fr-FR","@id":"https:\/\/nature-et-developpement.com\/futureco\/produit\/radiateur-seche-serviette-solaris-1200w-63x125cm\/#primaryimage","url":"https:\/\/nature-et-developpement.com\/futureco\/wp-content\/uploads\/Radiateur-seche-serviette-en-verre-a-inertie-Solaris-1200W-63x125cm.jpg","contentUrl":"https:\/\/nature-et-developpement.com\/futureco\/wp-content\/uploads\/Radiateur-seche-serviette-en-verre-a-inertie-Solaris-1200W-63x125cm.jpg"},{"@type":"BreadcrumbList","@id":"https:\/\/nature-et-developpement.com\/futureco\/produit\/radiateur-seche-serviette-solaris-1200w-63x125cm\/#breadcrumb","itemListElement":[{"@type":"ListItem","position":1,"name":"Accueil","item":"https:\/\/nature-et-developpement.com\/futureco\/"},{"@type":"ListItem","position":2,"name":"Produits","item":"https:\/\/nature-et-developpement.com\/futureco\/shop\/"},{"@type":"ListItem","position":3,"name":"Chauffage, eau et \u00e9nergie","item":"https:\/\/nature-et-developpement.com\/futureco\/produits\/energie-et-ventilation\/"},{"@type":"ListItem","position":4,"name":"Radiateur, plancher et mur chauffant","item":"https:\/\/nature-et-developpement.com\/futureco\/produits\/energie-et-ventilation\/radiateur-plancher-chauffant\/"},{"@type":"ListItem","position":5,"name":"Radiateur s\u00e8che-serviette en verre \u00e0 inertie Solaris 1200W 63x125cm"}]},{"@type":"WebSite","@id":"https:\/\/nature-et-developpement.com\/futureco\/#website","url":"https:\/\/nature-et-developpement.com\/futureco\/","name":"Futur&#039;Eco Mat\u00e9riaux","description":"Futur Eco Mat\u00e9riaux est membre du groupement Nature &amp; D\u00e9veloppement","publisher":{"@id":"https:\/\/nature-et-developpement.com\/futureco\/#organization"},"potentialAction":[{"@type":"SearchAction","target":{"@type":"EntryPoint","urlTemplate":"https:\/\/nature-et-developpement.com\/futureco\/?s={search_term_string}"},"query-input":{"@type":"PropertyValueSpecification","valueRequired":true,"valueName":"search_term_string"}}],"inLanguage":"fr-FR"},{"@type":"Organization","@id":"https:\/\/nature-et-developpement.com\/futureco\/#organization","name":"Futur Eco Materiaux","url":"https:\/\/nature-et-developpement.com\/futureco\/","logo":{"@type":"ImageObject","inLanguage":"fr-FR","@id":"https:\/\/nature-et-developpement.com\/futureco\/#\/schema\/logo\/image\/","url":"https:\/\/nature-et-developpement.com\/futureco\/wp-content\/uploads\/sites\/16\/2021\/09\/logo-futur-eco-materiaux.jpg","contentUrl":"https:\/\/nature-et-developpement.com\/futureco\/wp-content\/uploads\/sites\/16\/2021\/09\/logo-futur-eco-materiaux.jpg","width":500,"height":94,"caption":"Futur Eco Materiaux"},"image":{"@id":"https:\/\/nature-et-developpement.com\/futureco\/#\/schema\/logo\/image\/"}}]}},"distributor_meta":false,"distributor_terms":false,"distributor_media":false,"distributor_original_site_name":"Futur&#039;Eco Mat\u00e9riaux","distributor_original_site_url":"https:\/\/nature-et-developpement.com\/futureco","push-errors":false,"_links":{"self":[{"href":"https:\/\/nature-et-developpement.com\/futureco\/wp-json\/wp\/v2\/product\/409","targetHints":{"allow":["GET"]}}],"collection":[{"href":"https:\/\/nature-et-developpement.com\/futureco\/wp-json\/wp\/v2\/product"}],"about":[{"href":"https:\/\/nature-et-developpement.com\/futureco\/wp-json\/wp\/v2\/types\/product"}],"wp:featuredmedia":[{"embeddable":true,"href":"https:\/\/nature-et-developpement.com\/futureco\/wp-json\/"}],"wp:attachment":[{"href":"https:\/\/nature-et-developpement.com\/futureco\/wp-json\/wp\/v2\/media?parent=409"}],"wp:term":[{"taxonomy":"product_brand","embeddable":true,"href":"https:\/\/nature-et-developpement.com\/futureco\/wp-json\/wp\/v2\/product_brand?post=409"},{"taxonomy":"product_cat","embeddable":true,"href":"https:\/\/nature-et-developpement.com\/futureco\/wp-json\/wp\/v2\/product_cat?post=409"},{"taxonomy":"product_tag","embeddable":true,"href":"https:\/\/nature-et-developpement.com\/futureco\/wp-json\/wp\/v2\/product_tag?post=409"}],"curies":[{"name":"wp","href":"https:\/\/api.w.org\/{rel}","templated":true}]}}