{"id":7855,"date":"2020-04-22T15:03:26","date_gmt":"2020-04-22T13:03:26","guid":{"rendered":"https:\/\/nature-et-developpement.com\/futureco\/produit\/barre-de-seuil-profile-de-jonction-modele-102-meister\/"},"modified":"2026-03-26T18:26:04","modified_gmt":"2026-03-26T17:26:04","slug":"barre-de-seuil-profile-de-jonction-modele-102-meister","status":"publish","type":"product","link":"https:\/\/nature-et-developpement.com\/futureco\/produit\/barre-de-seuil-profile-de-jonction-modele-102-meister\/","title":{"rendered":"Barre de seuil Profil\u00e9 de jonction Mod\u00e8le 102 MEISTER"},"content":{"rendered":"","protected":false},"excerpt":{"rendered":"<p>Pour joints de dilatation : compense des diff\u00e9rences de niveau jusqu\u2019\u00e0 3 mm<br \/>\nCompatible avec les sols design MeisterDesign. flex, MeisterDesign. life et MeisterDesign. rigid.<\/p>\n<p>En aluminium.<\/p>\n","protected":false},"featured_media":1000000134465,"template":"","meta":[],"product_brand":[4535],"product_cat":[47],"product_tag":[],"class_list":{"0":"post-7855","1":"product","2":"type-product","3":"status-publish","4":"has-post-thumbnail","6":"product_brand-meister-accessoire","7":"product_cat-plinthes-et-accessoires","8":"product_shipping_class-petit-equipement-outil-eclairage","10":"first","11":"instock","12":"taxable","13":"shipping-taxable","14":"purchasable","15":"product-type-variable"},"yoast_head":"<!-- This site is optimized with the Yoast SEO plugin v27.5 - https:\/\/yoast.com\/product\/yoast-seo-wordpress\/ -->\n<title>Barre de seuil Profil\u00e9 de jonction Mod\u00e8le 102 MEISTER<\/title>\n<meta name=\"description\" content=\"Pour joints de dilatation : compense des diff\u00e9rences de niveau jusqu\u2019\u00e0 3 mm Compatible avec les sols design MeisterDesign. flex, MeisterDesign. life et MeisterDesign. rigid.  En aluminium.\" \/>\n<meta name=\"robots\" content=\"noindex, nofollow\" \/>\n<meta property=\"og:locale\" content=\"fr_FR\" \/>\n<meta property=\"og:type\" content=\"article\" \/>\n<meta property=\"og:title\" content=\"Barre de seuil Profil\u00e9 de jonction Mod\u00e8le 102 MEISTER\" \/>\n<meta property=\"og:description\" content=\"Pour joints de dilatation : compense des diff\u00e9rences de niveau jusqu\u2019\u00e0 3 mm Compatible avec les sols design MeisterDesign. flex, MeisterDesign. life et MeisterDesign. rigid.  En aluminium.\" \/>\n<meta property=\"og:url\" content=\"https:\/\/nature-et-developpement.com\/futureco\/produit\/barre-de-seuil-profile-de-jonction-modele-102-meister\/\" \/>\n<meta property=\"og:site_name\" content=\"Futur&#039;Eco Mat\u00e9riaux\" \/>\n<meta property=\"article:modified_time\" content=\"2026-03-26T17:26:04+00:00\" \/>\n<meta name=\"twitter:card\" content=\"summary_large_image\" \/>\n<script type=\"application\/ld+json\" class=\"yoast-schema-graph\">{\"@context\":\"https:\\\/\\\/schema.org\",\"@graph\":[{\"@type\":\"WebPage\",\"@id\":\"https:\\\/\\\/nature-et-developpement.com\\\/futureco\\\/produit\\\/barre-de-seuil-profile-de-jonction-modele-102-meister\\\/\",\"url\":\"https:\\\/\\\/nature-et-developpement.com\\\/futureco\\\/produit\\\/barre-de-seuil-profile-de-jonction-modele-102-meister\\\/\",\"name\":\"Barre de seuil Profil\u00e9 de jonction Mod\u00e8le 102 MEISTER\",\"isPartOf\":{\"@id\":\"https:\\\/\\\/nature-et-developpement.com\\\/futureco\\\/#website\"},\"primaryImageOfPage\":{\"@id\":\"https:\\\/\\\/nature-et-developpement.com\\\/futureco\\\/produit\\\/barre-de-seuil-profile-de-jonction-modele-102-meister\\\/#primaryimage\"},\"image\":{\"@id\":\"https:\\\/\\\/nature-et-developpement.com\\\/futureco\\\/produit\\\/barre-de-seuil-profile-de-jonction-modele-102-meister\\\/#primaryimage\"},\"thumbnailUrl\":\"https:\\\/\\\/nature-et-developpement.com\\\/futureco\\\/wp-content\\\/uploads\\\/27711-Barre-de-seuil-Profile-de-jonction-Modele-102-MEISTER.jpg\",\"datePublished\":\"2020-04-22T13:03:26+00:00\",\"dateModified\":\"2026-03-26T17:26:04+00:00\",\"description\":\"Pour joints de dilatation : compense des diff\u00e9rences de niveau jusqu\u2019\u00e0 3 mm Compatible avec les sols design MeisterDesign. flex, MeisterDesign. life et MeisterDesign. rigid. En aluminium.\",\"breadcrumb\":{\"@id\":\"https:\\\/\\\/nature-et-developpement.com\\\/futureco\\\/produit\\\/barre-de-seuil-profile-de-jonction-modele-102-meister\\\/#breadcrumb\"},\"inLanguage\":\"fr-FR\",\"potentialAction\":[{\"@type\":\"ReadAction\",\"target\":[\"https:\\\/\\\/nature-et-developpement.com\\\/futureco\\\/produit\\\/barre-de-seuil-profile-de-jonction-modele-102-meister\\\/\"]}]},{\"@type\":\"ImageObject\",\"inLanguage\":\"fr-FR\",\"@id\":\"https:\\\/\\\/nature-et-developpement.com\\\/futureco\\\/produit\\\/barre-de-seuil-profile-de-jonction-modele-102-meister\\\/#primaryimage\",\"url\":\"https:\\\/\\\/nature-et-developpement.com\\\/futureco\\\/wp-content\\\/uploads\\\/27711-Barre-de-seuil-Profile-de-jonction-Modele-102-MEISTER.jpg\",\"contentUrl\":\"https:\\\/\\\/nature-et-developpement.com\\\/futureco\\\/wp-content\\\/uploads\\\/27711-Barre-de-seuil-Profile-de-jonction-Modele-102-MEISTER.jpg\"},{\"@type\":\"BreadcrumbList\",\"@id\":\"https:\\\/\\\/nature-et-developpement.com\\\/futureco\\\/produit\\\/barre-de-seuil-profile-de-jonction-modele-102-meister\\\/#breadcrumb\",\"itemListElement\":[{\"@type\":\"ListItem\",\"position\":1,\"name\":\"Accueil\",\"item\":\"https:\\\/\\\/nature-et-developpement.com\\\/futureco\\\/\"},{\"@type\":\"ListItem\",\"position\":2,\"name\":\"Produits\",\"item\":\"https:\\\/\\\/nature-et-developpement.com\\\/futureco\\\/shop\\\/\"},{\"@type\":\"ListItem\",\"position\":3,\"name\":\"Parquets bois, stratifi\u00e9s et li\u00e8ge\",\"item\":\"https:\\\/\\\/nature-et-developpement.com\\\/futureco\\\/produits\\\/parquet-et-sol-naturels\\\/\"},{\"@type\":\"ListItem\",\"position\":4,\"name\":\"Plinthes et accessoires\",\"item\":\"https:\\\/\\\/nature-et-developpement.com\\\/futureco\\\/produits\\\/parquet-et-sol-naturels\\\/plinthes-et-accessoires\\\/\"},{\"@type\":\"ListItem\",\"position\":5,\"name\":\"Barre de seuil Profil\u00e9 de jonction Mod\u00e8le 102 MEISTER\"}]},{\"@type\":\"WebSite\",\"@id\":\"https:\\\/\\\/nature-et-developpement.com\\\/futureco\\\/#website\",\"url\":\"https:\\\/\\\/nature-et-developpement.com\\\/futureco\\\/\",\"name\":\"Futur&#039;Eco Mat\u00e9riaux\",\"description\":\"Futur Eco Mat\u00e9riaux est membre du groupement Nature &amp; D\u00e9veloppement\",\"publisher\":{\"@id\":\"https:\\\/\\\/nature-et-developpement.com\\\/futureco\\\/#organization\"},\"potentialAction\":[{\"@type\":\"SearchAction\",\"target\":{\"@type\":\"EntryPoint\",\"urlTemplate\":\"https:\\\/\\\/nature-et-developpement.com\\\/futureco\\\/?s={search_term_string}\"},\"query-input\":{\"@type\":\"PropertyValueSpecification\",\"valueRequired\":true,\"valueName\":\"search_term_string\"}}],\"inLanguage\":\"fr-FR\"},{\"@type\":\"Organization\",\"@id\":\"https:\\\/\\\/nature-et-developpement.com\\\/futureco\\\/#organization\",\"name\":\"Futur Eco Materiaux\",\"url\":\"https:\\\/\\\/nature-et-developpement.com\\\/futureco\\\/\",\"logo\":{\"@type\":\"ImageObject\",\"inLanguage\":\"fr-FR\",\"@id\":\"https:\\\/\\\/nature-et-developpement.com\\\/futureco\\\/#\\\/schema\\\/logo\\\/image\\\/\",\"url\":\"https:\\\/\\\/nature-et-developpement.com\\\/futureco\\\/wp-content\\\/uploads\\\/sites\\\/16\\\/2021\\\/09\\\/logo-futur-eco-materiaux.jpg\",\"contentUrl\":\"https:\\\/\\\/nature-et-developpement.com\\\/futureco\\\/wp-content\\\/uploads\\\/sites\\\/16\\\/2021\\\/09\\\/logo-futur-eco-materiaux.jpg\",\"width\":500,\"height\":94,\"caption\":\"Futur Eco Materiaux\"},\"image\":{\"@id\":\"https:\\\/\\\/nature-et-developpement.com\\\/futureco\\\/#\\\/schema\\\/logo\\\/image\\\/\"}}]}<\/script>\n<!-- \/ Yoast SEO plugin. -->","yoast_head_json":{"title":"Barre de seuil Profil\u00e9 de jonction Mod\u00e8le 102 MEISTER","description":"Pour joints de dilatation : compense des diff\u00e9rences de niveau jusqu\u2019\u00e0 3 mm Compatible avec les sols design MeisterDesign. flex, MeisterDesign. life et MeisterDesign. rigid.  En aluminium.","robots":{"index":"noindex","follow":"nofollow"},"og_locale":"fr_FR","og_type":"article","og_title":"Barre de seuil Profil\u00e9 de jonction Mod\u00e8le 102 MEISTER","og_description":"Pour joints de dilatation : compense des diff\u00e9rences de niveau jusqu\u2019\u00e0 3 mm Compatible avec les sols design MeisterDesign. flex, MeisterDesign. life et MeisterDesign. rigid.  En aluminium.","og_url":"https:\/\/nature-et-developpement.com\/futureco\/produit\/barre-de-seuil-profile-de-jonction-modele-102-meister\/","og_site_name":"Futur&#039;Eco Mat\u00e9riaux","article_modified_time":"2026-03-26T17:26:04+00:00","twitter_card":"summary_large_image","schema":{"@context":"https:\/\/schema.org","@graph":[{"@type":"WebPage","@id":"https:\/\/nature-et-developpement.com\/futureco\/produit\/barre-de-seuil-profile-de-jonction-modele-102-meister\/","url":"https:\/\/nature-et-developpement.com\/futureco\/produit\/barre-de-seuil-profile-de-jonction-modele-102-meister\/","name":"Barre de seuil Profil\u00e9 de jonction Mod\u00e8le 102 MEISTER","isPartOf":{"@id":"https:\/\/nature-et-developpement.com\/futureco\/#website"},"primaryImageOfPage":{"@id":"https:\/\/nature-et-developpement.com\/futureco\/produit\/barre-de-seuil-profile-de-jonction-modele-102-meister\/#primaryimage"},"image":{"@id":"https:\/\/nature-et-developpement.com\/futureco\/produit\/barre-de-seuil-profile-de-jonction-modele-102-meister\/#primaryimage"},"thumbnailUrl":"https:\/\/nature-et-developpement.com\/futureco\/wp-content\/uploads\/27711-Barre-de-seuil-Profile-de-jonction-Modele-102-MEISTER.jpg","datePublished":"2020-04-22T13:03:26+00:00","dateModified":"2026-03-26T17:26:04+00:00","description":"Pour joints de dilatation : compense des diff\u00e9rences de niveau jusqu\u2019\u00e0 3 mm Compatible avec les sols design MeisterDesign. flex, MeisterDesign. life et MeisterDesign. rigid. En aluminium.","breadcrumb":{"@id":"https:\/\/nature-et-developpement.com\/futureco\/produit\/barre-de-seuil-profile-de-jonction-modele-102-meister\/#breadcrumb"},"inLanguage":"fr-FR","potentialAction":[{"@type":"ReadAction","target":["https:\/\/nature-et-developpement.com\/futureco\/produit\/barre-de-seuil-profile-de-jonction-modele-102-meister\/"]}]},{"@type":"ImageObject","inLanguage":"fr-FR","@id":"https:\/\/nature-et-developpement.com\/futureco\/produit\/barre-de-seuil-profile-de-jonction-modele-102-meister\/#primaryimage","url":"https:\/\/nature-et-developpement.com\/futureco\/wp-content\/uploads\/27711-Barre-de-seuil-Profile-de-jonction-Modele-102-MEISTER.jpg","contentUrl":"https:\/\/nature-et-developpement.com\/futureco\/wp-content\/uploads\/27711-Barre-de-seuil-Profile-de-jonction-Modele-102-MEISTER.jpg"},{"@type":"BreadcrumbList","@id":"https:\/\/nature-et-developpement.com\/futureco\/produit\/barre-de-seuil-profile-de-jonction-modele-102-meister\/#breadcrumb","itemListElement":[{"@type":"ListItem","position":1,"name":"Accueil","item":"https:\/\/nature-et-developpement.com\/futureco\/"},{"@type":"ListItem","position":2,"name":"Produits","item":"https:\/\/nature-et-developpement.com\/futureco\/shop\/"},{"@type":"ListItem","position":3,"name":"Parquets bois, stratifi\u00e9s et li\u00e8ge","item":"https:\/\/nature-et-developpement.com\/futureco\/produits\/parquet-et-sol-naturels\/"},{"@type":"ListItem","position":4,"name":"Plinthes et accessoires","item":"https:\/\/nature-et-developpement.com\/futureco\/produits\/parquet-et-sol-naturels\/plinthes-et-accessoires\/"},{"@type":"ListItem","position":5,"name":"Barre de seuil Profil\u00e9 de jonction Mod\u00e8le 102 MEISTER"}]},{"@type":"WebSite","@id":"https:\/\/nature-et-developpement.com\/futureco\/#website","url":"https:\/\/nature-et-developpement.com\/futureco\/","name":"Futur&#039;Eco Mat\u00e9riaux","description":"Futur Eco Mat\u00e9riaux est membre du groupement Nature &amp; D\u00e9veloppement","publisher":{"@id":"https:\/\/nature-et-developpement.com\/futureco\/#organization"},"potentialAction":[{"@type":"SearchAction","target":{"@type":"EntryPoint","urlTemplate":"https:\/\/nature-et-developpement.com\/futureco\/?s={search_term_string}"},"query-input":{"@type":"PropertyValueSpecification","valueRequired":true,"valueName":"search_term_string"}}],"inLanguage":"fr-FR"},{"@type":"Organization","@id":"https:\/\/nature-et-developpement.com\/futureco\/#organization","name":"Futur Eco Materiaux","url":"https:\/\/nature-et-developpement.com\/futureco\/","logo":{"@type":"ImageObject","inLanguage":"fr-FR","@id":"https:\/\/nature-et-developpement.com\/futureco\/#\/schema\/logo\/image\/","url":"https:\/\/nature-et-developpement.com\/futureco\/wp-content\/uploads\/sites\/16\/2021\/09\/logo-futur-eco-materiaux.jpg","contentUrl":"https:\/\/nature-et-developpement.com\/futureco\/wp-content\/uploads\/sites\/16\/2021\/09\/logo-futur-eco-materiaux.jpg","width":500,"height":94,"caption":"Futur Eco Materiaux"},"image":{"@id":"https:\/\/nature-et-developpement.com\/futureco\/#\/schema\/logo\/image\/"}}]}},"distributor_meta":false,"distributor_terms":false,"distributor_media":false,"distributor_original_site_name":"Futur&#039;Eco Mat\u00e9riaux","distributor_original_site_url":"https:\/\/nature-et-developpement.com\/futureco","push-errors":false,"_links":{"self":[{"href":"https:\/\/nature-et-developpement.com\/futureco\/wp-json\/wp\/v2\/product\/7855","targetHints":{"allow":["GET"]}}],"collection":[{"href":"https:\/\/nature-et-developpement.com\/futureco\/wp-json\/wp\/v2\/product"}],"about":[{"href":"https:\/\/nature-et-developpement.com\/futureco\/wp-json\/wp\/v2\/types\/product"}],"wp:featuredmedia":[{"embeddable":true,"href":"https:\/\/nature-et-developpement.com\/futureco\/wp-json\/"}],"wp:attachment":[{"href":"https:\/\/nature-et-developpement.com\/futureco\/wp-json\/wp\/v2\/media?parent=7855"}],"wp:term":[{"taxonomy":"product_brand","embeddable":true,"href":"https:\/\/nature-et-developpement.com\/futureco\/wp-json\/wp\/v2\/product_brand?post=7855"},{"taxonomy":"product_cat","embeddable":true,"href":"https:\/\/nature-et-developpement.com\/futureco\/wp-json\/wp\/v2\/product_cat?post=7855"},{"taxonomy":"product_tag","embeddable":true,"href":"https:\/\/nature-et-developpement.com\/futureco\/wp-json\/wp\/v2\/product_tag?post=7855"}],"curies":[{"name":"wp","href":"https:\/\/api.w.org\/{rel}","templated":true}]}}