{"id":9072,"date":"2019-08-07T16:51:46","date_gmt":"2019-08-07T14:51:46","guid":{"rendered":"https:\/\/nature-et-developpement.com\/futureco\/produit\/interrupteur-automatique-de-champ-iac-gigahertz-comfort-7\/"},"modified":"2025-06-13T16:54:09","modified_gmt":"2025-06-13T14:54:09","slug":"interrupteur-automatique-de-champ-iac-gigahertz-comfort-7","status":"publish","type":"product","link":"https:\/\/nature-et-developpement.com\/futureco\/produit\/interrupteur-automatique-de-champ-iac-gigahertz-comfort-7\/","title":{"rendered":"Interrupteur automatique de champ (IAC) GIGAHERTZ COMFORT 7"},"content":{"rendered":"<p>Boitier \u00e0 installer sur le tableau \u00e9lectrique, en aval du disjoncteur concernant la zone \u00e0 prot\u00e9ger. Les IAC\u00a0<i>Gigahertz<\/i>\u00a0reconnaissent aussi les ampoules \u00e0 \u00e9conomie d\u2019\u00e9nergie, les tubes et les variateurs.<\/p>\n<p>Comprend une diode de contr\u00f4le indiquant si le courant est coup\u00e9 ou pas.<\/p>\n<p>Pr\u00e9conis\u00e9 principalement pour les chambres, lieu o\u00f9 l&rsquo;on reste longtemps et immobile.<\/p>\n","protected":false},"excerpt":{"rendered":"<p><span>Quand la consommation de courant cesse dans une pi\u00e8ce, cet appareil le d\u00e9tecte et coupe le courant \u00e0 sa source. Il supprime ainsi toute pollution \u00e9lectrique sur le r\u00e9seau de vos chambres \u00e0 coucher pendant que vous dormez. La qualit\u00e9 du sommeil en est tr\u00e8s nettement am\u00e9lior\u00e9e.<\/span><\/p>\n","protected":false},"featured_media":9071,"template":"","meta":[],"product_brand":[],"product_cat":[2170,323],"product_tag":[],"class_list":{"0":"post-9072","1":"product","2":"type-product","3":"status-publish","4":"has-post-thumbnail","6":"product_cat-bio-electricite","7":"product_cat-energie-et-ventilation","8":"product_shipping_class-petit-equipement","10":"first","11":"instock","12":"taxable","13":"shipping-taxable","14":"purchasable","15":"product-type-simple"},"yoast_head":"<!-- This site is optimized with the Yoast SEO plugin v27.5 - https:\/\/yoast.com\/product\/yoast-seo-wordpress\/ -->\n<title>Interrupteur automatique de champ (IAC) GIGAHERTZ COMFORT 7<\/title>\n<meta name=\"description\" content=\"Quand la consommation de courant cesse dans une pi\u00e8ce, cet appareil le d\u00e9tecte et coupe le courant \u00e0 sa source. Il supprime ainsi toute pollution \u00e9lectrique sur le r\u00e9seau de vos chambres \u00e0 coucher pendant que vous dormez. La qualit\u00e9 du sommeil en est tr\u00e8s nettement am\u00e9lior\u00e9e.\" \/>\n<meta name=\"robots\" content=\"noindex, follow\" \/>\n<meta property=\"og:locale\" content=\"fr_FR\" \/>\n<meta property=\"og:type\" content=\"article\" \/>\n<meta property=\"og:title\" content=\"Interrupteur automatique de champ (IAC) GIGAHERTZ COMFORT 7\" \/>\n<meta property=\"og:description\" content=\"Quand la consommation de courant cesse dans une pi\u00e8ce, cet appareil le d\u00e9tecte et coupe le courant \u00e0 sa source. Il supprime ainsi toute pollution \u00e9lectrique sur le r\u00e9seau de vos chambres \u00e0 coucher pendant que vous dormez. La qualit\u00e9 du sommeil en est tr\u00e8s nettement am\u00e9lior\u00e9e.\" \/>\n<meta property=\"og:url\" content=\"https:\/\/nature-et-developpement.com\/futureco\/produit\/interrupteur-automatique-de-champ-iac-gigahertz-comfort-7\/\" \/>\n<meta property=\"og:site_name\" content=\"Futur&#039;Eco Mat\u00e9riaux\" \/>\n<meta property=\"article:modified_time\" content=\"2025-06-13T14:54:09+00:00\" \/>\n<meta property=\"og:image\" content=\"https:\/\/nature-et-developpement.com\/futureco\/wp-content\/uploads\/sites\/16\/2021\/06\/25584-Interrupteur-automatique-de-champ-IAC-GIGAHERTZ-COMFORT-7.jpg\" \/>\n\t<meta property=\"og:image:width\" content=\"800\" \/>\n\t<meta property=\"og:image:height\" content=\"800\" \/>\n\t<meta property=\"og:image:type\" content=\"image\/jpeg\" \/>\n<meta name=\"twitter:card\" content=\"summary_large_image\" \/>\n<script type=\"application\/ld+json\" class=\"yoast-schema-graph\">{\"@context\":\"https:\\\/\\\/schema.org\",\"@graph\":[{\"@type\":\"WebPage\",\"@id\":\"https:\\\/\\\/nature-et-developpement.com\\\/futureco\\\/produit\\\/interrupteur-automatique-de-champ-iac-gigahertz-comfort-7\\\/\",\"url\":\"https:\\\/\\\/nature-et-developpement.com\\\/futureco\\\/produit\\\/interrupteur-automatique-de-champ-iac-gigahertz-comfort-7\\\/\",\"name\":\"Interrupteur automatique de champ (IAC) GIGAHERTZ COMFORT 7\",\"isPartOf\":{\"@id\":\"https:\\\/\\\/nature-et-developpement.com\\\/futureco\\\/#website\"},\"primaryImageOfPage\":{\"@id\":\"https:\\\/\\\/nature-et-developpement.com\\\/futureco\\\/produit\\\/interrupteur-automatique-de-champ-iac-gigahertz-comfort-7\\\/#primaryimage\"},\"image\":{\"@id\":\"https:\\\/\\\/nature-et-developpement.com\\\/futureco\\\/produit\\\/interrupteur-automatique-de-champ-iac-gigahertz-comfort-7\\\/#primaryimage\"},\"thumbnailUrl\":\"https:\\\/\\\/nature-et-developpement.com\\\/futureco\\\/wp-content\\\/uploads\\\/sites\\\/16\\\/2021\\\/06\\\/25584-Interrupteur-automatique-de-champ-IAC-GIGAHERTZ-COMFORT-7.jpg\",\"datePublished\":\"2019-08-07T14:51:46+00:00\",\"dateModified\":\"2025-06-13T14:54:09+00:00\",\"description\":\"Quand la consommation de courant cesse dans une pi\u00e8ce, cet appareil le d\u00e9tecte et coupe le courant \u00e0 sa source. Il supprime ainsi toute pollution \u00e9lectrique sur le r\u00e9seau de vos chambres \u00e0 coucher pendant que vous dormez. La qualit\u00e9 du sommeil en est tr\u00e8s nettement am\u00e9lior\u00e9e.\",\"breadcrumb\":{\"@id\":\"https:\\\/\\\/nature-et-developpement.com\\\/futureco\\\/produit\\\/interrupteur-automatique-de-champ-iac-gigahertz-comfort-7\\\/#breadcrumb\"},\"inLanguage\":\"fr-FR\",\"potentialAction\":[{\"@type\":\"ReadAction\",\"target\":[\"https:\\\/\\\/nature-et-developpement.com\\\/futureco\\\/produit\\\/interrupteur-automatique-de-champ-iac-gigahertz-comfort-7\\\/\"]}]},{\"@type\":\"ImageObject\",\"inLanguage\":\"fr-FR\",\"@id\":\"https:\\\/\\\/nature-et-developpement.com\\\/futureco\\\/produit\\\/interrupteur-automatique-de-champ-iac-gigahertz-comfort-7\\\/#primaryimage\",\"url\":\"https:\\\/\\\/nature-et-developpement.com\\\/futureco\\\/wp-content\\\/uploads\\\/sites\\\/16\\\/2021\\\/06\\\/25584-Interrupteur-automatique-de-champ-IAC-GIGAHERTZ-COMFORT-7.jpg\",\"contentUrl\":\"https:\\\/\\\/nature-et-developpement.com\\\/futureco\\\/wp-content\\\/uploads\\\/sites\\\/16\\\/2021\\\/06\\\/25584-Interrupteur-automatique-de-champ-IAC-GIGAHERTZ-COMFORT-7.jpg\",\"width\":800,\"height\":800,\"caption\":\"Interrupteur automatique de champ (IAC) GIGAHERTZ COMFORT 7\"},{\"@type\":\"BreadcrumbList\",\"@id\":\"https:\\\/\\\/nature-et-developpement.com\\\/futureco\\\/produit\\\/interrupteur-automatique-de-champ-iac-gigahertz-comfort-7\\\/#breadcrumb\",\"itemListElement\":[{\"@type\":\"ListItem\",\"position\":1,\"name\":\"Accueil\",\"item\":\"https:\\\/\\\/nature-et-developpement.com\\\/futureco\\\/\"},{\"@type\":\"ListItem\",\"position\":2,\"name\":\"Produits\",\"item\":\"https:\\\/\\\/nature-et-developpement.com\\\/futureco\\\/shop\\\/\"},{\"@type\":\"ListItem\",\"position\":3,\"name\":\"Chauffage, eau et \u00e9nergie\",\"item\":\"https:\\\/\\\/nature-et-developpement.com\\\/futureco\\\/produits\\\/energie-et-ventilation\\\/\"},{\"@type\":\"ListItem\",\"position\":4,\"name\":\"Bio \u00e9lectricit\u00e9\",\"item\":\"https:\\\/\\\/nature-et-developpement.com\\\/futureco\\\/produits\\\/energie-et-ventilation\\\/bio-electricite\\\/\"},{\"@type\":\"ListItem\",\"position\":5,\"name\":\"Interrupteur automatique de champ (IAC) GIGAHERTZ COMFORT 7\"}]},{\"@type\":\"WebSite\",\"@id\":\"https:\\\/\\\/nature-et-developpement.com\\\/futureco\\\/#website\",\"url\":\"https:\\\/\\\/nature-et-developpement.com\\\/futureco\\\/\",\"name\":\"Futur&#039;Eco Mat\u00e9riaux\",\"description\":\"Futur Eco Mat\u00e9riaux est membre du groupement Nature &amp; D\u00e9veloppement\",\"publisher\":{\"@id\":\"https:\\\/\\\/nature-et-developpement.com\\\/futureco\\\/#organization\"},\"potentialAction\":[{\"@type\":\"SearchAction\",\"target\":{\"@type\":\"EntryPoint\",\"urlTemplate\":\"https:\\\/\\\/nature-et-developpement.com\\\/futureco\\\/?s={search_term_string}\"},\"query-input\":{\"@type\":\"PropertyValueSpecification\",\"valueRequired\":true,\"valueName\":\"search_term_string\"}}],\"inLanguage\":\"fr-FR\"},{\"@type\":\"Organization\",\"@id\":\"https:\\\/\\\/nature-et-developpement.com\\\/futureco\\\/#organization\",\"name\":\"Futur Eco Materiaux\",\"url\":\"https:\\\/\\\/nature-et-developpement.com\\\/futureco\\\/\",\"logo\":{\"@type\":\"ImageObject\",\"inLanguage\":\"fr-FR\",\"@id\":\"https:\\\/\\\/nature-et-developpement.com\\\/futureco\\\/#\\\/schema\\\/logo\\\/image\\\/\",\"url\":\"https:\\\/\\\/nature-et-developpement.com\\\/futureco\\\/wp-content\\\/uploads\\\/sites\\\/16\\\/2021\\\/09\\\/logo-futur-eco-materiaux.jpg\",\"contentUrl\":\"https:\\\/\\\/nature-et-developpement.com\\\/futureco\\\/wp-content\\\/uploads\\\/sites\\\/16\\\/2021\\\/09\\\/logo-futur-eco-materiaux.jpg\",\"width\":500,\"height\":94,\"caption\":\"Futur Eco Materiaux\"},\"image\":{\"@id\":\"https:\\\/\\\/nature-et-developpement.com\\\/futureco\\\/#\\\/schema\\\/logo\\\/image\\\/\"}}]}<\/script>\n<!-- \/ Yoast SEO plugin. -->","yoast_head_json":{"title":"Interrupteur automatique de champ (IAC) GIGAHERTZ COMFORT 7","description":"Quand la consommation de courant cesse dans une pi\u00e8ce, cet appareil le d\u00e9tecte et coupe le courant \u00e0 sa source. Il supprime ainsi toute pollution \u00e9lectrique sur le r\u00e9seau de vos chambres \u00e0 coucher pendant que vous dormez. La qualit\u00e9 du sommeil en est tr\u00e8s nettement am\u00e9lior\u00e9e.","robots":{"index":"noindex","follow":"follow"},"og_locale":"fr_FR","og_type":"article","og_title":"Interrupteur automatique de champ (IAC) GIGAHERTZ COMFORT 7","og_description":"Quand la consommation de courant cesse dans une pi\u00e8ce, cet appareil le d\u00e9tecte et coupe le courant \u00e0 sa source. Il supprime ainsi toute pollution \u00e9lectrique sur le r\u00e9seau de vos chambres \u00e0 coucher pendant que vous dormez. La qualit\u00e9 du sommeil en est tr\u00e8s nettement am\u00e9lior\u00e9e.","og_url":"https:\/\/nature-et-developpement.com\/futureco\/produit\/interrupteur-automatique-de-champ-iac-gigahertz-comfort-7\/","og_site_name":"Futur&#039;Eco Mat\u00e9riaux","article_modified_time":"2025-06-13T14:54:09+00:00","og_image":[{"width":800,"height":800,"url":"https:\/\/nature-et-developpement.com\/futureco\/wp-content\/uploads\/sites\/16\/2021\/06\/25584-Interrupteur-automatique-de-champ-IAC-GIGAHERTZ-COMFORT-7.jpg","type":"image\/jpeg"}],"twitter_card":"summary_large_image","schema":{"@context":"https:\/\/schema.org","@graph":[{"@type":"WebPage","@id":"https:\/\/nature-et-developpement.com\/futureco\/produit\/interrupteur-automatique-de-champ-iac-gigahertz-comfort-7\/","url":"https:\/\/nature-et-developpement.com\/futureco\/produit\/interrupteur-automatique-de-champ-iac-gigahertz-comfort-7\/","name":"Interrupteur automatique de champ (IAC) GIGAHERTZ COMFORT 7","isPartOf":{"@id":"https:\/\/nature-et-developpement.com\/futureco\/#website"},"primaryImageOfPage":{"@id":"https:\/\/nature-et-developpement.com\/futureco\/produit\/interrupteur-automatique-de-champ-iac-gigahertz-comfort-7\/#primaryimage"},"image":{"@id":"https:\/\/nature-et-developpement.com\/futureco\/produit\/interrupteur-automatique-de-champ-iac-gigahertz-comfort-7\/#primaryimage"},"thumbnailUrl":"https:\/\/nature-et-developpement.com\/futureco\/wp-content\/uploads\/sites\/16\/2021\/06\/25584-Interrupteur-automatique-de-champ-IAC-GIGAHERTZ-COMFORT-7.jpg","datePublished":"2019-08-07T14:51:46+00:00","dateModified":"2025-06-13T14:54:09+00:00","description":"Quand la consommation de courant cesse dans une pi\u00e8ce, cet appareil le d\u00e9tecte et coupe le courant \u00e0 sa source. Il supprime ainsi toute pollution \u00e9lectrique sur le r\u00e9seau de vos chambres \u00e0 coucher pendant que vous dormez. La qualit\u00e9 du sommeil en est tr\u00e8s nettement am\u00e9lior\u00e9e.","breadcrumb":{"@id":"https:\/\/nature-et-developpement.com\/futureco\/produit\/interrupteur-automatique-de-champ-iac-gigahertz-comfort-7\/#breadcrumb"},"inLanguage":"fr-FR","potentialAction":[{"@type":"ReadAction","target":["https:\/\/nature-et-developpement.com\/futureco\/produit\/interrupteur-automatique-de-champ-iac-gigahertz-comfort-7\/"]}]},{"@type":"ImageObject","inLanguage":"fr-FR","@id":"https:\/\/nature-et-developpement.com\/futureco\/produit\/interrupteur-automatique-de-champ-iac-gigahertz-comfort-7\/#primaryimage","url":"https:\/\/nature-et-developpement.com\/futureco\/wp-content\/uploads\/sites\/16\/2021\/06\/25584-Interrupteur-automatique-de-champ-IAC-GIGAHERTZ-COMFORT-7.jpg","contentUrl":"https:\/\/nature-et-developpement.com\/futureco\/wp-content\/uploads\/sites\/16\/2021\/06\/25584-Interrupteur-automatique-de-champ-IAC-GIGAHERTZ-COMFORT-7.jpg","width":800,"height":800,"caption":"Interrupteur automatique de champ (IAC) GIGAHERTZ COMFORT 7"},{"@type":"BreadcrumbList","@id":"https:\/\/nature-et-developpement.com\/futureco\/produit\/interrupteur-automatique-de-champ-iac-gigahertz-comfort-7\/#breadcrumb","itemListElement":[{"@type":"ListItem","position":1,"name":"Accueil","item":"https:\/\/nature-et-developpement.com\/futureco\/"},{"@type":"ListItem","position":2,"name":"Produits","item":"https:\/\/nature-et-developpement.com\/futureco\/shop\/"},{"@type":"ListItem","position":3,"name":"Chauffage, eau et \u00e9nergie","item":"https:\/\/nature-et-developpement.com\/futureco\/produits\/energie-et-ventilation\/"},{"@type":"ListItem","position":4,"name":"Bio \u00e9lectricit\u00e9","item":"https:\/\/nature-et-developpement.com\/futureco\/produits\/energie-et-ventilation\/bio-electricite\/"},{"@type":"ListItem","position":5,"name":"Interrupteur automatique de champ (IAC) GIGAHERTZ COMFORT 7"}]},{"@type":"WebSite","@id":"https:\/\/nature-et-developpement.com\/futureco\/#website","url":"https:\/\/nature-et-developpement.com\/futureco\/","name":"Futur&#039;Eco Mat\u00e9riaux","description":"Futur Eco Mat\u00e9riaux est membre du groupement Nature &amp; D\u00e9veloppement","publisher":{"@id":"https:\/\/nature-et-developpement.com\/futureco\/#organization"},"potentialAction":[{"@type":"SearchAction","target":{"@type":"EntryPoint","urlTemplate":"https:\/\/nature-et-developpement.com\/futureco\/?s={search_term_string}"},"query-input":{"@type":"PropertyValueSpecification","valueRequired":true,"valueName":"search_term_string"}}],"inLanguage":"fr-FR"},{"@type":"Organization","@id":"https:\/\/nature-et-developpement.com\/futureco\/#organization","name":"Futur Eco Materiaux","url":"https:\/\/nature-et-developpement.com\/futureco\/","logo":{"@type":"ImageObject","inLanguage":"fr-FR","@id":"https:\/\/nature-et-developpement.com\/futureco\/#\/schema\/logo\/image\/","url":"https:\/\/nature-et-developpement.com\/futureco\/wp-content\/uploads\/sites\/16\/2021\/09\/logo-futur-eco-materiaux.jpg","contentUrl":"https:\/\/nature-et-developpement.com\/futureco\/wp-content\/uploads\/sites\/16\/2021\/09\/logo-futur-eco-materiaux.jpg","width":500,"height":94,"caption":"Futur Eco Materiaux"},"image":{"@id":"https:\/\/nature-et-developpement.com\/futureco\/#\/schema\/logo\/image\/"}}]}},"distributor_meta":false,"distributor_terms":false,"distributor_media":false,"distributor_original_site_name":"Futur&#039;Eco Mat\u00e9riaux","distributor_original_site_url":"https:\/\/nature-et-developpement.com\/futureco","push-errors":false,"_links":{"self":[{"href":"https:\/\/nature-et-developpement.com\/futureco\/wp-json\/wp\/v2\/product\/9072","targetHints":{"allow":["GET"]}}],"collection":[{"href":"https:\/\/nature-et-developpement.com\/futureco\/wp-json\/wp\/v2\/product"}],"about":[{"href":"https:\/\/nature-et-developpement.com\/futureco\/wp-json\/wp\/v2\/types\/product"}],"wp:featuredmedia":[{"embeddable":true,"href":"https:\/\/nature-et-developpement.com\/futureco\/wp-json\/wp\/v2\/media\/9071"}],"wp:attachment":[{"href":"https:\/\/nature-et-developpement.com\/futureco\/wp-json\/wp\/v2\/media?parent=9072"}],"wp:term":[{"taxonomy":"product_brand","embeddable":true,"href":"https:\/\/nature-et-developpement.com\/futureco\/wp-json\/wp\/v2\/product_brand?post=9072"},{"taxonomy":"product_cat","embeddable":true,"href":"https:\/\/nature-et-developpement.com\/futureco\/wp-json\/wp\/v2\/product_cat?post=9072"},{"taxonomy":"product_tag","embeddable":true,"href":"https:\/\/nature-et-developpement.com\/futureco\/wp-json\/wp\/v2\/product_tag?post=9072"}],"curies":[{"name":"wp","href":"https:\/\/api.w.org\/{rel}","templated":true}]}}