{"id":28738,"date":"2018-04-20T15:25:30","date_gmt":"2018-04-20T13:25:30","guid":{"rendered":"https:\/\/nature-et-developpement.com\/hen\/produit\/panneau-rigide-support-d-enduit-thermowall-gutex\/"},"modified":"2025-12-11T00:30:12","modified_gmt":"2025-12-10T23:30:12","slug":"panneau-rigide-support-d-enduit-thermowall-gutex","status":"publish","type":"product","link":"https:\/\/nature-et-developpement.com\/hen\/produit\/panneau-rigide-support-d-enduit-thermowall-gutex\/","title":{"rendered":"Panneau rigide support d&rsquo;enduit Thermowall Gutex"},"content":{"rendered":"<h2>GUTEX Thermowall<\/h2>\n<ul class=\"no-bullet downloads\">\n<li>\u00c9l\u00e9ment du syst\u00e8me d&rsquo;isolation thermique ext\u00e9rieure GUTEX qui poss\u00e8de l\u2019agr\u00e9ment technique en mati\u00e8re de construction<\/li>\n<li>R\u00e9siste aux chocs<\/li>\n<li>Am\u00e9liore l&rsquo;isolation phonique<\/li>\n<li>Pose plus rapide et ais\u00e9e gr\u00e2ce \u00e0 une pr\u00e9cision dimensionnelle \u00e9lev\u00e9e<\/li>\n<li>Profil de la densit\u00e9 brute monocouche et homog\u00e8ne<\/li>\n<li>Isolation thermique optimale<\/li>\n<li>Excellente capacit\u00e9 de stockage de la chaleur, bonne protection contre la chaleur en \u00e9t\u00e9 et contre le froid en hiver<\/li>\n<li>Ouvert \u00e0 la diffusion et r\u00e9gule l&rsquo;humidit\u00e9<\/li>\n<li>En bois, mati\u00e8re premi\u00e8re renouvelable<\/li>\n<li>Recyclable<\/li>\n<li>Sans risque suivant les principes de l\u2019\u00e9coconstruction (certifi\u00e9 natureplus\u00a9)<\/li>\n<li>fabriqu\u00e9 en Allemagne (For\u00eat-Noire)<\/li>\n<\/ul>\n<h3>Veuillez tenir compte des remarques suivantes:<\/h3>\n<div class=\"row\">\n<div class=\"column medium-up-column-count-2\">\n<div class=\"instruction\">\n<h5>CONSEILS POUR LA POSE:<\/h5>\n<p>Veuillez vous reporter \u00e0 la brochure \u00ab\u00a0Le syst\u00e8me d&rsquo;isolation thermique ext\u00e9rieure GUTEX Thermowall\u00a0\u00bb, vous y trouverez des conseils pour la pose d\u00e9taill\u00e9s concernant le montage des panneaux, les fixations et la pose de l&rsquo;enduit.<\/p>\n<\/div>\n<\/div>\n<\/div>\n","protected":false},"excerpt":{"rendered":"<p><strong>GUTEX Thermowall<\/strong> est le panneau supportant le cr\u00e9pi pour les syst\u00e8mes d\u2019isolation thermique ext\u00e9rieure de fa\u00e7ade \u00e9cologique \u00e0 profil \u00e9tanche homog\u00e8ne \u00e0 une couche.<\/p>\n<p><strong>Certification ACERMI<\/strong><br \/>\n<span style=\"color: #2aa4a9;\"><em><strong>\u00c9ligible aux aides gouvernementales<\/strong><\/em><\/span><\/p>\n","protected":false},"featured_media":1000000169714,"template":"","meta":[],"product_brand":[2754],"product_cat":[4144],"product_tag":[],"class_list":{"0":"post-28738","1":"product","2":"type-product","3":"status-publish","4":"has-post-thumbnail","6":"product_brand-gutex","7":"product_cat-isolation-exterieure","9":"first","10":"instock","11":"taxable","12":"shipping-taxable","13":"purchasable","14":"product-type-variable"},"yoast_head":"<!-- This site is optimized with the Yoast SEO plugin v27.5 - https:\/\/yoast.com\/product\/yoast-seo-wordpress\/ -->\n<title>Panneau rigide support d&#039;enduit Thermowall Gutex<\/title>\n<meta name=\"description\" content=\"GUTEX Thermowall est le panneau supportant le cr\u00e9pi pour les syst\u00e8mes d\u2019isolation thermique ext\u00e9rieure de fa\u00e7ade \u00e9cologique \u00e0 profil \u00e9tanche homog\u00e8ne \u00e0 une couche.  Certification ACERMI \u00c9ligible aux aides gouvernementales\" \/>\n<meta name=\"robots\" content=\"noindex, follow\" \/>\n<meta property=\"og:locale\" content=\"fr_FR\" \/>\n<meta property=\"og:type\" content=\"article\" \/>\n<meta property=\"og:title\" content=\"Panneau rigide support d&#039;enduit Thermowall Gutex\" \/>\n<meta property=\"og:description\" content=\"GUTEX Thermowall est le panneau supportant le cr\u00e9pi pour les syst\u00e8mes d\u2019isolation thermique ext\u00e9rieure de fa\u00e7ade \u00e9cologique \u00e0 profil \u00e9tanche homog\u00e8ne \u00e0 une couche.  Certification ACERMI \u00c9ligible aux aides gouvernementales\" \/>\n<meta property=\"og:url\" content=\"https:\/\/nature-et-developpement.com\/hen\/produit\/panneau-rigide-support-d-enduit-thermowall-gutex\/\" \/>\n<meta property=\"og:site_name\" content=\"Habitat Ecologique Normand\" \/>\n<meta property=\"article:publisher\" content=\"https:\/\/fr-fr.facebook.com\/habitatecologique.normand.1\/\" \/>\n<meta property=\"article:modified_time\" content=\"2025-12-10T23:30:12+00:00\" \/>\n<meta name=\"twitter:card\" content=\"summary_large_image\" \/>\n<meta name=\"twitter:label1\" content=\"Dur\u00e9e de lecture estim\u00e9e\" \/>\n\t<meta name=\"twitter:data1\" content=\"1 minute\" \/>\n<script type=\"application\/ld+json\" class=\"yoast-schema-graph\">{\"@context\":\"https:\\\/\\\/schema.org\",\"@graph\":[{\"@type\":\"WebPage\",\"@id\":\"https:\\\/\\\/nature-et-developpement.com\\\/hen\\\/produit\\\/panneau-rigide-support-d-enduit-thermowall-gutex\\\/\",\"url\":\"https:\\\/\\\/nature-et-developpement.com\\\/hen\\\/produit\\\/panneau-rigide-support-d-enduit-thermowall-gutex\\\/\",\"name\":\"Panneau rigide support d'enduit Thermowall Gutex\",\"isPartOf\":{\"@id\":\"https:\\\/\\\/nature-et-developpement.com\\\/hen\\\/#website\"},\"primaryImageOfPage\":{\"@id\":\"https:\\\/\\\/nature-et-developpement.com\\\/hen\\\/produit\\\/panneau-rigide-support-d-enduit-thermowall-gutex\\\/#primaryimage\"},\"image\":{\"@id\":\"https:\\\/\\\/nature-et-developpement.com\\\/hen\\\/produit\\\/panneau-rigide-support-d-enduit-thermowall-gutex\\\/#primaryimage\"},\"thumbnailUrl\":\"https:\\\/\\\/nature-et-developpement.com\\\/hen\\\/wp-content\\\/uploads\\\/Panneau-rigide-support-denduit-Thermowall-Gutex.jpg\",\"datePublished\":\"2018-04-20T13:25:30+00:00\",\"dateModified\":\"2025-12-10T23:30:12+00:00\",\"description\":\"GUTEX Thermowall est le panneau supportant le cr\u00e9pi pour les syst\u00e8mes d\u2019isolation thermique ext\u00e9rieure de fa\u00e7ade \u00e9cologique \u00e0 profil \u00e9tanche homog\u00e8ne \u00e0 une couche. Certification ACERMI \u00c9ligible aux aides gouvernementales\",\"breadcrumb\":{\"@id\":\"https:\\\/\\\/nature-et-developpement.com\\\/hen\\\/produit\\\/panneau-rigide-support-d-enduit-thermowall-gutex\\\/#breadcrumb\"},\"inLanguage\":\"fr-FR\",\"potentialAction\":[{\"@type\":\"ReadAction\",\"target\":[\"https:\\\/\\\/nature-et-developpement.com\\\/hen\\\/produit\\\/panneau-rigide-support-d-enduit-thermowall-gutex\\\/\"]}]},{\"@type\":\"ImageObject\",\"inLanguage\":\"fr-FR\",\"@id\":\"https:\\\/\\\/nature-et-developpement.com\\\/hen\\\/produit\\\/panneau-rigide-support-d-enduit-thermowall-gutex\\\/#primaryimage\",\"url\":\"https:\\\/\\\/nature-et-developpement.com\\\/hen\\\/wp-content\\\/uploads\\\/Panneau-rigide-support-denduit-Thermowall-Gutex.jpg\",\"contentUrl\":\"https:\\\/\\\/nature-et-developpement.com\\\/hen\\\/wp-content\\\/uploads\\\/Panneau-rigide-support-denduit-Thermowall-Gutex.jpg\"},{\"@type\":\"BreadcrumbList\",\"@id\":\"https:\\\/\\\/nature-et-developpement.com\\\/hen\\\/produit\\\/panneau-rigide-support-d-enduit-thermowall-gutex\\\/#breadcrumb\",\"itemListElement\":[{\"@type\":\"ListItem\",\"position\":1,\"name\":\"Accueil\",\"item\":\"https:\\\/\\\/nature-et-developpement.com\\\/hen\\\/\"},{\"@type\":\"ListItem\",\"position\":2,\"name\":\"Produits\",\"item\":\"https:\\\/\\\/nature-et-developpement.com\\\/hen\\\/shop\\\/\"},{\"@type\":\"ListItem\",\"position\":3,\"name\":\"Isolation et \u00e9tanch\u00e9it\u00e9\",\"item\":\"https:\\\/\\\/nature-et-developpement.com\\\/hen\\\/produits\\\/isolation-et-etancheite\\\/\"},{\"@type\":\"ListItem\",\"position\":4,\"name\":\"Isolation ext\u00e9rieure\",\"item\":\"https:\\\/\\\/nature-et-developpement.com\\\/hen\\\/produits\\\/isolation-et-etancheite\\\/isolation-exterieure\\\/\"},{\"@type\":\"ListItem\",\"position\":5,\"name\":\"Panneau rigide support d&rsquo;enduit Thermowall Gutex\"}]},{\"@type\":\"WebSite\",\"@id\":\"https:\\\/\\\/nature-et-developpement.com\\\/hen\\\/#website\",\"url\":\"https:\\\/\\\/nature-et-developpement.com\\\/hen\\\/\",\"name\":\"Habitat Ecologique Normand\",\"description\":\"Habitat Ecologique Normand est membre du groupement Nature &amp; D\u00e9veloppement\",\"publisher\":{\"@id\":\"https:\\\/\\\/nature-et-developpement.com\\\/hen\\\/#organization\"},\"potentialAction\":[{\"@type\":\"SearchAction\",\"target\":{\"@type\":\"EntryPoint\",\"urlTemplate\":\"https:\\\/\\\/nature-et-developpement.com\\\/hen\\\/?s={search_term_string}\"},\"query-input\":{\"@type\":\"PropertyValueSpecification\",\"valueRequired\":true,\"valueName\":\"search_term_string\"}}],\"inLanguage\":\"fr-FR\"},{\"@type\":\"Organization\",\"@id\":\"https:\\\/\\\/nature-et-developpement.com\\\/hen\\\/#organization\",\"name\":\"Habitat Ecologique Normand\",\"url\":\"https:\\\/\\\/nature-et-developpement.com\\\/hen\\\/\",\"logo\":{\"@type\":\"ImageObject\",\"inLanguage\":\"fr-FR\",\"@id\":\"https:\\\/\\\/nature-et-developpement.com\\\/hen\\\/#\\\/schema\\\/logo\\\/image\\\/\",\"url\":\"https:\\\/\\\/nature-et-developpement.com\\\/hen\\\/wp-content\\\/uploads\\\/sites\\\/15\\\/2021\\\/08\\\/logo-habitat-ecologique-normand.jpg\",\"contentUrl\":\"https:\\\/\\\/nature-et-developpement.com\\\/hen\\\/wp-content\\\/uploads\\\/sites\\\/15\\\/2021\\\/08\\\/logo-habitat-ecologique-normand.jpg\",\"width\":960,\"height\":391,\"caption\":\"Habitat Ecologique Normand\"},\"image\":{\"@id\":\"https:\\\/\\\/nature-et-developpement.com\\\/hen\\\/#\\\/schema\\\/logo\\\/image\\\/\"},\"sameAs\":[\"https:\\\/\\\/fr-fr.facebook.com\\\/habitatecologique.normand.1\\\/\",\"https:\\\/\\\/www.instagram.com\\\/ecobatinormandie\\\/\",\"https:\\\/\\\/www.youtube.com\\\/c\\\/ecobati\"]}]}<\/script>\n<!-- \/ Yoast SEO plugin. -->","yoast_head_json":{"title":"Panneau rigide support d'enduit Thermowall Gutex","description":"GUTEX Thermowall est le panneau supportant le cr\u00e9pi pour les syst\u00e8mes d\u2019isolation thermique ext\u00e9rieure de fa\u00e7ade \u00e9cologique \u00e0 profil \u00e9tanche homog\u00e8ne \u00e0 une couche.  Certification ACERMI \u00c9ligible aux aides gouvernementales","robots":{"index":"noindex","follow":"follow"},"og_locale":"fr_FR","og_type":"article","og_title":"Panneau rigide support d'enduit Thermowall Gutex","og_description":"GUTEX Thermowall est le panneau supportant le cr\u00e9pi pour les syst\u00e8mes d\u2019isolation thermique ext\u00e9rieure de fa\u00e7ade \u00e9cologique \u00e0 profil \u00e9tanche homog\u00e8ne \u00e0 une couche.  Certification ACERMI \u00c9ligible aux aides gouvernementales","og_url":"https:\/\/nature-et-developpement.com\/hen\/produit\/panneau-rigide-support-d-enduit-thermowall-gutex\/","og_site_name":"Habitat Ecologique Normand","article_publisher":"https:\/\/fr-fr.facebook.com\/habitatecologique.normand.1\/","article_modified_time":"2025-12-10T23:30:12+00:00","twitter_card":"summary_large_image","twitter_misc":{"Dur\u00e9e de lecture estim\u00e9e":"1 minute"},"schema":{"@context":"https:\/\/schema.org","@graph":[{"@type":"WebPage","@id":"https:\/\/nature-et-developpement.com\/hen\/produit\/panneau-rigide-support-d-enduit-thermowall-gutex\/","url":"https:\/\/nature-et-developpement.com\/hen\/produit\/panneau-rigide-support-d-enduit-thermowall-gutex\/","name":"Panneau rigide support d'enduit Thermowall Gutex","isPartOf":{"@id":"https:\/\/nature-et-developpement.com\/hen\/#website"},"primaryImageOfPage":{"@id":"https:\/\/nature-et-developpement.com\/hen\/produit\/panneau-rigide-support-d-enduit-thermowall-gutex\/#primaryimage"},"image":{"@id":"https:\/\/nature-et-developpement.com\/hen\/produit\/panneau-rigide-support-d-enduit-thermowall-gutex\/#primaryimage"},"thumbnailUrl":"https:\/\/nature-et-developpement.com\/hen\/wp-content\/uploads\/Panneau-rigide-support-denduit-Thermowall-Gutex.jpg","datePublished":"2018-04-20T13:25:30+00:00","dateModified":"2025-12-10T23:30:12+00:00","description":"GUTEX Thermowall est le panneau supportant le cr\u00e9pi pour les syst\u00e8mes d\u2019isolation thermique ext\u00e9rieure de fa\u00e7ade \u00e9cologique \u00e0 profil \u00e9tanche homog\u00e8ne \u00e0 une couche. Certification ACERMI \u00c9ligible aux aides gouvernementales","breadcrumb":{"@id":"https:\/\/nature-et-developpement.com\/hen\/produit\/panneau-rigide-support-d-enduit-thermowall-gutex\/#breadcrumb"},"inLanguage":"fr-FR","potentialAction":[{"@type":"ReadAction","target":["https:\/\/nature-et-developpement.com\/hen\/produit\/panneau-rigide-support-d-enduit-thermowall-gutex\/"]}]},{"@type":"ImageObject","inLanguage":"fr-FR","@id":"https:\/\/nature-et-developpement.com\/hen\/produit\/panneau-rigide-support-d-enduit-thermowall-gutex\/#primaryimage","url":"https:\/\/nature-et-developpement.com\/hen\/wp-content\/uploads\/Panneau-rigide-support-denduit-Thermowall-Gutex.jpg","contentUrl":"https:\/\/nature-et-developpement.com\/hen\/wp-content\/uploads\/Panneau-rigide-support-denduit-Thermowall-Gutex.jpg"},{"@type":"BreadcrumbList","@id":"https:\/\/nature-et-developpement.com\/hen\/produit\/panneau-rigide-support-d-enduit-thermowall-gutex\/#breadcrumb","itemListElement":[{"@type":"ListItem","position":1,"name":"Accueil","item":"https:\/\/nature-et-developpement.com\/hen\/"},{"@type":"ListItem","position":2,"name":"Produits","item":"https:\/\/nature-et-developpement.com\/hen\/shop\/"},{"@type":"ListItem","position":3,"name":"Isolation et \u00e9tanch\u00e9it\u00e9","item":"https:\/\/nature-et-developpement.com\/hen\/produits\/isolation-et-etancheite\/"},{"@type":"ListItem","position":4,"name":"Isolation ext\u00e9rieure","item":"https:\/\/nature-et-developpement.com\/hen\/produits\/isolation-et-etancheite\/isolation-exterieure\/"},{"@type":"ListItem","position":5,"name":"Panneau rigide support d&rsquo;enduit Thermowall Gutex"}]},{"@type":"WebSite","@id":"https:\/\/nature-et-developpement.com\/hen\/#website","url":"https:\/\/nature-et-developpement.com\/hen\/","name":"Habitat Ecologique Normand","description":"Habitat Ecologique Normand est membre du groupement Nature &amp; D\u00e9veloppement","publisher":{"@id":"https:\/\/nature-et-developpement.com\/hen\/#organization"},"potentialAction":[{"@type":"SearchAction","target":{"@type":"EntryPoint","urlTemplate":"https:\/\/nature-et-developpement.com\/hen\/?s={search_term_string}"},"query-input":{"@type":"PropertyValueSpecification","valueRequired":true,"valueName":"search_term_string"}}],"inLanguage":"fr-FR"},{"@type":"Organization","@id":"https:\/\/nature-et-developpement.com\/hen\/#organization","name":"Habitat Ecologique Normand","url":"https:\/\/nature-et-developpement.com\/hen\/","logo":{"@type":"ImageObject","inLanguage":"fr-FR","@id":"https:\/\/nature-et-developpement.com\/hen\/#\/schema\/logo\/image\/","url":"https:\/\/nature-et-developpement.com\/hen\/wp-content\/uploads\/sites\/15\/2021\/08\/logo-habitat-ecologique-normand.jpg","contentUrl":"https:\/\/nature-et-developpement.com\/hen\/wp-content\/uploads\/sites\/15\/2021\/08\/logo-habitat-ecologique-normand.jpg","width":960,"height":391,"caption":"Habitat Ecologique Normand"},"image":{"@id":"https:\/\/nature-et-developpement.com\/hen\/#\/schema\/logo\/image\/"},"sameAs":["https:\/\/fr-fr.facebook.com\/habitatecologique.normand.1\/","https:\/\/www.instagram.com\/ecobatinormandie\/","https:\/\/www.youtube.com\/c\/ecobati"]}]}},"distributor_meta":false,"distributor_terms":false,"distributor_media":false,"distributor_original_site_name":"Habitat Ecologique Normand","distributor_original_site_url":"https:\/\/nature-et-developpement.com\/hen","push-errors":false,"_links":{"self":[{"href":"https:\/\/nature-et-developpement.com\/hen\/wp-json\/wp\/v2\/product\/28738","targetHints":{"allow":["GET"]}}],"collection":[{"href":"https:\/\/nature-et-developpement.com\/hen\/wp-json\/wp\/v2\/product"}],"about":[{"href":"https:\/\/nature-et-developpement.com\/hen\/wp-json\/wp\/v2\/types\/product"}],"wp:featuredmedia":[{"embeddable":true,"href":"https:\/\/nature-et-developpement.com\/hen\/wp-json\/"}],"wp:attachment":[{"href":"https:\/\/nature-et-developpement.com\/hen\/wp-json\/wp\/v2\/media?parent=28738"}],"wp:term":[{"taxonomy":"product_brand","embeddable":true,"href":"https:\/\/nature-et-developpement.com\/hen\/wp-json\/wp\/v2\/product_brand?post=28738"},{"taxonomy":"product_cat","embeddable":true,"href":"https:\/\/nature-et-developpement.com\/hen\/wp-json\/wp\/v2\/product_cat?post=28738"},{"taxonomy":"product_tag","embeddable":true,"href":"https:\/\/nature-et-developpement.com\/hen\/wp-json\/wp\/v2\/product_tag?post=28738"}],"curies":[{"name":"wp","href":"https:\/\/api.w.org\/{rel}","templated":true}]}}