{"id":1448,"date":"2023-06-08T18:06:48","date_gmt":"2023-06-08T16:06:48","guid":{"rendered":"https:\/\/nature-et-developpement.com\/inova-terre-distribution\/produit\/enduit-terre-de-finition-argiles-daquitaine\/"},"modified":"2025-09-17T09:46:13","modified_gmt":"2025-09-17T07:46:13","slug":"enduit-terre-de-finition-argiles-daquitaine","status":"publish","type":"product","link":"https:\/\/nature-et-developpement.com\/inova-terre-distribution\/produit\/enduit-terre-de-finition-argiles-daquitaine\/","title":{"rendered":"Enduit terre de finition Argiles d&rsquo;Aquitaine"},"content":{"rendered":"<h2>Enduit terre de finition Argiles d&rsquo;Aquitaine &#8211; Mat\u00e9riau \u00e9cologique pour une d\u00e9coration naturelle<\/h2>\n<p>Vous souhaitez embellir vos murs et plafonds avec un mat\u00e9riau \u00e0 la fois esth\u00e9tique et respectueux de l&rsquo;environnement ?<\/p>\n<p>D\u00e9couvrez l&rsquo;enduit terre de finition Argiles d&rsquo;Aquitaine, un produit de qualit\u00e9 qui vous permettra de cr\u00e9er une d\u00e9coration naturelle et authentique dans votre int\u00e9rieur.<\/p>\n<p>Disponible en diff\u00e9rentes couleurs, notamment Blanc, Jaune, Rouge et Gris.<\/p>\n<p>Cet enduit terre de finition offre de nombreuses possibilit\u00e9s pour personnaliser vos espaces.<\/p>\n<p>Que vous pr\u00e9f\u00e9riez une finition liss\u00e9e ou structur\u00e9e, cet enduit saura s&rsquo;adapter \u00e0 vos pr\u00e9f\u00e9rences et donner vie \u00e0 vos id\u00e9es cr\u00e9atives.<\/p>\n<p>Compos\u00e9 d&rsquo;argile de couleur et de charges min\u00e9rales de diverses granulom\u00e9tries.<\/p>\n<p>Mais il est \u00e9galement enrichi d&rsquo;un adjuvant cellulosique de qualit\u00e9 alimentaire.<\/p>\n<p>Ces ingr\u00e9dients soigneusement s\u00e9lectionn\u00e9s garantissent une excellente adh\u00e9rence et une grande r\u00e9sistance aux variations climatiques, tout en pr\u00e9servant l&rsquo;environnement.<\/p>\n<p>L&rsquo;enduit terre de finition Argiles d&rsquo;Aquitaine se pr\u00e9sente<\/p>\n<ul>\n<li>En sacs de 25 kg<\/li>\n<li>sur palette de 48 sacs<\/li>\n<\/ul>\n<p>pour une facilit\u00e9 de transport et de stockage.<\/p>\n<p>Une fois conserv\u00e9 dans de bonnes conditions, ce mat\u00e9riau se conserve ind\u00e9finiment, vous offrant ainsi une solution durable pour vos projets de d\u00e9coration.<\/p>\n<h3>Pour pr\u00e9parer l&rsquo;enduit, le malaxage est un jeu d&rsquo;enfant.<\/h3>\n<p>Il vous suffit d&rsquo;incorporer la poudre s\u00e8che dans l&rsquo;eau et de brasser la mati\u00e8re avec un malaxeur portable ou une b\u00e9tonni\u00e8re jusqu&rsquo;\u00e0 obtenir la consistance souhait\u00e9e.<\/p>\n<p>Vous pouvez l&rsquo;appliquer sur diff\u00e9rents supports tels que :<\/p>\n<ul>\n<li>les murs et plafonds non trait\u00e9s (enduit de chaux, ciment, base et interm\u00e9diaire)<\/li>\n<li>les plaques de pl\u00e2tre<\/li>\n<li>les plaques de fibre-gypse<\/li>\n<li>ou encore l&rsquo;enduit de pl\u00e2tre apr\u00e8s l&rsquo;application d&rsquo;une sous-couche d&rsquo;accrochage.<\/li>\n<\/ul>\n<p>Avant l&rsquo;application, il est recommand\u00e9 de pr\u00e9parer les supports en les d\u00e9poussi\u00e9rant et en les humidifiant l\u00e9g\u00e8rement.<\/p>\n<p>Vous pouvez consulter le tableau des supports pour obtenir des informations sp\u00e9cifiques selon leur nature.<\/p>\n<p>Une fois pr\u00eat, vous pouvez appliquer l&rsquo;enduit en une ou deux passes, avec une \u00e9paisseur de 2 \u00e0 4 mm, \u00e0 l&rsquo;aide d&rsquo;une truelle ou d&rsquo;un platoir.<\/p>\n<p>Pour obtenir une surface lisse et r\u00e9guli\u00e8re, il est conseill\u00e9 d&rsquo;\u00e9galiser les surfaces au couteau \u00e0 enduire ou au platoir, en comblant les manques au besoin.<\/p>\n<p>Laissez ensuite le mat\u00e9riau \u00ab\u00a0tirer-s\u00e9cher\u00a0\u00bb jusqu&rsquo;\u00e0 ce que la surface soit ind\u00e9formable mais toujours humide.<\/p>\n<p>Ensuite, lissez-la \u00e0 l&rsquo;aide d&rsquo;un couteau \u00e0 enduire, d&rsquo;un platoir ou d&rsquo;une taloche japonaise.<\/p>\n<p>Si vous souhaitez des effets d\u00e9coratifs, vous pouvez utiliser des pochoirs, des empreintes, du sgraffito, ou exp\u00e9rimenter d&rsquo;autres techniques pour obtenir l&rsquo;aspect d\u00e9sir\u00e9.<\/p>\n<p>Le s\u00e9chage complet de l&rsquo;enduit d\u00e9pend de l&rsquo;absorption du support ou de la couche inf\u00e9rieure.<\/p>\n<p>Veillez \u00e0 une ventilation douce, r\u00e9guli\u00e8re et non localis\u00e9e.<\/p>\n<p>Cela facilitera un s\u00e9chage optimal et \u00e9viter le pourrissement \u00e9ventuel des fibres v\u00e9g\u00e9tales incorpor\u00e9es.<\/p>\n<p>Une fois sec, vous pourrez appr\u00e9cier la couleur d\u00e9finitive de votre enduit terre de finition Argiles d&rsquo;Aquitaine.<\/p>\n<p>Transformez vos espaces avec cet enduit terre de finition \u00e9cologique et donnez-leur une touche naturelle et chaleureuse.<\/p>\n<p>N&rsquo;h\u00e9sitez plus et choisissez la qualit\u00e9 et l&rsquo;esth\u00e9tisme de l&rsquo;enduit terre de finition Argiles d&rsquo;Aquitaine pour sublimer votre int\u00e9rieur.<\/p>\n","protected":false},"excerpt":{"rendered":"<p>D\u00e9couvrez l&rsquo;enduit terre de finition Argiles d&rsquo;Aquitaine, un mat\u00e9riau \u00e9cologique et perm\u00e9able pour une d\u00e9coration naturelle.<br \/>\nDisponible en diff\u00e9rentes couleurs.<br \/>\nTransformez vos murs et plafonds avec cet enduit facile \u00e0 appliquer.<\/p>\n","protected":false},"featured_media":1000000171412,"template":"","meta":[],"product_brand":[855],"product_cat":[38,57],"product_tag":[854],"class_list":{"0":"post-1448","1":"product","2":"type-product","3":"status-publish","4":"has-post-thumbnail","6":"product_brand-argiles-daquitaine","7":"product_cat-demande-de-devis-uniquement-sans-prix","8":"product_cat-enduits-naturels","9":"product_tag-enduits","11":"first","12":"instock","13":"taxable","14":"shipping-taxable","15":"purchasable","16":"product-type-variable"},"yoast_head":"<!-- This site is optimized with the Yoast SEO plugin v27.5 - https:\/\/yoast.com\/product\/yoast-seo-wordpress\/ -->\n<title>Enduit terre de finition Argiles d&#039;Aquitaine - ECOBRIVA<\/title>\n<meta name=\"robots\" content=\"noindex, nofollow\" \/>\n<meta property=\"og:locale\" content=\"fr_FR\" \/>\n<meta property=\"og:type\" content=\"article\" \/>\n<meta property=\"og:title\" content=\"Enduit terre de finition Argiles d&#039;Aquitaine - ECOBRIVA\" \/>\n<meta property=\"og:description\" content=\"D\u00e9couvrez l&#039;enduit terre de finition Argiles d&#039;Aquitaine, un mat\u00e9riau \u00e9cologique et perm\u00e9able pour une d\u00e9coration naturelle. Disponible en diff\u00e9rentes couleurs. Transformez vos murs et plafonds avec cet enduit facile \u00e0 appliquer.\" \/>\n<meta property=\"og:url\" content=\"https:\/\/nature-et-developpement.com\/inova-terre-distribution\/produit\/enduit-terre-de-finition-argiles-daquitaine\/\" \/>\n<meta property=\"og:site_name\" content=\"ECOBRIVA\" \/>\n<meta property=\"article:modified_time\" content=\"2025-09-17T07:46:13+00:00\" \/>\n<meta name=\"twitter:card\" content=\"summary_large_image\" \/>\n<meta name=\"twitter:label1\" content=\"Dur\u00e9e de lecture estim\u00e9e\" \/>\n\t<meta name=\"twitter:data1\" content=\"3 minutes\" \/>\n<script type=\"application\/ld+json\" class=\"yoast-schema-graph\">{\"@context\":\"https:\\\/\\\/schema.org\",\"@graph\":[{\"@type\":\"WebPage\",\"@id\":\"https:\\\/\\\/nature-et-developpement.com\\\/inova-terre-distribution\\\/produit\\\/enduit-terre-de-finition-argiles-daquitaine\\\/\",\"url\":\"https:\\\/\\\/nature-et-developpement.com\\\/inova-terre-distribution\\\/produit\\\/enduit-terre-de-finition-argiles-daquitaine\\\/\",\"name\":\"Enduit terre de finition Argiles d'Aquitaine - ECOBRIVA\",\"isPartOf\":{\"@id\":\"https:\\\/\\\/nature-et-developpement.com\\\/inova-terre-distribution\\\/#website\"},\"primaryImageOfPage\":{\"@id\":\"https:\\\/\\\/nature-et-developpement.com\\\/inova-terre-distribution\\\/produit\\\/enduit-terre-de-finition-argiles-daquitaine\\\/#primaryimage\"},\"image\":{\"@id\":\"https:\\\/\\\/nature-et-developpement.com\\\/inova-terre-distribution\\\/produit\\\/enduit-terre-de-finition-argiles-daquitaine\\\/#primaryimage\"},\"thumbnailUrl\":\"https:\\\/\\\/nature-et-developpement.com\\\/inova-terre-distribution\\\/wp-content\\\/uploads\\\/Enduit-terre-de-finition-Argiles-dAquitaine.jpg\",\"datePublished\":\"2023-06-08T16:06:48+00:00\",\"dateModified\":\"2025-09-17T07:46:13+00:00\",\"breadcrumb\":{\"@id\":\"https:\\\/\\\/nature-et-developpement.com\\\/inova-terre-distribution\\\/produit\\\/enduit-terre-de-finition-argiles-daquitaine\\\/#breadcrumb\"},\"inLanguage\":\"fr-FR\",\"potentialAction\":[{\"@type\":\"ReadAction\",\"target\":[\"https:\\\/\\\/nature-et-developpement.com\\\/inova-terre-distribution\\\/produit\\\/enduit-terre-de-finition-argiles-daquitaine\\\/\"]}]},{\"@type\":\"ImageObject\",\"inLanguage\":\"fr-FR\",\"@id\":\"https:\\\/\\\/nature-et-developpement.com\\\/inova-terre-distribution\\\/produit\\\/enduit-terre-de-finition-argiles-daquitaine\\\/#primaryimage\",\"url\":\"https:\\\/\\\/nature-et-developpement.com\\\/inova-terre-distribution\\\/wp-content\\\/uploads\\\/Enduit-terre-de-finition-Argiles-dAquitaine.jpg\",\"contentUrl\":\"https:\\\/\\\/nature-et-developpement.com\\\/inova-terre-distribution\\\/wp-content\\\/uploads\\\/Enduit-terre-de-finition-Argiles-dAquitaine.jpg\"},{\"@type\":\"BreadcrumbList\",\"@id\":\"https:\\\/\\\/nature-et-developpement.com\\\/inova-terre-distribution\\\/produit\\\/enduit-terre-de-finition-argiles-daquitaine\\\/#breadcrumb\",\"itemListElement\":[{\"@type\":\"ListItem\",\"position\":1,\"name\":\"Accueil\",\"item\":\"https:\\\/\\\/nature-et-developpement.com\\\/inova-terre-distribution\\\/\"},{\"@type\":\"ListItem\",\"position\":2,\"name\":\"Boutique\",\"item\":\"https:\\\/\\\/nature-et-developpement.com\\\/inova-terre-distribution\\\/boutique\\\/\"},{\"@type\":\"ListItem\",\"position\":3,\"name\":\"Peinture, pigment et enduit\",\"item\":\"https:\\\/\\\/nature-et-developpement.com\\\/inova-terre-distribution\\\/categorie-produit\\\/peinture-et-enduit\\\/\"},{\"@type\":\"ListItem\",\"position\":4,\"name\":\"Enduits naturels\",\"item\":\"https:\\\/\\\/nature-et-developpement.com\\\/inova-terre-distribution\\\/categorie-produit\\\/peinture-et-enduit\\\/enduits-naturels\\\/\"},{\"@type\":\"ListItem\",\"position\":5,\"name\":\"Enduit terre de finition Argiles d&#8217;Aquitaine\"}]},{\"@type\":\"WebSite\",\"@id\":\"https:\\\/\\\/nature-et-developpement.com\\\/inova-terre-distribution\\\/#website\",\"url\":\"https:\\\/\\\/nature-et-developpement.com\\\/inova-terre-distribution\\\/\",\"name\":\"ECOBRIVA\",\"description\":\"ECOBRIVA est membre du groupement Nature &amp; D\u00e9veloppement\",\"publisher\":{\"@id\":\"https:\\\/\\\/nature-et-developpement.com\\\/inova-terre-distribution\\\/#organization\"},\"potentialAction\":[{\"@type\":\"SearchAction\",\"target\":{\"@type\":\"EntryPoint\",\"urlTemplate\":\"https:\\\/\\\/nature-et-developpement.com\\\/inova-terre-distribution\\\/?s={search_term_string}\"},\"query-input\":{\"@type\":\"PropertyValueSpecification\",\"valueRequired\":true,\"valueName\":\"search_term_string\"}}],\"inLanguage\":\"fr-FR\"},{\"@type\":\"Organization\",\"@id\":\"https:\\\/\\\/nature-et-developpement.com\\\/inova-terre-distribution\\\/#organization\",\"name\":\"ECOBRIVA\",\"url\":\"https:\\\/\\\/nature-et-developpement.com\\\/inova-terre-distribution\\\/\",\"logo\":{\"@type\":\"ImageObject\",\"inLanguage\":\"fr-FR\",\"@id\":\"https:\\\/\\\/nature-et-developpement.com\\\/inova-terre-distribution\\\/#\\\/schema\\\/logo\\\/image\\\/\",\"url\":\"https:\\\/\\\/nature-et-developpement.com\\\/inova-terre-distribution\\\/wp-content\\\/uploads\\\/sites\\\/29\\\/2026\\\/03\\\/logo-29.png\",\"contentUrl\":\"https:\\\/\\\/nature-et-developpement.com\\\/inova-terre-distribution\\\/wp-content\\\/uploads\\\/sites\\\/29\\\/2026\\\/03\\\/logo-29.png\",\"width\":250,\"height\":250,\"caption\":\"ECOBRIVA\"},\"image\":{\"@id\":\"https:\\\/\\\/nature-et-developpement.com\\\/inova-terre-distribution\\\/#\\\/schema\\\/logo\\\/image\\\/\"}}]}<\/script>\n<!-- \/ Yoast SEO plugin. -->","yoast_head_json":{"title":"Enduit terre de finition Argiles d'Aquitaine - ECOBRIVA","robots":{"index":"noindex","follow":"nofollow"},"og_locale":"fr_FR","og_type":"article","og_title":"Enduit terre de finition Argiles d'Aquitaine - ECOBRIVA","og_description":"D\u00e9couvrez l'enduit terre de finition Argiles d'Aquitaine, un mat\u00e9riau \u00e9cologique et perm\u00e9able pour une d\u00e9coration naturelle. Disponible en diff\u00e9rentes couleurs. Transformez vos murs et plafonds avec cet enduit facile \u00e0 appliquer.","og_url":"https:\/\/nature-et-developpement.com\/inova-terre-distribution\/produit\/enduit-terre-de-finition-argiles-daquitaine\/","og_site_name":"ECOBRIVA","article_modified_time":"2025-09-17T07:46:13+00:00","twitter_card":"summary_large_image","twitter_misc":{"Dur\u00e9e de lecture estim\u00e9e":"3 minutes"},"schema":{"@context":"https:\/\/schema.org","@graph":[{"@type":"WebPage","@id":"https:\/\/nature-et-developpement.com\/inova-terre-distribution\/produit\/enduit-terre-de-finition-argiles-daquitaine\/","url":"https:\/\/nature-et-developpement.com\/inova-terre-distribution\/produit\/enduit-terre-de-finition-argiles-daquitaine\/","name":"Enduit terre de finition Argiles d'Aquitaine - ECOBRIVA","isPartOf":{"@id":"https:\/\/nature-et-developpement.com\/inova-terre-distribution\/#website"},"primaryImageOfPage":{"@id":"https:\/\/nature-et-developpement.com\/inova-terre-distribution\/produit\/enduit-terre-de-finition-argiles-daquitaine\/#primaryimage"},"image":{"@id":"https:\/\/nature-et-developpement.com\/inova-terre-distribution\/produit\/enduit-terre-de-finition-argiles-daquitaine\/#primaryimage"},"thumbnailUrl":"https:\/\/nature-et-developpement.com\/inova-terre-distribution\/wp-content\/uploads\/Enduit-terre-de-finition-Argiles-dAquitaine.jpg","datePublished":"2023-06-08T16:06:48+00:00","dateModified":"2025-09-17T07:46:13+00:00","breadcrumb":{"@id":"https:\/\/nature-et-developpement.com\/inova-terre-distribution\/produit\/enduit-terre-de-finition-argiles-daquitaine\/#breadcrumb"},"inLanguage":"fr-FR","potentialAction":[{"@type":"ReadAction","target":["https:\/\/nature-et-developpement.com\/inova-terre-distribution\/produit\/enduit-terre-de-finition-argiles-daquitaine\/"]}]},{"@type":"ImageObject","inLanguage":"fr-FR","@id":"https:\/\/nature-et-developpement.com\/inova-terre-distribution\/produit\/enduit-terre-de-finition-argiles-daquitaine\/#primaryimage","url":"https:\/\/nature-et-developpement.com\/inova-terre-distribution\/wp-content\/uploads\/Enduit-terre-de-finition-Argiles-dAquitaine.jpg","contentUrl":"https:\/\/nature-et-developpement.com\/inova-terre-distribution\/wp-content\/uploads\/Enduit-terre-de-finition-Argiles-dAquitaine.jpg"},{"@type":"BreadcrumbList","@id":"https:\/\/nature-et-developpement.com\/inova-terre-distribution\/produit\/enduit-terre-de-finition-argiles-daquitaine\/#breadcrumb","itemListElement":[{"@type":"ListItem","position":1,"name":"Accueil","item":"https:\/\/nature-et-developpement.com\/inova-terre-distribution\/"},{"@type":"ListItem","position":2,"name":"Boutique","item":"https:\/\/nature-et-developpement.com\/inova-terre-distribution\/boutique\/"},{"@type":"ListItem","position":3,"name":"Peinture, pigment et enduit","item":"https:\/\/nature-et-developpement.com\/inova-terre-distribution\/categorie-produit\/peinture-et-enduit\/"},{"@type":"ListItem","position":4,"name":"Enduits naturels","item":"https:\/\/nature-et-developpement.com\/inova-terre-distribution\/categorie-produit\/peinture-et-enduit\/enduits-naturels\/"},{"@type":"ListItem","position":5,"name":"Enduit terre de finition Argiles d&#8217;Aquitaine"}]},{"@type":"WebSite","@id":"https:\/\/nature-et-developpement.com\/inova-terre-distribution\/#website","url":"https:\/\/nature-et-developpement.com\/inova-terre-distribution\/","name":"ECOBRIVA","description":"ECOBRIVA est membre du groupement Nature &amp; D\u00e9veloppement","publisher":{"@id":"https:\/\/nature-et-developpement.com\/inova-terre-distribution\/#organization"},"potentialAction":[{"@type":"SearchAction","target":{"@type":"EntryPoint","urlTemplate":"https:\/\/nature-et-developpement.com\/inova-terre-distribution\/?s={search_term_string}"},"query-input":{"@type":"PropertyValueSpecification","valueRequired":true,"valueName":"search_term_string"}}],"inLanguage":"fr-FR"},{"@type":"Organization","@id":"https:\/\/nature-et-developpement.com\/inova-terre-distribution\/#organization","name":"ECOBRIVA","url":"https:\/\/nature-et-developpement.com\/inova-terre-distribution\/","logo":{"@type":"ImageObject","inLanguage":"fr-FR","@id":"https:\/\/nature-et-developpement.com\/inova-terre-distribution\/#\/schema\/logo\/image\/","url":"https:\/\/nature-et-developpement.com\/inova-terre-distribution\/wp-content\/uploads\/sites\/29\/2026\/03\/logo-29.png","contentUrl":"https:\/\/nature-et-developpement.com\/inova-terre-distribution\/wp-content\/uploads\/sites\/29\/2026\/03\/logo-29.png","width":250,"height":250,"caption":"ECOBRIVA"},"image":{"@id":"https:\/\/nature-et-developpement.com\/inova-terre-distribution\/#\/schema\/logo\/image\/"}}]}},"distributor_meta":false,"distributor_terms":false,"distributor_media":false,"distributor_original_site_name":"ECOBRIVA","distributor_original_site_url":"https:\/\/nature-et-developpement.com\/inova-terre-distribution","push-errors":false,"_links":{"self":[{"href":"https:\/\/nature-et-developpement.com\/inova-terre-distribution\/wp-json\/wp\/v2\/product\/1448","targetHints":{"allow":["GET"]}}],"collection":[{"href":"https:\/\/nature-et-developpement.com\/inova-terre-distribution\/wp-json\/wp\/v2\/product"}],"about":[{"href":"https:\/\/nature-et-developpement.com\/inova-terre-distribution\/wp-json\/wp\/v2\/types\/product"}],"wp:featuredmedia":[{"embeddable":true,"href":"https:\/\/nature-et-developpement.com\/inova-terre-distribution\/wp-json\/"}],"wp:attachment":[{"href":"https:\/\/nature-et-developpement.com\/inova-terre-distribution\/wp-json\/wp\/v2\/media?parent=1448"}],"wp:term":[{"taxonomy":"product_brand","embeddable":true,"href":"https:\/\/nature-et-developpement.com\/inova-terre-distribution\/wp-json\/wp\/v2\/product_brand?post=1448"},{"taxonomy":"product_cat","embeddable":true,"href":"https:\/\/nature-et-developpement.com\/inova-terre-distribution\/wp-json\/wp\/v2\/product_cat?post=1448"},{"taxonomy":"product_tag","embeddable":true,"href":"https:\/\/nature-et-developpement.com\/inova-terre-distribution\/wp-json\/wp\/v2\/product_tag?post=1448"}],"curies":[{"name":"wp","href":"https:\/\/api.w.org\/{rel}","templated":true}]}}