{"id":159,"date":"2024-05-29T00:00:00","date_gmt":"2024-05-28T22:00:00","guid":{"rendered":"https:\/\/nature-et-developpement.com\/inova-terre-distribution\/produit\/biofib-acoustix\/"},"modified":"2025-12-11T06:18:01","modified_gmt":"2025-12-11T05:18:01","slug":"panneau-acoustix","status":"publish","type":"product","link":"https:\/\/nature-et-developpement.com\/inova-terre-distribution\/produit\/panneau-acoustix\/","title":{"rendered":"Panneau acoustique en ouate rigide ACOUSTIX Pan-terre Nature"},"content":{"rendered":"<h2>Panneau acoustique en ouate rigide ACOUSTIX Pan-terre Nature &#8211; Isolant phonique pose facile<\/h2>\n<p>Le panneau Acoustix est un mat\u00e9riau qui se compose de deux mati\u00e8res d\u2019origine cellulosique : le papier recycl\u00e9 et les \u00ab anas \u00bb de lin (issu du d\u00e9fibrage des pailles de lin).<\/p>\n<p>L&rsquo;optimisation de sa formulation permet d&rsquo;obtenir un panneau rigide. Ils ont les meilleures performances d\u2019isolation acoustique et limitent au maximum l\u2019\u00e9nergie grise n\u00e9cessaire \u00e0 sa production.<\/p>\n<h4>Doublage acoustique sur ossature ind\u00e9pendante<\/h4>\n<p>1 &#8211; Fixer une ossature m\u00e9tallique au sol et au plafond sans contact avec le mur \u00e0 doubler. Les montants verticaux sont distants de 600mm.<\/p>\n<p>2 &#8211; Placer un Rouleau de Jute antibruit sur la lisse basse et haute.<\/p>\n<p>3 &#8211; Int\u00e9grer un mat\u00e9riau absorbant phonique tel que le\u00a0Biofib&rsquo; ouate<a href=\"http:\/\/www.biofib.com\/biofib-ouate.php\" target=\"_blank\" rel=\"noopener\">\u00a0<\/a>entre les montants afin de limiter un \u00e9ventuel \u00ab effet tambour \u00bb (r\u00e9sonance interne).<\/p>\n<p>4 &#8211; Visser le panneau Acoustix sur l\u2019ossature suivi du parement de finition.<\/p>\n<p>5 &#8211; Assurer l&rsquo;\u00e9tanch\u00e9it\u00e9 totale, et la d\u00e9solidarisation du doublage en posant le Joint d&rsquo;\u00c9tanch\u00e9it\u00e9 (5) et en appliquant, en p\u00e9riph\u00e9rie, un mastic acrylique souple de finition.<\/p>\n<p class=\"well\">Avec un encombrement de 80 mm, ce complexe de paroi d\u00e9solidaris\u00e9e garantit une isolation acoustique maximale tant aux bruits a\u00e9riens qu\u2019aux bruits d&rsquo;impacts.<\/p>\n<div class=\"span4\">\n<div class=\"row-fluid\">\n<div class=\"row-fluid detailsAppli\">\n<div class=\"span12\">\n<div class=\"row-fluid\">\n<h4>Acoustix : R\u00e8gles essentielles de mise en \u0153uvre<\/h4>\n<\/div>\n<div class=\"row-fluid\">\n<div class=\"span12 well\">\n<div class=\"row-fluid\">\n<div class=\"span3\">\n<h4 class=\"bulle\">1 D\u00e9coupe et stockage<\/h4>\n<\/div>\n<div class=\"span9\">\n<div id=\"PRODUIT_BULLE_1\">\n<p>Les panneaux Acoustix peuvent \u00eatre d\u00e9coup\u00e9s \u00e0 l&rsquo;aide d&rsquo;une scie \u00e0 main ou d&rsquo;une scie circulaire (contours serr\u00e9s) et les ouvertures \u00e0 la scie sauteuse ou scie \u00ab\u00a0cloche\u00a0\u00bb.<\/p>\n<p>Le stockage des panneaux se fera dans un endroit bien sec. Ils seront prot\u00e9g\u00e9s des intemp\u00e9ries et de l&rsquo;humidit\u00e9 du sol (id\u00e9alement \u00e0 plat sur leur palette d&rsquo;origine).<\/p>\n<p>Nous vous conseillons de les entreposer durant quelques jours dans les conditions hygrom\u00e9triques et de temp\u00e9rature d&rsquo;utilisation des locaux.<\/p>\n<\/div>\n<\/div>\n<\/div>\n<\/div>\n<\/div>\n<div class=\"row-fluid\">\n<div class=\"span12 well\">\n<div class=\"row-fluid\">\n<div class=\"span3\">\n<h4 class=\"bulle\">2 Pose<\/h4>\n<\/div>\n<div class=\"span9\">\n<div id=\"PRODUIT_BULLE_2\">\n<p>Dans la mesure du possible, nous pr\u00e9conisons de manipuler les panneaux verticalement.<\/p>\n<p>Ils se fixent sur une ossature m\u00e9tallique galvanis\u00e9e ou une structure en bois (teneur maxi. de 20 % d\u2019humidit\u00e9).<\/p>\n<p>Utilisez des clous galvanis\u00e9s \u00e0 large t\u00eate ou des vis autoforantes.<\/p>\n<p>En doublage de murs, de plafond et en cloisons, la fixation des panneaux Acoustix doit se faire avec un \u00e9cartement maximum de 600mm.<\/p>\n<p>L\u2019\u00e9tanch\u00e9it\u00e9 \u00e0 l\u2019air \u00e9tant un point cl\u00e9 pour une isolation acoustique optimale. La pose d\u2019un joint d&rsquo;\u00e9tanch\u00e9it\u00e9 est indispensable partout o\u00f9 le panneau vient en contact avec une structure rigide du b\u00e2timent.<\/p>\n<\/div>\n<\/div>\n<\/div>\n<\/div>\n<\/div>\n<div class=\"row-fluid\">\n<div class=\"span12 well\">\n<div class=\"row-fluid\">\n<div class=\"span3\">\n<h4 class=\"bulle\">3 Fixation des objets<\/h4>\n<\/div>\n<div class=\"span9\">\n<div id=\"PRODUIT_BULLE_3\">\n<p>La fixation d&rsquo;objets lourds tels qu&rsquo;\u00e9viers, chauffe-eau, \u00e9tag\u00e8re&#8230;, doit \u00eatre pr\u00e9vue lors du montage de l&rsquo;ossature. Il se fera imp\u00e9rativement \u00e0 travers les panneaux Acoustix dans un chevron transversal int\u00e9gr\u00e9 dans l&rsquo;ossature.<\/p>\n<\/div>\n<\/div>\n<\/div>\n<\/div>\n<\/div>\n<\/div>\n<\/div>\n<\/div>\n<div class=\"row-fluid\">\n<div class=\"span12\">\n<h4>Caract\u00e9ristiques techniques<\/h4>\n<div class=\"dropdown-fiche btn-large\"><\/div>\n<div class=\"detailsCaracs\">\n<table id=\"table-responsive\" class=\"table-striped table-bordered table-hover\" border=\"0\" cellspacing=\"0\" cellpadding=\"3\">\n<tbody>\n<tr>\n<td class=\"cellules\">Composition<\/td>\n<td>Papier recycl\u00e9 \/ Anas de lin<\/td>\n<\/tr>\n<tr>\n<td class=\"cellules\">Densit\u00e9 \u00e0 la pose<\/td>\n<td>310 +\/- 20 kg\/m\u00b3<\/td>\n<\/tr>\n<tr>\n<td class=\"cellules\">Conductivit\u00e9 thermique (produit seul)<\/td>\n<td>\u03bb 0,053<\/td>\n<\/tr>\n<tr>\n<td class=\"cellules\">R\u00e9sistance \u00e0 la compression<\/td>\n<td>227 kPa (23,15 T\/m\u00b2)<\/td>\n<\/tr>\n<tr>\n<td class=\"cellules\">R\u00e9action au feu<\/td>\n<td>F \/ Non test\u00e9<\/td>\n<\/tr>\n<tr>\n<td class=\"cellules\">Epaisseur<\/td>\n<td>16 mm<\/td>\n<\/tr>\n<tr>\n<td class=\"cellules\">Poids (panneau)<\/td>\n<td>5 kg\/m\u00b2<\/td>\n<\/tr>\n<\/tbody>\n<\/table>\n<h4><\/h4>\n<\/div>\n<\/div>\n<\/div>\n<\/div>\n","protected":false},"excerpt":{"rendered":"<p>Le panneau Acoustix est une solution naturelle d\u00e9di\u00e9e \u00e0 la correction acoustique et \u00e0 l\u2019isolation phonique des parois ou des logements : logement mitoyen, fa\u00e7ade sur route passag\u00e8re, etc.<\/p>\n<p>\u00c9paisseur 16mm<\/p>\n","protected":false},"featured_media":1000000200071,"template":"","meta":[],"product_brand":[2325],"product_cat":[38,50,51],"product_tag":[2331],"class_list":{"0":"post-159","1":"product","2":"type-product","3":"status-publish","4":"has-post-thumbnail","6":"product_brand-acoustix","7":"product_cat-demande-de-devis-uniquement-sans-prix","8":"product_cat-isolation-interieure","9":"product_cat-isolation-phonique","10":"product_tag-isolant-acoustique","12":"first","13":"onbackorder","14":"taxable","15":"shipping-taxable","16":"purchasable","17":"product-type-variable"},"yoast_head":"<!-- This site is optimized with the Yoast SEO plugin v27.5 - https:\/\/yoast.com\/product\/yoast-seo-wordpress\/ -->\n<title>Panneau acoustique en ouate rigide ACOUSTIX Pan-terre Nature - ECOBRIVA<\/title>\n<meta name=\"description\" content=\"Le panneau Acoustix est une solution naturelle d\u00e9di\u00e9e \u00e0 la correction acoustique et \u00e0 l\u2019isolation phonique des parois. \u00c9paisseur 16mm\" \/>\n<meta name=\"robots\" content=\"noindex, nofollow\" \/>\n<meta property=\"og:locale\" content=\"fr_FR\" \/>\n<meta property=\"og:type\" content=\"article\" \/>\n<meta property=\"og:title\" content=\"Panneau acoustique en ouate rigide ACOUSTIX Pan-terre Nature - ECOBRIVA\" \/>\n<meta property=\"og:description\" content=\"Le panneau Acoustix est une solution naturelle d\u00e9di\u00e9e \u00e0 la correction acoustique et \u00e0 l\u2019isolation phonique des parois. \u00c9paisseur 16mm\" \/>\n<meta property=\"og:url\" content=\"https:\/\/nature-et-developpement.com\/inova-terre-distribution\/produit\/panneau-acoustix\/\" \/>\n<meta property=\"og:site_name\" content=\"ECOBRIVA\" \/>\n<meta property=\"article:modified_time\" content=\"2025-12-11T05:18:01+00:00\" \/>\n<meta name=\"twitter:card\" content=\"summary_large_image\" \/>\n<meta name=\"twitter:label1\" content=\"Dur\u00e9e de lecture estim\u00e9e\" \/>\n\t<meta name=\"twitter:data1\" content=\"2 minutes\" \/>\n<script type=\"application\/ld+json\" class=\"yoast-schema-graph\">{\"@context\":\"https:\\\/\\\/schema.org\",\"@graph\":[{\"@type\":\"WebPage\",\"@id\":\"https:\\\/\\\/nature-et-developpement.com\\\/inova-terre-distribution\\\/produit\\\/panneau-acoustix\\\/\",\"url\":\"https:\\\/\\\/nature-et-developpement.com\\\/inova-terre-distribution\\\/produit\\\/panneau-acoustix\\\/\",\"name\":\"Panneau acoustique en ouate rigide ACOUSTIX Pan-terre Nature - ECOBRIVA\",\"isPartOf\":{\"@id\":\"https:\\\/\\\/nature-et-developpement.com\\\/inova-terre-distribution\\\/#website\"},\"primaryImageOfPage\":{\"@id\":\"https:\\\/\\\/nature-et-developpement.com\\\/inova-terre-distribution\\\/produit\\\/panneau-acoustix\\\/#primaryimage\"},\"image\":{\"@id\":\"https:\\\/\\\/nature-et-developpement.com\\\/inova-terre-distribution\\\/produit\\\/panneau-acoustix\\\/#primaryimage\"},\"thumbnailUrl\":\"https:\\\/\\\/nature-et-developpement.com\\\/inova-terre-distribution\\\/wp-content\\\/uploads\\\/Panneau-acoustique-ouate-rigide-ACOUSTIX-Pan-terre-Nature.jpg\",\"datePublished\":\"2024-05-28T22:00:00+00:00\",\"dateModified\":\"2025-12-11T05:18:01+00:00\",\"description\":\"Le panneau Acoustix est une solution naturelle d\u00e9di\u00e9e \u00e0 la correction acoustique et \u00e0 l\u2019isolation phonique des parois. \u00c9paisseur 16mm\",\"breadcrumb\":{\"@id\":\"https:\\\/\\\/nature-et-developpement.com\\\/inova-terre-distribution\\\/produit\\\/panneau-acoustix\\\/#breadcrumb\"},\"inLanguage\":\"fr-FR\",\"potentialAction\":[{\"@type\":\"ReadAction\",\"target\":[\"https:\\\/\\\/nature-et-developpement.com\\\/inova-terre-distribution\\\/produit\\\/panneau-acoustix\\\/\"]}]},{\"@type\":\"ImageObject\",\"inLanguage\":\"fr-FR\",\"@id\":\"https:\\\/\\\/nature-et-developpement.com\\\/inova-terre-distribution\\\/produit\\\/panneau-acoustix\\\/#primaryimage\",\"url\":\"https:\\\/\\\/nature-et-developpement.com\\\/inova-terre-distribution\\\/wp-content\\\/uploads\\\/Panneau-acoustique-ouate-rigide-ACOUSTIX-Pan-terre-Nature.jpg\",\"contentUrl\":\"https:\\\/\\\/nature-et-developpement.com\\\/inova-terre-distribution\\\/wp-content\\\/uploads\\\/Panneau-acoustique-ouate-rigide-ACOUSTIX-Pan-terre-Nature.jpg\"},{\"@type\":\"BreadcrumbList\",\"@id\":\"https:\\\/\\\/nature-et-developpement.com\\\/inova-terre-distribution\\\/produit\\\/panneau-acoustix\\\/#breadcrumb\",\"itemListElement\":[{\"@type\":\"ListItem\",\"position\":1,\"name\":\"Accueil\",\"item\":\"https:\\\/\\\/nature-et-developpement.com\\\/inova-terre-distribution\\\/\"},{\"@type\":\"ListItem\",\"position\":2,\"name\":\"Boutique\",\"item\":\"https:\\\/\\\/nature-et-developpement.com\\\/inova-terre-distribution\\\/boutique\\\/\"},{\"@type\":\"ListItem\",\"position\":3,\"name\":\"Isolation et \u00e9tanch\u00e9it\u00e9\",\"item\":\"https:\\\/\\\/nature-et-developpement.com\\\/inova-terre-distribution\\\/categorie-produit\\\/isolation-et-etancheite\\\/\"},{\"@type\":\"ListItem\",\"position\":4,\"name\":\"Isolation int\u00e9rieure\",\"item\":\"https:\\\/\\\/nature-et-developpement.com\\\/inova-terre-distribution\\\/categorie-produit\\\/isolation-et-etancheite\\\/isolation-interieure\\\/\"},{\"@type\":\"ListItem\",\"position\":5,\"name\":\"Panneau acoustique en ouate rigide ACOUSTIX Pan-terre Nature\"}]},{\"@type\":\"WebSite\",\"@id\":\"https:\\\/\\\/nature-et-developpement.com\\\/inova-terre-distribution\\\/#website\",\"url\":\"https:\\\/\\\/nature-et-developpement.com\\\/inova-terre-distribution\\\/\",\"name\":\"ECOBRIVA\",\"description\":\"ECOBRIVA est membre du groupement Nature &amp; D\u00e9veloppement\",\"publisher\":{\"@id\":\"https:\\\/\\\/nature-et-developpement.com\\\/inova-terre-distribution\\\/#organization\"},\"potentialAction\":[{\"@type\":\"SearchAction\",\"target\":{\"@type\":\"EntryPoint\",\"urlTemplate\":\"https:\\\/\\\/nature-et-developpement.com\\\/inova-terre-distribution\\\/?s={search_term_string}\"},\"query-input\":{\"@type\":\"PropertyValueSpecification\",\"valueRequired\":true,\"valueName\":\"search_term_string\"}}],\"inLanguage\":\"fr-FR\"},{\"@type\":\"Organization\",\"@id\":\"https:\\\/\\\/nature-et-developpement.com\\\/inova-terre-distribution\\\/#organization\",\"name\":\"ECOBRIVA\",\"url\":\"https:\\\/\\\/nature-et-developpement.com\\\/inova-terre-distribution\\\/\",\"logo\":{\"@type\":\"ImageObject\",\"inLanguage\":\"fr-FR\",\"@id\":\"https:\\\/\\\/nature-et-developpement.com\\\/inova-terre-distribution\\\/#\\\/schema\\\/logo\\\/image\\\/\",\"url\":\"https:\\\/\\\/nature-et-developpement.com\\\/inova-terre-distribution\\\/wp-content\\\/uploads\\\/sites\\\/29\\\/2026\\\/03\\\/logo-29.png\",\"contentUrl\":\"https:\\\/\\\/nature-et-developpement.com\\\/inova-terre-distribution\\\/wp-content\\\/uploads\\\/sites\\\/29\\\/2026\\\/03\\\/logo-29.png\",\"width\":250,\"height\":250,\"caption\":\"ECOBRIVA\"},\"image\":{\"@id\":\"https:\\\/\\\/nature-et-developpement.com\\\/inova-terre-distribution\\\/#\\\/schema\\\/logo\\\/image\\\/\"}}]}<\/script>\n<!-- \/ Yoast SEO plugin. -->","yoast_head_json":{"title":"Panneau acoustique en ouate rigide ACOUSTIX Pan-terre Nature - ECOBRIVA","description":"Le panneau Acoustix est une solution naturelle d\u00e9di\u00e9e \u00e0 la correction acoustique et \u00e0 l\u2019isolation phonique des parois. \u00c9paisseur 16mm","robots":{"index":"noindex","follow":"nofollow"},"og_locale":"fr_FR","og_type":"article","og_title":"Panneau acoustique en ouate rigide ACOUSTIX Pan-terre Nature - ECOBRIVA","og_description":"Le panneau Acoustix est une solution naturelle d\u00e9di\u00e9e \u00e0 la correction acoustique et \u00e0 l\u2019isolation phonique des parois. \u00c9paisseur 16mm","og_url":"https:\/\/nature-et-developpement.com\/inova-terre-distribution\/produit\/panneau-acoustix\/","og_site_name":"ECOBRIVA","article_modified_time":"2025-12-11T05:18:01+00:00","twitter_card":"summary_large_image","twitter_misc":{"Dur\u00e9e de lecture estim\u00e9e":"2 minutes"},"schema":{"@context":"https:\/\/schema.org","@graph":[{"@type":"WebPage","@id":"https:\/\/nature-et-developpement.com\/inova-terre-distribution\/produit\/panneau-acoustix\/","url":"https:\/\/nature-et-developpement.com\/inova-terre-distribution\/produit\/panneau-acoustix\/","name":"Panneau acoustique en ouate rigide ACOUSTIX Pan-terre Nature - ECOBRIVA","isPartOf":{"@id":"https:\/\/nature-et-developpement.com\/inova-terre-distribution\/#website"},"primaryImageOfPage":{"@id":"https:\/\/nature-et-developpement.com\/inova-terre-distribution\/produit\/panneau-acoustix\/#primaryimage"},"image":{"@id":"https:\/\/nature-et-developpement.com\/inova-terre-distribution\/produit\/panneau-acoustix\/#primaryimage"},"thumbnailUrl":"https:\/\/nature-et-developpement.com\/inova-terre-distribution\/wp-content\/uploads\/Panneau-acoustique-ouate-rigide-ACOUSTIX-Pan-terre-Nature.jpg","datePublished":"2024-05-28T22:00:00+00:00","dateModified":"2025-12-11T05:18:01+00:00","description":"Le panneau Acoustix est une solution naturelle d\u00e9di\u00e9e \u00e0 la correction acoustique et \u00e0 l\u2019isolation phonique des parois. \u00c9paisseur 16mm","breadcrumb":{"@id":"https:\/\/nature-et-developpement.com\/inova-terre-distribution\/produit\/panneau-acoustix\/#breadcrumb"},"inLanguage":"fr-FR","potentialAction":[{"@type":"ReadAction","target":["https:\/\/nature-et-developpement.com\/inova-terre-distribution\/produit\/panneau-acoustix\/"]}]},{"@type":"ImageObject","inLanguage":"fr-FR","@id":"https:\/\/nature-et-developpement.com\/inova-terre-distribution\/produit\/panneau-acoustix\/#primaryimage","url":"https:\/\/nature-et-developpement.com\/inova-terre-distribution\/wp-content\/uploads\/Panneau-acoustique-ouate-rigide-ACOUSTIX-Pan-terre-Nature.jpg","contentUrl":"https:\/\/nature-et-developpement.com\/inova-terre-distribution\/wp-content\/uploads\/Panneau-acoustique-ouate-rigide-ACOUSTIX-Pan-terre-Nature.jpg"},{"@type":"BreadcrumbList","@id":"https:\/\/nature-et-developpement.com\/inova-terre-distribution\/produit\/panneau-acoustix\/#breadcrumb","itemListElement":[{"@type":"ListItem","position":1,"name":"Accueil","item":"https:\/\/nature-et-developpement.com\/inova-terre-distribution\/"},{"@type":"ListItem","position":2,"name":"Boutique","item":"https:\/\/nature-et-developpement.com\/inova-terre-distribution\/boutique\/"},{"@type":"ListItem","position":3,"name":"Isolation et \u00e9tanch\u00e9it\u00e9","item":"https:\/\/nature-et-developpement.com\/inova-terre-distribution\/categorie-produit\/isolation-et-etancheite\/"},{"@type":"ListItem","position":4,"name":"Isolation int\u00e9rieure","item":"https:\/\/nature-et-developpement.com\/inova-terre-distribution\/categorie-produit\/isolation-et-etancheite\/isolation-interieure\/"},{"@type":"ListItem","position":5,"name":"Panneau acoustique en ouate rigide ACOUSTIX Pan-terre Nature"}]},{"@type":"WebSite","@id":"https:\/\/nature-et-developpement.com\/inova-terre-distribution\/#website","url":"https:\/\/nature-et-developpement.com\/inova-terre-distribution\/","name":"ECOBRIVA","description":"ECOBRIVA est membre du groupement Nature &amp; D\u00e9veloppement","publisher":{"@id":"https:\/\/nature-et-developpement.com\/inova-terre-distribution\/#organization"},"potentialAction":[{"@type":"SearchAction","target":{"@type":"EntryPoint","urlTemplate":"https:\/\/nature-et-developpement.com\/inova-terre-distribution\/?s={search_term_string}"},"query-input":{"@type":"PropertyValueSpecification","valueRequired":true,"valueName":"search_term_string"}}],"inLanguage":"fr-FR"},{"@type":"Organization","@id":"https:\/\/nature-et-developpement.com\/inova-terre-distribution\/#organization","name":"ECOBRIVA","url":"https:\/\/nature-et-developpement.com\/inova-terre-distribution\/","logo":{"@type":"ImageObject","inLanguage":"fr-FR","@id":"https:\/\/nature-et-developpement.com\/inova-terre-distribution\/#\/schema\/logo\/image\/","url":"https:\/\/nature-et-developpement.com\/inova-terre-distribution\/wp-content\/uploads\/sites\/29\/2026\/03\/logo-29.png","contentUrl":"https:\/\/nature-et-developpement.com\/inova-terre-distribution\/wp-content\/uploads\/sites\/29\/2026\/03\/logo-29.png","width":250,"height":250,"caption":"ECOBRIVA"},"image":{"@id":"https:\/\/nature-et-developpement.com\/inova-terre-distribution\/#\/schema\/logo\/image\/"}}]}},"distributor_meta":false,"distributor_terms":false,"distributor_media":false,"distributor_original_site_name":"ECOBRIVA","distributor_original_site_url":"https:\/\/nature-et-developpement.com\/inova-terre-distribution","push-errors":false,"_links":{"self":[{"href":"https:\/\/nature-et-developpement.com\/inova-terre-distribution\/wp-json\/wp\/v2\/product\/159","targetHints":{"allow":["GET"]}}],"collection":[{"href":"https:\/\/nature-et-developpement.com\/inova-terre-distribution\/wp-json\/wp\/v2\/product"}],"about":[{"href":"https:\/\/nature-et-developpement.com\/inova-terre-distribution\/wp-json\/wp\/v2\/types\/product"}],"wp:featuredmedia":[{"embeddable":true,"href":"https:\/\/nature-et-developpement.com\/inova-terre-distribution\/wp-json\/"}],"wp:attachment":[{"href":"https:\/\/nature-et-developpement.com\/inova-terre-distribution\/wp-json\/wp\/v2\/media?parent=159"}],"wp:term":[{"taxonomy":"product_brand","embeddable":true,"href":"https:\/\/nature-et-developpement.com\/inova-terre-distribution\/wp-json\/wp\/v2\/product_brand?post=159"},{"taxonomy":"product_cat","embeddable":true,"href":"https:\/\/nature-et-developpement.com\/inova-terre-distribution\/wp-json\/wp\/v2\/product_cat?post=159"},{"taxonomy":"product_tag","embeddable":true,"href":"https:\/\/nature-et-developpement.com\/inova-terre-distribution\/wp-json\/wp\/v2\/product_tag?post=159"}],"curies":[{"name":"wp","href":"https:\/\/api.w.org\/{rel}","templated":true}]}}