{"id":1616,"date":"2017-01-01T00:00:00","date_gmt":"2016-12-31T23:00:00","guid":{"rendered":"https:\/\/nature-et-developpement.com\/inova-terre-distribution\/produit\/brique-de-terre-crue-btc-stabilisee-a-la-chaux-argilus\/"},"modified":"2026-01-27T12:12:15","modified_gmt":"2026-01-27T11:12:15","slug":"brique-de-terre-crue-btc-stabilisee-a-la-chaux-argilus","status":"publish","type":"product","link":"https:\/\/nature-et-developpement.com\/inova-terre-distribution\/produit\/brique-de-terre-crue-btc-stabilisee-a-la-chaux-argilus\/","title":{"rendered":"Brique de terre crue BTC stabilis\u00e9e \u00e0 la chaux Argilus"},"content":{"rendered":"<h2>Une d\u00e9co qui accumule la chaleur ou la fra\u00eecheur<\/h2>\n<p>Les Briques de Terre Crue (BTC) ARGITECH \u00ae sont r\u00e9put\u00e9es pour leur duret\u00e9, leur stabilisation \u00e0 la chaux parfaitement ma\u00eetris\u00e9e lors de leur fabrication en usine et les nombreuses r\u00e9f\u00e9rences de chantiers publics et priv\u00e9s r\u00e9alis\u00e9es en France et \u00e0 l\u2019\u00e9tranger.<\/p>\n<p>Les principaux atouts de ce produit sont l\u2019apport de masse thermique, une bonne diffusivit\u00e9 de la chaleur et une excellente r\u00e9gulation d\u2019humidit\u00e9 dans l\u2019habitat.<\/p>\n<p>2 formats (6x11x22, 9x15x30) principaux sont disponibles dans cette gamme mais ARGILUS r\u00e9pond \u00e0 toute autre demande en fonction des diff\u00e9rents chantiers.<\/p>\n<p>Les Briques de Terre Crue (BTC) ARGITECH\u00a0\u00ae sont fabriqu\u00e9es \u00e0 partir d\u2019argile pure et de chaux (environ 5%).\u00a0ARGILUS privil\u00e9gie une fabrication avec une stabilisation \u00e0 la chaux afin d\u2019\u00e9viter des reprises d\u2019humidit\u00e9 trop\u00a0importantes des cloisons ainsi qu\u2019une d\u00e9t\u00e9rioration rapide due au gonflement de celles-ci.<\/p>\n<p>Elles peuvent servir \u00e0 diff\u00e9rentes applications :<br \/>\n\u2013 Remplissage de colombages,<br \/>\n\u2013 Murs d\u2019inertie (Afin d\u2019accumuler la chaleur \u2013 derri\u00e8re un po\u00eale \u00e0 bois par exemple),<br \/>\n\u2013 Murs de cloison,<br \/>\n\u2013 Murs capteurs.<\/p>\n<h4>Classement au feu CSTB<\/h4>\n<ul>\n<li><strong>CLASSEMENT A1 EN R\u00c9ACTION AU FEU<\/strong> \u2013 la meilleure note selon la norme europ\u00e9enne.<\/li>\n<li><strong>CLASSEMENT EI 60 EN R\u00c9SISTANCE AU FEU<\/strong> \u2013 une v\u00e9ritable prouesse pour un mat\u00e9riau 100 % naturel.<\/li>\n<\/ul>\n<p><strong>ATTENTION\u00a0:\u00a0Les Briques de Terre Crue (BTC) ARGITECH\u00a0\u00ae sont des briques lourdes. Il faudra s\u2019assurer de la bonne r\u00e9sistance et stabilit\u00e9 du support\u00a0d\u2019application. G\u00e9n\u00e9ralement, les briques sont pos\u00e9es sur un sol existant en b\u00e9ton. Pour une mise en \u0153uvre \u00e0 l\u2019\u00e9tage,\u00a0merci de consulter le fabricant.<\/strong><\/p>\n","protected":false},"excerpt":{"rendered":"<p>Les principaux atouts de ce produit sont l\u2019apport de masse thermique, une bonne diffusivit\u00e9 de la chaleur et une excellente r\u00e9gulation d\u2019humidit\u00e9 dans l\u2019habitat.<\/p>\n<p>Elles peuvent servir \u00e0 diff\u00e9rentes applications :<br \/>\n\u2013 Remplissage de colombages,<br \/>\n\u2013 Murs d\u2019inertie (Afin d\u2019accumuler la chaleur \u2013 derri\u00e8re un po\u00eale \u00e0 bois par exemple),<br \/>\n\u2013 Murs de cloison,<br \/>\n\u2013 Murs capteurs.<\/p>\n<p><strong>Classement au feu CSTB<\/strong><\/p>\n<ul>\n<li><strong>CLASSEMENT A1 EN R\u00c9ACTION AU FEU<\/strong> \u2013 la meilleure note selon la norme europ\u00e9enne.<\/li>\n<li><strong>CLASSEMENT EI 60 EN R\u00c9SISTANCE AU FEU<\/strong> \u2013 une v\u00e9ritable prouesse pour un mat\u00e9riau 100 % naturel.<\/li>\n<\/ul>\n","protected":false},"featured_media":1000000169286,"template":"","meta":[],"product_brand":[925],"product_cat":[45,42,37,44,58,85],"product_tag":[943],"class_list":{"0":"post-1616","1":"product","2":"type-product","3":"status-publish","4":"has-post-thumbnail","6":"product_brand-argilus","7":"product_cat-cloisons-et-doublage","8":"product_cat-construction","9":"product_cat-demande-de-devis-uniquement-avec-prix","10":"product_cat-maconnerie","11":"product_cat-revetements-muraux","12":"product_cat-revetement-muraux","13":"product_tag-argilus","14":"product_shipping_class-impact-transport-important","16":"first","17":"instock","18":"taxable","19":"shipping-taxable","20":"purchasable","21":"product-type-variable"},"yoast_head":"<!-- This site is optimized with the Yoast SEO plugin v27.5 - https:\/\/yoast.com\/product\/yoast-seo-wordpress\/ -->\n<title>Brique de terre crue BTC stabilis\u00e9e \u00e0 la chaux Argilus - ECOBRIVA<\/title>\n<meta name=\"robots\" content=\"noindex, nofollow\" \/>\n<meta property=\"og:locale\" content=\"fr_FR\" \/>\n<meta property=\"og:type\" content=\"article\" \/>\n<meta property=\"og:title\" content=\"Brique de terre crue BTC stabilis\u00e9e \u00e0 la chaux Argilus - ECOBRIVA\" \/>\n<meta property=\"og:description\" content=\"Les principaux atouts de ce produit sont l\u2019apport de masse thermique, une bonne diffusivit\u00e9 de la chaleur et une excellente r\u00e9gulation d\u2019humidit\u00e9 dans l\u2019habitat.  Elles peuvent servir \u00e0 diff\u00e9rentes applications : \u2013 Remplissage de colombages, \u2013 Murs d\u2019inertie (Afin d\u2019accumuler la chaleur \u2013 derri\u00e8re un po\u00eale \u00e0 bois par exemple), \u2013 Murs de cloison, \u2013 Murs capteurs.  Classement au feu CSTB   CLASSEMENT A1 EN R\u00c9ACTION AU FEU \u2013 la meilleure note selon la norme europ\u00e9enne.  CLASSEMENT EI 60 EN R\u00c9SISTANCE AU FEU \u2013 une v\u00e9ritable prouesse pour un mat\u00e9riau 100 % naturel.\" \/>\n<meta property=\"og:url\" content=\"https:\/\/nature-et-developpement.com\/inova-terre-distribution\/produit\/brique-de-terre-crue-btc-stabilisee-a-la-chaux-argilus\/\" \/>\n<meta property=\"og:site_name\" content=\"ECOBRIVA\" \/>\n<meta property=\"article:modified_time\" content=\"2026-01-27T11:12:15+00:00\" \/>\n<meta name=\"twitter:card\" content=\"summary_large_image\" \/>\n<meta name=\"twitter:label1\" content=\"Dur\u00e9e de lecture estim\u00e9e\" \/>\n\t<meta name=\"twitter:data1\" content=\"2 minutes\" \/>\n<script type=\"application\/ld+json\" class=\"yoast-schema-graph\">{\"@context\":\"https:\\\/\\\/schema.org\",\"@graph\":[{\"@type\":\"WebPage\",\"@id\":\"https:\\\/\\\/nature-et-developpement.com\\\/inova-terre-distribution\\\/produit\\\/brique-de-terre-crue-btc-stabilisee-a-la-chaux-argilus\\\/\",\"url\":\"https:\\\/\\\/nature-et-developpement.com\\\/inova-terre-distribution\\\/produit\\\/brique-de-terre-crue-btc-stabilisee-a-la-chaux-argilus\\\/\",\"name\":\"Brique de terre crue BTC stabilis\u00e9e \u00e0 la chaux Argilus - ECOBRIVA\",\"isPartOf\":{\"@id\":\"https:\\\/\\\/nature-et-developpement.com\\\/inova-terre-distribution\\\/#website\"},\"primaryImageOfPage\":{\"@id\":\"https:\\\/\\\/nature-et-developpement.com\\\/inova-terre-distribution\\\/produit\\\/brique-de-terre-crue-btc-stabilisee-a-la-chaux-argilus\\\/#primaryimage\"},\"image\":{\"@id\":\"https:\\\/\\\/nature-et-developpement.com\\\/inova-terre-distribution\\\/produit\\\/brique-de-terre-crue-btc-stabilisee-a-la-chaux-argilus\\\/#primaryimage\"},\"thumbnailUrl\":\"https:\\\/\\\/nature-et-developpement.com\\\/inova-terre-distribution\\\/wp-content\\\/uploads\\\/Brique-de-terre-crue-BTC-stabilisee-a-la-chaux-Argilus.jpg\",\"datePublished\":\"2016-12-31T23:00:00+00:00\",\"dateModified\":\"2026-01-27T11:12:15+00:00\",\"breadcrumb\":{\"@id\":\"https:\\\/\\\/nature-et-developpement.com\\\/inova-terre-distribution\\\/produit\\\/brique-de-terre-crue-btc-stabilisee-a-la-chaux-argilus\\\/#breadcrumb\"},\"inLanguage\":\"fr-FR\",\"potentialAction\":[{\"@type\":\"ReadAction\",\"target\":[\"https:\\\/\\\/nature-et-developpement.com\\\/inova-terre-distribution\\\/produit\\\/brique-de-terre-crue-btc-stabilisee-a-la-chaux-argilus\\\/\"]}]},{\"@type\":\"ImageObject\",\"inLanguage\":\"fr-FR\",\"@id\":\"https:\\\/\\\/nature-et-developpement.com\\\/inova-terre-distribution\\\/produit\\\/brique-de-terre-crue-btc-stabilisee-a-la-chaux-argilus\\\/#primaryimage\",\"url\":\"https:\\\/\\\/nature-et-developpement.com\\\/inova-terre-distribution\\\/wp-content\\\/uploads\\\/Brique-de-terre-crue-BTC-stabilisee-a-la-chaux-Argilus.jpg\",\"contentUrl\":\"https:\\\/\\\/nature-et-developpement.com\\\/inova-terre-distribution\\\/wp-content\\\/uploads\\\/Brique-de-terre-crue-BTC-stabilisee-a-la-chaux-Argilus.jpg\"},{\"@type\":\"BreadcrumbList\",\"@id\":\"https:\\\/\\\/nature-et-developpement.com\\\/inova-terre-distribution\\\/produit\\\/brique-de-terre-crue-btc-stabilisee-a-la-chaux-argilus\\\/#breadcrumb\",\"itemListElement\":[{\"@type\":\"ListItem\",\"position\":1,\"name\":\"Accueil\",\"item\":\"https:\\\/\\\/nature-et-developpement.com\\\/inova-terre-distribution\\\/\"},{\"@type\":\"ListItem\",\"position\":2,\"name\":\"Boutique\",\"item\":\"https:\\\/\\\/nature-et-developpement.com\\\/inova-terre-distribution\\\/boutique\\\/\"},{\"@type\":\"ListItem\",\"position\":3,\"name\":\"Construction, cloison et fen\u00eatres\",\"item\":\"https:\\\/\\\/nature-et-developpement.com\\\/inova-terre-distribution\\\/categorie-produit\\\/construction\\\/\"},{\"@type\":\"ListItem\",\"position\":4,\"name\":\"Ma\u00e7onnerie\",\"item\":\"https:\\\/\\\/nature-et-developpement.com\\\/inova-terre-distribution\\\/categorie-produit\\\/construction\\\/maconnerie\\\/\"},{\"@type\":\"ListItem\",\"position\":5,\"name\":\"Brique de terre crue BTC stabilis\u00e9e \u00e0 la chaux Argilus\"}]},{\"@type\":\"WebSite\",\"@id\":\"https:\\\/\\\/nature-et-developpement.com\\\/inova-terre-distribution\\\/#website\",\"url\":\"https:\\\/\\\/nature-et-developpement.com\\\/inova-terre-distribution\\\/\",\"name\":\"ECOBRIVA\",\"description\":\"ECOBRIVA est membre du groupement Nature &amp; D\u00e9veloppement\",\"publisher\":{\"@id\":\"https:\\\/\\\/nature-et-developpement.com\\\/inova-terre-distribution\\\/#organization\"},\"potentialAction\":[{\"@type\":\"SearchAction\",\"target\":{\"@type\":\"EntryPoint\",\"urlTemplate\":\"https:\\\/\\\/nature-et-developpement.com\\\/inova-terre-distribution\\\/?s={search_term_string}\"},\"query-input\":{\"@type\":\"PropertyValueSpecification\",\"valueRequired\":true,\"valueName\":\"search_term_string\"}}],\"inLanguage\":\"fr-FR\"},{\"@type\":\"Organization\",\"@id\":\"https:\\\/\\\/nature-et-developpement.com\\\/inova-terre-distribution\\\/#organization\",\"name\":\"ECOBRIVA\",\"url\":\"https:\\\/\\\/nature-et-developpement.com\\\/inova-terre-distribution\\\/\",\"logo\":{\"@type\":\"ImageObject\",\"inLanguage\":\"fr-FR\",\"@id\":\"https:\\\/\\\/nature-et-developpement.com\\\/inova-terre-distribution\\\/#\\\/schema\\\/logo\\\/image\\\/\",\"url\":\"https:\\\/\\\/nature-et-developpement.com\\\/inova-terre-distribution\\\/wp-content\\\/uploads\\\/sites\\\/29\\\/2026\\\/03\\\/logo-29.png\",\"contentUrl\":\"https:\\\/\\\/nature-et-developpement.com\\\/inova-terre-distribution\\\/wp-content\\\/uploads\\\/sites\\\/29\\\/2026\\\/03\\\/logo-29.png\",\"width\":250,\"height\":250,\"caption\":\"ECOBRIVA\"},\"image\":{\"@id\":\"https:\\\/\\\/nature-et-developpement.com\\\/inova-terre-distribution\\\/#\\\/schema\\\/logo\\\/image\\\/\"}}]}<\/script>\n<!-- \/ Yoast SEO plugin. -->","yoast_head_json":{"title":"Brique de terre crue BTC stabilis\u00e9e \u00e0 la chaux Argilus - ECOBRIVA","robots":{"index":"noindex","follow":"nofollow"},"og_locale":"fr_FR","og_type":"article","og_title":"Brique de terre crue BTC stabilis\u00e9e \u00e0 la chaux Argilus - ECOBRIVA","og_description":"Les principaux atouts de ce produit sont l\u2019apport de masse thermique, une bonne diffusivit\u00e9 de la chaleur et une excellente r\u00e9gulation d\u2019humidit\u00e9 dans l\u2019habitat.  Elles peuvent servir \u00e0 diff\u00e9rentes applications : \u2013 Remplissage de colombages, \u2013 Murs d\u2019inertie (Afin d\u2019accumuler la chaleur \u2013 derri\u00e8re un po\u00eale \u00e0 bois par exemple), \u2013 Murs de cloison, \u2013 Murs capteurs.  Classement au feu CSTB   CLASSEMENT A1 EN R\u00c9ACTION AU FEU \u2013 la meilleure note selon la norme europ\u00e9enne.  CLASSEMENT EI 60 EN R\u00c9SISTANCE AU FEU \u2013 une v\u00e9ritable prouesse pour un mat\u00e9riau 100 % naturel.","og_url":"https:\/\/nature-et-developpement.com\/inova-terre-distribution\/produit\/brique-de-terre-crue-btc-stabilisee-a-la-chaux-argilus\/","og_site_name":"ECOBRIVA","article_modified_time":"2026-01-27T11:12:15+00:00","twitter_card":"summary_large_image","twitter_misc":{"Dur\u00e9e de lecture estim\u00e9e":"2 minutes"},"schema":{"@context":"https:\/\/schema.org","@graph":[{"@type":"WebPage","@id":"https:\/\/nature-et-developpement.com\/inova-terre-distribution\/produit\/brique-de-terre-crue-btc-stabilisee-a-la-chaux-argilus\/","url":"https:\/\/nature-et-developpement.com\/inova-terre-distribution\/produit\/brique-de-terre-crue-btc-stabilisee-a-la-chaux-argilus\/","name":"Brique de terre crue BTC stabilis\u00e9e \u00e0 la chaux Argilus - ECOBRIVA","isPartOf":{"@id":"https:\/\/nature-et-developpement.com\/inova-terre-distribution\/#website"},"primaryImageOfPage":{"@id":"https:\/\/nature-et-developpement.com\/inova-terre-distribution\/produit\/brique-de-terre-crue-btc-stabilisee-a-la-chaux-argilus\/#primaryimage"},"image":{"@id":"https:\/\/nature-et-developpement.com\/inova-terre-distribution\/produit\/brique-de-terre-crue-btc-stabilisee-a-la-chaux-argilus\/#primaryimage"},"thumbnailUrl":"https:\/\/nature-et-developpement.com\/inova-terre-distribution\/wp-content\/uploads\/Brique-de-terre-crue-BTC-stabilisee-a-la-chaux-Argilus.jpg","datePublished":"2016-12-31T23:00:00+00:00","dateModified":"2026-01-27T11:12:15+00:00","breadcrumb":{"@id":"https:\/\/nature-et-developpement.com\/inova-terre-distribution\/produit\/brique-de-terre-crue-btc-stabilisee-a-la-chaux-argilus\/#breadcrumb"},"inLanguage":"fr-FR","potentialAction":[{"@type":"ReadAction","target":["https:\/\/nature-et-developpement.com\/inova-terre-distribution\/produit\/brique-de-terre-crue-btc-stabilisee-a-la-chaux-argilus\/"]}]},{"@type":"ImageObject","inLanguage":"fr-FR","@id":"https:\/\/nature-et-developpement.com\/inova-terre-distribution\/produit\/brique-de-terre-crue-btc-stabilisee-a-la-chaux-argilus\/#primaryimage","url":"https:\/\/nature-et-developpement.com\/inova-terre-distribution\/wp-content\/uploads\/Brique-de-terre-crue-BTC-stabilisee-a-la-chaux-Argilus.jpg","contentUrl":"https:\/\/nature-et-developpement.com\/inova-terre-distribution\/wp-content\/uploads\/Brique-de-terre-crue-BTC-stabilisee-a-la-chaux-Argilus.jpg"},{"@type":"BreadcrumbList","@id":"https:\/\/nature-et-developpement.com\/inova-terre-distribution\/produit\/brique-de-terre-crue-btc-stabilisee-a-la-chaux-argilus\/#breadcrumb","itemListElement":[{"@type":"ListItem","position":1,"name":"Accueil","item":"https:\/\/nature-et-developpement.com\/inova-terre-distribution\/"},{"@type":"ListItem","position":2,"name":"Boutique","item":"https:\/\/nature-et-developpement.com\/inova-terre-distribution\/boutique\/"},{"@type":"ListItem","position":3,"name":"Construction, cloison et fen\u00eatres","item":"https:\/\/nature-et-developpement.com\/inova-terre-distribution\/categorie-produit\/construction\/"},{"@type":"ListItem","position":4,"name":"Ma\u00e7onnerie","item":"https:\/\/nature-et-developpement.com\/inova-terre-distribution\/categorie-produit\/construction\/maconnerie\/"},{"@type":"ListItem","position":5,"name":"Brique de terre crue BTC stabilis\u00e9e \u00e0 la chaux Argilus"}]},{"@type":"WebSite","@id":"https:\/\/nature-et-developpement.com\/inova-terre-distribution\/#website","url":"https:\/\/nature-et-developpement.com\/inova-terre-distribution\/","name":"ECOBRIVA","description":"ECOBRIVA est membre du groupement Nature &amp; D\u00e9veloppement","publisher":{"@id":"https:\/\/nature-et-developpement.com\/inova-terre-distribution\/#organization"},"potentialAction":[{"@type":"SearchAction","target":{"@type":"EntryPoint","urlTemplate":"https:\/\/nature-et-developpement.com\/inova-terre-distribution\/?s={search_term_string}"},"query-input":{"@type":"PropertyValueSpecification","valueRequired":true,"valueName":"search_term_string"}}],"inLanguage":"fr-FR"},{"@type":"Organization","@id":"https:\/\/nature-et-developpement.com\/inova-terre-distribution\/#organization","name":"ECOBRIVA","url":"https:\/\/nature-et-developpement.com\/inova-terre-distribution\/","logo":{"@type":"ImageObject","inLanguage":"fr-FR","@id":"https:\/\/nature-et-developpement.com\/inova-terre-distribution\/#\/schema\/logo\/image\/","url":"https:\/\/nature-et-developpement.com\/inova-terre-distribution\/wp-content\/uploads\/sites\/29\/2026\/03\/logo-29.png","contentUrl":"https:\/\/nature-et-developpement.com\/inova-terre-distribution\/wp-content\/uploads\/sites\/29\/2026\/03\/logo-29.png","width":250,"height":250,"caption":"ECOBRIVA"},"image":{"@id":"https:\/\/nature-et-developpement.com\/inova-terre-distribution\/#\/schema\/logo\/image\/"}}]}},"distributor_meta":false,"distributor_terms":false,"distributor_media":false,"distributor_original_site_name":"ECOBRIVA","distributor_original_site_url":"https:\/\/nature-et-developpement.com\/inova-terre-distribution","push-errors":false,"_links":{"self":[{"href":"https:\/\/nature-et-developpement.com\/inova-terre-distribution\/wp-json\/wp\/v2\/product\/1616","targetHints":{"allow":["GET"]}}],"collection":[{"href":"https:\/\/nature-et-developpement.com\/inova-terre-distribution\/wp-json\/wp\/v2\/product"}],"about":[{"href":"https:\/\/nature-et-developpement.com\/inova-terre-distribution\/wp-json\/wp\/v2\/types\/product"}],"wp:featuredmedia":[{"embeddable":true,"href":"https:\/\/nature-et-developpement.com\/inova-terre-distribution\/wp-json\/"}],"wp:attachment":[{"href":"https:\/\/nature-et-developpement.com\/inova-terre-distribution\/wp-json\/wp\/v2\/media?parent=1616"}],"wp:term":[{"taxonomy":"product_brand","embeddable":true,"href":"https:\/\/nature-et-developpement.com\/inova-terre-distribution\/wp-json\/wp\/v2\/product_brand?post=1616"},{"taxonomy":"product_cat","embeddable":true,"href":"https:\/\/nature-et-developpement.com\/inova-terre-distribution\/wp-json\/wp\/v2\/product_cat?post=1616"},{"taxonomy":"product_tag","embeddable":true,"href":"https:\/\/nature-et-developpement.com\/inova-terre-distribution\/wp-json\/wp\/v2\/product_tag?post=1616"}],"curies":[{"name":"wp","href":"https:\/\/api.w.org\/{rel}","templated":true}]}}