{"id":4541,"date":"2024-02-14T17:02:47","date_gmt":"2024-02-14T16:02:47","guid":{"rendered":"https:\/\/nature-et-developpement.com\/inova-terre-distribution\/?post_type=product&#038;p=4541"},"modified":"2025-06-17T15:52:50","modified_gmt":"2025-06-17T13:52:50","slug":"gaine-pehd-qualite-alimentaire-circulaire-50m-brink","status":"publish","type":"product","link":"https:\/\/nature-et-developpement.com\/inova-terre-distribution\/produit\/gaine-pehd-qualite-alimentaire-circulaire-50m-brink\/","title":{"rendered":"Gaine PEHD qualit\u00e9 alimentaire circulaire 50m BRINK"},"content":{"rendered":"<p><strong>Gaine PEHD qualit\u00e9 alimentaire circulaire 50m BRINK<\/strong><\/p>\n<p>&nbsp;<\/p>\n<ul>\n<li>Gaine PEHD poly\u00e9thyl\u00e8ne alimentaire semi-rigide circulaire\u00a0 (Diam\u00e8tre ext\u00e9rieur 75mm ou 90 mm) double peau avec int\u00e9rieur lisse.<\/li>\n<li>Livraison en couronne de 50m.<\/li>\n<li>Mise en \u0153uvre simple, coupes et connexions ais\u00e9es.<\/li>\n<li>Fiable et sans fuite. Installation Plug &amp; Play.<\/li>\n<li>Autorise les courbures tout en minimisant les pertes de charge.<\/li>\n<li>Encrassement limit\u00e9. Entretien facilit\u00e9.<\/li>\n<li>Int\u00e9gration facile dans un faux plafond ou un coffrage discret.<\/li>\n<\/ul>\n","protected":false},"excerpt":{"rendered":"<ul>\n<li>Gaine PEHD poly\u00e9thyl\u00e8ne alimentaire semi-rigide circulaire\u00a0 (Diam\u00e8tre ext\u00e9rieur 75mm ou 90 mm) double peau avec int\u00e9rieur lisse.<\/li>\n<\/ul>\n","protected":false},"featured_media":4542,"template":"","meta":[],"product_brand":[1826],"product_cat":[81,37,80],"product_tag":[],"class_list":{"0":"post-4541","1":"product","2":"type-product","3":"status-publish","4":"has-post-thumbnail","6":"product_brand-brink","7":"product_cat-accessoires","8":"product_cat-demande-de-devis-uniquement-avec-prix","9":"product_cat-ventilation","11":"first","12":"instock","13":"taxable","14":"shipping-taxable","15":"product-type-simple"},"yoast_head":"<!-- This site is optimized with the Yoast SEO plugin v27.5 - https:\/\/yoast.com\/product\/yoast-seo-wordpress\/ -->\n<title>Gaine PEHD qualit\u00e9 alimentaire circulaire 50m BRINK - ECOBRIVA<\/title>\n<meta name=\"description\" content=\"Gaine PEHD poly\u00e9thyl\u00e8ne alimentaire semi-rigide circulaire (Diam\u00e8tre ext\u00e9rieur 75mm ou 90mm ) double peau avec int\u00e9rieur lisse.\" \/>\n<meta name=\"robots\" content=\"index, follow, max-snippet:-1, max-image-preview:large, max-video-preview:-1\" \/>\n<link rel=\"canonical\" href=\"https:\/\/nature-et-developpement.com\/inova-terre-distribution\/produit\/gaine-pehd-qualite-alimentaire-circulaire-50m-brink\/\" \/>\n<meta property=\"og:locale\" content=\"fr_FR\" \/>\n<meta property=\"og:type\" content=\"article\" \/>\n<meta property=\"og:title\" content=\"Gaine PEHD qualit\u00e9 alimentaire circulaire 50m BRINK - ECOBRIVA\" \/>\n<meta property=\"og:description\" content=\"Gaine PEHD poly\u00e9thyl\u00e8ne alimentaire semi-rigide circulaire (Diam\u00e8tre ext\u00e9rieur 75mm ou 90mm ) double peau avec int\u00e9rieur lisse.\" \/>\n<meta property=\"og:url\" content=\"https:\/\/nature-et-developpement.com\/inova-terre-distribution\/produit\/gaine-pehd-qualite-alimentaire-circulaire-50m-brink\/\" \/>\n<meta property=\"og:site_name\" content=\"ECOBRIVA\" \/>\n<meta property=\"article:modified_time\" content=\"2025-06-17T13:52:50+00:00\" \/>\n<meta property=\"og:image\" content=\"https:\/\/nature-et-developpement.com\/inova-terre-distribution\/wp-content\/uploads\/sites\/29\/2024\/02\/Rouleau-Gaine-O75.jpg\" \/>\n\t<meta property=\"og:image:width\" content=\"800\" \/>\n\t<meta property=\"og:image:height\" content=\"800\" \/>\n\t<meta property=\"og:image:type\" content=\"image\/jpeg\" \/>\n<meta name=\"twitter:card\" content=\"summary_large_image\" \/>\n<script type=\"application\/ld+json\" class=\"yoast-schema-graph\">{\"@context\":\"https:\\\/\\\/schema.org\",\"@graph\":[{\"@type\":\"WebPage\",\"@id\":\"https:\\\/\\\/nature-et-developpement.com\\\/inova-terre-distribution\\\/produit\\\/gaine-pehd-qualite-alimentaire-circulaire-50m-brink\\\/\",\"url\":\"https:\\\/\\\/nature-et-developpement.com\\\/inova-terre-distribution\\\/produit\\\/gaine-pehd-qualite-alimentaire-circulaire-50m-brink\\\/\",\"name\":\"Gaine PEHD qualit\u00e9 alimentaire circulaire 50m BRINK - ECOBRIVA\",\"isPartOf\":{\"@id\":\"https:\\\/\\\/nature-et-developpement.com\\\/inova-terre-distribution\\\/#website\"},\"primaryImageOfPage\":{\"@id\":\"https:\\\/\\\/nature-et-developpement.com\\\/inova-terre-distribution\\\/produit\\\/gaine-pehd-qualite-alimentaire-circulaire-50m-brink\\\/#primaryimage\"},\"image\":{\"@id\":\"https:\\\/\\\/nature-et-developpement.com\\\/inova-terre-distribution\\\/produit\\\/gaine-pehd-qualite-alimentaire-circulaire-50m-brink\\\/#primaryimage\"},\"thumbnailUrl\":\"https:\\\/\\\/nature-et-developpement.com\\\/inova-terre-distribution\\\/wp-content\\\/uploads\\\/sites\\\/29\\\/2024\\\/02\\\/Rouleau-Gaine-O75.jpg\",\"datePublished\":\"2024-02-14T16:02:47+00:00\",\"dateModified\":\"2025-06-17T13:52:50+00:00\",\"description\":\"Gaine PEHD poly\u00e9thyl\u00e8ne alimentaire semi-rigide circulaire (Diam\u00e8tre ext\u00e9rieur 75mm ou 90mm ) double peau avec int\u00e9rieur lisse.\",\"breadcrumb\":{\"@id\":\"https:\\\/\\\/nature-et-developpement.com\\\/inova-terre-distribution\\\/produit\\\/gaine-pehd-qualite-alimentaire-circulaire-50m-brink\\\/#breadcrumb\"},\"inLanguage\":\"fr-FR\",\"potentialAction\":[{\"@type\":\"ReadAction\",\"target\":[\"https:\\\/\\\/nature-et-developpement.com\\\/inova-terre-distribution\\\/produit\\\/gaine-pehd-qualite-alimentaire-circulaire-50m-brink\\\/\"]}]},{\"@type\":\"ImageObject\",\"inLanguage\":\"fr-FR\",\"@id\":\"https:\\\/\\\/nature-et-developpement.com\\\/inova-terre-distribution\\\/produit\\\/gaine-pehd-qualite-alimentaire-circulaire-50m-brink\\\/#primaryimage\",\"url\":\"https:\\\/\\\/nature-et-developpement.com\\\/inova-terre-distribution\\\/wp-content\\\/uploads\\\/sites\\\/29\\\/2024\\\/02\\\/Rouleau-Gaine-O75.jpg\",\"contentUrl\":\"https:\\\/\\\/nature-et-developpement.com\\\/inova-terre-distribution\\\/wp-content\\\/uploads\\\/sites\\\/29\\\/2024\\\/02\\\/Rouleau-Gaine-O75.jpg\",\"width\":800,\"height\":800},{\"@type\":\"BreadcrumbList\",\"@id\":\"https:\\\/\\\/nature-et-developpement.com\\\/inova-terre-distribution\\\/produit\\\/gaine-pehd-qualite-alimentaire-circulaire-50m-brink\\\/#breadcrumb\",\"itemListElement\":[{\"@type\":\"ListItem\",\"position\":1,\"name\":\"Accueil\",\"item\":\"https:\\\/\\\/nature-et-developpement.com\\\/inova-terre-distribution\\\/\"},{\"@type\":\"ListItem\",\"position\":2,\"name\":\"Boutique\",\"item\":\"https:\\\/\\\/nature-et-developpement.com\\\/inova-terre-distribution\\\/boutique\\\/\"},{\"@type\":\"ListItem\",\"position\":3,\"name\":\"Demande de devis uniquement AVEC PRIX\",\"item\":\"https:\\\/\\\/nature-et-developpement.com\\\/inova-terre-distribution\\\/categorie-produit\\\/demande-de-devis-uniquement-avec-prix\\\/\"},{\"@type\":\"ListItem\",\"position\":4,\"name\":\"Gaine PEHD qualit\u00e9 alimentaire circulaire 50m BRINK\"}]},{\"@type\":\"WebSite\",\"@id\":\"https:\\\/\\\/nature-et-developpement.com\\\/inova-terre-distribution\\\/#website\",\"url\":\"https:\\\/\\\/nature-et-developpement.com\\\/inova-terre-distribution\\\/\",\"name\":\"ECOBRIVA\",\"description\":\"ECOBRIVA est membre du groupement Nature &amp; D\u00e9veloppement\",\"publisher\":{\"@id\":\"https:\\\/\\\/nature-et-developpement.com\\\/inova-terre-distribution\\\/#organization\"},\"potentialAction\":[{\"@type\":\"SearchAction\",\"target\":{\"@type\":\"EntryPoint\",\"urlTemplate\":\"https:\\\/\\\/nature-et-developpement.com\\\/inova-terre-distribution\\\/?s={search_term_string}\"},\"query-input\":{\"@type\":\"PropertyValueSpecification\",\"valueRequired\":true,\"valueName\":\"search_term_string\"}}],\"inLanguage\":\"fr-FR\"},{\"@type\":\"Organization\",\"@id\":\"https:\\\/\\\/nature-et-developpement.com\\\/inova-terre-distribution\\\/#organization\",\"name\":\"ECOBRIVA\",\"url\":\"https:\\\/\\\/nature-et-developpement.com\\\/inova-terre-distribution\\\/\",\"logo\":{\"@type\":\"ImageObject\",\"inLanguage\":\"fr-FR\",\"@id\":\"https:\\\/\\\/nature-et-developpement.com\\\/inova-terre-distribution\\\/#\\\/schema\\\/logo\\\/image\\\/\",\"url\":\"https:\\\/\\\/nature-et-developpement.com\\\/inova-terre-distribution\\\/wp-content\\\/uploads\\\/sites\\\/29\\\/2026\\\/03\\\/logo-29.png\",\"contentUrl\":\"https:\\\/\\\/nature-et-developpement.com\\\/inova-terre-distribution\\\/wp-content\\\/uploads\\\/sites\\\/29\\\/2026\\\/03\\\/logo-29.png\",\"width\":250,\"height\":250,\"caption\":\"ECOBRIVA\"},\"image\":{\"@id\":\"https:\\\/\\\/nature-et-developpement.com\\\/inova-terre-distribution\\\/#\\\/schema\\\/logo\\\/image\\\/\"}}]}<\/script>\n<!-- \/ Yoast SEO plugin. -->","yoast_head_json":{"title":"Gaine PEHD qualit\u00e9 alimentaire circulaire 50m BRINK - ECOBRIVA","description":"Gaine PEHD poly\u00e9thyl\u00e8ne alimentaire semi-rigide circulaire (Diam\u00e8tre ext\u00e9rieur 75mm ou 90mm ) double peau avec int\u00e9rieur lisse.","robots":{"index":"index","follow":"follow","max-snippet":"max-snippet:-1","max-image-preview":"max-image-preview:large","max-video-preview":"max-video-preview:-1"},"canonical":"https:\/\/nature-et-developpement.com\/inova-terre-distribution\/produit\/gaine-pehd-qualite-alimentaire-circulaire-50m-brink\/","og_locale":"fr_FR","og_type":"article","og_title":"Gaine PEHD qualit\u00e9 alimentaire circulaire 50m BRINK - ECOBRIVA","og_description":"Gaine PEHD poly\u00e9thyl\u00e8ne alimentaire semi-rigide circulaire (Diam\u00e8tre ext\u00e9rieur 75mm ou 90mm ) double peau avec int\u00e9rieur lisse.","og_url":"https:\/\/nature-et-developpement.com\/inova-terre-distribution\/produit\/gaine-pehd-qualite-alimentaire-circulaire-50m-brink\/","og_site_name":"ECOBRIVA","article_modified_time":"2025-06-17T13:52:50+00:00","og_image":[{"width":800,"height":800,"url":"https:\/\/nature-et-developpement.com\/inova-terre-distribution\/wp-content\/uploads\/sites\/29\/2024\/02\/Rouleau-Gaine-O75.jpg","type":"image\/jpeg"}],"twitter_card":"summary_large_image","schema":{"@context":"https:\/\/schema.org","@graph":[{"@type":"WebPage","@id":"https:\/\/nature-et-developpement.com\/inova-terre-distribution\/produit\/gaine-pehd-qualite-alimentaire-circulaire-50m-brink\/","url":"https:\/\/nature-et-developpement.com\/inova-terre-distribution\/produit\/gaine-pehd-qualite-alimentaire-circulaire-50m-brink\/","name":"Gaine PEHD qualit\u00e9 alimentaire circulaire 50m BRINK - ECOBRIVA","isPartOf":{"@id":"https:\/\/nature-et-developpement.com\/inova-terre-distribution\/#website"},"primaryImageOfPage":{"@id":"https:\/\/nature-et-developpement.com\/inova-terre-distribution\/produit\/gaine-pehd-qualite-alimentaire-circulaire-50m-brink\/#primaryimage"},"image":{"@id":"https:\/\/nature-et-developpement.com\/inova-terre-distribution\/produit\/gaine-pehd-qualite-alimentaire-circulaire-50m-brink\/#primaryimage"},"thumbnailUrl":"https:\/\/nature-et-developpement.com\/inova-terre-distribution\/wp-content\/uploads\/sites\/29\/2024\/02\/Rouleau-Gaine-O75.jpg","datePublished":"2024-02-14T16:02:47+00:00","dateModified":"2025-06-17T13:52:50+00:00","description":"Gaine PEHD poly\u00e9thyl\u00e8ne alimentaire semi-rigide circulaire (Diam\u00e8tre ext\u00e9rieur 75mm ou 90mm ) double peau avec int\u00e9rieur lisse.","breadcrumb":{"@id":"https:\/\/nature-et-developpement.com\/inova-terre-distribution\/produit\/gaine-pehd-qualite-alimentaire-circulaire-50m-brink\/#breadcrumb"},"inLanguage":"fr-FR","potentialAction":[{"@type":"ReadAction","target":["https:\/\/nature-et-developpement.com\/inova-terre-distribution\/produit\/gaine-pehd-qualite-alimentaire-circulaire-50m-brink\/"]}]},{"@type":"ImageObject","inLanguage":"fr-FR","@id":"https:\/\/nature-et-developpement.com\/inova-terre-distribution\/produit\/gaine-pehd-qualite-alimentaire-circulaire-50m-brink\/#primaryimage","url":"https:\/\/nature-et-developpement.com\/inova-terre-distribution\/wp-content\/uploads\/sites\/29\/2024\/02\/Rouleau-Gaine-O75.jpg","contentUrl":"https:\/\/nature-et-developpement.com\/inova-terre-distribution\/wp-content\/uploads\/sites\/29\/2024\/02\/Rouleau-Gaine-O75.jpg","width":800,"height":800},{"@type":"BreadcrumbList","@id":"https:\/\/nature-et-developpement.com\/inova-terre-distribution\/produit\/gaine-pehd-qualite-alimentaire-circulaire-50m-brink\/#breadcrumb","itemListElement":[{"@type":"ListItem","position":1,"name":"Accueil","item":"https:\/\/nature-et-developpement.com\/inova-terre-distribution\/"},{"@type":"ListItem","position":2,"name":"Boutique","item":"https:\/\/nature-et-developpement.com\/inova-terre-distribution\/boutique\/"},{"@type":"ListItem","position":3,"name":"Demande de devis uniquement AVEC PRIX","item":"https:\/\/nature-et-developpement.com\/inova-terre-distribution\/categorie-produit\/demande-de-devis-uniquement-avec-prix\/"},{"@type":"ListItem","position":4,"name":"Gaine PEHD qualit\u00e9 alimentaire circulaire 50m BRINK"}]},{"@type":"WebSite","@id":"https:\/\/nature-et-developpement.com\/inova-terre-distribution\/#website","url":"https:\/\/nature-et-developpement.com\/inova-terre-distribution\/","name":"ECOBRIVA","description":"ECOBRIVA est membre du groupement Nature &amp; D\u00e9veloppement","publisher":{"@id":"https:\/\/nature-et-developpement.com\/inova-terre-distribution\/#organization"},"potentialAction":[{"@type":"SearchAction","target":{"@type":"EntryPoint","urlTemplate":"https:\/\/nature-et-developpement.com\/inova-terre-distribution\/?s={search_term_string}"},"query-input":{"@type":"PropertyValueSpecification","valueRequired":true,"valueName":"search_term_string"}}],"inLanguage":"fr-FR"},{"@type":"Organization","@id":"https:\/\/nature-et-developpement.com\/inova-terre-distribution\/#organization","name":"ECOBRIVA","url":"https:\/\/nature-et-developpement.com\/inova-terre-distribution\/","logo":{"@type":"ImageObject","inLanguage":"fr-FR","@id":"https:\/\/nature-et-developpement.com\/inova-terre-distribution\/#\/schema\/logo\/image\/","url":"https:\/\/nature-et-developpement.com\/inova-terre-distribution\/wp-content\/uploads\/sites\/29\/2026\/03\/logo-29.png","contentUrl":"https:\/\/nature-et-developpement.com\/inova-terre-distribution\/wp-content\/uploads\/sites\/29\/2026\/03\/logo-29.png","width":250,"height":250,"caption":"ECOBRIVA"},"image":{"@id":"https:\/\/nature-et-developpement.com\/inova-terre-distribution\/#\/schema\/logo\/image\/"}}]}},"distributor_meta":false,"distributor_terms":false,"distributor_media":false,"distributor_original_site_name":"ECOBRIVA","distributor_original_site_url":"https:\/\/nature-et-developpement.com\/inova-terre-distribution","push-errors":false,"_links":{"self":[{"href":"https:\/\/nature-et-developpement.com\/inova-terre-distribution\/wp-json\/wp\/v2\/product\/4541","targetHints":{"allow":["GET"]}}],"collection":[{"href":"https:\/\/nature-et-developpement.com\/inova-terre-distribution\/wp-json\/wp\/v2\/product"}],"about":[{"href":"https:\/\/nature-et-developpement.com\/inova-terre-distribution\/wp-json\/wp\/v2\/types\/product"}],"wp:featuredmedia":[{"embeddable":true,"href":"https:\/\/nature-et-developpement.com\/inova-terre-distribution\/wp-json\/wp\/v2\/media\/4542"}],"wp:attachment":[{"href":"https:\/\/nature-et-developpement.com\/inova-terre-distribution\/wp-json\/wp\/v2\/media?parent=4541"}],"wp:term":[{"taxonomy":"product_brand","embeddable":true,"href":"https:\/\/nature-et-developpement.com\/inova-terre-distribution\/wp-json\/wp\/v2\/product_brand?post=4541"},{"taxonomy":"product_cat","embeddable":true,"href":"https:\/\/nature-et-developpement.com\/inova-terre-distribution\/wp-json\/wp\/v2\/product_cat?post=4541"},{"taxonomy":"product_tag","embeddable":true,"href":"https:\/\/nature-et-developpement.com\/inova-terre-distribution\/wp-json\/wp\/v2\/product_tag?post=4541"}],"curies":[{"name":"wp","href":"https:\/\/api.w.org\/{rel}","templated":true}]}}