{"id":4580,"date":"2024-02-15T10:54:42","date_gmt":"2024-02-15T09:54:42","guid":{"rendered":"https:\/\/nature-et-developpement.com\/inova-terre-distribution\/?post_type=product&#038;p=4580"},"modified":"2025-06-17T15:52:50","modified_gmt":"2025-06-17T13:52:50","slug":"te-de-raccordement-pour-bouche-ronde-brink","status":"publish","type":"product","link":"https:\/\/nature-et-developpement.com\/inova-terre-distribution\/produit\/te-de-raccordement-pour-bouche-ronde-brink\/","title":{"rendered":"T\u00e9 de raccordement pour bouche ronde Brink"},"content":{"rendered":"<h4>T\u00e9 de raccordement pour bouche ronde BRINK<\/h4>\n<p>T\u00e9 de raccordement\u00a0 (D75\/D90) pour bouche ronde DN125. Plenum terminal coud\u00e9 permettant le raccordement d&rsquo;une ou deux gaines PEHD circulaire sur une bouche circulaire.<\/p>\n<p><em>Livr\u00e9 avec un bouchon de gaine (D75\/90) et un bouchon de travaux (DN125).\u00a0<\/em><\/p>\n","protected":false},"excerpt":{"rendered":"<p>T\u00e9 de raccordement AE34 (D75) pour bouche ronde DN125. Plenum terminal coud\u00e9 permettant le raccordement d&rsquo;une ou deux gaines PEHD circulaire AE34C sur une bouche circulaire.<\/p>\n<p><em>Livr\u00e9 avec un bouchon de gaine (D75) et un bouchon de travaux (DN125).\u00a0<\/em><\/p>\n","protected":false},"featured_media":4581,"template":"","meta":[],"product_brand":[1826],"product_cat":[73,80],"product_tag":[2073,2072,2071],"class_list":{"0":"post-4580","1":"product","2":"type-product","3":"status-publish","4":"has-post-thumbnail","6":"product_brand-brink","7":"product_cat-energie-et-ventilation","8":"product_cat-ventilation","9":"product_tag-brink","10":"product_tag-double-flux","11":"product_tag-ventilation","13":"first","14":"instock","15":"taxable","16":"shipping-taxable","17":"product-type-simple"},"yoast_head":"<!-- This site is optimized with the Yoast SEO plugin v27.5 - https:\/\/yoast.com\/product\/yoast-seo-wordpress\/ -->\n<title>T\u00e9 de raccordement pour bouche ronde Brink - ECOBRIVA<\/title>\n<meta name=\"description\" content=\"T\u00e9 de raccordement pour bouche ronde DN125. Plenum terminal coud\u00e9 permettant le raccordement d&#039;une ou deux gaines PEHD circulaire sur une bouche circulaire\" \/>\n<meta name=\"robots\" content=\"index, follow, max-snippet:-1, max-image-preview:large, max-video-preview:-1\" \/>\n<link rel=\"canonical\" href=\"https:\/\/nature-et-developpement.com\/inova-terre-distribution\/produit\/te-de-raccordement-pour-bouche-ronde-brink\/\" \/>\n<meta property=\"og:locale\" content=\"fr_FR\" \/>\n<meta property=\"og:type\" content=\"article\" \/>\n<meta property=\"og:title\" content=\"T\u00e9 de raccordement pour bouche ronde Brink - ECOBRIVA\" \/>\n<meta property=\"og:description\" content=\"T\u00e9 de raccordement pour bouche ronde DN125. Plenum terminal coud\u00e9 permettant le raccordement d&#039;une ou deux gaines PEHD circulaire sur une bouche circulaire\" \/>\n<meta property=\"og:url\" content=\"https:\/\/nature-et-developpement.com\/inova-terre-distribution\/produit\/te-de-raccordement-pour-bouche-ronde-brink\/\" \/>\n<meta property=\"og:site_name\" content=\"ECOBRIVA\" \/>\n<meta property=\"article:modified_time\" content=\"2025-06-17T13:52:50+00:00\" \/>\n<meta property=\"og:image\" content=\"https:\/\/nature-et-developpement.com\/inova-terre-distribution\/wp-content\/uploads\/sites\/29\/2024\/02\/te-de-raccordement.jpg\" \/>\n\t<meta property=\"og:image:width\" content=\"600\" \/>\n\t<meta property=\"og:image:height\" content=\"600\" \/>\n\t<meta property=\"og:image:type\" content=\"image\/jpeg\" \/>\n<meta name=\"twitter:card\" content=\"summary_large_image\" \/>\n<script type=\"application\/ld+json\" class=\"yoast-schema-graph\">{\"@context\":\"https:\\\/\\\/schema.org\",\"@graph\":[{\"@type\":\"WebPage\",\"@id\":\"https:\\\/\\\/nature-et-developpement.com\\\/inova-terre-distribution\\\/produit\\\/te-de-raccordement-pour-bouche-ronde-brink\\\/\",\"url\":\"https:\\\/\\\/nature-et-developpement.com\\\/inova-terre-distribution\\\/produit\\\/te-de-raccordement-pour-bouche-ronde-brink\\\/\",\"name\":\"T\u00e9 de raccordement pour bouche ronde Brink - ECOBRIVA\",\"isPartOf\":{\"@id\":\"https:\\\/\\\/nature-et-developpement.com\\\/inova-terre-distribution\\\/#website\"},\"primaryImageOfPage\":{\"@id\":\"https:\\\/\\\/nature-et-developpement.com\\\/inova-terre-distribution\\\/produit\\\/te-de-raccordement-pour-bouche-ronde-brink\\\/#primaryimage\"},\"image\":{\"@id\":\"https:\\\/\\\/nature-et-developpement.com\\\/inova-terre-distribution\\\/produit\\\/te-de-raccordement-pour-bouche-ronde-brink\\\/#primaryimage\"},\"thumbnailUrl\":\"https:\\\/\\\/nature-et-developpement.com\\\/inova-terre-distribution\\\/wp-content\\\/uploads\\\/sites\\\/29\\\/2024\\\/02\\\/te-de-raccordement.jpg\",\"datePublished\":\"2024-02-15T09:54:42+00:00\",\"dateModified\":\"2025-06-17T13:52:50+00:00\",\"description\":\"T\u00e9 de raccordement pour bouche ronde DN125. Plenum terminal coud\u00e9 permettant le raccordement d'une ou deux gaines PEHD circulaire sur une bouche circulaire\",\"breadcrumb\":{\"@id\":\"https:\\\/\\\/nature-et-developpement.com\\\/inova-terre-distribution\\\/produit\\\/te-de-raccordement-pour-bouche-ronde-brink\\\/#breadcrumb\"},\"inLanguage\":\"fr-FR\",\"potentialAction\":[{\"@type\":\"ReadAction\",\"target\":[\"https:\\\/\\\/nature-et-developpement.com\\\/inova-terre-distribution\\\/produit\\\/te-de-raccordement-pour-bouche-ronde-brink\\\/\"]}]},{\"@type\":\"ImageObject\",\"inLanguage\":\"fr-FR\",\"@id\":\"https:\\\/\\\/nature-et-developpement.com\\\/inova-terre-distribution\\\/produit\\\/te-de-raccordement-pour-bouche-ronde-brink\\\/#primaryimage\",\"url\":\"https:\\\/\\\/nature-et-developpement.com\\\/inova-terre-distribution\\\/wp-content\\\/uploads\\\/sites\\\/29\\\/2024\\\/02\\\/te-de-raccordement.jpg\",\"contentUrl\":\"https:\\\/\\\/nature-et-developpement.com\\\/inova-terre-distribution\\\/wp-content\\\/uploads\\\/sites\\\/29\\\/2024\\\/02\\\/te-de-raccordement.jpg\",\"width\":600,\"height\":600,\"caption\":\"t\u00e9 de raccordement\"},{\"@type\":\"BreadcrumbList\",\"@id\":\"https:\\\/\\\/nature-et-developpement.com\\\/inova-terre-distribution\\\/produit\\\/te-de-raccordement-pour-bouche-ronde-brink\\\/#breadcrumb\",\"itemListElement\":[{\"@type\":\"ListItem\",\"position\":1,\"name\":\"Accueil\",\"item\":\"https:\\\/\\\/nature-et-developpement.com\\\/inova-terre-distribution\\\/\"},{\"@type\":\"ListItem\",\"position\":2,\"name\":\"Boutique\",\"item\":\"https:\\\/\\\/nature-et-developpement.com\\\/inova-terre-distribution\\\/boutique\\\/\"},{\"@type\":\"ListItem\",\"position\":3,\"name\":\"Chauffage, eau et \u00e9nergie\",\"item\":\"https:\\\/\\\/nature-et-developpement.com\\\/inova-terre-distribution\\\/categorie-produit\\\/energie-et-ventilation\\\/\"},{\"@type\":\"ListItem\",\"position\":4,\"name\":\"T\u00e9 de raccordement pour bouche ronde Brink\"}]},{\"@type\":\"WebSite\",\"@id\":\"https:\\\/\\\/nature-et-developpement.com\\\/inova-terre-distribution\\\/#website\",\"url\":\"https:\\\/\\\/nature-et-developpement.com\\\/inova-terre-distribution\\\/\",\"name\":\"ECOBRIVA\",\"description\":\"ECOBRIVA est membre du groupement Nature &amp; D\u00e9veloppement\",\"publisher\":{\"@id\":\"https:\\\/\\\/nature-et-developpement.com\\\/inova-terre-distribution\\\/#organization\"},\"potentialAction\":[{\"@type\":\"SearchAction\",\"target\":{\"@type\":\"EntryPoint\",\"urlTemplate\":\"https:\\\/\\\/nature-et-developpement.com\\\/inova-terre-distribution\\\/?s={search_term_string}\"},\"query-input\":{\"@type\":\"PropertyValueSpecification\",\"valueRequired\":true,\"valueName\":\"search_term_string\"}}],\"inLanguage\":\"fr-FR\"},{\"@type\":\"Organization\",\"@id\":\"https:\\\/\\\/nature-et-developpement.com\\\/inova-terre-distribution\\\/#organization\",\"name\":\"ECOBRIVA\",\"url\":\"https:\\\/\\\/nature-et-developpement.com\\\/inova-terre-distribution\\\/\",\"logo\":{\"@type\":\"ImageObject\",\"inLanguage\":\"fr-FR\",\"@id\":\"https:\\\/\\\/nature-et-developpement.com\\\/inova-terre-distribution\\\/#\\\/schema\\\/logo\\\/image\\\/\",\"url\":\"https:\\\/\\\/nature-et-developpement.com\\\/inova-terre-distribution\\\/wp-content\\\/uploads\\\/sites\\\/29\\\/2026\\\/03\\\/logo-29.png\",\"contentUrl\":\"https:\\\/\\\/nature-et-developpement.com\\\/inova-terre-distribution\\\/wp-content\\\/uploads\\\/sites\\\/29\\\/2026\\\/03\\\/logo-29.png\",\"width\":250,\"height\":250,\"caption\":\"ECOBRIVA\"},\"image\":{\"@id\":\"https:\\\/\\\/nature-et-developpement.com\\\/inova-terre-distribution\\\/#\\\/schema\\\/logo\\\/image\\\/\"}}]}<\/script>\n<!-- \/ Yoast SEO plugin. -->","yoast_head_json":{"title":"T\u00e9 de raccordement pour bouche ronde Brink - ECOBRIVA","description":"T\u00e9 de raccordement pour bouche ronde DN125. Plenum terminal coud\u00e9 permettant le raccordement d'une ou deux gaines PEHD circulaire sur une bouche circulaire","robots":{"index":"index","follow":"follow","max-snippet":"max-snippet:-1","max-image-preview":"max-image-preview:large","max-video-preview":"max-video-preview:-1"},"canonical":"https:\/\/nature-et-developpement.com\/inova-terre-distribution\/produit\/te-de-raccordement-pour-bouche-ronde-brink\/","og_locale":"fr_FR","og_type":"article","og_title":"T\u00e9 de raccordement pour bouche ronde Brink - ECOBRIVA","og_description":"T\u00e9 de raccordement pour bouche ronde DN125. Plenum terminal coud\u00e9 permettant le raccordement d'une ou deux gaines PEHD circulaire sur une bouche circulaire","og_url":"https:\/\/nature-et-developpement.com\/inova-terre-distribution\/produit\/te-de-raccordement-pour-bouche-ronde-brink\/","og_site_name":"ECOBRIVA","article_modified_time":"2025-06-17T13:52:50+00:00","og_image":[{"width":600,"height":600,"url":"https:\/\/nature-et-developpement.com\/inova-terre-distribution\/wp-content\/uploads\/sites\/29\/2024\/02\/te-de-raccordement.jpg","type":"image\/jpeg"}],"twitter_card":"summary_large_image","schema":{"@context":"https:\/\/schema.org","@graph":[{"@type":"WebPage","@id":"https:\/\/nature-et-developpement.com\/inova-terre-distribution\/produit\/te-de-raccordement-pour-bouche-ronde-brink\/","url":"https:\/\/nature-et-developpement.com\/inova-terre-distribution\/produit\/te-de-raccordement-pour-bouche-ronde-brink\/","name":"T\u00e9 de raccordement pour bouche ronde Brink - ECOBRIVA","isPartOf":{"@id":"https:\/\/nature-et-developpement.com\/inova-terre-distribution\/#website"},"primaryImageOfPage":{"@id":"https:\/\/nature-et-developpement.com\/inova-terre-distribution\/produit\/te-de-raccordement-pour-bouche-ronde-brink\/#primaryimage"},"image":{"@id":"https:\/\/nature-et-developpement.com\/inova-terre-distribution\/produit\/te-de-raccordement-pour-bouche-ronde-brink\/#primaryimage"},"thumbnailUrl":"https:\/\/nature-et-developpement.com\/inova-terre-distribution\/wp-content\/uploads\/sites\/29\/2024\/02\/te-de-raccordement.jpg","datePublished":"2024-02-15T09:54:42+00:00","dateModified":"2025-06-17T13:52:50+00:00","description":"T\u00e9 de raccordement pour bouche ronde DN125. Plenum terminal coud\u00e9 permettant le raccordement d'une ou deux gaines PEHD circulaire sur une bouche circulaire","breadcrumb":{"@id":"https:\/\/nature-et-developpement.com\/inova-terre-distribution\/produit\/te-de-raccordement-pour-bouche-ronde-brink\/#breadcrumb"},"inLanguage":"fr-FR","potentialAction":[{"@type":"ReadAction","target":["https:\/\/nature-et-developpement.com\/inova-terre-distribution\/produit\/te-de-raccordement-pour-bouche-ronde-brink\/"]}]},{"@type":"ImageObject","inLanguage":"fr-FR","@id":"https:\/\/nature-et-developpement.com\/inova-terre-distribution\/produit\/te-de-raccordement-pour-bouche-ronde-brink\/#primaryimage","url":"https:\/\/nature-et-developpement.com\/inova-terre-distribution\/wp-content\/uploads\/sites\/29\/2024\/02\/te-de-raccordement.jpg","contentUrl":"https:\/\/nature-et-developpement.com\/inova-terre-distribution\/wp-content\/uploads\/sites\/29\/2024\/02\/te-de-raccordement.jpg","width":600,"height":600,"caption":"t\u00e9 de raccordement"},{"@type":"BreadcrumbList","@id":"https:\/\/nature-et-developpement.com\/inova-terre-distribution\/produit\/te-de-raccordement-pour-bouche-ronde-brink\/#breadcrumb","itemListElement":[{"@type":"ListItem","position":1,"name":"Accueil","item":"https:\/\/nature-et-developpement.com\/inova-terre-distribution\/"},{"@type":"ListItem","position":2,"name":"Boutique","item":"https:\/\/nature-et-developpement.com\/inova-terre-distribution\/boutique\/"},{"@type":"ListItem","position":3,"name":"Chauffage, eau et \u00e9nergie","item":"https:\/\/nature-et-developpement.com\/inova-terre-distribution\/categorie-produit\/energie-et-ventilation\/"},{"@type":"ListItem","position":4,"name":"T\u00e9 de raccordement pour bouche ronde Brink"}]},{"@type":"WebSite","@id":"https:\/\/nature-et-developpement.com\/inova-terre-distribution\/#website","url":"https:\/\/nature-et-developpement.com\/inova-terre-distribution\/","name":"ECOBRIVA","description":"ECOBRIVA est membre du groupement Nature &amp; D\u00e9veloppement","publisher":{"@id":"https:\/\/nature-et-developpement.com\/inova-terre-distribution\/#organization"},"potentialAction":[{"@type":"SearchAction","target":{"@type":"EntryPoint","urlTemplate":"https:\/\/nature-et-developpement.com\/inova-terre-distribution\/?s={search_term_string}"},"query-input":{"@type":"PropertyValueSpecification","valueRequired":true,"valueName":"search_term_string"}}],"inLanguage":"fr-FR"},{"@type":"Organization","@id":"https:\/\/nature-et-developpement.com\/inova-terre-distribution\/#organization","name":"ECOBRIVA","url":"https:\/\/nature-et-developpement.com\/inova-terre-distribution\/","logo":{"@type":"ImageObject","inLanguage":"fr-FR","@id":"https:\/\/nature-et-developpement.com\/inova-terre-distribution\/#\/schema\/logo\/image\/","url":"https:\/\/nature-et-developpement.com\/inova-terre-distribution\/wp-content\/uploads\/sites\/29\/2026\/03\/logo-29.png","contentUrl":"https:\/\/nature-et-developpement.com\/inova-terre-distribution\/wp-content\/uploads\/sites\/29\/2026\/03\/logo-29.png","width":250,"height":250,"caption":"ECOBRIVA"},"image":{"@id":"https:\/\/nature-et-developpement.com\/inova-terre-distribution\/#\/schema\/logo\/image\/"}}]}},"distributor_meta":false,"distributor_terms":false,"distributor_media":false,"distributor_original_site_name":"ECOBRIVA","distributor_original_site_url":"https:\/\/nature-et-developpement.com\/inova-terre-distribution","push-errors":false,"_links":{"self":[{"href":"https:\/\/nature-et-developpement.com\/inova-terre-distribution\/wp-json\/wp\/v2\/product\/4580","targetHints":{"allow":["GET"]}}],"collection":[{"href":"https:\/\/nature-et-developpement.com\/inova-terre-distribution\/wp-json\/wp\/v2\/product"}],"about":[{"href":"https:\/\/nature-et-developpement.com\/inova-terre-distribution\/wp-json\/wp\/v2\/types\/product"}],"wp:featuredmedia":[{"embeddable":true,"href":"https:\/\/nature-et-developpement.com\/inova-terre-distribution\/wp-json\/wp\/v2\/media\/4581"}],"wp:attachment":[{"href":"https:\/\/nature-et-developpement.com\/inova-terre-distribution\/wp-json\/wp\/v2\/media?parent=4580"}],"wp:term":[{"taxonomy":"product_brand","embeddable":true,"href":"https:\/\/nature-et-developpement.com\/inova-terre-distribution\/wp-json\/wp\/v2\/product_brand?post=4580"},{"taxonomy":"product_cat","embeddable":true,"href":"https:\/\/nature-et-developpement.com\/inova-terre-distribution\/wp-json\/wp\/v2\/product_cat?post=4580"},{"taxonomy":"product_tag","embeddable":true,"href":"https:\/\/nature-et-developpement.com\/inova-terre-distribution\/wp-json\/wp\/v2\/product_tag?post=4580"}],"curies":[{"name":"wp","href":"https:\/\/api.w.org\/{rel}","templated":true}]}}