{"id":4882,"date":"2024-06-25T10:31:07","date_gmt":"2024-06-25T08:31:07","guid":{"rendered":"https:\/\/nature-et-developpement.com\/inova-terre-distribution\/produit\/brosse-a-badigeon-pro-pozzo-nuovo\/"},"modified":"2025-06-17T15:56:43","modified_gmt":"2025-06-17T13:56:43","slug":"brosse-a-badigeon-pro-pozzo-nuovo","status":"publish","type":"product","link":"https:\/\/nature-et-developpement.com\/inova-terre-distribution\/produit\/brosse-a-badigeon-pro-pozzo-nuovo\/","title":{"rendered":"Brosse \u00e0 badigeon pro Pozzo Nuovo"},"content":{"rendered":"","protected":false},"excerpt":{"rendered":"<p>L&rsquo;outil parfait pour les badigeons \u00e0 la chaux et les peintures \u00e9paisses.<br \/>\nForme ovale, soie pure et manche bois.<\/p>\n","protected":false},"featured_media":1000000170230,"template":"","meta":[],"product_brand":[1709],"product_cat":[91,65,94,63],"product_tag":[1711],"class_list":{"0":"post-4882","1":"product","2":"type-product","3":"status-publish","4":"has-post-thumbnail","6":"product_brand-pozzo-nuovo","7":"product_cat-accessoires-agencement-exterieur","8":"product_cat-accessoires-peinture-et-enduit","9":"product_cat-outillage","10":"product_cat-outillage-peinture-et-enduit","11":"product_tag-chaux","12":"product_shipping_class-petit-equipement-outil-eclairage","14":"first","15":"instock","16":"taxable","17":"shipping-taxable","18":"purchasable","19":"product-type-variable"},"yoast_head":"<!-- This site is optimized with the Yoast SEO plugin v27.5 - https:\/\/yoast.com\/product\/yoast-seo-wordpress\/ -->\n<title>Brosse \u00e0 badigeon pro Pozzo Nuovo - ECOBRIVA<\/title>\n<meta name=\"robots\" content=\"noindex, nofollow\" \/>\n<meta property=\"og:locale\" content=\"fr_FR\" \/>\n<meta property=\"og:type\" content=\"article\" \/>\n<meta property=\"og:title\" content=\"Brosse \u00e0 badigeon pro Pozzo Nuovo - ECOBRIVA\" \/>\n<meta property=\"og:description\" content=\"L&#039;outil parfait pour les badigeons \u00e0 la chaux et les peintures \u00e9paisses. Forme ovale, soie pure et manche bois.\" \/>\n<meta property=\"og:url\" content=\"https:\/\/nature-et-developpement.com\/inova-terre-distribution\/produit\/brosse-a-badigeon-pro-pozzo-nuovo\/\" \/>\n<meta property=\"og:site_name\" content=\"ECOBRIVA\" \/>\n<meta property=\"article:modified_time\" content=\"2025-06-17T13:56:43+00:00\" \/>\n<meta name=\"twitter:card\" content=\"summary_large_image\" \/>\n<script type=\"application\/ld+json\" class=\"yoast-schema-graph\">{\"@context\":\"https:\\\/\\\/schema.org\",\"@graph\":[{\"@type\":\"WebPage\",\"@id\":\"https:\\\/\\\/nature-et-developpement.com\\\/inova-terre-distribution\\\/produit\\\/brosse-a-badigeon-pro-pozzo-nuovo\\\/\",\"url\":\"https:\\\/\\\/nature-et-developpement.com\\\/inova-terre-distribution\\\/produit\\\/brosse-a-badigeon-pro-pozzo-nuovo\\\/\",\"name\":\"Brosse \u00e0 badigeon pro Pozzo Nuovo - ECOBRIVA\",\"isPartOf\":{\"@id\":\"https:\\\/\\\/nature-et-developpement.com\\\/inova-terre-distribution\\\/#website\"},\"primaryImageOfPage\":{\"@id\":\"https:\\\/\\\/nature-et-developpement.com\\\/inova-terre-distribution\\\/produit\\\/brosse-a-badigeon-pro-pozzo-nuovo\\\/#primaryimage\"},\"image\":{\"@id\":\"https:\\\/\\\/nature-et-developpement.com\\\/inova-terre-distribution\\\/produit\\\/brosse-a-badigeon-pro-pozzo-nuovo\\\/#primaryimage\"},\"thumbnailUrl\":\"https:\\\/\\\/nature-et-developpement.com\\\/inova-terre-distribution\\\/wp-content\\\/uploads\\\/Brosse-a-badigeon-pro-virole-cuivre-Pozzo-Nuovo.jpg\",\"datePublished\":\"2024-06-25T08:31:07+00:00\",\"dateModified\":\"2025-06-17T13:56:43+00:00\",\"breadcrumb\":{\"@id\":\"https:\\\/\\\/nature-et-developpement.com\\\/inova-terre-distribution\\\/produit\\\/brosse-a-badigeon-pro-pozzo-nuovo\\\/#breadcrumb\"},\"inLanguage\":\"fr-FR\",\"potentialAction\":[{\"@type\":\"ReadAction\",\"target\":[\"https:\\\/\\\/nature-et-developpement.com\\\/inova-terre-distribution\\\/produit\\\/brosse-a-badigeon-pro-pozzo-nuovo\\\/\"]}]},{\"@type\":\"ImageObject\",\"inLanguage\":\"fr-FR\",\"@id\":\"https:\\\/\\\/nature-et-developpement.com\\\/inova-terre-distribution\\\/produit\\\/brosse-a-badigeon-pro-pozzo-nuovo\\\/#primaryimage\",\"url\":\"https:\\\/\\\/nature-et-developpement.com\\\/inova-terre-distribution\\\/wp-content\\\/uploads\\\/Brosse-a-badigeon-pro-virole-cuivre-Pozzo-Nuovo.jpg\",\"contentUrl\":\"https:\\\/\\\/nature-et-developpement.com\\\/inova-terre-distribution\\\/wp-content\\\/uploads\\\/Brosse-a-badigeon-pro-virole-cuivre-Pozzo-Nuovo.jpg\"},{\"@type\":\"BreadcrumbList\",\"@id\":\"https:\\\/\\\/nature-et-developpement.com\\\/inova-terre-distribution\\\/produit\\\/brosse-a-badigeon-pro-pozzo-nuovo\\\/#breadcrumb\",\"itemListElement\":[{\"@type\":\"ListItem\",\"position\":1,\"name\":\"Accueil\",\"item\":\"https:\\\/\\\/nature-et-developpement.com\\\/inova-terre-distribution\\\/\"},{\"@type\":\"ListItem\",\"position\":2,\"name\":\"Boutique\",\"item\":\"https:\\\/\\\/nature-et-developpement.com\\\/inova-terre-distribution\\\/boutique\\\/\"},{\"@type\":\"ListItem\",\"position\":3,\"name\":\"Agencement ext\u00e9rieur\",\"item\":\"https:\\\/\\\/nature-et-developpement.com\\\/inova-terre-distribution\\\/categorie-produit\\\/agencement-exterieur\\\/\"},{\"@type\":\"ListItem\",\"position\":4,\"name\":\"Accessoires agencement ext\u00e9rieur\",\"item\":\"https:\\\/\\\/nature-et-developpement.com\\\/inova-terre-distribution\\\/categorie-produit\\\/agencement-exterieur\\\/accessoires-agencement-exterieur\\\/\"},{\"@type\":\"ListItem\",\"position\":5,\"name\":\"Brosse \u00e0 badigeon pro Pozzo Nuovo\"}]},{\"@type\":\"WebSite\",\"@id\":\"https:\\\/\\\/nature-et-developpement.com\\\/inova-terre-distribution\\\/#website\",\"url\":\"https:\\\/\\\/nature-et-developpement.com\\\/inova-terre-distribution\\\/\",\"name\":\"ECOBRIVA\",\"description\":\"ECOBRIVA est membre du groupement Nature &amp; D\u00e9veloppement\",\"publisher\":{\"@id\":\"https:\\\/\\\/nature-et-developpement.com\\\/inova-terre-distribution\\\/#organization\"},\"potentialAction\":[{\"@type\":\"SearchAction\",\"target\":{\"@type\":\"EntryPoint\",\"urlTemplate\":\"https:\\\/\\\/nature-et-developpement.com\\\/inova-terre-distribution\\\/?s={search_term_string}\"},\"query-input\":{\"@type\":\"PropertyValueSpecification\",\"valueRequired\":true,\"valueName\":\"search_term_string\"}}],\"inLanguage\":\"fr-FR\"},{\"@type\":\"Organization\",\"@id\":\"https:\\\/\\\/nature-et-developpement.com\\\/inova-terre-distribution\\\/#organization\",\"name\":\"ECOBRIVA\",\"url\":\"https:\\\/\\\/nature-et-developpement.com\\\/inova-terre-distribution\\\/\",\"logo\":{\"@type\":\"ImageObject\",\"inLanguage\":\"fr-FR\",\"@id\":\"https:\\\/\\\/nature-et-developpement.com\\\/inova-terre-distribution\\\/#\\\/schema\\\/logo\\\/image\\\/\",\"url\":\"https:\\\/\\\/nature-et-developpement.com\\\/inova-terre-distribution\\\/wp-content\\\/uploads\\\/sites\\\/29\\\/2026\\\/03\\\/logo-29.png\",\"contentUrl\":\"https:\\\/\\\/nature-et-developpement.com\\\/inova-terre-distribution\\\/wp-content\\\/uploads\\\/sites\\\/29\\\/2026\\\/03\\\/logo-29.png\",\"width\":250,\"height\":250,\"caption\":\"ECOBRIVA\"},\"image\":{\"@id\":\"https:\\\/\\\/nature-et-developpement.com\\\/inova-terre-distribution\\\/#\\\/schema\\\/logo\\\/image\\\/\"}}]}<\/script>\n<!-- \/ Yoast SEO plugin. -->","yoast_head_json":{"title":"Brosse \u00e0 badigeon pro Pozzo Nuovo - ECOBRIVA","robots":{"index":"noindex","follow":"nofollow"},"og_locale":"fr_FR","og_type":"article","og_title":"Brosse \u00e0 badigeon pro Pozzo Nuovo - ECOBRIVA","og_description":"L'outil parfait pour les badigeons \u00e0 la chaux et les peintures \u00e9paisses. Forme ovale, soie pure et manche bois.","og_url":"https:\/\/nature-et-developpement.com\/inova-terre-distribution\/produit\/brosse-a-badigeon-pro-pozzo-nuovo\/","og_site_name":"ECOBRIVA","article_modified_time":"2025-06-17T13:56:43+00:00","twitter_card":"summary_large_image","schema":{"@context":"https:\/\/schema.org","@graph":[{"@type":"WebPage","@id":"https:\/\/nature-et-developpement.com\/inova-terre-distribution\/produit\/brosse-a-badigeon-pro-pozzo-nuovo\/","url":"https:\/\/nature-et-developpement.com\/inova-terre-distribution\/produit\/brosse-a-badigeon-pro-pozzo-nuovo\/","name":"Brosse \u00e0 badigeon pro Pozzo Nuovo - ECOBRIVA","isPartOf":{"@id":"https:\/\/nature-et-developpement.com\/inova-terre-distribution\/#website"},"primaryImageOfPage":{"@id":"https:\/\/nature-et-developpement.com\/inova-terre-distribution\/produit\/brosse-a-badigeon-pro-pozzo-nuovo\/#primaryimage"},"image":{"@id":"https:\/\/nature-et-developpement.com\/inova-terre-distribution\/produit\/brosse-a-badigeon-pro-pozzo-nuovo\/#primaryimage"},"thumbnailUrl":"https:\/\/nature-et-developpement.com\/inova-terre-distribution\/wp-content\/uploads\/Brosse-a-badigeon-pro-virole-cuivre-Pozzo-Nuovo.jpg","datePublished":"2024-06-25T08:31:07+00:00","dateModified":"2025-06-17T13:56:43+00:00","breadcrumb":{"@id":"https:\/\/nature-et-developpement.com\/inova-terre-distribution\/produit\/brosse-a-badigeon-pro-pozzo-nuovo\/#breadcrumb"},"inLanguage":"fr-FR","potentialAction":[{"@type":"ReadAction","target":["https:\/\/nature-et-developpement.com\/inova-terre-distribution\/produit\/brosse-a-badigeon-pro-pozzo-nuovo\/"]}]},{"@type":"ImageObject","inLanguage":"fr-FR","@id":"https:\/\/nature-et-developpement.com\/inova-terre-distribution\/produit\/brosse-a-badigeon-pro-pozzo-nuovo\/#primaryimage","url":"https:\/\/nature-et-developpement.com\/inova-terre-distribution\/wp-content\/uploads\/Brosse-a-badigeon-pro-virole-cuivre-Pozzo-Nuovo.jpg","contentUrl":"https:\/\/nature-et-developpement.com\/inova-terre-distribution\/wp-content\/uploads\/Brosse-a-badigeon-pro-virole-cuivre-Pozzo-Nuovo.jpg"},{"@type":"BreadcrumbList","@id":"https:\/\/nature-et-developpement.com\/inova-terre-distribution\/produit\/brosse-a-badigeon-pro-pozzo-nuovo\/#breadcrumb","itemListElement":[{"@type":"ListItem","position":1,"name":"Accueil","item":"https:\/\/nature-et-developpement.com\/inova-terre-distribution\/"},{"@type":"ListItem","position":2,"name":"Boutique","item":"https:\/\/nature-et-developpement.com\/inova-terre-distribution\/boutique\/"},{"@type":"ListItem","position":3,"name":"Agencement ext\u00e9rieur","item":"https:\/\/nature-et-developpement.com\/inova-terre-distribution\/categorie-produit\/agencement-exterieur\/"},{"@type":"ListItem","position":4,"name":"Accessoires agencement ext\u00e9rieur","item":"https:\/\/nature-et-developpement.com\/inova-terre-distribution\/categorie-produit\/agencement-exterieur\/accessoires-agencement-exterieur\/"},{"@type":"ListItem","position":5,"name":"Brosse \u00e0 badigeon pro Pozzo Nuovo"}]},{"@type":"WebSite","@id":"https:\/\/nature-et-developpement.com\/inova-terre-distribution\/#website","url":"https:\/\/nature-et-developpement.com\/inova-terre-distribution\/","name":"ECOBRIVA","description":"ECOBRIVA est membre du groupement Nature &amp; D\u00e9veloppement","publisher":{"@id":"https:\/\/nature-et-developpement.com\/inova-terre-distribution\/#organization"},"potentialAction":[{"@type":"SearchAction","target":{"@type":"EntryPoint","urlTemplate":"https:\/\/nature-et-developpement.com\/inova-terre-distribution\/?s={search_term_string}"},"query-input":{"@type":"PropertyValueSpecification","valueRequired":true,"valueName":"search_term_string"}}],"inLanguage":"fr-FR"},{"@type":"Organization","@id":"https:\/\/nature-et-developpement.com\/inova-terre-distribution\/#organization","name":"ECOBRIVA","url":"https:\/\/nature-et-developpement.com\/inova-terre-distribution\/","logo":{"@type":"ImageObject","inLanguage":"fr-FR","@id":"https:\/\/nature-et-developpement.com\/inova-terre-distribution\/#\/schema\/logo\/image\/","url":"https:\/\/nature-et-developpement.com\/inova-terre-distribution\/wp-content\/uploads\/sites\/29\/2026\/03\/logo-29.png","contentUrl":"https:\/\/nature-et-developpement.com\/inova-terre-distribution\/wp-content\/uploads\/sites\/29\/2026\/03\/logo-29.png","width":250,"height":250,"caption":"ECOBRIVA"},"image":{"@id":"https:\/\/nature-et-developpement.com\/inova-terre-distribution\/#\/schema\/logo\/image\/"}}]}},"distributor_meta":false,"distributor_terms":false,"distributor_media":false,"distributor_original_site_name":"ECOBRIVA","distributor_original_site_url":"https:\/\/nature-et-developpement.com\/inova-terre-distribution","push-errors":false,"_links":{"self":[{"href":"https:\/\/nature-et-developpement.com\/inova-terre-distribution\/wp-json\/wp\/v2\/product\/4882","targetHints":{"allow":["GET"]}}],"collection":[{"href":"https:\/\/nature-et-developpement.com\/inova-terre-distribution\/wp-json\/wp\/v2\/product"}],"about":[{"href":"https:\/\/nature-et-developpement.com\/inova-terre-distribution\/wp-json\/wp\/v2\/types\/product"}],"wp:featuredmedia":[{"embeddable":true,"href":"https:\/\/nature-et-developpement.com\/inova-terre-distribution\/wp-json\/"}],"wp:attachment":[{"href":"https:\/\/nature-et-developpement.com\/inova-terre-distribution\/wp-json\/wp\/v2\/media?parent=4882"}],"wp:term":[{"taxonomy":"product_brand","embeddable":true,"href":"https:\/\/nature-et-developpement.com\/inova-terre-distribution\/wp-json\/wp\/v2\/product_brand?post=4882"},{"taxonomy":"product_cat","embeddable":true,"href":"https:\/\/nature-et-developpement.com\/inova-terre-distribution\/wp-json\/wp\/v2\/product_cat?post=4882"},{"taxonomy":"product_tag","embeddable":true,"href":"https:\/\/nature-et-developpement.com\/inova-terre-distribution\/wp-json\/wp\/v2\/product_tag?post=4882"}],"curies":[{"name":"wp","href":"https:\/\/api.w.org\/{rel}","templated":true}]}}