{"id":5251,"date":"2024-02-20T11:16:46","date_gmt":"2024-02-20T10:16:46","guid":{"rendered":"https:\/\/nature-et-developpement.com\/inova-terre-distribution\/?post_type=product&#038;p=5251"},"modified":"2025-06-17T15:52:51","modified_gmt":"2025-06-17T13:52:51","slug":"enduit-terre-de-finition-pret-a-lemploi-argilus","status":"publish","type":"product","link":"https:\/\/nature-et-developpement.com\/inova-terre-distribution\/produit\/enduit-terre-de-finition-pret-a-lemploi-argilus\/","title":{"rendered":"ENDUIT TERRE DE FINITION PR\u00caT \u00c0 L\u2019EMPLOI ARGILUS"},"content":{"rendered":"<h5 class=\"product_title entry-title\">ENDUIT TERRE DE FINITION PR\u00caT \u00c0 L\u2019EMPLOI ARGILUS<\/h5>\n<p>Teinte speciale 61B<br \/>\n30% Rouge de vend\u00e9e \/ 70% Cr\u00e8me + Paille de Lin<br \/>\nSac de 25 Kg \/ 5m2 par Sac<\/p>\n<p><img loading=\"lazy\" decoding=\"async\" src=\"https:\/\/nature-et-developpement.com\/wp-content\/uploads\/cms\/ARGILUS\/Enduit-finition-Enduit-finition.jpg.jpg\" alt=\"Enduit finition.jpg\" width=\"1000\" height=\"181\" \/><\/p>\n<p>L\u2019enduit de finition s\u2019applique en une seule couche de 3 ou 4 mm d\u2019\u00e9paisseur maximum.<\/p>\n<p>Son conditionnement se pr\u00e9sente en sac de 25 kg (5 \u00e0 6 m\u00b2).<\/p>\n<p>Il est compos\u00e9 d\u2019argile, de sables extra-fin, et d\u2019ocres naturels pour certaines couleurs.<\/p>\n<p>L\u2019enduit de finition est parfait afin d\u2019obtenir une finition soign\u00e9e et extra-fine.<\/p>\n<p>Il s\u2019applique sur tous les supports lisses de l\u2019habitat comme les plaques de pl\u00e2tre, le pl\u00e2tre, les enduits chaux \/ sable, les murs d\u00e9j\u00e0 peints, etc.<\/p>\n<div class=\"tabs-panel\">\n<p align=\"justify\">\n<\/div>\n","protected":false},"excerpt":{"rendered":"<p>Teinte sp\u00e9ciale 61B 30% Rouge de Vend\u00e9e 70% Cr\u00e8me + Paille de Lin L\u2019enduit de finition terre s\u2019applique en une seule couche de 3 ou 4 mm d\u2019\u00e9paisseur.<\/p>\n","protected":false},"featured_media":5255,"template":"","meta":[],"product_brand":[925],"product_cat":[40,41,57,55,39],"product_tag":[2194,943,335,2192,2195,2193],"class_list":{"0":"post-5251","1":"product","2":"type-product","3":"status-publish","4":"has-post-thumbnail","6":"product_brand-argilus","7":"product_cat-cout-de-pouce","8":"product_cat-bonne-affaire","9":"product_cat-enduits-naturels","10":"product_cat-peinture-et-enduit","11":"product_cat-promo-et-destockage","12":"product_tag-argile","13":"product_tag-argilus","14":"product_tag-decoration-interieure","15":"product_tag-enduit","16":"product_tag-finition","17":"product_tag-terre","19":"first","20":"instock","21":"featured","22":"taxable","23":"shipping-taxable","24":"purchasable","25":"product-type-simple"},"yoast_head":"<!-- This site is optimized with the Yoast SEO plugin v27.5 - https:\/\/yoast.com\/product\/yoast-seo-wordpress\/ -->\n<title>ENDUIT TERRE DE FINITION PR\u00caT \u00c0 L\u2019EMPLOI ARGILUS - ECOBRIVA<\/title>\n<meta name=\"description\" content=\"Teinte sp\u00e9ciale 61B 30% Rouge de Vend\u00e9e 70% Cr\u00e8me + Paille de Lin L\u2019enduit de finition terre s\u2019applique en une seule couche de 3 ou 4 mm d\u2019\u00e9paisseur.\" \/>\n<meta name=\"robots\" content=\"index, follow, max-snippet:-1, max-image-preview:large, max-video-preview:-1\" \/>\n<link rel=\"canonical\" href=\"https:\/\/nature-et-developpement.com\/inova-terre-distribution\/produit\/enduit-terre-de-finition-pret-a-lemploi-argilus\/\" \/>\n<meta property=\"og:locale\" content=\"fr_FR\" \/>\n<meta property=\"og:type\" content=\"article\" \/>\n<meta property=\"og:title\" content=\"ENDUIT TERRE DE FINITION PR\u00caT \u00c0 L\u2019EMPLOI ARGILUS - ECOBRIVA\" \/>\n<meta property=\"og:description\" content=\"Teinte sp\u00e9ciale 61B 30% Rouge de Vend\u00e9e 70% Cr\u00e8me + Paille de Lin L\u2019enduit de finition terre s\u2019applique en une seule couche de 3 ou 4 mm d\u2019\u00e9paisseur.\" \/>\n<meta property=\"og:url\" content=\"https:\/\/nature-et-developpement.com\/inova-terre-distribution\/produit\/enduit-terre-de-finition-pret-a-lemploi-argilus\/\" \/>\n<meta property=\"og:site_name\" content=\"ECOBRIVA\" \/>\n<meta property=\"article:modified_time\" content=\"2025-06-17T13:52:51+00:00\" \/>\n<meta property=\"og:image\" content=\"https:\/\/nature-et-developpement.com\/inova-terre-distribution\/wp-content\/uploads\/sites\/29\/2024\/02\/Pub-Argilus-scaled.jpg\" \/>\n\t<meta property=\"og:image:width\" content=\"1708\" \/>\n\t<meta property=\"og:image:height\" content=\"2560\" \/>\n\t<meta property=\"og:image:type\" content=\"image\/jpeg\" \/>\n<meta name=\"twitter:card\" content=\"summary_large_image\" \/>\n<meta name=\"twitter:label1\" content=\"Dur\u00e9e de lecture estim\u00e9e\" \/>\n\t<meta name=\"twitter:data1\" content=\"1 minute\" \/>\n<script type=\"application\/ld+json\" class=\"yoast-schema-graph\">{\"@context\":\"https:\\\/\\\/schema.org\",\"@graph\":[{\"@type\":\"WebPage\",\"@id\":\"https:\\\/\\\/nature-et-developpement.com\\\/inova-terre-distribution\\\/produit\\\/enduit-terre-de-finition-pret-a-lemploi-argilus\\\/\",\"url\":\"https:\\\/\\\/nature-et-developpement.com\\\/inova-terre-distribution\\\/produit\\\/enduit-terre-de-finition-pret-a-lemploi-argilus\\\/\",\"name\":\"ENDUIT TERRE DE FINITION PR\u00caT \u00c0 L\u2019EMPLOI ARGILUS - ECOBRIVA\",\"isPartOf\":{\"@id\":\"https:\\\/\\\/nature-et-developpement.com\\\/inova-terre-distribution\\\/#website\"},\"primaryImageOfPage\":{\"@id\":\"https:\\\/\\\/nature-et-developpement.com\\\/inova-terre-distribution\\\/produit\\\/enduit-terre-de-finition-pret-a-lemploi-argilus\\\/#primaryimage\"},\"image\":{\"@id\":\"https:\\\/\\\/nature-et-developpement.com\\\/inova-terre-distribution\\\/produit\\\/enduit-terre-de-finition-pret-a-lemploi-argilus\\\/#primaryimage\"},\"thumbnailUrl\":\"https:\\\/\\\/nature-et-developpement.com\\\/inova-terre-distribution\\\/wp-content\\\/uploads\\\/sites\\\/29\\\/2024\\\/02\\\/Pub-Argilus-scaled.jpg\",\"datePublished\":\"2024-02-20T10:16:46+00:00\",\"dateModified\":\"2025-06-17T13:52:51+00:00\",\"description\":\"Teinte sp\u00e9ciale 61B 30% Rouge de Vend\u00e9e 70% Cr\u00e8me + Paille de Lin L\u2019enduit de finition terre s\u2019applique en une seule couche de 3 ou 4 mm d\u2019\u00e9paisseur.\",\"breadcrumb\":{\"@id\":\"https:\\\/\\\/nature-et-developpement.com\\\/inova-terre-distribution\\\/produit\\\/enduit-terre-de-finition-pret-a-lemploi-argilus\\\/#breadcrumb\"},\"inLanguage\":\"fr-FR\",\"potentialAction\":[{\"@type\":\"ReadAction\",\"target\":[\"https:\\\/\\\/nature-et-developpement.com\\\/inova-terre-distribution\\\/produit\\\/enduit-terre-de-finition-pret-a-lemploi-argilus\\\/\"]}]},{\"@type\":\"ImageObject\",\"inLanguage\":\"fr-FR\",\"@id\":\"https:\\\/\\\/nature-et-developpement.com\\\/inova-terre-distribution\\\/produit\\\/enduit-terre-de-finition-pret-a-lemploi-argilus\\\/#primaryimage\",\"url\":\"https:\\\/\\\/nature-et-developpement.com\\\/inova-terre-distribution\\\/wp-content\\\/uploads\\\/sites\\\/29\\\/2024\\\/02\\\/Pub-Argilus-scaled.jpg\",\"contentUrl\":\"https:\\\/\\\/nature-et-developpement.com\\\/inova-terre-distribution\\\/wp-content\\\/uploads\\\/sites\\\/29\\\/2024\\\/02\\\/Pub-Argilus-scaled.jpg\",\"width\":1708,\"height\":2560},{\"@type\":\"BreadcrumbList\",\"@id\":\"https:\\\/\\\/nature-et-developpement.com\\\/inova-terre-distribution\\\/produit\\\/enduit-terre-de-finition-pret-a-lemploi-argilus\\\/#breadcrumb\",\"itemListElement\":[{\"@type\":\"ListItem\",\"position\":1,\"name\":\"Accueil\",\"item\":\"https:\\\/\\\/nature-et-developpement.com\\\/inova-terre-distribution\\\/\"},{\"@type\":\"ListItem\",\"position\":2,\"name\":\"Boutique\",\"item\":\"https:\\\/\\\/nature-et-developpement.com\\\/inova-terre-distribution\\\/boutique\\\/\"},{\"@type\":\"ListItem\",\"position\":3,\"name\":\"Promo et D\u00e9stockage\",\"item\":\"https:\\\/\\\/nature-et-developpement.com\\\/inova-terre-distribution\\\/categorie-produit\\\/promo-et-destockage\\\/\"},{\"@type\":\"ListItem\",\"position\":4,\"name\":\"Destockage\",\"item\":\"https:\\\/\\\/nature-et-developpement.com\\\/inova-terre-distribution\\\/categorie-produit\\\/promo-et-destockage\\\/bonne-affaire\\\/\"},{\"@type\":\"ListItem\",\"position\":5,\"name\":\"ENDUIT TERRE DE FINITION PR\u00caT \u00c0 L\u2019EMPLOI ARGILUS\"}]},{\"@type\":\"WebSite\",\"@id\":\"https:\\\/\\\/nature-et-developpement.com\\\/inova-terre-distribution\\\/#website\",\"url\":\"https:\\\/\\\/nature-et-developpement.com\\\/inova-terre-distribution\\\/\",\"name\":\"ECOBRIVA\",\"description\":\"ECOBRIVA est membre du groupement Nature &amp; D\u00e9veloppement\",\"publisher\":{\"@id\":\"https:\\\/\\\/nature-et-developpement.com\\\/inova-terre-distribution\\\/#organization\"},\"potentialAction\":[{\"@type\":\"SearchAction\",\"target\":{\"@type\":\"EntryPoint\",\"urlTemplate\":\"https:\\\/\\\/nature-et-developpement.com\\\/inova-terre-distribution\\\/?s={search_term_string}\"},\"query-input\":{\"@type\":\"PropertyValueSpecification\",\"valueRequired\":true,\"valueName\":\"search_term_string\"}}],\"inLanguage\":\"fr-FR\"},{\"@type\":\"Organization\",\"@id\":\"https:\\\/\\\/nature-et-developpement.com\\\/inova-terre-distribution\\\/#organization\",\"name\":\"ECOBRIVA\",\"url\":\"https:\\\/\\\/nature-et-developpement.com\\\/inova-terre-distribution\\\/\",\"logo\":{\"@type\":\"ImageObject\",\"inLanguage\":\"fr-FR\",\"@id\":\"https:\\\/\\\/nature-et-developpement.com\\\/inova-terre-distribution\\\/#\\\/schema\\\/logo\\\/image\\\/\",\"url\":\"https:\\\/\\\/nature-et-developpement.com\\\/inova-terre-distribution\\\/wp-content\\\/uploads\\\/sites\\\/29\\\/2026\\\/03\\\/logo-29.png\",\"contentUrl\":\"https:\\\/\\\/nature-et-developpement.com\\\/inova-terre-distribution\\\/wp-content\\\/uploads\\\/sites\\\/29\\\/2026\\\/03\\\/logo-29.png\",\"width\":250,\"height\":250,\"caption\":\"ECOBRIVA\"},\"image\":{\"@id\":\"https:\\\/\\\/nature-et-developpement.com\\\/inova-terre-distribution\\\/#\\\/schema\\\/logo\\\/image\\\/\"}}]}<\/script>\n<!-- \/ Yoast SEO plugin. -->","yoast_head_json":{"title":"ENDUIT TERRE DE FINITION PR\u00caT \u00c0 L\u2019EMPLOI ARGILUS - ECOBRIVA","description":"Teinte sp\u00e9ciale 61B 30% Rouge de Vend\u00e9e 70% Cr\u00e8me + Paille de Lin L\u2019enduit de finition terre s\u2019applique en une seule couche de 3 ou 4 mm d\u2019\u00e9paisseur.","robots":{"index":"index","follow":"follow","max-snippet":"max-snippet:-1","max-image-preview":"max-image-preview:large","max-video-preview":"max-video-preview:-1"},"canonical":"https:\/\/nature-et-developpement.com\/inova-terre-distribution\/produit\/enduit-terre-de-finition-pret-a-lemploi-argilus\/","og_locale":"fr_FR","og_type":"article","og_title":"ENDUIT TERRE DE FINITION PR\u00caT \u00c0 L\u2019EMPLOI ARGILUS - ECOBRIVA","og_description":"Teinte sp\u00e9ciale 61B 30% Rouge de Vend\u00e9e 70% Cr\u00e8me + Paille de Lin L\u2019enduit de finition terre s\u2019applique en une seule couche de 3 ou 4 mm d\u2019\u00e9paisseur.","og_url":"https:\/\/nature-et-developpement.com\/inova-terre-distribution\/produit\/enduit-terre-de-finition-pret-a-lemploi-argilus\/","og_site_name":"ECOBRIVA","article_modified_time":"2025-06-17T13:52:51+00:00","og_image":[{"width":1708,"height":2560,"url":"https:\/\/nature-et-developpement.com\/inova-terre-distribution\/wp-content\/uploads\/sites\/29\/2024\/02\/Pub-Argilus-scaled.jpg","type":"image\/jpeg"}],"twitter_card":"summary_large_image","twitter_misc":{"Dur\u00e9e de lecture estim\u00e9e":"1 minute"},"schema":{"@context":"https:\/\/schema.org","@graph":[{"@type":"WebPage","@id":"https:\/\/nature-et-developpement.com\/inova-terre-distribution\/produit\/enduit-terre-de-finition-pret-a-lemploi-argilus\/","url":"https:\/\/nature-et-developpement.com\/inova-terre-distribution\/produit\/enduit-terre-de-finition-pret-a-lemploi-argilus\/","name":"ENDUIT TERRE DE FINITION PR\u00caT \u00c0 L\u2019EMPLOI ARGILUS - ECOBRIVA","isPartOf":{"@id":"https:\/\/nature-et-developpement.com\/inova-terre-distribution\/#website"},"primaryImageOfPage":{"@id":"https:\/\/nature-et-developpement.com\/inova-terre-distribution\/produit\/enduit-terre-de-finition-pret-a-lemploi-argilus\/#primaryimage"},"image":{"@id":"https:\/\/nature-et-developpement.com\/inova-terre-distribution\/produit\/enduit-terre-de-finition-pret-a-lemploi-argilus\/#primaryimage"},"thumbnailUrl":"https:\/\/nature-et-developpement.com\/inova-terre-distribution\/wp-content\/uploads\/sites\/29\/2024\/02\/Pub-Argilus-scaled.jpg","datePublished":"2024-02-20T10:16:46+00:00","dateModified":"2025-06-17T13:52:51+00:00","description":"Teinte sp\u00e9ciale 61B 30% Rouge de Vend\u00e9e 70% Cr\u00e8me + Paille de Lin L\u2019enduit de finition terre s\u2019applique en une seule couche de 3 ou 4 mm d\u2019\u00e9paisseur.","breadcrumb":{"@id":"https:\/\/nature-et-developpement.com\/inova-terre-distribution\/produit\/enduit-terre-de-finition-pret-a-lemploi-argilus\/#breadcrumb"},"inLanguage":"fr-FR","potentialAction":[{"@type":"ReadAction","target":["https:\/\/nature-et-developpement.com\/inova-terre-distribution\/produit\/enduit-terre-de-finition-pret-a-lemploi-argilus\/"]}]},{"@type":"ImageObject","inLanguage":"fr-FR","@id":"https:\/\/nature-et-developpement.com\/inova-terre-distribution\/produit\/enduit-terre-de-finition-pret-a-lemploi-argilus\/#primaryimage","url":"https:\/\/nature-et-developpement.com\/inova-terre-distribution\/wp-content\/uploads\/sites\/29\/2024\/02\/Pub-Argilus-scaled.jpg","contentUrl":"https:\/\/nature-et-developpement.com\/inova-terre-distribution\/wp-content\/uploads\/sites\/29\/2024\/02\/Pub-Argilus-scaled.jpg","width":1708,"height":2560},{"@type":"BreadcrumbList","@id":"https:\/\/nature-et-developpement.com\/inova-terre-distribution\/produit\/enduit-terre-de-finition-pret-a-lemploi-argilus\/#breadcrumb","itemListElement":[{"@type":"ListItem","position":1,"name":"Accueil","item":"https:\/\/nature-et-developpement.com\/inova-terre-distribution\/"},{"@type":"ListItem","position":2,"name":"Boutique","item":"https:\/\/nature-et-developpement.com\/inova-terre-distribution\/boutique\/"},{"@type":"ListItem","position":3,"name":"Promo et D\u00e9stockage","item":"https:\/\/nature-et-developpement.com\/inova-terre-distribution\/categorie-produit\/promo-et-destockage\/"},{"@type":"ListItem","position":4,"name":"Destockage","item":"https:\/\/nature-et-developpement.com\/inova-terre-distribution\/categorie-produit\/promo-et-destockage\/bonne-affaire\/"},{"@type":"ListItem","position":5,"name":"ENDUIT TERRE DE FINITION PR\u00caT \u00c0 L\u2019EMPLOI ARGILUS"}]},{"@type":"WebSite","@id":"https:\/\/nature-et-developpement.com\/inova-terre-distribution\/#website","url":"https:\/\/nature-et-developpement.com\/inova-terre-distribution\/","name":"ECOBRIVA","description":"ECOBRIVA est membre du groupement Nature &amp; D\u00e9veloppement","publisher":{"@id":"https:\/\/nature-et-developpement.com\/inova-terre-distribution\/#organization"},"potentialAction":[{"@type":"SearchAction","target":{"@type":"EntryPoint","urlTemplate":"https:\/\/nature-et-developpement.com\/inova-terre-distribution\/?s={search_term_string}"},"query-input":{"@type":"PropertyValueSpecification","valueRequired":true,"valueName":"search_term_string"}}],"inLanguage":"fr-FR"},{"@type":"Organization","@id":"https:\/\/nature-et-developpement.com\/inova-terre-distribution\/#organization","name":"ECOBRIVA","url":"https:\/\/nature-et-developpement.com\/inova-terre-distribution\/","logo":{"@type":"ImageObject","inLanguage":"fr-FR","@id":"https:\/\/nature-et-developpement.com\/inova-terre-distribution\/#\/schema\/logo\/image\/","url":"https:\/\/nature-et-developpement.com\/inova-terre-distribution\/wp-content\/uploads\/sites\/29\/2026\/03\/logo-29.png","contentUrl":"https:\/\/nature-et-developpement.com\/inova-terre-distribution\/wp-content\/uploads\/sites\/29\/2026\/03\/logo-29.png","width":250,"height":250,"caption":"ECOBRIVA"},"image":{"@id":"https:\/\/nature-et-developpement.com\/inova-terre-distribution\/#\/schema\/logo\/image\/"}}]}},"distributor_meta":false,"distributor_terms":false,"distributor_media":false,"distributor_original_site_name":"ECOBRIVA","distributor_original_site_url":"https:\/\/nature-et-developpement.com\/inova-terre-distribution","push-errors":false,"_links":{"self":[{"href":"https:\/\/nature-et-developpement.com\/inova-terre-distribution\/wp-json\/wp\/v2\/product\/5251","targetHints":{"allow":["GET"]}}],"collection":[{"href":"https:\/\/nature-et-developpement.com\/inova-terre-distribution\/wp-json\/wp\/v2\/product"}],"about":[{"href":"https:\/\/nature-et-developpement.com\/inova-terre-distribution\/wp-json\/wp\/v2\/types\/product"}],"wp:featuredmedia":[{"embeddable":true,"href":"https:\/\/nature-et-developpement.com\/inova-terre-distribution\/wp-json\/wp\/v2\/media\/5255"}],"wp:attachment":[{"href":"https:\/\/nature-et-developpement.com\/inova-terre-distribution\/wp-json\/wp\/v2\/media?parent=5251"}],"wp:term":[{"taxonomy":"product_brand","embeddable":true,"href":"https:\/\/nature-et-developpement.com\/inova-terre-distribution\/wp-json\/wp\/v2\/product_brand?post=5251"},{"taxonomy":"product_cat","embeddable":true,"href":"https:\/\/nature-et-developpement.com\/inova-terre-distribution\/wp-json\/wp\/v2\/product_cat?post=5251"},{"taxonomy":"product_tag","embeddable":true,"href":"https:\/\/nature-et-developpement.com\/inova-terre-distribution\/wp-json\/wp\/v2\/product_tag?post=5251"}],"curies":[{"name":"wp","href":"https:\/\/api.w.org\/{rel}","templated":true}]}}