{"id":6808,"date":"2025-01-24T16:06:57","date_gmt":"2025-01-24T15:06:57","guid":{"rendered":"https:\/\/nature-et-developpement.com\/inova-terre-distribution\/?post_type=product&#038;p=6808"},"modified":"2025-06-17T15:52:51","modified_gmt":"2025-06-17T13:52:51","slug":"liege-mural-belly-narrow-7mm-61x91-5","status":"publish","type":"product","link":"https:\/\/nature-et-developpement.com\/inova-terre-distribution\/produit\/liege-mural-belly-narrow-7mm-61x91-5\/","title":{"rendered":"LIEGE MURAL BELLY NARROW 7MM 61X91.5"},"content":{"rendered":"<p>Le li\u00e8ge le plus naturel qui soit. Pour une touche chaleureuse et naturelle dans votre habitation.<\/p>\n<h2>Caract\u00e9ristiques<\/h2>\n<ul>\n<li>R\u00e9duction du bruit de contact (EN 140): 22 dB<\/li>\n<li>motif: li\u00e8ge<\/li>\n<li>\u00c9paisseurs: 7 mm<\/li>\n<li>Dimensions: 915&#215;610 mm<\/li>\n<\/ul>\n","protected":false},"excerpt":{"rendered":"<p>Le li\u00e8ge le plus naturel qui soit. Pour une touche chaleureuse et naturelle dans votre habitation. Caract\u00e9ristiques R\u00e9duction du bruit de contact (EN 140): 22 dB motif: li\u00e8ge \u00c9paisseurs: 7 mm Dimensions: 915&#215;610 mm<\/p>\n","protected":false},"featured_media":6810,"template":"","meta":[],"product_brand":[1082],"product_cat":[82,15,85],"product_tag":[],"class_list":{"0":"post-6808","1":"product","2":"type-product","3":"status-publish","4":"has-post-thumbnail","6":"product_brand-matgreen","7":"product_cat-agencement-interieur","8":"product_cat-non-classe","9":"product_cat-revetement-muraux","11":"first","12":"instock","13":"taxable","14":"shipping-taxable","15":"purchasable","16":"product-type-simple"},"yoast_head":"<!-- This site is optimized with the Yoast SEO plugin v27.5 - https:\/\/yoast.com\/product\/yoast-seo-wordpress\/ -->\n<title>LIEGE MURAL BELLY NARROW 7MM 61X91.5 - ECOBRIVA<\/title>\n<meta name=\"description\" content=\"Le li\u00e8ge le plus naturel qui soit. Pour une touche chaleureuse et naturelle dans votre habitation.\" \/>\n<meta name=\"robots\" content=\"index, follow, max-snippet:-1, max-image-preview:large, max-video-preview:-1\" \/>\n<link rel=\"canonical\" href=\"https:\/\/nature-et-developpement.com\/inova-terre-distribution\/produit\/liege-mural-belly-narrow-7mm-61x91-5\/\" \/>\n<meta property=\"og:locale\" content=\"fr_FR\" \/>\n<meta property=\"og:type\" content=\"article\" \/>\n<meta property=\"og:title\" content=\"LIEGE MURAL BELLY NARROW 7MM 61X91.5 - ECOBRIVA\" \/>\n<meta property=\"og:description\" content=\"Le li\u00e8ge le plus naturel qui soit. Pour une touche chaleureuse et naturelle dans votre habitation.\" \/>\n<meta property=\"og:url\" content=\"https:\/\/nature-et-developpement.com\/inova-terre-distribution\/produit\/liege-mural-belly-narrow-7mm-61x91-5\/\" \/>\n<meta property=\"og:site_name\" content=\"ECOBRIVA\" \/>\n<meta property=\"article:modified_time\" content=\"2025-06-17T13:52:51+00:00\" \/>\n<meta property=\"og:image\" content=\"https:\/\/nature-et-developpement.com\/inova-terre-distribution\/wp-content\/uploads\/sites\/29\/2025\/01\/20160919_De_Kurkfabriek_Kersentuin_Gentbrugge_0072.jpg\" \/>\n\t<meta property=\"og:image:width\" content=\"1500\" \/>\n\t<meta property=\"og:image:height\" content=\"1000\" \/>\n\t<meta property=\"og:image:type\" content=\"image\/jpeg\" \/>\n<meta name=\"twitter:card\" content=\"summary_large_image\" \/>\n<script type=\"application\/ld+json\" class=\"yoast-schema-graph\">{\"@context\":\"https:\\\/\\\/schema.org\",\"@graph\":[{\"@type\":\"WebPage\",\"@id\":\"https:\\\/\\\/nature-et-developpement.com\\\/inova-terre-distribution\\\/produit\\\/liege-mural-belly-narrow-7mm-61x91-5\\\/\",\"url\":\"https:\\\/\\\/nature-et-developpement.com\\\/inova-terre-distribution\\\/produit\\\/liege-mural-belly-narrow-7mm-61x91-5\\\/\",\"name\":\"LIEGE MURAL BELLY NARROW 7MM 61X91.5 - ECOBRIVA\",\"isPartOf\":{\"@id\":\"https:\\\/\\\/nature-et-developpement.com\\\/inova-terre-distribution\\\/#website\"},\"primaryImageOfPage\":{\"@id\":\"https:\\\/\\\/nature-et-developpement.com\\\/inova-terre-distribution\\\/produit\\\/liege-mural-belly-narrow-7mm-61x91-5\\\/#primaryimage\"},\"image\":{\"@id\":\"https:\\\/\\\/nature-et-developpement.com\\\/inova-terre-distribution\\\/produit\\\/liege-mural-belly-narrow-7mm-61x91-5\\\/#primaryimage\"},\"thumbnailUrl\":\"https:\\\/\\\/nature-et-developpement.com\\\/inova-terre-distribution\\\/wp-content\\\/uploads\\\/sites\\\/29\\\/2025\\\/01\\\/20160919_De_Kurkfabriek_Kersentuin_Gentbrugge_0072.jpg\",\"datePublished\":\"2025-01-24T15:06:57+00:00\",\"dateModified\":\"2025-06-17T13:52:51+00:00\",\"description\":\"Le li\u00e8ge le plus naturel qui soit. Pour une touche chaleureuse et naturelle dans votre habitation.\",\"breadcrumb\":{\"@id\":\"https:\\\/\\\/nature-et-developpement.com\\\/inova-terre-distribution\\\/produit\\\/liege-mural-belly-narrow-7mm-61x91-5\\\/#breadcrumb\"},\"inLanguage\":\"fr-FR\",\"potentialAction\":[{\"@type\":\"ReadAction\",\"target\":[\"https:\\\/\\\/nature-et-developpement.com\\\/inova-terre-distribution\\\/produit\\\/liege-mural-belly-narrow-7mm-61x91-5\\\/\"]}]},{\"@type\":\"ImageObject\",\"inLanguage\":\"fr-FR\",\"@id\":\"https:\\\/\\\/nature-et-developpement.com\\\/inova-terre-distribution\\\/produit\\\/liege-mural-belly-narrow-7mm-61x91-5\\\/#primaryimage\",\"url\":\"https:\\\/\\\/nature-et-developpement.com\\\/inova-terre-distribution\\\/wp-content\\\/uploads\\\/sites\\\/29\\\/2025\\\/01\\\/20160919_De_Kurkfabriek_Kersentuin_Gentbrugge_0072.jpg\",\"contentUrl\":\"https:\\\/\\\/nature-et-developpement.com\\\/inova-terre-distribution\\\/wp-content\\\/uploads\\\/sites\\\/29\\\/2025\\\/01\\\/20160919_De_Kurkfabriek_Kersentuin_Gentbrugge_0072.jpg\",\"width\":1500,\"height\":1000},{\"@type\":\"BreadcrumbList\",\"@id\":\"https:\\\/\\\/nature-et-developpement.com\\\/inova-terre-distribution\\\/produit\\\/liege-mural-belly-narrow-7mm-61x91-5\\\/#breadcrumb\",\"itemListElement\":[{\"@type\":\"ListItem\",\"position\":1,\"name\":\"Accueil\",\"item\":\"https:\\\/\\\/nature-et-developpement.com\\\/inova-terre-distribution\\\/\"},{\"@type\":\"ListItem\",\"position\":2,\"name\":\"Boutique\",\"item\":\"https:\\\/\\\/nature-et-developpement.com\\\/inova-terre-distribution\\\/boutique\\\/\"},{\"@type\":\"ListItem\",\"position\":3,\"name\":\"NON CLASS\u00c9\",\"item\":\"https:\\\/\\\/nature-et-developpement.com\\\/inova-terre-distribution\\\/categorie-produit\\\/non-classe\\\/\"},{\"@type\":\"ListItem\",\"position\":4,\"name\":\"LIEGE MURAL BELLY NARROW 7MM 61X91.5\"}]},{\"@type\":\"WebSite\",\"@id\":\"https:\\\/\\\/nature-et-developpement.com\\\/inova-terre-distribution\\\/#website\",\"url\":\"https:\\\/\\\/nature-et-developpement.com\\\/inova-terre-distribution\\\/\",\"name\":\"ECOBRIVA\",\"description\":\"ECOBRIVA est membre du groupement Nature &amp; D\u00e9veloppement\",\"publisher\":{\"@id\":\"https:\\\/\\\/nature-et-developpement.com\\\/inova-terre-distribution\\\/#organization\"},\"potentialAction\":[{\"@type\":\"SearchAction\",\"target\":{\"@type\":\"EntryPoint\",\"urlTemplate\":\"https:\\\/\\\/nature-et-developpement.com\\\/inova-terre-distribution\\\/?s={search_term_string}\"},\"query-input\":{\"@type\":\"PropertyValueSpecification\",\"valueRequired\":true,\"valueName\":\"search_term_string\"}}],\"inLanguage\":\"fr-FR\"},{\"@type\":\"Organization\",\"@id\":\"https:\\\/\\\/nature-et-developpement.com\\\/inova-terre-distribution\\\/#organization\",\"name\":\"ECOBRIVA\",\"url\":\"https:\\\/\\\/nature-et-developpement.com\\\/inova-terre-distribution\\\/\",\"logo\":{\"@type\":\"ImageObject\",\"inLanguage\":\"fr-FR\",\"@id\":\"https:\\\/\\\/nature-et-developpement.com\\\/inova-terre-distribution\\\/#\\\/schema\\\/logo\\\/image\\\/\",\"url\":\"https:\\\/\\\/nature-et-developpement.com\\\/inova-terre-distribution\\\/wp-content\\\/uploads\\\/sites\\\/29\\\/2026\\\/03\\\/logo-29.png\",\"contentUrl\":\"https:\\\/\\\/nature-et-developpement.com\\\/inova-terre-distribution\\\/wp-content\\\/uploads\\\/sites\\\/29\\\/2026\\\/03\\\/logo-29.png\",\"width\":250,\"height\":250,\"caption\":\"ECOBRIVA\"},\"image\":{\"@id\":\"https:\\\/\\\/nature-et-developpement.com\\\/inova-terre-distribution\\\/#\\\/schema\\\/logo\\\/image\\\/\"}}]}<\/script>\n<!-- \/ Yoast SEO plugin. -->","yoast_head_json":{"title":"LIEGE MURAL BELLY NARROW 7MM 61X91.5 - ECOBRIVA","description":"Le li\u00e8ge le plus naturel qui soit. Pour une touche chaleureuse et naturelle dans votre habitation.","robots":{"index":"index","follow":"follow","max-snippet":"max-snippet:-1","max-image-preview":"max-image-preview:large","max-video-preview":"max-video-preview:-1"},"canonical":"https:\/\/nature-et-developpement.com\/inova-terre-distribution\/produit\/liege-mural-belly-narrow-7mm-61x91-5\/","og_locale":"fr_FR","og_type":"article","og_title":"LIEGE MURAL BELLY NARROW 7MM 61X91.5 - ECOBRIVA","og_description":"Le li\u00e8ge le plus naturel qui soit. Pour une touche chaleureuse et naturelle dans votre habitation.","og_url":"https:\/\/nature-et-developpement.com\/inova-terre-distribution\/produit\/liege-mural-belly-narrow-7mm-61x91-5\/","og_site_name":"ECOBRIVA","article_modified_time":"2025-06-17T13:52:51+00:00","og_image":[{"width":1500,"height":1000,"url":"https:\/\/nature-et-developpement.com\/inova-terre-distribution\/wp-content\/uploads\/sites\/29\/2025\/01\/20160919_De_Kurkfabriek_Kersentuin_Gentbrugge_0072.jpg","type":"image\/jpeg"}],"twitter_card":"summary_large_image","schema":{"@context":"https:\/\/schema.org","@graph":[{"@type":"WebPage","@id":"https:\/\/nature-et-developpement.com\/inova-terre-distribution\/produit\/liege-mural-belly-narrow-7mm-61x91-5\/","url":"https:\/\/nature-et-developpement.com\/inova-terre-distribution\/produit\/liege-mural-belly-narrow-7mm-61x91-5\/","name":"LIEGE MURAL BELLY NARROW 7MM 61X91.5 - ECOBRIVA","isPartOf":{"@id":"https:\/\/nature-et-developpement.com\/inova-terre-distribution\/#website"},"primaryImageOfPage":{"@id":"https:\/\/nature-et-developpement.com\/inova-terre-distribution\/produit\/liege-mural-belly-narrow-7mm-61x91-5\/#primaryimage"},"image":{"@id":"https:\/\/nature-et-developpement.com\/inova-terre-distribution\/produit\/liege-mural-belly-narrow-7mm-61x91-5\/#primaryimage"},"thumbnailUrl":"https:\/\/nature-et-developpement.com\/inova-terre-distribution\/wp-content\/uploads\/sites\/29\/2025\/01\/20160919_De_Kurkfabriek_Kersentuin_Gentbrugge_0072.jpg","datePublished":"2025-01-24T15:06:57+00:00","dateModified":"2025-06-17T13:52:51+00:00","description":"Le li\u00e8ge le plus naturel qui soit. Pour une touche chaleureuse et naturelle dans votre habitation.","breadcrumb":{"@id":"https:\/\/nature-et-developpement.com\/inova-terre-distribution\/produit\/liege-mural-belly-narrow-7mm-61x91-5\/#breadcrumb"},"inLanguage":"fr-FR","potentialAction":[{"@type":"ReadAction","target":["https:\/\/nature-et-developpement.com\/inova-terre-distribution\/produit\/liege-mural-belly-narrow-7mm-61x91-5\/"]}]},{"@type":"ImageObject","inLanguage":"fr-FR","@id":"https:\/\/nature-et-developpement.com\/inova-terre-distribution\/produit\/liege-mural-belly-narrow-7mm-61x91-5\/#primaryimage","url":"https:\/\/nature-et-developpement.com\/inova-terre-distribution\/wp-content\/uploads\/sites\/29\/2025\/01\/20160919_De_Kurkfabriek_Kersentuin_Gentbrugge_0072.jpg","contentUrl":"https:\/\/nature-et-developpement.com\/inova-terre-distribution\/wp-content\/uploads\/sites\/29\/2025\/01\/20160919_De_Kurkfabriek_Kersentuin_Gentbrugge_0072.jpg","width":1500,"height":1000},{"@type":"BreadcrumbList","@id":"https:\/\/nature-et-developpement.com\/inova-terre-distribution\/produit\/liege-mural-belly-narrow-7mm-61x91-5\/#breadcrumb","itemListElement":[{"@type":"ListItem","position":1,"name":"Accueil","item":"https:\/\/nature-et-developpement.com\/inova-terre-distribution\/"},{"@type":"ListItem","position":2,"name":"Boutique","item":"https:\/\/nature-et-developpement.com\/inova-terre-distribution\/boutique\/"},{"@type":"ListItem","position":3,"name":"NON CLASS\u00c9","item":"https:\/\/nature-et-developpement.com\/inova-terre-distribution\/categorie-produit\/non-classe\/"},{"@type":"ListItem","position":4,"name":"LIEGE MURAL BELLY NARROW 7MM 61X91.5"}]},{"@type":"WebSite","@id":"https:\/\/nature-et-developpement.com\/inova-terre-distribution\/#website","url":"https:\/\/nature-et-developpement.com\/inova-terre-distribution\/","name":"ECOBRIVA","description":"ECOBRIVA est membre du groupement Nature &amp; D\u00e9veloppement","publisher":{"@id":"https:\/\/nature-et-developpement.com\/inova-terre-distribution\/#organization"},"potentialAction":[{"@type":"SearchAction","target":{"@type":"EntryPoint","urlTemplate":"https:\/\/nature-et-developpement.com\/inova-terre-distribution\/?s={search_term_string}"},"query-input":{"@type":"PropertyValueSpecification","valueRequired":true,"valueName":"search_term_string"}}],"inLanguage":"fr-FR"},{"@type":"Organization","@id":"https:\/\/nature-et-developpement.com\/inova-terre-distribution\/#organization","name":"ECOBRIVA","url":"https:\/\/nature-et-developpement.com\/inova-terre-distribution\/","logo":{"@type":"ImageObject","inLanguage":"fr-FR","@id":"https:\/\/nature-et-developpement.com\/inova-terre-distribution\/#\/schema\/logo\/image\/","url":"https:\/\/nature-et-developpement.com\/inova-terre-distribution\/wp-content\/uploads\/sites\/29\/2026\/03\/logo-29.png","contentUrl":"https:\/\/nature-et-developpement.com\/inova-terre-distribution\/wp-content\/uploads\/sites\/29\/2026\/03\/logo-29.png","width":250,"height":250,"caption":"ECOBRIVA"},"image":{"@id":"https:\/\/nature-et-developpement.com\/inova-terre-distribution\/#\/schema\/logo\/image\/"}}]}},"distributor_meta":false,"distributor_terms":false,"distributor_media":false,"distributor_original_site_name":"ECOBRIVA","distributor_original_site_url":"https:\/\/nature-et-developpement.com\/inova-terre-distribution","push-errors":false,"_links":{"self":[{"href":"https:\/\/nature-et-developpement.com\/inova-terre-distribution\/wp-json\/wp\/v2\/product\/6808","targetHints":{"allow":["GET"]}}],"collection":[{"href":"https:\/\/nature-et-developpement.com\/inova-terre-distribution\/wp-json\/wp\/v2\/product"}],"about":[{"href":"https:\/\/nature-et-developpement.com\/inova-terre-distribution\/wp-json\/wp\/v2\/types\/product"}],"wp:featuredmedia":[{"embeddable":true,"href":"https:\/\/nature-et-developpement.com\/inova-terre-distribution\/wp-json\/wp\/v2\/media\/6810"}],"wp:attachment":[{"href":"https:\/\/nature-et-developpement.com\/inova-terre-distribution\/wp-json\/wp\/v2\/media?parent=6808"}],"wp:term":[{"taxonomy":"product_brand","embeddable":true,"href":"https:\/\/nature-et-developpement.com\/inova-terre-distribution\/wp-json\/wp\/v2\/product_brand?post=6808"},{"taxonomy":"product_cat","embeddable":true,"href":"https:\/\/nature-et-developpement.com\/inova-terre-distribution\/wp-json\/wp\/v2\/product_cat?post=6808"},{"taxonomy":"product_tag","embeddable":true,"href":"https:\/\/nature-et-developpement.com\/inova-terre-distribution\/wp-json\/wp\/v2\/product_tag?post=6808"}],"curies":[{"name":"wp","href":"https:\/\/api.w.org\/{rel}","templated":true}]}}