{"id":6997,"date":"2025-02-13T15:01:27","date_gmt":"2025-02-13T14:01:27","guid":{"rendered":"https:\/\/nature-et-developpement.com\/inova-terre-distribution\/?post_type=product&#038;p=6997"},"modified":"2025-06-17T15:52:51","modified_gmt":"2025-06-17T13:52:51","slug":"pavacell-db","status":"publish","type":"product","link":"https:\/\/nature-et-developpement.com\/inova-terre-distribution\/produit\/pavacell-db\/","title":{"rendered":"PAVACELL DB  est un panneau isolant acoustique en fibres de cellulose                                                    Format 1350 mm x 600 mm"},"content":{"rendered":"<p>Pavacell db\u00a0est un panneau isolant acoustique en fibres de cellulose obtenues \u00e0 partir de papiers de recyclage tri\u00e9s et broy\u00e9s.\u00a0Pavacell db\u00a0est destin\u00e9 \u00e0 l&rsquo;isolation acoustique des cloisons distributives.<\/p>\n<ul>\n<li>Confort acoustique : affaiblissement acoustique aux bruits a\u00e9riens int\u00e9rieurs<\/li>\n<li>Facilit\u00e9 de mise en \u0153uvre : panneau l\u00e9ger et agr\u00e9able \u00e0 manipuler, d\u00e9coupe sans poussi\u00e8re.<\/li>\n<li>Formats et \u00e9paisseurs adapt\u00e9s aux cloisons : produit souple et compressible<\/li>\n<\/ul>\n","protected":false},"excerpt":{"rendered":"<p>Pavacell db\u00a0est un panneau isolant acoustique en fibres de cellulose obtenues \u00e0 partir de papiers de recyclage tri\u00e9s et broy\u00e9s.\u00a0Pavacell db\u00a0est destin\u00e9 \u00e0 l&rsquo;isolation acoustique des cloisons distributives.<\/p>\n","protected":false},"featured_media":6998,"template":"","meta":[],"product_brand":[],"product_cat":[45,51,15],"product_tag":[],"class_list":{"0":"post-6997","1":"product","2":"type-product","3":"status-publish","4":"has-post-thumbnail","6":"product_cat-cloisons-et-doublage","7":"product_cat-isolation-phonique","8":"product_cat-non-classe","10":"first","11":"instock","12":"taxable","13":"shipping-taxable","14":"purchasable","15":"product-type-simple"},"yoast_head":"<!-- This site is optimized with the Yoast SEO plugin v27.5 - https:\/\/yoast.com\/product\/yoast-seo-wordpress\/ -->\n<title>PAVACELL DB est un panneau isolant acoustique en fibres de cellulose                          Format 1350 mm x 600 mm - ECOBRIVA<\/title>\n<meta name=\"description\" content=\"Pavacell db est un panneau isolant acoustique en fibres de cellulose obtenues \u00e0 partir de papiers de recyclage tri\u00e9s et broy\u00e9s. Pavacell db est destin\u00e9 \u00e0 l&#039;isolation acoustique des cloisons distributives.\" \/>\n<meta name=\"robots\" content=\"index, follow, max-snippet:-1, max-image-preview:large, max-video-preview:-1\" \/>\n<link rel=\"canonical\" href=\"https:\/\/nature-et-developpement.com\/inova-terre-distribution\/produit\/pavacell-db\/\" \/>\n<meta property=\"og:locale\" content=\"fr_FR\" \/>\n<meta property=\"og:type\" content=\"article\" \/>\n<meta property=\"og:title\" content=\"PAVACELL DB est un panneau isolant acoustique en fibres de cellulose                          Format 1350 mm x 600 mm - ECOBRIVA\" \/>\n<meta property=\"og:description\" content=\"Pavacell db est un panneau isolant acoustique en fibres de cellulose obtenues \u00e0 partir de papiers de recyclage tri\u00e9s et broy\u00e9s. Pavacell db est destin\u00e9 \u00e0 l&#039;isolation acoustique des cloisons distributives.\" \/>\n<meta property=\"og:url\" content=\"https:\/\/nature-et-developpement.com\/inova-terre-distribution\/produit\/pavacell-db\/\" \/>\n<meta property=\"og:site_name\" content=\"ECOBRIVA\" \/>\n<meta property=\"article:modified_time\" content=\"2025-06-17T13:52:51+00:00\" \/>\n<meta property=\"og:image\" content=\"https:\/\/nature-et-developpement.com\/inova-terre-distribution\/wp-content\/uploads\/sites\/29\/2025\/02\/Capture-decran-2025-02-13-150532.png\" \/>\n\t<meta property=\"og:image:width\" content=\"507\" \/>\n\t<meta property=\"og:image:height\" content=\"340\" \/>\n\t<meta property=\"og:image:type\" content=\"image\/png\" \/>\n<meta name=\"twitter:card\" content=\"summary_large_image\" \/>\n<script type=\"application\/ld+json\" class=\"yoast-schema-graph\">{\"@context\":\"https:\\\/\\\/schema.org\",\"@graph\":[{\"@type\":\"WebPage\",\"@id\":\"https:\\\/\\\/nature-et-developpement.com\\\/inova-terre-distribution\\\/produit\\\/pavacell-db\\\/\",\"url\":\"https:\\\/\\\/nature-et-developpement.com\\\/inova-terre-distribution\\\/produit\\\/pavacell-db\\\/\",\"name\":\"PAVACELL DB est un panneau isolant acoustique en fibres de cellulose Format 1350 mm x 600 mm - ECOBRIVA\",\"isPartOf\":{\"@id\":\"https:\\\/\\\/nature-et-developpement.com\\\/inova-terre-distribution\\\/#website\"},\"primaryImageOfPage\":{\"@id\":\"https:\\\/\\\/nature-et-developpement.com\\\/inova-terre-distribution\\\/produit\\\/pavacell-db\\\/#primaryimage\"},\"image\":{\"@id\":\"https:\\\/\\\/nature-et-developpement.com\\\/inova-terre-distribution\\\/produit\\\/pavacell-db\\\/#primaryimage\"},\"thumbnailUrl\":\"https:\\\/\\\/nature-et-developpement.com\\\/inova-terre-distribution\\\/wp-content\\\/uploads\\\/sites\\\/29\\\/2025\\\/02\\\/Capture-decran-2025-02-13-150532.png\",\"datePublished\":\"2025-02-13T14:01:27+00:00\",\"dateModified\":\"2025-06-17T13:52:51+00:00\",\"description\":\"Pavacell db est un panneau isolant acoustique en fibres de cellulose obtenues \u00e0 partir de papiers de recyclage tri\u00e9s et broy\u00e9s. Pavacell db est destin\u00e9 \u00e0 l'isolation acoustique des cloisons distributives.\",\"breadcrumb\":{\"@id\":\"https:\\\/\\\/nature-et-developpement.com\\\/inova-terre-distribution\\\/produit\\\/pavacell-db\\\/#breadcrumb\"},\"inLanguage\":\"fr-FR\",\"potentialAction\":[{\"@type\":\"ReadAction\",\"target\":[\"https:\\\/\\\/nature-et-developpement.com\\\/inova-terre-distribution\\\/produit\\\/pavacell-db\\\/\"]}]},{\"@type\":\"ImageObject\",\"inLanguage\":\"fr-FR\",\"@id\":\"https:\\\/\\\/nature-et-developpement.com\\\/inova-terre-distribution\\\/produit\\\/pavacell-db\\\/#primaryimage\",\"url\":\"https:\\\/\\\/nature-et-developpement.com\\\/inova-terre-distribution\\\/wp-content\\\/uploads\\\/sites\\\/29\\\/2025\\\/02\\\/Capture-decran-2025-02-13-150532.png\",\"contentUrl\":\"https:\\\/\\\/nature-et-developpement.com\\\/inova-terre-distribution\\\/wp-content\\\/uploads\\\/sites\\\/29\\\/2025\\\/02\\\/Capture-decran-2025-02-13-150532.png\",\"width\":507,\"height\":340},{\"@type\":\"BreadcrumbList\",\"@id\":\"https:\\\/\\\/nature-et-developpement.com\\\/inova-terre-distribution\\\/produit\\\/pavacell-db\\\/#breadcrumb\",\"itemListElement\":[{\"@type\":\"ListItem\",\"position\":1,\"name\":\"Accueil\",\"item\":\"https:\\\/\\\/nature-et-developpement.com\\\/inova-terre-distribution\\\/\"},{\"@type\":\"ListItem\",\"position\":2,\"name\":\"Boutique\",\"item\":\"https:\\\/\\\/nature-et-developpement.com\\\/inova-terre-distribution\\\/boutique\\\/\"},{\"@type\":\"ListItem\",\"position\":3,\"name\":\"NON CLASS\u00c9\",\"item\":\"https:\\\/\\\/nature-et-developpement.com\\\/inova-terre-distribution\\\/categorie-produit\\\/non-classe\\\/\"},{\"@type\":\"ListItem\",\"position\":4,\"name\":\"PAVACELL DB est un panneau isolant acoustique en fibres de cellulose Format 1350 mm x 600 mm\"}]},{\"@type\":\"WebSite\",\"@id\":\"https:\\\/\\\/nature-et-developpement.com\\\/inova-terre-distribution\\\/#website\",\"url\":\"https:\\\/\\\/nature-et-developpement.com\\\/inova-terre-distribution\\\/\",\"name\":\"ECOBRIVA\",\"description\":\"ECOBRIVA est membre du groupement Nature &amp; D\u00e9veloppement\",\"publisher\":{\"@id\":\"https:\\\/\\\/nature-et-developpement.com\\\/inova-terre-distribution\\\/#organization\"},\"potentialAction\":[{\"@type\":\"SearchAction\",\"target\":{\"@type\":\"EntryPoint\",\"urlTemplate\":\"https:\\\/\\\/nature-et-developpement.com\\\/inova-terre-distribution\\\/?s={search_term_string}\"},\"query-input\":{\"@type\":\"PropertyValueSpecification\",\"valueRequired\":true,\"valueName\":\"search_term_string\"}}],\"inLanguage\":\"fr-FR\"},{\"@type\":\"Organization\",\"@id\":\"https:\\\/\\\/nature-et-developpement.com\\\/inova-terre-distribution\\\/#organization\",\"name\":\"ECOBRIVA\",\"url\":\"https:\\\/\\\/nature-et-developpement.com\\\/inova-terre-distribution\\\/\",\"logo\":{\"@type\":\"ImageObject\",\"inLanguage\":\"fr-FR\",\"@id\":\"https:\\\/\\\/nature-et-developpement.com\\\/inova-terre-distribution\\\/#\\\/schema\\\/logo\\\/image\\\/\",\"url\":\"https:\\\/\\\/nature-et-developpement.com\\\/inova-terre-distribution\\\/wp-content\\\/uploads\\\/sites\\\/29\\\/2026\\\/03\\\/logo-29.png\",\"contentUrl\":\"https:\\\/\\\/nature-et-developpement.com\\\/inova-terre-distribution\\\/wp-content\\\/uploads\\\/sites\\\/29\\\/2026\\\/03\\\/logo-29.png\",\"width\":250,\"height\":250,\"caption\":\"ECOBRIVA\"},\"image\":{\"@id\":\"https:\\\/\\\/nature-et-developpement.com\\\/inova-terre-distribution\\\/#\\\/schema\\\/logo\\\/image\\\/\"}}]}<\/script>\n<!-- \/ Yoast SEO plugin. -->","yoast_head_json":{"title":"PAVACELL DB est un panneau isolant acoustique en fibres de cellulose                          Format 1350 mm x 600 mm - ECOBRIVA","description":"Pavacell db est un panneau isolant acoustique en fibres de cellulose obtenues \u00e0 partir de papiers de recyclage tri\u00e9s et broy\u00e9s. Pavacell db est destin\u00e9 \u00e0 l'isolation acoustique des cloisons distributives.","robots":{"index":"index","follow":"follow","max-snippet":"max-snippet:-1","max-image-preview":"max-image-preview:large","max-video-preview":"max-video-preview:-1"},"canonical":"https:\/\/nature-et-developpement.com\/inova-terre-distribution\/produit\/pavacell-db\/","og_locale":"fr_FR","og_type":"article","og_title":"PAVACELL DB est un panneau isolant acoustique en fibres de cellulose                          Format 1350 mm x 600 mm - ECOBRIVA","og_description":"Pavacell db est un panneau isolant acoustique en fibres de cellulose obtenues \u00e0 partir de papiers de recyclage tri\u00e9s et broy\u00e9s. Pavacell db est destin\u00e9 \u00e0 l'isolation acoustique des cloisons distributives.","og_url":"https:\/\/nature-et-developpement.com\/inova-terre-distribution\/produit\/pavacell-db\/","og_site_name":"ECOBRIVA","article_modified_time":"2025-06-17T13:52:51+00:00","og_image":[{"width":507,"height":340,"url":"https:\/\/nature-et-developpement.com\/inova-terre-distribution\/wp-content\/uploads\/sites\/29\/2025\/02\/Capture-decran-2025-02-13-150532.png","type":"image\/png"}],"twitter_card":"summary_large_image","schema":{"@context":"https:\/\/schema.org","@graph":[{"@type":"WebPage","@id":"https:\/\/nature-et-developpement.com\/inova-terre-distribution\/produit\/pavacell-db\/","url":"https:\/\/nature-et-developpement.com\/inova-terre-distribution\/produit\/pavacell-db\/","name":"PAVACELL DB est un panneau isolant acoustique en fibres de cellulose Format 1350 mm x 600 mm - ECOBRIVA","isPartOf":{"@id":"https:\/\/nature-et-developpement.com\/inova-terre-distribution\/#website"},"primaryImageOfPage":{"@id":"https:\/\/nature-et-developpement.com\/inova-terre-distribution\/produit\/pavacell-db\/#primaryimage"},"image":{"@id":"https:\/\/nature-et-developpement.com\/inova-terre-distribution\/produit\/pavacell-db\/#primaryimage"},"thumbnailUrl":"https:\/\/nature-et-developpement.com\/inova-terre-distribution\/wp-content\/uploads\/sites\/29\/2025\/02\/Capture-decran-2025-02-13-150532.png","datePublished":"2025-02-13T14:01:27+00:00","dateModified":"2025-06-17T13:52:51+00:00","description":"Pavacell db est un panneau isolant acoustique en fibres de cellulose obtenues \u00e0 partir de papiers de recyclage tri\u00e9s et broy\u00e9s. Pavacell db est destin\u00e9 \u00e0 l'isolation acoustique des cloisons distributives.","breadcrumb":{"@id":"https:\/\/nature-et-developpement.com\/inova-terre-distribution\/produit\/pavacell-db\/#breadcrumb"},"inLanguage":"fr-FR","potentialAction":[{"@type":"ReadAction","target":["https:\/\/nature-et-developpement.com\/inova-terre-distribution\/produit\/pavacell-db\/"]}]},{"@type":"ImageObject","inLanguage":"fr-FR","@id":"https:\/\/nature-et-developpement.com\/inova-terre-distribution\/produit\/pavacell-db\/#primaryimage","url":"https:\/\/nature-et-developpement.com\/inova-terre-distribution\/wp-content\/uploads\/sites\/29\/2025\/02\/Capture-decran-2025-02-13-150532.png","contentUrl":"https:\/\/nature-et-developpement.com\/inova-terre-distribution\/wp-content\/uploads\/sites\/29\/2025\/02\/Capture-decran-2025-02-13-150532.png","width":507,"height":340},{"@type":"BreadcrumbList","@id":"https:\/\/nature-et-developpement.com\/inova-terre-distribution\/produit\/pavacell-db\/#breadcrumb","itemListElement":[{"@type":"ListItem","position":1,"name":"Accueil","item":"https:\/\/nature-et-developpement.com\/inova-terre-distribution\/"},{"@type":"ListItem","position":2,"name":"Boutique","item":"https:\/\/nature-et-developpement.com\/inova-terre-distribution\/boutique\/"},{"@type":"ListItem","position":3,"name":"NON CLASS\u00c9","item":"https:\/\/nature-et-developpement.com\/inova-terre-distribution\/categorie-produit\/non-classe\/"},{"@type":"ListItem","position":4,"name":"PAVACELL DB est un panneau isolant acoustique en fibres de cellulose Format 1350 mm x 600 mm"}]},{"@type":"WebSite","@id":"https:\/\/nature-et-developpement.com\/inova-terre-distribution\/#website","url":"https:\/\/nature-et-developpement.com\/inova-terre-distribution\/","name":"ECOBRIVA","description":"ECOBRIVA est membre du groupement Nature &amp; D\u00e9veloppement","publisher":{"@id":"https:\/\/nature-et-developpement.com\/inova-terre-distribution\/#organization"},"potentialAction":[{"@type":"SearchAction","target":{"@type":"EntryPoint","urlTemplate":"https:\/\/nature-et-developpement.com\/inova-terre-distribution\/?s={search_term_string}"},"query-input":{"@type":"PropertyValueSpecification","valueRequired":true,"valueName":"search_term_string"}}],"inLanguage":"fr-FR"},{"@type":"Organization","@id":"https:\/\/nature-et-developpement.com\/inova-terre-distribution\/#organization","name":"ECOBRIVA","url":"https:\/\/nature-et-developpement.com\/inova-terre-distribution\/","logo":{"@type":"ImageObject","inLanguage":"fr-FR","@id":"https:\/\/nature-et-developpement.com\/inova-terre-distribution\/#\/schema\/logo\/image\/","url":"https:\/\/nature-et-developpement.com\/inova-terre-distribution\/wp-content\/uploads\/sites\/29\/2026\/03\/logo-29.png","contentUrl":"https:\/\/nature-et-developpement.com\/inova-terre-distribution\/wp-content\/uploads\/sites\/29\/2026\/03\/logo-29.png","width":250,"height":250,"caption":"ECOBRIVA"},"image":{"@id":"https:\/\/nature-et-developpement.com\/inova-terre-distribution\/#\/schema\/logo\/image\/"}}]}},"distributor_meta":false,"distributor_terms":false,"distributor_media":false,"distributor_original_site_name":"ECOBRIVA","distributor_original_site_url":"https:\/\/nature-et-developpement.com\/inova-terre-distribution","push-errors":false,"_links":{"self":[{"href":"https:\/\/nature-et-developpement.com\/inova-terre-distribution\/wp-json\/wp\/v2\/product\/6997","targetHints":{"allow":["GET"]}}],"collection":[{"href":"https:\/\/nature-et-developpement.com\/inova-terre-distribution\/wp-json\/wp\/v2\/product"}],"about":[{"href":"https:\/\/nature-et-developpement.com\/inova-terre-distribution\/wp-json\/wp\/v2\/types\/product"}],"wp:featuredmedia":[{"embeddable":true,"href":"https:\/\/nature-et-developpement.com\/inova-terre-distribution\/wp-json\/wp\/v2\/media\/6998"}],"wp:attachment":[{"href":"https:\/\/nature-et-developpement.com\/inova-terre-distribution\/wp-json\/wp\/v2\/media?parent=6997"}],"wp:term":[{"taxonomy":"product_brand","embeddable":true,"href":"https:\/\/nature-et-developpement.com\/inova-terre-distribution\/wp-json\/wp\/v2\/product_brand?post=6997"},{"taxonomy":"product_cat","embeddable":true,"href":"https:\/\/nature-et-developpement.com\/inova-terre-distribution\/wp-json\/wp\/v2\/product_cat?post=6997"},{"taxonomy":"product_tag","embeddable":true,"href":"https:\/\/nature-et-developpement.com\/inova-terre-distribution\/wp-json\/wp\/v2\/product_tag?post=6997"}],"curies":[{"name":"wp","href":"https:\/\/api.w.org\/{rel}","templated":true}]}}