{"id":7512,"date":"2024-03-22T11:17:22","date_gmt":"2024-03-22T10:17:22","guid":{"rendered":"https:\/\/nature-et-developpement.com\/inova-terre-distribution\/produit\/caisson-de-distribution-dair-pre-isole-comfowell-therm-420-zehnder\/"},"modified":"2026-01-20T14:17:16","modified_gmt":"2026-01-20T13:17:16","slug":"caisson-de-distribution-dair-pre-isole-comfowell-therm-420-zehnder","status":"publish","type":"product","link":"https:\/\/nature-et-developpement.com\/inova-terre-distribution\/produit\/caisson-de-distribution-dair-pre-isole-comfowell-therm-420-zehnder\/","title":{"rendered":"Caisson de distribution d&rsquo;air pr\u00e9-isol\u00e9 et modulable ComfoWell Therm 420 ZEHNDER"},"content":{"rendered":"<h2>Caisson de Distribution d&rsquo;Air Pr\u00e9-Isol\u00e9 ComfoWell Therm 420 Zehnder &#8211; Solutions Modulaires pour Ventilation<\/h2>\n<p>Sp\u00e9cialement con\u00e7u pour les syst\u00e8mes de ventilations double flux Zehnder, ce caisson modulable vous permet de connecter toutes vos entr\u00e9es d&rsquo;air et sur les bouches de sortie. Il est \u00e9tanche et isol\u00e9 pour vous \u00e9viter des pertes de chaleur et vous faire faire des \u00e9conomies d&rsquo;\u00e9nergie. Il vous assurer un confort acoustique gr\u00e2ce \u00e0 ces filtres sonores.<\/p>\n<h3>Avantages<\/h3>\n<div class=\"v1v1v1v1v1v1v1v1v1v1v1v1v1v1v1v1v1v1v1v1v1v1v1v1v1v1v1v1v1v1v1v1v1v1grve-thumbnail\">\n<ul>\n<li class=\"\">Confort de vie accru : faible perte de temp\u00e9rature et absence de condensation lors du transport de l\u2019air climatis\u00e9 gr\u00e2ce \u00e0 l\u2019isolation thermique.<\/li>\n<li class=\"\">Livraison pr\u00eate au montage : aucun approvisionnement n\u00e9cessaire en mat\u00e9riau d\u2019isolation ad\u00e9quat<\/li>\n<li class=\"\">Pas d\u2019isolation ult\u00e9rieure co\u00fbteuse.<\/li>\n<li class=\"\">Flexibilit\u00e9 : le nombre de raccords peut \u00eatre \u00e9tendu selon les besoins \u00e0 l\u2019aide de modules et de plaques de raccordement. Les modules de pontage permettent un d\u00e9calage en cas de poutraison.<\/li>\n<li class=\"\">Nettoyage facile : l\u2019isolation int\u00e9rieure est dot\u00e9e d\u2019un rev\u00eatement hygi\u00e9nique lisse, facile \u00e0 nettoyer.<\/li>\n<li class=\"\">Pas de ponts thermiques : les tubulures de raccordement sont pr\u00e9-isol\u00e9es.<\/li>\n<li class=\"\">Long\u00e9vit\u00e9 : les mat\u00e9riaux r\u00e9sistants \u00e0 la corrosion et \u00e0 la chaleur garantissent une longue dur\u00e9e de vie.<\/li>\n<\/ul>\n<p>La gamme\u00a0<strong>ComfoWell 420 Therm<\/strong> est un syst\u00e8me modulaire pr\u00e9-isol\u00e9 en t\u00f4le galvanis\u00e9, compact poss\u00e9dant un rev\u00eatement insonorisant et thermique pour un volume d&rsquo;air de 350 m3\/h. Ce syst\u00e8me permet plusieurs solutions de raccordement, modulable selon les situations de l&rsquo;installation. L&rsquo;isolation interne emp\u00eache les pertes de charges et garantit un fonctionnement silencieux du syst\u00e8me de ventilation.<\/p>\n<h3><span style=\"color: #008000\">Composez votre installation ou laissez vous guider par nos experts.<\/span><\/h3>\n<p><strong>ComfoWell 420 Therm<\/strong>\u00a0est constitu\u00e9 de plusieurs \u00e9l\u00e9ments :<\/p>\n<p><strong>&#8211; Le caisson silencieux Zehnder ComfoWell Therm 420 : <\/strong>c&rsquo;est un boitier de distribution d&rsquo;air rectangle et compact (avec plaque de raccordement D160 ou D 200) qui poss\u00e8de un silencieux intr\u00e9gr\u00e9 pour un confort acoustique optimal ainsi qu&rsquo;une isolation interne avec une faible perte de charge. il peut \u00eatre installer au mur ou au plafond sur des supports de montage r\u00e9glables. Les dimensions du silencieux sont de 500 mm de longueur et 420 mm de largeur.<\/p>\n<p><img loading=\"lazy\" decoding=\"async\" class=\"alignnone size-medium wp-image-175032\" src=\"https:\/\/nature-et-developpement.com\/wp-content\/uploads\/ComfoWell-Therm-Silencieux-420-plaque-dextremite-DN160-ref-990430867-450x450.jpg\" alt=\"Zehnder\" width=\"450\" height=\"450\" \/><\/p>\n<h4>Les modules<\/h4>\n<p><strong>&#8211; Module de raccordement ComfoWell Therm 420 4xD90 :\u00a0<\/strong>ce module dispose de 4 piquages pour raccorder les gaines\u00a0ComfoTube Therm 90. Ces gaines sont reli\u00e9es gr\u00e2ce \u00e0 une glissi\u00e8re de fixation. L&rsquo;int\u00e9rieur de ce caisson est isol\u00e9 et ainsi \u00e9vite la perte de chaleur ou de froid.\u00a0Les dimensions du silencieux sont de 325mm de longueur pour 420 mm de largeur et 230mm de hauteur.<\/p>\n<p><img loading=\"lazy\" decoding=\"async\" class=\"alignnone size-medium wp-image-175041\" src=\"https:\/\/nature-et-developpement.com\/wp-content\/uploads\/Comfowell-Therm-420-ZEHNDER-COMFOSYSTEMS-Module-de-raccordement-420-4xDN90-ref-990430860-450x450.jpg\" alt=\"\" width=\"450\" height=\"450\" \/><\/p>\n<p><strong>&#8211; Module de raccordement ComfoWell Therm 420 2xD90 :\u00a0<\/strong>ce module dispose de 2 possibilit\u00e9s de raccordement pour les gaines\u00a0ComfoTube Therm 90. Ces gaines sont reli\u00e9es gr\u00e2ce \u00e0 un support de serrage sur le tuyau de raccordement au caisson de module. L&rsquo;int\u00e9rieur de ce caisson est isol\u00e9 et ainsi \u00e9vite les pertes de charges. Les dimensions du silencieux sont de 160mm de longeur pour 420 mm de largeur et 230mm de hauteur.<\/p>\n<p><img loading=\"lazy\" decoding=\"async\" class=\"alignnone size-medium wp-image-175048\" src=\"https:\/\/nature-et-developpement.com\/wp-content\/uploads\/Module-de-raccordement-ComfoWell-Therm-420-2xDN90-Zehnder-ref-990430858-450x450.jpg\" alt=\"vmc zehnder\" width=\"450\" height=\"450\" \/><\/p>\n<p><strong>&#8211; Module de pontage ComfoWell 420 :<\/strong>\u00a0ce caisson permet de franchir des obstacles sur le r\u00e9seau de distribution d&rsquo;air comme des poutres de plafond, des conduits d&rsquo;alimentation ou d&rsquo;autres \u00e9l\u00e9ments bloquants l&rsquo;installation. L&rsquo;int\u00e9rieur est \u00e9galement isol\u00e9 pour \u00e9viter les pertes de charges\u00a0Les dimensions du silencieux sont de 160mm de longueur pour 420 mm de largeur et 230mm de hauteur.<\/p>\n<p><img loading=\"lazy\" decoding=\"async\" class=\"alignnone size-medium wp-image-175046\" src=\"https:\/\/nature-et-developpement.com\/wp-content\/uploads\/Module-de-pontage-ComfoWell-Therm-420-Zehnder-ref-990430859-450x450.jpg\" alt=\"vmc zehnder\" width=\"450\" height=\"450\" \/><\/p>\n<h4>Les plaques et bouchons<\/h4>\n<p><strong>&#8211; Plaque de raccordement ComFoWell 420 5xD90 :<\/strong>\u00a0cette plaque permet de raccorder 5 gaines\u00a0ComfoTube Therm 90\u00a0sur le r\u00e9seau de distribution.<\/p>\n<p><img loading=\"lazy\" decoding=\"async\" class=\"alignnone size-medium wp-image-175050\" src=\"https:\/\/nature-et-developpement.com\/wp-content\/uploads\/Plaque-de-raccordement-ComfoWell-Therm-420-5xDN90-Zehnde-ref-990430863-450x450.jpg\" alt=\"vmc zehnder\" width=\"450\" height=\"450\" \/><\/p>\n<p><strong>&#8211; Plaque d&rsquo;extr\u00e9mit\u00e9 ComFoWell 420 :<\/strong> cette plaque permet de raccorder une gaine ronde de diam\u00e8tre 160mm ou 200mm. <em>(inclus dans les caissons)<\/em><\/p>\n<p><img loading=\"lazy\" decoding=\"async\" class=\"alignnone size-medium wp-image-175054\" src=\"https:\/\/nature-et-developpement.com\/wp-content\/uploads\/Plaque-dextremite-ComfoWell-Therm-420-DN160-Zehnder-ref-990430862-450x450.jpg\" alt=\"vmc zehnder\" width=\"450\" height=\"450\" \/><\/p>\n<p><strong>&#8211; <\/strong><strong>Plaque d\u2019obturation ComfoWell Therm 420 :<\/strong> cette plaque permet de fermer les diff\u00e9rents modules.<\/p>\n<p><img loading=\"lazy\" decoding=\"async\" class=\"alignnone size-medium wp-image-175052\" src=\"https:\/\/nature-et-developpement.com\/wp-content\/uploads\/Plaque-dobturation-ComfoWell-Therm-420-Zehnder-ref-990430861-450x450.jpg\" alt=\"vmc zehnder\" width=\"450\" height=\"450\" \/><\/p>\n<p><strong>&#8211; Bouchon d&rsquo;\u00e9tanch\u00e9it\u00e9 ComfoWell 420 D90 (2pi\u00e8ces) :\u00a0<\/strong>ils sont utilis\u00e9s pour scellement herm\u00e9tique et thermique des piquages\/connexions inutiles aux modules ou aux plaques.<\/p>\n<p><img loading=\"lazy\" decoding=\"async\" class=\"alignnone size-medium wp-image-175057\" src=\"https:\/\/nature-et-developpement.com\/wp-content\/uploads\/Bouchon-90mm-ComfoWell-Therm-Zehnder-450x450.jpg\" alt=\"vmc zehnder\" width=\"450\" height=\"450\" \/><\/p>\n<h4><strong>Montage<\/strong><\/h4>\n<p>Les divers composants du syst\u00e8me ComfoWell Therm peuvent \u00eatre assembl\u00e9s \u00e0 volont\u00e9 gr\u00e2ce aux modules de raccordement et aux plaques de distribution et de raccordement. Pour \u00e9viter les obstacles comme les poutres de plafond, les canalisations ou d&rsquo;autres \u00e9l\u00e9ments bloquants, le syst\u00e8me poss\u00e8de un module de pontage qui permet de les contourner. Tous les composants peuvent \u00eatre connect\u00e9s herm\u00e9tiquement gr\u00e2ce \u00e0 un syst\u00e8me de glissi\u00e8re de fixation facile \u00e0 utiliser. Il est possible \u00e9galement d&rsquo;ouvrir par le bas le module pour le nettoyage et l&rsquo;inspection. Tous les accessoires de montages sont inclus.<\/p>\n<h4><strong>Conclusion<\/strong><\/h4>\n<p>Le Caisson de distribution d&rsquo;air ComfoWell Therm 420 ZEHNDER est bien plus qu&rsquo;un simple syst\u00e8me de ventilation. C&rsquo;est une solution compl\u00e8te pour un confort optimal, une efficacit\u00e9 \u00e9nerg\u00e9tique accrue et une installation sans tracas. Optez d\u00e8s maintenant pour la qualit\u00e9 et la performance avec ComfoWell Therm 420 ZEHNDER.<\/p>\n<\/div>\n","protected":false},"excerpt":{"rendered":"<p>D\u00e9couvrez le syst\u00e8me modulaire pr\u00e9-isol\u00e9 ComfoWell Therm 420 Zehnder, offrant un confort acoustique et thermique optimal. Facile \u00e0 installer et \u00e0 nettoyer.<\/p>\n","protected":false},"featured_media":1000000175059,"template":"","meta":[],"product_brand":[2616],"product_cat":[81,37],"product_tag":[2615],"class_list":{"0":"post-7512","1":"product","2":"type-product","3":"status-publish","4":"has-post-thumbnail","6":"product_brand-zehnder","7":"product_cat-accessoires","8":"product_cat-demande-de-devis-uniquement-avec-prix","9":"product_tag-zehnder","10":"product_shipping_class-petit-equipement-outil-eclairage","12":"first","13":"instock","14":"taxable","15":"shipping-taxable","16":"product-type-grouped"},"yoast_head":"<!-- This site is optimized with the Yoast SEO plugin v27.5 - https:\/\/yoast.com\/product\/yoast-seo-wordpress\/ -->\n<title>Caisson de distribution d&#039;air pr\u00e9-isol\u00e9 et modulable ComfoWell Therm 420 ZEHNDER - ECOBRIVA<\/title>\n<meta name=\"robots\" content=\"noindex, nofollow\" \/>\n<meta property=\"og:locale\" content=\"fr_FR\" \/>\n<meta property=\"og:type\" content=\"article\" \/>\n<meta property=\"og:title\" content=\"Caisson de distribution d&#039;air pr\u00e9-isol\u00e9 et modulable ComfoWell Therm 420 ZEHNDER - ECOBRIVA\" \/>\n<meta property=\"og:description\" content=\"D\u00e9couvrez le syst\u00e8me modulaire pr\u00e9-isol\u00e9 ComfoWell Therm 420 Zehnder, offrant un confort acoustique et thermique optimal. Facile \u00e0 installer et \u00e0 nettoyer.\" \/>\n<meta property=\"og:url\" content=\"https:\/\/nature-et-developpement.com\/inova-terre-distribution\/produit\/caisson-de-distribution-dair-pre-isole-comfowell-therm-420-zehnder\/\" \/>\n<meta property=\"og:site_name\" content=\"ECOBRIVA\" \/>\n<meta property=\"article:modified_time\" content=\"2026-01-20T13:17:16+00:00\" \/>\n<meta name=\"twitter:card\" content=\"summary_large_image\" \/>\n<meta name=\"twitter:label1\" content=\"Dur\u00e9e de lecture estim\u00e9e\" \/>\n\t<meta name=\"twitter:data1\" content=\"4 minutes\" \/>\n<script type=\"application\/ld+json\" class=\"yoast-schema-graph\">{\"@context\":\"https:\\\/\\\/schema.org\",\"@graph\":[{\"@type\":\"WebPage\",\"@id\":\"https:\\\/\\\/nature-et-developpement.com\\\/inova-terre-distribution\\\/produit\\\/caisson-de-distribution-dair-pre-isole-comfowell-therm-420-zehnder\\\/\",\"url\":\"https:\\\/\\\/nature-et-developpement.com\\\/inova-terre-distribution\\\/produit\\\/caisson-de-distribution-dair-pre-isole-comfowell-therm-420-zehnder\\\/\",\"name\":\"Caisson de distribution d'air pr\u00e9-isol\u00e9 et modulable ComfoWell Therm 420 ZEHNDER - ECOBRIVA\",\"isPartOf\":{\"@id\":\"https:\\\/\\\/nature-et-developpement.com\\\/inova-terre-distribution\\\/#website\"},\"primaryImageOfPage\":{\"@id\":\"https:\\\/\\\/nature-et-developpement.com\\\/inova-terre-distribution\\\/produit\\\/caisson-de-distribution-dair-pre-isole-comfowell-therm-420-zehnder\\\/#primaryimage\"},\"image\":{\"@id\":\"https:\\\/\\\/nature-et-developpement.com\\\/inova-terre-distribution\\\/produit\\\/caisson-de-distribution-dair-pre-isole-comfowell-therm-420-zehnder\\\/#primaryimage\"},\"thumbnailUrl\":\"https:\\\/\\\/nature-et-developpement.com\\\/inova-terre-distribution\\\/wp-content\\\/uploads\\\/ComfoWell-Therm-a-composer.jpg\",\"datePublished\":\"2024-03-22T10:17:22+00:00\",\"dateModified\":\"2026-01-20T13:17:16+00:00\",\"breadcrumb\":{\"@id\":\"https:\\\/\\\/nature-et-developpement.com\\\/inova-terre-distribution\\\/produit\\\/caisson-de-distribution-dair-pre-isole-comfowell-therm-420-zehnder\\\/#breadcrumb\"},\"inLanguage\":\"fr-FR\",\"potentialAction\":[{\"@type\":\"ReadAction\",\"target\":[\"https:\\\/\\\/nature-et-developpement.com\\\/inova-terre-distribution\\\/produit\\\/caisson-de-distribution-dair-pre-isole-comfowell-therm-420-zehnder\\\/\"]}]},{\"@type\":\"ImageObject\",\"inLanguage\":\"fr-FR\",\"@id\":\"https:\\\/\\\/nature-et-developpement.com\\\/inova-terre-distribution\\\/produit\\\/caisson-de-distribution-dair-pre-isole-comfowell-therm-420-zehnder\\\/#primaryimage\",\"url\":\"https:\\\/\\\/nature-et-developpement.com\\\/inova-terre-distribution\\\/wp-content\\\/uploads\\\/ComfoWell-Therm-a-composer.jpg\",\"contentUrl\":\"https:\\\/\\\/nature-et-developpement.com\\\/inova-terre-distribution\\\/wp-content\\\/uploads\\\/ComfoWell-Therm-a-composer.jpg\"},{\"@type\":\"BreadcrumbList\",\"@id\":\"https:\\\/\\\/nature-et-developpement.com\\\/inova-terre-distribution\\\/produit\\\/caisson-de-distribution-dair-pre-isole-comfowell-therm-420-zehnder\\\/#breadcrumb\",\"itemListElement\":[{\"@type\":\"ListItem\",\"position\":1,\"name\":\"Accueil\",\"item\":\"https:\\\/\\\/nature-et-developpement.com\\\/inova-terre-distribution\\\/\"},{\"@type\":\"ListItem\",\"position\":2,\"name\":\"Boutique\",\"item\":\"https:\\\/\\\/nature-et-developpement.com\\\/inova-terre-distribution\\\/boutique\\\/\"},{\"@type\":\"ListItem\",\"position\":3,\"name\":\"Chauffage, eau et \u00e9nergie\",\"item\":\"https:\\\/\\\/nature-et-developpement.com\\\/inova-terre-distribution\\\/categorie-produit\\\/energie-et-ventilation\\\/\"},{\"@type\":\"ListItem\",\"position\":4,\"name\":\"Accessoires\",\"item\":\"https:\\\/\\\/nature-et-developpement.com\\\/inova-terre-distribution\\\/categorie-produit\\\/energie-et-ventilation\\\/accessoires\\\/\"},{\"@type\":\"ListItem\",\"position\":5,\"name\":\"Caisson de distribution d&rsquo;air pr\u00e9-isol\u00e9 et modulable ComfoWell Therm 420 ZEHNDER\"}]},{\"@type\":\"WebSite\",\"@id\":\"https:\\\/\\\/nature-et-developpement.com\\\/inova-terre-distribution\\\/#website\",\"url\":\"https:\\\/\\\/nature-et-developpement.com\\\/inova-terre-distribution\\\/\",\"name\":\"ECOBRIVA\",\"description\":\"ECOBRIVA est membre du groupement Nature &amp; D\u00e9veloppement\",\"publisher\":{\"@id\":\"https:\\\/\\\/nature-et-developpement.com\\\/inova-terre-distribution\\\/#organization\"},\"potentialAction\":[{\"@type\":\"SearchAction\",\"target\":{\"@type\":\"EntryPoint\",\"urlTemplate\":\"https:\\\/\\\/nature-et-developpement.com\\\/inova-terre-distribution\\\/?s={search_term_string}\"},\"query-input\":{\"@type\":\"PropertyValueSpecification\",\"valueRequired\":true,\"valueName\":\"search_term_string\"}}],\"inLanguage\":\"fr-FR\"},{\"@type\":\"Organization\",\"@id\":\"https:\\\/\\\/nature-et-developpement.com\\\/inova-terre-distribution\\\/#organization\",\"name\":\"ECOBRIVA\",\"url\":\"https:\\\/\\\/nature-et-developpement.com\\\/inova-terre-distribution\\\/\",\"logo\":{\"@type\":\"ImageObject\",\"inLanguage\":\"fr-FR\",\"@id\":\"https:\\\/\\\/nature-et-developpement.com\\\/inova-terre-distribution\\\/#\\\/schema\\\/logo\\\/image\\\/\",\"url\":\"https:\\\/\\\/nature-et-developpement.com\\\/inova-terre-distribution\\\/wp-content\\\/uploads\\\/sites\\\/29\\\/2026\\\/03\\\/logo-29.png\",\"contentUrl\":\"https:\\\/\\\/nature-et-developpement.com\\\/inova-terre-distribution\\\/wp-content\\\/uploads\\\/sites\\\/29\\\/2026\\\/03\\\/logo-29.png\",\"width\":250,\"height\":250,\"caption\":\"ECOBRIVA\"},\"image\":{\"@id\":\"https:\\\/\\\/nature-et-developpement.com\\\/inova-terre-distribution\\\/#\\\/schema\\\/logo\\\/image\\\/\"}}]}<\/script>\n<!-- \/ Yoast SEO plugin. -->","yoast_head_json":{"title":"Caisson de distribution d'air pr\u00e9-isol\u00e9 et modulable ComfoWell Therm 420 ZEHNDER - ECOBRIVA","robots":{"index":"noindex","follow":"nofollow"},"og_locale":"fr_FR","og_type":"article","og_title":"Caisson de distribution d'air pr\u00e9-isol\u00e9 et modulable ComfoWell Therm 420 ZEHNDER - ECOBRIVA","og_description":"D\u00e9couvrez le syst\u00e8me modulaire pr\u00e9-isol\u00e9 ComfoWell Therm 420 Zehnder, offrant un confort acoustique et thermique optimal. Facile \u00e0 installer et \u00e0 nettoyer.","og_url":"https:\/\/nature-et-developpement.com\/inova-terre-distribution\/produit\/caisson-de-distribution-dair-pre-isole-comfowell-therm-420-zehnder\/","og_site_name":"ECOBRIVA","article_modified_time":"2026-01-20T13:17:16+00:00","twitter_card":"summary_large_image","twitter_misc":{"Dur\u00e9e de lecture estim\u00e9e":"4 minutes"},"schema":{"@context":"https:\/\/schema.org","@graph":[{"@type":"WebPage","@id":"https:\/\/nature-et-developpement.com\/inova-terre-distribution\/produit\/caisson-de-distribution-dair-pre-isole-comfowell-therm-420-zehnder\/","url":"https:\/\/nature-et-developpement.com\/inova-terre-distribution\/produit\/caisson-de-distribution-dair-pre-isole-comfowell-therm-420-zehnder\/","name":"Caisson de distribution d'air pr\u00e9-isol\u00e9 et modulable ComfoWell Therm 420 ZEHNDER - ECOBRIVA","isPartOf":{"@id":"https:\/\/nature-et-developpement.com\/inova-terre-distribution\/#website"},"primaryImageOfPage":{"@id":"https:\/\/nature-et-developpement.com\/inova-terre-distribution\/produit\/caisson-de-distribution-dair-pre-isole-comfowell-therm-420-zehnder\/#primaryimage"},"image":{"@id":"https:\/\/nature-et-developpement.com\/inova-terre-distribution\/produit\/caisson-de-distribution-dair-pre-isole-comfowell-therm-420-zehnder\/#primaryimage"},"thumbnailUrl":"https:\/\/nature-et-developpement.com\/inova-terre-distribution\/wp-content\/uploads\/ComfoWell-Therm-a-composer.jpg","datePublished":"2024-03-22T10:17:22+00:00","dateModified":"2026-01-20T13:17:16+00:00","breadcrumb":{"@id":"https:\/\/nature-et-developpement.com\/inova-terre-distribution\/produit\/caisson-de-distribution-dair-pre-isole-comfowell-therm-420-zehnder\/#breadcrumb"},"inLanguage":"fr-FR","potentialAction":[{"@type":"ReadAction","target":["https:\/\/nature-et-developpement.com\/inova-terre-distribution\/produit\/caisson-de-distribution-dair-pre-isole-comfowell-therm-420-zehnder\/"]}]},{"@type":"ImageObject","inLanguage":"fr-FR","@id":"https:\/\/nature-et-developpement.com\/inova-terre-distribution\/produit\/caisson-de-distribution-dair-pre-isole-comfowell-therm-420-zehnder\/#primaryimage","url":"https:\/\/nature-et-developpement.com\/inova-terre-distribution\/wp-content\/uploads\/ComfoWell-Therm-a-composer.jpg","contentUrl":"https:\/\/nature-et-developpement.com\/inova-terre-distribution\/wp-content\/uploads\/ComfoWell-Therm-a-composer.jpg"},{"@type":"BreadcrumbList","@id":"https:\/\/nature-et-developpement.com\/inova-terre-distribution\/produit\/caisson-de-distribution-dair-pre-isole-comfowell-therm-420-zehnder\/#breadcrumb","itemListElement":[{"@type":"ListItem","position":1,"name":"Accueil","item":"https:\/\/nature-et-developpement.com\/inova-terre-distribution\/"},{"@type":"ListItem","position":2,"name":"Boutique","item":"https:\/\/nature-et-developpement.com\/inova-terre-distribution\/boutique\/"},{"@type":"ListItem","position":3,"name":"Chauffage, eau et \u00e9nergie","item":"https:\/\/nature-et-developpement.com\/inova-terre-distribution\/categorie-produit\/energie-et-ventilation\/"},{"@type":"ListItem","position":4,"name":"Accessoires","item":"https:\/\/nature-et-developpement.com\/inova-terre-distribution\/categorie-produit\/energie-et-ventilation\/accessoires\/"},{"@type":"ListItem","position":5,"name":"Caisson de distribution d&rsquo;air pr\u00e9-isol\u00e9 et modulable ComfoWell Therm 420 ZEHNDER"}]},{"@type":"WebSite","@id":"https:\/\/nature-et-developpement.com\/inova-terre-distribution\/#website","url":"https:\/\/nature-et-developpement.com\/inova-terre-distribution\/","name":"ECOBRIVA","description":"ECOBRIVA est membre du groupement Nature &amp; D\u00e9veloppement","publisher":{"@id":"https:\/\/nature-et-developpement.com\/inova-terre-distribution\/#organization"},"potentialAction":[{"@type":"SearchAction","target":{"@type":"EntryPoint","urlTemplate":"https:\/\/nature-et-developpement.com\/inova-terre-distribution\/?s={search_term_string}"},"query-input":{"@type":"PropertyValueSpecification","valueRequired":true,"valueName":"search_term_string"}}],"inLanguage":"fr-FR"},{"@type":"Organization","@id":"https:\/\/nature-et-developpement.com\/inova-terre-distribution\/#organization","name":"ECOBRIVA","url":"https:\/\/nature-et-developpement.com\/inova-terre-distribution\/","logo":{"@type":"ImageObject","inLanguage":"fr-FR","@id":"https:\/\/nature-et-developpement.com\/inova-terre-distribution\/#\/schema\/logo\/image\/","url":"https:\/\/nature-et-developpement.com\/inova-terre-distribution\/wp-content\/uploads\/sites\/29\/2026\/03\/logo-29.png","contentUrl":"https:\/\/nature-et-developpement.com\/inova-terre-distribution\/wp-content\/uploads\/sites\/29\/2026\/03\/logo-29.png","width":250,"height":250,"caption":"ECOBRIVA"},"image":{"@id":"https:\/\/nature-et-developpement.com\/inova-terre-distribution\/#\/schema\/logo\/image\/"}}]}},"distributor_meta":false,"distributor_terms":false,"distributor_media":false,"distributor_original_site_name":"ECOBRIVA","distributor_original_site_url":"https:\/\/nature-et-developpement.com\/inova-terre-distribution","push-errors":false,"_links":{"self":[{"href":"https:\/\/nature-et-developpement.com\/inova-terre-distribution\/wp-json\/wp\/v2\/product\/7512","targetHints":{"allow":["GET"]}}],"collection":[{"href":"https:\/\/nature-et-developpement.com\/inova-terre-distribution\/wp-json\/wp\/v2\/product"}],"about":[{"href":"https:\/\/nature-et-developpement.com\/inova-terre-distribution\/wp-json\/wp\/v2\/types\/product"}],"wp:featuredmedia":[{"embeddable":true,"href":"https:\/\/nature-et-developpement.com\/inova-terre-distribution\/wp-json\/"}],"wp:attachment":[{"href":"https:\/\/nature-et-developpement.com\/inova-terre-distribution\/wp-json\/wp\/v2\/media?parent=7512"}],"wp:term":[{"taxonomy":"product_brand","embeddable":true,"href":"https:\/\/nature-et-developpement.com\/inova-terre-distribution\/wp-json\/wp\/v2\/product_brand?post=7512"},{"taxonomy":"product_cat","embeddable":true,"href":"https:\/\/nature-et-developpement.com\/inova-terre-distribution\/wp-json\/wp\/v2\/product_cat?post=7512"},{"taxonomy":"product_tag","embeddable":true,"href":"https:\/\/nature-et-developpement.com\/inova-terre-distribution\/wp-json\/wp\/v2\/product_tag?post=7512"}],"curies":[{"name":"wp","href":"https:\/\/api.w.org\/{rel}","templated":true}]}}