{"id":10764,"date":"2020-03-24T00:00:00","date_gmt":"2020-03-23T23:00:00","guid":{"rendered":"https:\/\/nature-et-developpement.com\/logibio\/produit\/peinture-blanche-velours-interieur-exterieur-natura\/"},"modified":"2025-09-30T12:25:54","modified_gmt":"2025-09-30T10:25:54","slug":"peinture-lessivable-velours-blanche-interieur-exterieur-de-natura","status":"publish","type":"product","link":"https:\/\/nature-et-developpement.com\/logibio\/produit\/peinture-lessivable-velours-blanche-interieur-exterieur-de-natura\/","title":{"rendered":"Peinture v\u00e9g\u00e9tale lessivable velours blanche int\u00e9rieur ext\u00e9rieur de Natura"},"content":{"rendered":"<p>Peinture Blanche de finition, donne un aspect r\u00e9gulier velours en deux couches et prot\u00e8ge durablement votre patrimoine<\/p>\n<p>Blancheur \u00e9clatante, odeur tr\u00e8s l\u00e9g\u00e8re &#8211; Pas de jaunissement dans les pi\u00e8ces sombres.<br \/>\nMicroporeuse (+ de 300g\/m\u00b2\/24h sur Tassili Primaire)<br \/>\nExcellent couvrant et garnissant &#8211; Monocouche sur support homog\u00e8ne imprim\u00e9 \u00e0 50\u03bcm sec.<br \/>\nLessivable (apr\u00e8s durcissement \u00e0 coeur du film, soit environ 10 jours minimum).<\/p>\n<p><b>Qualit\u00e9s environnementales <\/b>:<br \/>\nIngr\u00e9dients naturels ou d&rsquo;origine naturelle : 83%<br \/>\nTr\u00e8s faible taux de C.O.V. (1,7 g\/L en mat)<br \/>\nLes huiles v\u00e9g\u00e9tales exhalent spontan\u00e9ment une infime quantit\u00e9 de C.O.V. dits naturels en opposition aux C.O.V. de synth\u00e8se<\/p>\n<p><b>Supports : <\/b>Tous les supports classiques du b\u00e2timent d\u00fbment imprim\u00e9s avec TASSILI PRIMAIRE. Sur pl\u00e2tre, placopl\u00e2tre, Fermacell ou \u00e9quivalent, papier \u00e0 peindre, toile de verre, enduits min\u00e9raux, bois, anciennes peintures adh\u00e9rentes<\/p>\n<p><strong>Consommation :<\/strong> 12 \u00e0 14m\u00b2\/L par couche<\/p>\n<p><b>Pr\u00e9paration<\/b> :<br \/>\n&#8211; Les surfaces \u00e0 peindre doivent \u00eatre propres, saines et s\u00e8ches.<br \/>\n&#8211; Les anciennes peintures non adh\u00e9rentes doivent \u00eatre \u00e9limin\u00e9es<br \/>\n&#8211; Supports non peints: d\u00e9poussi\u00e9rer \u00e0 l&rsquo;\u00e9ponge humide, laisser s\u00e9cher et appliquer imp\u00e9rativement une couche de TASSILI PRIMAIRE<br \/>\n&#8211; Anciennes peintures: lessiver et rincer le support, laisser s\u00e9cher, \u00e9ventuellement poncer l\u00e9g\u00e8rement de celles qui sont brillantes ou satin\u00e9es puis une couche de TASSILI PRIMAIRE (conseill\u00e9)<\/p>\n<p><b>Application <\/b>:<br \/>\n&#8211; Brosse<br \/>\n&#8211; Rouleau microfibre 10\/12mm<br \/>\n&#8211; Pistolet pneumatique<br \/>\n&#8211; Airless, station de peinture<\/p>\n<p><b>Mise en oeuvre<\/b> :<br \/>\n&#8211; M\u00e9langer le produit avec soin. Pensez \u00e0 prot\u00e9ger ce qui ne doit \u00eatre peint.<br \/>\n&#8211; Appliquer \u00e0 temp\u00e9rature ambiante de 15 \u00e0 25\u00b0C apr\u00e8s homog\u00e9n\u00e9isation du produit.<br \/>\n&#8211; Commencer par un angle sup\u00e9rieur au rouleau laqueur 4mm ou microfibre 6mm.<br \/>\n&#8211; Appliquer verticalement par bande de 50 \u00e0 60 cm\u00a0<b>sans croiser<\/b><br \/>\n&#8211; Rechampir au pinceau au fur et \u00e0 mesure du travail<br \/>\n&#8211; Unir au rouleau rechampis et zones peintes en s&rsquo;accrochant au plus pr\u00e8s des angles<br \/>\n&#8211; Une fois en bas de mur, terminer en lissant de bas en haut, sans pression et d&rsquo;un seul geste, sans recharger le rouleau<br \/>\n&#8211; Progresser ainsi jusqu&rsquo;au bout du pan de mur qu&rsquo;il faut toujours terminer quand on l&rsquo;a commenc\u00e9 (risque de trace de reprise)conditions.<\/p>\n<p><strong>Dilution :<\/strong> 5% \u00e0 10%<\/p>\n<p><strong>S\u00e9chage :<\/strong><br \/>\n&#8211; Hors poussi\u00e8re : 30mn<br \/>\n&#8211; Sec au toucher : 1h<br \/>\n&#8211; Recouvrable : 6h \u00e0 8h<br \/>\n&#8211; Lessivable apr\u00e8s 10jours de s\u00e9chage \u00e0 20\u00b0C<\/p>\n<p><strong>Composition :<\/strong><br \/>\n&#8211;\u00a0Ingr\u00e9dients naturels ou d&rsquo;origine naturelle : huiles de tournesol, ricin et chanvre, r\u00e9sinate de zinc, d\u00e9riv\u00e9s cellulosiques, eau<br \/>\n&#8211; Ingr\u00e9dients min\u00e9raux transform\u00e9s : Dioxyde de titane sans nano particule, carbonate de calcium, talc<br \/>\n&#8211; Ingr\u00e9dients synth\u00e9tiques : r\u00e9sine synth\u00e9tique, conservateurs, additifs divers.<\/p>\n","protected":false},"excerpt":{"rendered":"<p>Peinture \u00e9cologique de finition blanche, d&rsquo;origine v\u00e9g\u00e9tale et min\u00e9rale, int\u00e9rieur et ext\u00e9rieur, velours.<\/p>\n<p>Lessivable, adapt\u00e9e aux pi\u00e8ces s\u00e8ches et humides, et compatible avec tous les supports classiques du b\u00e2timent d\u00fbment imprim\u00e9s (fa\u00e7ades, murs, plafonds et boiseries)<\/p>\n","protected":false},"featured_media":1000000204194,"template":"","meta":[],"product_brand":[2708],"product_cat":[56,64,223],"product_tag":[4207],"class_list":{"0":"post-10764","1":"product","2":"type-product","3":"status-publish","4":"has-post-thumbnail","6":"product_brand-natura","7":"product_cat-peinture-et-enduit","8":"product_cat-peinture-ecologique","9":"product_cat-protection-du-bois","10":"product_tag-peinture-ecologique","11":"product_shipping_class-peintures-accessoires-peintures","13":"first","14":"instock","15":"taxable","16":"shipping-taxable","17":"purchasable","18":"product-type-variable"},"yoast_head":"<!-- This site is optimized with the Yoast SEO plugin v27.5 - https:\/\/yoast.com\/product\/yoast-seo-wordpress\/ -->\n<title>Peinture v\u00e9g\u00e9tale lessivable velours blanche int\u00e9rieur ext\u00e9rieur de Natura<\/title>\n<meta name=\"description\" content=\"Peinture \u00e9cologique de finition blanche, d&#039;origine v\u00e9g\u00e9tale et min\u00e9rale, int\u00e9rieur et ext\u00e9rieur, velours.  Lessivable, adapt\u00e9e aux pi\u00e8ces s\u00e8ches et humides, et compatible avec tous les supports classiques du b\u00e2timent d\u00fbment imprim\u00e9s (fa\u00e7ades, murs, plafonds et boiseries)\" \/>\n<meta name=\"robots\" content=\"noindex, nofollow\" \/>\n<meta property=\"og:locale\" content=\"fr_FR\" \/>\n<meta property=\"og:type\" content=\"article\" \/>\n<meta property=\"og:title\" content=\"Peinture v\u00e9g\u00e9tale lessivable velours blanche int\u00e9rieur ext\u00e9rieur de Natura\" \/>\n<meta property=\"og:description\" content=\"Peinture \u00e9cologique de finition blanche, d&#039;origine v\u00e9g\u00e9tale et min\u00e9rale, int\u00e9rieur et ext\u00e9rieur, velours.  Lessivable, adapt\u00e9e aux pi\u00e8ces s\u00e8ches et humides, et compatible avec tous les supports classiques du b\u00e2timent d\u00fbment imprim\u00e9s (fa\u00e7ades, murs, plafonds et boiseries)\" \/>\n<meta property=\"og:url\" content=\"https:\/\/nature-et-developpement.com\/logibio\/produit\/peinture-lessivable-velours-blanche-interieur-exterieur-de-natura\/\" \/>\n<meta property=\"og:site_name\" content=\"LogiBio\" \/>\n<meta property=\"article:publisher\" content=\"https:\/\/www.facebook.com\/LogiBio-104633131528471\" \/>\n<meta property=\"article:modified_time\" content=\"2025-09-30T10:25:54+00:00\" \/>\n<meta name=\"twitter:card\" content=\"summary_large_image\" \/>\n<meta name=\"twitter:label1\" content=\"Dur\u00e9e de lecture estim\u00e9e\" \/>\n\t<meta name=\"twitter:data1\" content=\"2 minutes\" \/>\n<script type=\"application\/ld+json\" class=\"yoast-schema-graph\">{\"@context\":\"https:\\\/\\\/schema.org\",\"@graph\":[{\"@type\":\"WebPage\",\"@id\":\"https:\\\/\\\/nature-et-developpement.com\\\/logibio\\\/produit\\\/peinture-lessivable-velours-blanche-interieur-exterieur-de-natura\\\/\",\"url\":\"https:\\\/\\\/nature-et-developpement.com\\\/logibio\\\/produit\\\/peinture-lessivable-velours-blanche-interieur-exterieur-de-natura\\\/\",\"name\":\"Peinture v\u00e9g\u00e9tale lessivable velours blanche int\u00e9rieur ext\u00e9rieur de Natura\",\"isPartOf\":{\"@id\":\"https:\\\/\\\/nature-et-developpement.com\\\/logibio\\\/#website\"},\"primaryImageOfPage\":{\"@id\":\"https:\\\/\\\/nature-et-developpement.com\\\/logibio\\\/produit\\\/peinture-lessivable-velours-blanche-interieur-exterieur-de-natura\\\/#primaryimage\"},\"image\":{\"@id\":\"https:\\\/\\\/nature-et-developpement.com\\\/logibio\\\/produit\\\/peinture-lessivable-velours-blanche-interieur-exterieur-de-natura\\\/#primaryimage\"},\"thumbnailUrl\":\"https:\\\/\\\/nature-et-developpement.com\\\/logibio\\\/wp-content\\\/uploads\\\/Peinture-vegetale-lessivable-velours-blanche-interieur-exterieur-de-Natura.jpg\",\"datePublished\":\"2020-03-23T23:00:00+00:00\",\"dateModified\":\"2025-09-30T10:25:54+00:00\",\"description\":\"Peinture \u00e9cologique de finition blanche, d'origine v\u00e9g\u00e9tale et min\u00e9rale, int\u00e9rieur et ext\u00e9rieur, velours. Lessivable, adapt\u00e9e aux pi\u00e8ces s\u00e8ches et humides, et compatible avec tous les supports classiques du b\u00e2timent d\u00fbment imprim\u00e9s (fa\u00e7ades, murs, plafonds et boiseries)\",\"breadcrumb\":{\"@id\":\"https:\\\/\\\/nature-et-developpement.com\\\/logibio\\\/produit\\\/peinture-lessivable-velours-blanche-interieur-exterieur-de-natura\\\/#breadcrumb\"},\"inLanguage\":\"fr-FR\",\"potentialAction\":[{\"@type\":\"ReadAction\",\"target\":[\"https:\\\/\\\/nature-et-developpement.com\\\/logibio\\\/produit\\\/peinture-lessivable-velours-blanche-interieur-exterieur-de-natura\\\/\"]}]},{\"@type\":\"ImageObject\",\"inLanguage\":\"fr-FR\",\"@id\":\"https:\\\/\\\/nature-et-developpement.com\\\/logibio\\\/produit\\\/peinture-lessivable-velours-blanche-interieur-exterieur-de-natura\\\/#primaryimage\",\"url\":\"https:\\\/\\\/nature-et-developpement.com\\\/logibio\\\/wp-content\\\/uploads\\\/Peinture-vegetale-lessivable-velours-blanche-interieur-exterieur-de-Natura.jpg\",\"contentUrl\":\"https:\\\/\\\/nature-et-developpement.com\\\/logibio\\\/wp-content\\\/uploads\\\/Peinture-vegetale-lessivable-velours-blanche-interieur-exterieur-de-Natura.jpg\"},{\"@type\":\"BreadcrumbList\",\"@id\":\"https:\\\/\\\/nature-et-developpement.com\\\/logibio\\\/produit\\\/peinture-lessivable-velours-blanche-interieur-exterieur-de-natura\\\/#breadcrumb\",\"itemListElement\":[{\"@type\":\"ListItem\",\"position\":1,\"name\":\"Accueil\",\"item\":\"https:\\\/\\\/nature-et-developpement.com\\\/logibio\\\/\"},{\"@type\":\"ListItem\",\"position\":2,\"name\":\"Contacter LogiBio\",\"item\":\"https:\\\/\\\/nature-et-developpement.com\\\/logibio\\\/contact\\\/\"},{\"@type\":\"ListItem\",\"position\":3,\"name\":\"Peinture, pigment et enduit\",\"item\":\"https:\\\/\\\/nature-et-developpement.com\\\/logibio\\\/produits\\\/peinture-et-enduit\\\/\"},{\"@type\":\"ListItem\",\"position\":4,\"name\":\"Peinture v\u00e9g\u00e9tale lessivable velours blanche int\u00e9rieur ext\u00e9rieur de Natura\"}]},{\"@type\":\"WebSite\",\"@id\":\"https:\\\/\\\/nature-et-developpement.com\\\/logibio\\\/#website\",\"url\":\"https:\\\/\\\/nature-et-developpement.com\\\/logibio\\\/\",\"name\":\"LogiBio\",\"description\":\"LogiBio fait partie du groupement Nature &amp; D\u00e9veloppement.\",\"publisher\":{\"@id\":\"https:\\\/\\\/nature-et-developpement.com\\\/logibio\\\/#organization\"},\"potentialAction\":[{\"@type\":\"SearchAction\",\"target\":{\"@type\":\"EntryPoint\",\"urlTemplate\":\"https:\\\/\\\/nature-et-developpement.com\\\/logibio\\\/?s={search_term_string}\"},\"query-input\":{\"@type\":\"PropertyValueSpecification\",\"valueRequired\":true,\"valueName\":\"search_term_string\"}}],\"inLanguage\":\"fr-FR\"},{\"@type\":\"Organization\",\"@id\":\"https:\\\/\\\/nature-et-developpement.com\\\/logibio\\\/#organization\",\"name\":\"LogiBio\",\"url\":\"https:\\\/\\\/nature-et-developpement.com\\\/logibio\\\/\",\"logo\":{\"@type\":\"ImageObject\",\"inLanguage\":\"fr-FR\",\"@id\":\"https:\\\/\\\/nature-et-developpement.com\\\/logibio\\\/#\\\/schema\\\/logo\\\/image\\\/\",\"url\":\"https:\\\/\\\/nature-et-developpement.com\\\/logibio\\\/wp-content\\\/uploads\\\/sites\\\/20\\\/2021\\\/09\\\/cropped-Logo_LogiBio_150-150-1.jpg\",\"contentUrl\":\"https:\\\/\\\/nature-et-developpement.com\\\/logibio\\\/wp-content\\\/uploads\\\/sites\\\/20\\\/2021\\\/09\\\/cropped-Logo_LogiBio_150-150-1.jpg\",\"width\":150,\"height\":112,\"caption\":\"LogiBio\"},\"image\":{\"@id\":\"https:\\\/\\\/nature-et-developpement.com\\\/logibio\\\/#\\\/schema\\\/logo\\\/image\\\/\"},\"sameAs\":[\"https:\\\/\\\/www.facebook.com\\\/LogiBio-104633131528471\",\"https:\\\/\\\/www.instagram.com\\\/logibio\\\/\"]}]}<\/script>\n<!-- \/ Yoast SEO plugin. -->","yoast_head_json":{"title":"Peinture v\u00e9g\u00e9tale lessivable velours blanche int\u00e9rieur ext\u00e9rieur de Natura","description":"Peinture \u00e9cologique de finition blanche, d'origine v\u00e9g\u00e9tale et min\u00e9rale, int\u00e9rieur et ext\u00e9rieur, velours.  Lessivable, adapt\u00e9e aux pi\u00e8ces s\u00e8ches et humides, et compatible avec tous les supports classiques du b\u00e2timent d\u00fbment imprim\u00e9s (fa\u00e7ades, murs, plafonds et boiseries)","robots":{"index":"noindex","follow":"nofollow"},"og_locale":"fr_FR","og_type":"article","og_title":"Peinture v\u00e9g\u00e9tale lessivable velours blanche int\u00e9rieur ext\u00e9rieur de Natura","og_description":"Peinture \u00e9cologique de finition blanche, d'origine v\u00e9g\u00e9tale et min\u00e9rale, int\u00e9rieur et ext\u00e9rieur, velours.  Lessivable, adapt\u00e9e aux pi\u00e8ces s\u00e8ches et humides, et compatible avec tous les supports classiques du b\u00e2timent d\u00fbment imprim\u00e9s (fa\u00e7ades, murs, plafonds et boiseries)","og_url":"https:\/\/nature-et-developpement.com\/logibio\/produit\/peinture-lessivable-velours-blanche-interieur-exterieur-de-natura\/","og_site_name":"LogiBio","article_publisher":"https:\/\/www.facebook.com\/LogiBio-104633131528471","article_modified_time":"2025-09-30T10:25:54+00:00","twitter_card":"summary_large_image","twitter_misc":{"Dur\u00e9e de lecture estim\u00e9e":"2 minutes"},"schema":{"@context":"https:\/\/schema.org","@graph":[{"@type":"WebPage","@id":"https:\/\/nature-et-developpement.com\/logibio\/produit\/peinture-lessivable-velours-blanche-interieur-exterieur-de-natura\/","url":"https:\/\/nature-et-developpement.com\/logibio\/produit\/peinture-lessivable-velours-blanche-interieur-exterieur-de-natura\/","name":"Peinture v\u00e9g\u00e9tale lessivable velours blanche int\u00e9rieur ext\u00e9rieur de Natura","isPartOf":{"@id":"https:\/\/nature-et-developpement.com\/logibio\/#website"},"primaryImageOfPage":{"@id":"https:\/\/nature-et-developpement.com\/logibio\/produit\/peinture-lessivable-velours-blanche-interieur-exterieur-de-natura\/#primaryimage"},"image":{"@id":"https:\/\/nature-et-developpement.com\/logibio\/produit\/peinture-lessivable-velours-blanche-interieur-exterieur-de-natura\/#primaryimage"},"thumbnailUrl":"https:\/\/nature-et-developpement.com\/logibio\/wp-content\/uploads\/Peinture-vegetale-lessivable-velours-blanche-interieur-exterieur-de-Natura.jpg","datePublished":"2020-03-23T23:00:00+00:00","dateModified":"2025-09-30T10:25:54+00:00","description":"Peinture \u00e9cologique de finition blanche, d'origine v\u00e9g\u00e9tale et min\u00e9rale, int\u00e9rieur et ext\u00e9rieur, velours. Lessivable, adapt\u00e9e aux pi\u00e8ces s\u00e8ches et humides, et compatible avec tous les supports classiques du b\u00e2timent d\u00fbment imprim\u00e9s (fa\u00e7ades, murs, plafonds et boiseries)","breadcrumb":{"@id":"https:\/\/nature-et-developpement.com\/logibio\/produit\/peinture-lessivable-velours-blanche-interieur-exterieur-de-natura\/#breadcrumb"},"inLanguage":"fr-FR","potentialAction":[{"@type":"ReadAction","target":["https:\/\/nature-et-developpement.com\/logibio\/produit\/peinture-lessivable-velours-blanche-interieur-exterieur-de-natura\/"]}]},{"@type":"ImageObject","inLanguage":"fr-FR","@id":"https:\/\/nature-et-developpement.com\/logibio\/produit\/peinture-lessivable-velours-blanche-interieur-exterieur-de-natura\/#primaryimage","url":"https:\/\/nature-et-developpement.com\/logibio\/wp-content\/uploads\/Peinture-vegetale-lessivable-velours-blanche-interieur-exterieur-de-Natura.jpg","contentUrl":"https:\/\/nature-et-developpement.com\/logibio\/wp-content\/uploads\/Peinture-vegetale-lessivable-velours-blanche-interieur-exterieur-de-Natura.jpg"},{"@type":"BreadcrumbList","@id":"https:\/\/nature-et-developpement.com\/logibio\/produit\/peinture-lessivable-velours-blanche-interieur-exterieur-de-natura\/#breadcrumb","itemListElement":[{"@type":"ListItem","position":1,"name":"Accueil","item":"https:\/\/nature-et-developpement.com\/logibio\/"},{"@type":"ListItem","position":2,"name":"Contacter LogiBio","item":"https:\/\/nature-et-developpement.com\/logibio\/contact\/"},{"@type":"ListItem","position":3,"name":"Peinture, pigment et enduit","item":"https:\/\/nature-et-developpement.com\/logibio\/produits\/peinture-et-enduit\/"},{"@type":"ListItem","position":4,"name":"Peinture v\u00e9g\u00e9tale lessivable velours blanche int\u00e9rieur ext\u00e9rieur de Natura"}]},{"@type":"WebSite","@id":"https:\/\/nature-et-developpement.com\/logibio\/#website","url":"https:\/\/nature-et-developpement.com\/logibio\/","name":"LogiBio","description":"LogiBio fait partie du groupement Nature &amp; D\u00e9veloppement.","publisher":{"@id":"https:\/\/nature-et-developpement.com\/logibio\/#organization"},"potentialAction":[{"@type":"SearchAction","target":{"@type":"EntryPoint","urlTemplate":"https:\/\/nature-et-developpement.com\/logibio\/?s={search_term_string}"},"query-input":{"@type":"PropertyValueSpecification","valueRequired":true,"valueName":"search_term_string"}}],"inLanguage":"fr-FR"},{"@type":"Organization","@id":"https:\/\/nature-et-developpement.com\/logibio\/#organization","name":"LogiBio","url":"https:\/\/nature-et-developpement.com\/logibio\/","logo":{"@type":"ImageObject","inLanguage":"fr-FR","@id":"https:\/\/nature-et-developpement.com\/logibio\/#\/schema\/logo\/image\/","url":"https:\/\/nature-et-developpement.com\/logibio\/wp-content\/uploads\/sites\/20\/2021\/09\/cropped-Logo_LogiBio_150-150-1.jpg","contentUrl":"https:\/\/nature-et-developpement.com\/logibio\/wp-content\/uploads\/sites\/20\/2021\/09\/cropped-Logo_LogiBio_150-150-1.jpg","width":150,"height":112,"caption":"LogiBio"},"image":{"@id":"https:\/\/nature-et-developpement.com\/logibio\/#\/schema\/logo\/image\/"},"sameAs":["https:\/\/www.facebook.com\/LogiBio-104633131528471","https:\/\/www.instagram.com\/logibio\/"]}]}},"distributor_meta":false,"distributor_terms":false,"distributor_media":false,"distributor_original_site_name":"LogiBio","distributor_original_site_url":"https:\/\/nature-et-developpement.com\/logibio","push-errors":false,"_links":{"self":[{"href":"https:\/\/nature-et-developpement.com\/logibio\/wp-json\/wp\/v2\/product\/10764","targetHints":{"allow":["GET"]}}],"collection":[{"href":"https:\/\/nature-et-developpement.com\/logibio\/wp-json\/wp\/v2\/product"}],"about":[{"href":"https:\/\/nature-et-developpement.com\/logibio\/wp-json\/wp\/v2\/types\/product"}],"wp:featuredmedia":[{"embeddable":true,"href":"https:\/\/nature-et-developpement.com\/logibio\/wp-json\/"}],"wp:attachment":[{"href":"https:\/\/nature-et-developpement.com\/logibio\/wp-json\/wp\/v2\/media?parent=10764"}],"wp:term":[{"taxonomy":"product_brand","embeddable":true,"href":"https:\/\/nature-et-developpement.com\/logibio\/wp-json\/wp\/v2\/product_brand?post=10764"},{"taxonomy":"product_cat","embeddable":true,"href":"https:\/\/nature-et-developpement.com\/logibio\/wp-json\/wp\/v2\/product_cat?post=10764"},{"taxonomy":"product_tag","embeddable":true,"href":"https:\/\/nature-et-developpement.com\/logibio\/wp-json\/wp\/v2\/product_tag?post=10764"}],"curies":[{"name":"wp","href":"https:\/\/api.w.org\/{rel}","templated":true}]}}