{"id":14122,"date":"2021-09-24T15:30:23","date_gmt":"2021-09-24T13:30:23","guid":{"rendered":"https:\/\/nature-et-developpement.com\/logibio\/?post_type=product&#038;p=14122"},"modified":"2025-06-17T10:38:24","modified_gmt":"2025-06-17T08:38:24","slug":"purificateur-dair-ap-bio","status":"publish","type":"product","link":"https:\/\/nature-et-developpement.com\/logibio\/produit\/purificateur-dair-ap-bio\/","title":{"rendered":"Purificateur d&rsquo;air AP BIO"},"content":{"rendered":"<p>Ce produit <strong>biod\u00e9contaminant <\/strong>est \u00e9quip\u00e9e de filtres ePM1 50% et HEPA H14. Certifi\u00e9 selon la norme EN 14476, il est efficace dans des salles allant jusqu&rsquo;\u00e0 <strong>150 m\u00b2<\/strong>. Le d\u00e9bit d&rsquo;air peut atteindre 2400 <span class=\"ILfuVd\"><span class=\"hgKElc\">m<sup>3<\/sup><\/span><\/span>\/heure, tout en restant <strong>silencieux<\/strong>. Et en plus il est facile \u00e0 installer et \u00e0 d\u00e9placer !<\/p>\n<p>Diff\u00e9rents mod\u00e8les selon la surface \u00e0 d\u00e9contaminer.<\/p>\n<p>Si vous souhaitez en savoir plus contactez-nous, notre \u00e9quipe vous conseillera.<\/p>\n<p>&nbsp;<\/p>\n","protected":false},"excerpt":{"rendered":"<p><strong>Le Purificateur d&rsquo;air AP BIO<\/strong> est le meilleur moyen de purifier et d\u00e9contaminer l\u2019air int\u00e9rieur. Une<strong> solution naturelle<\/strong>, qui neutralise les <strong>virus et les bact\u00e9ries \u00e0 99,99%<\/strong>, y compris le <strong>Covid-19<\/strong> !<\/p>\n<p>Prix sur devis.<\/p>\n","protected":false},"featured_media":14143,"template":"","meta":[],"product_brand":[],"product_cat":[2814,444],"product_tag":[],"class_list":{"0":"post-14122","1":"product","2":"type-product","3":"status-publish","4":"has-post-thumbnail","6":"product_cat-demande-de-devis-uniquement-avec-prix","7":"product_cat-ventilation","9":"first","10":"instock","11":"taxable","12":"shipping-taxable","13":"purchasable","14":"product-type-simple"},"yoast_head":"<!-- This site is optimized with the Yoast SEO plugin v27.5 - https:\/\/yoast.com\/product\/yoast-seo-wordpress\/ -->\n<title>Purificateur d&#039;air AP BIO<\/title>\n<meta name=\"description\" content=\"Le Purificateur d&#039;air AP BIO est le meilleur moyen de purifier et d\u00e9contaminer l\u2019air int\u00e9rieur. Une solution naturelle, qui neutralise les virus et les bact\u00e9ries \u00e0 99,99%, y compris le Covid-19 !  Prix sur devis.\" \/>\n<meta name=\"robots\" content=\"noindex, follow\" \/>\n<meta property=\"og:locale\" content=\"fr_FR\" \/>\n<meta property=\"og:type\" content=\"article\" \/>\n<meta property=\"og:title\" content=\"Purificateur d&#039;air AP BIO\" \/>\n<meta property=\"og:description\" content=\"Le Purificateur d&#039;air AP BIO est le meilleur moyen de purifier et d\u00e9contaminer l\u2019air int\u00e9rieur. Une solution naturelle, qui neutralise les virus et les bact\u00e9ries \u00e0 99,99%, y compris le Covid-19 !  Prix sur devis.\" \/>\n<meta property=\"og:url\" content=\"https:\/\/nature-et-developpement.com\/logibio\/produit\/purificateur-dair-ap-bio\/\" \/>\n<meta property=\"og:site_name\" content=\"LogiBio\" \/>\n<meta property=\"article:publisher\" content=\"https:\/\/www.facebook.com\/LogiBio-104633131528471\" \/>\n<meta property=\"article:modified_time\" content=\"2025-06-17T08:38:24+00:00\" \/>\n<meta property=\"og:image\" content=\"https:\/\/nature-et-developpement.com\/logibio\/wp-content\/uploads\/sites\/20\/2021\/09\/purificateur-dair-ap-bio-flaktgroup-logibio-anticovid-antibacterie-antivirus-certifie.png\" \/>\n\t<meta property=\"og:image:width\" content=\"382\" \/>\n\t<meta property=\"og:image:height\" content=\"234\" \/>\n\t<meta property=\"og:image:type\" content=\"image\/png\" \/>\n<meta name=\"twitter:card\" content=\"summary_large_image\" \/>\n<meta name=\"twitter:label1\" content=\"Dur\u00e9e de lecture estim\u00e9e\" \/>\n\t<meta name=\"twitter:data1\" content=\"1 minute\" \/>\n<script type=\"application\/ld+json\" class=\"yoast-schema-graph\">{\"@context\":\"https:\\\/\\\/schema.org\",\"@graph\":[{\"@type\":\"WebPage\",\"@id\":\"https:\\\/\\\/nature-et-developpement.com\\\/logibio\\\/produit\\\/purificateur-dair-ap-bio\\\/\",\"url\":\"https:\\\/\\\/nature-et-developpement.com\\\/logibio\\\/produit\\\/purificateur-dair-ap-bio\\\/\",\"name\":\"Purificateur d'air AP BIO\",\"isPartOf\":{\"@id\":\"https:\\\/\\\/nature-et-developpement.com\\\/logibio\\\/#website\"},\"primaryImageOfPage\":{\"@id\":\"https:\\\/\\\/nature-et-developpement.com\\\/logibio\\\/produit\\\/purificateur-dair-ap-bio\\\/#primaryimage\"},\"image\":{\"@id\":\"https:\\\/\\\/nature-et-developpement.com\\\/logibio\\\/produit\\\/purificateur-dair-ap-bio\\\/#primaryimage\"},\"thumbnailUrl\":\"https:\\\/\\\/nature-et-developpement.com\\\/logibio\\\/wp-content\\\/uploads\\\/sites\\\/20\\\/2021\\\/09\\\/purificateur-dair-ap-bio-flaktgroup-logibio-anticovid-antibacterie-antivirus-certifie.png\",\"datePublished\":\"2021-09-24T13:30:23+00:00\",\"dateModified\":\"2025-06-17T08:38:24+00:00\",\"description\":\"Le Purificateur d'air AP BIO est le meilleur moyen de purifier et d\u00e9contaminer l\u2019air int\u00e9rieur. Une solution naturelle, qui neutralise les virus et les bact\u00e9ries \u00e0 99,99%, y compris le Covid-19 ! Prix sur devis.\",\"breadcrumb\":{\"@id\":\"https:\\\/\\\/nature-et-developpement.com\\\/logibio\\\/produit\\\/purificateur-dair-ap-bio\\\/#breadcrumb\"},\"inLanguage\":\"fr-FR\",\"potentialAction\":[{\"@type\":\"ReadAction\",\"target\":[\"https:\\\/\\\/nature-et-developpement.com\\\/logibio\\\/produit\\\/purificateur-dair-ap-bio\\\/\"]}]},{\"@type\":\"ImageObject\",\"inLanguage\":\"fr-FR\",\"@id\":\"https:\\\/\\\/nature-et-developpement.com\\\/logibio\\\/produit\\\/purificateur-dair-ap-bio\\\/#primaryimage\",\"url\":\"https:\\\/\\\/nature-et-developpement.com\\\/logibio\\\/wp-content\\\/uploads\\\/sites\\\/20\\\/2021\\\/09\\\/purificateur-dair-ap-bio-flaktgroup-logibio-anticovid-antibacterie-antivirus-certifie.png\",\"contentUrl\":\"https:\\\/\\\/nature-et-developpement.com\\\/logibio\\\/wp-content\\\/uploads\\\/sites\\\/20\\\/2021\\\/09\\\/purificateur-dair-ap-bio-flaktgroup-logibio-anticovid-antibacterie-antivirus-certifie.png\",\"width\":382,\"height\":234},{\"@type\":\"BreadcrumbList\",\"@id\":\"https:\\\/\\\/nature-et-developpement.com\\\/logibio\\\/produit\\\/purificateur-dair-ap-bio\\\/#breadcrumb\",\"itemListElement\":[{\"@type\":\"ListItem\",\"position\":1,\"name\":\"Accueil\",\"item\":\"https:\\\/\\\/nature-et-developpement.com\\\/logibio\\\/\"},{\"@type\":\"ListItem\",\"position\":2,\"name\":\"Contacter LogiBio\",\"item\":\"https:\\\/\\\/nature-et-developpement.com\\\/logibio\\\/contact\\\/\"},{\"@type\":\"ListItem\",\"position\":3,\"name\":\"Chauffage, eau et \u00e9nergie\",\"item\":\"https:\\\/\\\/nature-et-developpement.com\\\/logibio\\\/produits\\\/energie-et-ventilation\\\/\"},{\"@type\":\"ListItem\",\"position\":4,\"name\":\"Ventilation double flux, VMC hydro, extracteur d'air\",\"item\":\"https:\\\/\\\/nature-et-developpement.com\\\/logibio\\\/produits\\\/energie-et-ventilation\\\/ventilation\\\/\"},{\"@type\":\"ListItem\",\"position\":5,\"name\":\"Purificateur d&rsquo;air AP BIO\"}]},{\"@type\":\"WebSite\",\"@id\":\"https:\\\/\\\/nature-et-developpement.com\\\/logibio\\\/#website\",\"url\":\"https:\\\/\\\/nature-et-developpement.com\\\/logibio\\\/\",\"name\":\"LogiBio\",\"description\":\"LogiBio fait partie du groupement Nature &amp; D\u00e9veloppement.\",\"publisher\":{\"@id\":\"https:\\\/\\\/nature-et-developpement.com\\\/logibio\\\/#organization\"},\"potentialAction\":[{\"@type\":\"SearchAction\",\"target\":{\"@type\":\"EntryPoint\",\"urlTemplate\":\"https:\\\/\\\/nature-et-developpement.com\\\/logibio\\\/?s={search_term_string}\"},\"query-input\":{\"@type\":\"PropertyValueSpecification\",\"valueRequired\":true,\"valueName\":\"search_term_string\"}}],\"inLanguage\":\"fr-FR\"},{\"@type\":\"Organization\",\"@id\":\"https:\\\/\\\/nature-et-developpement.com\\\/logibio\\\/#organization\",\"name\":\"LogiBio\",\"url\":\"https:\\\/\\\/nature-et-developpement.com\\\/logibio\\\/\",\"logo\":{\"@type\":\"ImageObject\",\"inLanguage\":\"fr-FR\",\"@id\":\"https:\\\/\\\/nature-et-developpement.com\\\/logibio\\\/#\\\/schema\\\/logo\\\/image\\\/\",\"url\":\"https:\\\/\\\/nature-et-developpement.com\\\/logibio\\\/wp-content\\\/uploads\\\/sites\\\/20\\\/2021\\\/09\\\/cropped-Logo_LogiBio_150-150-1.jpg\",\"contentUrl\":\"https:\\\/\\\/nature-et-developpement.com\\\/logibio\\\/wp-content\\\/uploads\\\/sites\\\/20\\\/2021\\\/09\\\/cropped-Logo_LogiBio_150-150-1.jpg\",\"width\":150,\"height\":112,\"caption\":\"LogiBio\"},\"image\":{\"@id\":\"https:\\\/\\\/nature-et-developpement.com\\\/logibio\\\/#\\\/schema\\\/logo\\\/image\\\/\"},\"sameAs\":[\"https:\\\/\\\/www.facebook.com\\\/LogiBio-104633131528471\",\"https:\\\/\\\/www.instagram.com\\\/logibio\\\/\"]}]}<\/script>\n<!-- \/ Yoast SEO plugin. -->","yoast_head_json":{"title":"Purificateur d'air AP BIO","description":"Le Purificateur d'air AP BIO est le meilleur moyen de purifier et d\u00e9contaminer l\u2019air int\u00e9rieur. Une solution naturelle, qui neutralise les virus et les bact\u00e9ries \u00e0 99,99%, y compris le Covid-19 !  Prix sur devis.","robots":{"index":"noindex","follow":"follow"},"og_locale":"fr_FR","og_type":"article","og_title":"Purificateur d'air AP BIO","og_description":"Le Purificateur d'air AP BIO est le meilleur moyen de purifier et d\u00e9contaminer l\u2019air int\u00e9rieur. Une solution naturelle, qui neutralise les virus et les bact\u00e9ries \u00e0 99,99%, y compris le Covid-19 !  Prix sur devis.","og_url":"https:\/\/nature-et-developpement.com\/logibio\/produit\/purificateur-dair-ap-bio\/","og_site_name":"LogiBio","article_publisher":"https:\/\/www.facebook.com\/LogiBio-104633131528471","article_modified_time":"2025-06-17T08:38:24+00:00","og_image":[{"width":382,"height":234,"url":"https:\/\/nature-et-developpement.com\/logibio\/wp-content\/uploads\/sites\/20\/2021\/09\/purificateur-dair-ap-bio-flaktgroup-logibio-anticovid-antibacterie-antivirus-certifie.png","type":"image\/png"}],"twitter_card":"summary_large_image","twitter_misc":{"Dur\u00e9e de lecture estim\u00e9e":"1 minute"},"schema":{"@context":"https:\/\/schema.org","@graph":[{"@type":"WebPage","@id":"https:\/\/nature-et-developpement.com\/logibio\/produit\/purificateur-dair-ap-bio\/","url":"https:\/\/nature-et-developpement.com\/logibio\/produit\/purificateur-dair-ap-bio\/","name":"Purificateur d'air AP BIO","isPartOf":{"@id":"https:\/\/nature-et-developpement.com\/logibio\/#website"},"primaryImageOfPage":{"@id":"https:\/\/nature-et-developpement.com\/logibio\/produit\/purificateur-dair-ap-bio\/#primaryimage"},"image":{"@id":"https:\/\/nature-et-developpement.com\/logibio\/produit\/purificateur-dair-ap-bio\/#primaryimage"},"thumbnailUrl":"https:\/\/nature-et-developpement.com\/logibio\/wp-content\/uploads\/sites\/20\/2021\/09\/purificateur-dair-ap-bio-flaktgroup-logibio-anticovid-antibacterie-antivirus-certifie.png","datePublished":"2021-09-24T13:30:23+00:00","dateModified":"2025-06-17T08:38:24+00:00","description":"Le Purificateur d'air AP BIO est le meilleur moyen de purifier et d\u00e9contaminer l\u2019air int\u00e9rieur. Une solution naturelle, qui neutralise les virus et les bact\u00e9ries \u00e0 99,99%, y compris le Covid-19 ! Prix sur devis.","breadcrumb":{"@id":"https:\/\/nature-et-developpement.com\/logibio\/produit\/purificateur-dair-ap-bio\/#breadcrumb"},"inLanguage":"fr-FR","potentialAction":[{"@type":"ReadAction","target":["https:\/\/nature-et-developpement.com\/logibio\/produit\/purificateur-dair-ap-bio\/"]}]},{"@type":"ImageObject","inLanguage":"fr-FR","@id":"https:\/\/nature-et-developpement.com\/logibio\/produit\/purificateur-dair-ap-bio\/#primaryimage","url":"https:\/\/nature-et-developpement.com\/logibio\/wp-content\/uploads\/sites\/20\/2021\/09\/purificateur-dair-ap-bio-flaktgroup-logibio-anticovid-antibacterie-antivirus-certifie.png","contentUrl":"https:\/\/nature-et-developpement.com\/logibio\/wp-content\/uploads\/sites\/20\/2021\/09\/purificateur-dair-ap-bio-flaktgroup-logibio-anticovid-antibacterie-antivirus-certifie.png","width":382,"height":234},{"@type":"BreadcrumbList","@id":"https:\/\/nature-et-developpement.com\/logibio\/produit\/purificateur-dair-ap-bio\/#breadcrumb","itemListElement":[{"@type":"ListItem","position":1,"name":"Accueil","item":"https:\/\/nature-et-developpement.com\/logibio\/"},{"@type":"ListItem","position":2,"name":"Contacter LogiBio","item":"https:\/\/nature-et-developpement.com\/logibio\/contact\/"},{"@type":"ListItem","position":3,"name":"Chauffage, eau et \u00e9nergie","item":"https:\/\/nature-et-developpement.com\/logibio\/produits\/energie-et-ventilation\/"},{"@type":"ListItem","position":4,"name":"Ventilation double flux, VMC hydro, extracteur d'air","item":"https:\/\/nature-et-developpement.com\/logibio\/produits\/energie-et-ventilation\/ventilation\/"},{"@type":"ListItem","position":5,"name":"Purificateur d&rsquo;air AP BIO"}]},{"@type":"WebSite","@id":"https:\/\/nature-et-developpement.com\/logibio\/#website","url":"https:\/\/nature-et-developpement.com\/logibio\/","name":"LogiBio","description":"LogiBio fait partie du groupement Nature &amp; D\u00e9veloppement.","publisher":{"@id":"https:\/\/nature-et-developpement.com\/logibio\/#organization"},"potentialAction":[{"@type":"SearchAction","target":{"@type":"EntryPoint","urlTemplate":"https:\/\/nature-et-developpement.com\/logibio\/?s={search_term_string}"},"query-input":{"@type":"PropertyValueSpecification","valueRequired":true,"valueName":"search_term_string"}}],"inLanguage":"fr-FR"},{"@type":"Organization","@id":"https:\/\/nature-et-developpement.com\/logibio\/#organization","name":"LogiBio","url":"https:\/\/nature-et-developpement.com\/logibio\/","logo":{"@type":"ImageObject","inLanguage":"fr-FR","@id":"https:\/\/nature-et-developpement.com\/logibio\/#\/schema\/logo\/image\/","url":"https:\/\/nature-et-developpement.com\/logibio\/wp-content\/uploads\/sites\/20\/2021\/09\/cropped-Logo_LogiBio_150-150-1.jpg","contentUrl":"https:\/\/nature-et-developpement.com\/logibio\/wp-content\/uploads\/sites\/20\/2021\/09\/cropped-Logo_LogiBio_150-150-1.jpg","width":150,"height":112,"caption":"LogiBio"},"image":{"@id":"https:\/\/nature-et-developpement.com\/logibio\/#\/schema\/logo\/image\/"},"sameAs":["https:\/\/www.facebook.com\/LogiBio-104633131528471","https:\/\/www.instagram.com\/logibio\/"]}]}},"distributor_meta":false,"distributor_terms":false,"distributor_media":false,"distributor_original_site_name":"LogiBio","distributor_original_site_url":"https:\/\/nature-et-developpement.com\/logibio","push-errors":false,"_links":{"self":[{"href":"https:\/\/nature-et-developpement.com\/logibio\/wp-json\/wp\/v2\/product\/14122","targetHints":{"allow":["GET"]}}],"collection":[{"href":"https:\/\/nature-et-developpement.com\/logibio\/wp-json\/wp\/v2\/product"}],"about":[{"href":"https:\/\/nature-et-developpement.com\/logibio\/wp-json\/wp\/v2\/types\/product"}],"wp:featuredmedia":[{"embeddable":true,"href":"https:\/\/nature-et-developpement.com\/logibio\/wp-json\/wp\/v2\/media\/14143"}],"wp:attachment":[{"href":"https:\/\/nature-et-developpement.com\/logibio\/wp-json\/wp\/v2\/media?parent=14122"}],"wp:term":[{"taxonomy":"product_brand","embeddable":true,"href":"https:\/\/nature-et-developpement.com\/logibio\/wp-json\/wp\/v2\/product_brand?post=14122"},{"taxonomy":"product_cat","embeddable":true,"href":"https:\/\/nature-et-developpement.com\/logibio\/wp-json\/wp\/v2\/product_cat?post=14122"},{"taxonomy":"product_tag","embeddable":true,"href":"https:\/\/nature-et-developpement.com\/logibio\/wp-json\/wp\/v2\/product_tag?post=14122"}],"curies":[{"name":"wp","href":"https:\/\/api.w.org\/{rel}","templated":true}]}}