{"id":23644,"date":"2022-02-18T12:32:46","date_gmt":"2022-02-18T11:32:46","guid":{"rendered":"https:\/\/nature-et-developpement.com\/logibio\/produit\/applicateur-aeorfixx-pour-sachet-tubulaire-du-systeme-aerosana-pro-clima\/"},"modified":"2026-03-25T01:21:00","modified_gmt":"2026-03-25T00:21:00","slug":"applicateur-pour-sachet-tubulaire-du-systeme-aerosana-pro-clima","status":"publish","type":"product","link":"https:\/\/nature-et-developpement.com\/logibio\/produit\/applicateur-pour-sachet-tubulaire-du-systeme-aerosana-pro-clima\/","title":{"rendered":"Applicateur AEORFIXX pour sachet tubulaire du syst\u00e8me AEROSANA Pro clima"},"content":{"rendered":"<h3>Avantages<\/h3>\n<ul>\n<li>Travail plus rapide\u00a0: application et \u00e9talement de l\u2019enduit d\u2019\u00e9tanch\u00e9it\u00e9 en une seule op\u00e9ration<\/li>\n<li>Application pr\u00e9cise du produit\u00a0: position 1 = cordon pour rebouchage de joints, position 2 = pulv\u00e9risation couvrante et \u00e9tanche de surfaces<\/li>\n<li>Possibilit\u00e9 de travailler d\u2019une seule main<\/li>\n<li>Pas besoin de pinceau<\/li>\n<li>Pression\u00a0: jusqu\u2019\u00e0 6,8 bars (100 PSI)<\/li>\n<\/ul>\n<h3>Domaine d&rsquo;utilisation<\/h3>\n<p>Permet une application particuli\u00e8rement facile et rapide des enduits d\u2019\u00e9tanch\u00e9it\u00e9 AEROSANA VISCONN et AEROSANA VISCONN FIBRE en sachet tubulaire sur des surfaces min\u00e9rales et non min\u00e9rales lisses et rugueuses, comme le bois, les panneaux en fibres de bois ou en OSB, la pierre, l\u2019enduit, le b\u00e9ton, etc.<\/p>\n","protected":false},"excerpt":{"rendered":"<p>Indispensable pour une pose parfaite d&rsquo;un frein vapeur pulv\u00e9risable avec valeur sd hygrovariable: l&rsquo;AEROSAN VISCONN<\/p>\n","protected":false},"featured_media":1000000166768,"template":"","meta":[],"product_brand":[2705],"product_cat":[243,4289,696],"product_tag":[4300],"class_list":{"0":"post-23644","1":"product","2":"type-product","3":"status-publish","4":"has-post-thumbnail","6":"product_brand-proclima","7":"product_cat-accessoires-isolation-et-etancheite","8":"product_cat-etancheite-a-lair","9":"product_cat-outillage","10":"product_tag-pro-clima","11":"product_shipping_class-petit-equipement-outil-eclairage","13":"first","14":"instock","15":"taxable","16":"shipping-taxable","17":"purchasable","18":"product-type-variable"},"yoast_head":"<!-- This site is optimized with the Yoast SEO plugin v27.5 - https:\/\/yoast.com\/product\/yoast-seo-wordpress\/ -->\n<title>Applicateur AEORFIXX pour syst\u00e8me AEROSANA Pro clima<\/title>\n<meta name=\"description\" content=\"Indispensable pour une pose parfaite d&#039;un frein vapeur pulv\u00e9risable avec valeur sd hygrovariable: l&#039;AEROSAN VISCONN\" \/>\n<meta name=\"robots\" content=\"noindex, nofollow\" \/>\n<meta property=\"og:locale\" content=\"fr_FR\" \/>\n<meta property=\"og:type\" content=\"article\" \/>\n<meta property=\"og:title\" content=\"Applicateur AEORFIXX pour syst\u00e8me AEROSANA Pro clima\" \/>\n<meta property=\"og:description\" content=\"Indispensable pour une pose parfaite d&#039;un frein vapeur pulv\u00e9risable avec valeur sd hygrovariable: l&#039;AEROSAN VISCONN\" \/>\n<meta property=\"og:url\" content=\"https:\/\/nature-et-developpement.com\/logibio\/produit\/applicateur-pour-sachet-tubulaire-du-systeme-aerosana-pro-clima\/\" \/>\n<meta property=\"og:site_name\" content=\"LogiBio\" \/>\n<meta property=\"article:publisher\" content=\"https:\/\/www.facebook.com\/LogiBio-104633131528471\" \/>\n<meta property=\"article:modified_time\" content=\"2026-03-25T00:21:00+00:00\" \/>\n<meta name=\"twitter:card\" content=\"summary_large_image\" \/>\n<meta name=\"twitter:label1\" content=\"Dur\u00e9e de lecture estim\u00e9e\" \/>\n\t<meta name=\"twitter:data1\" content=\"1 minute\" \/>\n<script type=\"application\/ld+json\" class=\"yoast-schema-graph\">{\"@context\":\"https:\\\/\\\/schema.org\",\"@graph\":[{\"@type\":\"WebPage\",\"@id\":\"https:\\\/\\\/nature-et-developpement.com\\\/logibio\\\/produit\\\/applicateur-pour-sachet-tubulaire-du-systeme-aerosana-pro-clima\\\/\",\"url\":\"https:\\\/\\\/nature-et-developpement.com\\\/logibio\\\/produit\\\/applicateur-pour-sachet-tubulaire-du-systeme-aerosana-pro-clima\\\/\",\"name\":\"Applicateur AEORFIXX pour syst\u00e8me AEROSANA Pro clima\",\"isPartOf\":{\"@id\":\"https:\\\/\\\/nature-et-developpement.com\\\/logibio\\\/#website\"},\"primaryImageOfPage\":{\"@id\":\"https:\\\/\\\/nature-et-developpement.com\\\/logibio\\\/produit\\\/applicateur-pour-sachet-tubulaire-du-systeme-aerosana-pro-clima\\\/#primaryimage\"},\"image\":{\"@id\":\"https:\\\/\\\/nature-et-developpement.com\\\/logibio\\\/produit\\\/applicateur-pour-sachet-tubulaire-du-systeme-aerosana-pro-clima\\\/#primaryimage\"},\"thumbnailUrl\":\"https:\\\/\\\/nature-et-developpement.com\\\/logibio\\\/wp-content\\\/uploads\\\/Applicateur-pour-sachet-tubulaire-du-systeme-AEROSANA-PRO-CLIMA.jpg\",\"datePublished\":\"2022-02-18T11:32:46+00:00\",\"dateModified\":\"2026-03-25T00:21:00+00:00\",\"description\":\"Indispensable pour une pose parfaite d'un frein vapeur pulv\u00e9risable avec valeur sd hygrovariable: l'AEROSAN VISCONN\",\"breadcrumb\":{\"@id\":\"https:\\\/\\\/nature-et-developpement.com\\\/logibio\\\/produit\\\/applicateur-pour-sachet-tubulaire-du-systeme-aerosana-pro-clima\\\/#breadcrumb\"},\"inLanguage\":\"fr-FR\",\"potentialAction\":[{\"@type\":\"ReadAction\",\"target\":[\"https:\\\/\\\/nature-et-developpement.com\\\/logibio\\\/produit\\\/applicateur-pour-sachet-tubulaire-du-systeme-aerosana-pro-clima\\\/\"]}]},{\"@type\":\"ImageObject\",\"inLanguage\":\"fr-FR\",\"@id\":\"https:\\\/\\\/nature-et-developpement.com\\\/logibio\\\/produit\\\/applicateur-pour-sachet-tubulaire-du-systeme-aerosana-pro-clima\\\/#primaryimage\",\"url\":\"https:\\\/\\\/nature-et-developpement.com\\\/logibio\\\/wp-content\\\/uploads\\\/Applicateur-pour-sachet-tubulaire-du-systeme-AEROSANA-PRO-CLIMA.jpg\",\"contentUrl\":\"https:\\\/\\\/nature-et-developpement.com\\\/logibio\\\/wp-content\\\/uploads\\\/Applicateur-pour-sachet-tubulaire-du-systeme-AEROSANA-PRO-CLIMA.jpg\"},{\"@type\":\"BreadcrumbList\",\"@id\":\"https:\\\/\\\/nature-et-developpement.com\\\/logibio\\\/produit\\\/applicateur-pour-sachet-tubulaire-du-systeme-aerosana-pro-clima\\\/#breadcrumb\",\"itemListElement\":[{\"@type\":\"ListItem\",\"position\":1,\"name\":\"Accueil\",\"item\":\"https:\\\/\\\/nature-et-developpement.com\\\/logibio\\\/\"},{\"@type\":\"ListItem\",\"position\":2,\"name\":\"Contacter LogiBio\",\"item\":\"https:\\\/\\\/nature-et-developpement.com\\\/logibio\\\/contact\\\/\"},{\"@type\":\"ListItem\",\"position\":3,\"name\":\"Isolation et \u00e9tanch\u00e9it\u00e9\",\"item\":\"https:\\\/\\\/nature-et-developpement.com\\\/logibio\\\/produits\\\/isolation-et-etancheite\\\/\"},{\"@type\":\"ListItem\",\"position\":4,\"name\":\"Etanch\u00e9it\u00e9 \u00e0 l'air\",\"item\":\"https:\\\/\\\/nature-et-developpement.com\\\/logibio\\\/produits\\\/isolation-et-etancheite\\\/etancheite-a-lair\\\/\"},{\"@type\":\"ListItem\",\"position\":5,\"name\":\"Applicateur AEORFIXX pour sachet tubulaire du syst\u00e8me AEROSANA Pro clima\"}]},{\"@type\":\"WebSite\",\"@id\":\"https:\\\/\\\/nature-et-developpement.com\\\/logibio\\\/#website\",\"url\":\"https:\\\/\\\/nature-et-developpement.com\\\/logibio\\\/\",\"name\":\"LogiBio\",\"description\":\"LogiBio fait partie du groupement Nature &amp; D\u00e9veloppement.\",\"publisher\":{\"@id\":\"https:\\\/\\\/nature-et-developpement.com\\\/logibio\\\/#organization\"},\"potentialAction\":[{\"@type\":\"SearchAction\",\"target\":{\"@type\":\"EntryPoint\",\"urlTemplate\":\"https:\\\/\\\/nature-et-developpement.com\\\/logibio\\\/?s={search_term_string}\"},\"query-input\":{\"@type\":\"PropertyValueSpecification\",\"valueRequired\":true,\"valueName\":\"search_term_string\"}}],\"inLanguage\":\"fr-FR\"},{\"@type\":\"Organization\",\"@id\":\"https:\\\/\\\/nature-et-developpement.com\\\/logibio\\\/#organization\",\"name\":\"LogiBio\",\"url\":\"https:\\\/\\\/nature-et-developpement.com\\\/logibio\\\/\",\"logo\":{\"@type\":\"ImageObject\",\"inLanguage\":\"fr-FR\",\"@id\":\"https:\\\/\\\/nature-et-developpement.com\\\/logibio\\\/#\\\/schema\\\/logo\\\/image\\\/\",\"url\":\"https:\\\/\\\/nature-et-developpement.com\\\/logibio\\\/wp-content\\\/uploads\\\/sites\\\/20\\\/2021\\\/09\\\/cropped-Logo_LogiBio_150-150-1.jpg\",\"contentUrl\":\"https:\\\/\\\/nature-et-developpement.com\\\/logibio\\\/wp-content\\\/uploads\\\/sites\\\/20\\\/2021\\\/09\\\/cropped-Logo_LogiBio_150-150-1.jpg\",\"width\":150,\"height\":112,\"caption\":\"LogiBio\"},\"image\":{\"@id\":\"https:\\\/\\\/nature-et-developpement.com\\\/logibio\\\/#\\\/schema\\\/logo\\\/image\\\/\"},\"sameAs\":[\"https:\\\/\\\/www.facebook.com\\\/LogiBio-104633131528471\",\"https:\\\/\\\/www.instagram.com\\\/logibio\\\/\"]}]}<\/script>\n<!-- \/ Yoast SEO plugin. -->","yoast_head_json":{"title":"Applicateur AEORFIXX pour syst\u00e8me AEROSANA Pro clima","description":"Indispensable pour une pose parfaite d'un frein vapeur pulv\u00e9risable avec valeur sd hygrovariable: l'AEROSAN VISCONN","robots":{"index":"noindex","follow":"nofollow"},"og_locale":"fr_FR","og_type":"article","og_title":"Applicateur AEORFIXX pour syst\u00e8me AEROSANA Pro clima","og_description":"Indispensable pour une pose parfaite d'un frein vapeur pulv\u00e9risable avec valeur sd hygrovariable: l'AEROSAN VISCONN","og_url":"https:\/\/nature-et-developpement.com\/logibio\/produit\/applicateur-pour-sachet-tubulaire-du-systeme-aerosana-pro-clima\/","og_site_name":"LogiBio","article_publisher":"https:\/\/www.facebook.com\/LogiBio-104633131528471","article_modified_time":"2026-03-25T00:21:00+00:00","twitter_card":"summary_large_image","twitter_misc":{"Dur\u00e9e de lecture estim\u00e9e":"1 minute"},"schema":{"@context":"https:\/\/schema.org","@graph":[{"@type":"WebPage","@id":"https:\/\/nature-et-developpement.com\/logibio\/produit\/applicateur-pour-sachet-tubulaire-du-systeme-aerosana-pro-clima\/","url":"https:\/\/nature-et-developpement.com\/logibio\/produit\/applicateur-pour-sachet-tubulaire-du-systeme-aerosana-pro-clima\/","name":"Applicateur AEORFIXX pour syst\u00e8me AEROSANA Pro clima","isPartOf":{"@id":"https:\/\/nature-et-developpement.com\/logibio\/#website"},"primaryImageOfPage":{"@id":"https:\/\/nature-et-developpement.com\/logibio\/produit\/applicateur-pour-sachet-tubulaire-du-systeme-aerosana-pro-clima\/#primaryimage"},"image":{"@id":"https:\/\/nature-et-developpement.com\/logibio\/produit\/applicateur-pour-sachet-tubulaire-du-systeme-aerosana-pro-clima\/#primaryimage"},"thumbnailUrl":"https:\/\/nature-et-developpement.com\/logibio\/wp-content\/uploads\/Applicateur-pour-sachet-tubulaire-du-systeme-AEROSANA-PRO-CLIMA.jpg","datePublished":"2022-02-18T11:32:46+00:00","dateModified":"2026-03-25T00:21:00+00:00","description":"Indispensable pour une pose parfaite d'un frein vapeur pulv\u00e9risable avec valeur sd hygrovariable: l'AEROSAN VISCONN","breadcrumb":{"@id":"https:\/\/nature-et-developpement.com\/logibio\/produit\/applicateur-pour-sachet-tubulaire-du-systeme-aerosana-pro-clima\/#breadcrumb"},"inLanguage":"fr-FR","potentialAction":[{"@type":"ReadAction","target":["https:\/\/nature-et-developpement.com\/logibio\/produit\/applicateur-pour-sachet-tubulaire-du-systeme-aerosana-pro-clima\/"]}]},{"@type":"ImageObject","inLanguage":"fr-FR","@id":"https:\/\/nature-et-developpement.com\/logibio\/produit\/applicateur-pour-sachet-tubulaire-du-systeme-aerosana-pro-clima\/#primaryimage","url":"https:\/\/nature-et-developpement.com\/logibio\/wp-content\/uploads\/Applicateur-pour-sachet-tubulaire-du-systeme-AEROSANA-PRO-CLIMA.jpg","contentUrl":"https:\/\/nature-et-developpement.com\/logibio\/wp-content\/uploads\/Applicateur-pour-sachet-tubulaire-du-systeme-AEROSANA-PRO-CLIMA.jpg"},{"@type":"BreadcrumbList","@id":"https:\/\/nature-et-developpement.com\/logibio\/produit\/applicateur-pour-sachet-tubulaire-du-systeme-aerosana-pro-clima\/#breadcrumb","itemListElement":[{"@type":"ListItem","position":1,"name":"Accueil","item":"https:\/\/nature-et-developpement.com\/logibio\/"},{"@type":"ListItem","position":2,"name":"Contacter LogiBio","item":"https:\/\/nature-et-developpement.com\/logibio\/contact\/"},{"@type":"ListItem","position":3,"name":"Isolation et \u00e9tanch\u00e9it\u00e9","item":"https:\/\/nature-et-developpement.com\/logibio\/produits\/isolation-et-etancheite\/"},{"@type":"ListItem","position":4,"name":"Etanch\u00e9it\u00e9 \u00e0 l'air","item":"https:\/\/nature-et-developpement.com\/logibio\/produits\/isolation-et-etancheite\/etancheite-a-lair\/"},{"@type":"ListItem","position":5,"name":"Applicateur AEORFIXX pour sachet tubulaire du syst\u00e8me AEROSANA Pro clima"}]},{"@type":"WebSite","@id":"https:\/\/nature-et-developpement.com\/logibio\/#website","url":"https:\/\/nature-et-developpement.com\/logibio\/","name":"LogiBio","description":"LogiBio fait partie du groupement Nature &amp; D\u00e9veloppement.","publisher":{"@id":"https:\/\/nature-et-developpement.com\/logibio\/#organization"},"potentialAction":[{"@type":"SearchAction","target":{"@type":"EntryPoint","urlTemplate":"https:\/\/nature-et-developpement.com\/logibio\/?s={search_term_string}"},"query-input":{"@type":"PropertyValueSpecification","valueRequired":true,"valueName":"search_term_string"}}],"inLanguage":"fr-FR"},{"@type":"Organization","@id":"https:\/\/nature-et-developpement.com\/logibio\/#organization","name":"LogiBio","url":"https:\/\/nature-et-developpement.com\/logibio\/","logo":{"@type":"ImageObject","inLanguage":"fr-FR","@id":"https:\/\/nature-et-developpement.com\/logibio\/#\/schema\/logo\/image\/","url":"https:\/\/nature-et-developpement.com\/logibio\/wp-content\/uploads\/sites\/20\/2021\/09\/cropped-Logo_LogiBio_150-150-1.jpg","contentUrl":"https:\/\/nature-et-developpement.com\/logibio\/wp-content\/uploads\/sites\/20\/2021\/09\/cropped-Logo_LogiBio_150-150-1.jpg","width":150,"height":112,"caption":"LogiBio"},"image":{"@id":"https:\/\/nature-et-developpement.com\/logibio\/#\/schema\/logo\/image\/"},"sameAs":["https:\/\/www.facebook.com\/LogiBio-104633131528471","https:\/\/www.instagram.com\/logibio\/"]}]}},"distributor_meta":false,"distributor_terms":false,"distributor_media":false,"distributor_original_site_name":"LogiBio","distributor_original_site_url":"https:\/\/nature-et-developpement.com\/logibio","push-errors":false,"_links":{"self":[{"href":"https:\/\/nature-et-developpement.com\/logibio\/wp-json\/wp\/v2\/product\/23644","targetHints":{"allow":["GET"]}}],"collection":[{"href":"https:\/\/nature-et-developpement.com\/logibio\/wp-json\/wp\/v2\/product"}],"about":[{"href":"https:\/\/nature-et-developpement.com\/logibio\/wp-json\/wp\/v2\/types\/product"}],"wp:featuredmedia":[{"embeddable":true,"href":"https:\/\/nature-et-developpement.com\/logibio\/wp-json\/"}],"wp:attachment":[{"href":"https:\/\/nature-et-developpement.com\/logibio\/wp-json\/wp\/v2\/media?parent=23644"}],"wp:term":[{"taxonomy":"product_brand","embeddable":true,"href":"https:\/\/nature-et-developpement.com\/logibio\/wp-json\/wp\/v2\/product_brand?post=23644"},{"taxonomy":"product_cat","embeddable":true,"href":"https:\/\/nature-et-developpement.com\/logibio\/wp-json\/wp\/v2\/product_cat?post=23644"},{"taxonomy":"product_tag","embeddable":true,"href":"https:\/\/nature-et-developpement.com\/logibio\/wp-json\/wp\/v2\/product_tag?post=23644"}],"curies":[{"name":"wp","href":"https:\/\/api.w.org\/{rel}","templated":true}]}}