{"id":25333,"date":"2025-01-25T00:00:00","date_gmt":"2025-01-24T23:00:00","guid":{"rendered":"https:\/\/nature-et-developpement.com\/logibio\/produit\/sol-stratifie-grande-lame-resistant-a-l-eau-24h-decor-chene-meister-ll-250\/"},"modified":"2026-03-27T00:28:20","modified_gmt":"2026-03-26T23:28:20","slug":"sol-stratifie-grande-lame-resistant-a-l-eau-24h-decor-chene-meister-ll-250","status":"publish","type":"product","link":"https:\/\/nature-et-developpement.com\/logibio\/produit\/sol-stratifie-grande-lame-resistant-a-l-eau-24h-decor-chene-meister-ll-250\/","title":{"rendered":"Sol stratifie grande lame, r\u00e9sistant \u00e0 l&rsquo;eau 24h, d\u00e9cor ch\u00eane Meister LL 250"},"content":{"rendered":"<h2>L\u2019impressionnante lame longue MeisterDesign. laminate LL 250 dispose d\u2019une structure de produit particuli\u00e8rement haute et stable.<\/h2>\n<p>\u00c9tant de classe d\u2019utilisation 23-32, elle est \u00e9galement appropri\u00e9e pour de nombreux locaux commerciaux.<\/p>\n<p>La gamme LL 250 est \u00e9quip\u00e9e d\u2019une imperm\u00e9abilisation des bords AquaStop et d\u2019une \u00e2me centrale AquaSafe+ et est ainsi r\u00e9sistante \u00e0 l\u2019eau (24 h selon NALFA).<\/p>\n<p>Le sol peut ainsi \u00eatre \u00e9galement pos\u00e9 dans les salles de bains.<\/p>\n<p>La surface Diamond Pro r\u00e9sistante aux rayures et le papier d\u00e9cor antistatique compl\u00e8tent les avantages techniques.<\/p>\n<p>Le\u00a0LL 250 convient pour toutes les pi\u00e8ces d\u2019habitation et les locaux commerciaux \u00e0 usage mod\u00e9r\u00e9 tels que chambres d\u2019h\u00f4tel, petits bureaux, salles de conf\u00e9rence etc.\u00a0Le sol stratifi\u00e9 est r\u00e9sistant \u00e0 l\u2018eau (24 heures de protection en cas d\u2019eau stagnante) puisqu\u2019il offre la protection compl\u00e8te contre l\u2019humidit\u00e9 du syst\u00e8me AquaSafe+. Peut \u00eatre pos\u00e9 dans des pi\u00e8ces humides tels que p.ex. salles de bains. Les espaces ext\u00e9rieurs et pi\u00e8ces humides telles que saunas, cabines de douche, bains de vapeur et pi\u00e8ces avec \u00e9coulement au sol ne sont pas adapt\u00e9s \u00e0 la pose de ce sol.<\/p>\n<p>Convient aux sols chauff\u00e9s par circuits d\u2019eau chaude. Un chauffage par le sol \u00e9lectrique est toujours appropri\u00e9 lorsqu\u2019il peut \u00eatre int\u00e9gr\u00e9 \u00e0 la chape ou \u00e0 la dalle de b\u00e9ton et qu\u2019il n\u2019est donc pas pos\u00e9 sur la dalle comme une natte chauffante.<\/p>\n<p>Les boucles de chauffage &#8211; tuyaux &#8211; c\u00e2bles doivent couvrir la surface de la pi\u00e8ce en totalit\u00e9 et non partiellement.<\/p>\n<p>Si les surfaces ne sont chauff\u00e9es que partiellement, le rev\u00eatement de sol devra \u00eatre \u00e9quip\u00e9 de joints de dilatation (rails \u00e9l\u00e9ments de syst\u00e8me).<\/p>\n<p>La temp\u00e9rature maximum de surface ne doit pas exc\u00e9der 29\u00b0C.<\/p>\n<p>La pose du sol sur des nattes chauffantes est possible uniquement avec un syst\u00e8me autor\u00e9gulant qui maintient la temp\u00e9rature de surface \u00e0 29\u00b0c .<\/p>\n<p>La pose ne peut \u00eatre agr\u00e9\u00e9e dans tous les autres cas.<\/p>\n<h3><span style=\"font-size: 32px;font-weight: bold;letter-spacing: -0.0415625em;font-family: 'Inter var', -apple-system, BlinkMacSystemFont, 'Helvetica Neue', Helvetica, sans-serif\">&#8230;Vous h\u00e9sitez?<\/span><\/h3>\n<p>Choisissez et commandez vos \u00e9chantillons, dans les accessoires (en bas de page) ou dans le moteur de recherche (en haut \u00e0 gauche) et recevez-les chez vous pour seulement 2,40\u20ac par \u00e9chantillon.<\/p>\n<p><span style=\"text-decoration: underline;color: #218e53\"><strong>Votre commande sera\u00a0d\u00e9duite\u00a0de votre prochain achat de parquet MEISTER.<\/strong><\/span><\/p>\n","protected":false},"excerpt":{"rendered":"<p>Id\u00e9al pour toutes les pi\u00e8ces d\u2019habitation s\u00e8ches et humides.<br \/>\nStratifi\u00e9 constitu\u00e9 \u00e0 100\u00a0% de mat\u00e9riaux naturels, majoritairement de bois.<br \/>\nSon\u00a0format\u00a0lame longue et sa r\u00e9sistante \u00e0 l\u2019eau 24h conviennent \u00e0 toutes les pi\u00e8ces, chambre, bureau, salle de bain\u00a0ou cuisine.<\/p>\n<p>Dimensions utiles:\u00a02052 x 248 mm<\/p>\n<p><a class=\"btn btn-default\" href=\"https:\/\/meister.esignserver3.com\/gallery.do\" target=\"_blank\" rel=\"noopener\">AVEC UNE PHOTO DE CHEZ VOUS, TESTEZ-LE DANS VOTRE INT\u00c9RIEUR<\/a><\/p>\n","protected":false},"featured_media":1000000157987,"template":"","meta":[],"product_brand":[2715],"product_cat":[1630],"product_tag":[4358],"class_list":{"0":"post-25333","1":"product","2":"type-product","3":"status-publish","4":"has-post-thumbnail","6":"product_brand-meister","7":"product_cat-sols-en-liege-linoleum-et-stratifies","8":"product_tag-parquet","9":"product_shipping_class-transport-parquet-lambris-meister-amorim","11":"first","12":"instock","13":"taxable","14":"shipping-taxable","15":"purchasable","16":"product-type-variable"},"yoast_head":"<!-- This site is optimized with the Yoast SEO plugin v27.5 - https:\/\/yoast.com\/product\/yoast-seo-wordpress\/ -->\n<title>Sol stratifie grande lame, r\u00e9sistant \u00e0 l&#039;eau 24h, d\u00e9cor ch\u00eane Meister LL 250<\/title>\n<meta name=\"description\" content=\"Id\u00e9al pour toutes les pi\u00e8ces d\u2019habitation s\u00e8ches et humides. Stratifi\u00e9 constitu\u00e9 \u00e0 100\u00a0% de mat\u00e9riaux naturels, majoritairement de bois. Son\u00a0format\u00a0lame longue et sa r\u00e9sistante \u00e0 l\u2019eau 24h conviennent \u00e0 toutes les pi\u00e8ces, chambre, bureau, salle de bain\u00a0ou cuisine.  Dimensions utiles:\u00a02052 x 248 mm  AVEC UNE PHOTO DE CHEZ VOUS, TESTEZ-LE DANS VOTRE INT\u00c9RIEUR\" \/>\n<meta name=\"robots\" content=\"noindex, nofollow\" \/>\n<meta property=\"og:locale\" content=\"fr_FR\" \/>\n<meta property=\"og:type\" content=\"article\" \/>\n<meta property=\"og:title\" content=\"Sol stratifie grande lame, r\u00e9sistant \u00e0 l&#039;eau 24h, d\u00e9cor ch\u00eane Meister LL 250\" \/>\n<meta property=\"og:description\" content=\"Id\u00e9al pour toutes les pi\u00e8ces d\u2019habitation s\u00e8ches et humides. Stratifi\u00e9 constitu\u00e9 \u00e0 100\u00a0% de mat\u00e9riaux naturels, majoritairement de bois. Son\u00a0format\u00a0lame longue et sa r\u00e9sistante \u00e0 l\u2019eau 24h conviennent \u00e0 toutes les pi\u00e8ces, chambre, bureau, salle de bain\u00a0ou cuisine.  Dimensions utiles:\u00a02052 x 248 mm  AVEC UNE PHOTO DE CHEZ VOUS, TESTEZ-LE DANS VOTRE INT\u00c9RIEUR\" \/>\n<meta property=\"og:url\" content=\"https:\/\/nature-et-developpement.com\/logibio\/produit\/sol-stratifie-grande-lame-resistant-a-l-eau-24h-decor-chene-meister-ll-250\/\" \/>\n<meta property=\"og:site_name\" content=\"LogiBio\" \/>\n<meta property=\"article:publisher\" content=\"https:\/\/www.facebook.com\/LogiBio-104633131528471\" \/>\n<meta property=\"article:modified_time\" content=\"2026-03-26T23:28:20+00:00\" \/>\n<meta name=\"twitter:card\" content=\"summary_large_image\" \/>\n<meta name=\"twitter:label1\" content=\"Dur\u00e9e de lecture estim\u00e9e\" \/>\n\t<meta name=\"twitter:data1\" content=\"2 minutes\" \/>\n<script type=\"application\/ld+json\" class=\"yoast-schema-graph\">{\"@context\":\"https:\\\/\\\/schema.org\",\"@graph\":[{\"@type\":\"WebPage\",\"@id\":\"https:\\\/\\\/nature-et-developpement.com\\\/logibio\\\/produit\\\/sol-stratifie-grande-lame-resistant-a-l-eau-24h-decor-chene-meister-ll-250\\\/\",\"url\":\"https:\\\/\\\/nature-et-developpement.com\\\/logibio\\\/produit\\\/sol-stratifie-grande-lame-resistant-a-l-eau-24h-decor-chene-meister-ll-250\\\/\",\"name\":\"Sol stratifie grande lame, r\u00e9sistant \u00e0 l'eau 24h, d\u00e9cor ch\u00eane Meister LL 250\",\"isPartOf\":{\"@id\":\"https:\\\/\\\/nature-et-developpement.com\\\/logibio\\\/#website\"},\"primaryImageOfPage\":{\"@id\":\"https:\\\/\\\/nature-et-developpement.com\\\/logibio\\\/produit\\\/sol-stratifie-grande-lame-resistant-a-l-eau-24h-decor-chene-meister-ll-250\\\/#primaryimage\"},\"image\":{\"@id\":\"https:\\\/\\\/nature-et-developpement.com\\\/logibio\\\/produit\\\/sol-stratifie-grande-lame-resistant-a-l-eau-24h-decor-chene-meister-ll-250\\\/#primaryimage\"},\"thumbnailUrl\":\"https:\\\/\\\/nature-et-developpement.com\\\/logibio\\\/wp-content\\\/uploads\\\/6840-Sol-stratifie-MEISTER-LL250-ambiance.jpg\",\"datePublished\":\"2025-01-24T23:00:00+00:00\",\"dateModified\":\"2026-03-26T23:28:20+00:00\",\"description\":\"Id\u00e9al pour toutes les pi\u00e8ces d\u2019habitation s\u00e8ches et humides. Stratifi\u00e9 constitu\u00e9 \u00e0 100\u00a0% de mat\u00e9riaux naturels, majoritairement de bois. Son\u00a0format\u00a0lame longue et sa r\u00e9sistante \u00e0 l\u2019eau 24h conviennent \u00e0 toutes les pi\u00e8ces, chambre, bureau, salle de bain\u00a0ou cuisine. Dimensions utiles:\u00a02052 x 248 mm AVEC UNE PHOTO DE CHEZ VOUS, TESTEZ-LE DANS VOTRE INT\u00c9RIEUR\",\"breadcrumb\":{\"@id\":\"https:\\\/\\\/nature-et-developpement.com\\\/logibio\\\/produit\\\/sol-stratifie-grande-lame-resistant-a-l-eau-24h-decor-chene-meister-ll-250\\\/#breadcrumb\"},\"inLanguage\":\"fr-FR\",\"potentialAction\":[{\"@type\":\"ReadAction\",\"target\":[\"https:\\\/\\\/nature-et-developpement.com\\\/logibio\\\/produit\\\/sol-stratifie-grande-lame-resistant-a-l-eau-24h-decor-chene-meister-ll-250\\\/\"]}]},{\"@type\":\"ImageObject\",\"inLanguage\":\"fr-FR\",\"@id\":\"https:\\\/\\\/nature-et-developpement.com\\\/logibio\\\/produit\\\/sol-stratifie-grande-lame-resistant-a-l-eau-24h-decor-chene-meister-ll-250\\\/#primaryimage\",\"url\":\"https:\\\/\\\/nature-et-developpement.com\\\/logibio\\\/wp-content\\\/uploads\\\/6840-Sol-stratifie-MEISTER-LL250-ambiance.jpg\",\"contentUrl\":\"https:\\\/\\\/nature-et-developpement.com\\\/logibio\\\/wp-content\\\/uploads\\\/6840-Sol-stratifie-MEISTER-LL250-ambiance.jpg\"},{\"@type\":\"BreadcrumbList\",\"@id\":\"https:\\\/\\\/nature-et-developpement.com\\\/logibio\\\/produit\\\/sol-stratifie-grande-lame-resistant-a-l-eau-24h-decor-chene-meister-ll-250\\\/#breadcrumb\",\"itemListElement\":[{\"@type\":\"ListItem\",\"position\":1,\"name\":\"Accueil\",\"item\":\"https:\\\/\\\/nature-et-developpement.com\\\/logibio\\\/\"},{\"@type\":\"ListItem\",\"position\":2,\"name\":\"Contacter LogiBio\",\"item\":\"https:\\\/\\\/nature-et-developpement.com\\\/logibio\\\/contact\\\/\"},{\"@type\":\"ListItem\",\"position\":3,\"name\":\"Parquets bois, stratifi\u00e9s et li\u00e8ge\",\"item\":\"https:\\\/\\\/nature-et-developpement.com\\\/logibio\\\/produits\\\/parquet-et-sol-naturels\\\/\"},{\"@type\":\"ListItem\",\"position\":4,\"name\":\"Sols linol\u00e9um et stratifi\u00e9s\",\"item\":\"https:\\\/\\\/nature-et-developpement.com\\\/logibio\\\/produits\\\/parquet-et-sol-naturels\\\/sols-en-liege-linoleum-et-stratifies\\\/\"},{\"@type\":\"ListItem\",\"position\":5,\"name\":\"Sol stratifie grande lame, r\u00e9sistant \u00e0 l&rsquo;eau 24h, d\u00e9cor ch\u00eane Meister LL 250\"}]},{\"@type\":\"WebSite\",\"@id\":\"https:\\\/\\\/nature-et-developpement.com\\\/logibio\\\/#website\",\"url\":\"https:\\\/\\\/nature-et-developpement.com\\\/logibio\\\/\",\"name\":\"LogiBio\",\"description\":\"LogiBio fait partie du groupement Nature &amp; D\u00e9veloppement.\",\"publisher\":{\"@id\":\"https:\\\/\\\/nature-et-developpement.com\\\/logibio\\\/#organization\"},\"potentialAction\":[{\"@type\":\"SearchAction\",\"target\":{\"@type\":\"EntryPoint\",\"urlTemplate\":\"https:\\\/\\\/nature-et-developpement.com\\\/logibio\\\/?s={search_term_string}\"},\"query-input\":{\"@type\":\"PropertyValueSpecification\",\"valueRequired\":true,\"valueName\":\"search_term_string\"}}],\"inLanguage\":\"fr-FR\"},{\"@type\":\"Organization\",\"@id\":\"https:\\\/\\\/nature-et-developpement.com\\\/logibio\\\/#organization\",\"name\":\"LogiBio\",\"url\":\"https:\\\/\\\/nature-et-developpement.com\\\/logibio\\\/\",\"logo\":{\"@type\":\"ImageObject\",\"inLanguage\":\"fr-FR\",\"@id\":\"https:\\\/\\\/nature-et-developpement.com\\\/logibio\\\/#\\\/schema\\\/logo\\\/image\\\/\",\"url\":\"https:\\\/\\\/nature-et-developpement.com\\\/logibio\\\/wp-content\\\/uploads\\\/sites\\\/20\\\/2021\\\/09\\\/cropped-Logo_LogiBio_150-150-1.jpg\",\"contentUrl\":\"https:\\\/\\\/nature-et-developpement.com\\\/logibio\\\/wp-content\\\/uploads\\\/sites\\\/20\\\/2021\\\/09\\\/cropped-Logo_LogiBio_150-150-1.jpg\",\"width\":150,\"height\":112,\"caption\":\"LogiBio\"},\"image\":{\"@id\":\"https:\\\/\\\/nature-et-developpement.com\\\/logibio\\\/#\\\/schema\\\/logo\\\/image\\\/\"},\"sameAs\":[\"https:\\\/\\\/www.facebook.com\\\/LogiBio-104633131528471\",\"https:\\\/\\\/www.instagram.com\\\/logibio\\\/\"]}]}<\/script>\n<!-- \/ Yoast SEO plugin. -->","yoast_head_json":{"title":"Sol stratifie grande lame, r\u00e9sistant \u00e0 l'eau 24h, d\u00e9cor ch\u00eane Meister LL 250","description":"Id\u00e9al pour toutes les pi\u00e8ces d\u2019habitation s\u00e8ches et humides. Stratifi\u00e9 constitu\u00e9 \u00e0 100\u00a0% de mat\u00e9riaux naturels, majoritairement de bois. Son\u00a0format\u00a0lame longue et sa r\u00e9sistante \u00e0 l\u2019eau 24h conviennent \u00e0 toutes les pi\u00e8ces, chambre, bureau, salle de bain\u00a0ou cuisine.  Dimensions utiles:\u00a02052 x 248 mm  AVEC UNE PHOTO DE CHEZ VOUS, TESTEZ-LE DANS VOTRE INT\u00c9RIEUR","robots":{"index":"noindex","follow":"nofollow"},"og_locale":"fr_FR","og_type":"article","og_title":"Sol stratifie grande lame, r\u00e9sistant \u00e0 l'eau 24h, d\u00e9cor ch\u00eane Meister LL 250","og_description":"Id\u00e9al pour toutes les pi\u00e8ces d\u2019habitation s\u00e8ches et humides. Stratifi\u00e9 constitu\u00e9 \u00e0 100\u00a0% de mat\u00e9riaux naturels, majoritairement de bois. Son\u00a0format\u00a0lame longue et sa r\u00e9sistante \u00e0 l\u2019eau 24h conviennent \u00e0 toutes les pi\u00e8ces, chambre, bureau, salle de bain\u00a0ou cuisine.  Dimensions utiles:\u00a02052 x 248 mm  AVEC UNE PHOTO DE CHEZ VOUS, TESTEZ-LE DANS VOTRE INT\u00c9RIEUR","og_url":"https:\/\/nature-et-developpement.com\/logibio\/produit\/sol-stratifie-grande-lame-resistant-a-l-eau-24h-decor-chene-meister-ll-250\/","og_site_name":"LogiBio","article_publisher":"https:\/\/www.facebook.com\/LogiBio-104633131528471","article_modified_time":"2026-03-26T23:28:20+00:00","twitter_card":"summary_large_image","twitter_misc":{"Dur\u00e9e de lecture estim\u00e9e":"2 minutes"},"schema":{"@context":"https:\/\/schema.org","@graph":[{"@type":"WebPage","@id":"https:\/\/nature-et-developpement.com\/logibio\/produit\/sol-stratifie-grande-lame-resistant-a-l-eau-24h-decor-chene-meister-ll-250\/","url":"https:\/\/nature-et-developpement.com\/logibio\/produit\/sol-stratifie-grande-lame-resistant-a-l-eau-24h-decor-chene-meister-ll-250\/","name":"Sol stratifie grande lame, r\u00e9sistant \u00e0 l'eau 24h, d\u00e9cor ch\u00eane Meister LL 250","isPartOf":{"@id":"https:\/\/nature-et-developpement.com\/logibio\/#website"},"primaryImageOfPage":{"@id":"https:\/\/nature-et-developpement.com\/logibio\/produit\/sol-stratifie-grande-lame-resistant-a-l-eau-24h-decor-chene-meister-ll-250\/#primaryimage"},"image":{"@id":"https:\/\/nature-et-developpement.com\/logibio\/produit\/sol-stratifie-grande-lame-resistant-a-l-eau-24h-decor-chene-meister-ll-250\/#primaryimage"},"thumbnailUrl":"https:\/\/nature-et-developpement.com\/logibio\/wp-content\/uploads\/6840-Sol-stratifie-MEISTER-LL250-ambiance.jpg","datePublished":"2025-01-24T23:00:00+00:00","dateModified":"2026-03-26T23:28:20+00:00","description":"Id\u00e9al pour toutes les pi\u00e8ces d\u2019habitation s\u00e8ches et humides. Stratifi\u00e9 constitu\u00e9 \u00e0 100\u00a0% de mat\u00e9riaux naturels, majoritairement de bois. Son\u00a0format\u00a0lame longue et sa r\u00e9sistante \u00e0 l\u2019eau 24h conviennent \u00e0 toutes les pi\u00e8ces, chambre, bureau, salle de bain\u00a0ou cuisine. Dimensions utiles:\u00a02052 x 248 mm AVEC UNE PHOTO DE CHEZ VOUS, TESTEZ-LE DANS VOTRE INT\u00c9RIEUR","breadcrumb":{"@id":"https:\/\/nature-et-developpement.com\/logibio\/produit\/sol-stratifie-grande-lame-resistant-a-l-eau-24h-decor-chene-meister-ll-250\/#breadcrumb"},"inLanguage":"fr-FR","potentialAction":[{"@type":"ReadAction","target":["https:\/\/nature-et-developpement.com\/logibio\/produit\/sol-stratifie-grande-lame-resistant-a-l-eau-24h-decor-chene-meister-ll-250\/"]}]},{"@type":"ImageObject","inLanguage":"fr-FR","@id":"https:\/\/nature-et-developpement.com\/logibio\/produit\/sol-stratifie-grande-lame-resistant-a-l-eau-24h-decor-chene-meister-ll-250\/#primaryimage","url":"https:\/\/nature-et-developpement.com\/logibio\/wp-content\/uploads\/6840-Sol-stratifie-MEISTER-LL250-ambiance.jpg","contentUrl":"https:\/\/nature-et-developpement.com\/logibio\/wp-content\/uploads\/6840-Sol-stratifie-MEISTER-LL250-ambiance.jpg"},{"@type":"BreadcrumbList","@id":"https:\/\/nature-et-developpement.com\/logibio\/produit\/sol-stratifie-grande-lame-resistant-a-l-eau-24h-decor-chene-meister-ll-250\/#breadcrumb","itemListElement":[{"@type":"ListItem","position":1,"name":"Accueil","item":"https:\/\/nature-et-developpement.com\/logibio\/"},{"@type":"ListItem","position":2,"name":"Contacter LogiBio","item":"https:\/\/nature-et-developpement.com\/logibio\/contact\/"},{"@type":"ListItem","position":3,"name":"Parquets bois, stratifi\u00e9s et li\u00e8ge","item":"https:\/\/nature-et-developpement.com\/logibio\/produits\/parquet-et-sol-naturels\/"},{"@type":"ListItem","position":4,"name":"Sols linol\u00e9um et stratifi\u00e9s","item":"https:\/\/nature-et-developpement.com\/logibio\/produits\/parquet-et-sol-naturels\/sols-en-liege-linoleum-et-stratifies\/"},{"@type":"ListItem","position":5,"name":"Sol stratifie grande lame, r\u00e9sistant \u00e0 l&rsquo;eau 24h, d\u00e9cor ch\u00eane Meister LL 250"}]},{"@type":"WebSite","@id":"https:\/\/nature-et-developpement.com\/logibio\/#website","url":"https:\/\/nature-et-developpement.com\/logibio\/","name":"LogiBio","description":"LogiBio fait partie du groupement Nature &amp; D\u00e9veloppement.","publisher":{"@id":"https:\/\/nature-et-developpement.com\/logibio\/#organization"},"potentialAction":[{"@type":"SearchAction","target":{"@type":"EntryPoint","urlTemplate":"https:\/\/nature-et-developpement.com\/logibio\/?s={search_term_string}"},"query-input":{"@type":"PropertyValueSpecification","valueRequired":true,"valueName":"search_term_string"}}],"inLanguage":"fr-FR"},{"@type":"Organization","@id":"https:\/\/nature-et-developpement.com\/logibio\/#organization","name":"LogiBio","url":"https:\/\/nature-et-developpement.com\/logibio\/","logo":{"@type":"ImageObject","inLanguage":"fr-FR","@id":"https:\/\/nature-et-developpement.com\/logibio\/#\/schema\/logo\/image\/","url":"https:\/\/nature-et-developpement.com\/logibio\/wp-content\/uploads\/sites\/20\/2021\/09\/cropped-Logo_LogiBio_150-150-1.jpg","contentUrl":"https:\/\/nature-et-developpement.com\/logibio\/wp-content\/uploads\/sites\/20\/2021\/09\/cropped-Logo_LogiBio_150-150-1.jpg","width":150,"height":112,"caption":"LogiBio"},"image":{"@id":"https:\/\/nature-et-developpement.com\/logibio\/#\/schema\/logo\/image\/"},"sameAs":["https:\/\/www.facebook.com\/LogiBio-104633131528471","https:\/\/www.instagram.com\/logibio\/"]}]}},"distributor_meta":false,"distributor_terms":false,"distributor_media":false,"distributor_original_site_name":"LogiBio","distributor_original_site_url":"https:\/\/nature-et-developpement.com\/logibio","push-errors":false,"_links":{"self":[{"href":"https:\/\/nature-et-developpement.com\/logibio\/wp-json\/wp\/v2\/product\/25333","targetHints":{"allow":["GET"]}}],"collection":[{"href":"https:\/\/nature-et-developpement.com\/logibio\/wp-json\/wp\/v2\/product"}],"about":[{"href":"https:\/\/nature-et-developpement.com\/logibio\/wp-json\/wp\/v2\/types\/product"}],"wp:featuredmedia":[{"embeddable":true,"href":"https:\/\/nature-et-developpement.com\/logibio\/wp-json\/"}],"wp:attachment":[{"href":"https:\/\/nature-et-developpement.com\/logibio\/wp-json\/wp\/v2\/media?parent=25333"}],"wp:term":[{"taxonomy":"product_brand","embeddable":true,"href":"https:\/\/nature-et-developpement.com\/logibio\/wp-json\/wp\/v2\/product_brand?post=25333"},{"taxonomy":"product_cat","embeddable":true,"href":"https:\/\/nature-et-developpement.com\/logibio\/wp-json\/wp\/v2\/product_cat?post=25333"},{"taxonomy":"product_tag","embeddable":true,"href":"https:\/\/nature-et-developpement.com\/logibio\/wp-json\/wp\/v2\/product_tag?post=25333"}],"curies":[{"name":"wp","href":"https:\/\/api.w.org\/{rel}","templated":true}]}}