{"id":32746,"date":"2017-06-23T12:15:14","date_gmt":"2017-06-23T10:15:14","guid":{"rendered":"https:\/\/nature-et-developpement.com\/logibio\/produit\/plot-terrasse-reglable-pour-lambourde\/"},"modified":"2026-01-06T15:41:13","modified_gmt":"2026-01-06T14:41:13","slug":"plot-terrasse-reglable-pour-lambourde","status":"publish","type":"product","link":"https:\/\/nature-et-developpement.com\/logibio\/produit\/plot-terrasse-reglable-pour-lambourde\/","title":{"rendered":"Plot terrasse r\u00e9glable pour lambourde Jouplast"},"content":{"rendered":"<h2>Plot pour terrasse r\u00e9glables en plastique recycl\u00e9s et recyclables<\/h2>\n<p>Cette gamme de plot est sp\u00e9cialement con\u00e7u pour les <strong>terrasses en bois<\/strong>.<\/p>\n<p>De hauteur r\u00e9glable ou fixe, ils permettent, avec l&rsquo;usage \u00e9ventuel de\u00a0rehausse, de couvrir une\u00a0amplitude de r\u00e9glage de 20mm \u00e0 460mm.<\/p>\n<p>Positionn\u00e9s en dessous de la lambourde bois, les plots r\u00e9glables servant ainsi de support sont ajustables en hauteur pour permettre d&rsquo;arriver au niveau souhait\u00e9.<\/p>\n<p>Ces plots sont r\u00e9sistant \u00e0 la charge, aux intemp\u00e9ries et sont\u00a0conformes au DTU 43.1 et 51.4.<\/p>\n<p>Ne pas utiliser de lambourde en mati\u00e8re composite, nous vous proposons <a href=\"https:\/\/nature-et-developpement.com\/produit\/lambourde-rabotee-chene-aboute-45x65x3000-mm\/\" target=\"_blank\" rel=\"noopener\">des lambourdes en ch\u00eane fran\u00e7ais.<\/a><\/p>\n<p>Placez la lambourde\u00a0 sur le plot, et vissez au travers de la languette verticale sur la t\u00eate du plot.\u00a0Aucune contrainte quant \u00e0 la position de la lambourde.<\/p>\n<h4><span style=\"color: #218e53\"><strong><strong>\u00a0\u00a0<\/strong><\/strong><\/span><\/h4>\n<h3><span style=\"color: #218e53\"><strong><strong>Ces plots sont enti\u00e8rement con\u00e7us en mati\u00e8res recycl\u00e9es et recyclables.<\/strong><\/strong><\/span><\/h3>\n<p><img loading=\"lazy\" decoding=\"async\" class=\" size-full wp-image-104891\" src=\"https:\/\/nature-et-developpement.com\/wp-content\/uploads\/cms\/promo\/Recyclage-des-plots-Jouplast.png\" alt=\"\" width=\"800\" height=\"758\" \/><\/p>\n","protected":false},"excerpt":{"rendered":"<p>Les plots r\u00e9glables sont id\u00e9als pour la pose d&rsquo;une terrasse bois sur un sol r\u00e9gulier ou non.<\/p>\n<p><span style=\"color: #218e53\"><strong>Ces plots sont enti\u00e8rement con\u00e7us en mati\u00e8res recycl\u00e9es et recyclables.<\/strong><\/span><\/p>\n","protected":false},"featured_media":1000000104883,"template":"","meta":[],"product_brand":[4256,2749],"product_cat":[2370,225,696,2367],"product_tag":[4404],"class_list":{"0":"post-32746","1":"product","2":"type-product","3":"status-publish","4":"has-post-thumbnail","6":"product_brand-amenagement-exterieur","7":"product_brand-jouplast","8":"product_cat-accessoires-agencement-exterieur","9":"product_cat-agencement-exterieur","10":"product_cat-outillage","11":"product_cat-terrasses","12":"product_tag-terrasse","13":"product_shipping_class-petit-equipement-outil-eclairage","15":"first","16":"instock","17":"taxable","18":"shipping-taxable","19":"purchasable","20":"product-type-variable"},"yoast_head":"<!-- This site is optimized with the Yoast SEO plugin v27.5 - https:\/\/yoast.com\/product\/yoast-seo-wordpress\/ -->\n<title>Plot terrasse r\u00e9glable pour lambourde Jouplast<\/title>\n<meta name=\"description\" content=\"Les plots r\u00e9glables sont id\u00e9als pour la pose d&#039;une terrasse bois sur un sol r\u00e9gulier ou non.  Ces plots sont enti\u00e8rement con\u00e7us en mati\u00e8res recycl\u00e9es et recyclables.\" \/>\n<meta name=\"robots\" content=\"noindex, nofollow\" \/>\n<meta property=\"og:locale\" content=\"fr_FR\" \/>\n<meta property=\"og:type\" content=\"article\" \/>\n<meta property=\"og:title\" content=\"Plot terrasse r\u00e9glable pour lambourde Jouplast\" \/>\n<meta property=\"og:description\" content=\"Les plots r\u00e9glables sont id\u00e9als pour la pose d&#039;une terrasse bois sur un sol r\u00e9gulier ou non.  Ces plots sont enti\u00e8rement con\u00e7us en mati\u00e8res recycl\u00e9es et recyclables.\" \/>\n<meta property=\"og:url\" content=\"https:\/\/nature-et-developpement.com\/logibio\/produit\/plot-terrasse-reglable-pour-lambourde\/\" \/>\n<meta property=\"og:site_name\" content=\"LogiBio\" \/>\n<meta property=\"article:publisher\" content=\"https:\/\/www.facebook.com\/LogiBio-104633131528471\" \/>\n<meta property=\"article:modified_time\" content=\"2026-01-06T14:41:13+00:00\" \/>\n<meta name=\"twitter:card\" content=\"summary_large_image\" \/>\n<meta name=\"twitter:label1\" content=\"Dur\u00e9e de lecture estim\u00e9e\" \/>\n\t<meta name=\"twitter:data1\" content=\"1 minute\" \/>\n<script type=\"application\/ld+json\" class=\"yoast-schema-graph\">{\"@context\":\"https:\\\/\\\/schema.org\",\"@graph\":[{\"@type\":\"WebPage\",\"@id\":\"https:\\\/\\\/nature-et-developpement.com\\\/logibio\\\/produit\\\/plot-terrasse-reglable-pour-lambourde\\\/\",\"url\":\"https:\\\/\\\/nature-et-developpement.com\\\/logibio\\\/produit\\\/plot-terrasse-reglable-pour-lambourde\\\/\",\"name\":\"Plot terrasse r\u00e9glable pour lambourde Jouplast\",\"isPartOf\":{\"@id\":\"https:\\\/\\\/nature-et-developpement.com\\\/logibio\\\/#website\"},\"primaryImageOfPage\":{\"@id\":\"https:\\\/\\\/nature-et-developpement.com\\\/logibio\\\/produit\\\/plot-terrasse-reglable-pour-lambourde\\\/#primaryimage\"},\"image\":{\"@id\":\"https:\\\/\\\/nature-et-developpement.com\\\/logibio\\\/produit\\\/plot-terrasse-reglable-pour-lambourde\\\/#primaryimage\"},\"thumbnailUrl\":\"https:\\\/\\\/nature-et-developpement.com\\\/logibio\\\/wp-content\\\/uploads\\\/30109-Plot-pour-lambourde-5080-Jouplast-en-sac-de-60-pieces.jpg\",\"datePublished\":\"2017-06-23T10:15:14+00:00\",\"dateModified\":\"2026-01-06T14:41:13+00:00\",\"description\":\"Les plots r\u00e9glables sont id\u00e9als pour la pose d'une terrasse bois sur un sol r\u00e9gulier ou non. Ces plots sont enti\u00e8rement con\u00e7us en mati\u00e8res recycl\u00e9es et recyclables.\",\"breadcrumb\":{\"@id\":\"https:\\\/\\\/nature-et-developpement.com\\\/logibio\\\/produit\\\/plot-terrasse-reglable-pour-lambourde\\\/#breadcrumb\"},\"inLanguage\":\"fr-FR\",\"potentialAction\":[{\"@type\":\"ReadAction\",\"target\":[\"https:\\\/\\\/nature-et-developpement.com\\\/logibio\\\/produit\\\/plot-terrasse-reglable-pour-lambourde\\\/\"]}]},{\"@type\":\"ImageObject\",\"inLanguage\":\"fr-FR\",\"@id\":\"https:\\\/\\\/nature-et-developpement.com\\\/logibio\\\/produit\\\/plot-terrasse-reglable-pour-lambourde\\\/#primaryimage\",\"url\":\"https:\\\/\\\/nature-et-developpement.com\\\/logibio\\\/wp-content\\\/uploads\\\/30109-Plot-pour-lambourde-5080-Jouplast-en-sac-de-60-pieces.jpg\",\"contentUrl\":\"https:\\\/\\\/nature-et-developpement.com\\\/logibio\\\/wp-content\\\/uploads\\\/30109-Plot-pour-lambourde-5080-Jouplast-en-sac-de-60-pieces.jpg\"},{\"@type\":\"BreadcrumbList\",\"@id\":\"https:\\\/\\\/nature-et-developpement.com\\\/logibio\\\/produit\\\/plot-terrasse-reglable-pour-lambourde\\\/#breadcrumb\",\"itemListElement\":[{\"@type\":\"ListItem\",\"position\":1,\"name\":\"Accueil\",\"item\":\"https:\\\/\\\/nature-et-developpement.com\\\/logibio\\\/\"},{\"@type\":\"ListItem\",\"position\":2,\"name\":\"Contacter LogiBio\",\"item\":\"https:\\\/\\\/nature-et-developpement.com\\\/logibio\\\/contact\\\/\"},{\"@type\":\"ListItem\",\"position\":3,\"name\":\"Agencement ext\u00e9rieur\",\"item\":\"https:\\\/\\\/nature-et-developpement.com\\\/logibio\\\/produits\\\/agencement-exterieur\\\/\"},{\"@type\":\"ListItem\",\"position\":4,\"name\":\"Terrasses et cl\u00f4tures\",\"item\":\"https:\\\/\\\/nature-et-developpement.com\\\/logibio\\\/produits\\\/agencement-exterieur\\\/terrasses\\\/\"},{\"@type\":\"ListItem\",\"position\":5,\"name\":\"Plot terrasse r\u00e9glable pour lambourde Jouplast\"}]},{\"@type\":\"WebSite\",\"@id\":\"https:\\\/\\\/nature-et-developpement.com\\\/logibio\\\/#website\",\"url\":\"https:\\\/\\\/nature-et-developpement.com\\\/logibio\\\/\",\"name\":\"LogiBio\",\"description\":\"LogiBio fait partie du groupement Nature &amp; D\u00e9veloppement.\",\"publisher\":{\"@id\":\"https:\\\/\\\/nature-et-developpement.com\\\/logibio\\\/#organization\"},\"potentialAction\":[{\"@type\":\"SearchAction\",\"target\":{\"@type\":\"EntryPoint\",\"urlTemplate\":\"https:\\\/\\\/nature-et-developpement.com\\\/logibio\\\/?s={search_term_string}\"},\"query-input\":{\"@type\":\"PropertyValueSpecification\",\"valueRequired\":true,\"valueName\":\"search_term_string\"}}],\"inLanguage\":\"fr-FR\"},{\"@type\":\"Organization\",\"@id\":\"https:\\\/\\\/nature-et-developpement.com\\\/logibio\\\/#organization\",\"name\":\"LogiBio\",\"url\":\"https:\\\/\\\/nature-et-developpement.com\\\/logibio\\\/\",\"logo\":{\"@type\":\"ImageObject\",\"inLanguage\":\"fr-FR\",\"@id\":\"https:\\\/\\\/nature-et-developpement.com\\\/logibio\\\/#\\\/schema\\\/logo\\\/image\\\/\",\"url\":\"https:\\\/\\\/nature-et-developpement.com\\\/logibio\\\/wp-content\\\/uploads\\\/sites\\\/20\\\/2021\\\/09\\\/cropped-Logo_LogiBio_150-150-1.jpg\",\"contentUrl\":\"https:\\\/\\\/nature-et-developpement.com\\\/logibio\\\/wp-content\\\/uploads\\\/sites\\\/20\\\/2021\\\/09\\\/cropped-Logo_LogiBio_150-150-1.jpg\",\"width\":150,\"height\":112,\"caption\":\"LogiBio\"},\"image\":{\"@id\":\"https:\\\/\\\/nature-et-developpement.com\\\/logibio\\\/#\\\/schema\\\/logo\\\/image\\\/\"},\"sameAs\":[\"https:\\\/\\\/www.facebook.com\\\/LogiBio-104633131528471\",\"https:\\\/\\\/www.instagram.com\\\/logibio\\\/\"]}]}<\/script>\n<!-- \/ Yoast SEO plugin. -->","yoast_head_json":{"title":"Plot terrasse r\u00e9glable pour lambourde Jouplast","description":"Les plots r\u00e9glables sont id\u00e9als pour la pose d'une terrasse bois sur un sol r\u00e9gulier ou non.  Ces plots sont enti\u00e8rement con\u00e7us en mati\u00e8res recycl\u00e9es et recyclables.","robots":{"index":"noindex","follow":"nofollow"},"og_locale":"fr_FR","og_type":"article","og_title":"Plot terrasse r\u00e9glable pour lambourde Jouplast","og_description":"Les plots r\u00e9glables sont id\u00e9als pour la pose d'une terrasse bois sur un sol r\u00e9gulier ou non.  Ces plots sont enti\u00e8rement con\u00e7us en mati\u00e8res recycl\u00e9es et recyclables.","og_url":"https:\/\/nature-et-developpement.com\/logibio\/produit\/plot-terrasse-reglable-pour-lambourde\/","og_site_name":"LogiBio","article_publisher":"https:\/\/www.facebook.com\/LogiBio-104633131528471","article_modified_time":"2026-01-06T14:41:13+00:00","twitter_card":"summary_large_image","twitter_misc":{"Dur\u00e9e de lecture estim\u00e9e":"1 minute"},"schema":{"@context":"https:\/\/schema.org","@graph":[{"@type":"WebPage","@id":"https:\/\/nature-et-developpement.com\/logibio\/produit\/plot-terrasse-reglable-pour-lambourde\/","url":"https:\/\/nature-et-developpement.com\/logibio\/produit\/plot-terrasse-reglable-pour-lambourde\/","name":"Plot terrasse r\u00e9glable pour lambourde Jouplast","isPartOf":{"@id":"https:\/\/nature-et-developpement.com\/logibio\/#website"},"primaryImageOfPage":{"@id":"https:\/\/nature-et-developpement.com\/logibio\/produit\/plot-terrasse-reglable-pour-lambourde\/#primaryimage"},"image":{"@id":"https:\/\/nature-et-developpement.com\/logibio\/produit\/plot-terrasse-reglable-pour-lambourde\/#primaryimage"},"thumbnailUrl":"https:\/\/nature-et-developpement.com\/logibio\/wp-content\/uploads\/30109-Plot-pour-lambourde-5080-Jouplast-en-sac-de-60-pieces.jpg","datePublished":"2017-06-23T10:15:14+00:00","dateModified":"2026-01-06T14:41:13+00:00","description":"Les plots r\u00e9glables sont id\u00e9als pour la pose d'une terrasse bois sur un sol r\u00e9gulier ou non. Ces plots sont enti\u00e8rement con\u00e7us en mati\u00e8res recycl\u00e9es et recyclables.","breadcrumb":{"@id":"https:\/\/nature-et-developpement.com\/logibio\/produit\/plot-terrasse-reglable-pour-lambourde\/#breadcrumb"},"inLanguage":"fr-FR","potentialAction":[{"@type":"ReadAction","target":["https:\/\/nature-et-developpement.com\/logibio\/produit\/plot-terrasse-reglable-pour-lambourde\/"]}]},{"@type":"ImageObject","inLanguage":"fr-FR","@id":"https:\/\/nature-et-developpement.com\/logibio\/produit\/plot-terrasse-reglable-pour-lambourde\/#primaryimage","url":"https:\/\/nature-et-developpement.com\/logibio\/wp-content\/uploads\/30109-Plot-pour-lambourde-5080-Jouplast-en-sac-de-60-pieces.jpg","contentUrl":"https:\/\/nature-et-developpement.com\/logibio\/wp-content\/uploads\/30109-Plot-pour-lambourde-5080-Jouplast-en-sac-de-60-pieces.jpg"},{"@type":"BreadcrumbList","@id":"https:\/\/nature-et-developpement.com\/logibio\/produit\/plot-terrasse-reglable-pour-lambourde\/#breadcrumb","itemListElement":[{"@type":"ListItem","position":1,"name":"Accueil","item":"https:\/\/nature-et-developpement.com\/logibio\/"},{"@type":"ListItem","position":2,"name":"Contacter LogiBio","item":"https:\/\/nature-et-developpement.com\/logibio\/contact\/"},{"@type":"ListItem","position":3,"name":"Agencement ext\u00e9rieur","item":"https:\/\/nature-et-developpement.com\/logibio\/produits\/agencement-exterieur\/"},{"@type":"ListItem","position":4,"name":"Terrasses et cl\u00f4tures","item":"https:\/\/nature-et-developpement.com\/logibio\/produits\/agencement-exterieur\/terrasses\/"},{"@type":"ListItem","position":5,"name":"Plot terrasse r\u00e9glable pour lambourde Jouplast"}]},{"@type":"WebSite","@id":"https:\/\/nature-et-developpement.com\/logibio\/#website","url":"https:\/\/nature-et-developpement.com\/logibio\/","name":"LogiBio","description":"LogiBio fait partie du groupement Nature &amp; D\u00e9veloppement.","publisher":{"@id":"https:\/\/nature-et-developpement.com\/logibio\/#organization"},"potentialAction":[{"@type":"SearchAction","target":{"@type":"EntryPoint","urlTemplate":"https:\/\/nature-et-developpement.com\/logibio\/?s={search_term_string}"},"query-input":{"@type":"PropertyValueSpecification","valueRequired":true,"valueName":"search_term_string"}}],"inLanguage":"fr-FR"},{"@type":"Organization","@id":"https:\/\/nature-et-developpement.com\/logibio\/#organization","name":"LogiBio","url":"https:\/\/nature-et-developpement.com\/logibio\/","logo":{"@type":"ImageObject","inLanguage":"fr-FR","@id":"https:\/\/nature-et-developpement.com\/logibio\/#\/schema\/logo\/image\/","url":"https:\/\/nature-et-developpement.com\/logibio\/wp-content\/uploads\/sites\/20\/2021\/09\/cropped-Logo_LogiBio_150-150-1.jpg","contentUrl":"https:\/\/nature-et-developpement.com\/logibio\/wp-content\/uploads\/sites\/20\/2021\/09\/cropped-Logo_LogiBio_150-150-1.jpg","width":150,"height":112,"caption":"LogiBio"},"image":{"@id":"https:\/\/nature-et-developpement.com\/logibio\/#\/schema\/logo\/image\/"},"sameAs":["https:\/\/www.facebook.com\/LogiBio-104633131528471","https:\/\/www.instagram.com\/logibio\/"]}]}},"distributor_meta":false,"distributor_terms":false,"distributor_media":false,"distributor_original_site_name":"LogiBio","distributor_original_site_url":"https:\/\/nature-et-developpement.com\/logibio","push-errors":false,"_links":{"self":[{"href":"https:\/\/nature-et-developpement.com\/logibio\/wp-json\/wp\/v2\/product\/32746","targetHints":{"allow":["GET"]}}],"collection":[{"href":"https:\/\/nature-et-developpement.com\/logibio\/wp-json\/wp\/v2\/product"}],"about":[{"href":"https:\/\/nature-et-developpement.com\/logibio\/wp-json\/wp\/v2\/types\/product"}],"wp:featuredmedia":[{"embeddable":true,"href":"https:\/\/nature-et-developpement.com\/logibio\/wp-json\/"}],"wp:attachment":[{"href":"https:\/\/nature-et-developpement.com\/logibio\/wp-json\/wp\/v2\/media?parent=32746"}],"wp:term":[{"taxonomy":"product_brand","embeddable":true,"href":"https:\/\/nature-et-developpement.com\/logibio\/wp-json\/wp\/v2\/product_brand?post=32746"},{"taxonomy":"product_cat","embeddable":true,"href":"https:\/\/nature-et-developpement.com\/logibio\/wp-json\/wp\/v2\/product_cat?post=32746"},{"taxonomy":"product_tag","embeddable":true,"href":"https:\/\/nature-et-developpement.com\/logibio\/wp-json\/wp\/v2\/product_tag?post=32746"}],"curies":[{"name":"wp","href":"https:\/\/api.w.org\/{rel}","templated":true}]}}