{"id":33223,"date":"2024-06-13T11:14:41","date_gmt":"2024-06-13T09:14:41","guid":{"rendered":"https:\/\/nature-et-developpement.com\/logibio\/produit\/linoleum-sol-a-cliquer-lino-klick-de-ziro\/"},"modified":"2026-02-27T19:32:25","modified_gmt":"2026-02-27T18:32:25","slug":"linoleum-sol-a-cliquer-lino-klick-de-ziro","status":"publish","type":"product","link":"https:\/\/nature-et-developpement.com\/logibio\/produit\/linoleum-sol-a-cliquer-lino-klick-de-ziro\/","title":{"rendered":"Linol\u00e9um Sol \u00e0 Cliquer Lino Klick de Ziro"},"content":{"rendered":"<h2>Lino Klick Ziro &#8211; Sol en Linol\u00e9um \u00e0 Cliquer | Confort et Durabilit\u00e9<\/h2>\n<p>Transformez votre int\u00e9rieur avec le sol en linol\u00e9um Lino Klick de Ziro. Ce rev\u00eatement durable, hygi\u00e9nique et facile \u00e0 entretenir est id\u00e9al pour toutes les pi\u00e8ces de votre maison. Parfait pour les cuisines, salles \u00e0 manger, couloirs et chambres d&rsquo;enfants.<\/p>\n<p><strong>Le linol\u00e9um, un choix intelligent<\/strong><\/p>\n<p>Le linol\u00e9um est un rev\u00eatement de sol avec plus de 150 ans d&rsquo;histoire. Fabriqu\u00e9 \u00e0 partir de mati\u00e8res premi\u00e8res de qualit\u00e9 comme l&rsquo;huile de lin, les r\u00e9sines naturelles et la poudre de bois, il ne contient aucun additif chimique. Ce sol est donc sain et s\u00fbr pour toute la famille.<\/p>\n<p><strong>Caract\u00e9ristiques principales<\/strong><\/p>\n<p>Lino Klick est fabriqu\u00e9 \u00e0 partir de mat\u00e9riaux de haute qualit\u00e9. Il est durable avec sa couche d&rsquo;usure de 2mm de lino, c&rsquo;est bien plus \u00e9pais que sur un sol stratifi\u00e9, Ce sol est chaud, confortable et r\u00e9duit les bruits de pas. Il est \u00e9galement tr\u00e8s facile \u00e0 poser gr\u00e2ce \u00e0 son syst\u00e8me de clips. Disponible en plusieurs couleurs, il s&rsquo;adapte \u00e0 tous les styles de d\u00e9coration.<\/p>\n<h3><strong>Avantages<\/strong><\/h3>\n<ul>\n<li><strong>Hygi\u00e9nique et antibact\u00e9rien<\/strong> : Prot\u00e8ge contre les bact\u00e9ries et les taches.<\/li>\n<li><strong>Confort et bien-\u00eatre<\/strong> : Agr\u00e9able pour marcher et doux pour les articulations, moins froid que du carrelage.<\/li>\n<li><strong>Robuste et r\u00e9sistant<\/strong> : Con\u00e7u pour durer, il r\u00e9siste aux usages quotidiens.<\/li>\n<li><strong>Antid\u00e9rapant et isolant<\/strong> : S\u00e9curise les d\u00e9placements et r\u00e9duit les bruits de marche.<\/li>\n<li><strong>Entretien facile<\/strong> : Reste propre avec peu d&rsquo;effort.<\/li>\n<li><strong>Antistatique<\/strong> : Id\u00e9al pour les personnes allergiques.<\/li>\n<\/ul>\n<p><strong>Installation facile<\/strong><\/p>\n<p>Il se pose comme un parquet flottant, avec la technologie Uniclic, l&rsquo;installation de votre sol n&rsquo;a jamais \u00e9t\u00e9 aussi simple. Les lames se clipsent facilement, sans besoin d&rsquo;outils sp\u00e9cialis\u00e9s. Sa sous-couche int\u00e9gr\u00e9e en li\u00e8ge, vous fera gagner un <strong>confort phonique<\/strong>.\u00a0 Une fois install\u00e9, le sol est pr\u00eat \u00e0 l&#8217;emploi imm\u00e9diatement.<\/p>\n<p><strong>Techniques de pose<\/strong><\/p>\n<ol>\n<li><strong>Pr\u00e9parez la surface<\/strong> : Assurez-vous qu&rsquo;elle est propre , s\u00e8che et plane.<\/li>\n<li><strong>Posez la sous-couche<\/strong> : Pas besoin car d\u00e9j\u00e0 int\u00e9gr\u00e9e sous les lames pour une meilleure isolation.<\/li>\n<li><strong>Clipsez les lames<\/strong> : Alignez et clipsez les lames gr\u00e2ce au syst\u00e8me Uniclic.<\/li>\n<li><strong>Finition<\/strong> : Ajoutez les plinthes pour une finition soign\u00e9e.<\/li>\n<\/ol>\n<h4><strong>Pourquoi choisir Lino Klick ?<\/strong><\/h4>\n<p>Lino Klick est id\u00e9al pour ceux qui recherchent un sol \u00e0 la fois beau et performant. Adapt\u00e9 \u00e0 tous les espaces, il r\u00e9pondra \u00e0 toutes vos attentes.<\/p>\n","protected":false},"excerpt":{"rendered":"<p>Optez pour Lino Klick de Ziro : sol en linol\u00e9um \u00e0 cliquer, durable, antibact\u00e9rien et facile \u00e0 installer. Parfait pour tous vos espaces int\u00e9rieurs.<\/p>\n","protected":false},"featured_media":1000000200205,"template":"","meta":[],"product_brand":[4523],"product_cat":[1630],"product_tag":[],"class_list":{"0":"post-33223","1":"product","2":"type-product","3":"status-publish","4":"has-post-thumbnail","6":"product_brand-ziro","7":"product_cat-sols-en-liege-linoleum-et-stratifies","8":"product_shipping_class-transport-parquet-lambris-meister-amorim","10":"first","11":"instock","12":"sale","13":"taxable","14":"shipping-taxable","15":"purchasable","16":"product-type-variable"},"yoast_head":"<!-- This site is optimized with the Yoast SEO plugin v27.5 - https:\/\/yoast.com\/product\/yoast-seo-wordpress\/ -->\n<title>Linol\u00e9um Sol \u00e0 Cliquer Lino Klick de Ziro<\/title>\n<meta name=\"description\" content=\"Optez pour Lino Klick de Ziro : sol en linol\u00e9um \u00e0 cliquer, durable, antibact\u00e9rien et facile \u00e0 installer. Parfait pour tous vos espaces int\u00e9rieurs.\" \/>\n<meta name=\"robots\" content=\"noindex, nofollow\" \/>\n<meta property=\"og:locale\" content=\"fr_FR\" \/>\n<meta property=\"og:type\" content=\"article\" \/>\n<meta property=\"og:title\" content=\"Linol\u00e9um Sol \u00e0 Cliquer Lino Klick de Ziro\" \/>\n<meta property=\"og:description\" content=\"Optez pour Lino Klick de Ziro : sol en linol\u00e9um \u00e0 cliquer, durable, antibact\u00e9rien et facile \u00e0 installer. Parfait pour tous vos espaces int\u00e9rieurs.\" \/>\n<meta property=\"og:url\" content=\"https:\/\/nature-et-developpement.com\/logibio\/produit\/linoleum-sol-a-cliquer-lino-klick-de-ziro\/\" \/>\n<meta property=\"og:site_name\" content=\"LogiBio\" \/>\n<meta property=\"article:publisher\" content=\"https:\/\/www.facebook.com\/LogiBio-104633131528471\" \/>\n<meta property=\"article:modified_time\" content=\"2026-02-27T18:32:25+00:00\" \/>\n<meta name=\"twitter:card\" content=\"summary_large_image\" \/>\n<meta name=\"twitter:label1\" content=\"Dur\u00e9e de lecture estim\u00e9e\" \/>\n\t<meta name=\"twitter:data1\" content=\"2 minutes\" \/>\n<script type=\"application\/ld+json\" class=\"yoast-schema-graph\">{\"@context\":\"https:\\\/\\\/schema.org\",\"@graph\":[{\"@type\":\"WebPage\",\"@id\":\"https:\\\/\\\/nature-et-developpement.com\\\/logibio\\\/produit\\\/linoleum-sol-a-cliquer-lino-klick-de-ziro\\\/\",\"url\":\"https:\\\/\\\/nature-et-developpement.com\\\/logibio\\\/produit\\\/linoleum-sol-a-cliquer-lino-klick-de-ziro\\\/\",\"name\":\"Linol\u00e9um Sol \u00e0 Cliquer Lino Klick de Ziro\",\"isPartOf\":{\"@id\":\"https:\\\/\\\/nature-et-developpement.com\\\/logibio\\\/#website\"},\"primaryImageOfPage\":{\"@id\":\"https:\\\/\\\/nature-et-developpement.com\\\/logibio\\\/produit\\\/linoleum-sol-a-cliquer-lino-klick-de-ziro\\\/#primaryimage\"},\"image\":{\"@id\":\"https:\\\/\\\/nature-et-developpement.com\\\/logibio\\\/produit\\\/linoleum-sol-a-cliquer-lino-klick-de-ziro\\\/#primaryimage\"},\"thumbnailUrl\":\"https:\\\/\\\/nature-et-developpement.com\\\/logibio\\\/wp-content\\\/uploads\\\/Linoleum-Sol-a-Cliquer-Lino-Klick-de-Ziro-cuisine.jpg\",\"datePublished\":\"2024-06-13T09:14:41+00:00\",\"dateModified\":\"2026-02-27T18:32:25+00:00\",\"description\":\"Optez pour Lino Klick de Ziro : sol en linol\u00e9um \u00e0 cliquer, durable, antibact\u00e9rien et facile \u00e0 installer. Parfait pour tous vos espaces int\u00e9rieurs.\",\"breadcrumb\":{\"@id\":\"https:\\\/\\\/nature-et-developpement.com\\\/logibio\\\/produit\\\/linoleum-sol-a-cliquer-lino-klick-de-ziro\\\/#breadcrumb\"},\"inLanguage\":\"fr-FR\",\"potentialAction\":[{\"@type\":\"ReadAction\",\"target\":[\"https:\\\/\\\/nature-et-developpement.com\\\/logibio\\\/produit\\\/linoleum-sol-a-cliquer-lino-klick-de-ziro\\\/\"]}]},{\"@type\":\"ImageObject\",\"inLanguage\":\"fr-FR\",\"@id\":\"https:\\\/\\\/nature-et-developpement.com\\\/logibio\\\/produit\\\/linoleum-sol-a-cliquer-lino-klick-de-ziro\\\/#primaryimage\",\"url\":\"https:\\\/\\\/nature-et-developpement.com\\\/logibio\\\/wp-content\\\/uploads\\\/Linoleum-Sol-a-Cliquer-Lino-Klick-de-Ziro-cuisine.jpg\",\"contentUrl\":\"https:\\\/\\\/nature-et-developpement.com\\\/logibio\\\/wp-content\\\/uploads\\\/Linoleum-Sol-a-Cliquer-Lino-Klick-de-Ziro-cuisine.jpg\"},{\"@type\":\"BreadcrumbList\",\"@id\":\"https:\\\/\\\/nature-et-developpement.com\\\/logibio\\\/produit\\\/linoleum-sol-a-cliquer-lino-klick-de-ziro\\\/#breadcrumb\",\"itemListElement\":[{\"@type\":\"ListItem\",\"position\":1,\"name\":\"Accueil\",\"item\":\"https:\\\/\\\/nature-et-developpement.com\\\/logibio\\\/\"},{\"@type\":\"ListItem\",\"position\":2,\"name\":\"Contacter LogiBio\",\"item\":\"https:\\\/\\\/nature-et-developpement.com\\\/logibio\\\/contact\\\/\"},{\"@type\":\"ListItem\",\"position\":3,\"name\":\"Parquets bois, stratifi\u00e9s et li\u00e8ge\",\"item\":\"https:\\\/\\\/nature-et-developpement.com\\\/logibio\\\/produits\\\/parquet-et-sol-naturels\\\/\"},{\"@type\":\"ListItem\",\"position\":4,\"name\":\"Sols linol\u00e9um et stratifi\u00e9s\",\"item\":\"https:\\\/\\\/nature-et-developpement.com\\\/logibio\\\/produits\\\/parquet-et-sol-naturels\\\/sols-en-liege-linoleum-et-stratifies\\\/\"},{\"@type\":\"ListItem\",\"position\":5,\"name\":\"Linol\u00e9um Sol \u00e0 Cliquer Lino Klick de Ziro\"}]},{\"@type\":\"WebSite\",\"@id\":\"https:\\\/\\\/nature-et-developpement.com\\\/logibio\\\/#website\",\"url\":\"https:\\\/\\\/nature-et-developpement.com\\\/logibio\\\/\",\"name\":\"LogiBio\",\"description\":\"LogiBio fait partie du groupement Nature &amp; D\u00e9veloppement.\",\"publisher\":{\"@id\":\"https:\\\/\\\/nature-et-developpement.com\\\/logibio\\\/#organization\"},\"potentialAction\":[{\"@type\":\"SearchAction\",\"target\":{\"@type\":\"EntryPoint\",\"urlTemplate\":\"https:\\\/\\\/nature-et-developpement.com\\\/logibio\\\/?s={search_term_string}\"},\"query-input\":{\"@type\":\"PropertyValueSpecification\",\"valueRequired\":true,\"valueName\":\"search_term_string\"}}],\"inLanguage\":\"fr-FR\"},{\"@type\":\"Organization\",\"@id\":\"https:\\\/\\\/nature-et-developpement.com\\\/logibio\\\/#organization\",\"name\":\"LogiBio\",\"url\":\"https:\\\/\\\/nature-et-developpement.com\\\/logibio\\\/\",\"logo\":{\"@type\":\"ImageObject\",\"inLanguage\":\"fr-FR\",\"@id\":\"https:\\\/\\\/nature-et-developpement.com\\\/logibio\\\/#\\\/schema\\\/logo\\\/image\\\/\",\"url\":\"https:\\\/\\\/nature-et-developpement.com\\\/logibio\\\/wp-content\\\/uploads\\\/sites\\\/20\\\/2021\\\/09\\\/cropped-Logo_LogiBio_150-150-1.jpg\",\"contentUrl\":\"https:\\\/\\\/nature-et-developpement.com\\\/logibio\\\/wp-content\\\/uploads\\\/sites\\\/20\\\/2021\\\/09\\\/cropped-Logo_LogiBio_150-150-1.jpg\",\"width\":150,\"height\":112,\"caption\":\"LogiBio\"},\"image\":{\"@id\":\"https:\\\/\\\/nature-et-developpement.com\\\/logibio\\\/#\\\/schema\\\/logo\\\/image\\\/\"},\"sameAs\":[\"https:\\\/\\\/www.facebook.com\\\/LogiBio-104633131528471\",\"https:\\\/\\\/www.instagram.com\\\/logibio\\\/\"]}]}<\/script>\n<!-- \/ Yoast SEO plugin. -->","yoast_head_json":{"title":"Linol\u00e9um Sol \u00e0 Cliquer Lino Klick de Ziro","description":"Optez pour Lino Klick de Ziro : sol en linol\u00e9um \u00e0 cliquer, durable, antibact\u00e9rien et facile \u00e0 installer. Parfait pour tous vos espaces int\u00e9rieurs.","robots":{"index":"noindex","follow":"nofollow"},"og_locale":"fr_FR","og_type":"article","og_title":"Linol\u00e9um Sol \u00e0 Cliquer Lino Klick de Ziro","og_description":"Optez pour Lino Klick de Ziro : sol en linol\u00e9um \u00e0 cliquer, durable, antibact\u00e9rien et facile \u00e0 installer. Parfait pour tous vos espaces int\u00e9rieurs.","og_url":"https:\/\/nature-et-developpement.com\/logibio\/produit\/linoleum-sol-a-cliquer-lino-klick-de-ziro\/","og_site_name":"LogiBio","article_publisher":"https:\/\/www.facebook.com\/LogiBio-104633131528471","article_modified_time":"2026-02-27T18:32:25+00:00","twitter_card":"summary_large_image","twitter_misc":{"Dur\u00e9e de lecture estim\u00e9e":"2 minutes"},"schema":{"@context":"https:\/\/schema.org","@graph":[{"@type":"WebPage","@id":"https:\/\/nature-et-developpement.com\/logibio\/produit\/linoleum-sol-a-cliquer-lino-klick-de-ziro\/","url":"https:\/\/nature-et-developpement.com\/logibio\/produit\/linoleum-sol-a-cliquer-lino-klick-de-ziro\/","name":"Linol\u00e9um Sol \u00e0 Cliquer Lino Klick de Ziro","isPartOf":{"@id":"https:\/\/nature-et-developpement.com\/logibio\/#website"},"primaryImageOfPage":{"@id":"https:\/\/nature-et-developpement.com\/logibio\/produit\/linoleum-sol-a-cliquer-lino-klick-de-ziro\/#primaryimage"},"image":{"@id":"https:\/\/nature-et-developpement.com\/logibio\/produit\/linoleum-sol-a-cliquer-lino-klick-de-ziro\/#primaryimage"},"thumbnailUrl":"https:\/\/nature-et-developpement.com\/logibio\/wp-content\/uploads\/Linoleum-Sol-a-Cliquer-Lino-Klick-de-Ziro-cuisine.jpg","datePublished":"2024-06-13T09:14:41+00:00","dateModified":"2026-02-27T18:32:25+00:00","description":"Optez pour Lino Klick de Ziro : sol en linol\u00e9um \u00e0 cliquer, durable, antibact\u00e9rien et facile \u00e0 installer. Parfait pour tous vos espaces int\u00e9rieurs.","breadcrumb":{"@id":"https:\/\/nature-et-developpement.com\/logibio\/produit\/linoleum-sol-a-cliquer-lino-klick-de-ziro\/#breadcrumb"},"inLanguage":"fr-FR","potentialAction":[{"@type":"ReadAction","target":["https:\/\/nature-et-developpement.com\/logibio\/produit\/linoleum-sol-a-cliquer-lino-klick-de-ziro\/"]}]},{"@type":"ImageObject","inLanguage":"fr-FR","@id":"https:\/\/nature-et-developpement.com\/logibio\/produit\/linoleum-sol-a-cliquer-lino-klick-de-ziro\/#primaryimage","url":"https:\/\/nature-et-developpement.com\/logibio\/wp-content\/uploads\/Linoleum-Sol-a-Cliquer-Lino-Klick-de-Ziro-cuisine.jpg","contentUrl":"https:\/\/nature-et-developpement.com\/logibio\/wp-content\/uploads\/Linoleum-Sol-a-Cliquer-Lino-Klick-de-Ziro-cuisine.jpg"},{"@type":"BreadcrumbList","@id":"https:\/\/nature-et-developpement.com\/logibio\/produit\/linoleum-sol-a-cliquer-lino-klick-de-ziro\/#breadcrumb","itemListElement":[{"@type":"ListItem","position":1,"name":"Accueil","item":"https:\/\/nature-et-developpement.com\/logibio\/"},{"@type":"ListItem","position":2,"name":"Contacter LogiBio","item":"https:\/\/nature-et-developpement.com\/logibio\/contact\/"},{"@type":"ListItem","position":3,"name":"Parquets bois, stratifi\u00e9s et li\u00e8ge","item":"https:\/\/nature-et-developpement.com\/logibio\/produits\/parquet-et-sol-naturels\/"},{"@type":"ListItem","position":4,"name":"Sols linol\u00e9um et stratifi\u00e9s","item":"https:\/\/nature-et-developpement.com\/logibio\/produits\/parquet-et-sol-naturels\/sols-en-liege-linoleum-et-stratifies\/"},{"@type":"ListItem","position":5,"name":"Linol\u00e9um Sol \u00e0 Cliquer Lino Klick de Ziro"}]},{"@type":"WebSite","@id":"https:\/\/nature-et-developpement.com\/logibio\/#website","url":"https:\/\/nature-et-developpement.com\/logibio\/","name":"LogiBio","description":"LogiBio fait partie du groupement Nature &amp; D\u00e9veloppement.","publisher":{"@id":"https:\/\/nature-et-developpement.com\/logibio\/#organization"},"potentialAction":[{"@type":"SearchAction","target":{"@type":"EntryPoint","urlTemplate":"https:\/\/nature-et-developpement.com\/logibio\/?s={search_term_string}"},"query-input":{"@type":"PropertyValueSpecification","valueRequired":true,"valueName":"search_term_string"}}],"inLanguage":"fr-FR"},{"@type":"Organization","@id":"https:\/\/nature-et-developpement.com\/logibio\/#organization","name":"LogiBio","url":"https:\/\/nature-et-developpement.com\/logibio\/","logo":{"@type":"ImageObject","inLanguage":"fr-FR","@id":"https:\/\/nature-et-developpement.com\/logibio\/#\/schema\/logo\/image\/","url":"https:\/\/nature-et-developpement.com\/logibio\/wp-content\/uploads\/sites\/20\/2021\/09\/cropped-Logo_LogiBio_150-150-1.jpg","contentUrl":"https:\/\/nature-et-developpement.com\/logibio\/wp-content\/uploads\/sites\/20\/2021\/09\/cropped-Logo_LogiBio_150-150-1.jpg","width":150,"height":112,"caption":"LogiBio"},"image":{"@id":"https:\/\/nature-et-developpement.com\/logibio\/#\/schema\/logo\/image\/"},"sameAs":["https:\/\/www.facebook.com\/LogiBio-104633131528471","https:\/\/www.instagram.com\/logibio\/"]}]}},"distributor_meta":false,"distributor_terms":false,"distributor_media":false,"distributor_original_site_name":"LogiBio","distributor_original_site_url":"https:\/\/nature-et-developpement.com\/logibio","push-errors":false,"_links":{"self":[{"href":"https:\/\/nature-et-developpement.com\/logibio\/wp-json\/wp\/v2\/product\/33223","targetHints":{"allow":["GET"]}}],"collection":[{"href":"https:\/\/nature-et-developpement.com\/logibio\/wp-json\/wp\/v2\/product"}],"about":[{"href":"https:\/\/nature-et-developpement.com\/logibio\/wp-json\/wp\/v2\/types\/product"}],"wp:featuredmedia":[{"embeddable":true,"href":"https:\/\/nature-et-developpement.com\/logibio\/wp-json\/"}],"wp:attachment":[{"href":"https:\/\/nature-et-developpement.com\/logibio\/wp-json\/wp\/v2\/media?parent=33223"}],"wp:term":[{"taxonomy":"product_brand","embeddable":true,"href":"https:\/\/nature-et-developpement.com\/logibio\/wp-json\/wp\/v2\/product_brand?post=33223"},{"taxonomy":"product_cat","embeddable":true,"href":"https:\/\/nature-et-developpement.com\/logibio\/wp-json\/wp\/v2\/product_cat?post=33223"},{"taxonomy":"product_tag","embeddable":true,"href":"https:\/\/nature-et-developpement.com\/logibio\/wp-json\/wp\/v2\/product_tag?post=33223"}],"curies":[{"name":"wp","href":"https:\/\/api.w.org\/{rel}","templated":true}]}}