{"id":34065,"date":"2025-02-13T17:02:32","date_gmt":"2025-02-13T16:02:32","guid":{"rendered":"https:\/\/nature-et-developpement.com\/logibio\/produit\/scie-speciale-isolant-biosource-aiguiseur-bahco\/"},"modified":"2026-02-20T13:30:58","modified_gmt":"2026-02-20T12:30:58","slug":"scie-speciale-isolant-biosource-aiguiseur-bahco","status":"publish","type":"product","link":"https:\/\/nature-et-developpement.com\/logibio\/produit\/scie-speciale-isolant-biosource-aiguiseur-bahco\/","title":{"rendered":"Scie sp\u00e9ciale isolant biosourc\u00e9 + Aiguiseur BAHCO"},"content":{"rendered":"<h2>Scie sp\u00e9ciale isolant et Aff\u00fbteur BAHCO<\/h2>\n<h3>Scie sp\u00e9ciale isolant<\/h3>\n<ul>\n<li>Longueur de la lame : 550mm<\/li>\n<li>Poignet bi-mati\u00e8re et lame de 22&Prime; \u00e0 denture ondul\u00e9e<\/li>\n<li>Epaisseur de la lame : 0.93 mm pour une stabilit\u00e9 maximale<\/li>\n<li>Denture avec un entre-dent de 15mm sp\u00e9cialement con\u00e7ue pour la coupe de mat\u00e9riaux isolants<\/li>\n<li>La denture en vague permet de g\u00e9n\u00e9rer tr\u00e8s peu de d\u00e9chets lors de la coupe<\/li>\n<li class=\"detail-item\">Sp\u00e9cialement con\u00e7ue pour d\u00e9couper des mat\u00e9riaux isolants<\/li>\n<li class=\"detail-item\">La scie \u00e9go\u00efne est dot\u00e9e d&rsquo;un tranchant aff\u00fbt\u00e9 (denture WT) qui permet de couper le mat\u00e9riau en g\u00e9n\u00e9rant tr\u00e8s peu de d\u00e9chets<\/li>\n<li class=\"detail-item\">\u00c0 conserver dans son \u00e9tui pour la prot\u00e9ger contre la corrosion<\/li>\n<\/ul>\n<div>\n<h3>Aff\u00fbteur \u00e0 Lame en <strong>carbure de tungst\u00e8ne.<\/strong><\/h3>\n<ul>\n<li class=\"detail-item\">Aff\u00fbteurs professionnels en acier rapide pour aiguiser toutes sortes de lames<\/li>\n<li class=\"detail-item\">S\u00e9curit\u00e9 optimale, avec ces 2 protecteurs lat\u00e9raux pour \u00e9viter que la main ne glisse sur le bord tranchant de la lame<\/li>\n<li class=\"detail-item\">Aff\u00fbteur en acier rapide pour aiguiser toutes sortes de lames<\/li>\n<\/ul>\n<\/div>\n","protected":false},"excerpt":{"rendered":"<p>Scie sp\u00e9ciale isolant Bahco tr\u00e8s pratique pour couper facilement et avec pr\u00e9cision toutes sortes de mat\u00e9riaux isolants.<\/p>\n<p>L&rsquo;affuteur Bahco est tr\u00e8s pratique, il vous permettra d&rsquo;aiguiser la lame de votre\u00a0<strong>scie<\/strong>\u00a0pour des coupes parfaites.<\/p>\n","protected":false},"featured_media":1000000153822,"template":"","meta":[],"product_brand":[4732],"product_cat":[243,696],"product_tag":[4355],"class_list":{"0":"post-34065","1":"product","2":"type-product","3":"status-publish","4":"has-post-thumbnail","6":"product_brand-bahco","7":"product_cat-accessoires-isolation-et-etancheite","8":"product_cat-outillage","9":"product_tag-biofib","10":"product_shipping_class-petit-equipement-outil-eclairage","12":"first","13":"instock","14":"taxable","15":"shipping-taxable","16":"purchasable","17":"product-type-variable"},"yoast_head":"<!-- This site is optimized with the Yoast SEO plugin v27.5 - https:\/\/yoast.com\/product\/yoast-seo-wordpress\/ -->\n<title>Scie sp\u00e9ciale isolant biosourc\u00e9 + Aiguiseur BAHCO<\/title>\n<meta name=\"description\" content=\"Scie sp\u00e9ciale isolant Bahco tr\u00e8s pratique pour couper facilement et avec pr\u00e9cision toutes sortes de mat\u00e9riaux isolants.  L&#039;affuteur Bahco est tr\u00e8s pratique, il vous permettra d&#039;aiguiser la lame de votre\u00a0scie\u00a0pour des coupes parfaites.\" \/>\n<meta name=\"robots\" content=\"noindex, nofollow\" \/>\n<meta property=\"og:locale\" content=\"fr_FR\" \/>\n<meta property=\"og:type\" content=\"article\" \/>\n<meta property=\"og:title\" content=\"Scie sp\u00e9ciale isolant biosourc\u00e9 + Aiguiseur BAHCO\" \/>\n<meta property=\"og:description\" content=\"Scie sp\u00e9ciale isolant Bahco tr\u00e8s pratique pour couper facilement et avec pr\u00e9cision toutes sortes de mat\u00e9riaux isolants.  L&#039;affuteur Bahco est tr\u00e8s pratique, il vous permettra d&#039;aiguiser la lame de votre\u00a0scie\u00a0pour des coupes parfaites.\" \/>\n<meta property=\"og:url\" content=\"https:\/\/nature-et-developpement.com\/logibio\/produit\/scie-speciale-isolant-biosource-aiguiseur-bahco\/\" \/>\n<meta property=\"og:site_name\" content=\"LogiBio\" \/>\n<meta property=\"article:publisher\" content=\"https:\/\/www.facebook.com\/LogiBio-104633131528471\" \/>\n<meta property=\"article:modified_time\" content=\"2026-02-20T12:30:58+00:00\" \/>\n<meta name=\"twitter:card\" content=\"summary_large_image\" \/>\n<meta name=\"twitter:label1\" content=\"Dur\u00e9e de lecture estim\u00e9e\" \/>\n\t<meta name=\"twitter:data1\" content=\"1 minute\" \/>\n<script type=\"application\/ld+json\" class=\"yoast-schema-graph\">{\"@context\":\"https:\\\/\\\/schema.org\",\"@graph\":[{\"@type\":\"WebPage\",\"@id\":\"https:\\\/\\\/nature-et-developpement.com\\\/logibio\\\/produit\\\/scie-speciale-isolant-biosource-aiguiseur-bahco\\\/\",\"url\":\"https:\\\/\\\/nature-et-developpement.com\\\/logibio\\\/produit\\\/scie-speciale-isolant-biosource-aiguiseur-bahco\\\/\",\"name\":\"Scie sp\u00e9ciale isolant biosourc\u00e9 + Aiguiseur BAHCO\",\"isPartOf\":{\"@id\":\"https:\\\/\\\/nature-et-developpement.com\\\/logibio\\\/#website\"},\"primaryImageOfPage\":{\"@id\":\"https:\\\/\\\/nature-et-developpement.com\\\/logibio\\\/produit\\\/scie-speciale-isolant-biosource-aiguiseur-bahco\\\/#primaryimage\"},\"image\":{\"@id\":\"https:\\\/\\\/nature-et-developpement.com\\\/logibio\\\/produit\\\/scie-speciale-isolant-biosource-aiguiseur-bahco\\\/#primaryimage\"},\"thumbnailUrl\":\"https:\\\/\\\/nature-et-developpement.com\\\/logibio\\\/wp-content\\\/uploads\\\/Scie-Bahco-et-aiguiseur-pour-isolants-biosources.jpg\",\"datePublished\":\"2025-02-13T16:02:32+00:00\",\"dateModified\":\"2026-02-20T12:30:58+00:00\",\"description\":\"Scie sp\u00e9ciale isolant Bahco tr\u00e8s pratique pour couper facilement et avec pr\u00e9cision toutes sortes de mat\u00e9riaux isolants. L'affuteur Bahco est tr\u00e8s pratique, il vous permettra d'aiguiser la lame de votre\u00a0scie\u00a0pour des coupes parfaites.\",\"breadcrumb\":{\"@id\":\"https:\\\/\\\/nature-et-developpement.com\\\/logibio\\\/produit\\\/scie-speciale-isolant-biosource-aiguiseur-bahco\\\/#breadcrumb\"},\"inLanguage\":\"fr-FR\",\"potentialAction\":[{\"@type\":\"ReadAction\",\"target\":[\"https:\\\/\\\/nature-et-developpement.com\\\/logibio\\\/produit\\\/scie-speciale-isolant-biosource-aiguiseur-bahco\\\/\"]}]},{\"@type\":\"ImageObject\",\"inLanguage\":\"fr-FR\",\"@id\":\"https:\\\/\\\/nature-et-developpement.com\\\/logibio\\\/produit\\\/scie-speciale-isolant-biosource-aiguiseur-bahco\\\/#primaryimage\",\"url\":\"https:\\\/\\\/nature-et-developpement.com\\\/logibio\\\/wp-content\\\/uploads\\\/Scie-Bahco-et-aiguiseur-pour-isolants-biosources.jpg\",\"contentUrl\":\"https:\\\/\\\/nature-et-developpement.com\\\/logibio\\\/wp-content\\\/uploads\\\/Scie-Bahco-et-aiguiseur-pour-isolants-biosources.jpg\"},{\"@type\":\"BreadcrumbList\",\"@id\":\"https:\\\/\\\/nature-et-developpement.com\\\/logibio\\\/produit\\\/scie-speciale-isolant-biosource-aiguiseur-bahco\\\/#breadcrumb\",\"itemListElement\":[{\"@type\":\"ListItem\",\"position\":1,\"name\":\"Accueil\",\"item\":\"https:\\\/\\\/nature-et-developpement.com\\\/logibio\\\/\"},{\"@type\":\"ListItem\",\"position\":2,\"name\":\"Contacter LogiBio\",\"item\":\"https:\\\/\\\/nature-et-developpement.com\\\/logibio\\\/contact\\\/\"},{\"@type\":\"ListItem\",\"position\":3,\"name\":\"Isolation et \u00e9tanch\u00e9it\u00e9\",\"item\":\"https:\\\/\\\/nature-et-developpement.com\\\/logibio\\\/produits\\\/isolation-et-etancheite\\\/\"},{\"@type\":\"ListItem\",\"position\":4,\"name\":\"Accessoires isolation et \u00e9tanch\u00e9it\u00e9\",\"item\":\"https:\\\/\\\/nature-et-developpement.com\\\/logibio\\\/produits\\\/isolation-et-etancheite\\\/accessoires-isolation-et-etancheite\\\/\"},{\"@type\":\"ListItem\",\"position\":5,\"name\":\"Scie sp\u00e9ciale isolant biosourc\u00e9 + Aiguiseur BAHCO\"}]},{\"@type\":\"WebSite\",\"@id\":\"https:\\\/\\\/nature-et-developpement.com\\\/logibio\\\/#website\",\"url\":\"https:\\\/\\\/nature-et-developpement.com\\\/logibio\\\/\",\"name\":\"LogiBio\",\"description\":\"LogiBio fait partie du groupement Nature &amp; D\u00e9veloppement.\",\"publisher\":{\"@id\":\"https:\\\/\\\/nature-et-developpement.com\\\/logibio\\\/#organization\"},\"potentialAction\":[{\"@type\":\"SearchAction\",\"target\":{\"@type\":\"EntryPoint\",\"urlTemplate\":\"https:\\\/\\\/nature-et-developpement.com\\\/logibio\\\/?s={search_term_string}\"},\"query-input\":{\"@type\":\"PropertyValueSpecification\",\"valueRequired\":true,\"valueName\":\"search_term_string\"}}],\"inLanguage\":\"fr-FR\"},{\"@type\":\"Organization\",\"@id\":\"https:\\\/\\\/nature-et-developpement.com\\\/logibio\\\/#organization\",\"name\":\"LogiBio\",\"url\":\"https:\\\/\\\/nature-et-developpement.com\\\/logibio\\\/\",\"logo\":{\"@type\":\"ImageObject\",\"inLanguage\":\"fr-FR\",\"@id\":\"https:\\\/\\\/nature-et-developpement.com\\\/logibio\\\/#\\\/schema\\\/logo\\\/image\\\/\",\"url\":\"https:\\\/\\\/nature-et-developpement.com\\\/logibio\\\/wp-content\\\/uploads\\\/sites\\\/20\\\/2021\\\/09\\\/cropped-Logo_LogiBio_150-150-1.jpg\",\"contentUrl\":\"https:\\\/\\\/nature-et-developpement.com\\\/logibio\\\/wp-content\\\/uploads\\\/sites\\\/20\\\/2021\\\/09\\\/cropped-Logo_LogiBio_150-150-1.jpg\",\"width\":150,\"height\":112,\"caption\":\"LogiBio\"},\"image\":{\"@id\":\"https:\\\/\\\/nature-et-developpement.com\\\/logibio\\\/#\\\/schema\\\/logo\\\/image\\\/\"},\"sameAs\":[\"https:\\\/\\\/www.facebook.com\\\/LogiBio-104633131528471\",\"https:\\\/\\\/www.instagram.com\\\/logibio\\\/\"]}]}<\/script>\n<!-- \/ Yoast SEO plugin. -->","yoast_head_json":{"title":"Scie sp\u00e9ciale isolant biosourc\u00e9 + Aiguiseur BAHCO","description":"Scie sp\u00e9ciale isolant Bahco tr\u00e8s pratique pour couper facilement et avec pr\u00e9cision toutes sortes de mat\u00e9riaux isolants.  L'affuteur Bahco est tr\u00e8s pratique, il vous permettra d'aiguiser la lame de votre\u00a0scie\u00a0pour des coupes parfaites.","robots":{"index":"noindex","follow":"nofollow"},"og_locale":"fr_FR","og_type":"article","og_title":"Scie sp\u00e9ciale isolant biosourc\u00e9 + Aiguiseur BAHCO","og_description":"Scie sp\u00e9ciale isolant Bahco tr\u00e8s pratique pour couper facilement et avec pr\u00e9cision toutes sortes de mat\u00e9riaux isolants.  L'affuteur Bahco est tr\u00e8s pratique, il vous permettra d'aiguiser la lame de votre\u00a0scie\u00a0pour des coupes parfaites.","og_url":"https:\/\/nature-et-developpement.com\/logibio\/produit\/scie-speciale-isolant-biosource-aiguiseur-bahco\/","og_site_name":"LogiBio","article_publisher":"https:\/\/www.facebook.com\/LogiBio-104633131528471","article_modified_time":"2026-02-20T12:30:58+00:00","twitter_card":"summary_large_image","twitter_misc":{"Dur\u00e9e de lecture estim\u00e9e":"1 minute"},"schema":{"@context":"https:\/\/schema.org","@graph":[{"@type":"WebPage","@id":"https:\/\/nature-et-developpement.com\/logibio\/produit\/scie-speciale-isolant-biosource-aiguiseur-bahco\/","url":"https:\/\/nature-et-developpement.com\/logibio\/produit\/scie-speciale-isolant-biosource-aiguiseur-bahco\/","name":"Scie sp\u00e9ciale isolant biosourc\u00e9 + Aiguiseur BAHCO","isPartOf":{"@id":"https:\/\/nature-et-developpement.com\/logibio\/#website"},"primaryImageOfPage":{"@id":"https:\/\/nature-et-developpement.com\/logibio\/produit\/scie-speciale-isolant-biosource-aiguiseur-bahco\/#primaryimage"},"image":{"@id":"https:\/\/nature-et-developpement.com\/logibio\/produit\/scie-speciale-isolant-biosource-aiguiseur-bahco\/#primaryimage"},"thumbnailUrl":"https:\/\/nature-et-developpement.com\/logibio\/wp-content\/uploads\/Scie-Bahco-et-aiguiseur-pour-isolants-biosources.jpg","datePublished":"2025-02-13T16:02:32+00:00","dateModified":"2026-02-20T12:30:58+00:00","description":"Scie sp\u00e9ciale isolant Bahco tr\u00e8s pratique pour couper facilement et avec pr\u00e9cision toutes sortes de mat\u00e9riaux isolants. L'affuteur Bahco est tr\u00e8s pratique, il vous permettra d'aiguiser la lame de votre\u00a0scie\u00a0pour des coupes parfaites.","breadcrumb":{"@id":"https:\/\/nature-et-developpement.com\/logibio\/produit\/scie-speciale-isolant-biosource-aiguiseur-bahco\/#breadcrumb"},"inLanguage":"fr-FR","potentialAction":[{"@type":"ReadAction","target":["https:\/\/nature-et-developpement.com\/logibio\/produit\/scie-speciale-isolant-biosource-aiguiseur-bahco\/"]}]},{"@type":"ImageObject","inLanguage":"fr-FR","@id":"https:\/\/nature-et-developpement.com\/logibio\/produit\/scie-speciale-isolant-biosource-aiguiseur-bahco\/#primaryimage","url":"https:\/\/nature-et-developpement.com\/logibio\/wp-content\/uploads\/Scie-Bahco-et-aiguiseur-pour-isolants-biosources.jpg","contentUrl":"https:\/\/nature-et-developpement.com\/logibio\/wp-content\/uploads\/Scie-Bahco-et-aiguiseur-pour-isolants-biosources.jpg"},{"@type":"BreadcrumbList","@id":"https:\/\/nature-et-developpement.com\/logibio\/produit\/scie-speciale-isolant-biosource-aiguiseur-bahco\/#breadcrumb","itemListElement":[{"@type":"ListItem","position":1,"name":"Accueil","item":"https:\/\/nature-et-developpement.com\/logibio\/"},{"@type":"ListItem","position":2,"name":"Contacter LogiBio","item":"https:\/\/nature-et-developpement.com\/logibio\/contact\/"},{"@type":"ListItem","position":3,"name":"Isolation et \u00e9tanch\u00e9it\u00e9","item":"https:\/\/nature-et-developpement.com\/logibio\/produits\/isolation-et-etancheite\/"},{"@type":"ListItem","position":4,"name":"Accessoires isolation et \u00e9tanch\u00e9it\u00e9","item":"https:\/\/nature-et-developpement.com\/logibio\/produits\/isolation-et-etancheite\/accessoires-isolation-et-etancheite\/"},{"@type":"ListItem","position":5,"name":"Scie sp\u00e9ciale isolant biosourc\u00e9 + Aiguiseur BAHCO"}]},{"@type":"WebSite","@id":"https:\/\/nature-et-developpement.com\/logibio\/#website","url":"https:\/\/nature-et-developpement.com\/logibio\/","name":"LogiBio","description":"LogiBio fait partie du groupement Nature &amp; D\u00e9veloppement.","publisher":{"@id":"https:\/\/nature-et-developpement.com\/logibio\/#organization"},"potentialAction":[{"@type":"SearchAction","target":{"@type":"EntryPoint","urlTemplate":"https:\/\/nature-et-developpement.com\/logibio\/?s={search_term_string}"},"query-input":{"@type":"PropertyValueSpecification","valueRequired":true,"valueName":"search_term_string"}}],"inLanguage":"fr-FR"},{"@type":"Organization","@id":"https:\/\/nature-et-developpement.com\/logibio\/#organization","name":"LogiBio","url":"https:\/\/nature-et-developpement.com\/logibio\/","logo":{"@type":"ImageObject","inLanguage":"fr-FR","@id":"https:\/\/nature-et-developpement.com\/logibio\/#\/schema\/logo\/image\/","url":"https:\/\/nature-et-developpement.com\/logibio\/wp-content\/uploads\/sites\/20\/2021\/09\/cropped-Logo_LogiBio_150-150-1.jpg","contentUrl":"https:\/\/nature-et-developpement.com\/logibio\/wp-content\/uploads\/sites\/20\/2021\/09\/cropped-Logo_LogiBio_150-150-1.jpg","width":150,"height":112,"caption":"LogiBio"},"image":{"@id":"https:\/\/nature-et-developpement.com\/logibio\/#\/schema\/logo\/image\/"},"sameAs":["https:\/\/www.facebook.com\/LogiBio-104633131528471","https:\/\/www.instagram.com\/logibio\/"]}]}},"distributor_meta":false,"distributor_terms":false,"distributor_media":false,"distributor_original_site_name":"LogiBio","distributor_original_site_url":"https:\/\/nature-et-developpement.com\/logibio","push-errors":false,"_links":{"self":[{"href":"https:\/\/nature-et-developpement.com\/logibio\/wp-json\/wp\/v2\/product\/34065","targetHints":{"allow":["GET"]}}],"collection":[{"href":"https:\/\/nature-et-developpement.com\/logibio\/wp-json\/wp\/v2\/product"}],"about":[{"href":"https:\/\/nature-et-developpement.com\/logibio\/wp-json\/wp\/v2\/types\/product"}],"wp:featuredmedia":[{"embeddable":true,"href":"https:\/\/nature-et-developpement.com\/logibio\/wp-json\/"}],"wp:attachment":[{"href":"https:\/\/nature-et-developpement.com\/logibio\/wp-json\/wp\/v2\/media?parent=34065"}],"wp:term":[{"taxonomy":"product_brand","embeddable":true,"href":"https:\/\/nature-et-developpement.com\/logibio\/wp-json\/wp\/v2\/product_brand?post=34065"},{"taxonomy":"product_cat","embeddable":true,"href":"https:\/\/nature-et-developpement.com\/logibio\/wp-json\/wp\/v2\/product_cat?post=34065"},{"taxonomy":"product_tag","embeddable":true,"href":"https:\/\/nature-et-developpement.com\/logibio\/wp-json\/wp\/v2\/product_tag?post=34065"}],"curies":[{"name":"wp","href":"https:\/\/api.w.org\/{rel}","templated":true}]}}