{"id":34257,"date":"2025-03-18T10:12:35","date_gmt":"2025-03-18T09:12:35","guid":{"rendered":"https:\/\/nature-et-developpement.com\/logibio\/produit\/panneau-resilient-thermo-acoustique-steico-phaltex\/"},"modified":"2026-03-03T22:41:51","modified_gmt":"2026-03-03T21:41:51","slug":"panneau-resilient-thermo-acoustique-steico-phaltex","status":"publish","type":"product","link":"https:\/\/nature-et-developpement.com\/logibio\/produit\/panneau-resilient-thermo-acoustique-steico-phaltex\/","title":{"rendered":"STEICO Phaltex &#8211; Panneau r\u00e9silient thermo-acoustique"},"content":{"rendered":"<p>\u2022 Panneau obtenu par feutrage et s\u00e9chage de fibres de bois r\u00e9sineux et impr\u00e9gn\u00e9 \u00e0 10% de bitume sec en cours de fabrication. (Impr\u00e9gnation renforc\u00e9e sur demande).<\/p>\n<p>\u2022 Excellente isolation contre les bruits d\u2019impacts : am\u00e9lioration du confort phonique des pi\u00e8ces<\/p>\n<p>\u2022 Ouvert \u00e0 la diffusion de vapeur d\u2019eau<\/p>\n<p>\u2022 Mise en \u0153uvre ais\u00e9e<\/p>\n<p>\u2022 R\u00e9gulateur hygrom\u00e9trique<\/p>\n<p>\u2022 Recyclable, \u00e9cologique, respecte l\u2019environnement<\/p>\n","protected":false},"excerpt":{"rendered":"<p>Isolation thermique et phonique pour sol, sous parquet flottant ou dalles de sol rigides, s&rsquo;utilise en milieu humide.<\/p>\n<p>Steico Phaltex est un produit 100 % \u00e9cologique, en fibre de bois obtenu par feutrage et s\u00e9chage de fibre de bois r\u00e9sineux et impr\u00e9gn\u00e9 \u00e0 10% de bitume sec.<\/p>\n","protected":false},"featured_media":1000000166599,"template":"","meta":[],"product_brand":[2714],"product_cat":[4283,4284,17,18],"product_tag":[4291],"class_list":{"0":"post-34257","1":"product","2":"type-product","3":"status-publish","4":"has-post-thumbnail","6":"product_brand-steico","7":"product_cat-isolation-interieure","8":"product_cat-isolation-phonique","9":"product_cat-parquet-et-sol-naturels","10":"product_cat-sous-couche-parquet","11":"product_tag-fibre-de-bois","13":"first","14":"instock","15":"taxable","16":"shipping-taxable","17":"purchasable","18":"product-type-variable"},"yoast_head":"<!-- This site is optimized with the Yoast SEO plugin v27.5 - https:\/\/yoast.com\/product\/yoast-seo-wordpress\/ -->\n<title>STEICO Phaltex - Panneau r\u00e9silient thermo-acoustique<\/title>\n<meta name=\"description\" content=\"Isolation thermique et phonique pour sol, sous parquet flottant ou dalles de sol rigides, s&#039;utilise en milieu humide.  Steico Phaltex est un produit 100 % \u00e9cologique, en fibre de bois obtenu par feutrage et s\u00e9chage de fibre de bois r\u00e9sineux et impr\u00e9gn\u00e9 \u00e0 10% de bitume sec.\" \/>\n<meta name=\"robots\" content=\"noindex, nofollow\" \/>\n<meta property=\"og:locale\" content=\"fr_FR\" \/>\n<meta property=\"og:type\" content=\"article\" \/>\n<meta property=\"og:title\" content=\"STEICO Phaltex - Panneau r\u00e9silient thermo-acoustique\" \/>\n<meta property=\"og:description\" content=\"Isolation thermique et phonique pour sol, sous parquet flottant ou dalles de sol rigides, s&#039;utilise en milieu humide.  Steico Phaltex est un produit 100 % \u00e9cologique, en fibre de bois obtenu par feutrage et s\u00e9chage de fibre de bois r\u00e9sineux et impr\u00e9gn\u00e9 \u00e0 10% de bitume sec.\" \/>\n<meta property=\"og:url\" content=\"https:\/\/nature-et-developpement.com\/logibio\/produit\/panneau-resilient-thermo-acoustique-steico-phaltex\/\" \/>\n<meta property=\"og:site_name\" content=\"LogiBio\" \/>\n<meta property=\"article:publisher\" content=\"https:\/\/www.facebook.com\/LogiBio-104633131528471\" \/>\n<meta property=\"article:modified_time\" content=\"2026-03-03T21:41:51+00:00\" \/>\n<meta name=\"twitter:card\" content=\"summary_large_image\" \/>\n<script type=\"application\/ld+json\" class=\"yoast-schema-graph\">{\"@context\":\"https:\\\/\\\/schema.org\",\"@graph\":[{\"@type\":\"WebPage\",\"@id\":\"https:\\\/\\\/nature-et-developpement.com\\\/logibio\\\/produit\\\/panneau-resilient-thermo-acoustique-steico-phaltex\\\/\",\"url\":\"https:\\\/\\\/nature-et-developpement.com\\\/logibio\\\/produit\\\/panneau-resilient-thermo-acoustique-steico-phaltex\\\/\",\"name\":\"STEICO Phaltex - Panneau r\u00e9silient thermo-acoustique\",\"isPartOf\":{\"@id\":\"https:\\\/\\\/nature-et-developpement.com\\\/logibio\\\/#website\"},\"primaryImageOfPage\":{\"@id\":\"https:\\\/\\\/nature-et-developpement.com\\\/logibio\\\/produit\\\/panneau-resilient-thermo-acoustique-steico-phaltex\\\/#primaryimage\"},\"image\":{\"@id\":\"https:\\\/\\\/nature-et-developpement.com\\\/logibio\\\/produit\\\/panneau-resilient-thermo-acoustique-steico-phaltex\\\/#primaryimage\"},\"thumbnailUrl\":\"https:\\\/\\\/nature-et-developpement.com\\\/logibio\\\/wp-content\\\/uploads\\\/Panneau-resilient-thermo-acoustique-STEICO-Phaltex.jpg\",\"datePublished\":\"2025-03-18T09:12:35+00:00\",\"dateModified\":\"2026-03-03T21:41:51+00:00\",\"description\":\"Isolation thermique et phonique pour sol, sous parquet flottant ou dalles de sol rigides, s'utilise en milieu humide. Steico Phaltex est un produit 100 % \u00e9cologique, en fibre de bois obtenu par feutrage et s\u00e9chage de fibre de bois r\u00e9sineux et impr\u00e9gn\u00e9 \u00e0 10% de bitume sec.\",\"breadcrumb\":{\"@id\":\"https:\\\/\\\/nature-et-developpement.com\\\/logibio\\\/produit\\\/panneau-resilient-thermo-acoustique-steico-phaltex\\\/#breadcrumb\"},\"inLanguage\":\"fr-FR\",\"potentialAction\":[{\"@type\":\"ReadAction\",\"target\":[\"https:\\\/\\\/nature-et-developpement.com\\\/logibio\\\/produit\\\/panneau-resilient-thermo-acoustique-steico-phaltex\\\/\"]}]},{\"@type\":\"ImageObject\",\"inLanguage\":\"fr-FR\",\"@id\":\"https:\\\/\\\/nature-et-developpement.com\\\/logibio\\\/produit\\\/panneau-resilient-thermo-acoustique-steico-phaltex\\\/#primaryimage\",\"url\":\"https:\\\/\\\/nature-et-developpement.com\\\/logibio\\\/wp-content\\\/uploads\\\/Panneau-resilient-thermo-acoustique-STEICO-Phaltex.jpg\",\"contentUrl\":\"https:\\\/\\\/nature-et-developpement.com\\\/logibio\\\/wp-content\\\/uploads\\\/Panneau-resilient-thermo-acoustique-STEICO-Phaltex.jpg\"},{\"@type\":\"BreadcrumbList\",\"@id\":\"https:\\\/\\\/nature-et-developpement.com\\\/logibio\\\/produit\\\/panneau-resilient-thermo-acoustique-steico-phaltex\\\/#breadcrumb\",\"itemListElement\":[{\"@type\":\"ListItem\",\"position\":1,\"name\":\"Accueil\",\"item\":\"https:\\\/\\\/nature-et-developpement.com\\\/logibio\\\/\"},{\"@type\":\"ListItem\",\"position\":2,\"name\":\"Contacter LogiBio\",\"item\":\"https:\\\/\\\/nature-et-developpement.com\\\/logibio\\\/contact\\\/\"},{\"@type\":\"ListItem\",\"position\":3,\"name\":\"Isolation et \u00e9tanch\u00e9it\u00e9\",\"item\":\"https:\\\/\\\/nature-et-developpement.com\\\/logibio\\\/produits\\\/isolation-et-etancheite\\\/\"},{\"@type\":\"ListItem\",\"position\":4,\"name\":\"Isolation int\u00e9rieure\",\"item\":\"https:\\\/\\\/nature-et-developpement.com\\\/logibio\\\/produits\\\/isolation-et-etancheite\\\/isolation-interieure\\\/\"},{\"@type\":\"ListItem\",\"position\":5,\"name\":\"STEICO Phaltex &#8211; Panneau r\u00e9silient thermo-acoustique\"}]},{\"@type\":\"WebSite\",\"@id\":\"https:\\\/\\\/nature-et-developpement.com\\\/logibio\\\/#website\",\"url\":\"https:\\\/\\\/nature-et-developpement.com\\\/logibio\\\/\",\"name\":\"LogiBio\",\"description\":\"LogiBio fait partie du groupement Nature &amp; D\u00e9veloppement.\",\"publisher\":{\"@id\":\"https:\\\/\\\/nature-et-developpement.com\\\/logibio\\\/#organization\"},\"potentialAction\":[{\"@type\":\"SearchAction\",\"target\":{\"@type\":\"EntryPoint\",\"urlTemplate\":\"https:\\\/\\\/nature-et-developpement.com\\\/logibio\\\/?s={search_term_string}\"},\"query-input\":{\"@type\":\"PropertyValueSpecification\",\"valueRequired\":true,\"valueName\":\"search_term_string\"}}],\"inLanguage\":\"fr-FR\"},{\"@type\":\"Organization\",\"@id\":\"https:\\\/\\\/nature-et-developpement.com\\\/logibio\\\/#organization\",\"name\":\"LogiBio\",\"url\":\"https:\\\/\\\/nature-et-developpement.com\\\/logibio\\\/\",\"logo\":{\"@type\":\"ImageObject\",\"inLanguage\":\"fr-FR\",\"@id\":\"https:\\\/\\\/nature-et-developpement.com\\\/logibio\\\/#\\\/schema\\\/logo\\\/image\\\/\",\"url\":\"https:\\\/\\\/nature-et-developpement.com\\\/logibio\\\/wp-content\\\/uploads\\\/sites\\\/20\\\/2021\\\/09\\\/cropped-Logo_LogiBio_150-150-1.jpg\",\"contentUrl\":\"https:\\\/\\\/nature-et-developpement.com\\\/logibio\\\/wp-content\\\/uploads\\\/sites\\\/20\\\/2021\\\/09\\\/cropped-Logo_LogiBio_150-150-1.jpg\",\"width\":150,\"height\":112,\"caption\":\"LogiBio\"},\"image\":{\"@id\":\"https:\\\/\\\/nature-et-developpement.com\\\/logibio\\\/#\\\/schema\\\/logo\\\/image\\\/\"},\"sameAs\":[\"https:\\\/\\\/www.facebook.com\\\/LogiBio-104633131528471\",\"https:\\\/\\\/www.instagram.com\\\/logibio\\\/\"]}]}<\/script>\n<!-- \/ Yoast SEO plugin. -->","yoast_head_json":{"title":"STEICO Phaltex - Panneau r\u00e9silient thermo-acoustique","description":"Isolation thermique et phonique pour sol, sous parquet flottant ou dalles de sol rigides, s'utilise en milieu humide.  Steico Phaltex est un produit 100 % \u00e9cologique, en fibre de bois obtenu par feutrage et s\u00e9chage de fibre de bois r\u00e9sineux et impr\u00e9gn\u00e9 \u00e0 10% de bitume sec.","robots":{"index":"noindex","follow":"nofollow"},"og_locale":"fr_FR","og_type":"article","og_title":"STEICO Phaltex - Panneau r\u00e9silient thermo-acoustique","og_description":"Isolation thermique et phonique pour sol, sous parquet flottant ou dalles de sol rigides, s'utilise en milieu humide.  Steico Phaltex est un produit 100 % \u00e9cologique, en fibre de bois obtenu par feutrage et s\u00e9chage de fibre de bois r\u00e9sineux et impr\u00e9gn\u00e9 \u00e0 10% de bitume sec.","og_url":"https:\/\/nature-et-developpement.com\/logibio\/produit\/panneau-resilient-thermo-acoustique-steico-phaltex\/","og_site_name":"LogiBio","article_publisher":"https:\/\/www.facebook.com\/LogiBio-104633131528471","article_modified_time":"2026-03-03T21:41:51+00:00","twitter_card":"summary_large_image","schema":{"@context":"https:\/\/schema.org","@graph":[{"@type":"WebPage","@id":"https:\/\/nature-et-developpement.com\/logibio\/produit\/panneau-resilient-thermo-acoustique-steico-phaltex\/","url":"https:\/\/nature-et-developpement.com\/logibio\/produit\/panneau-resilient-thermo-acoustique-steico-phaltex\/","name":"STEICO Phaltex - Panneau r\u00e9silient thermo-acoustique","isPartOf":{"@id":"https:\/\/nature-et-developpement.com\/logibio\/#website"},"primaryImageOfPage":{"@id":"https:\/\/nature-et-developpement.com\/logibio\/produit\/panneau-resilient-thermo-acoustique-steico-phaltex\/#primaryimage"},"image":{"@id":"https:\/\/nature-et-developpement.com\/logibio\/produit\/panneau-resilient-thermo-acoustique-steico-phaltex\/#primaryimage"},"thumbnailUrl":"https:\/\/nature-et-developpement.com\/logibio\/wp-content\/uploads\/Panneau-resilient-thermo-acoustique-STEICO-Phaltex.jpg","datePublished":"2025-03-18T09:12:35+00:00","dateModified":"2026-03-03T21:41:51+00:00","description":"Isolation thermique et phonique pour sol, sous parquet flottant ou dalles de sol rigides, s'utilise en milieu humide. Steico Phaltex est un produit 100 % \u00e9cologique, en fibre de bois obtenu par feutrage et s\u00e9chage de fibre de bois r\u00e9sineux et impr\u00e9gn\u00e9 \u00e0 10% de bitume sec.","breadcrumb":{"@id":"https:\/\/nature-et-developpement.com\/logibio\/produit\/panneau-resilient-thermo-acoustique-steico-phaltex\/#breadcrumb"},"inLanguage":"fr-FR","potentialAction":[{"@type":"ReadAction","target":["https:\/\/nature-et-developpement.com\/logibio\/produit\/panneau-resilient-thermo-acoustique-steico-phaltex\/"]}]},{"@type":"ImageObject","inLanguage":"fr-FR","@id":"https:\/\/nature-et-developpement.com\/logibio\/produit\/panneau-resilient-thermo-acoustique-steico-phaltex\/#primaryimage","url":"https:\/\/nature-et-developpement.com\/logibio\/wp-content\/uploads\/Panneau-resilient-thermo-acoustique-STEICO-Phaltex.jpg","contentUrl":"https:\/\/nature-et-developpement.com\/logibio\/wp-content\/uploads\/Panneau-resilient-thermo-acoustique-STEICO-Phaltex.jpg"},{"@type":"BreadcrumbList","@id":"https:\/\/nature-et-developpement.com\/logibio\/produit\/panneau-resilient-thermo-acoustique-steico-phaltex\/#breadcrumb","itemListElement":[{"@type":"ListItem","position":1,"name":"Accueil","item":"https:\/\/nature-et-developpement.com\/logibio\/"},{"@type":"ListItem","position":2,"name":"Contacter LogiBio","item":"https:\/\/nature-et-developpement.com\/logibio\/contact\/"},{"@type":"ListItem","position":3,"name":"Isolation et \u00e9tanch\u00e9it\u00e9","item":"https:\/\/nature-et-developpement.com\/logibio\/produits\/isolation-et-etancheite\/"},{"@type":"ListItem","position":4,"name":"Isolation int\u00e9rieure","item":"https:\/\/nature-et-developpement.com\/logibio\/produits\/isolation-et-etancheite\/isolation-interieure\/"},{"@type":"ListItem","position":5,"name":"STEICO Phaltex &#8211; Panneau r\u00e9silient thermo-acoustique"}]},{"@type":"WebSite","@id":"https:\/\/nature-et-developpement.com\/logibio\/#website","url":"https:\/\/nature-et-developpement.com\/logibio\/","name":"LogiBio","description":"LogiBio fait partie du groupement Nature &amp; D\u00e9veloppement.","publisher":{"@id":"https:\/\/nature-et-developpement.com\/logibio\/#organization"},"potentialAction":[{"@type":"SearchAction","target":{"@type":"EntryPoint","urlTemplate":"https:\/\/nature-et-developpement.com\/logibio\/?s={search_term_string}"},"query-input":{"@type":"PropertyValueSpecification","valueRequired":true,"valueName":"search_term_string"}}],"inLanguage":"fr-FR"},{"@type":"Organization","@id":"https:\/\/nature-et-developpement.com\/logibio\/#organization","name":"LogiBio","url":"https:\/\/nature-et-developpement.com\/logibio\/","logo":{"@type":"ImageObject","inLanguage":"fr-FR","@id":"https:\/\/nature-et-developpement.com\/logibio\/#\/schema\/logo\/image\/","url":"https:\/\/nature-et-developpement.com\/logibio\/wp-content\/uploads\/sites\/20\/2021\/09\/cropped-Logo_LogiBio_150-150-1.jpg","contentUrl":"https:\/\/nature-et-developpement.com\/logibio\/wp-content\/uploads\/sites\/20\/2021\/09\/cropped-Logo_LogiBio_150-150-1.jpg","width":150,"height":112,"caption":"LogiBio"},"image":{"@id":"https:\/\/nature-et-developpement.com\/logibio\/#\/schema\/logo\/image\/"},"sameAs":["https:\/\/www.facebook.com\/LogiBio-104633131528471","https:\/\/www.instagram.com\/logibio\/"]}]}},"distributor_meta":false,"distributor_terms":false,"distributor_media":false,"distributor_original_site_name":"LogiBio","distributor_original_site_url":"https:\/\/nature-et-developpement.com\/logibio","push-errors":false,"_links":{"self":[{"href":"https:\/\/nature-et-developpement.com\/logibio\/wp-json\/wp\/v2\/product\/34257","targetHints":{"allow":["GET"]}}],"collection":[{"href":"https:\/\/nature-et-developpement.com\/logibio\/wp-json\/wp\/v2\/product"}],"about":[{"href":"https:\/\/nature-et-developpement.com\/logibio\/wp-json\/wp\/v2\/types\/product"}],"wp:featuredmedia":[{"embeddable":true,"href":"https:\/\/nature-et-developpement.com\/logibio\/wp-json\/"}],"wp:attachment":[{"href":"https:\/\/nature-et-developpement.com\/logibio\/wp-json\/wp\/v2\/media?parent=34257"}],"wp:term":[{"taxonomy":"product_brand","embeddable":true,"href":"https:\/\/nature-et-developpement.com\/logibio\/wp-json\/wp\/v2\/product_brand?post=34257"},{"taxonomy":"product_cat","embeddable":true,"href":"https:\/\/nature-et-developpement.com\/logibio\/wp-json\/wp\/v2\/product_cat?post=34257"},{"taxonomy":"product_tag","embeddable":true,"href":"https:\/\/nature-et-developpement.com\/logibio\/wp-json\/wp\/v2\/product_tag?post=34257"}],"curies":[{"name":"wp","href":"https:\/\/api.w.org\/{rel}","templated":true}]}}