{"id":34280,"date":"2025-03-18T10:12:35","date_gmt":"2025-03-18T09:12:35","guid":{"rendered":"https:\/\/nature-et-developpement.com\/logibio\/produit\/isolant-rigide-chants-droits-steicotherm-dry\/"},"modified":"2026-03-03T22:53:29","modified_gmt":"2026-03-03T21:53:29","slug":"isolant-rigide-chants-droits-steicotherm-dry","status":"publish","type":"product","link":"https:\/\/nature-et-developpement.com\/logibio\/produit\/isolant-rigide-chants-droits-steicotherm-dry\/","title":{"rendered":"STEICO therm DRY &#8211; Isolant rigide chants droits"},"content":{"rendered":"<h3>STEICO<i>therm dry chants droits<\/i><\/h3>\n<h3>Isolant rigide<\/h3>\n<p>Panneau isolant en fibre de bois aux multiples applications<\/p>\n<div>\n<p>\u2022 Disponible avec rainures et languettes, feuillures ou chants droits<\/p>\n<p>\u2022 Fabriqu\u00e9 en processus sec<\/p>\n<p>\u2022 Panneau isolant particuli\u00e8rement l\u00e9ger et r\u00e9sistant<\/p>\n<p>\u2022 Les isolants STEICO assurent un climat int\u00e9rieur optimal en toute saison<\/p>\n<p>\u2022 Tr\u00e8s ouvert \u00e0 la diffusion de vapeur d&rsquo;eau<\/p>\n<p>\u2022 Participe \u00e0 la r\u00e9gulation hygrothermique de l&rsquo;habitat<\/p>\n<h3>Caract\u00e9ristiques techniques<\/h3>\n<table width=\"949\">\n<tbody>\n<tr>\n<td>Produit et certifi\u00e9 selon<\/td>\n<td>NF EN 13171<\/td>\n<\/tr>\n<tr>\n<td>Marquage<\/td>\n<td>WF \u2013 EN 13171 \u2013 T5 \u2013 CS(10Y)50 \u2013 TR10 \u2013 WS1,0 \u2013 MU3<\/td>\n<\/tr>\n<tr>\n<td>R\u00e9action au feu selon norme EN 13501-1<\/td>\n<td>E<\/td>\n<\/tr>\n<tr>\n<td>Conductivit\u00e9 thermique \u03bbD [W\/(m*K)]<\/td>\n<td>0,037<\/td>\n<\/tr>\n<tr>\n<td>Conductivit\u00e9 thermique \u03bb ACERMI [W\/(m*K)]<\/td>\n<td>0,039<\/td>\n<\/tr>\n<tr>\n<td>Conductivit\u00e9 thermique \u03bb ACERMI [W\/(m*K)]<\/td>\n<td>0,039<\/td>\n<\/tr>\n<tr>\n<td>R\u00e9sistance thermique RD [(m\u00b2*K)\/W]<\/td>\n<td>1,05(40) \/ 1,60(60) \/ 2,15(80) \/ 2,70(100) \/ 3,20(120) \/ 3,75(140) \/ 4,30(160) \/ 4,85(180) \/ 5,40(200) \/5,90(220) \/ 6,45(240) \/ 7,00(260) \/ 7,80(280) \/ 8,10(300)<\/td>\n<\/tr>\n<tr>\n<td>R\u00e9sistance thermique R ACERMI [(m\u00b2*K)\/W]<\/td>\n<td>1,00(40) \/ 1,50(60) \/ 2,05(80) \/ 2,55(100) \/ 3,05(120) \/ 3,55(140) \/ 4,10(160) \/ 4,60(180) \/ 5,10(200) \/ 5,60(220)\/ 6,15(240) \/ 6,65(260) \/ 7,15(280) \/ 7,65(300)<\/td>\n<\/tr>\n<tr>\n<td>Masse volumique [kg\/m\u00b3]<\/td>\n<td>env. 110<\/td>\n<\/tr>\n<tr>\n<td>Facteur de r\u00e9sistance \u00e0 la diffusion de vapeur d\u2018eau \u03bc<\/td>\n<td>3<\/td>\n<\/tr>\n<tr>\n<td>Valeur sd [m]<\/td>\n<td>0,12(40) \/ 0,18( 60) \/ 0,24(80) \/ 0,3(100) \/ 0,36(120) \/0,42(140) \/ 0,48(160) \/ 0,54(180) \/ 0,6(200) \/0,66 (220) \/ 0,72(240) \/ 0,78(260) \/ 0,84(280) \/ 0,90(300)<\/td>\n<\/tr>\n<tr>\n<td>Absorption d&rsquo;eau \u00e0 court terme [kg\/m\u00b2]<\/td>\n<td>\u2264 1,0<\/td>\n<\/tr>\n<tr>\n<td>Capacit\u00e9 thermique massique [J\/(kg*K)]<\/td>\n<td>2.100<\/td>\n<\/tr>\n<tr>\n<td>R\u00e9sistance \u00e0 la flexion \u00e0 10 % de compression [N\/mm\u00b2]<\/td>\n<td>0,05<\/td>\n<\/tr>\n<tr>\n<td>R\u00e9sistance \u00e0 la compression [kPa]<\/td>\n<td>50<\/td>\n<\/tr>\n<tr>\n<td>R\u00e9sistance \u00e0 la traction perpendiculaire aux faces [kPa]<\/td>\n<td>10<\/td>\n<\/tr>\n<tr>\n<td>Composants<\/td>\n<td>Fibre de bois, r\u00e9sine polyur\u00e9thane, paraffine<\/td>\n<\/tr>\n<tr>\n<td>Code de recyclage (EAK)<\/td>\n<td>030105 \/ 170201<\/td>\n<\/tr>\n<\/tbody>\n<\/table>\n<\/div>\n","protected":false},"excerpt":{"rendered":"<p>Panneau polyvalent en fibre de bois chants droits<br \/>\nPanneau isolant particuli\u00e8rement l\u00e9ger et r\u00e9sistant<br \/>\nProt\u00e8ge parfaitement du froid comme de la chaleur<br \/>\nFabriqu\u00e9 en processus sec<\/p>\n<p><strong>Certification ACERMI<\/strong><br \/>\n<span style=\"color: #2aa4a9\"><em><strong>\u00c9ligible aux aides gouvernementales<\/strong><\/em><\/span><\/p>\n","protected":false},"featured_media":1000000166142,"template":"","meta":[],"product_brand":[2714],"product_cat":[4282,4283,4284],"product_tag":[4291],"class_list":{"0":"post-34280","1":"product","2":"type-product","3":"status-publish","4":"has-post-thumbnail","6":"product_brand-steico","7":"product_cat-isolation-exterieure","8":"product_cat-isolation-interieure","9":"product_cat-isolation-phonique","10":"product_tag-fibre-de-bois","12":"first","13":"instock","14":"taxable","15":"shipping-taxable","16":"purchasable","17":"product-type-variable"},"yoast_head":"<!-- This site is optimized with the Yoast SEO plugin v27.5 - https:\/\/yoast.com\/product\/yoast-seo-wordpress\/ -->\n<title>STEICO therm DRY - Isolant rigide chants droits<\/title>\n<meta name=\"description\" content=\"Panneau polyvalent en fibre de bois chants droits Panneau isolant particuli\u00e8rement l\u00e9ger et r\u00e9sistant Prot\u00e8ge parfaitement du froid comme de la chaleur Fabriqu\u00e9 en processus sec Certification ACERMI \u00c9ligible aux aides gouvernementales\" \/>\n<meta name=\"robots\" content=\"noindex, nofollow\" \/>\n<meta property=\"og:locale\" content=\"fr_FR\" \/>\n<meta property=\"og:type\" content=\"article\" \/>\n<meta property=\"og:title\" content=\"STEICO therm DRY - Isolant rigide chants droits\" \/>\n<meta property=\"og:description\" content=\"Panneau polyvalent en fibre de bois chants droits Panneau isolant particuli\u00e8rement l\u00e9ger et r\u00e9sistant Prot\u00e8ge parfaitement du froid comme de la chaleur Fabriqu\u00e9 en processus sec Certification ACERMI \u00c9ligible aux aides gouvernementales\" \/>\n<meta property=\"og:url\" content=\"https:\/\/nature-et-developpement.com\/logibio\/produit\/isolant-rigide-chants-droits-steicotherm-dry\/\" \/>\n<meta property=\"og:site_name\" content=\"LogiBio\" \/>\n<meta property=\"article:publisher\" content=\"https:\/\/www.facebook.com\/LogiBio-104633131528471\" \/>\n<meta property=\"article:modified_time\" content=\"2026-03-03T21:53:29+00:00\" \/>\n<meta name=\"twitter:card\" content=\"summary_large_image\" \/>\n<meta name=\"twitter:label1\" content=\"Dur\u00e9e de lecture estim\u00e9e\" \/>\n\t<meta name=\"twitter:data1\" content=\"1 minute\" \/>\n<script type=\"application\/ld+json\" class=\"yoast-schema-graph\">{\"@context\":\"https:\\\/\\\/schema.org\",\"@graph\":[{\"@type\":\"WebPage\",\"@id\":\"https:\\\/\\\/nature-et-developpement.com\\\/logibio\\\/produit\\\/isolant-rigide-chants-droits-steicotherm-dry\\\/\",\"url\":\"https:\\\/\\\/nature-et-developpement.com\\\/logibio\\\/produit\\\/isolant-rigide-chants-droits-steicotherm-dry\\\/\",\"name\":\"STEICO therm DRY - Isolant rigide chants droits\",\"isPartOf\":{\"@id\":\"https:\\\/\\\/nature-et-developpement.com\\\/logibio\\\/#website\"},\"primaryImageOfPage\":{\"@id\":\"https:\\\/\\\/nature-et-developpement.com\\\/logibio\\\/produit\\\/isolant-rigide-chants-droits-steicotherm-dry\\\/#primaryimage\"},\"image\":{\"@id\":\"https:\\\/\\\/nature-et-developpement.com\\\/logibio\\\/produit\\\/isolant-rigide-chants-droits-steicotherm-dry\\\/#primaryimage\"},\"thumbnailUrl\":\"https:\\\/\\\/nature-et-developpement.com\\\/logibio\\\/wp-content\\\/uploads\\\/Isolant-rigide-chants-droits-STEICO-therm-DRY.jpg\",\"datePublished\":\"2025-03-18T09:12:35+00:00\",\"dateModified\":\"2026-03-03T21:53:29+00:00\",\"description\":\"Panneau polyvalent en fibre de bois chants droits Panneau isolant particuli\u00e8rement l\u00e9ger et r\u00e9sistant Prot\u00e8ge parfaitement du froid comme de la chaleur Fabriqu\u00e9 en processus sec Certification ACERMI \u00c9ligible aux aides gouvernementales\",\"breadcrumb\":{\"@id\":\"https:\\\/\\\/nature-et-developpement.com\\\/logibio\\\/produit\\\/isolant-rigide-chants-droits-steicotherm-dry\\\/#breadcrumb\"},\"inLanguage\":\"fr-FR\",\"potentialAction\":[{\"@type\":\"ReadAction\",\"target\":[\"https:\\\/\\\/nature-et-developpement.com\\\/logibio\\\/produit\\\/isolant-rigide-chants-droits-steicotherm-dry\\\/\"]}]},{\"@type\":\"ImageObject\",\"inLanguage\":\"fr-FR\",\"@id\":\"https:\\\/\\\/nature-et-developpement.com\\\/logibio\\\/produit\\\/isolant-rigide-chants-droits-steicotherm-dry\\\/#primaryimage\",\"url\":\"https:\\\/\\\/nature-et-developpement.com\\\/logibio\\\/wp-content\\\/uploads\\\/Isolant-rigide-chants-droits-STEICO-therm-DRY.jpg\",\"contentUrl\":\"https:\\\/\\\/nature-et-developpement.com\\\/logibio\\\/wp-content\\\/uploads\\\/Isolant-rigide-chants-droits-STEICO-therm-DRY.jpg\"},{\"@type\":\"BreadcrumbList\",\"@id\":\"https:\\\/\\\/nature-et-developpement.com\\\/logibio\\\/produit\\\/isolant-rigide-chants-droits-steicotherm-dry\\\/#breadcrumb\",\"itemListElement\":[{\"@type\":\"ListItem\",\"position\":1,\"name\":\"Accueil\",\"item\":\"https:\\\/\\\/nature-et-developpement.com\\\/logibio\\\/\"},{\"@type\":\"ListItem\",\"position\":2,\"name\":\"Contacter LogiBio\",\"item\":\"https:\\\/\\\/nature-et-developpement.com\\\/logibio\\\/contact\\\/\"},{\"@type\":\"ListItem\",\"position\":3,\"name\":\"Isolation et \u00e9tanch\u00e9it\u00e9\",\"item\":\"https:\\\/\\\/nature-et-developpement.com\\\/logibio\\\/produits\\\/isolation-et-etancheite\\\/\"},{\"@type\":\"ListItem\",\"position\":4,\"name\":\"Isolation ext\u00e9rieure\",\"item\":\"https:\\\/\\\/nature-et-developpement.com\\\/logibio\\\/produits\\\/isolation-et-etancheite\\\/isolation-exterieure\\\/\"},{\"@type\":\"ListItem\",\"position\":5,\"name\":\"STEICO therm DRY &#8211; Isolant rigide chants droits\"}]},{\"@type\":\"WebSite\",\"@id\":\"https:\\\/\\\/nature-et-developpement.com\\\/logibio\\\/#website\",\"url\":\"https:\\\/\\\/nature-et-developpement.com\\\/logibio\\\/\",\"name\":\"LogiBio\",\"description\":\"LogiBio fait partie du groupement Nature &amp; D\u00e9veloppement.\",\"publisher\":{\"@id\":\"https:\\\/\\\/nature-et-developpement.com\\\/logibio\\\/#organization\"},\"potentialAction\":[{\"@type\":\"SearchAction\",\"target\":{\"@type\":\"EntryPoint\",\"urlTemplate\":\"https:\\\/\\\/nature-et-developpement.com\\\/logibio\\\/?s={search_term_string}\"},\"query-input\":{\"@type\":\"PropertyValueSpecification\",\"valueRequired\":true,\"valueName\":\"search_term_string\"}}],\"inLanguage\":\"fr-FR\"},{\"@type\":\"Organization\",\"@id\":\"https:\\\/\\\/nature-et-developpement.com\\\/logibio\\\/#organization\",\"name\":\"LogiBio\",\"url\":\"https:\\\/\\\/nature-et-developpement.com\\\/logibio\\\/\",\"logo\":{\"@type\":\"ImageObject\",\"inLanguage\":\"fr-FR\",\"@id\":\"https:\\\/\\\/nature-et-developpement.com\\\/logibio\\\/#\\\/schema\\\/logo\\\/image\\\/\",\"url\":\"https:\\\/\\\/nature-et-developpement.com\\\/logibio\\\/wp-content\\\/uploads\\\/sites\\\/20\\\/2021\\\/09\\\/cropped-Logo_LogiBio_150-150-1.jpg\",\"contentUrl\":\"https:\\\/\\\/nature-et-developpement.com\\\/logibio\\\/wp-content\\\/uploads\\\/sites\\\/20\\\/2021\\\/09\\\/cropped-Logo_LogiBio_150-150-1.jpg\",\"width\":150,\"height\":112,\"caption\":\"LogiBio\"},\"image\":{\"@id\":\"https:\\\/\\\/nature-et-developpement.com\\\/logibio\\\/#\\\/schema\\\/logo\\\/image\\\/\"},\"sameAs\":[\"https:\\\/\\\/www.facebook.com\\\/LogiBio-104633131528471\",\"https:\\\/\\\/www.instagram.com\\\/logibio\\\/\"]}]}<\/script>\n<!-- \/ Yoast SEO plugin. -->","yoast_head_json":{"title":"STEICO therm DRY - Isolant rigide chants droits","description":"Panneau polyvalent en fibre de bois chants droits Panneau isolant particuli\u00e8rement l\u00e9ger et r\u00e9sistant Prot\u00e8ge parfaitement du froid comme de la chaleur Fabriqu\u00e9 en processus sec Certification ACERMI \u00c9ligible aux aides gouvernementales","robots":{"index":"noindex","follow":"nofollow"},"og_locale":"fr_FR","og_type":"article","og_title":"STEICO therm DRY - Isolant rigide chants droits","og_description":"Panneau polyvalent en fibre de bois chants droits Panneau isolant particuli\u00e8rement l\u00e9ger et r\u00e9sistant Prot\u00e8ge parfaitement du froid comme de la chaleur Fabriqu\u00e9 en processus sec Certification ACERMI \u00c9ligible aux aides gouvernementales","og_url":"https:\/\/nature-et-developpement.com\/logibio\/produit\/isolant-rigide-chants-droits-steicotherm-dry\/","og_site_name":"LogiBio","article_publisher":"https:\/\/www.facebook.com\/LogiBio-104633131528471","article_modified_time":"2026-03-03T21:53:29+00:00","twitter_card":"summary_large_image","twitter_misc":{"Dur\u00e9e de lecture estim\u00e9e":"1 minute"},"schema":{"@context":"https:\/\/schema.org","@graph":[{"@type":"WebPage","@id":"https:\/\/nature-et-developpement.com\/logibio\/produit\/isolant-rigide-chants-droits-steicotherm-dry\/","url":"https:\/\/nature-et-developpement.com\/logibio\/produit\/isolant-rigide-chants-droits-steicotherm-dry\/","name":"STEICO therm DRY - Isolant rigide chants droits","isPartOf":{"@id":"https:\/\/nature-et-developpement.com\/logibio\/#website"},"primaryImageOfPage":{"@id":"https:\/\/nature-et-developpement.com\/logibio\/produit\/isolant-rigide-chants-droits-steicotherm-dry\/#primaryimage"},"image":{"@id":"https:\/\/nature-et-developpement.com\/logibio\/produit\/isolant-rigide-chants-droits-steicotherm-dry\/#primaryimage"},"thumbnailUrl":"https:\/\/nature-et-developpement.com\/logibio\/wp-content\/uploads\/Isolant-rigide-chants-droits-STEICO-therm-DRY.jpg","datePublished":"2025-03-18T09:12:35+00:00","dateModified":"2026-03-03T21:53:29+00:00","description":"Panneau polyvalent en fibre de bois chants droits Panneau isolant particuli\u00e8rement l\u00e9ger et r\u00e9sistant Prot\u00e8ge parfaitement du froid comme de la chaleur Fabriqu\u00e9 en processus sec Certification ACERMI \u00c9ligible aux aides gouvernementales","breadcrumb":{"@id":"https:\/\/nature-et-developpement.com\/logibio\/produit\/isolant-rigide-chants-droits-steicotherm-dry\/#breadcrumb"},"inLanguage":"fr-FR","potentialAction":[{"@type":"ReadAction","target":["https:\/\/nature-et-developpement.com\/logibio\/produit\/isolant-rigide-chants-droits-steicotherm-dry\/"]}]},{"@type":"ImageObject","inLanguage":"fr-FR","@id":"https:\/\/nature-et-developpement.com\/logibio\/produit\/isolant-rigide-chants-droits-steicotherm-dry\/#primaryimage","url":"https:\/\/nature-et-developpement.com\/logibio\/wp-content\/uploads\/Isolant-rigide-chants-droits-STEICO-therm-DRY.jpg","contentUrl":"https:\/\/nature-et-developpement.com\/logibio\/wp-content\/uploads\/Isolant-rigide-chants-droits-STEICO-therm-DRY.jpg"},{"@type":"BreadcrumbList","@id":"https:\/\/nature-et-developpement.com\/logibio\/produit\/isolant-rigide-chants-droits-steicotherm-dry\/#breadcrumb","itemListElement":[{"@type":"ListItem","position":1,"name":"Accueil","item":"https:\/\/nature-et-developpement.com\/logibio\/"},{"@type":"ListItem","position":2,"name":"Contacter LogiBio","item":"https:\/\/nature-et-developpement.com\/logibio\/contact\/"},{"@type":"ListItem","position":3,"name":"Isolation et \u00e9tanch\u00e9it\u00e9","item":"https:\/\/nature-et-developpement.com\/logibio\/produits\/isolation-et-etancheite\/"},{"@type":"ListItem","position":4,"name":"Isolation ext\u00e9rieure","item":"https:\/\/nature-et-developpement.com\/logibio\/produits\/isolation-et-etancheite\/isolation-exterieure\/"},{"@type":"ListItem","position":5,"name":"STEICO therm DRY &#8211; Isolant rigide chants droits"}]},{"@type":"WebSite","@id":"https:\/\/nature-et-developpement.com\/logibio\/#website","url":"https:\/\/nature-et-developpement.com\/logibio\/","name":"LogiBio","description":"LogiBio fait partie du groupement Nature &amp; D\u00e9veloppement.","publisher":{"@id":"https:\/\/nature-et-developpement.com\/logibio\/#organization"},"potentialAction":[{"@type":"SearchAction","target":{"@type":"EntryPoint","urlTemplate":"https:\/\/nature-et-developpement.com\/logibio\/?s={search_term_string}"},"query-input":{"@type":"PropertyValueSpecification","valueRequired":true,"valueName":"search_term_string"}}],"inLanguage":"fr-FR"},{"@type":"Organization","@id":"https:\/\/nature-et-developpement.com\/logibio\/#organization","name":"LogiBio","url":"https:\/\/nature-et-developpement.com\/logibio\/","logo":{"@type":"ImageObject","inLanguage":"fr-FR","@id":"https:\/\/nature-et-developpement.com\/logibio\/#\/schema\/logo\/image\/","url":"https:\/\/nature-et-developpement.com\/logibio\/wp-content\/uploads\/sites\/20\/2021\/09\/cropped-Logo_LogiBio_150-150-1.jpg","contentUrl":"https:\/\/nature-et-developpement.com\/logibio\/wp-content\/uploads\/sites\/20\/2021\/09\/cropped-Logo_LogiBio_150-150-1.jpg","width":150,"height":112,"caption":"LogiBio"},"image":{"@id":"https:\/\/nature-et-developpement.com\/logibio\/#\/schema\/logo\/image\/"},"sameAs":["https:\/\/www.facebook.com\/LogiBio-104633131528471","https:\/\/www.instagram.com\/logibio\/"]}]}},"distributor_meta":false,"distributor_terms":false,"distributor_media":false,"distributor_original_site_name":"LogiBio","distributor_original_site_url":"https:\/\/nature-et-developpement.com\/logibio","push-errors":false,"_links":{"self":[{"href":"https:\/\/nature-et-developpement.com\/logibio\/wp-json\/wp\/v2\/product\/34280","targetHints":{"allow":["GET"]}}],"collection":[{"href":"https:\/\/nature-et-developpement.com\/logibio\/wp-json\/wp\/v2\/product"}],"about":[{"href":"https:\/\/nature-et-developpement.com\/logibio\/wp-json\/wp\/v2\/types\/product"}],"wp:featuredmedia":[{"embeddable":true,"href":"https:\/\/nature-et-developpement.com\/logibio\/wp-json\/"}],"wp:attachment":[{"href":"https:\/\/nature-et-developpement.com\/logibio\/wp-json\/wp\/v2\/media?parent=34280"}],"wp:term":[{"taxonomy":"product_brand","embeddable":true,"href":"https:\/\/nature-et-developpement.com\/logibio\/wp-json\/wp\/v2\/product_brand?post=34280"},{"taxonomy":"product_cat","embeddable":true,"href":"https:\/\/nature-et-developpement.com\/logibio\/wp-json\/wp\/v2\/product_cat?post=34280"},{"taxonomy":"product_tag","embeddable":true,"href":"https:\/\/nature-et-developpement.com\/logibio\/wp-json\/wp\/v2\/product_tag?post=34280"}],"curies":[{"name":"wp","href":"https:\/\/api.w.org\/{rel}","templated":true}]}}