{"id":34417,"date":"2025-07-16T09:43:19","date_gmt":"2025-07-16T07:43:19","guid":{"rendered":"https:\/\/nature-et-developpement.com\/logibio\/?post_type=product&#038;p=34417"},"modified":"2025-07-18T17:27:34","modified_gmt":"2025-07-18T15:27:34","slug":"nettoyant-depots-verts-ecosenza-5-l","status":"publish","type":"product","link":"https:\/\/nature-et-developpement.com\/logibio\/produit\/nettoyant-depots-verts-ecosenza-5-l\/","title":{"rendered":"Nettoyant d\u00e9p\u00f4ts verts Ecosenza 5 L"},"content":{"rendered":"<h2>ECOSENZA \u2013 Nettoyant D\u00e9p\u00f4ts Verts<\/h2>\n<p><strong data-start=\"199\" data-end=\"211\">ECOSENZA<\/strong> est un nettoyant enzymatique pr\u00eat \u00e0 l\u2019emploi, sp\u00e9cialement con\u00e7u pour \u00e9liminer naturellement mousses et d\u00e9p\u00f4ts verts sur toutes vos surfaces ext\u00e9rieures. Sans rin\u00e7age, sans frottage : il agit efficacement, en toute simplicit\u00e9.<\/p>\n<h3 class=\"fusion-responsive-typography-calculated\" data-fontsize=\"30\" data-lineheight=\"36px\">Caract\u00e9ristiques techniques<\/h3>\n<ul>\n<li><strong>Type :<\/strong>\u00a0Nettoyant enzymatique pr\u00eat \u00e0 l\u2019emploi<\/li>\n<li><strong>Usage :<\/strong> \u00c9limination des d\u00e9p\u00f4ts verts, mousses, etc&#8230;<\/li>\n<li><strong>Compatibilit\u00e9 :<\/strong>\u00a0Bois, pierres tombales, klinkers, cl\u00f4tures, carrelage, pierre (sauf pierre bleue et pierres naturelles), murs, ch\u00e2ssis de fen\u00eatres, mobilier de jardin, statues, pots en terre cuite, abords de piscine<\/li>\n<li><strong>Action :<\/strong>\u00a0Longue dur\u00e9e, sans frotter ni rincer<\/li>\n<li><strong>Temps d\u2019action :<\/strong>\u00a072 heures \u00e0 1 semaine<\/li>\n<li><strong>Temp\u00e9rature minimale d\u2019application :<\/strong>\u00a05\u00b0C<\/li>\n<li><strong>Conditionnement :<\/strong>\u00a0Bidon de 5 L<\/li>\n<li><strong>Rendement :<\/strong> Jusqu\u2019\u00e0 10m\u00b2\/L<\/li>\n<\/ul>\n<h3 class=\"fusion-responsive-typography-calculated\" data-fontsize=\"30\" data-lineheight=\"36px\">Propri\u00e9t\u00e9s<\/h3>\n<ul>\n<li>\u00c9limine efficacement les d\u00e9p\u00f4ts verts, mousses, etc&#8230;<\/li>\n<li>Application rapide et facile<\/li>\n<li>Action longue dur\u00e9e<\/li>\n<li>Ne contient ni javel, ni peroxyde d\u2019hydrog\u00e8ne, ni p\u00e9trochimie<\/li>\n<li>Formule 98% biod\u00e9gradable<\/li>\n<\/ul>\n<h3 class=\"fusion-responsive-typography-calculated\" data-fontsize=\"30\" data-lineheight=\"36px\">Mode d\u2019application<\/h3>\n<ul>\n<li>Appliquer sur un support sec avec un pulv\u00e9risateur de jardin<\/li>\n<li>Laisser agir sans frotter ni rincer<\/li>\n<li>Pr\u00e9voir 2-3 jours sans pluie apr\u00e8s application<\/li>\n<\/ul>\n<h3 class=\"fusion-responsive-typography-calculated\" data-fontsize=\"30\" data-lineheight=\"36px\">Nettoyage du mat\u00e9riel<\/h3>\n<ul>\n<li>Laver les ustensiles de travail avec de l\u2019eau et du savon v\u00e9g\u00e9tal<\/li>\n<\/ul>\n<h3 class=\"fusion-responsive-typography-calculated\" data-fontsize=\"30\" data-lineheight=\"36px\">Conservation &amp; Stockage<\/h3>\n<ul>\n<li>Stocker en un endroit frais, sec et hors gel<\/li>\n<li>Conserver dans un contenant propre et d\u00e9pourvu de rouille<\/li>\n<li>Longue dur\u00e9e de conservation si non endommag\u00e9<\/li>\n<\/ul>\n<h3 class=\"fusion-responsive-typography-calculated\" data-fontsize=\"30\" data-lineheight=\"36px\">Composition<\/h3>\n<ul>\n<li><strong>Ingr\u00e9dients :<\/strong> Eau, agents de surface amphot\u00e8res, sodium benzoate, lactate d\u2019\u00e9thyle, huiles essentielles, amylase, acide lactique, lipase, cellulase, mannanase<\/li>\n<\/ul>\n<h3 class=\"fusion-responsive-typography-calculated\" data-fontsize=\"30\" data-lineheight=\"36px\">Consignes de s\u00e9curit\u00e9<\/h3>\n<ul>\n<li>Tenir hors de port\u00e9e des enfants<\/li>\n<li>Se laver les mains apr\u00e8s utilisation<\/li>\n<li>Provoque une s\u00e9v\u00e8re irritation des yeux<\/li>\n<li>En cas de contact avec les yeux, rincer abondamment avec de l\u2019eau pendant plusieurs minutes. Si l\u2019irritation persiste, consulter un m\u00e9decin<\/li>\n<li>\u00c9viter le rejet dans l\u2019environnement<\/li>\n<li>\u00c9liminer le contenu\/r\u00e9cipient dans une installation de recyclage ou d\u2019\u00e9limination des d\u00e9chets agr\u00e9\u00e9e<\/li>\n<\/ul>\n","protected":false},"excerpt":{"rendered":"<p>Nettoyant enzymatique pr\u00eat \u00e0 l\u2019emploi, ECOSENZA \u00e9limine efficacement mousses et d\u00e9p\u00f4ts verts sur toutes les surfaces ext\u00e9rieures. Sans frottement, sans rin\u00e7age.<\/p>\n","protected":false},"featured_media":34454,"template":"","meta":[],"product_brand":[4781],"product_cat":[2814,452],"product_tag":[4783,4782,4784],"class_list":{"0":"post-34417","1":"product","2":"type-product","3":"status-publish","4":"has-post-thumbnail","6":"product_brand-ecosenza","7":"product_cat-demande-de-devis-uniquement-avec-prix","8":"product_cat-droguerie","9":"product_tag-exterieur","10":"product_tag-nettoyant-enzymatique","11":"product_tag-sans-rincage","13":"first","14":"instock","15":"taxable","16":"shipping-taxable","17":"purchasable","18":"product-type-simple"},"yoast_head":"<!-- This site is optimized with the Yoast SEO plugin v27.5 - https:\/\/yoast.com\/product\/yoast-seo-wordpress\/ -->\n<title>Nettoyant d\u00e9p\u00f4ts verts Ecosenza 5 L<\/title>\n<meta name=\"description\" content=\"Nettoyant enzymatique pr\u00eat \u00e0 l\u2019emploi, ECOSENZA \u00e9limine efficacement mousses et d\u00e9p\u00f4ts verts sur toutes les surfaces ext\u00e9rieures. Sans frottement, sans rin\u00e7age.\" \/>\n<meta name=\"robots\" content=\"noindex, follow\" \/>\n<meta property=\"og:locale\" content=\"fr_FR\" \/>\n<meta property=\"og:type\" content=\"article\" \/>\n<meta property=\"og:title\" content=\"Nettoyant d\u00e9p\u00f4ts verts Ecosenza 5 L\" \/>\n<meta property=\"og:description\" content=\"Nettoyant enzymatique pr\u00eat \u00e0 l\u2019emploi, ECOSENZA \u00e9limine efficacement mousses et d\u00e9p\u00f4ts verts sur toutes les surfaces ext\u00e9rieures. Sans frottement, sans rin\u00e7age.\" \/>\n<meta property=\"og:url\" content=\"https:\/\/nature-et-developpement.com\/logibio\/produit\/nettoyant-depots-verts-ecosenza-5-l\/\" \/>\n<meta property=\"og:site_name\" content=\"LogiBio\" \/>\n<meta property=\"article:publisher\" content=\"https:\/\/www.facebook.com\/LogiBio-104633131528471\" \/>\n<meta property=\"article:modified_time\" content=\"2025-07-18T15:27:34+00:00\" \/>\n<meta property=\"og:image\" content=\"https:\/\/nature-et-developpement.com\/logibio\/wp-content\/uploads\/sites\/20\/2025\/07\/depots-verts-202505150858204151.jpg\" \/>\n\t<meta property=\"og:image:width\" content=\"800\" \/>\n\t<meta property=\"og:image:height\" content=\"800\" \/>\n\t<meta property=\"og:image:type\" content=\"image\/jpeg\" \/>\n<meta name=\"twitter:card\" content=\"summary_large_image\" \/>\n<meta name=\"twitter:label1\" content=\"Dur\u00e9e de lecture estim\u00e9e\" \/>\n\t<meta name=\"twitter:data1\" content=\"2 minutes\" \/>\n<script type=\"application\/ld+json\" class=\"yoast-schema-graph\">{\"@context\":\"https:\\\/\\\/schema.org\",\"@graph\":[{\"@type\":\"WebPage\",\"@id\":\"https:\\\/\\\/nature-et-developpement.com\\\/logibio\\\/produit\\\/nettoyant-depots-verts-ecosenza-5-l\\\/\",\"url\":\"https:\\\/\\\/nature-et-developpement.com\\\/logibio\\\/produit\\\/nettoyant-depots-verts-ecosenza-5-l\\\/\",\"name\":\"Nettoyant d\u00e9p\u00f4ts verts Ecosenza 5 L\",\"isPartOf\":{\"@id\":\"https:\\\/\\\/nature-et-developpement.com\\\/logibio\\\/#website\"},\"primaryImageOfPage\":{\"@id\":\"https:\\\/\\\/nature-et-developpement.com\\\/logibio\\\/produit\\\/nettoyant-depots-verts-ecosenza-5-l\\\/#primaryimage\"},\"image\":{\"@id\":\"https:\\\/\\\/nature-et-developpement.com\\\/logibio\\\/produit\\\/nettoyant-depots-verts-ecosenza-5-l\\\/#primaryimage\"},\"thumbnailUrl\":\"https:\\\/\\\/nature-et-developpement.com\\\/logibio\\\/wp-content\\\/uploads\\\/sites\\\/20\\\/2025\\\/07\\\/depots-verts-202505150858204151.jpg\",\"datePublished\":\"2025-07-16T07:43:19+00:00\",\"dateModified\":\"2025-07-18T15:27:34+00:00\",\"description\":\"Nettoyant enzymatique pr\u00eat \u00e0 l\u2019emploi, ECOSENZA \u00e9limine efficacement mousses et d\u00e9p\u00f4ts verts sur toutes les surfaces ext\u00e9rieures. Sans frottement, sans rin\u00e7age.\",\"breadcrumb\":{\"@id\":\"https:\\\/\\\/nature-et-developpement.com\\\/logibio\\\/produit\\\/nettoyant-depots-verts-ecosenza-5-l\\\/#breadcrumb\"},\"inLanguage\":\"fr-FR\",\"potentialAction\":[{\"@type\":\"ReadAction\",\"target\":[\"https:\\\/\\\/nature-et-developpement.com\\\/logibio\\\/produit\\\/nettoyant-depots-verts-ecosenza-5-l\\\/\"]}]},{\"@type\":\"ImageObject\",\"inLanguage\":\"fr-FR\",\"@id\":\"https:\\\/\\\/nature-et-developpement.com\\\/logibio\\\/produit\\\/nettoyant-depots-verts-ecosenza-5-l\\\/#primaryimage\",\"url\":\"https:\\\/\\\/nature-et-developpement.com\\\/logibio\\\/wp-content\\\/uploads\\\/sites\\\/20\\\/2025\\\/07\\\/depots-verts-202505150858204151.jpg\",\"contentUrl\":\"https:\\\/\\\/nature-et-developpement.com\\\/logibio\\\/wp-content\\\/uploads\\\/sites\\\/20\\\/2025\\\/07\\\/depots-verts-202505150858204151.jpg\",\"width\":800,\"height\":800},{\"@type\":\"BreadcrumbList\",\"@id\":\"https:\\\/\\\/nature-et-developpement.com\\\/logibio\\\/produit\\\/nettoyant-depots-verts-ecosenza-5-l\\\/#breadcrumb\",\"itemListElement\":[{\"@type\":\"ListItem\",\"position\":1,\"name\":\"Accueil\",\"item\":\"https:\\\/\\\/nature-et-developpement.com\\\/logibio\\\/\"},{\"@type\":\"ListItem\",\"position\":2,\"name\":\"Contacter LogiBio\",\"item\":\"https:\\\/\\\/nature-et-developpement.com\\\/logibio\\\/contact\\\/\"},{\"@type\":\"ListItem\",\"position\":3,\"name\":\"Droguerie et outils\",\"item\":\"https:\\\/\\\/nature-et-developpement.com\\\/logibio\\\/produits\\\/droguerie-et-outils\\\/\"},{\"@type\":\"ListItem\",\"position\":4,\"name\":\"Droguerie\",\"item\":\"https:\\\/\\\/nature-et-developpement.com\\\/logibio\\\/produits\\\/droguerie-et-outils\\\/droguerie\\\/\"},{\"@type\":\"ListItem\",\"position\":5,\"name\":\"Nettoyant d\u00e9p\u00f4ts verts Ecosenza 5 L\"}]},{\"@type\":\"WebSite\",\"@id\":\"https:\\\/\\\/nature-et-developpement.com\\\/logibio\\\/#website\",\"url\":\"https:\\\/\\\/nature-et-developpement.com\\\/logibio\\\/\",\"name\":\"LogiBio\",\"description\":\"LogiBio fait partie du groupement Nature &amp; D\u00e9veloppement.\",\"publisher\":{\"@id\":\"https:\\\/\\\/nature-et-developpement.com\\\/logibio\\\/#organization\"},\"potentialAction\":[{\"@type\":\"SearchAction\",\"target\":{\"@type\":\"EntryPoint\",\"urlTemplate\":\"https:\\\/\\\/nature-et-developpement.com\\\/logibio\\\/?s={search_term_string}\"},\"query-input\":{\"@type\":\"PropertyValueSpecification\",\"valueRequired\":true,\"valueName\":\"search_term_string\"}}],\"inLanguage\":\"fr-FR\"},{\"@type\":\"Organization\",\"@id\":\"https:\\\/\\\/nature-et-developpement.com\\\/logibio\\\/#organization\",\"name\":\"LogiBio\",\"url\":\"https:\\\/\\\/nature-et-developpement.com\\\/logibio\\\/\",\"logo\":{\"@type\":\"ImageObject\",\"inLanguage\":\"fr-FR\",\"@id\":\"https:\\\/\\\/nature-et-developpement.com\\\/logibio\\\/#\\\/schema\\\/logo\\\/image\\\/\",\"url\":\"https:\\\/\\\/nature-et-developpement.com\\\/logibio\\\/wp-content\\\/uploads\\\/sites\\\/20\\\/2021\\\/09\\\/cropped-Logo_LogiBio_150-150-1.jpg\",\"contentUrl\":\"https:\\\/\\\/nature-et-developpement.com\\\/logibio\\\/wp-content\\\/uploads\\\/sites\\\/20\\\/2021\\\/09\\\/cropped-Logo_LogiBio_150-150-1.jpg\",\"width\":150,\"height\":112,\"caption\":\"LogiBio\"},\"image\":{\"@id\":\"https:\\\/\\\/nature-et-developpement.com\\\/logibio\\\/#\\\/schema\\\/logo\\\/image\\\/\"},\"sameAs\":[\"https:\\\/\\\/www.facebook.com\\\/LogiBio-104633131528471\",\"https:\\\/\\\/www.instagram.com\\\/logibio\\\/\"]}]}<\/script>\n<!-- \/ Yoast SEO plugin. -->","yoast_head_json":{"title":"Nettoyant d\u00e9p\u00f4ts verts Ecosenza 5 L","description":"Nettoyant enzymatique pr\u00eat \u00e0 l\u2019emploi, ECOSENZA \u00e9limine efficacement mousses et d\u00e9p\u00f4ts verts sur toutes les surfaces ext\u00e9rieures. Sans frottement, sans rin\u00e7age.","robots":{"index":"noindex","follow":"follow"},"og_locale":"fr_FR","og_type":"article","og_title":"Nettoyant d\u00e9p\u00f4ts verts Ecosenza 5 L","og_description":"Nettoyant enzymatique pr\u00eat \u00e0 l\u2019emploi, ECOSENZA \u00e9limine efficacement mousses et d\u00e9p\u00f4ts verts sur toutes les surfaces ext\u00e9rieures. Sans frottement, sans rin\u00e7age.","og_url":"https:\/\/nature-et-developpement.com\/logibio\/produit\/nettoyant-depots-verts-ecosenza-5-l\/","og_site_name":"LogiBio","article_publisher":"https:\/\/www.facebook.com\/LogiBio-104633131528471","article_modified_time":"2025-07-18T15:27:34+00:00","og_image":[{"width":800,"height":800,"url":"https:\/\/nature-et-developpement.com\/logibio\/wp-content\/uploads\/sites\/20\/2025\/07\/depots-verts-202505150858204151.jpg","type":"image\/jpeg"}],"twitter_card":"summary_large_image","twitter_misc":{"Dur\u00e9e de lecture estim\u00e9e":"2 minutes"},"schema":{"@context":"https:\/\/schema.org","@graph":[{"@type":"WebPage","@id":"https:\/\/nature-et-developpement.com\/logibio\/produit\/nettoyant-depots-verts-ecosenza-5-l\/","url":"https:\/\/nature-et-developpement.com\/logibio\/produit\/nettoyant-depots-verts-ecosenza-5-l\/","name":"Nettoyant d\u00e9p\u00f4ts verts Ecosenza 5 L","isPartOf":{"@id":"https:\/\/nature-et-developpement.com\/logibio\/#website"},"primaryImageOfPage":{"@id":"https:\/\/nature-et-developpement.com\/logibio\/produit\/nettoyant-depots-verts-ecosenza-5-l\/#primaryimage"},"image":{"@id":"https:\/\/nature-et-developpement.com\/logibio\/produit\/nettoyant-depots-verts-ecosenza-5-l\/#primaryimage"},"thumbnailUrl":"https:\/\/nature-et-developpement.com\/logibio\/wp-content\/uploads\/sites\/20\/2025\/07\/depots-verts-202505150858204151.jpg","datePublished":"2025-07-16T07:43:19+00:00","dateModified":"2025-07-18T15:27:34+00:00","description":"Nettoyant enzymatique pr\u00eat \u00e0 l\u2019emploi, ECOSENZA \u00e9limine efficacement mousses et d\u00e9p\u00f4ts verts sur toutes les surfaces ext\u00e9rieures. Sans frottement, sans rin\u00e7age.","breadcrumb":{"@id":"https:\/\/nature-et-developpement.com\/logibio\/produit\/nettoyant-depots-verts-ecosenza-5-l\/#breadcrumb"},"inLanguage":"fr-FR","potentialAction":[{"@type":"ReadAction","target":["https:\/\/nature-et-developpement.com\/logibio\/produit\/nettoyant-depots-verts-ecosenza-5-l\/"]}]},{"@type":"ImageObject","inLanguage":"fr-FR","@id":"https:\/\/nature-et-developpement.com\/logibio\/produit\/nettoyant-depots-verts-ecosenza-5-l\/#primaryimage","url":"https:\/\/nature-et-developpement.com\/logibio\/wp-content\/uploads\/sites\/20\/2025\/07\/depots-verts-202505150858204151.jpg","contentUrl":"https:\/\/nature-et-developpement.com\/logibio\/wp-content\/uploads\/sites\/20\/2025\/07\/depots-verts-202505150858204151.jpg","width":800,"height":800},{"@type":"BreadcrumbList","@id":"https:\/\/nature-et-developpement.com\/logibio\/produit\/nettoyant-depots-verts-ecosenza-5-l\/#breadcrumb","itemListElement":[{"@type":"ListItem","position":1,"name":"Accueil","item":"https:\/\/nature-et-developpement.com\/logibio\/"},{"@type":"ListItem","position":2,"name":"Contacter LogiBio","item":"https:\/\/nature-et-developpement.com\/logibio\/contact\/"},{"@type":"ListItem","position":3,"name":"Droguerie et outils","item":"https:\/\/nature-et-developpement.com\/logibio\/produits\/droguerie-et-outils\/"},{"@type":"ListItem","position":4,"name":"Droguerie","item":"https:\/\/nature-et-developpement.com\/logibio\/produits\/droguerie-et-outils\/droguerie\/"},{"@type":"ListItem","position":5,"name":"Nettoyant d\u00e9p\u00f4ts verts Ecosenza 5 L"}]},{"@type":"WebSite","@id":"https:\/\/nature-et-developpement.com\/logibio\/#website","url":"https:\/\/nature-et-developpement.com\/logibio\/","name":"LogiBio","description":"LogiBio fait partie du groupement Nature &amp; D\u00e9veloppement.","publisher":{"@id":"https:\/\/nature-et-developpement.com\/logibio\/#organization"},"potentialAction":[{"@type":"SearchAction","target":{"@type":"EntryPoint","urlTemplate":"https:\/\/nature-et-developpement.com\/logibio\/?s={search_term_string}"},"query-input":{"@type":"PropertyValueSpecification","valueRequired":true,"valueName":"search_term_string"}}],"inLanguage":"fr-FR"},{"@type":"Organization","@id":"https:\/\/nature-et-developpement.com\/logibio\/#organization","name":"LogiBio","url":"https:\/\/nature-et-developpement.com\/logibio\/","logo":{"@type":"ImageObject","inLanguage":"fr-FR","@id":"https:\/\/nature-et-developpement.com\/logibio\/#\/schema\/logo\/image\/","url":"https:\/\/nature-et-developpement.com\/logibio\/wp-content\/uploads\/sites\/20\/2021\/09\/cropped-Logo_LogiBio_150-150-1.jpg","contentUrl":"https:\/\/nature-et-developpement.com\/logibio\/wp-content\/uploads\/sites\/20\/2021\/09\/cropped-Logo_LogiBio_150-150-1.jpg","width":150,"height":112,"caption":"LogiBio"},"image":{"@id":"https:\/\/nature-et-developpement.com\/logibio\/#\/schema\/logo\/image\/"},"sameAs":["https:\/\/www.facebook.com\/LogiBio-104633131528471","https:\/\/www.instagram.com\/logibio\/"]}]}},"distributor_meta":false,"distributor_terms":false,"distributor_media":false,"distributor_original_site_name":"LogiBio","distributor_original_site_url":"https:\/\/nature-et-developpement.com\/logibio","push-errors":false,"_links":{"self":[{"href":"https:\/\/nature-et-developpement.com\/logibio\/wp-json\/wp\/v2\/product\/34417","targetHints":{"allow":["GET"]}}],"collection":[{"href":"https:\/\/nature-et-developpement.com\/logibio\/wp-json\/wp\/v2\/product"}],"about":[{"href":"https:\/\/nature-et-developpement.com\/logibio\/wp-json\/wp\/v2\/types\/product"}],"wp:featuredmedia":[{"embeddable":true,"href":"https:\/\/nature-et-developpement.com\/logibio\/wp-json\/wp\/v2\/media\/34454"}],"wp:attachment":[{"href":"https:\/\/nature-et-developpement.com\/logibio\/wp-json\/wp\/v2\/media?parent=34417"}],"wp:term":[{"taxonomy":"product_brand","embeddable":true,"href":"https:\/\/nature-et-developpement.com\/logibio\/wp-json\/wp\/v2\/product_brand?post=34417"},{"taxonomy":"product_cat","embeddable":true,"href":"https:\/\/nature-et-developpement.com\/logibio\/wp-json\/wp\/v2\/product_cat?post=34417"},{"taxonomy":"product_tag","embeddable":true,"href":"https:\/\/nature-et-developpement.com\/logibio\/wp-json\/wp\/v2\/product_tag?post=34417"}],"curies":[{"name":"wp","href":"https:\/\/api.w.org\/{rel}","templated":true}]}}